{"id":7013,"date":"2025-07-16T14:16:12","date_gmt":"2025-07-16T06:16:12","guid":{"rendered":"https:\/\/www.qualitester.com\/?page_id=7013"},"modified":"2025-07-23T14:24:59","modified_gmt":"2025-07-23T06:24:59","slug":"needle-sharpness-testing","status":"publish","type":"page","link":"https:\/\/www.qualitester.com\/tr\/applications\/needle-sharpness-testing\/","title":{"rendered":"\u0130\u011fne Keskinli\u011fi ve Penetrabilite Testi"},"content":{"rendered":"<h1 style=\"text-align: center;\" data-start=\"370\" data-end=\"882\">\u0130\u011fne Keskinlik Testi<\/h1>\n<h1 style=\"text-align: center;\" data-start=\"370\" data-end=\"882\"><\/h1>\n<p data-start=\"407\" data-end=\"827\">T\u0131bbi cihaz \u00fcretimi d\u00fcnyas\u0131nda, <strong data-start=\"453\" data-end=\"481\">i\u011fne keskinlik testi<\/strong> klinik uygulamalarda i\u011fnelerin g\u00fcvenli ve etkili bir \u015fekilde kullan\u0131lmas\u0131n\u0131 sa\u011flayan kritik bir kalite kontrol ad\u0131m\u0131d\u0131r. \u0130ster enjeksiyon, ister diki\u015f veya ila\u00e7 da\u011f\u0131t\u0131m\u0131 i\u00e7in kullan\u0131ls\u0131n, bir i\u011fnenin performans\u0131 b\u00fcy\u00fck \u00f6l\u00e7\u00fcde keskinli\u011fine ba\u011fl\u0131d\u0131r. K\u00f6t\u00fc \u00fcretilmi\u015f veya k\u00f6r i\u011fneler hastada rahats\u0131zl\u0131\u011fa, doku travmas\u0131na ve tedavi etkinli\u011finin azalmas\u0131na yol a\u00e7abilir.<\/p>\n<p data-start=\"829\" data-end=\"1250\">\u00dcreticiler ve kalite kontrol uzmanlar\u0131 i\u00e7in netlik ve keskinlik ilkelerini anlamak <strong data-start=\"928\" data-end=\"960\">i\u011fne penetrasyon testi<\/strong>-\u00f6zellikle a\u015fa\u011f\u0131dakilere uygun olarak <strong data-start=\"993\" data-end=\"1005\">ISO 7864<\/strong>, <a href=\"https:\/\/www.qualitester.com\/tr\/urun-kategori\/iso\/iso-11040-4\/\" target=\"_blank\" rel=\"noopener\"><strong data-start=\"1007\" data-end=\"1022\">ISO 11040-4<\/strong><\/a>, ve <strong data-start=\"1028\" data-end=\"1042\">ISO 8871-5<\/strong>-\u00e7ok \u00f6nemlidir. Bu makale, i\u011fne performans testi ile ilgili test y\u00f6ntemlerini, \u00f6nemini ve enstr\u00fcmantasyonu \u00f6zetleyerek g\u00fcvenilir ve uyumlu sonu\u00e7lar elde etmek i\u00e7in temel uygulamalar konusunda size rehberlik eder.<\/p>\n<hr \/>\n<h2>\u0130\u011fne Keskinli\u011fi Testi Neden \u00d6nemlidir?<\/h2>\n<p data-start=\"1298\" data-end=\"1502\">T\u0131p uzmanlar\u0131 rahats\u0131zl\u0131\u011f\u0131 en aza indirmek, doku hasar\u0131n\u0131 azaltmak ve etkili penetrasyon sa\u011flamak i\u00e7in keskin, hassas i\u011fnelere g\u00fcvenir. K\u00f6t\u00fc \u00fcretilmi\u015f bir i\u011fne, yerle\u015ftirme kuvvetini art\u0131rarak \u015funlara yol a\u00e7ar:<\/p>\n<ul data-start=\"1504\" data-end=\"1663\">\n<li data-start=\"1504\" data-end=\"1531\">\n<p data-start=\"1506\" data-end=\"1531\"><strong data-start=\"1506\" data-end=\"1531\">Hasta a\u011fr\u0131s\u0131 ve korkusu<\/strong><\/p>\n<\/li>\n<li data-start=\"1532\" data-end=\"1574\">\n<p data-start=\"1534\" data-end=\"1574\"><strong data-start=\"1534\" data-end=\"1574\">Doku travmas\u0131na ba\u011fl\u0131 gecikmi\u015f iyile\u015fme<\/strong><\/p>\n<\/li>\n<li data-start=\"1575\" data-end=\"1624\">\n<p data-start=\"1577\" data-end=\"1624\"><strong data-start=\"1577\" data-end=\"1624\">\u0130la\u00e7 uygulamas\u0131 s\u0131ras\u0131nda daha d\u00fc\u015f\u00fck do\u011fruluk<\/strong><\/p>\n<\/li>\n<li data-start=\"1625\" data-end=\"1663\">\n<p data-start=\"1627\" data-end=\"1663\"><strong data-start=\"1627\" data-end=\"1663\">T\u0131bbi cihazlara olan g\u00fcvenin azalmas\u0131<\/strong><\/p>\n<\/li>\n<\/ul>\n<p data-start=\"1665\" data-end=\"1842\">B\u00f6ylece, <strong data-start=\"1671\" data-end=\"1699\">i\u011fne keskinlik testi<\/strong> sadece konforla ilgili de\u011fildir - bu <strong data-start=\"1736\" data-end=\"1789\">klinik g\u00fcvenli\u011fin ve performans tutarl\u0131l\u0131\u011f\u0131n\u0131n sa\u011flanmas\u0131<\/strong>, ve <strong data-start=\"1795\" data-end=\"1841\">uluslararas\u0131 d\u00fczenleyici standartlar\u0131n kar\u015f\u0131lanmas\u0131<\/strong>.<\/p>\n<hr \/>\n<h2 data-start=\"1401\" data-end=\"1548\">\u0130\u011fne Keskinli\u011fi ve Penetrabilitesi i\u00e7in Test Standartlar\u0131<\/h2>\n<p>\u0130\u011fne performans\u0131n\u0131 do\u011fru bir \u015fekilde de\u011ferlendirmek i\u00e7in k\u00fcresel standartlar net test y\u00f6ntemleri sa\u011flar:<\/p>\n<h3 data-start=\"1996\" data-end=\"2081\">Kau\u00e7uk T\u0131palar i\u00e7in \u0130\u011fne Penetrabilite Testi - ISO 11040-4, ISO 7864, ISO 8871-5<\/h3>\n<p data-start=\"2083\" data-end=\"2353\"><strong data-start=\"2083\" data-end=\"2098\">ISO 11040-4<\/strong> ve <strong data-start=\"2103\" data-end=\"2115\">ISO 7864<\/strong> standartla\u015ft\u0131r\u0131lm\u0131\u015f <strong data-start=\"2138\" data-end=\"2181\">kau\u00e7uk tapalar i\u0307\u00e7i\u0307n n\u00fcfuz edebi\u0307li\u0307rli\u0307k testleri\u0307<\/strong> ve hipodermik i\u011fneler. Bu testler, i\u011fnelerin kontroll\u00fc ko\u015fullar alt\u0131nda kau\u00e7uk flakon kapaklar\u0131n\u0131 veya benzer malzemeleri delmesi gereken ger\u00e7ek d\u00fcnyadaki delinme senaryolar\u0131n\u0131 sim\u00fcle eder.<\/p>\n<ul data-start=\"2355\" data-end=\"2800\">\n<li data-start=\"2355\" data-end=\"2495\">\n<p data-start=\"2357\" data-end=\"2495\"><strong data-start=\"2357\" data-end=\"2388\">Ekleme Kuvveti \u00d6l\u00e7\u00fcm\u00fc<\/strong>: \u0130\u011fneler, sabit h\u0131zl\u0131 bir s\u0131k\u0131\u015ft\u0131rma sistemi kullan\u0131larak kau\u00e7uk veya sentetik bir test substrat\u0131na yerle\u015ftirilir.<\/p>\n<\/li>\n<li data-start=\"2496\" data-end=\"2662\">\n<p data-start=\"2498\" data-end=\"2662\"><strong data-start=\"2498\" data-end=\"2527\">Alt Tabaka \u00d6zellikleri<\/strong>: Malzemeler, t\u0131bbi s\u0131n\u0131f kau\u00e7uk t\u0131palar\u0131 taklit etmek i\u00e7in lateks (40 \u00b1 5 Shore A), poli\u00fcretan, silikon kau\u00e7uk veya LDPE film i\u00e7erebilir.<\/p>\n<\/li>\n<li data-start=\"2663\" data-end=\"2800\">\n<p data-start=\"2665\" data-end=\"2800\"><strong data-start=\"2665\" data-end=\"2680\">Veri \u00c7\u0131k\u0131\u015f\u0131<\/strong>: Test, i\u011fnenin yerle\u015ftirilmesi boyunca en y\u00fcksek penetrasyon kuvvetini (ilk k\u0131r\u0131lma kuvveti) ve kayma s\u00fcrt\u00fcnmesini \u00f6l\u00e7er.<\/p>\n<\/li>\n<\/ul>\n<p data-start=\"2802\" data-end=\"2842\">Bu standart testler a\u015fa\u011f\u0131dakilerin belirlenmesine yard\u0131mc\u0131 olur:<\/p>\n<ul data-start=\"2844\" data-end=\"2986\">\n<li data-start=\"2844\" data-end=\"2890\">\n<p data-start=\"2846\" data-end=\"2890\">\u0130\u011fne ucunun yeterince keskin olup olmad\u0131\u011f\u0131<\/p>\n<\/li>\n<li data-start=\"2891\" data-end=\"2936\">\n<p data-start=\"2893\" data-end=\"2936\">\u00dcretim s\u00fcrecinin ne kadar tutarl\u0131 oldu\u011fu<\/p>\n<\/li>\n<li data-start=\"2937\" data-end=\"2986\">\n<p data-start=\"2939\" data-end=\"2986\">\u0130\u011fne ve kau\u00e7uk kapak aras\u0131ndaki uyumluluk<\/p>\n<\/li>\n<\/ul>\n<hr \/>\n<h3>\u0130\u011fne Keskinlik Testi i\u00e7in Ekipman ve Kurulum<\/h3>\n<p data-start=\"3590\" data-end=\"3712\"><strong data-start=\"3590\" data-end=\"3635\">Cell Instruments'\u0131n \u0130\u011fne Keskinli\u011fi Test Cihaz\u0131<\/strong> ISO ve ASTM standartlar\u0131yla uyumlu hassas testler sa\u011flar. \u015eunlar\u0131 i\u00e7erir:<\/p>\n<ul data-start=\"3714\" data-end=\"4127\">\n<li data-start=\"3714\" data-end=\"3830\">\n<p data-start=\"3716\" data-end=\"3830\"><strong data-start=\"3716\" data-end=\"3744\">Kuvvet \u00f6l\u00e7\u00fcm sistemi<\/strong>: Y\u00fcksek \u00e7\u00f6z\u00fcn\u00fcrl\u00fckl\u00fc bir \u00e7\u0131k\u0131\u015fla 0,01 N kadar d\u00fc\u015f\u00fck kuvvetleri yakalayabilen y\u00fck h\u00fccresi<\/p>\n<\/li>\n<li data-start=\"3831\" data-end=\"3914\">\n<p data-start=\"3833\" data-end=\"3914\"><strong data-start=\"3833\" data-end=\"3863\">Programlanabilir h\u0131z kontrol\u00fc<\/strong>: ISO taraf\u0131ndan belirlenmi\u015f 100 mm\/dak test h\u0131z\u0131n\u0131 korur<\/p>\n<\/li>\n<li data-start=\"3915\" data-end=\"4022\">\n<p data-start=\"3917\" data-end=\"4022\"><strong data-start=\"3917\" data-end=\"3937\">Substrat tutucu<\/strong>: Test malzemelerini tan\u0131mlanm\u0131\u015f bir penetrasyon penceresi (tipik olarak 10 mm \u00e7ap) ile sabitler<\/p>\n<\/li>\n<li data-start=\"4023\" data-end=\"4127\">\n<p data-start=\"4025\" data-end=\"4127\"><strong data-start=\"4025\" data-end=\"4049\">7 in\u00e7 HMI aray\u00fcz\u00fc<\/strong>: Sezgisel test kurulumu ve ger\u00e7ek zamanl\u0131 kuvvet-deplasman e\u011frisi analizi sa\u011flar<\/p>\n<\/li>\n<\/ul>\n<p data-start=\"4129\" data-end=\"4289\">\u0130\u00e7in destek ile <strong data-start=\"4146\" data-end=\"4208\">\u00e7oklu i\u011fne g\u00f6stergeleri, piston tipleri ve t\u0131pa tasar\u0131mlar\u0131<\/strong>, Sistem ayr\u0131ca \u00f6zel Ar-Ge ve QA uygulamalar\u0131 i\u00e7in son derece \u00f6zelle\u015ftirilebilir.<\/p>\n<hr \/>\n<h2 data-start=\"3068\" data-end=\"3163\">ISO 7864 ve \u0130lgili Standartlara Uyman\u0131n Faydalar\u0131<\/h2>\n<ul data-start=\"4358\" data-end=\"4725\">\n<li data-start=\"4358\" data-end=\"4447\">\n<p data-start=\"4360\" data-end=\"4447\"><strong data-start=\"4360\" data-end=\"4387\">Geli\u015ftirilmi\u015f \u00dcr\u00fcn G\u00fcvenli\u011fi<\/strong>: \u0130\u011fnelerin klinik ko\u015fullar alt\u0131nda g\u00fcvenilir \u015fekilde \u00e7al\u0131\u015fmas\u0131n\u0131 sa\u011flar<\/p>\n<\/li>\n<li data-start=\"4448\" data-end=\"4531\">\n<p data-start=\"4450\" data-end=\"4531\"><strong data-start=\"4450\" data-end=\"4478\">Minimize Edilmi\u015f Hasta Travmas\u0131<\/strong>: Daha az a\u011fr\u0131l\u0131 yerle\u015ftirmeler i\u00e7in i\u011fne tasar\u0131m\u0131n\u0131 optimize eder<\/p>\n<\/li>\n<li data-start=\"4532\" data-end=\"4633\">\n<p data-start=\"4534\" data-end=\"4633\"><strong data-start=\"4534\" data-end=\"4563\">\u00dcretim Tutarl\u0131l\u0131\u011f\u0131<\/strong>: U\u00e7 geometrisini, y\u00fczey kalitesini ve \u00fcretim tekrarlanabilirli\u011fini do\u011frular<\/p>\n<\/li>\n<li data-start=\"4634\" data-end=\"4725\">\n<p data-start=\"4636\" data-end=\"4725\"><strong data-start=\"4636\" data-end=\"4668\">K\u00fcresel Mevzuat Uyumlulu\u011fu<\/strong>: FDA, EU MDR ve uluslararas\u0131 denetim gereksinimlerini kar\u015f\u0131lar<\/p>\n<\/li>\n<\/ul>\n<hr \/>\n<h2>Kau\u00e7uk T\u0131palar i\u00e7in Penetrabilite Testinde Dikkat Edilmesi Gereken Temel Hususlar<\/h2>\n<figure id=\"attachment_7014\" aria-describedby=\"caption-attachment-7014\" style=\"width: 286px\" class=\"wp-caption alignright\"><img fetchpriority=\"high\" decoding=\"async\" class=\"wp-image-7014\" src=\"https:\/\/www.qualitester.com\/wp-content\/uploads\/2025\/07\/3.needle-sharpness-tester_11zon-300x300.webp\" alt=\"Kau\u00e7uk t\u0131palar i\u00e7in i\u011fne keskinli\u011fi testi ve penetrasyon testi, enjeksiyon i\u011fnesi delinme kuvveti gereksinimleri i\u00e7in ISO 7864&#039;te standartla\u015ft\u0131r\u0131l\u0131rken\uff0c ISO 11040-4, elastomerik kapatma malzemesi \u00f6zellikleri i\u00e7in ISO 8871-5 ile tamamlanan \u00f6nceden doldurulmu\u015f \u015f\u0131r\u0131nga sistemleri i\u00e7in penetrasyon testlerini belirtir\u3002\" width=\"286\" height=\"286\" srcset=\"https:\/\/www.qualitester.com\/wp-content\/uploads\/2025\/07\/3.needle-sharpness-tester_11zon-300x300.webp 300w, https:\/\/www.qualitester.com\/wp-content\/uploads\/2025\/07\/3.needle-sharpness-tester_11zon-1024x1024.webp 1024w, https:\/\/www.qualitester.com\/wp-content\/uploads\/2025\/07\/3.needle-sharpness-tester_11zon-150x150.webp 150w, https:\/\/www.qualitester.com\/wp-content\/uploads\/2025\/07\/3.needle-sharpness-tester_11zon-768x768.webp 768w, https:\/\/www.qualitester.com\/wp-content\/uploads\/2025\/07\/3.needle-sharpness-tester_11zon-12x12.webp 12w, https:\/\/www.qualitester.com\/wp-content\/uploads\/2025\/07\/3.needle-sharpness-tester_11zon-600x600.webp 600w, https:\/\/www.qualitester.com\/wp-content\/uploads\/2025\/07\/3.needle-sharpness-tester_11zon-100x100.webp 100w, https:\/\/www.qualitester.com\/wp-content\/uploads\/2025\/07\/3.needle-sharpness-tester_11zon.webp 1080w\" sizes=\"(max-width: 286px) 100vw, 286px\" \/><figcaption id=\"caption-attachment-7014\" class=\"wp-caption-text\">\u0130\u011fne Keskinli\u011fi Test Cihaz\u0131<\/figcaption><\/figure>\n<p data-start=\"4797\" data-end=\"5091\">Ana hatlar\u0131yla belirtildi\u011fi gibi <a href=\"https:\/\/www.qualitester.com\/tr\/urun-kategori\/iso\/iso-11040-4\/\" target=\"_blank\" rel=\"noopener\"><strong data-start=\"4812\" data-end=\"4827\">ISO 11040-4<\/strong><\/a>, testler i\u011fnenin kendisiyle s\u0131n\u0131rl\u0131 de\u011fildir; kau\u00e7uk t\u0131palar ve flakon kapaklar\u0131na kadar uzan\u0131r. \u00d6nceden doldurulmu\u015f \u015f\u0131r\u0131ngalar\u0131n ve enjekte edilebilir ila\u00e7 kaplar\u0131n\u0131n \u00fcreticileri a\u015fa\u011f\u0131dakileri sa\u011flamal\u0131d\u0131r <strong data-start=\"5007\" data-end=\"5037\">i\u011fne durdurucu etkile\u015fimi<\/strong> ila\u00e7 b\u00fct\u00fcnl\u00fc\u011f\u00fcn\u00fc veya uygulamas\u0131n\u0131 tehlikeye atmaz.<\/p>\n<p data-start=\"5093\" data-end=\"5116\">Anahtar parametreler \u015funlard\u0131r:<\/p>\n<ul data-start=\"5118\" data-end=\"5242\">\n<li data-start=\"5118\" data-end=\"5155\">\n<p data-start=\"5120\" data-end=\"5155\"><strong data-start=\"5120\" data-end=\"5155\">T\u0131pa sertli\u011fi ve esnekli\u011fi<\/strong><\/p>\n<\/li>\n<li data-start=\"5156\" data-end=\"5204\">\n<p data-start=\"5158\" data-end=\"5204\"><strong data-start=\"5158\" data-end=\"5204\">Karot almadan delmek i\u00e7in gereken kuvvet<\/strong><\/p>\n<\/li>\n<li data-start=\"5205\" data-end=\"5242\">\n<p data-start=\"5207\" data-end=\"5242\"><strong data-start=\"5207\" data-end=\"5242\">Penetrasyon sonras\u0131 conta b\u00fct\u00fcnl\u00fc\u011f\u00fc<\/strong><\/p>\n<\/li>\n<\/ul>\n<p data-start=\"5244\" data-end=\"5380\"><strong data-start=\"5244\" data-end=\"5273\">Cell Instruments'\u0131n sistemleri<\/strong> her ikisini de destekler <strong data-start=\"5287\" data-end=\"5317\">i\u011fne ve t\u0131pa testi<\/strong>, u\u00e7tan uca \u015f\u0131r\u0131nga do\u011frulamas\u0131 i\u00e7in birle\u015fik \u00e7\u00f6z\u00fcmler sunar.<\/p>\n<hr \/>\n<h2 data-start=\"3874\" data-end=\"4081\">\u0130\u011fne Keskinli\u011fi Test Cihaz\u0131n\u0131 Kimler Kullanmal\u0131d\u0131r?<\/h2>\n<ul data-start=\"5442\" data-end=\"5646\">\n<li data-start=\"5442\" data-end=\"5476\">\n<p data-start=\"5444\" data-end=\"5476\"><strong data-start=\"5444\" data-end=\"5476\">T\u0131bbi cihaz \u00fcreticileri<\/strong><\/p>\n<\/li>\n<li data-start=\"5477\" data-end=\"5506\">\n<p data-start=\"5479\" data-end=\"5506\"><strong data-start=\"5479\" data-end=\"5506\">\u015e\u0131r\u0131nga ve i\u011fne OEM'leri<\/strong><\/p>\n<\/li>\n<li data-start=\"5507\" data-end=\"5547\">\n<p data-start=\"5509\" data-end=\"5547\"><strong data-start=\"5509\" data-end=\"5547\">Farmas\u00f6tik ambalaj tedarik\u00e7ileri<\/strong><\/p>\n<\/li>\n<li data-start=\"5548\" data-end=\"5589\">\n<p data-start=\"5550\" data-end=\"5589\"><strong data-start=\"5550\" data-end=\"5589\">\u00dc\u00e7\u00fcnc\u00fc taraf kalite kontrol laboratuvarlar\u0131<\/strong><\/p>\n<\/li>\n<li data-start=\"5590\" data-end=\"5646\">\n<p data-start=\"5592\" data-end=\"5646\"><strong data-start=\"5592\" data-end=\"5646\">Yeni ila\u00e7 da\u011f\u0131t\u0131m sistemleri geli\u015ftiren Ar-Ge merkezleri<\/strong><\/p>\n<\/li>\n<\/ul>\n<hr \/>\n<h2 data-start=\"4558\" data-end=\"4833\">Sonu\u00e7<\/h2>\n<p data-start=\"6104\" data-end=\"6539\">Enjekte edilebilir tedaviler geli\u015fmeye devam ettik\u00e7e <strong data-start=\"6160\" data-end=\"6188\">i\u011fne keskinlik testi<\/strong> cihaz g\u00fcvenli\u011fi ve performans\u0131n\u0131n sa\u011flanmas\u0131nda her zamankinden daha kritik hale gelmektedir. Uyum sa\u011flayarak <strong data-start=\"6282\" data-end=\"6294\">ISO 7864<\/strong>, <strong data-start=\"6296\" data-end=\"6311\">ISO 11040-4<\/strong>, ve <strong data-start=\"6317\" data-end=\"6331\">ISO 8871-5<\/strong>, gibi g\u00fcvenilir test cihazlar\u0131 kullanarak<a href=\"https:\/\/www.qualitester.com\/tr\/needle-sharpness-testing\/\" target=\"_blank\" rel=\"noopener\"> <strong data-start=\"6385\" data-end=\"6434\">Cell Instruments'tan \u0130\u011fne Keskinli\u011fi Test Cihaz\u0131<\/strong><\/a>, \u00fcreticiler kalite g\u00fcvencesini iyile\u015ftirebilir, hasta rahats\u0131zl\u0131\u011f\u0131n\u0131 azaltabilir ve k\u00fcresel uyumlulu\u011fu s\u00fcrd\u00fcrebilir.<\/p>\n<p data-start=\"6541\" data-end=\"6706\">Teknik dan\u0131\u015fmanl\u0131k, \u00fcr\u00fcn \u00f6zelle\u015ftirme veya demo talepleri i\u00e7in l\u00fctfen \u015fu adresi ziyaret edin <a class=\"\" href=\"https:\/\/www.celtec.cn\" target=\"_new\" rel=\"noopener nofollow\" data-start=\"6624\" data-end=\"6665\">H\u00fccre Enstr\u00fcmanlar\u0131<\/a> veya do\u011frudan sat\u0131\u015f m\u00fchendislerimizle ileti\u015fime ge\u00e7in.<\/p>\n<p data-start=\"6541\" data-end=\"6706\">","protected":false},"excerpt":{"rendered":"<p>Needle Sharpness Testing In the world of medical device manufacturing, needle sharpness testing is a critical quality control step that ensures the safe and effective use of needles in clinical applications. Whether used for injections, suturing, or drug delivery, a needle\u2019s performance heavily relies on its sharpness. Poorly manufactured or dull needles can lead to &hellip;<\/p>\n<p class=\"read-more\"> <a class=\"\" href=\"https:\/\/www.qualitester.com\/tr\/applications\/needle-sharpness-testing\/\"> <span class=\"screen-reader-text\">\u0130\u011fne Keskinli\u011fi ve Penetrabilite Testi<\/span> Devam\u0131 \"<\/a><\/p>","protected":false},"author":3,"featured_media":0,"parent":6794,"menu_order":0,"comment_status":"closed","ping_status":"closed","template":"","meta":{"site-sidebar-layout":"default","site-content-layout":"default","ast-global-header-display":"","ast-main-header-display":"","ast-hfb-above-header-display":"","ast-hfb-below-header-display":"","ast-hfb-mobile-header-display":"","site-post-title":"","ast-breadcrumbs-content":"","ast-featured-img":"","footer-sml-layout":"","theme-transparent-header-meta":"default","adv-header-id-meta":"","stick-header-meta":"","header-above-stick-meta":"","header-main-stick-meta":"","header-below-stick-meta":"","footnotes":""},"class_list":["post-7013","page","type-page","status-publish","hentry"],"_links":{"self":[{"href":"https:\/\/www.qualitester.com\/tr\/wp-json\/wp\/v2\/pages\/7013","targetHints":{"allow":["GET"]}}],"collection":[{"href":"https:\/\/www.qualitester.com\/tr\/wp-json\/wp\/v2\/pages"}],"about":[{"href":"https:\/\/www.qualitester.com\/tr\/wp-json\/wp\/v2\/types\/page"}],"author":[{"embeddable":true,"href":"https:\/\/www.qualitester.com\/tr\/wp-json\/wp\/v2\/users\/3"}],"replies":[{"embeddable":true,"href":"https:\/\/www.qualitester.com\/tr\/wp-json\/wp\/v2\/comments?post=7013"}],"version-history":[{"count":0,"href":"https:\/\/www.qualitester.com\/tr\/wp-json\/wp\/v2\/pages\/7013\/revisions"}],"up":[{"embeddable":true,"href":"https:\/\/www.qualitester.com\/tr\/wp-json\/wp\/v2\/pages\/6794"}],"wp:attachment":[{"href":"https:\/\/www.qualitester.com\/tr\/wp-json\/wp\/v2\/media?parent=7013"}],"curies":[{"name":"wp","href":"https:\/\/api.w.org\/{rel}","templated":true}]}}