{"id":7000,"date":"2025-07-17T09:22:18","date_gmt":"2025-07-17T01:22:18","guid":{"rendered":"https:\/\/www.qualitester.com\/?page_id=7000"},"modified":"2025-07-23T14:32:24","modified_gmt":"2025-07-23T06:32:24","slug":"rupture-test-for-soft-gelatin-capsules","status":"publish","type":"page","link":"https:\/\/www.qualitester.com\/tr\/applications\/rupture-test-for-soft-gelatin-capsules\/","title":{"rendered":"Yumu\u015fak Jelatin Kaps\u00fcller Kopma Testi"},"content":{"rendered":"<h1 id=\"rupture-test-for-soft-gelatin-capsules-ensuring-ca\" class=\"mb-2 mt-6 text-base font-[500] first:mt-0 md:text-lg dark:font-[475] [hr+&amp;]:mt-4\" style=\"text-align: center;\">Yumu\u015fak Jelatin Kaps\u00fcller i\u00e7in Kopma Testi<\/h1>\n<h2 class=\"mb-2 mt-6 text-base font-[500] first:mt-0 md:text-lg dark:font-[475] [hr+&amp;]:mt-4\" style=\"text-align: center;\">Kaps\u00fcl Mukavemetinin ve B\u00fct\u00fcnl\u00fc\u011f\u00fcn\u00fcn Sa\u011flanmas\u0131<\/h2>\n<h2><\/h2>\n<p data-start=\"787\" data-end=\"1123\">Yumu\u015fak jelatin kaps\u00fcller, s\u0131v\u0131 dolgular\u0131 jelatin bir kabuk i\u00e7ine g\u00fcvenli bir \u015fekilde hapsetme yetenekleri sayesinde vitaminler, mineraller ve farmas\u00f6tikler i\u00e7in \u00e7ok \u00f6nemli bir da\u011f\u0131t\u0131m sistemi haline gelmi\u015ftir. Bu kaps\u00fcllerin etkinli\u011fi \u00f6nemli \u00f6l\u00e7\u00fcde jelatin filmlerinin g\u00fcc\u00fcne ve kalitesine ba\u011fl\u0131d\u0131r. Kaps\u00fcller\u00a0<strong>Yumu\u015fak jelatin kaps\u00fcller i\u00e7in y\u0131rt\u0131lma testi<\/strong>\u00a0\u00fcreticilerin ve kalite kontrol personelinin \u00fcr\u00fcn g\u00fcvenilirli\u011fini ve t\u00fcketici g\u00fcvenli\u011fini sa\u011flamak i\u00e7in anlamas\u0131 gereken hayati bir prosed\u00fcrd\u00fcr.<\/p>\n<hr \/>\n<h2>Yumu\u015fak Jelatin Kaps\u00fcller i\u00e7in Kopma Testinin \u00d6nemi<\/h2>\n<p class=\"my-0\">Bu\u00a0<strong>Yumu\u015fak jelatin kaps\u00fcller i\u00e7in y\u0131rt\u0131lma testi<\/strong>\u00a0kaps\u00fcl duvar\u0131n\u0131n mekanik stabilitesini de\u011ferlendirerek jelatin kabu\u011fun k\u0131r\u0131lmadan \u00f6nce ne kadar kuvvete dayanabilece\u011fini belirler. Jelatin kaps\u00fcl kabu\u011funun b\u00fct\u00fcnl\u00fc\u011f\u00fc etkiledi\u011fi i\u00e7in bu test \u00e7ok \u00f6nemlidir:<\/p>\n<ul class=\"marker:text-textOff list-disc\">\n<li>\n<p class=\"my-0\">Aktif bile\u015fenlerin nem ve oksijen gibi \u00e7evresel fakt\u00f6rlere kar\u015f\u0131 korunmas\u0131.<\/p>\n<\/li>\n<li>\n<p class=\"my-0\">Kaps\u00fcl\u00fcn i\u00e7indeki ilac\u0131n veya takviyenin sal\u0131m profili.<\/p>\n<\/li>\n<li>\n<p class=\"my-0\">Kaps\u00fcl\u00fcn erken patlamadan ta\u015f\u0131ma, paketleme, nakliye ve depolamaya dayanma kabiliyeti.<\/p>\n<\/li>\n<\/ul>\n<p class=\"my-0\">Test, kaps\u00fcllerin s\u0131k\u0131\u015ft\u0131r\u0131labilece\u011fi, s\u0131k\u0131labilece\u011fi veya darbe alabilece\u011fi ger\u00e7ek d\u00fcnya ko\u015fullar\u0131n\u0131 sim\u00fcle ederek \u00fcr\u00fcn\u00fcn kalitesini tehlikeye atabilecek zay\u0131fl\u0131klar\u0131 ortaya \u00e7\u0131kar\u0131r.<\/p>\n<hr \/>\n<h2 class=\"mb-xs mt-5 text-base font-[500] first:mt-0 dark:font-[475]\">Jelatin Kaps\u00fcl Sertlik Testi ve Bloom Test Cihaz\u0131: \u0130kincil Anahtar Y\u00f6nler<\/h2>\n<p class=\"my-0\">Kaps\u00fcl kalitesini de\u011ferlendirmenin ayr\u0131lmaz bir y\u00f6n\u00fc de\u00a0<strong>jelatin kaps\u00fcl sertlik testi<\/strong>, kaps\u00fcl kabu\u011funun mekanik mukavemetini ve esnekli\u011fini \u00f6l\u00e7er. Bu test, kaps\u00fcl\u00fcn ani darbe veya delinme yerine kademeli bas\u0131n\u00e7 alt\u0131nda nas\u0131l davrand\u0131\u011f\u0131na ili\u015fkin bilgiler sa\u011flayarak genellikle y\u0131rt\u0131lma testini tamamlar.<\/p>\n<p class=\"my-0\">Bu\u00a0<strong>\u00e7i\u00e7ek test cihaz\u0131<\/strong>\u00a0malzemenin jel g\u00fcc\u00fcn\u00fc yans\u0131tan jelatinin \u00e7i\u00e7eklenme g\u00fcc\u00fcn\u00fc \u00f6l\u00e7erek bu ba\u011flamda kritik bir rol oynar. \u00c7i\u00e7eklenme mukavemeti kaps\u00fcl filminin hem sertli\u011fini hem de esnekli\u011fini etkiler. Daha y\u00fcksek \u00e7i\u00e7eklenme de\u011ferleri daha s\u0131k\u0131 jellere kar\u015f\u0131l\u0131k gelir ve bu da kaps\u00fcl\u00fcn y\u0131rt\u0131lma ve deformasyona kar\u015f\u0131 direncini etkiler.<\/p>\n<h2 class=\"mb-xs mt-5 text-base font-[500] first:mt-0 dark:font-[475]\">Yumu\u015fak Jelatin Kaps\u00fcller i\u00e7in Kopma Testi Y\u00fcr\u00fctme Y\u00f6ntemleri<\/h2>\n<p class=\"my-0\">Y\u0131rt\u0131lma testi \u00f6ncelikle bir kaps\u00fcl\u00fcn kabu\u011fu k\u0131r\u0131lana kadar kuvvete maruz b\u0131rak\u0131ld\u0131\u011f\u0131 kontroll\u00fc s\u0131k\u0131\u015ft\u0131rma veya penetrasyon testini i\u00e7erir. Test s\u0131ras\u0131nda dikkate al\u0131nmas\u0131 gereken temel hususlar \u015funlard\u0131r:<\/p>\n<ul class=\"marker:text-textOff list-disc\">\n<li>\n<p class=\"my-0\"><strong>Test Probu Boyutlar\u0131<\/strong>: Kaps\u00fcl y\u00fczeyi boyunca e\u015fit \u015fekilde kuvvet uygulamak i\u00e7in tipik olarak 10 mm \u00e7ap\u0131nda veya 10 mm\u00b2 y\u00fczey alan\u0131na sahip silindirik bir prob kullan\u0131l\u0131r.<\/p>\n<\/li>\n<li>\n<p class=\"my-0\"><strong>Kuvvet \u00d6l\u00e7\u00fcm\u00fc<\/strong>: Kaps\u00fcl kabu\u011funun y\u0131rt\u0131ld\u0131\u011f\u0131 tepe kuvvetinin \u00f6l\u00e7\u00fclmesi, kabuk mukavemetinin nicel olarak de\u011ferlendirilmesine olanak tan\u0131r.<\/p>\n<\/li>\n<li>\n<p class=\"my-0\"><strong>Esneklik De\u011ferlendirmesi<\/strong>: Kopma kuvvetinin \u00f6tesinde, s\u0131k\u0131\u015ft\u0131rma alt\u0131nda deformasyonun \u00f6l\u00e7\u00fclmesi kaps\u00fcl filminin elastikiyetini ve esnekli\u011fini belirlemeye yard\u0131mc\u0131 olur.<\/p>\n<\/li>\n<li>\n<p class=\"my-0\"><strong>Conta Mukavemet Testi<\/strong>: Kaps\u00fcl contas\u0131n\u0131 k\u0131rmak i\u00e7in gereken kuvvetin test edilmesi, s\u0131v\u0131 dolgunun \u00fcretim ve da\u011f\u0131t\u0131m s\u0131ras\u0131nda g\u00fcvenli bir \u015fekilde kapat\u0131lmas\u0131n\u0131 sa\u011flar.<\/p>\n<\/li>\n<\/ul>\n<p class=\"my-0\">Bu test gereksinimlerini kar\u015f\u0131lamak i\u00e7in \u00f6zel olarak tasarlanm\u0131\u015f bir cihaz Cell Instruments<a href=\"https:\/\/www.qualitester.com\/tr\/urun\/sale-soft-gel-capsule-hardness-tester\/\" target=\"_blank\" rel=\"noopener\"> CHT-01 Yumu\u015fak Jel Kaps\u00fcl Sertlik Test Cihaz\u0131<\/a>. Kuvvet kontrol\u00fc, tepe kuvveti alg\u0131lama ve mesafeye dayal\u0131 kuvvet \u00f6l\u00e7\u00fcm\u00fc dahil olmak \u00fczere birden fazla programla otomatik test sa\u011flayarak kalite kontrol s\u00fcre\u00e7lerinde verimlili\u011fi ve tutarl\u0131l\u0131\u011f\u0131 art\u0131r\u0131r.<\/p>\n<div class=\"ast-oembed-container\" style=\"height: 100%;\"><iframe title=\"Softgel Kaps\u00fcl Sertlik Test Cihaz\u0131 CHT-01\" width=\"500\" height=\"281\" src=\"https:\/\/www.youtube.com\/embed\/pGYrer6N-Mk?feature=oembed\" frameborder=\"0\" allow=\"accelerometer; autoplay; clipboard-write; encrypted-media; gyroscope; picture-in-picture; web-share\" referrerpolicy=\"strict-origin-when-cross-origin\" allowfullscreen><\/iframe><\/div>\n<hr \/>\n<h2 class=\"mb-xs mt-5 text-base font-[500] first:mt-0 dark:font-[475]\">Cell Instruments CHT-01 Yumu\u015fak Jel Kaps\u00fcl Sertlik Test Cihaz\u0131 Neden Kullan\u0131lmal\u0131?<\/h2>\n<p class=\"my-0\">Cell Instruments hassas, \u00f6zelle\u015ftirilebilir malzeme test \u00e7\u00f6z\u00fcmlerinde uzmanla\u015fm\u0131\u015ft\u0131r:<\/p>\n<ul class=\"marker:text-textOff list-disc\">\n<li>\n<p class=\"my-0\">CHT-01, bir PLC kontrol \u00fcnitesi ve kullan\u0131c\u0131 dostu 7 in\u00e7 HMI dokunmatik ekran ile donat\u0131lm\u0131\u015ft\u0131r.<img fetchpriority=\"high\" decoding=\"async\" class=\"alignright wp-image-7007 size-medium\" src=\"https:\/\/www.qualitester.com\/wp-content\/uploads\/2025\/07\/2.CHT-01-soft-gel-capsule-hardness-tester2_11zon-300x300.webp\" alt=\"Yumu\u015fak jelatin kaps\u00fcller i\u00e7in y\u0131rt\u0131lma testi, jelatin kabu\u011fun mekanik mukavemetini ve b\u00fct\u00fcnl\u00fc\u011f\u00fcn\u00fc de\u011ferlendirir\" width=\"300\" height=\"300\" srcset=\"https:\/\/www.qualitester.com\/wp-content\/uploads\/2025\/07\/2.CHT-01-soft-gel-capsule-hardness-tester2_11zon-300x300.webp 300w, https:\/\/www.qualitester.com\/wp-content\/uploads\/2025\/07\/2.CHT-01-soft-gel-capsule-hardness-tester2_11zon-1024x1024.webp 1024w, https:\/\/www.qualitester.com\/wp-content\/uploads\/2025\/07\/2.CHT-01-soft-gel-capsule-hardness-tester2_11zon-150x150.webp 150w, https:\/\/www.qualitester.com\/wp-content\/uploads\/2025\/07\/2.CHT-01-soft-gel-capsule-hardness-tester2_11zon-768x768.webp 768w, https:\/\/www.qualitester.com\/wp-content\/uploads\/2025\/07\/2.CHT-01-soft-gel-capsule-hardness-tester2_11zon-12x12.webp 12w, https:\/\/www.qualitester.com\/wp-content\/uploads\/2025\/07\/2.CHT-01-soft-gel-capsule-hardness-tester2_11zon-600x600.webp 600w, https:\/\/www.qualitester.com\/wp-content\/uploads\/2025\/07\/2.CHT-01-soft-gel-capsule-hardness-tester2_11zon-100x100.webp 100w, https:\/\/www.qualitester.com\/wp-content\/uploads\/2025\/07\/2.CHT-01-soft-gel-capsule-hardness-tester2_11zon.webp 1080w\" sizes=\"(max-width: 300px) 100vw, 300px\" \/><\/p>\n<\/li>\n<li>\n<p class=\"my-0\">De\u011fi\u015fken test h\u0131z\u0131 ve hassas bile\u015fenleri, farkl\u0131 kaps\u00fcl \u00f6zelliklerine uyarlanabilirlik sunar.<\/p>\n<\/li>\n<li>\n<p class=\"my-0\">Farmas\u00f6tik ambalajlama ve stabilite i\u00e7in \u00e7ok \u00f6nemli olan s\u0131k\u0131\u015ft\u0131rma ve conta kopmas\u0131 gibi ger\u00e7ek\u00e7i stres senaryolar\u0131n\u0131 sim\u00fcle eder.<\/p>\n<\/li>\n<li>\n<p class=\"my-0\">Test cihaz\u0131n\u0131n otomatik geri d\u00f6n\u00fc\u015f fonksiyonu ve \u00e7oklu fikst\u00fcr se\u00e7enekleri verimi art\u0131r\u0131r ve manuel kullan\u0131m hatalar\u0131n\u0131 azaltarak test i\u015f ak\u0131\u015f\u0131n\u0131 kolayla\u015ft\u0131r\u0131r.<\/p>\n<\/li>\n<\/ul>\n<p class=\"my-0\">Bu geli\u015fmi\u015f test cihaz\u0131n\u0131 kalite g\u00fcvence prosed\u00fcrlerinize entegre ederek farmas\u00f6tik kalite standartlar\u0131na uygunlu\u011fu sa\u011flayabilir ve hasta g\u00fcvenli\u011fini art\u0131rabilirsiniz.<\/p>\n<hr \/>\n<h2 class=\"mb-xs mt-5 text-base font-[500] first:mt-0 dark:font-[475]\">Standartlar ve Profesyonel En \u0130yi Uygulamalar<\/h2>\n<p class=\"my-0\">ASTM ve ISO gibi uluslararas\u0131 standartlara uymak, sonu\u00e7lar\u0131n g\u00fcvenilirli\u011fini ve tekrarlanabilirli\u011fini garanti etmek i\u00e7in y\u0131rt\u0131lma testi s\u0131ras\u0131nda hayati \u00f6nem ta\u015f\u0131r. Jelatin kaps\u00fcl\u00fcn y\u0131rt\u0131lmas\u0131na y\u00f6nelik spesifik farmakope standartlar\u0131 farkl\u0131l\u0131k g\u00f6sterse de mekanik test normlar\u0131na uymak farmas\u00f6tik ambalajlar\u0131n b\u00fct\u00fcnl\u00fc\u011f\u00fcn\u00fc sa\u011flar ve ruhsatland\u0131rma ba\u015fvurular\u0131n\u0131 destekler.<\/p>\n<p class=\"my-0\">Sekt\u00f6r uzmanlar\u0131 tavsiye ediyor:<\/p>\n<ul class=\"marker:text-textOff list-disc\">\n<li>\n<p class=\"my-0\">\u00dcretim tutars\u0131zl\u0131klar\u0131n\u0131 tespit etmek i\u00e7in \u00fcretim partileri \u00fczerinde d\u00fczenli olarak kopma testlerinin yap\u0131lmas\u0131.<\/p>\n<\/li>\n<li>\n<p class=\"my-0\">Jelatin filmin kapsaml\u0131 mekanik profilini anlamak i\u00e7in sertlik ve \u00e7i\u00e7eklenme mukavemeti testlerinin birle\u015ftirilmesi.<\/p>\n<\/li>\n<li>\n<p class=\"my-0\">\u00dcretim ayarlamalar\u0131n\u0131 bilgilendirmek i\u00e7in kaps\u00fcl mukavemetindeki e\u011filimleri belgelemek ve analiz etmek.<\/p>\n<\/li>\n<\/ul>\n<hr \/>\n<h2>Sonu\u00e7: Bilgilendirilmi\u015f Test ile Kalite Kontrol\u00fcn Geli\u015ftirilmesi<\/h2>\n<h2><\/h2>\n<p class=\"my-0\">Bu\u00a0<strong>Yumu\u015fak jelatin kaps\u00fcller i\u00e7in y\u0131rt\u0131lma testi<\/strong>\u00a0kaps\u00fcllerin mekanik gerilimlere zarar g\u00f6rmeden dayanmas\u0131n\u0131 sa\u011flayan kritik bir kalite \u00f6nlemi olarak hizmet eder ve b\u00f6ylece \u00fcr\u00fcn etkinli\u011fini korur. Kaps\u00fcllerin\u00a0<strong>jelatin kaps\u00fcl sertlik testi<\/strong>\u00a0ve \u00e7i\u00e7eklenme g\u00fcc\u00fcn\u00fcn \u00f6l\u00e7\u00fclmesi kaps\u00fcl sa\u011flaml\u0131\u011f\u0131n\u0131n daha iyi anla\u015f\u0131lmas\u0131n\u0131 sa\u011flar.<\/p>\n<p class=\"my-0\"><a href=\"https:\/\/www.celtec.cn\" target=\"_blank\" rel=\"noopener nofollow\">H\u00fccre Enstr\u00fcmanlar\u0131<\/a> gibi g\u00fcvenilir, \u00f6zelle\u015ftirilebilir \u00e7\u00f6z\u00fcmler sunar. <a href=\"https:\/\/www.qualitester.com\/tr\/urun\/sale-soft-gel-capsule-hardness-tester\/\" target=\"_blank\" rel=\"noopener\"><strong>CHT-01 sertlik test cihaz\u0131<\/strong><\/a> do\u011fru ve verimli testler yap\u0131lmas\u0131n\u0131 kolayla\u015ft\u0131r\u0131r. Bu t\u00fcr ekipmanlardan yararlanmak ve en iyi uygulamalar\u0131 takip etmek, ila\u00e7 \u00fcreticilerinin ve kalite kontrol uzmanlar\u0131n\u0131n y\u00fcksek standartlar\u0131 korumas\u0131na, \u00fcr\u00fcn hatalar\u0131n\u0131 azaltmas\u0131na ve t\u00fcketici g\u00fcvenini art\u0131rmas\u0131na yard\u0131mc\u0131 olacakt\u0131r.<\/p>\n<p data-start=\"5570\" data-end=\"5722\">","protected":false},"excerpt":{"rendered":"<p>Rupture Test for Soft Gelatin Capsules Ensuring Capsule Strength and Integrity Soft gelatin capsules have become a crucial delivery system for vitamins, minerals, and pharmaceuticals, owing to their ability to safely enclose liquid fills within a gelatin shell. The effectiveness of these capsules depends significantly on the strength and quality of their gelatin film. The\u00a0rupture &hellip;<\/p>\n<p class=\"read-more\"> <a class=\"\" href=\"https:\/\/www.qualitester.com\/tr\/applications\/rupture-test-for-soft-gelatin-capsules\/\"> <span class=\"screen-reader-text\">Yumu\u015fak Jelatin Kaps\u00fcller Kopma Testi<\/span> Devam\u0131 \"<\/a><\/p>","protected":false},"author":3,"featured_media":0,"parent":6794,"menu_order":0,"comment_status":"closed","ping_status":"closed","template":"","meta":{"site-sidebar-layout":"default","site-content-layout":"default","ast-global-header-display":"","ast-main-header-display":"","ast-hfb-above-header-display":"","ast-hfb-below-header-display":"","ast-hfb-mobile-header-display":"","site-post-title":"","ast-breadcrumbs-content":"","ast-featured-img":"","footer-sml-layout":"","theme-transparent-header-meta":"default","adv-header-id-meta":"","stick-header-meta":"","header-above-stick-meta":"","header-main-stick-meta":"","header-below-stick-meta":"","footnotes":""},"class_list":["post-7000","page","type-page","status-publish","hentry"],"_links":{"self":[{"href":"https:\/\/www.qualitester.com\/tr\/wp-json\/wp\/v2\/pages\/7000","targetHints":{"allow":["GET"]}}],"collection":[{"href":"https:\/\/www.qualitester.com\/tr\/wp-json\/wp\/v2\/pages"}],"about":[{"href":"https:\/\/www.qualitester.com\/tr\/wp-json\/wp\/v2\/types\/page"}],"author":[{"embeddable":true,"href":"https:\/\/www.qualitester.com\/tr\/wp-json\/wp\/v2\/users\/3"}],"replies":[{"embeddable":true,"href":"https:\/\/www.qualitester.com\/tr\/wp-json\/wp\/v2\/comments?post=7000"}],"version-history":[{"count":0,"href":"https:\/\/www.qualitester.com\/tr\/wp-json\/wp\/v2\/pages\/7000\/revisions"}],"up":[{"embeddable":true,"href":"https:\/\/www.qualitester.com\/tr\/wp-json\/wp\/v2\/pages\/6794"}],"wp:attachment":[{"href":"https:\/\/www.qualitester.com\/tr\/wp-json\/wp\/v2\/media?parent=7000"}],"curies":[{"name":"wp","href":"https:\/\/api.w.org\/{rel}","templated":true}]}}