{"id":6818,"date":"2025-07-15T16:26:15","date_gmt":"2025-07-15T08:26:15","guid":{"rendered":"https:\/\/www.qualitester.com\/?page_id=6818"},"modified":"2025-07-15T16:27:57","modified_gmt":"2025-07-15T08:27:57","slug":"astm-f1140","status":"publish","type":"page","link":"https:\/\/www.qualitester.com\/tr\/standards\/astm-f1140\/","title":{"rendered":"ASTM F1140"},"content":{"rendered":"<h1 style=\"text-align: center;\">ASTM F1140<br \/>\n<small>Patlama Testi<\/small><\/h1>\n<hr \/>\n<p data-start=\"391\" data-end=\"755\"><a href=\"https:\/\/www.astm.org\/\" target=\"_blank\" rel=\"noopener nofollow\"><img decoding=\"async\" class=\"alignleft wp-image-6829\" src=\"https:\/\/www.qualitester.com\/wp-content\/uploads\/2025\/07\/ASTM_logo.svg_\u526f\u672c-300x300.webp\" alt=\"ASTM F1140-po\u015fet patlama test cihaz\u0131\" width=\"194\" height=\"194\" srcset=\"\" sizes=\"(max-width: 194px) 100vw, 194px\" data-srcset=\"\" \/><\/a>A\u015fa\u011f\u0131dakiler gibi modern end\u00fcstrilerde <strong data-start=\"420\" data-end=\"479\">t\u0131bbi cihazlar, eczac\u0131l\u0131k \u00fcr\u00fcnleri, g\u0131da ve elektronik<\/strong>, esnek ambalajlar, \u00fcr\u00fcn g\u00fcvenli\u011fi ve b\u00fct\u00fcnl\u00fc\u011f\u00fcn\u00fcn korunmas\u0131nda kritik bir rol oynar. Bu ambalajlar\u0131n i\u00e7 bas\u0131n\u00e7 de\u011fi\u015fimlerine dayanabilmesini sa\u011flamak i\u00e7in, <strong data-start=\"636\" data-end=\"650\">ASTM F1140<\/strong> s\u0131n\u0131rland\u0131r\u0131lmam\u0131\u015f ko\u015fullar alt\u0131nda ar\u0131za direncini de\u011ferlendirmek i\u00e7in bir dizi standartla\u015ft\u0131r\u0131lm\u0131\u015f prosed\u00fcr sunar.<\/p>\n<p data-start=\"757\" data-end=\"1093\"><strong data-start=\"757\" data-end=\"771\">ASTM F1140<\/strong> kullanarak m\u00fch\u00fcrs\u00fcz ve m\u00fch\u00fcrl\u00fc esnek paketleri test etmek i\u00e7in yayg\u0131n olarak tan\u0131nmaktad\u0131r. <strong data-start=\"849\" data-end=\"876\">dahi\u0307li\u0307 basin\u00e7landirma<\/strong>. Bu test y\u00f6ntemi, nakliye, sterilizasyon ve irtifa de\u011fi\u015fiklikleri gibi ger\u00e7ek d\u00fcnya ko\u015fullar\u0131n\u0131 sim\u00fcle ederek, ambalaj malzemelerinin veya contalar\u0131n artan veya s\u00fcrekli bas\u0131n\u00e7 alt\u0131nda bozuldu\u011fu noktay\u0131 belirlemeye yard\u0131mc\u0131 olur.<\/p>\n<hr \/>\n<h2>\u0130\u00e7 Bas\u0131n\u00e7 Test Y\u00f6ntemleri: Patlama, S\u00fcr\u00fcnme ve Pozitif Bas\u0131n\u00e7 S\u0131z\u0131nt\u0131 Testi<\/h2>\n<h3>Patlama Testi: Maksimum Ar\u0131za Bas\u0131nc\u0131n\u0131n De\u011ferlendirilmesi<\/h3>\n<p data-start=\"1238\" data-end=\"1547\">Bu <strong data-start=\"1242\" data-end=\"1256\">patlama testi<\/strong> alt\u0131nda en s\u0131k uygulanan y\u00f6ntemlerden biridir. <strong data-start=\"1307\" data-end=\"1321\">ASTM F1140<\/strong>. kademeli olarak art\u0131r\u0131lmas\u0131n\u0131 i\u00e7erir. <strong data-start=\"1360\" data-end=\"1381\">i\u00e7 bas\u0131n\u00e7<\/strong> bir malzeme veya conta kopmas\u0131 meydana gelene kadar bir paket i\u00e7inde. Bu test, a\u015fa\u011f\u0131dakileri belirlemek i\u00e7in gereklidir <strong data-start=\"1483\" data-end=\"1503\">maksimum bas\u0131n\u00e7<\/strong> ambalaj\u0131n ar\u0131zalanmadan \u00f6nce dayanabilece\u011fi s\u00fcre.<\/p>\n<p data-start=\"1549\" data-end=\"1580\"><strong data-start=\"1549\" data-end=\"1580\">\u00d6nemli hususlar \u015funlard\u0131r:<\/strong><\/p>\n<ul>\n<li data-start=\"1584\" data-end=\"1625\">A\u00e7\u0131k veya kapal\u0131 paket test d\u00fczeneklerinin kullan\u0131m\u0131<\/li>\n<li data-start=\"1628\" data-end=\"1661\">Kontroll\u00fc bas\u0131n\u00e7land\u0131rma oran\u0131<\/li>\n<li data-start=\"1664\" data-end=\"1720\">Patlama bas\u0131nc\u0131n\u0131n ve ar\u0131za yerinin hassas kayd\u0131<\/li>\n<\/ul>\n<p data-start=\"1722\" data-end=\"1907\">Bu <strong data-start=\"1726\" data-end=\"1764\">Cell Instruments LSST-01 A\u00e7\u0131k Paket<\/strong> bu t\u00fcr uygulamalar i\u00e7in \u00f6zel olarak tasarlanm\u0131\u015ft\u0131r ve g\u00fcvenilirli\u011fi ve izlenebilirli\u011fi art\u0131rmak i\u00e7in hassas kontrol ve ger\u00e7ek zamanl\u0131 veri kayd\u0131 sunar.<\/p>\n<div class=\"ast-oembed-container\" style=\"height: 100%;\"><iframe title=\"Dahili hava patlamas\u0131 test cihaz\u0131 bas\u0131n\u00e7 bozunma y\u00f6ntemi geni\u015f numune katlama\" width=\"500\" height=\"281\" src=\"https:\/\/www.youtube.com\/embed\/F8bgKIrB-bc?feature=oembed\" frameborder=\"0\" allow=\"accelerometer; autoplay; clipboard-write; encrypted-media; gyroscope; picture-in-picture; web-share\" referrerpolicy=\"strict-origin-when-cross-origin\" allowfullscreen><\/iframe><\/div>\n<h3 data-start=\"1722\" data-end=\"1907\">S\u00fcr\u00fcnme Testi ve Ar\u0131zaya S\u00fcr\u00fcnme: Bas\u0131n\u00e7 Dayan\u0131kl\u0131l\u0131\u011f\u0131n\u0131n De\u011ferlendirilmesi<\/h3>\n<p data-start=\"1976\" data-end=\"2305\">Bu <strong data-start=\"1980\" data-end=\"1994\">s\u00fcr\u00fcnme testi<\/strong> (Y\u00f6ntem B1) paketi bir <strong data-start=\"2033\" data-end=\"2064\">belirtilen pozitif bas\u0131n\u00e7<\/strong> Sabit bir s\u00fcre boyunca (genellikle 15-30 saniye) hatas\u0131z bir \u015fekilde b\u00fct\u00fcnl\u00fc\u011f\u00fcn\u00fc koruyup korumad\u0131\u011f\u0131n\u0131 g\u00f6zlemlemek i\u00e7in. Bunun tersine <strong data-start=\"2178\" data-end=\"2198\">ba\u015far\u0131s\u0131zl\u0131\u011fa do\u011fru s\u00fcr\u00fcnme<\/strong> testi (Y\u00f6ntem B2), kopmaya kadar bas\u0131nc\u0131 koruyarak, a\u015fa\u011f\u0131dakiler hakk\u0131nda fikir verir <strong data-start=\"2273\" data-end=\"2292\">ba\u015far\u0131s\u0131zl\u0131k s\u00fcresi<\/strong> performans.<\/p>\n<p data-start=\"2307\" data-end=\"2463\">Bu y\u00f6ntemler, hemen patlamayan ancak sabit y\u00fck alt\u0131nda deforme olabilen veya delaminasyona u\u011frayabilen ambalaj malzemelerini incelerken \u00f6zellikle de\u011ferlidir.<\/p>\n<p data-start=\"2465\" data-end=\"2486\">Uygulamalar \u015funlar\u0131 i\u00e7erir:<\/p>\n<ul>\n<li data-start=\"2490\" data-end=\"2518\">Steril bariyer do\u011frulamas\u0131<\/li>\n<li data-start=\"2521\" data-end=\"2559\">Zaman i\u00e7inde conta b\u00fct\u00fcnl\u00fc\u011f\u00fcn\u00fcn de\u011ferlendirilmesi<\/li>\n<li data-start=\"2562\" data-end=\"2603\">Statik bas\u0131n\u00e7 alt\u0131nda malzeme kar\u015f\u0131la\u015ft\u0131rmas\u0131<\/li>\n<\/ul>\n<p data-start=\"2605\" data-end=\"2834\">Bu testleri do\u011fru bir \u015fekilde yapmak i\u00e7in bir <strong data-start=\"2651\" data-end=\"2682\">pozi\u0307ti\u0307f basin\u00e7 sizinti testi\u0307<\/strong> hassas bas\u0131n\u00e7 reg\u00fclasyonlu sistem, duyarl\u0131 sens\u00f6rler ve bir <strong data-start=\"2748\" data-end=\"2767\">otomati\u0307k zamanlayici<\/strong>-Bunlar\u0131n hepsi Cell Instruments'\u0131n LSST-01 sistemine entegre edilmi\u015ftir.<\/p>\n<hr \/>\n<h2 data-start=\"2605\" data-end=\"2834\">Bas\u0131n\u00e7 \u00c7\u00fcr\u00fcmesi Y\u00f6ntemi Neden ASTM F1140'\u0131n Bir Par\u00e7as\u0131 De\u011fildir?<\/h2>\n<p data-start=\"2901\" data-end=\"3263\">Bu arada <strong data-start=\"2911\" data-end=\"2936\">bas\u0131n\u00e7 bozunma y\u00f6ntemi<\/strong> s\u0131z\u0131nt\u0131 tespiti i\u00e7in yayg\u0131n olarak kullan\u0131l\u0131r, ancak ASTM F1140 i\u00e7inde belirtilen bir prosed\u00fcr de\u011fildir. Bunun yerine, ASTM F1140 do\u011frudan bas\u0131n\u00e7land\u0131rma hatas\u0131 de\u011ferlendirmelerine odaklanmaktad\u0131r. Bununla birlikte, tamamlay\u0131c\u0131 bir test olarak bas\u0131n\u00e7 bozunmas\u0131n\u0131n entegre edilmesi, \u00f6zellikle patlama ve s\u00fcr\u00fcnme testleriyle birlikte kullan\u0131ld\u0131\u011f\u0131nda, paket kalitesine ili\u015fkin daha geni\u015f bilgiler sa\u011flayabilir.<\/p>\n<hr \/>\n<h2 data-start=\"2901\" data-end=\"3263\">ASTM F1140 ile Uyumlu Bir Torba Patlama Test Cihaz\u0131 Kullanman\u0131n Avantajlar\u0131<\/h2>\n<p data-start=\"3341\" data-end=\"3487\">Tutarl\u0131, tekrarlanabilir sonu\u00e7lar i\u00e7in \u00f6zel bir <strong data-start=\"3391\" data-end=\"3413\">po\u015fet patlama test cihaz\u0131<\/strong>-gibi <strong data-start=\"3423\" data-end=\"3461\">Cell Instruments LSST-01 A\u00e7\u0131k Paket<\/strong>-kritik faydalar sunar:<\/p>\n<ul>\n<li data-start=\"3491\" data-end=\"3527\"><strong data-start=\"3491\" data-end=\"3510\">\u00c7ift test modu<\/strong>: patlama ve s\u00fcr\u00fcnme<\/li>\n<li data-start=\"3530\" data-end=\"3585\"><strong data-start=\"3530\" data-end=\"3557\">Esnek fikst\u00fcr tasar\u0131m\u0131<\/strong> a\u00e7\u0131k veya kapal\u0131 ambalajlar i\u00e7in<\/li>\n<li data-start=\"3588\" data-end=\"3626\"><strong data-start=\"3588\" data-end=\"3626\">Do\u011fru i\u00e7 bas\u0131n\u00e7 kontrol\u00fc<\/strong><\/li>\n<li data-start=\"3629\" data-end=\"3672\"><strong data-start=\"3629\" data-end=\"3650\">Veri izlenebilirli\u011fi<\/strong> dijital aray\u00fcz arac\u0131l\u0131\u011f\u0131yla<\/li>\n<li data-start=\"3675\" data-end=\"3727\"><strong data-start=\"3675\" data-end=\"3689\">Uyumluluk<\/strong> ASTM F1140 ve ilgili standartlar ile<\/li>\n<\/ul>\n<p data-start=\"3729\" data-end=\"3877\">Kalite kontrol uzmanlar\u0131 LSST-01'i kullanarak geli\u015ftirme, \u00fcretim ve do\u011frulama s\u00fcre\u00e7leri boyunca paket b\u00fct\u00fcnl\u00fc\u011f\u00fcn\u00fc g\u00fcvenilir bir \u015fekilde izleyebilir.<\/p>\n<hr \/>\n<h2 style=\"text-align: left;\" data-start=\"3729\" data-end=\"3877\">ASTM F1140 Testinden Yararlanan Uygulama Senaryolar\u0131 ve Sekt\u00f6rler<\/h2>\n<p data-start=\"3960\" data-end=\"4027\">ASTM F1140 uyar\u0131nca yap\u0131lan testler \u00f6zellikle a\u015fa\u011f\u0131dakiler i\u00e7in ge\u00e7erlidir:<\/p>\n<ul>\n<li data-start=\"4031\" data-end=\"4087\"><strong data-start=\"4031\" data-end=\"4059\">T\u0131bbi cihaz ambalajlar\u0131<\/strong>, \u00f6zellikle steril po\u015fetler<\/li>\n<li data-start=\"4090\" data-end=\"4134\"><strong data-start=\"4090\" data-end=\"4122\">Farmas\u00f6tik blister ambalajlar<\/strong> ve po\u015fetler<\/li>\n<li data-start=\"4137\" data-end=\"4205\"><strong data-start=\"4137\" data-end=\"4170\">G\u0131da s\u0131n\u0131f\u0131 esnek ambalajlar<\/strong> vakum veya y\u00fcksek bas\u0131nca maruz kalan<\/li>\n<li data-start=\"4208\" data-end=\"4264\"><strong data-start=\"4208\" data-end=\"4233\">Elektronik bile\u015fenler<\/strong> nemsiz kalmas\u0131 gereken<\/li>\n<li data-start=\"4267\" data-end=\"4343\"><strong data-start=\"4267\" data-end=\"4298\">Kalite denetim kurulu\u015flar\u0131<\/strong> standart temelli sertifikasyon testi aray\u0131\u015f\u0131<\/li>\n<\/ul>\n<p data-start=\"4345\" data-end=\"4558\"><a href=\"https:\/\/www.qualitester.com\/tr\/\">H\u00fccre Enstr\u00fcmanlar\u0131<\/a> sadece y\u00fcksek performansl\u0131 test sistemleri sunmakla kalmay\u0131p ayn\u0131 zamanda t\u00fcm bu sekt\u00f6rler i\u00e7in geli\u015fmi\u015f \u00e7\u00f6z\u00fcmler sunmaktad\u0131r. <strong data-start=\"4472\" data-end=\"4501\">\u00f6zel otomasyon se\u00e7enekleri\u0307<\/strong> belirli malzemelere ve ambalaj geometrilerine g\u00f6re uyarlanm\u0131\u015ft\u0131r.<\/p>\n<hr \/>\n<h2 style=\"text-align: left;\" data-start=\"4345\" data-end=\"4558\"><img fetchpriority=\"high\" decoding=\"async\" class=\"alignleft wp-image-6832\" src=\"https:\/\/www.qualitester.com\/wp-content\/uploads\/2025\/07\/Headquarters_\u526f\u672c2-300x300.webp\" alt=\"ASTM F1140-i\u00e7 bas\u0131n\u00e7\" width=\"236\" height=\"236\" srcset=\"https:\/\/www.qualitester.com\/wp-content\/uploads\/2025\/07\/Headquarters_\u526f\u672c2-300x300.webp 300w, https:\/\/www.qualitester.com\/wp-content\/uploads\/2025\/07\/Headquarters_\u526f\u672c2-1024x1024.webp 1024w, https:\/\/www.qualitester.com\/wp-content\/uploads\/2025\/07\/Headquarters_\u526f\u672c2-150x150.webp 150w, https:\/\/www.qualitester.com\/wp-content\/uploads\/2025\/07\/Headquarters_\u526f\u672c2-768x768.webp 768w, https:\/\/www.qualitester.com\/wp-content\/uploads\/2025\/07\/Headquarters_\u526f\u672c2-12x12.webp 12w, https:\/\/www.qualitester.com\/wp-content\/uploads\/2025\/07\/Headquarters_\u526f\u672c2-600x600.webp 600w, https:\/\/www.qualitester.com\/wp-content\/uploads\/2025\/07\/Headquarters_\u526f\u672c2-100x100.webp 100w, https:\/\/www.qualitester.com\/wp-content\/uploads\/2025\/07\/Headquarters_\u526f\u672c2.webp 1200w\" sizes=\"(max-width: 236px) 100vw, 236px\" \/>Neden Cell Instruments'\u0131 Se\u00e7melisiniz?<\/h2>\n<p data-start=\"4598\" data-end=\"4893\">At <strong data-start=\"4601\" data-end=\"4631\">Cell Instruments Co., Ltd.<\/strong>, geli\u015ftirme konusunda uzman\u0131z <strong data-start=\"4661\" data-end=\"4704\">hassas malzeme test aletleri\u0307<\/strong> ambalaj, t\u0131bbi ve farmas\u00f6tik uygulamalar i\u00e7in. Ekipmanlar\u0131m\u0131z ASTM, ISO ve TAPPI dahil olmak \u00fczere k\u00fcresel test standartlar\u0131n\u0131 kar\u015f\u0131layacak \u015fekilde \u00fcretilmi\u015ftir ve uzman ekibimiz m\u00fc\u015fterilerimizi \u015fu konularda desteklemektedir:<\/p>\n<ul>\n<li data-start=\"4897\" data-end=\"4930\"><strong data-start=\"4897\" data-end=\"4930\">\u00d6zel test konfig\u00fcrasyonlar\u0131<\/strong><\/li>\n<li data-start=\"4933\" data-end=\"4964\"><strong data-start=\"4933\" data-end=\"4964\">Tam otomasyon entegrasyonu<\/strong><\/li>\n<li data-start=\"4967\" data-end=\"5003\"><strong data-start=\"4967\" data-end=\"5003\">Yerinde e\u011fitim ve kalibrasyon<\/strong><\/li>\n<li data-start=\"5006\" data-end=\"5034\"><strong data-start=\"5006\" data-end=\"5034\">H\u0131zl\u0131 teknik destek<\/strong><\/li>\n<\/ul>\n<hr \/>\n<h2 style=\"text-align: left;\"><a href=\"https:\/\/www.qualitester.com\/tr\/urun\/best-balloon-burst-tester-for-sale\/\"><img decoding=\"async\" class=\"alignright wp-image-6833\" src=\"https:\/\/www.qualitester.com\/wp-content\/uploads\/2025\/07\/Balloon-Burst-Tester--300x300.webp\" alt=\"ASTM F1140-bas\u0131n\u00e7l\u0131 \u00e7\u00fcr\u00fcme y\u00f6ntemi\" width=\"240\" height=\"240\" srcset=\"https:\/\/www.qualitester.com\/wp-content\/uploads\/2025\/07\/Balloon-Burst-Tester--300x300.webp 300w, https:\/\/www.qualitester.com\/wp-content\/uploads\/2025\/07\/Balloon-Burst-Tester--150x150.webp 150w, https:\/\/www.qualitester.com\/wp-content\/uploads\/2025\/07\/Balloon-Burst-Tester--12x12.webp 12w, https:\/\/www.qualitester.com\/wp-content\/uploads\/2025\/07\/Balloon-Burst-Tester--100x100.webp 100w, https:\/\/www.qualitester.com\/wp-content\/uploads\/2025\/07\/Balloon-Burst-Tester-.webp 600w\" sizes=\"(max-width: 240px) 100vw, 240px\" \/><\/a>Sonu\u00e7<\/h2>\n<p style=\"text-align: center;\"><strong data-start=\"5056\" data-end=\"5070\">ASTM F1140<\/strong> esnek ambalajlar\u0131n i\u00e7 bas\u0131n\u00e7 alt\u0131nda g\u00fcvenli\u011fini ve dayan\u0131kl\u0131l\u0131\u011f\u0131n\u0131 sa\u011flamak i\u00e7in gereklidir. \u0130ster bir <strong data-start=\"5191\" data-end=\"5205\">patlama testi<\/strong>, a <strong data-start=\"5209\" data-end=\"5240\">pozi\u0307ti\u0307f basin\u00e7 sizinti testi\u0307<\/strong>, veya uzun vadeli analiz kullanarak <strong data-start=\"5274\" data-end=\"5311\">s\u00fcr\u00fcnme veya s\u00fcr\u00fcnerek k\u0131r\u0131lma y\u00f6ntemleri<\/strong>, kalite g\u00fcvencesi \u015funlara ba\u011fl\u0131d\u0131r <strong data-start=\"5342\" data-end=\"5388\">g\u00fcvenilir ve standartlara uygun ekipman<\/strong>. Bu <a href=\"https:\/\/www.qualitester.com\/tr\/urun\/best-balloon-burst-tester-for-sale\/\"><strong data-start=\"5394\" data-end=\"5434\">LSST-01 A\u00e7\u0131k Paket po\u015fet patlama test cihaz\u0131<\/strong><\/a> itibaren <strong data-start=\"5440\" data-end=\"5460\">H\u00fccre Enstr\u00fcmanlar\u0131<\/strong> \u00e7e\u015fitli sekt\u00f6rlerdeki ambalaj profesyonellerini desteklemek i\u00e7in gerekli hassasiyeti, uyarlanabilirli\u011fi ve uyumlulu\u011fu sunar.<\/p>","protected":false},"excerpt":{"rendered":"<p>ASTM F1140 Burst Testing In modern industries such as medical devices, pharmaceuticals, food, and electronics, flexible packaging plays a critical role in maintaining product safety and integrity. To ensure these packages can withstand internal pressure variations, ASTM F1140 offers a set of standardized procedures for evaluating failure resistance under unrestrained conditions. ASTM F1140 is widely &hellip;<\/p>\n<p class=\"read-more\"> <a class=\"\" href=\"https:\/\/www.qualitester.com\/tr\/standards\/astm-f1140\/\"> <span class=\"screen-reader-text\">ASTM F1140<\/span> Devam\u0131 \"<\/a><\/p>","protected":false},"author":3,"featured_media":0,"parent":4948,"menu_order":0,"comment_status":"closed","ping_status":"closed","template":"","meta":{"site-sidebar-layout":"default","site-content-layout":"default","ast-global-header-display":"","ast-main-header-display":"","ast-hfb-above-header-display":"","ast-hfb-below-header-display":"","ast-hfb-mobile-header-display":"","site-post-title":"","ast-breadcrumbs-content":"","ast-featured-img":"","footer-sml-layout":"","theme-transparent-header-meta":"default","adv-header-id-meta":"","stick-header-meta":"","header-above-stick-meta":"","header-main-stick-meta":"","header-below-stick-meta":"","footnotes":""},"class_list":["post-6818","page","type-page","status-publish","hentry"],"_links":{"self":[{"href":"https:\/\/www.qualitester.com\/tr\/wp-json\/wp\/v2\/pages\/6818","targetHints":{"allow":["GET"]}}],"collection":[{"href":"https:\/\/www.qualitester.com\/tr\/wp-json\/wp\/v2\/pages"}],"about":[{"href":"https:\/\/www.qualitester.com\/tr\/wp-json\/wp\/v2\/types\/page"}],"author":[{"embeddable":true,"href":"https:\/\/www.qualitester.com\/tr\/wp-json\/wp\/v2\/users\/3"}],"replies":[{"embeddable":true,"href":"https:\/\/www.qualitester.com\/tr\/wp-json\/wp\/v2\/comments?post=6818"}],"version-history":[{"count":0,"href":"https:\/\/www.qualitester.com\/tr\/wp-json\/wp\/v2\/pages\/6818\/revisions"}],"up":[{"embeddable":true,"href":"https:\/\/www.qualitester.com\/tr\/wp-json\/wp\/v2\/pages\/4948"}],"wp:attachment":[{"href":"https:\/\/www.qualitester.com\/tr\/wp-json\/wp\/v2\/media?parent=6818"}],"curies":[{"name":"wp","href":"https:\/\/api.w.org\/{rel}","templated":true}]}}