{"id":6805,"date":"2025-07-15T16:40:14","date_gmt":"2025-07-15T08:40:14","guid":{"rendered":"https:\/\/www.qualitester.com\/?page_id=6805"},"modified":"2025-07-15T16:40:14","modified_gmt":"2025-07-15T08:40:14","slug":"astm-f2096","status":"publish","type":"page","link":"https:\/\/www.qualitester.com\/tr\/standards\/astm-f2096\/","title":{"rendered":"ASTM F2096"},"content":{"rendered":"<h1 style=\"text-align: center;\">ASTM F2096<br \/>\n<small>Br\u00fct Kabarc\u0131k S\u0131z\u0131nt\u0131 Testi<\/small><\/h1>\n<hr \/>\n<p data-start=\"328\" data-end=\"647\"><strong data-start=\"328\" data-end=\"342\"><a href=\"https:\/\/www.qualitester.com\/tr\/\"><img decoding=\"async\" class=\"alignleft wp-image-6814\" src=\"https:\/\/www.qualitester.com\/wp-content\/uploads\/2025\/07\/Headquarters_\u526f\u672c-300x300.webp\" alt=\"ASTM F2096-br\u00fct s\u0131z\u0131nt\u0131 kabarc\u0131k test cihaz\u0131\" width=\"199\" height=\"199\" srcset=\"\" sizes=\"(max-width: 199px) 100vw, 199px\" data-srcset=\"\" \/><\/a>ASTM F2096<\/strong> i\u00e7in kullan\u0131lan yayg\u0131n olarak tan\u0131nan standart bir test y\u00f6ntemidir. <strong data-start=\"396\" data-end=\"434\">ambalajlardaki br\u00fct s\u0131z\u0131nt\u0131lar\u0131n tespiti<\/strong> olarak bilinen i\u00e7 bas\u0131n\u00e7land\u0131rma yoluyla <strong data-start=\"490\" data-end=\"510\">kabarc\u0131k s\u0131z\u0131nt\u0131 testi<\/strong>. Bu test t\u0131bbi cihazlar, farmas\u00f6tikler ve di\u011fer y\u00fcksek b\u00fct\u00fcnl\u00fckl\u00fc ambalaj sekt\u00f6rleri i\u00e7in kalite g\u00fcvence protokollerinde kritik \u00f6neme sahiptir.<\/p>\n<p data-start=\"649\" data-end=\"924\">Y\u00f6ntem, bir paketin su alt\u0131na dald\u0131r\u0131lmas\u0131n\u0131 ve i\u00e7ine hava enjekte edilmesini i\u00e7erir. G\u00f6r\u00fcn\u00fcr bir <strong data-start=\"738\" data-end=\"759\">baloncuk ak\u0131\u015f\u0131<\/strong> bir s\u0131z\u0131nt\u0131 yolunu veya s\u0131zd\u0131rmazl\u0131k ar\u0131zas\u0131n\u0131 g\u00f6sterir. Uygulama kolayl\u0131\u011f\u0131, g\u00f6rsel netli\u011fi ve \u00e7e\u015fitli ambalaj t\u00fcrlerini idare edebilme yetene\u011fi, onu sekt\u00f6rde tercih edilen bir se\u00e7enek haline getirmektedir.<\/p>\n<p data-start=\"926\" data-end=\"1127\">Cell Instruments olarak, ASTM F2096 i\u00e7in \u00f6zel olarak tasarlanm\u0131\u015f y\u00fcksek performansl\u0131 test \u00e7\u00f6z\u00fcmleri sunuyoruz. <a href=\"https:\/\/www.qualitester.com\/tr\/urun\/sale-gross-bubble-leak-test-equipment\/\"><strong data-start=\"1030\" data-end=\"1065\">GLT-01 Br\u00fct S\u0131z\u0131nt\u0131 Kabarc\u0131k Test Cihaz\u0131<\/strong><\/a>, hassas ve do\u011fru kabarc\u0131k emisyon testleri i\u00e7in tasarlanm\u0131\u015ft\u0131r.<\/p>\n<hr \/>\n<h2 data-start=\"926\" data-end=\"1127\">Kabarc\u0131k S\u0131z\u0131nt\u0131 Testi Prosed\u00fcr\u00fcne Genel Bak\u0131\u015f<\/h2>\n<h3 data-start=\"1181\" data-end=\"1227\">Paket B\u00fct\u00fcnl\u00fc\u011f\u00fc i\u00e7in Kabarc\u0131k Emisyon Testi<\/h3>\n<p data-start=\"1229\" data-end=\"1468\">Bu <strong data-start=\"1233\" data-end=\"1257\">kabarc\u0131k emisyon testi<\/strong> ASTM F2096 kapsam\u0131nda ambalajlamada ger\u00e7ek d\u00fcnya ar\u0131za senaryolar\u0131n\u0131 sim\u00fcle etmek i\u00e7in tasarlanm\u0131\u015ft\u0131r. A\u015fa\u011f\u0131dakiler gibi kusurlar\u0131 de\u011ferlendirir <strong data-start=\"1371\" data-end=\"1388\">conta ar\u0131zalar\u0131<\/strong>, <strong data-start=\"1390\" data-end=\"1402\">i\u011fne delikleri<\/strong>, veya <strong data-start=\"1407\" data-end=\"1426\">malzeme \u00e7atlaklar\u0131<\/strong>, \u00dcr\u00fcn sterilitesinin ve g\u00fcvenli\u011finin sa\u011flanmas\u0131.<\/p>\n<p data-start=\"1470\" data-end=\"1506\">\u0130ki temel prosed\u00fcr ana hatlar\u0131yla belirtilmi\u015ftir:<\/p>\n<ul>\n<li data-start=\"1510\" data-end=\"1551\"><strong data-start=\"1510\" data-end=\"1527\">Test Y\u00f6ntemi A<\/strong> g\u00f6zeneksiz ambalajlar i\u00e7in<\/li>\n<li data-start=\"1554\" data-end=\"1607\"><strong data-start=\"1554\" data-end=\"1571\">Test Y\u00f6ntemi B<\/strong> g\u00f6zenekli malzemeler i\u00e7in (\u00f6rn. Tyvek\u00ae)<\/li>\n<\/ul>\n<p data-start=\"1609\" data-end=\"1640\">Tipik test ad\u0131mlar\u0131 \u015funlar\u0131 i\u00e7erir:<\/p>\n<ol>\n<li data-start=\"1644\" data-end=\"1690\">Pakette kontroll\u00fc bir delinme yarat\u0131r.<\/li>\n<li data-start=\"1694\" data-end=\"1745\">Yakla\u015f\u0131k 25,4 mm suyun alt\u0131na dald\u0131r\u0131lmas\u0131.<\/li>\n<li data-start=\"1749\" data-end=\"1791\">\u00d6nceden belirlenmi\u015f bir bas\u0131n\u00e7ta hava enjekte edilmesi.<\/li>\n<li data-start=\"1795\" data-end=\"1841\">S\u0131z\u0131nt\u0131lar\u0131 g\u00f6steren kabarc\u0131k ak\u0131\u015flar\u0131n\u0131n g\u00f6zlemlenmesi.<\/li>\n<\/ol>\n<p data-start=\"1843\" data-end=\"1972\">Bu <strong data-start=\"1848\" data-end=\"1872\">br\u00fct ka\u00e7ak tespi\u0307ti\u0307<\/strong> y\u00f6ntemi <strong data-start=\"1883\" data-end=\"1898\">y\u0131k\u0131c\u0131<\/strong> ve tasar\u0131m do\u011frulama, kalite kontrol ve uygunluk testleri i\u00e7in idealdir.<\/p>\n<div class=\"ast-oembed-container\" style=\"height: 100%;\"><iframe title=\"ASTM F2096 t\u0131bbi ambalajlar i\u00e7in br\u00fct s\u0131z\u0131nt\u0131 testi\" width=\"500\" height=\"281\" src=\"https:\/\/www.youtube.com\/embed\/r9kJf2d8xDw?feature=oembed\" frameborder=\"0\" allow=\"accelerometer; autoplay; clipboard-write; encrypted-media; gyroscope; picture-in-picture; web-share\" referrerpolicy=\"strict-origin-when-cross-origin\" allowfullscreen><\/iframe><\/div>\n<hr \/>\n<h2 data-start=\"1843\" data-end=\"1972\">Br\u00fct Ka\u00e7ak Kabarc\u0131k Test Cihaz\u0131: Rol\u00fc ve \u00d6nemi<\/h2>\n<p data-start=\"2029\" data-end=\"2136\">ASTM F2096'y\u0131 etkin bir \u015fekilde ger\u00e7ekle\u015ftirmek i\u00e7in <strong data-start=\"2066\" data-end=\"2094\">br\u00fct s\u0131z\u0131nt\u0131 kabarc\u0131k test cihaz\u0131<\/strong> \u00e7ok \u00f6nemlidir. Bu aparat \u015funlardan olu\u015fur:<\/p>\n<ul>\n<li data-start=\"2140\" data-end=\"2201\">Bir bas\u0131n\u00e7 da\u011f\u0131t\u0131m sistemi ile <strong data-start=\"2174\" data-end=\"2201\">hava alma kontrol valfi<\/strong><\/li>\n<li data-start=\"2204\" data-end=\"2242\">\u015eeffaf bir <strong data-start=\"2218\" data-end=\"2242\">su dald\u0131rma tank\u0131<\/strong><\/li>\n<li data-start=\"2245\" data-end=\"2301\">\u0130\u00e7 bas\u0131nc\u0131 delmek ve izlemek i\u00e7in bir cihaz<\/li>\n<\/ul>\n<p data-start=\"2303\" data-end=\"2437\">D\u00fczg\u00fcn kalibre edilmi\u015f bir test cihaz\u0131 kullanmak, tekrarlanabilir ve <strong data-start=\"2361\" data-end=\"2388\">do\u011fru s\u0131z\u0131nt\u0131 tespiti<\/strong>, Yanl\u0131\u015f pozitifleri veya g\u00f6zden ka\u00e7an kusurlar\u0131 azalt\u0131r.<\/p>\n<p data-start=\"2439\" data-end=\"2534\"><strong data-start=\"2439\" data-end=\"2485\"><a href=\"https:\/\/www.qualitester.com\/tr\/\">H\u00fccre Enstr\u00fcmanlar\u0131<\/a>\u2019 GLT-01 Br\u00fct S\u0131z\u0131nt\u0131 Test Cihaz\u0131<\/strong> bu standart i\u00e7in \u00f6zel olarak \u00fcretilmi\u015ftir. Destekler:<\/p>\n<ul>\n<li data-start=\"2537\" data-end=\"2577\">Hassas d\u00fc\u015f\u00fck bas\u0131n\u00e7 kontrol\u00fc (0-50 mbar)<\/li>\n<li data-start=\"2580\" data-end=\"2635\">Daha iyi g\u00f6r\u00fcn\u00fcrl\u00fck i\u00e7in \u015feffaf g\u00f6zlem odas\u0131<\/li>\n<li data-start=\"2638\" data-end=\"2687\">Farkl\u0131 paket formatlar\u0131 i\u00e7in \u00f6zelle\u015ftirilebilir armat\u00fcrler<\/li>\n<\/ul>\n<p data-start=\"2689\" data-end=\"2849\">Bu da onu a\u015fa\u011f\u0131daki sekt\u00f6rlerdeki \u00fcreticiler i\u00e7in ideal bir \u00e7\u00f6z\u00fcm haline getirir <strong data-start=\"2742\" data-end=\"2779\">t\u0131bbi, g\u0131da ve farmas\u00f6tik<\/strong> kat\u0131 ambalaj b\u00fct\u00fcnl\u00fc\u011f\u00fc standartlar\u0131na uymak zorunda olan end\u00fcstriler.<\/p>\n<hr \/>\n<h2 data-start=\"2689\" data-end=\"2849\">ASTM F2096'n\u0131n End\u00fcstride Uygulanmas\u0131<\/h2>\n<h3>ASTM F2096 Neden \u00d6nemlidir?<\/h3>\n<p data-start=\"2926\" data-end=\"2974\">Sa\u011flanmas\u0131 <strong data-start=\"2935\" data-end=\"2956\">paket b\u00fct\u00fcnl\u00fc\u011f\u00fc<\/strong> i\u00e7in gereklidir:<\/p>\n<ul>\n<li data-start=\"2977\" data-end=\"3021\"><strong data-start=\"2977\" data-end=\"3000\">Sterilite g\u00fcvencesi<\/strong> t\u0131bbi ambalajlamada<\/li>\n<li data-start=\"3024\" data-end=\"3067\"><strong data-start=\"3024\" data-end=\"3049\">Kontaminasyon kontrol\u00fc<\/strong> g\u0131da ambalajlar\u0131nda<\/li>\n<li data-start=\"3070\" data-end=\"3114\"><strong data-start=\"3070\" data-end=\"3094\">Raf \u00f6mr\u00fc stabilitesi<\/strong> farmas\u00f6tikler i\u00e7in<\/li>\n<\/ul>\n<p data-start=\"3116\" data-end=\"3410\">Bu standart, a\u015fa\u011f\u0131dakileri sa\u011flayarak mevzuat ve m\u00fc\u015fteri beklentilerini destekler <strong data-start=\"3189\" data-end=\"3236\">g\u00f6rsel ve basit bir b\u00fct\u00fcnl\u00fck testi<\/strong> \u00f6l\u00e7\u00fclebilir hassasiyetle. Standarda g\u00f6re, a\u015fa\u011f\u0131daki kadar k\u00fc\u00e7\u00fck s\u0131z\u0131nt\u0131lar\u0131 tespit edebilir <strong data-start=\"3327\" data-end=\"3337\">250 \u03bcm<\/strong> ile <strong data-start=\"3343\" data-end=\"3362\">81% olas\u0131l\u0131k<\/strong>, Bu da onu y\u00fcksek riskli uygulamalar i\u00e7in uygun hale getirir.<\/p>\n<p data-start=\"3412\" data-end=\"3563\">ASTM F2096'y\u0131 rutin bir kalite kontrol y\u00f6ntemi olarak benimseyen \u00fcreticiler a\u015fa\u011f\u0131daki hususlara ba\u011fl\u0131l\u0131klar\u0131n\u0131 g\u00f6stermektedir <strong data-start=\"3496\" data-end=\"3514\">\u00fcr\u00fcn g\u00fcvenli\u0307\u011fi\u0307<\/strong>, <strong data-start=\"3516\" data-end=\"3541\">mevzuata uygunluk<\/strong>, ve <strong data-start=\"3547\" data-end=\"3562\">marka g\u00fcveni\u0307<\/strong>.<\/p>\n<hr \/>\n<h2 data-start=\"3412\" data-end=\"3563\">Cell Instruments GLT-01 Kullanman\u0131n Faydalar\u0131<\/h2>\n<p data-start=\"3616\" data-end=\"3808\">Bir i\u015flem ger\u00e7ekle\u015ftirirken <strong data-start=\"3634\" data-end=\"3664\">kabarc\u0131k s\u0131z\u0131nt\u0131 testi prosed\u00fcr\u00fc<\/strong>, do\u011fru ekipman\u0131n kullan\u0131lmas\u0131 do\u011fruluk ve verimlili\u011fi \u00f6nemli \u00f6l\u00e7\u00fcde etkiler. Bu <strong data-start=\"3743\" data-end=\"3778\">GLT-01 Br\u00fct S\u0131z\u0131nt\u0131 Kabarc\u0131k Test Cihaz\u0131<\/strong> Cell Instruments'tan teklifler:<\/p>\n<ul>\n<li data-start=\"3812\" data-end=\"3876\"><strong data-start=\"3812\" data-end=\"3844\">G\u00fcvenilir bas\u0131n\u00e7 reg\u00fclasyonu<\/strong> tutarl\u0131 test hassasiyeti i\u00e7in<\/li>\n<li data-start=\"3879\" data-end=\"3941\"><strong data-start=\"3879\" data-end=\"3902\">\u015eeffaf oda<\/strong> k\u00fc\u00e7\u00fck s\u0131z\u0131nt\u0131lar\u0131n kolayca tespit edilmesini sa\u011flamak i\u00e7in<\/li>\n<li data-start=\"3944\" data-end=\"4015\"><strong data-start=\"3944\" data-end=\"3964\">Uyarlanabilir tasar\u0131m<\/strong> po\u015fetler, tepsiler ve tek boyutlu numuneler i\u00e7in uygundur<\/li>\n<li data-start=\"4018\" data-end=\"4093\"><strong data-start=\"4018\" data-end=\"4048\">ASTM F2096 ile uyumluluk<\/strong>, ISO standartlar\u0131 ve GMP validasyon protokolleri<\/li>\n<\/ul>\n<p data-start=\"4095\" data-end=\"4260\">Bu test cihaz\u0131 laboratuvarlara ve \u00fcretim hatlar\u0131na yard\u0131mc\u0131 olur <strong data-start=\"4139\" data-end=\"4177\">test s\u00fcre\u00e7lerini kolayla\u015ft\u0131rmak<\/strong>, insan hatas\u0131n\u0131 azalt\u0131r ve ambalaj b\u00fct\u00fcnl\u00fc\u011f\u00fc de\u011ferlendirmelerinde tekrarlanabilirli\u011fi art\u0131r\u0131r.<\/p>\n<hr \/>\n<h2 data-start=\"4095\" data-end=\"4260\">Son D\u00fc\u015f\u00fcnceler<\/h2>\n<p data-start=\"4286\" data-end=\"4584\"><strong data-start=\"4286\" data-end=\"4300\"><a href=\"http:\/\/www.qualitester.com\/tr\/urun\/sale-gross-bubble-leak-test-equipment\/\"><img fetchpriority=\"high\" decoding=\"async\" class=\"alignright wp-image-6813 size-medium\" src=\"https:\/\/www.qualitester.com\/wp-content\/uploads\/2025\/07\/Bubble-Leak-Test-Equipment-ASTM-F2096-Gross-Leak-Testing_\u526f\u672c-300x300.webp\" alt=\"ASTM F2096-kabarc\u0131k emisyon testi\" width=\"300\" height=\"300\" srcset=\"https:\/\/www.qualitester.com\/wp-content\/uploads\/2025\/07\/Bubble-Leak-Test-Equipment-ASTM-F2096-Gross-Leak-Testing_\u526f\u672c-300x300.webp 300w, https:\/\/www.qualitester.com\/wp-content\/uploads\/2025\/07\/Bubble-Leak-Test-Equipment-ASTM-F2096-Gross-Leak-Testing_\u526f\u672c-150x150.webp 150w, https:\/\/www.qualitester.com\/wp-content\/uploads\/2025\/07\/Bubble-Leak-Test-Equipment-ASTM-F2096-Gross-Leak-Testing_\u526f\u672c-12x12.webp 12w, https:\/\/www.qualitester.com\/wp-content\/uploads\/2025\/07\/Bubble-Leak-Test-Equipment-ASTM-F2096-Gross-Leak-Testing_\u526f\u672c-100x100.webp 100w, https:\/\/www.qualitester.com\/wp-content\/uploads\/2025\/07\/Bubble-Leak-Test-Equipment-ASTM-F2096-Gross-Leak-Testing_\u526f\u672c.webp 600w\" sizes=\"(max-width: 300px) 100vw, 300px\" \/><\/a>ASTM F2096<\/strong> i\u00e7in pratik ve etkili bir ara\u00e7 sa\u011flar. <strong data-start=\"4346\" data-end=\"4370\">br\u00fct ka\u00e7ak tespi\u0307ti\u0307<\/strong> arac\u0131l\u0131\u011f\u0131yla <strong data-start=\"4383\" data-end=\"4407\">kabarc\u0131k emisyon testi<\/strong>. Do\u011fru ara\u00e7larla, \u00f6rne\u011fin <strong data-start=\"4443\" data-end=\"4478\">GLT-01 br\u00fct s\u0131z\u0131nt\u0131 kabarc\u0131k test cihaz\u0131<\/strong>, i\u015fletmeler y\u00fcksek kaliteli ambalaj performans\u0131 sa\u011flayabilir, geri \u00e7a\u011f\u0131rmalar\u0131 en aza indirebilir ve g\u00fcvenlik standartlar\u0131n\u0131 koruyabilir.<\/p>\n<p data-start=\"4586\" data-end=\"4788\">Medikal, g\u0131da ve ila\u00e7 sekt\u00f6rlerindeki \u00fcreticiler i\u00e7in ASTM F2096'y\u0131 kalite g\u00fcvence i\u015f ak\u0131\u015flar\u0131na entegre etmek <strong data-start=\"4726\" data-end=\"4751\">mevzuata uygunluk<\/strong> ve g\u00fc\u00e7lendirir <strong data-start=\"4763\" data-end=\"4786\">t\u00fcketici g\u00fcveni<\/strong>.<\/p>\n<p data-start=\"4790\" data-end=\"4906\">Hakk\u0131m\u0131zda daha fazlas\u0131n\u0131 ke\u015ffedin <strong data-start=\"4813\" data-end=\"4823\">GLT-01<\/strong> test cihaz\u0131 ve Cell Instruments'\u0131n s\u0131z\u0131nt\u0131 tespit ihtiya\u00e7lar\u0131n\u0131za nas\u0131l \u00f6zel \u00e7\u00f6z\u00fcmler sunabilece\u011fi.<\/p>","protected":false},"excerpt":{"rendered":"<p>ASTM F2096 Gross Bubble Leak Testing ASTM F2096 is a widely recognized standard test method used for detecting gross leaks in packaging through internal pressurization, commonly known as the bubble leak test. This test is critical in quality assurance protocols for medical devices, pharmaceuticals, and other high-integrity packaging sectors. The method involves submerging a package &hellip;<\/p>\n<p class=\"read-more\"> <a class=\"\" href=\"https:\/\/www.qualitester.com\/tr\/standards\/astm-f2096\/\"> <span class=\"screen-reader-text\">ASTM F2096<\/span> Devam\u0131 \"<\/a><\/p>","protected":false},"author":3,"featured_media":0,"parent":4948,"menu_order":0,"comment_status":"closed","ping_status":"closed","template":"","meta":{"site-sidebar-layout":"default","site-content-layout":"default","ast-global-header-display":"","ast-main-header-display":"","ast-hfb-above-header-display":"","ast-hfb-below-header-display":"","ast-hfb-mobile-header-display":"","site-post-title":"","ast-breadcrumbs-content":"","ast-featured-img":"","footer-sml-layout":"","theme-transparent-header-meta":"default","adv-header-id-meta":"","stick-header-meta":"","header-above-stick-meta":"","header-main-stick-meta":"","header-below-stick-meta":"","footnotes":""},"class_list":["post-6805","page","type-page","status-publish","hentry"],"_links":{"self":[{"href":"https:\/\/www.qualitester.com\/tr\/wp-json\/wp\/v2\/pages\/6805","targetHints":{"allow":["GET"]}}],"collection":[{"href":"https:\/\/www.qualitester.com\/tr\/wp-json\/wp\/v2\/pages"}],"about":[{"href":"https:\/\/www.qualitester.com\/tr\/wp-json\/wp\/v2\/types\/page"}],"author":[{"embeddable":true,"href":"https:\/\/www.qualitester.com\/tr\/wp-json\/wp\/v2\/users\/3"}],"replies":[{"embeddable":true,"href":"https:\/\/www.qualitester.com\/tr\/wp-json\/wp\/v2\/comments?post=6805"}],"version-history":[{"count":0,"href":"https:\/\/www.qualitester.com\/tr\/wp-json\/wp\/v2\/pages\/6805\/revisions"}],"up":[{"embeddable":true,"href":"https:\/\/www.qualitester.com\/tr\/wp-json\/wp\/v2\/pages\/4948"}],"wp:attachment":[{"href":"https:\/\/www.qualitester.com\/tr\/wp-json\/wp\/v2\/media?parent=6805"}],"curies":[{"name":"wp","href":"https:\/\/api.w.org\/{rel}","templated":true}]}}