{"id":6558,"date":"2025-03-17T16:04:02","date_gmt":"2025-03-17T08:04:02","guid":{"rendered":"https:\/\/www.qualitester.com\/?page_id=6558"},"modified":"2025-03-17T16:56:01","modified_gmt":"2025-03-17T08:56:01","slug":"iso-8510-2","status":"publish","type":"page","link":"https:\/\/www.qualitester.com\/tr\/standards\/iso-8510-2\/","title":{"rendered":"ISO 8510-2"},"content":{"rendered":"<h1 style=\"text-align: center;\">ISO 8510-2<\/h1>\n<p data-pm-slice=\"1 1 []\">ISO 8510-2, a\u015fa\u011f\u0131dakileri de\u011ferlendirmek i\u00e7in 180 derecelik soyulma yap\u0131\u015fma testini belirtir <strong>yap\u0131\u015fkan soyulma mukavemeti<\/strong> yap\u0131\u015ft\u0131r\u0131lm\u0131\u015f malzemelerin. Bu standart a\u015fa\u011f\u0131daki gibi end\u00fcstriler i\u00e7in gereklidir <strong>ambalaj, t\u0131bbi cihazlar, elektronik ve yap\u0131\u015ft\u0131r\u0131c\u0131lar<\/strong>, G\u00fc\u00e7l\u00fc ve g\u00fcvenilir yap\u0131\u015fman\u0131n \u00e7ok \u00f6nemli oldu\u011fu yerlerde. Test, a\u015fa\u011f\u0131dakiler hakk\u0131nda kritik bilgiler sa\u011flar <strong>yap\u0131\u015ft\u0131r\u0131c\u0131lar\u0131n performans\u0131 ve dayan\u0131kl\u0131l\u0131\u011f\u0131<\/strong> Kontroll\u00fc ko\u015fullar alt\u0131nda esnek bir yap\u0131\u015ft\u0131r\u0131c\u0131y\u0131 sert bir yap\u0131\u015ft\u0131r\u0131c\u0131dan ay\u0131rmak i\u00e7in gereken kuvveti \u00f6l\u00e7erek.<\/p>\n<h2>ISO 8510-2 uyar\u0131nca Test Prosed\u00fcr\u00fc<\/h2>\n<p>Bu <strong><a href=\"https:\/\/www.qualitester.com\/tr\/urun-kategori\/iso\/iso-8510-2\/\" target=\"_blank\" rel=\"noopener\">ISO 8510-<\/a>2 test y\u00f6ntemi<\/strong> standartla\u015ft\u0131r\u0131lm\u0131\u015f ko\u015fullar alt\u0131nda yap\u0131\u015ft\u0131r\u0131lm\u0131\u015f numunelerin haz\u0131rlanmas\u0131n\u0131 ve test edilmesini i\u00e7erir. Ad\u0131mlar \u015funlar\u0131 i\u00e7erir:<\/p>\n<h3>1. Test Numunesi Haz\u0131rlama<\/h3>\n<ul data-spread=\"false\">\n<li>A bonded <strong>esnekten rijide<\/strong> montaj, de\u011ferlendirme alt\u0131ndaki yap\u0131\u015ft\u0131r\u0131c\u0131 kullan\u0131larak haz\u0131rlan\u0131r.<\/li>\n<li>Bu <strong>sert yap\u0131\u015ft\u0131r\u0131c\u0131<\/strong> olabilir <strong>metal, plastik, ah\u015fap veya kau\u00e7uk<\/strong> belirtilen kal\u0131nl\u0131klarda.<\/li>\n<li>Bu <strong>esnek yap\u0131\u015ft\u0131r\u0131c\u0131<\/strong> dayanmal\u0131d\u0131r <strong>180 derece b\u00fck\u00fclme<\/strong> deformasyon olmadan.<\/li>\n<li>Yap\u0131\u015ft\u0131r\u0131c\u0131 uygulamas\u0131 a\u015fa\u011f\u0131daki gibidir <strong>ISO 17212<\/strong> veya \u00fcretici y\u00f6nergeleri.<\/li>\n<li>Ba\u011f hatt\u0131 \u015fu \u015fekilde olmal\u0131d\u0131r <strong>e\u015fit \u015fekilde uygulanm\u0131\u015f ve tamamen k\u00fcrlenmi\u015f<\/strong> testten \u00f6nce.<\/li>\n<\/ul>\n<p><img fetchpriority=\"high\" decoding=\"async\" class=\"wp-image-6591 aligncenter\" src=\"https:\/\/www.qualitester.com\/wp-content\/uploads\/2025\/03\/ISO-8510-2-180-Degree-Peel-Adhesion-Test.png\" alt=\"ISO 8510-2 180 Derece Soyulma Yap\u0131\u015fma Testi\" width=\"171\" height=\"366\" srcset=\"https:\/\/www.qualitester.com\/wp-content\/uploads\/2025\/03\/ISO-8510-2-180-Degree-Peel-Adhesion-Test.png 278w, https:\/\/www.qualitester.com\/wp-content\/uploads\/2025\/03\/ISO-8510-2-180-Degree-Peel-Adhesion-Test-140x300.png 140w, https:\/\/www.qualitester.com\/wp-content\/uploads\/2025\/03\/ISO-8510-2-180-Degree-Peel-Adhesion-Test-6x12.png 6w\" sizes=\"(max-width: 171px) 100vw, 171px\" \/><\/p>\n<h3>2. Test Cihazlar\u0131 Gereksinimleri<\/h3>\n<ul data-spread=\"false\">\n<li>A <strong>soyma test maki\u0307nesi\u0307<\/strong> (<a href=\"https:\/\/www.qualitester.com\/tr\/urun\/tst-01-tensile-tester\/\" target=\"_blank\" rel=\"noopener\">\u00e7ekme test cihaz\u0131<\/a>) gereklidir.<\/li>\n<li>Makine, a\u015fa\u011f\u0131dakileri sa\u011flamal\u0131d\u0131r <strong>sabit kavrama ayr\u0131lma oran\u0131<\/strong> (tipik olarak <strong>100 mm\/dak \u00b1 10 mm\/dak<\/strong>).<\/li>\n<li>Tutma yerleri g\u00fcvenli bir \u015fekilde <strong>sert ve esnek yap\u0131\u015fkanlar<\/strong>.<\/li>\n<li>Kuvvet \u00f6l\u00e7\u00fcm\u00fc a\u015fa\u011f\u0131dakiler dahilinde do\u011fru olmal\u0131d\u0131r <strong>\u00b12%<\/strong>.<\/li>\n<\/ul>\n<h3>3. Test Prosed\u00fcr\u00fc<\/h3>\n<ul data-spread=\"false\">\n<li>Bu <strong>sert yap\u0131\u015ft\u0131r\u0131c\u0131<\/strong> makinenin sabit tutma yerine s\u0131k\u0131\u015ft\u0131r\u0131l\u0131r.<\/li>\n<li>Bu <strong>esnek yap\u0131\u015ft\u0131r\u0131c\u0131<\/strong> kendili\u011finden hizalanan bir kavrama i\u00e7ine s\u0131k\u0131\u015ft\u0131r\u0131l\u0131r.<\/li>\n<li>Makine, yap\u0131\u015ft\u0131r\u0131lan d\u00fczleme paralel kuvvet uygulayarak esnek yap\u0131\u015ft\u0131r\u0131c\u0131y\u0131 <strong>180 derecelik a\u00e7\u0131<\/strong>.<\/li>\n<li>Test, en az a\u015fa\u011f\u0131dakiler ger\u00e7ekle\u015fene kadar devam eder <strong>Yap\u0131\u015ft\u0131r\u0131lm\u0131\u015f uzunlu\u011fun 125 mm'si ayr\u0131lm\u0131\u015ft\u0131r<\/strong>.<\/li>\n<li>Soyulma kuvveti a\u015fa\u011f\u0131dakiler \u00fczerinden kaydedilir <strong>100 mm<\/strong>, ilk hari\u00e7 olmak \u00fczere <strong>25 mm<\/strong>.<\/li>\n<li>Hata modu (yap\u0131\u015fkan, kohezif veya adherend hatas\u0131) not edilir.<\/li>\n<\/ul>\n<h3>4. Soyulma Testi Sonu\u00e7lar\u0131n\u0131n Kaydedilmesi<\/h3>\n<ul data-spread=\"false\">\n<li>Test, a\u015fa\u011f\u0131dakileri belirler <strong>Newton cinsinden ortalama soyma kuvveti<\/strong> test uzunlu\u011fu boyunca.<\/li>\n<li><strong>Maksimum ve minimum kuvvetler<\/strong> kaydedilir.<\/li>\n<li>Sonu\u00e7lar \u015fu konularda yard\u0131mc\u0131 olur <strong>yap\u0131\u015ft\u0131r\u0131c\u0131 form\u00fclasyonlar\u0131n\u0131n kar\u015f\u0131la\u015ft\u0131r\u0131lmas\u0131<\/strong> ve <strong>\u00fcretimde tutarl\u0131l\u0131\u011f\u0131n sa\u011flanmas\u0131<\/strong>.<\/li>\n<\/ul>\n<h2 data-pm-slice=\"1 3 []\">180 Derece Soyulma Yap\u0131\u015fma Testinin \u00d6nemi<\/h2>\n<p>Bu <strong>180 derece soyulma yap\u0131\u015fma testi<\/strong> de\u011ferlendirmek i\u00e7in yayg\u0131n olarak kullan\u0131lmaktad\u0131r. <strong>soyulma direnci<\/strong> yap\u0131\u015ft\u0131r\u0131c\u0131lar\u0131n. \u00dcreticilerin yap\u0131\u015ft\u0131r\u0131c\u0131 \u00fcr\u00fcnlerinin end\u00fcstri performans beklentilerini kar\u015f\u0131lamas\u0131na yard\u0131mc\u0131 olur. Anahtar uygulamalar \u015funlar\u0131 i\u00e7erir:<\/p>\n<ul data-spread=\"false\">\n<li><strong>Kalite kontrol<\/strong> ambalaj ve t\u0131bbi uygulamalarda kullan\u0131lan yap\u0131\u015ft\u0131r\u0131c\u0131lar i\u00e7in<\/li>\n<li><strong>Ara\u015ft\u0131rma ve geli\u015ftirme<\/strong> yap\u0131\u015ft\u0131r\u0131c\u0131 form\u00fclasyonlar\u0131n\u0131 geli\u015ftirmek i\u00e7in<\/li>\n<li><strong>Uyumluluk<\/strong> uluslararas\u0131 yap\u0131\u015ft\u0131r\u0131c\u0131 test standartlar\u0131 ile<\/li>\n<\/ul>\n<h2>Yap\u0131\u015fkan Bant i\u00e7in Hassas Soyma Test Cihaz\u0131<\/h2>\n<ul data-spread=\"false\">\n<li><strong>Hassasiyet ve do\u011fruluk<\/strong> (i\u00e7inde kuvvet \u00f6l\u00e7\u00fcm\u00fc <strong>2% tolerans<\/strong>)<\/li>\n<li><strong>Ayarlanabilir kavrama ay\u0131rma oranlar\u0131<\/strong><\/li>\n<li><strong>PLC kontrol\u00fc<\/strong><\/li>\n<li><strong>Veri kay\u0131t yetenekleri<\/strong> analiz i\u00e7in<\/li>\n<li>Hakk\u0131nda daha fazla bilgi <a href=\"https:\/\/www.qualitester.com\/tr\/urun\/tst-01-tensile-tester\/\" target=\"_blank\" rel=\"noopener\">Soyulma Test Cihaz\u0131<\/a>...<\/li>\n<\/ul>\n<p style=\"text-align: center;\"><big><big>Y\u00fcksek hassasiyet i\u00e7in <a href=\"https:\/\/www.qualitester.com\/tr\/urun\/tst-01-tensile-tester\/\"><strong>yap\u0131\u015fkan soyulma mukavemeti testi<\/strong><\/a>, \u0130leti\u015fim <a href=\"https:\/\/www.qualitester.com\/tr\/\"><strong>H\u00fccre Enstr\u00fcmanlar\u0131<\/strong><\/a> Bug\u00fcn!<\/big><\/big><\/p>\n<h2>SSS<\/h2>\n<p><strong>1. ISO 8510-2 nedir?<br \/>\n<\/strong>ISO 8510-2, a\u015fa\u011f\u0131dakileri tan\u0131mlayan uluslararas\u0131 bir standartt\u0131r <strong>180 derece soyulma yap\u0131\u015fma testi<\/strong> \u00f6l\u00e7mek i\u00e7in <strong>yap\u0131\u015fkan soyulma mukavemeti<\/strong>.<\/p>\n<p><strong>2. 180 derece soyulma yap\u0131\u015fma testi neden \u00f6nemlidir?<br \/>\n<\/strong>Bu test a\u015fa\u011f\u0131dakileri de\u011ferlendirir <strong>yap\u0131\u015ft\u0131rma g\u00fcc\u00fc<\/strong> i\u00e7in end\u00fcstri gereksinimlerini kar\u015f\u0131lamalar\u0131n\u0131 sa\u011flayan yap\u0131\u015ft\u0131r\u0131c\u0131lar\u0131n <strong>dayan\u0131kl\u0131l\u0131k ve g\u00fcvenilirlik<\/strong>.<\/p>\n<p><strong>3. ISO 8510-2 testi i\u00e7in hangi ekipmanlar gereklidir?<br \/>\n<\/strong>A <strong>soyma test maki\u0307nesi\u0307<\/strong>, sabit bir kavrama ayr\u0131lma oran\u0131n\u0131, do\u011fru kuvvet \u00f6l\u00e7\u00fcm\u00fcn\u00fc ve g\u00fcvenli kavramalar\u0131 koruyabilir.<\/p>\n<p><strong>4. Bu testte soyulma mukavemetini etkileyen fakt\u00f6rler nelerdir?<br \/>\n<\/strong>Fakt\u00f6rler \u015funlar\u0131 i\u00e7erir <strong>yap\u0131\u015ft\u0131r\u0131c\u0131 tipi, y\u00fczey haz\u0131rl\u0131\u011f\u0131, yap\u0131\u015ft\u0131r\u0131c\u0131 malzemesi ve test h\u0131z\u0131<\/strong>.<\/p>\n<p><strong>5. ISO 8510-2 testi nerede kullan\u0131l\u0131r?<br \/>\n<\/strong>Yayg\u0131n sekt\u00f6rler \u015funlar\u0131 i\u00e7erir <strong>ambalaj, medikal, elektronik, otomotiv ve yap\u0131\u015ft\u0131r\u0131c\u0131 \u00fcretimi<\/strong>.<\/p>","protected":false},"excerpt":{"rendered":"<p>ISO 8510-2 ISO 8510-2 specifies the 180-degree peel adhesion test for evaluating the adhesive peel strength of bonded materials. This standard is essential in industries such as packaging, medical devices, electronics, and adhesives, where strong and reliable adhesion is crucial. The test provides critical insights into the performance and durability of adhesives by measuring the &hellip;<\/p>\n<p class=\"read-more\"> <a class=\"\" href=\"https:\/\/www.qualitester.com\/tr\/standards\/iso-8510-2\/\"> <span class=\"screen-reader-text\">ISO 8510-2<\/span> Devam\u0131 \"<\/a><\/p>","protected":false},"author":4,"featured_media":0,"parent":4948,"menu_order":0,"comment_status":"closed","ping_status":"closed","template":"","meta":{"site-sidebar-layout":"default","site-content-layout":"default","ast-global-header-display":"","ast-main-header-display":"","ast-hfb-above-header-display":"","ast-hfb-below-header-display":"","ast-hfb-mobile-header-display":"","site-post-title":"disabled","ast-breadcrumbs-content":"","ast-featured-img":"","footer-sml-layout":"","theme-transparent-header-meta":"default","adv-header-id-meta":"","stick-header-meta":"","header-above-stick-meta":"","header-main-stick-meta":"","header-below-stick-meta":"","footnotes":""},"class_list":["post-6558","page","type-page","status-publish","hentry"],"_links":{"self":[{"href":"https:\/\/www.qualitester.com\/tr\/wp-json\/wp\/v2\/pages\/6558","targetHints":{"allow":["GET"]}}],"collection":[{"href":"https:\/\/www.qualitester.com\/tr\/wp-json\/wp\/v2\/pages"}],"about":[{"href":"https:\/\/www.qualitester.com\/tr\/wp-json\/wp\/v2\/types\/page"}],"author":[{"embeddable":true,"href":"https:\/\/www.qualitester.com\/tr\/wp-json\/wp\/v2\/users\/4"}],"replies":[{"embeddable":true,"href":"https:\/\/www.qualitester.com\/tr\/wp-json\/wp\/v2\/comments?post=6558"}],"version-history":[{"count":0,"href":"https:\/\/www.qualitester.com\/tr\/wp-json\/wp\/v2\/pages\/6558\/revisions"}],"up":[{"embeddable":true,"href":"https:\/\/www.qualitester.com\/tr\/wp-json\/wp\/v2\/pages\/4948"}],"wp:attachment":[{"href":"https:\/\/www.qualitester.com\/tr\/wp-json\/wp\/v2\/media?parent=6558"}],"curies":[{"name":"wp","href":"https:\/\/api.w.org\/{rel}","templated":true}]}}