{"id":4999,"date":"2024-10-03T13:41:30","date_gmt":"2024-10-03T05:41:30","guid":{"rendered":"https:\/\/www.qualitester.com\/?page_id=4999"},"modified":"2024-11-28T10:04:17","modified_gmt":"2024-11-28T02:04:17","slug":"blog","status":"publish","type":"page","link":"https:\/\/www.qualitester.com\/tr\/blog\/","title":{"rendered":"Blog"},"content":{"rendered":"<div data-elementor-type=\"wp-page\" data-elementor-id=\"4999\" class=\"elementor elementor-4999\" data-elementor-post-type=\"page\">\n\t\t\t\t<div class=\"elementor-element elementor-element-665610e3 e-flex e-con-boxed e-con e-parent\" data-id=\"665610e3\" data-element_type=\"container\" data-settings=\"{&quot;background_background&quot;:&quot;classic&quot;}\">\n\t\t\t\t\t<div class=\"e-con-inner\">\n\t\t<div class=\"elementor-element elementor-element-5723a97a e-flex e-con-boxed e-con e-child\" data-id=\"5723a97a\" data-element_type=\"container\">\n\t\t\t\t\t<div class=\"e-con-inner\">\n\t\t\t\t<div class=\"elementor-element elementor-element-626984f0 elementor-widget elementor-widget-heading\" data-id=\"626984f0\" data-element_type=\"widget\" data-widget_type=\"heading.default\">\n\t\t\t\t<div class=\"elementor-widget-container\">\n\t\t\t<h1 class=\"elementor-heading-title elementor-size-default\">Material Quality Tester Blog <\/h1>\t\t<\/div>\n\t\t\t\t<\/div>\n\t\t\t\t<div class=\"elementor-element elementor-element-52544a1b elementor-widget__width-inherit elementor-widget elementor-widget-text-editor\" data-id=\"52544a1b\" data-element_type=\"widget\" data-widget_type=\"text-editor.default\">\n\t\t\t\t<div class=\"elementor-widget-container\">\n\t\t\t\t\t\t\t<p>From here you can read Cell Instruments&#8217; innovation and solution in material testing method.<\/p>\t\t\t\t\t\t<\/div>\n\t\t\t\t<\/div>\n\t\t\t\t<div class=\"elementor-element elementor-element-0adf485 elementor-button-success elementor-invisible elementor-widget elementor-widget-button\" data-id=\"0adf485\" data-element_type=\"widget\" data-settings=\"{&quot;_animation&quot;:&quot;zoomIn&quot;}\" data-widget_type=\"button.default\">\n\t\t\t\t<div class=\"elementor-widget-container\">\n\t\t\t\t\t\t\t<div class=\"elementor-button-wrapper\">\n\t\t\t\t\t<a class=\"elementor-button elementor-button-link elementor-size-sm\" href=\"#elementor-action%3Aaction%3Dpopup%3Aopen%26settings%3DeyJpZCI6IjUwMTgiLCJ0b2dnbGUiOmZhbHNlfQ%3D%3D\">\n\t\t\t\t\t\t<span class=\"elementor-button-content-wrapper\">\n\t\t\t\t\t\t\t\t\t<span class=\"elementor-button-text\">Request a test method<\/span>\n\t\t\t\t\t<\/span>\n\t\t\t\t\t<\/a>\n\t\t\t\t<\/div>\n\t\t\t\t\t\t<\/div>\n\t\t\t\t<\/div>\n\t\t\t\t\t<\/div>\n\t\t\t\t<\/div>\n\t\t\t\t\t<\/div>\n\t\t\t\t<\/div>\n\t\t<div class=\"elementor-element elementor-element-5a9448d e-flex e-con-boxed e-con e-parent\" data-id=\"5a9448d\" data-element_type=\"container\">\n\t\t\t\t\t<div class=\"e-con-inner\">\n\t\t\t\t<div class=\"elementor-element elementor-element-1a69631 elementor-grid-3 elementor-grid-tablet-2 elementor-grid-mobile-1 elementor-posts--thumbnail-top elementor-posts--show-avatar elementor-card-shadow-yes elementor-posts__hover-gradient elementor-widget elementor-widget-posts\" data-id=\"1a69631\" data-element_type=\"widget\" data-settings=\"{&quot;pagination_type&quot;:&quot;prev_next&quot;,&quot;cards_columns&quot;:&quot;3&quot;,&quot;cards_columns_tablet&quot;:&quot;2&quot;,&quot;cards_columns_mobile&quot;:&quot;1&quot;,&quot;cards_row_gap&quot;:{&quot;unit&quot;:&quot;px&quot;,&quot;size&quot;:35,&quot;sizes&quot;:[]},&quot;cards_row_gap_tablet&quot;:{&quot;unit&quot;:&quot;px&quot;,&quot;size&quot;:&quot;&quot;,&quot;sizes&quot;:[]},&quot;cards_row_gap_mobile&quot;:{&quot;unit&quot;:&quot;px&quot;,&quot;size&quot;:&quot;&quot;,&quot;sizes&quot;:[]}}\" data-widget_type=\"posts.cards\">\n\t\t\t\t<div class=\"elementor-widget-container\">\n\t\t\t\t\t<div class=\"elementor-posts-container elementor-posts elementor-posts--skin-cards elementor-grid\">\n\t\t\t\t<article class=\"elementor-post elementor-grid-item post-7407 post type-post status-publish format-standard hentry category-test-method\">\n\t\t\t<div class=\"elementor-post__card\">\n\t\t\t\t<div class=\"elementor-post__text\">\n\t\t\t\t<h3 class=\"elementor-post__title\">\n\t\t\t<a href=\"https:\/\/www.qualitester.com\/tr\/drop-weight-test\/\">\n\t\t\t\tD\u00fc\u015fme A\u011f\u0131rl\u0131\u011f\u0131 Testi: ASTM D3420 Darbe Dayan\u0131m\u0131 De\u011ferlendirmesi\t\t\t<\/a>\n\t\t<\/h3>\n\t\t\t\t<div class=\"elementor-post__excerpt\">\n\t\t\t<p>D\u00fc\u015fme a\u011f\u0131rl\u0131\u011f\u0131 testi, plastik filmlerin, laminatlar\u0131n ve esnek ambalaj malzemelerinin darbe direncini de\u011ferlendirmek i\u00e7in yayg\u0131n olarak kullan\u0131lan bir y\u00f6ntemdir. D\u00fc\u015f\u00fcrerek bir<\/p>\n\t\t<\/div>\n\t\t\t\t\t<div class=\"elementor-post__read-more-wrapper\">\n\t\t\n\t\t<a class=\"elementor-post__read-more\" href=\"https:\/\/www.qualitester.com\/tr\/drop-weight-test\/\" aria-label=\"D\u00fc\u015fme A\u011f\u0131rl\u0131\u011f\u0131 Testi hakk\u0131nda daha fazla bilgi edinin: ASTM D3420 Darbe Dayan\u0131m\u0131 De\u011ferlendirmesi\" tabindex=\"-1\" target=\"_blank\">\n\t\t\tDaha Fazla Oku \u00bb\t\t<\/a>\n\n\t\t\t\t\t<\/div>\n\t\t\t\t<\/div>\n\t\t\t\t\t<\/div>\n\t\t<\/article>\n\t\t\t\t<article class=\"elementor-post elementor-grid-item post-7390 post type-post status-publish format-standard hentry category-test-method\">\n\t\t\t<div class=\"elementor-post__card\">\n\t\t\t\t<div class=\"elementor-post__text\">\n\t\t\t\t<h3 class=\"elementor-post__title\">\n\t\t\t<a href=\"https:\/\/www.qualitester.com\/tr\/bottle-wall-thickness-guide\/\">\n\t\t\t\tAmbalaj Kalitesi i\u00e7in \u015ei\u015fe Duvar Kal\u0131nl\u0131\u011f\u0131 K\u0131lavuzu\t\t\t<\/a>\n\t\t<\/h3>\n\t\t\t\t<div class=\"elementor-post__excerpt\">\n\t\t\t<p>Ambalaj, \u00fcr\u00fcn g\u00fcvenli\u011fi, stabilitesi ve t\u00fcketici memnuniyetinin sa\u011flanmas\u0131nda kritik bir rol oynar. Bir\u00e7ok kalite parametresi aras\u0131nda \u015fi\u015fe et kal\u0131nl\u0131\u011f\u0131 en \u00f6nemli parametrelerden biridir.<\/p>\n\t\t<\/div>\n\t\t\t\t\t<div class=\"elementor-post__read-more-wrapper\">\n\t\t\n\t\t<a class=\"elementor-post__read-more\" href=\"https:\/\/www.qualitester.com\/tr\/bottle-wall-thickness-guide\/\" aria-label=\"Ambalaj Kalitesi i\u00e7in \u015ei\u015fe Duvar Kal\u0131nl\u0131\u011f\u0131 K\u0131lavuzu hakk\u0131nda devam\u0131n\u0131 oku\" tabindex=\"-1\" target=\"_blank\">\n\t\t\tDaha Fazla Oku \u00bb\t\t<\/a>\n\n\t\t\t\t\t<\/div>\n\t\t\t\t<\/div>\n\t\t\t\t\t<\/div>\n\t\t<\/article>\n\t\t\t\t<article class=\"elementor-post elementor-grid-item post-7373 post type-post status-publish format-standard hentry category-test-method\">\n\t\t\t<div class=\"elementor-post__card\">\n\t\t\t\t<div class=\"elementor-post__text\">\n\t\t\t\t<h3 class=\"elementor-post__title\">\n\t\t\t<a href=\"https:\/\/www.qualitester.com\/tr\/shrinkage-films-tester\/\">\n\t\t\t\tASTM D2732'ye G\u00f6re B\u00fcz\u00fclme Filmleri Test Cihaz\u0131 i\u00e7in Eksiksiz K\u0131lavuz\t\t\t<\/a>\n\t\t<\/h3>\n\t\t\t\t<div class=\"elementor-post__excerpt\">\n\t\t\t<p>&nbsp; Termal b\u00fcz\u00fclme, esnek ambalajlamada kullan\u0131lan plastik filmler i\u00e7in en kritik performans parametrelerinden biridir. \u0130ster g\u0131da, ister t\u0131bbi veya elektronik<\/p>\n\t\t<\/div>\n\t\t\t\t\t<div class=\"elementor-post__read-more-wrapper\">\n\t\t\n\t\t<a class=\"elementor-post__read-more\" href=\"https:\/\/www.qualitester.com\/tr\/shrinkage-films-tester\/\" aria-label=\"ASTM D2732&#039;ye G\u00f6re B\u00fcz\u00fclme Filmleri Test Cihaz\u0131 i\u00e7in Eksiksiz K\u0131lavuz hakk\u0131nda daha fazla bilgi edinin\" tabindex=\"-1\" target=\"_blank\">\n\t\t\tDaha Fazla Oku \u00bb\t\t<\/a>\n\n\t\t\t\t\t<\/div>\n\t\t\t\t<\/div>\n\t\t\t\t\t<\/div>\n\t\t<\/article>\n\t\t\t\t<article class=\"elementor-post elementor-grid-item post-7362 post type-post status-publish format-standard hentry category-test-method\">\n\t\t\t<div class=\"elementor-post__card\">\n\t\t\t\t<div class=\"elementor-post__text\">\n\t\t\t\t<h3 class=\"elementor-post__title\">\n\t\t\t<a href=\"https:\/\/www.qualitester.com\/tr\/shrinkage-tester\/\">\n\t\t\t\tB\u00fcz\u00fclme Test Cihaz\u0131 ve Kau\u00e7uk Malzeme Testinin Kritik Rol\u00fc\t\t\t<\/a>\n\t\t<\/h3>\n\t\t\t\t<div class=\"elementor-post__excerpt\">\n\t\t\t<p>0Kau\u00e7uk bazl\u0131 \u00fcr\u00fcnlerin \u00fcretiminde ve kalite g\u00fcvencesinde, malzemelerin \u0131s\u0131ya nas\u0131l tepki verdi\u011fini kontrol etmek \u00e7ok \u00f6nemlidir. B\u00fcz\u00fclme test cihaz\u0131 \u015fu konularda \u00f6nemli bir rol oynar<\/p>\n\t\t<\/div>\n\t\t\t\t\t<div class=\"elementor-post__read-more-wrapper\">\n\t\t\n\t\t<a class=\"elementor-post__read-more\" href=\"https:\/\/www.qualitester.com\/tr\/shrinkage-tester\/\" aria-label=\"B\u00fcz\u00fclme Test Cihaz\u0131 ve Kau\u00e7uk Malzeme Testinin Kritik Rol\u00fc hakk\u0131nda devam\u0131n\u0131 oku\" tabindex=\"-1\" target=\"_blank\">\n\t\t\tDaha Fazla Oku \u00bb\t\t<\/a>\n\n\t\t\t\t\t<\/div>\n\t\t\t\t<\/div>\n\t\t\t\t\t<\/div>\n\t\t<\/article>\n\t\t\t\t<article class=\"elementor-post elementor-grid-item post-7344 post type-post status-publish format-standard hentry category-test-method\">\n\t\t\t<div class=\"elementor-post__card\">\n\t\t\t\t<div class=\"elementor-post__text\">\n\t\t\t\t<h3 class=\"elementor-post__title\">\n\t\t\t<a href=\"https:\/\/www.qualitester.com\/tr\/stiffness-tester\/\">\n\t\t\t\tISO 2493-1 Ka\u011f\u0131t Testi i\u00e7in Sertlik Test Cihaz\u0131 Kullan\u0131m\u0131nda Uzmanla\u015fma\t\t\t<\/a>\n\t\t<\/h3>\n\t\t\t\t<div class=\"elementor-post__excerpt\">\n\t\t\t<p>Giri\u015f: Sertlik Test Cihaz\u0131n\u0131n Rol\u00fcn\u00fc Anlamak Sertlik test cihaz\u0131 ka\u011f\u0131t, karton ve benzeri tabakalar\u0131n kalite kontrol\u00fcnde \u00e7ok \u00f6nemli bir rol oynar.<\/p>\n\t\t<\/div>\n\t\t\t\t\t<div class=\"elementor-post__read-more-wrapper\">\n\t\t\n\t\t<a class=\"elementor-post__read-more\" href=\"https:\/\/www.qualitester.com\/tr\/stiffness-tester\/\" aria-label=\"ISO 2493-1 Ka\u011f\u0131t Testi i\u00e7in Sertlik Test Cihaz\u0131 Kullan\u0131m\u0131nda Uzmanla\u015fma hakk\u0131nda devam\u0131n\u0131 oku\" tabindex=\"-1\" target=\"_blank\">\n\t\t\tDaha Fazla Oku \u00bb\t\t<\/a>\n\n\t\t\t\t\t<\/div>\n\t\t\t\t<\/div>\n\t\t\t\t\t<\/div>\n\t\t<\/article>\n\t\t\t\t<article class=\"elementor-post elementor-grid-item post-7246 post type-post status-publish format-standard hentry category-test-method\">\n\t\t\t<div class=\"elementor-post__card\">\n\t\t\t\t<div class=\"elementor-post__text\">\n\t\t\t\t<h3 class=\"elementor-post__title\">\n\t\t\t<a href=\"https:\/\/www.qualitester.com\/tr\/tablet-hardness-test\/\">\n\t\t\t\tTablet Sertlik Testi\t\t\t<\/a>\n\t\t<\/h3>\n\t\t\t\t<div class=\"elementor-post__excerpt\">\n\t\t\t<p>Tablet Sertlik Testi Tablet sertlik testi, ila\u00e7 end\u00fcstrisinde tabletlerin mekanik mukavemetini belirlemek i\u00e7in kullan\u0131lan temel bir kalite kontrol prosed\u00fcr\u00fcd\u00fcr.<\/p>\n\t\t<\/div>\n\t\t\t\t\t<div class=\"elementor-post__read-more-wrapper\">\n\t\t\n\t\t<a class=\"elementor-post__read-more\" href=\"https:\/\/www.qualitester.com\/tr\/tablet-hardness-test\/\" aria-label=\"Tablet Sertlik Testi hakk\u0131nda daha fazla bilgi edinin\" tabindex=\"-1\" target=\"_blank\">\n\t\t\tDaha Fazla Oku \u00bb\t\t<\/a>\n\n\t\t\t\t\t<\/div>\n\t\t\t\t<\/div>\n\t\t\t\t\t<\/div>\n\t\t<\/article>\n\t\t\t\t<article class=\"elementor-post elementor-grid-item post-7177 post type-post status-publish format-standard hentry category-test-method\">\n\t\t\t<div class=\"elementor-post__card\">\n\t\t\t\t<div class=\"elementor-post__text\">\n\t\t\t\t<h3 class=\"elementor-post__title\">\n\t\t\t<a href=\"https:\/\/www.qualitester.com\/tr\/ampoule-fracture\/\">\n\t\t\t\tG\u00fcvenli \u0130la\u00e7 Ambalaj\u0131 i\u00e7in Ampul Mukavemet Testi Neden \u00d6nemlidir?\t\t\t<\/a>\n\t\t<\/h3>\n\t\t\t\t<div class=\"elementor-post__excerpt\">\n\t\t\t<p>Why Ampoule FractureStrength Testing Is Important for Safe Pharmaceutical Packaging In the pharmaceutical industry, the reliability of packaging is as crucial as the medication itself.<\/p>\n\t\t<\/div>\n\t\t\t\t\t<div class=\"elementor-post__read-more-wrapper\">\n\t\t\n\t\t<a class=\"elementor-post__read-more\" href=\"https:\/\/www.qualitester.com\/tr\/ampoule-fracture\/\" aria-label=\"Read more about Why Ampoule Strength Testing Is Important for Safe Pharmaceutical Packaging\" tabindex=\"-1\" target=\"_blank\">\n\t\t\tDaha Fazla Oku \u00bb\t\t<\/a>\n\n\t\t\t\t\t<\/div>\n\t\t\t\t<\/div>\n\t\t\t\t\t<\/div>\n\t\t<\/article>\n\t\t\t\t<article class=\"elementor-post elementor-grid-item post-7139 post type-post status-publish format-standard hentry category-test-method\">\n\t\t\t<div class=\"elementor-post__card\">\n\t\t\t\t<div class=\"elementor-post__text\">\n\t\t\t\t<h3 class=\"elementor-post__title\">\n\t\t\t<a href=\"https:\/\/www.qualitester.com\/tr\/infusion-bag-compression-test\/\">\n\t\t\t\tInfusion Bag Compression Test\t\t\t<\/a>\n\t\t<\/h3>\n\t\t\t\t<div class=\"elementor-post__excerpt\">\n\t\t\t<p>Ensuring the structural integrity of medical packaging is a priority in today\u2019s healthcare and pharmaceutical industries. Among these, the infusion bag compression test plays a<\/p>\n\t\t<\/div>\n\t\t\t\t\t<div class=\"elementor-post__read-more-wrapper\">\n\t\t\n\t\t<a class=\"elementor-post__read-more\" href=\"https:\/\/www.qualitester.com\/tr\/infusion-bag-compression-test\/\" aria-label=\"Read more about Infusion Bag Compression Test\" tabindex=\"-1\" target=\"_blank\">\n\t\t\tDaha Fazla Oku \u00bb\t\t<\/a>\n\n\t\t\t\t\t<\/div>\n\t\t\t\t<\/div>\n\t\t\t\t\t<\/div>\n\t\t<\/article>\n\t\t\t\t<article class=\"elementor-post elementor-grid-item post-7090 post type-post status-publish format-standard hentry category-test-method\">\n\t\t\t<div class=\"elementor-post__card\">\n\t\t\t\t<div class=\"elementor-post__text\">\n\t\t\t\t<h3 class=\"elementor-post__title\">\n\t\t\t<a href=\"https:\/\/www.qualitester.com\/tr\/package-compression-test\/\">\n\t\t\t\tPaket S\u0131k\u0131\u015ft\u0131rma Testi\t\t\t<\/a>\n\t\t<\/h3>\n\t\t\t\t<div class=\"elementor-post__excerpt\">\n\t\t\t<p>Packaging quality directly impacts product safety and consumer trust, especially in sensitive fields like pharmaceuticals. The package compression test is a fundamental method to evaluate<\/p>\n\t\t<\/div>\n\t\t\t\t\t<div class=\"elementor-post__read-more-wrapper\">\n\t\t\n\t\t<a class=\"elementor-post__read-more\" href=\"https:\/\/www.qualitester.com\/tr\/package-compression-test\/\" aria-label=\"Read more about Package Compression Test\" tabindex=\"-1\" target=\"_blank\">\n\t\t\tDaha Fazla Oku \u00bb\t\t<\/a>\n\n\t\t\t\t\t<\/div>\n\t\t\t\t<\/div>\n\t\t\t\t\t<\/div>\n\t\t<\/article>\n\t\t\t\t<article class=\"elementor-post elementor-grid-item post-6872 post type-post status-publish format-standard hentry category-test-method\">\n\t\t\t<div class=\"elementor-post__card\">\n\t\t\t\t<div class=\"elementor-post__text\">\n\t\t\t\t<h3 class=\"elementor-post__title\">\n\t\t\t<a href=\"https:\/\/www.qualitester.com\/tr\/elmendorf-tear-test\/\">\n\t\t\t\tElmendorf Tear Test\t\t\t<\/a>\n\t\t<\/h3>\n\t\t\t\t<div class=\"elementor-post__excerpt\">\n\t\t\t<p>Elmendorf Tear Test In packaging, printing, and flexible materials industries, the Elmendorf tear test plays a critical role in evaluating the durability and performance of<\/p>\n\t\t<\/div>\n\t\t\t\t\t<div class=\"elementor-post__read-more-wrapper\">\n\t\t\n\t\t<a class=\"elementor-post__read-more\" href=\"https:\/\/www.qualitester.com\/tr\/elmendorf-tear-test\/\" aria-label=\"Read more about Elmendorf Tear Test\" tabindex=\"-1\" target=\"_blank\">\n\t\t\tDaha Fazla Oku \u00bb\t\t<\/a>\n\n\t\t\t\t\t<\/div>\n\t\t\t\t<\/div>\n\t\t\t\t\t<\/div>\n\t\t<\/article>\n\t\t\t\t<article class=\"elementor-post elementor-grid-item post-6896 post type-post status-publish format-standard hentry category-test-method\">\n\t\t\t<div class=\"elementor-post__card\">\n\t\t\t\t<div class=\"elementor-post__text\">\n\t\t\t\t<h3 class=\"elementor-post__title\">\n\t\t\t<a href=\"https:\/\/www.qualitester.com\/tr\/plastic-tensile-strength-test\/\">\n\t\t\t\tPlastik \u00c7ekme Dayan\u0131m\u0131 Testi\t\t\t<\/a>\n\t\t<\/h3>\n\t\t\t\t<div class=\"elementor-post__excerpt\">\n\t\t\t<p>Film packaging materials play a critical role in maintaining product integrity across industries like food, pharmaceuticals, and consumer goods. One of the most essential evaluations<\/p>\n\t\t<\/div>\n\t\t\t\t\t<div class=\"elementor-post__read-more-wrapper\">\n\t\t\n\t\t<a class=\"elementor-post__read-more\" href=\"https:\/\/www.qualitester.com\/tr\/plastic-tensile-strength-test\/\" aria-label=\"Read more about Plastic Tensile Strength Test\" tabindex=\"-1\" target=\"_blank\">\n\t\t\tDaha Fazla Oku \u00bb\t\t<\/a>\n\n\t\t\t\t\t<\/div>\n\t\t\t\t<\/div>\n\t\t\t\t\t<\/div>\n\t\t<\/article>\n\t\t\t\t<article class=\"elementor-post elementor-grid-item post-6792 post type-post status-publish format-standard hentry category-test-method\">\n\t\t\t<div class=\"elementor-post__card\">\n\t\t\t\t<div class=\"elementor-post__text\">\n\t\t\t\t<h3 class=\"elementor-post__title\">\n\t\t\t<a href=\"https:\/\/www.qualitester.com\/tr\/how-to-measure-carbonation\/\">\n\t\t\t\tHow to Measure Carbonation\t\t\t<\/a>\n\t\t<\/h3>\n\t\t\t\t<div class=\"elementor-post__excerpt\">\n\t\t\t<p>How to Measure Carbonation How to measure carbonation accurately is a key concern in the beverage industry, where product quality, shelf life, and consumer satisfaction<\/p>\n\t\t<\/div>\n\t\t\t\t\t<div class=\"elementor-post__read-more-wrapper\">\n\t\t\n\t\t<a class=\"elementor-post__read-more\" href=\"https:\/\/www.qualitester.com\/tr\/how-to-measure-carbonation\/\" aria-label=\"Read more about How to Measure Carbonation\" tabindex=\"-1\" target=\"_blank\">\n\t\t\tDaha Fazla Oku \u00bb\t\t<\/a>\n\n\t\t\t\t\t<\/div>\n\t\t\t\t<\/div>\n\t\t\t\t\t<\/div>\n\t\t<\/article>\n\t\t\t\t<\/div>\n\t\t\n\t\t\t\t<div class=\"e-load-more-anchor\" data-page=\"1\" data-max-page=\"12\" data-next-page=\"https:\/\/www.qualitester.com\/tr\/?e-page-1a69631=2\"><\/div>\n\t\t\t\t<nav class=\"elementor-pagination\" aria-label=\"Pagination\">\n\t\t\t<span class=\"page-numbers prev\">&laquo; Previous<\/span>\n<a class=\"page-numbers next\" href=\"https:\/\/www.qualitester.com\/tr\/?e-page-1a69631=2\">Next &raquo;<\/a>\t\t<\/nav>\n\t\t\t\t<\/div>\n\t\t\t\t<\/div>\n\t\t\t\t\t<\/div>\n\t\t\t\t<\/div>\n\t\t\t\t<\/div>","protected":false},"excerpt":{"rendered":"<p>Material Quality Tester Blog From here you can read Cell Instruments&#8217; innovation and solution in material testing method. Request a test method<\/p>","protected":false},"author":3,"featured_media":0,"parent":0,"menu_order":0,"comment_status":"closed","ping_status":"closed","template":"","meta":{"site-sidebar-layout":"no-sidebar","site-content-layout":"page-builder","ast-global-header-display":"","ast-main-header-display":"","ast-hfb-above-header-display":"","ast-hfb-below-header-display":"","ast-hfb-mobile-header-display":"","site-post-title":"disabled","ast-breadcrumbs-content":"","ast-featured-img":"disabled","footer-sml-layout":"","theme-transparent-header-meta":"","adv-header-id-meta":"","stick-header-meta":"","header-above-stick-meta":"","header-main-stick-meta":"","header-below-stick-meta":"","footnotes":""},"class_list":["post-4999","page","type-page","status-publish","hentry"],"_links":{"self":[{"href":"https:\/\/www.qualitester.com\/tr\/wp-json\/wp\/v2\/pages\/4999","targetHints":{"allow":["GET"]}}],"collection":[{"href":"https:\/\/www.qualitester.com\/tr\/wp-json\/wp\/v2\/pages"}],"about":[{"href":"https:\/\/www.qualitester.com\/tr\/wp-json\/wp\/v2\/types\/page"}],"author":[{"embeddable":true,"href":"https:\/\/www.qualitester.com\/tr\/wp-json\/wp\/v2\/users\/3"}],"replies":[{"embeddable":true,"href":"https:\/\/www.qualitester.com\/tr\/wp-json\/wp\/v2\/comments?post=4999"}],"version-history":[{"count":0,"href":"https:\/\/www.qualitester.com\/tr\/wp-json\/wp\/v2\/pages\/4999\/revisions"}],"wp:attachment":[{"href":"https:\/\/www.qualitester.com\/tr\/wp-json\/wp\/v2\/media?parent=4999"}],"curies":[{"name":"wp","href":"https:\/\/api.w.org\/{rel}","templated":true}]}}