{"id":7769,"date":"2025-12-29T14:18:31","date_gmt":"2025-12-29T06:18:31","guid":{"rendered":"https:\/\/www.qualitester.com\/?post_type=product&#038;p=7769"},"modified":"2025-12-30T16:49:34","modified_gmt":"2025-12-30T08:49:34","slug":"spt-01-soap-texture-analyzer","status":"publish","type":"product","link":"https:\/\/www.qualitester.com\/sv\/produkt-2\/spt-01-soap-texture-analyzer\/","title":{"rendered":"SPT-01 Analysator f\u00f6r tv\u00e5ltextur"},"content":{"rendered":"<p data-start=\"690\" data-end=\"1009\">A <strong data-start=\"692\" data-end=\"717\">analysator f\u00f6r tv\u00e5ltextur<\/strong> \u00e4r ett professionellt instrument som \u00e4r utformat f\u00f6r att objektivt utv\u00e4rdera de mekaniska och texturella egenskaperna hos tv\u00e5lprodukter. Det ger exakta, repeterbara m\u00e4tningar av h\u00e5rdhet, fasthet och penetrationsmotst\u00e5nd, vilket hj\u00e4lper tillverkare att uppr\u00e4tth\u00e5lla j\u00e4mn kvalitet i olika produktionspartier.<\/p>\n<p data-start=\"1011\" data-end=\"1343\">Vid <strong data-start=\"1014\" data-end=\"1044\">Cell Instruments Co., Ltd.<\/strong>, \u00e4r vi specialiserade p\u00e5 l\u00f6sningar f\u00f6r materialprovning f\u00f6r f\u00f6rpackningar, l\u00e4kemedel, papper och konsumentprodukter. V\u00e5r erfarenhet av texturanalys g\u00f6r att vi kan leverera tillf\u00f6rlitliga system f\u00f6r tv\u00e5lprovning som st\u00f6der kvalitetskontroll, formuleringsutveckling och efterlevnad av erk\u00e4nda testmetoder.<\/p>\n<h2 data-start=\"1501\" data-end=\"1555\">F\u00f6rst\u00e5 ASTM D1321 Test av tv\u00e5ltextur och penetrationsf\u00f6rm\u00e5ga<\/h2>\n<h3>Tv\u00e5lens h\u00e5rdhet som en viktig kvalitetsindikator<\/h3>\n<p data-start=\"1557\" data-end=\"1870\">Den <strong data-start=\"1472\" data-end=\"1492\">tv\u00e5lens h\u00e5rdhet<\/strong> p\u00e5verkar direkt produktens h\u00e5llbarhet, anv\u00e4ndningsgrad och konsumentuppfattning. En tv\u00e5l som \u00e4r f\u00f6r mjuk kan deformeras eller l\u00f6sas upp snabbt, medan en alltf\u00f6r h\u00e5rd tv\u00e5l kan f\u00f6rs\u00e4mra anv\u00e4ndbarheten och l\u00f6ddringen. En tv\u00e5ltexturanalysator ger objektiva h\u00e5rdhetsv\u00e4rden och ers\u00e4tter subjektiva utv\u00e4rderingar av handk\u00e4nslan med m\u00e4tbara data.<\/p>\n<h3 data-start=\"1732\" data-end=\"1781\">Tv\u00e5ltextur och princip f\u00f6r penetrationstest<\/h3>\n<p data-start=\"1782\" data-end=\"2134\">A <strong data-start=\"1871\" data-end=\"1908\">tv\u00e5ltextur och penetrationstest<\/strong> m\u00e4ter tv\u00e5lens motst\u00e5nd n\u00e4r en sond tr\u00e4nger in i ytan med kontrollerad hastighet och djup. Den registrerade kraft-f\u00f6rskjutningskurvan \u00e5terspeglar inre struktur, h\u00e4rdningstillst\u00e5nd och formuleringsbalans. Med den h\u00e4r metoden kan tillverkare j\u00e4mf\u00f6ra produkter, \u00f6vervaka \u00e5ldringseffekter och verifiera processtabilitet.<\/p>\n<h3 data-start=\"2136\" data-end=\"2165\">Referens till ASTM D1321<\/h3>\n<p data-start=\"2166\" data-end=\"2611\"><strong data-start=\"2258\" data-end=\"2272\">ASTM D1321<\/strong> \u00e4r en allm\u00e4nt erk\u00e4nd referens f\u00f6r penetrationstestning av vaxliknande material och anv\u00e4nds ofta f\u00f6r analys av tv\u00e5ltextur. Genom att f\u00f6lja ASTM D1321:s riktlinjer f\u00f6r testf\u00f6rh\u00e5llanden och tolkning av data f\u00f6rb\u00e4ttras resultatens enhetlighet och kommunikationen mellan laboratorier, leverant\u00f6rer och kunder underl\u00e4ttas.<\/p>\n<hr data-start=\"2613\" data-end=\"2616\" \/>\n<h2 data-start=\"2668\" data-end=\"2961\">Hur tv\u00e5ltexturanalysatorn fungerar<\/h2>\n<p data-start=\"2628\" data-end=\"2870\">En analysator f\u00f6r tv\u00e5ltextur applicerar en kontrollerad vertikal kraft p\u00e5 tv\u00e5lprovet med hj\u00e4lp av en definierad sond. N\u00e4r proben kommer i kontakt med och tr\u00e4nger igenom tv\u00e5len registrerar systemet kontinuerligt kraft och f\u00f6rskjutning, vilket genererar exakta texturprofiler.<\/p>\n<p data-start=\"2872\" data-end=\"2907\"><strong data-start=\"2872\" data-end=\"2907\">Ett typiskt testarbetsfl\u00f6de omfattar:<\/strong><\/p>\n<ul>\n<li data-start=\"2910\" data-end=\"2961\">Beredning av tv\u00e5lprover med konsekventa dimensioner<\/li>\n<li data-start=\"2964\" data-end=\"3024\">Val av l\u00e4mplig penetrations- eller kompressionssond<\/li>\n<li data-start=\"3027\" data-end=\"3109\">Inst\u00e4llning av testhastighet och penetrationsdjup baserat p\u00e5 interna metoder eller ASTM D1321<\/li>\n<li data-start=\"3112\" data-end=\"3165\">Utf\u00f6ra testet och samla in kraft- och avst\u00e5ndsdata<\/li>\n<li data-start=\"3168\" data-end=\"3223\">Utv\u00e4rdering av maximal kraft, kurvans form och repeterbarhet<\/li>\n<\/ul>\n<p data-start=\"3225\" data-end=\"3332\">Denna kontrollerade process s\u00e4kerst\u00e4ller tillf\u00f6rlitliga j\u00e4mf\u00f6relser mellan olika tv\u00e5lformuleringar eller produktionspartier.<\/p>\n<hr data-start=\"3486\" data-end=\"3489\" \/>\n<h2 data-start=\"3491\" data-end=\"3550\">L\u00e4mpliga applikationsmaterial<\/h2>\n<p data-start=\"3374\" data-end=\"3461\">Analysatorn f\u00f6r tv\u00e5ltextur st\u00f6der testning av ett brett utbud av tv\u00e5lprodukter, inklusive<\/p>\n<ul>\n<li data-start=\"3464\" data-end=\"3487\">Traditionella bar tv\u00e5lar<\/li>\n<li data-start=\"3490\" data-end=\"3522\">Transparenta tv\u00e5lar och glycerintv\u00e5lar<\/li>\n<li data-start=\"3525\" data-end=\"3556\">Medicinska tv\u00e5lar och specialtv\u00e5lar<\/li>\n<li data-start=\"3559\" data-end=\"3599\">Tv\u00e4ttst\u00e4nger av komposit och syntetmaterial<\/li>\n<\/ul>\n<p data-start=\"3601\" data-end=\"3716\">Den kan ocks\u00e5 utv\u00e4rdera halvf\u00e4rdiga prover f\u00f6r att \u00f6vervaka h\u00e4rdningsprocessen och formuleringens stabilitet under utvecklingen.<\/p>\n<hr data-start=\"4411\" data-end=\"4414\" \/>\n<h2 data-start=\"5016\" data-end=\"5081\">Cell Instruments SPT-01 Texturanalysator<\/h2>\n<p><a href=\"https:\/\/www.qualitester.com\/sv\/produkt-2\/sale-cheap-texture-analyser\/\"><img fetchpriority=\"high\" decoding=\"async\" class=\"alignright wp-image-7786\" src=\"https:\/\/www.qualitester.com\/wp-content\/uploads\/2025\/12\/SPT-01-Soap-Texture-Analyzer3-300x300.png\" alt=\"SPT-01 Analysator f\u00f6r tv\u00e5ltextur\" width=\"227\" height=\"227\" srcset=\"https:\/\/www.qualitester.com\/wp-content\/uploads\/2025\/12\/SPT-01-Soap-Texture-Analyzer3-300x300.png 300w, https:\/\/www.qualitester.com\/wp-content\/uploads\/2025\/12\/SPT-01-Soap-Texture-Analyzer3-150x150.png 150w, https:\/\/www.qualitester.com\/wp-content\/uploads\/2025\/12\/SPT-01-Soap-Texture-Analyzer3-768x768.png 768w, https:\/\/www.qualitester.com\/wp-content\/uploads\/2025\/12\/SPT-01-Soap-Texture-Analyzer3-12x12.png 12w, https:\/\/www.qualitester.com\/wp-content\/uploads\/2025\/12\/SPT-01-Soap-Texture-Analyzer3-600x600.png 600w, https:\/\/www.qualitester.com\/wp-content\/uploads\/2025\/12\/SPT-01-Soap-Texture-Analyzer3-100x100.png 100w, https:\/\/www.qualitester.com\/wp-content\/uploads\/2025\/12\/SPT-01-Soap-Texture-Analyzer3.png 950w\" sizes=\"(max-width: 227px) 100vw, 227px\" \/><\/a><\/p>\n<p data-start=\"5083\" data-end=\"5472\"><strong data-start=\"5135\" data-end=\"5179\">Cellinstrumenten <a href=\"https:\/\/www.qualitester.com\/sv\/produkt-2\/sale-cheap-texture-analyser\/\">SPT-01 Analysator f\u00f6r tv\u00e5ltextur <\/a><\/strong>\u00e4r v\u00e4l l\u00e4mpad f\u00f6r utv\u00e4rdering av tv\u00e5lh\u00e5rdhet och tv\u00e5ltextur samt penetrationstest enligt ASTM D1321. Den erbjuder stabil kraftm\u00e4tning, flexibel hastighetskontroll och intuitiv anv\u00e4ndning, vilket g\u00f6r den idealisk f\u00f6r kvalitetskontroll och FoU-laboratorier.<\/p>\n<p><strong>SPT-01 Analysator f\u00f6r tv\u00e5ltextur<\/strong><\/p>\n<table style=\"height: 230px\" width=\"720\">\n<tbody>\n<tr>\n<td width=\"152\">Testomr\u00e5de<\/td>\n<td width=\"260\">\u00a0500N (eller andra)<\/td>\n<\/tr>\n<tr>\n<td width=\"152\">Hastighet<\/td>\n<td width=\"260\">\u00a01-500 mm\/m (eller efter behov)<\/td>\n<\/tr>\n<tr>\n<td width=\"152\">Uppl\u00f6sning<\/td>\n<td width=\"260\">0,5% F.S.<\/td>\n<\/tr>\n<tr>\n<td width=\"152\">Slagl\u00e4ngd(jigg exkluderad)<\/td>\n<td width=\"260\">250 mm<\/td>\n<\/tr>\n<tr>\n<td width=\"152\">Dimension (mm, LWH)<\/td>\n<td width=\"260\">410*360*820<\/td>\n<\/tr>\n<tr>\n<td width=\"152\">Kraft<\/td>\n<td width=\"260\">AC 110~ 220V<\/td>\n<\/tr>\n<\/tbody>\n<\/table>\n<p data-start=\"5474\" data-end=\"5639\">Genom att kombinera noggrann kraftm\u00e4tning med intuitiv anv\u00e4ndning hj\u00e4lper SPT-01 tv\u00e5ltillverkare att omvandla texturtestning till en standardiserad, datadriven process.<\/p>\n<h2 class=\"elementor-heading-title elementor-size-default\">Varf\u00f6r v\u00e4lja Cell Instruments SPT-01<\/h2>\n<p data-start=\"5058\" data-end=\"5199\">SPT-01 st\u00f6der konsekvent, repeterbar testning av tv\u00e5ltextur och kan anpassas till anpassade testkrav n\u00e4r produktionsbehoven utvecklas.<\/p>\n<p data-start=\"5058\" data-end=\"5199\">En professionell <strong data-start=\"5274\" data-end=\"5299\">analysator f\u00f6r tv\u00e5ltextur<\/strong> g\u00f6r det m\u00f6jligt f\u00f6r tillverkare att g\u00e5 bortom subjektiv bed\u00f6mning och fastst\u00e4lla m\u00e4tbara kvalitetsstandarder. Genom att kombinera tillf\u00f6rlitlig instrumentering med erk\u00e4nda testreferenser hj\u00e4lper Cell Instruments tv\u00e5ltillverkare att uppn\u00e5 konsekventa prestanda, f\u00f6rb\u00e4ttrad produktkontroll och h\u00f6gre kundf\u00f6rtroende.<\/p>\n<hr data-start=\"6529\" data-end=\"6532\" \/>\n<h2 data-start=\"6534\" data-end=\"6542\">Vanliga fr\u00e5gor<\/h2>\n<p data-start=\"133\" data-end=\"329\"><strong data-start=\"133\" data-end=\"181\">1. Vad anv\u00e4nds en tv\u00e5ltexturanalysator till?<\/strong><br data-start=\"181\" data-end=\"184\" \/>A <strong data-start=\"186\" data-end=\"211\">analysator f\u00f6r tv\u00e5ltextur<\/strong> m\u00e4ter <strong data-start=\"225\" data-end=\"245\">tv\u00e5lens h\u00e5rdhet<\/strong>, fasthet och penetrationsmotst\u00e5nd f\u00f6r att s\u00e4kerst\u00e4lla j\u00e4mn kvalitet och prestanda.<\/p>\n<p data-start=\"331\" data-end=\"543\"><strong data-start=\"331\" data-end=\"382\">2. Vad \u00e4r en tv\u00e5ltextur och ett penetrationstest?<\/strong><br data-start=\"382\" data-end=\"385\" \/>A <strong data-start=\"387\" data-end=\"424\">tv\u00e5ltextur och penetrationstest<\/strong> applicerar kontrollerad kraft p\u00e5 ett tv\u00e5lprov och registrerar deformation, vilket hj\u00e4lper till att kvantifiera strukturell styrka och anv\u00e4ndbarhet.<\/p>\n<p data-start=\"545\" data-end=\"746\"><strong data-start=\"545\" data-end=\"594\">3. Hur till\u00e4mpas ASTM D1321 p\u00e5 tv\u00e5ltestning?<\/strong><br data-start=\"594\" data-end=\"597\" \/><strong data-start=\"597\" data-end=\"611\">ASTM D1321<\/strong> ger en standardiserad metod f\u00f6r penetrationstest som f\u00f6rb\u00e4ttrar repeterbarheten och tillf\u00f6rlitligheten vid utv\u00e4rdering av tv\u00e5lens textur och h\u00e5rdhet.<\/p>\n<p data-start=\"748\" data-end=\"929\"><strong data-start=\"748\" data-end=\"796\">4. Varf\u00f6r \u00e4r det viktigt att m\u00e4ta tv\u00e5lens h\u00e5rdhet?<\/strong><br data-start=\"796\" data-end=\"799\" \/>Den <strong data-start=\"803\" data-end=\"823\">tv\u00e5lens h\u00e5rdhet<\/strong> p\u00e5verkar h\u00e5llbarhet, uppl\u00f6sningshastighet och konsumentupplevelse, vilket g\u00f6r den till en viktig parameter f\u00f6r kvalitetskontroll.<\/p>\n<p data-start=\"931\" data-end=\"1132\"><strong data-start=\"931\" data-end=\"995\">5. Vilka typer av tv\u00e5l kan testas med en texturanalysator?<\/strong><br data-start=\"995\" data-end=\"998\" \/>Tv\u00e5ltexturanalysatorer kan testa bar tv\u00e5lar, glycerintv\u00e5lar, medicinska tv\u00e5lar och specialformuleringar som anv\u00e4nds i personliga hygienprodukter.<\/p>","protected":false},"excerpt":{"rendered":"<ul>\n<li><strong>Standard<\/strong>: ASTM D1321<\/li>\n<li><strong>Tillverkare<\/strong>: Cellinstrument<\/li>\n<li><strong>Till\u00e4mpningar<\/strong>:Dagliga kemikalier och mycket mer.<\/li>\n<li><strong>Anpassning<\/strong>: Tillg\u00e4nglig f\u00f6r s\u00e4rskilda testkrav och automatiseringstransformationer<\/li>\n<\/ul>","protected":false},"featured_media":7786,"comment_status":"closed","ping_status":"closed","template":"","meta":{"site-sidebar-layout":"default","site-content-layout":"default","ast-global-header-display":"","ast-main-header-display":"","ast-hfb-above-header-display":"","ast-hfb-below-header-display":"","ast-hfb-mobile-header-display":"","site-post-title":"","ast-breadcrumbs-content":"","ast-featured-img":"","footer-sml-layout":"","theme-transparent-header-meta":"default","adv-header-id-meta":"","stick-header-meta":"","header-above-stick-meta":"","header-main-stick-meta":"","header-below-stick-meta":""},"product_cat":[845,1187,937,1185,1179,962,928,674,672,99],"product_tag":[],"class_list":{"0":"post-7769","1":"product","2":"type-product","3":"status-publish","4":"has-post-thumbnail","6":"product_cat-customization","7":"product_cat-astm-d1321","8":"product_cat-electronic-product-tester","9":"product_cat-iec-60404-13","10":"product_cat-needle-toughness-tester","11":"product_cat-thickness-gauges","12":"product_cat-tpa-texture-analyzer","13":"product_cat-test-items","14":"product_cat-applied-materials","15":"product_cat-astm","16":"desktop-align-left","17":"tablet-align-left","18":"mobile-align-left","20":"first","21":"instock","22":"shipping-taxable","23":"product-type-simple"},"_links":{"self":[{"href":"https:\/\/www.qualitester.com\/sv\/wp-json\/wp\/v2\/product\/7769","targetHints":{"allow":["GET"]}}],"collection":[{"href":"https:\/\/www.qualitester.com\/sv\/wp-json\/wp\/v2\/product"}],"about":[{"href":"https:\/\/www.qualitester.com\/sv\/wp-json\/wp\/v2\/types\/product"}],"replies":[{"embeddable":true,"href":"https:\/\/www.qualitester.com\/sv\/wp-json\/wp\/v2\/comments?post=7769"}],"version-history":[{"count":0,"href":"https:\/\/www.qualitester.com\/sv\/wp-json\/wp\/v2\/product\/7769\/revisions"}],"wp:featuredmedia":[{"embeddable":true,"href":"https:\/\/www.qualitester.com\/sv\/wp-json\/wp\/v2\/media\/7786"}],"wp:attachment":[{"href":"https:\/\/www.qualitester.com\/sv\/wp-json\/wp\/v2\/media?parent=7769"}],"wp:term":[{"taxonomy":"product_cat","embeddable":true,"href":"https:\/\/www.qualitester.com\/sv\/wp-json\/wp\/v2\/product_cat?post=7769"},{"taxonomy":"product_tag","embeddable":true,"href":"https:\/\/www.qualitester.com\/sv\/wp-json\/wp\/v2\/product_tag?post=7769"}],"curies":[{"name":"wp","href":"https:\/\/api.w.org\/{rel}","templated":true}]}}