{"id":6624,"date":"2025-04-23T10:13:39","date_gmt":"2025-04-23T02:13:39","guid":{"rendered":"https:\/\/www.qualitester.com\/?post_type=product&#038;p=6624"},"modified":"2025-04-23T10:16:05","modified_gmt":"2025-04-23T02:16:05","slug":"syringe-air-leakage-tester-iso-7886-1","status":"publish","type":"product","link":"https:\/\/www.qualitester.com\/sv\/produkt-2\/syringe-air-leakage-tester-iso-7886-1\/","title":{"rendered":"SLT-02 Test av luftl\u00e4ckage i spruta"},"content":{"rendered":"<p class=\"\" data-start=\"489\" data-end=\"995\">F\u00f6r att s\u00e4kerst\u00e4lla s\u00e4kerheten och prestandan hos medicinska sprutor \u00e4r rigor\u00f6sa testmetoder avg\u00f6rande. Bland dem \u00e4r <strong data-start=\"602\" data-end=\"632\">luftl\u00e4ckagetestare f\u00f6r spruta<\/strong> \u00e4r ett viktigt instrument som spelar en central roll n\u00e4r det g\u00e4ller att identifiera potentiella l\u00e4ckor och kolvar som lossnar under aspirationen. Utformad f\u00f6r att \u00f6verensst\u00e4mma med <em data-start=\"778\" data-end=\"790\">ISO 7886-1<\/em> och i synnerhet <em data-start=\"808\" data-end=\"817\">Bilaga B<\/em>, den <strong data-start=\"823\" data-end=\"853\">SLT-02 L\u00e4ckagetestare f\u00f6r sprutor<\/strong> fr\u00e5n <strong data-start=\"859\" data-end=\"879\">Cellinstrument<\/strong> ger mycket tillf\u00f6rlitliga resultat f\u00f6r yrkesverksamma som \u00e4r involverade i <strong data-start=\"943\" data-end=\"969\">l\u00e4cks\u00f6kning av sprutor<\/strong> och <strong data-start=\"974\" data-end=\"994\">ISO 7886-provning<\/strong>.<\/p>\n<h2 data-start=\"1002\" data-end=\"1065\">F\u00f6rst\u00e5 ISO 7886-1 Annex B och l\u00e4ckagedetektering av sprutor<\/h2>\n<p class=\"\" data-start=\"1067\" data-end=\"1442\"><a href=\"https:\/\/www.qualitester.com\/sv\/produkt-kategori\/iso\/iso-7886-1\/\" target=\"_blank\" rel=\"noopener\"><strong><em data-start=\"1067\" data-end=\"1079\">ISO 7886-1<\/em><\/strong><\/a>, med titeln \u201cSterila hypodermiska sprutor f\u00f6r eng\u00e5ngsbruk - Del 1: Sprutor f\u00f6r manuell anv\u00e4ndning\u201d \u00e4r den globala standarden som beskriver prestanda- och s\u00e4kerhetskrav f\u00f6r medicinska sprutor. Inom denna standard, <strong data-start=\"1281\" data-end=\"1292\">Bilaga B<\/strong> beskriver <strong data-start=\"1307\" data-end=\"1371\">testmetod f\u00f6r luftl\u00e4ckage f\u00f6rbi sprutans kolvpropp<\/strong> under aspirationen, liksom den <strong data-start=\"1406\" data-end=\"1441\">detektering av kolvseparation<\/strong>.<\/p>\n<p class=\"\" data-start=\"1444\" data-end=\"1588\">Denna metod \u00e4r mycket viktig eftersom luftl\u00e4ckage i en spruta kan \u00e4ventyra steriliteten, doseringsnoggrannheten och patients\u00e4kerheten. Proceduren inneb\u00e4r f\u00f6ljande:<\/p>\n<ul data-start=\"1590\" data-end=\"1809\">\n<li class=\"\" data-start=\"1590\" data-end=\"1675\">\n<p class=\"\" data-start=\"1592\" data-end=\"1675\">Fyll sprutan med minst 25% av dess nominella kapacitet med vatten (18-28\u00b0C),<\/p>\n<\/li>\n<li class=\"\" data-start=\"1676\" data-end=\"1742\">\n<p class=\"\" data-start=\"1678\" data-end=\"1742\">Skapa en <strong data-start=\"1689\" data-end=\"1718\">vakuumtryck p\u00e5 88 kPa<\/strong> under omgivningens tryck,<\/p>\n<\/li>\n<li class=\"\" data-start=\"1743\" data-end=\"1809\">\n<p class=\"\" data-start=\"1745\" data-end=\"1809\">Kontrollera om det finns luftl\u00e4ckage eller <strong data-start=\"1778\" data-end=\"1808\">lossning av kolvstopp<\/strong>.<\/p>\n<\/li>\n<\/ul>\n<p class=\"\" data-start=\"1811\" data-end=\"1926\">SLT-02 \u00e4r exakt konstruerad f\u00f6r att \u00e5terskapa dessa f\u00f6rh\u00e5llanden p\u00e5 ett kontrollerat, automatiserat och repeterbart s\u00e4tt.<\/p>\n<h2 data-start=\"1933\" data-end=\"1985\">SLT-02 Test av luftl\u00e4ckage i spruta<\/h2>\n<p class=\"\" data-start=\"1987\" data-end=\"2247\">Den <strong data-start=\"1991\" data-end=\"2028\">SLT-02 Test av luftl\u00e4ckage i spruta<\/strong> integrerar ett sofistikerat vakuumgenereringssystem och en stabil kontrollmekanism, vilket g\u00f6r det m\u00f6jligt f\u00f6r operat\u00f6rer att effektivt utf\u00f6ra l\u00e4ckagetester av sprutor med noggrannhet och konsekvens. H\u00e4r \u00e4r vad som g\u00f6r den till en enast\u00e5ende l\u00f6sning:<\/p>\n<h3 data-start=\"2249\" data-end=\"2266\">Viktiga egenskaper:<\/h3>\n<ol data-start=\"2267\" data-end=\"2625\">\n<li class=\"\" data-start=\"2267\" data-end=\"2319\">\n<p class=\"\" data-start=\"2269\" data-end=\"2319\"><strong data-start=\"2269\" data-end=\"2294\">Stabil vakuumh\u00e5llning<\/strong> f\u00f6r exakt m\u00e4tning.<\/p>\n<\/li>\n<li class=\"\" data-start=\"2320\" data-end=\"2393\">\n<p class=\"\" data-start=\"2322\" data-end=\"2393\"><strong data-start=\"2322\" data-end=\"2349\">Venturir\u00f6rsteknik<\/strong> f\u00f6r effektiv generering av negativt tryck.<\/p>\n<\/li>\n<li class=\"\" data-start=\"2394\" data-end=\"2464\">\n<p class=\"\" data-start=\"2396\" data-end=\"2464\"><strong data-start=\"2396\" data-end=\"2426\">Justerbart fastsp\u00e4nningssystem<\/strong> rymmer olika sprutvolymer.<\/p>\n<\/li>\n<li class=\"\" data-start=\"2465\" data-end=\"2548\">\n<p class=\"\" data-start=\"2467\" data-end=\"2548\"><strong data-start=\"2467\" data-end=\"2490\">Automatisk drift<\/strong> efter testinitiering - minimalt ingripande fr\u00e5n anv\u00e4ndaren kr\u00e4vs.<\/p>\n<\/li>\n<li class=\"\" data-start=\"2549\" data-end=\"2625\">\n<p class=\"\" data-start=\"2551\" data-end=\"2625\"><strong data-start=\"2551\" data-end=\"2575\">Slitstark konstruktion<\/strong> garanterar l\u00e5ng livsl\u00e4ngd i QC-laboratorier med h\u00f6g volym.<\/p>\n<\/li>\n<\/ol>\n<h3 data-start=\"2627\" data-end=\"2656\">Tekniska specifikationer:<\/h3>\n<table style=\"height: 167px;\" width=\"1088\">\n<tbody>\n<tr>\n<td style=\"text-align: center;\" width=\"83\"><strong data-start=\"2659\" data-end=\"2674\">Testomr\u00e5de<\/strong><\/td>\n<td style=\"text-align: center;\" width=\"91\">0~-90KPa<\/td>\n<\/tr>\n<tr>\n<td style=\"text-align: center;\" width=\"83\"><strong data-start=\"2691\" data-end=\"2714\">Inkommande lufttryck<\/strong><\/td>\n<td style=\"text-align: center;\" width=\"91\">0,6~0,7 Mpa<\/td>\n<\/tr>\n<tr>\n<td style=\"text-align: center;\" width=\"83\"><strong data-start=\"2760\" data-end=\"2778\">Testets varaktighet<\/strong><\/td>\n<td style=\"text-align: center;\" width=\"91\">Upp till 9999 timmar (programmerbar)<\/td>\n<\/tr>\n<tr>\n<td style=\"text-align: center;\" width=\"83\"><strong data-start=\"2733\" data-end=\"2750\">Str\u00f6mf\u00f6rs\u00f6rjning<\/strong><\/td>\n<td style=\"text-align: center;\" width=\"91\">220V<\/td>\n<\/tr>\n<\/tbody>\n<\/table>\n<p class=\"\" data-start=\"2812\" data-end=\"3018\">Testaren inkluderar en kontrollenhet f\u00f6r l\u00e4ckagetestare, sprutst\u00e4ll, anslutningsslangar och n\u00f6dv\u00e4ndiga tillbeh\u00f6r, allt byggt f\u00f6r att uppfylla str\u00e4nga krav p\u00e5 \u00f6verensst\u00e4mmelse fr\u00e5n <strong data-start=\"2978\" data-end=\"2990\">GB 15810<\/strong> och <strong data-start=\"2995\" data-end=\"3017\">ISO 7886-1 Bilaga B<\/strong>.<\/p>\n<h2 data-start=\"3025\" data-end=\"3087\">Till\u00e4mpningar inom medicinsk och farmaceutisk kvalitetskontroll<\/h2>\n<p class=\"\" data-start=\"3089\" data-end=\"3176\">Den <strong data-start=\"3093\" data-end=\"3123\">luftl\u00e4ckagetestare f\u00f6r spruta<\/strong> \u00e4r oumb\u00e4rlig inom flera sektorer, inklusive:<\/p>\n<ul data-start=\"3178\" data-end=\"3478\">\n<li class=\"\" data-start=\"3178\" data-end=\"3261\">\n<p class=\"\" data-start=\"3180\" data-end=\"3261\"><strong data-start=\"3180\" data-end=\"3212\">Tillverkning av medicintekniska produkter<\/strong>, och s\u00e4kerst\u00e4lla \u00f6verensst\u00e4mmelse med regleringsstandarder,<\/p>\n<\/li>\n<li class=\"\" data-start=\"3262\" data-end=\"3329\">\n<p class=\"\" data-start=\"3264\" data-end=\"3329\"><strong data-start=\"3264\" data-end=\"3297\">Laboratorier f\u00f6r l\u00e4kemedelsf\u00f6rpackningar<\/strong>, f\u00f6r s\u00e4kerst\u00e4llande av sterila produkter,<\/p>\n<\/li>\n<li class=\"\" data-start=\"3330\" data-end=\"3407\">\n<p class=\"\" data-start=\"3332\" data-end=\"3407\"><strong data-start=\"3332\" data-end=\"3364\">Tredjeparts testbyr\u00e5er<\/strong>, verifiera produkts\u00e4kerhet och konsistens,<\/p>\n<\/li>\n<li class=\"\" data-start=\"3408\" data-end=\"3478\">\n<p class=\"\" data-start=\"3410\" data-end=\"3478\"><strong data-start=\"3410\" data-end=\"3422\">FoU-laboratorier<\/strong>, f\u00f6r utv\u00e4rdering av prototypsprutor eller material.<\/p>\n<\/li>\n<\/ul>\n<p class=\"\" data-start=\"3480\" data-end=\"3711\">Yrkesverksamma som arbetar med kvalitetss\u00e4kring och <strong data-start=\"3528\" data-end=\"3554\">l\u00e4cks\u00f6kning av sprutor<\/strong> f\u00f6rlitar sig p\u00e5 verktyg som SLT-02, inte bara f\u00f6r att uppfylla kraven utan ocks\u00e5 f\u00f6r att \u00f6ka sin trov\u00e4rdighet och minska risken f\u00f6r produktfel p\u00e5 marknaden.<\/p>\n<h2 data-start=\"3718\" data-end=\"3778\">Varf\u00f6r v\u00e4lja Cell Instruments SLT-02 f\u00f6r ISO 7886-testning<\/h2>\n<p class=\"\" data-start=\"3780\" data-end=\"3941\">Vi \u00e4r ledande inom testl\u00f6sningar f\u00f6r material och f\u00f6rpackningar, <strong data-start=\"3838\" data-end=\"3868\">Cell Instruments Co., Ltd.<\/strong> erbjuder inte bara robust h\u00e5rdvara utan ocks\u00e5 exceptionell service, inklusive:<\/p>\n<ul data-start=\"3943\" data-end=\"4174\">\n<li class=\"\" data-start=\"3943\" data-end=\"4013\">\n<p class=\"\" data-start=\"3945\" data-end=\"4013\">Anpassningsbara armaturer f\u00f6r <strong data-start=\"3971\" data-end=\"4012\">speciella sprutstorlekar eller krav<\/strong>,<\/p>\n<\/li>\n<li class=\"\" data-start=\"4014\" data-end=\"4076\">\n<p class=\"\" data-start=\"4016\" data-end=\"4076\"><strong data-start=\"4016\" data-end=\"4045\">Automatisering av omvandling<\/strong> tj\u00e4nster f\u00f6r produktionslinjer,<\/p>\n<\/li>\n<li class=\"\" data-start=\"4077\" data-end=\"4174\">\n<p class=\"\" data-start=\"4079\" data-end=\"4174\">Teknisk support som bygger p\u00e5 djup kunskap om <strong data-start=\"4125\" data-end=\"4139\">ISO 7886-1<\/strong> och andra internationella standarder.<\/p>\n<\/li>\n<\/ul>\n<p class=\"\" data-start=\"4176\" data-end=\"4300\">V\u00e5rt engagemang f\u00f6r kvalitet, precision och kundn\u00f6jdhet s\u00e4kerst\u00e4ller att din sprutprovning uppfyller de h\u00f6gsta f\u00f6rv\u00e4ntningarna.<\/p>\n<p class=\"\" data-start=\"4323\" data-end=\"4624\">Den <strong data-start=\"4327\" data-end=\"4364\">SLT-02 luftl\u00e4ckagetestare f\u00f6r spruta<\/strong> \u00e4r mer \u00e4n en enhet - det \u00e4r en helt\u00e4ckande l\u00f6sning som \u00e4r skr\u00e4ddarsydd f\u00f6r noggrannhet och tillf\u00f6rlitlighet i medicinsk klass. Med full \u00f6verensst\u00e4mmelse med <strong data-start=\"4494\" data-end=\"4516\">ISO 7886-1 Bilaga B<\/strong>, hj\u00e4lper den yrkesverksamma att genomf\u00f6ra effektiva, sp\u00e5rbara och standardiserade <strong data-start=\"4597\" data-end=\"4623\">l\u00e4cks\u00f6kning av sprutor<\/strong>.<\/p>\n<p class=\"\" data-start=\"4626\" data-end=\"4734\">Utrusta ditt labb med SLT-02 fr\u00e5n <strong data-start=\"4662\" data-end=\"4682\">Cellinstrument<\/strong>-f\u00f6r att sprutans s\u00e4kerhet aldrig f\u00e5r \u00e4ventyras.<\/p>\n<p class=\"\" data-start=\"4741\" data-end=\"4749\"><strong data-start=\"4741\" data-end=\"4749\">Vanliga fr\u00e5gor<\/strong><\/p>\n<p class=\"\" data-start=\"4751\" data-end=\"4949\"><strong data-start=\"4751\" data-end=\"4812\">1. Vad \u00e4r syftet med sprutans luftl\u00e4ckagetestare?<\/strong><br data-start=\"4812\" data-end=\"4815\" \/>Den anv\u00e4nds f\u00f6r att uppt\u00e4cka luftl\u00e4ckage f\u00f6rbi sprutans kolvstopp och f\u00f6r att kontrollera om kolvstoppet lossnar under aspirationen.<\/p>\n<p class=\"\" data-start=\"4951\" data-end=\"5145\"><strong data-start=\"4951\" data-end=\"5015\">2. Vilken standard reglerar luftl\u00e4ckagetestet f\u00f6r sprutor?<\/strong><br data-start=\"5015\" data-end=\"5018\" \/>Testet \u00e4r definierat i <strong data-start=\"5041\" data-end=\"5063\">ISO 7886-1 Bilaga B<\/strong>, som inneh\u00e5ller en detaljerad metod f\u00f6r provning av luftl\u00e4ckage och kolvseparation.<\/p>\n<p class=\"\" data-start=\"5147\" data-end=\"5321\"><strong data-start=\"5147\" data-end=\"5207\">3. Vilken typ av sprutor kan testas med hj\u00e4lp av SLT-02?<\/strong><br data-start=\"5207\" data-end=\"5210\" \/>SLT-02 st\u00f6der ett brett utbud av sprutstorlekar och typer som \u00e4r utformade f\u00f6r manuell anv\u00e4ndning, enligt beskrivningen i <a href=\"https:\/\/www.iso.org\/standard\/64790.html\" target=\"_blank\" rel=\"noopener nofollow\">ISO 7886-1<\/a>.<\/p>\n<p class=\"\" data-start=\"5323\" data-end=\"5476\"><strong data-start=\"5323\" data-end=\"5375\">4. Hur genererar SLT-02 vakuumtryck?<\/strong><br data-start=\"5375\" data-end=\"5378\" \/>Den anv\u00e4nder tryckluft och venturir\u00f6rsteknik f\u00f6r att skapa ett kontrollerat vakuum p\u00e5 upp till -90 kPa.<\/p>\n<p class=\"\" data-start=\"5478\" data-end=\"5692\"><strong data-start=\"5478\" data-end=\"5549\">5. Kan testaren anpassas f\u00f6r speciella sprutkonfigurationer?<\/strong><br data-start=\"5549\" data-end=\"5552\" \/>Ja, Cell Instruments \u00e4r specialiserat p\u00e5 <strong data-start=\"5589\" data-end=\"5617\">anpassade testl\u00f6sningar<\/strong> och kan skr\u00e4ddarsy enheten f\u00f6r unika sprutkonstruktioner eller testkrav.<\/p>","protected":false},"excerpt":{"rendered":"<p>Den <strong data-start=\"1991\" data-end=\"2028\">SLT-02 Test av luftl\u00e4ckage i spruta<\/strong> integrerar ett sofistikerat vakuumgenereringssystem och en stabil kontrollmekanism, vilket g\u00f6r det m\u00f6jligt f\u00f6r operat\u00f6rer att effektivt utf\u00f6ra l\u00e4ckagetester av sprutor med noggrannhet och konsekvens.<\/p>","protected":false},"featured_media":6628,"comment_status":"closed","ping_status":"closed","template":"","meta":{"site-sidebar-layout":"default","site-content-layout":"default","ast-global-header-display":"","ast-main-header-display":"","ast-hfb-above-header-display":"","ast-hfb-below-header-display":"","ast-hfb-mobile-header-display":"","site-post-title":"","ast-breadcrumbs-content":"","ast-featured-img":"","footer-sml-layout":"","theme-transparent-header-meta":"default","adv-header-id-meta":"","stick-header-meta":"","header-above-stick-meta":"","header-main-stick-meta":"","header-below-stick-meta":""},"product_cat":[845,1053,675,149,95],"product_tag":[],"class_list":{"0":"post-6624","1":"product","2":"type-product","3":"status-publish","4":"has-post-thumbnail","6":"product_cat-customization","7":"product_cat-iso-7886-1","8":"product_cat-leak-tester","9":"product_cat-pharma-and-medical-testers","10":"product_cat-products","11":"desktop-align-left","12":"tablet-align-left","13":"mobile-align-left","15":"first","16":"instock","17":"shipping-taxable","18":"product-type-simple"},"_links":{"self":[{"href":"https:\/\/www.qualitester.com\/sv\/wp-json\/wp\/v2\/product\/6624","targetHints":{"allow":["GET"]}}],"collection":[{"href":"https:\/\/www.qualitester.com\/sv\/wp-json\/wp\/v2\/product"}],"about":[{"href":"https:\/\/www.qualitester.com\/sv\/wp-json\/wp\/v2\/types\/product"}],"replies":[{"embeddable":true,"href":"https:\/\/www.qualitester.com\/sv\/wp-json\/wp\/v2\/comments?post=6624"}],"version-history":[{"count":0,"href":"https:\/\/www.qualitester.com\/sv\/wp-json\/wp\/v2\/product\/6624\/revisions"}],"wp:featuredmedia":[{"embeddable":true,"href":"https:\/\/www.qualitester.com\/sv\/wp-json\/wp\/v2\/media\/6628"}],"wp:attachment":[{"href":"https:\/\/www.qualitester.com\/sv\/wp-json\/wp\/v2\/media?parent=6624"}],"wp:term":[{"taxonomy":"product_cat","embeddable":true,"href":"https:\/\/www.qualitester.com\/sv\/wp-json\/wp\/v2\/product_cat?post=6624"},{"taxonomy":"product_tag","embeddable":true,"href":"https:\/\/www.qualitester.com\/sv\/wp-json\/wp\/v2\/product_tag?post=6624"}],"curies":[{"name":"wp","href":"https:\/\/api.w.org\/{rel}","templated":true}]}}