{"id":6521,"date":"2025-02-27T16:21:52","date_gmt":"2025-02-27T08:21:52","guid":{"rendered":"https:\/\/www.qualitester.com\/?post_type=product&#038;p=6521"},"modified":"2025-02-27T16:43:52","modified_gmt":"2025-02-27T08:43:52","slug":"crumple-flex-tester-astm-f392","status":"publish","type":"product","link":"https:\/\/www.qualitester.com\/sv\/produkt-2\/crumple-flex-tester-astm-f392\/","title":{"rendered":"GFT provkropp f\u00f6r smulning av flex"},"content":{"rendered":"<p data-start=\"1048\" data-end=\"1473\">Den <strong data-start=\"1052\" data-end=\"1075\">smula flex testare<\/strong> \u00e4r utformad f\u00f6r att simulera de mekaniska p\u00e5frestningar som f\u00f6rpackningsmaterial uts\u00e4tts f\u00f6r n\u00e4r de b\u00f6js, vrids och komprimeras. Dessa \u00e5tg\u00e4rder leder ofta till flexsprickor och perforeringar, vilket kan \u00e4ventyra f\u00f6rpackningens integritet och produktens s\u00e4kerhet. Testaren hj\u00e4lper tillverkarna att m\u00e4ta materialets motst\u00e5ndskraft mot dessa p\u00e5frestningar och utv\u00e4rdera dess prestanda under upprepad belastning.<\/p>\n<p data-start=\"1475\" data-end=\"1883\">Det prim\u00e4ra syftet med <strong data-start=\"1502\" data-end=\"1525\">smula flex testare<\/strong> \u00e4r att bed\u00f6ma b\u00f6jh\u00e5llfastheten hos flexibla barri\u00e4rmaterial, t.ex. plastfilmer, bestruket papper och laminat, som ofta anv\u00e4nds i f\u00f6rpackningar. Testaren arbetar genom att uts\u00e4tta proverna f\u00f6r en kombination av vridande och linj\u00e4ra kompressionsr\u00f6relser som simulerar de fysiska krafter som en f\u00f6rpackning kan uts\u00e4ttas f\u00f6r under hantering, transport och distribution.<\/p>\n<h3 data-start=\"1890\" data-end=\"1934\">ASTM F392 och testmetoden Gelbo Flex<\/h3>\n<p data-start=\"1936\" data-end=\"2310\">Den <a href=\"https:\/\/www.qualitester.com\/sv\/produkt-kategori\/astm\/astm-f392\/\" target=\"_blank\" rel=\"noopener\"><strong data-start=\"1940\" data-end=\"1953\">ASTM F392<\/strong><\/a> standarden, med titeln \u201cStandard Test Method for Flex Durability of Flexible Barrier Materials\u201d, \u00e4r riktm\u00e4rket f\u00f6r utv\u00e4rdering av b\u00f6jh\u00e5llfastheten hos material som anv\u00e4nds i flexibla f\u00f6rpackningar. Crumple Flex Tester uppfyller kraven i denna standard och anv\u00e4nder <strong data-start=\"2203\" data-end=\"2229\">Testmetod f\u00f6r Gelbo Flex<\/strong> f\u00f6r att kvantifiera hur v\u00e4l material motst\u00e5r skador n\u00e4r de uts\u00e4tts f\u00f6r upprepad b\u00f6jning.<\/p>\n<p data-start=\"2312\" data-end=\"2729\">Den <strong data-start=\"2316\" data-end=\"2342\">Testmetod f\u00f6r Gelbo Flex<\/strong> utv\u00e4rderar materialets f\u00f6rm\u00e5ga att motst\u00e5 b\u00f6jning \u00f6ver tid, vilket \u00e4r avg\u00f6rande f\u00f6r att f\u00f6rhindra att f\u00f6rpackningen g\u00e5r s\u00f6nder. Metoden inneb\u00e4r att ett prov, vanligtvis en film eller bel\u00e4ggning, upprepade g\u00e5nger b\u00f6js genom en vridande och komprimerande r\u00f6relse. Med tiden kan denna b\u00f6jning orsaka mikroskopiska sprickor eller perforeringar, som testaren identifierar och ger kritiska data om materialets h\u00e5llbarhet.<\/p>\n<h3 data-start=\"2736\" data-end=\"2773\">Hur fungerar Crumple Flex-testet?<\/h3>\n<p data-start=\"2775\" data-end=\"3163\">Crumple Flex-testaren fungerar genom att ett prov, som vanligtvis m\u00e4ter 200 mm x 280 mm, monteras p\u00e5 dorn. Dessa dorn initierar sedan flexprocessen, som inneb\u00e4r en vridningsr\u00f6relse p\u00e5 440 grader \u00f6ver 90 mm av slagl\u00e4ngden f\u00f6ljt av horisontell kompression. Denna process upprepas med en hastighet av 45 cykler per minut, vilket g\u00f6r att testmaskinen kan simulera verkliga f\u00f6rh\u00e5llanden p\u00e5 ett exakt s\u00e4tt.<\/p>\n<p data-start=\"3165\" data-end=\"3243\">Testaren erbjuder olika testl\u00e4gen baserat p\u00e5 <strong data-start=\"3220\" data-end=\"3233\">ASTM F392<\/strong> standard:<\/p>\n<ul data-start=\"3245\" data-end=\"3476\">\n<li data-start=\"3245\" data-end=\"3294\"><strong data-start=\"3247\" data-end=\"3257\">L\u00e4ge A<\/strong>: Full flex i 1 timme (2.700 cykler)<\/li>\n<li data-start=\"3295\" data-end=\"3346\"><strong data-start=\"3297\" data-end=\"3307\">L\u00e4ge B<\/strong>: Full flex i 20 minuter (900 cykler)<\/li>\n<li data-start=\"3347\" data-end=\"3397\"><strong data-start=\"3349\" data-end=\"3359\">L\u00e4ge C<\/strong>: Full flex i 6 minuter (270 cykler)<\/li>\n<li data-start=\"3398\" data-end=\"3435\"><strong data-start=\"3400\" data-end=\"3410\">L\u00e4ge D<\/strong>: Full flex i 20 cykler<\/li>\n<li data-start=\"3436\" data-end=\"3476\"><strong data-start=\"3438\" data-end=\"3448\">L\u00e4ge E<\/strong>: Delvis flex i 20 cykler<\/li>\n<\/ul>\n<p data-start=\"3478\" data-end=\"3592\">Dessa l\u00e4gen ger flexibilitet, vilket g\u00f6r att anv\u00e4ndarna kan anpassa testf\u00f6rh\u00e5llandena efter sina specifika behov.<\/p>\n<h3 data-start=\"3599\" data-end=\"3642\">Anv\u00e4ndningsomr\u00e5den f\u00f6r Crumple Flex Tester<\/h3>\n<p data-start=\"3644\" data-end=\"3767\">Den <strong data-start=\"3648\" data-end=\"3671\">smula flex testare<\/strong> \u00e4r avg\u00f6rande f\u00f6r tillverkare i branscher som \u00e4r starkt beroende av f\u00f6rpackningsmaterial, t.ex:<\/p>\n<ul data-start=\"3769\" data-end=\"4209\">\n<li data-start=\"3769\" data-end=\"3895\"><strong data-start=\"3771\" data-end=\"3784\">F\u00f6rpackning<\/strong>: F\u00f6r att s\u00e4kerst\u00e4lla styrkan och integriteten hos flexibla barri\u00e4rfilmer som anv\u00e4nds i livsmedels-, dryckes- och medicinska f\u00f6rpackningar.<\/li>\n<li data-start=\"3896\" data-end=\"4034\"><strong data-start=\"3898\" data-end=\"3923\">Plast och textilier<\/strong>: F\u00f6r att testa h\u00e5llbarheten hos plastfilmer, laminat och textilbel\u00e4ggningar som anv\u00e4nds i flexibla f\u00f6rpackningar.<\/li>\n<li data-start=\"4035\" data-end=\"4209\"><strong data-start=\"4037\" data-end=\"4070\">L\u00e4kemedel och kosmetika<\/strong>: F\u00f6r att bed\u00f6ma prestandan hos f\u00f6rpackningsmaterial som m\u00e5ste t\u00e5la upprepad b\u00f6jning utan att inneh\u00e5llets s\u00e4kerhet \u00e4ventyras.<\/li>\n<\/ul>\n<p data-start=\"4211\" data-end=\"4431\">Tillverkare kan t.ex. anv\u00e4nda testaren f\u00f6r att utv\u00e4rdera prestandan hos filmer som anv\u00e4nds i medicinska f\u00f6rpackningar och s\u00e4kerst\u00e4lla att de inte g\u00e5r s\u00f6nder eller punkteras under distributionen, vilket kan leda till kontaminering eller f\u00f6rst\u00f6relse.<\/p>\n<h2 data-start=\"4211\" data-end=\"4431\">Huvudparameter<\/h2>\n<p><a href=\"https:\/\/www.qualitester.com\/sv\/produkt-2\/gelbo-flex-tester-astm-f392\/\" target=\"_blank\" rel=\"noopener\"><span style=\"color: #1d3f99;\">Crumple Flex Tester - Huvudparameter<\/span><\/a><\/p>\n<h2 data-start=\"4211\" data-end=\"4431\">Teknisk funktion<\/h2>\n<p><a href=\"https:\/\/www.qualitester.com\/sv\/produkt-2\/gelbo-flex-tester-astm-f392\/\" target=\"_blank\" rel=\"noopener\"><span style=\"color: #1d3f99;\">Crumple Flex Tester - Teknisk artikel<\/span><\/a><\/p>\n<p data-start=\"5183\" data-end=\"5647\">Den <strong data-start=\"5187\" data-end=\"5210\">smula flex testare<\/strong> \u00e4r ett viktigt verktyg f\u00f6r att testa b\u00f6jh\u00e5llfastheten hos material som anv\u00e4nds i flexibla f\u00f6rpackningar. Genom att h\u00e5lla sig till <strong data-start=\"5324\" data-end=\"5337\">ASTM F392<\/strong> standard och anv\u00e4nda <strong data-start=\"5361\" data-end=\"5387\">Testmetod f\u00f6r Gelbo Flex<\/strong>, kan tillverkarna f\u00f6rs\u00e4kra sig om att deras f\u00f6rpackningsmaterial fungerar tillf\u00f6rlitligt under verkliga f\u00f6rh\u00e5llanden. Detta hj\u00e4lper inte bara till att skydda produkterna utan s\u00e4kerst\u00e4ller ocks\u00e5 att branschstandarderna f\u00f6ljs, vilket bidrar till h\u00f6gre kundn\u00f6jdhet och s\u00e4kerhet.<\/p>\n<p data-start=\"5649\" data-end=\"5851\">F\u00f6r f\u00f6retag inom f\u00f6rpackningsindustrin \u00e4r det viktigt att investera i en <strong data-start=\"5705\" data-end=\"5728\">smula flex testare<\/strong> fr\u00e5n Cell Instruments s\u00e4kerst\u00e4ller att dina material genomg\u00e5r rigor\u00f6sa tester, vilket f\u00f6rb\u00e4ttrar produkternas tillf\u00f6rlitlighet och prestanda.<\/p>","protected":false},"excerpt":{"rendered":"<p data-start=\"379\" data-end=\"952\">Inom f\u00f6rpackningsindustrin \u00e4r det viktigt att s\u00e4kerst\u00e4lla materialens h\u00e5llbarhet f\u00f6r att f\u00f6rhindra skador under transport och hantering. F\u00f6r <strong data-start=\"514\" data-end=\"537\">smula flex testare<\/strong> \u00e4r ett viktigt instrument som anv\u00e4nds f\u00f6r att bed\u00f6ma b\u00f6jh\u00e5llfastheten hos material, inklusive filmer, kompositer och bel\u00e4ggningar. Genom att simulera de repetitiva p\u00e5frestningar som f\u00f6rpackningsmaterial uts\u00e4tts f\u00f6r under distributionen hj\u00e4lper testaren tillverkarna att s\u00e4kerst\u00e4lla produkternas strukturella integritet.<\/p>","protected":false},"featured_media":6524,"comment_status":"closed","ping_status":"closed","template":"","meta":{"site-sidebar-layout":"default","site-content-layout":"default","ast-global-header-display":"","ast-main-header-display":"","ast-hfb-above-header-display":"","ast-hfb-below-header-display":"","ast-hfb-mobile-header-display":"","site-post-title":"","ast-breadcrumbs-content":"","ast-featured-img":"","footer-sml-layout":"","theme-transparent-header-meta":"default","adv-header-id-meta":"","stick-header-meta":"","header-above-stick-meta":"","header-main-stick-meta":"","header-below-stick-meta":""},"product_cat":[845,977,16,107,95],"product_tag":[],"class_list":{"0":"post-6521","1":"product","2":"type-product","3":"status-publish","4":"has-post-thumbnail","6":"product_cat-customization","7":"product_cat-gelbo-flex-tester","8":"product_cat-plastic-packaging-testers","9":"product_cat-astm-f392","10":"product_cat-products","11":"desktop-align-left","12":"tablet-align-left","13":"mobile-align-left","15":"first","16":"instock","17":"shipping-taxable","18":"product-type-simple"},"_links":{"self":[{"href":"https:\/\/www.qualitester.com\/sv\/wp-json\/wp\/v2\/product\/6521","targetHints":{"allow":["GET"]}}],"collection":[{"href":"https:\/\/www.qualitester.com\/sv\/wp-json\/wp\/v2\/product"}],"about":[{"href":"https:\/\/www.qualitester.com\/sv\/wp-json\/wp\/v2\/types\/product"}],"replies":[{"embeddable":true,"href":"https:\/\/www.qualitester.com\/sv\/wp-json\/wp\/v2\/comments?post=6521"}],"version-history":[{"count":0,"href":"https:\/\/www.qualitester.com\/sv\/wp-json\/wp\/v2\/product\/6521\/revisions"}],"wp:featuredmedia":[{"embeddable":true,"href":"https:\/\/www.qualitester.com\/sv\/wp-json\/wp\/v2\/media\/6524"}],"wp:attachment":[{"href":"https:\/\/www.qualitester.com\/sv\/wp-json\/wp\/v2\/media?parent=6521"}],"wp:term":[{"taxonomy":"product_cat","embeddable":true,"href":"https:\/\/www.qualitester.com\/sv\/wp-json\/wp\/v2\/product_cat?post=6521"},{"taxonomy":"product_tag","embeddable":true,"href":"https:\/\/www.qualitester.com\/sv\/wp-json\/wp\/v2\/product_tag?post=6521"}],"curies":[{"name":"wp","href":"https:\/\/api.w.org\/{rel}","templated":true}]}}