{"id":6425,"date":"2025-01-10T11:09:00","date_gmt":"2025-01-10T03:09:00","guid":{"rendered":"https:\/\/www.qualitester.com\/?post_type=product&#038;p=6425"},"modified":"2025-01-10T11:23:17","modified_gmt":"2025-01-10T03:23:17","slug":"iso-7864-needle-penetration-force-measurement-instrument","status":"publish","type":"product","link":"https:\/\/www.qualitester.com\/sv\/produkt-2\/iso-7864-needle-penetration-force-measurement-instrument\/","title":{"rendered":"NPD-01 N\u00e5lpenetrations- och dragkraftstestare"},"content":{"rendered":"<p>Den <strong>NPD-01 N\u00e5lpenetrations- och dragkraftstestare<\/strong> \u00e4r ett avancerat instrument f\u00f6r exakt m\u00e4tning av den penetrationskraft som kr\u00e4vs f\u00f6r hypodermiska n\u00e5lar. Det s\u00e4kerst\u00e4ller \u00f6verensst\u00e4mmelse med internationella teststandarder s\u00e5som <a href=\"https:\/\/www.qualitester.com\/sv\/produkt-kategori\/iso\/iso-7864\/\" target=\"_blank\" rel=\"noopener\"><strong>ISO 7864<\/strong><\/a> och <strong>GB 15811<\/strong>, erbjuder en robust l\u00f6sning f\u00f6r att testa n\u00e5lars prestanda i olika medicinska applikationer, inklusive injektionsanordningar, testn\u00e5lar och andra biomedicinska produkter.<\/p>\n<h2>Till\u00e4mpning av penetrations- och dragkraftstest<\/h2>\n<p>Den <strong>Instrument f\u00f6r m\u00e4tning av n\u00e5lpenetrationskraft<\/strong> \u00e4r n\u00f6dv\u00e4ndig f\u00f6r att testa n\u00e5lar som anv\u00e4nds inom en rad olika medicinska, farmaceutiska och forskningsm\u00e4ssiga till\u00e4mpningar. Viktiga anv\u00e4ndningsomr\u00e5den \u00e4r bl.a:<\/p>\n<ul>\n<li><strong>Medicintekniska produkter &amp; l\u00e4kemedel<\/strong>: S\u00e4kerst\u00e4lla att injektionsn\u00e5lar, lansetter och andra vassa medicintekniska produkter kan s\u00e4ttas in smidigt och sm\u00e4rtlindrande med bibeh\u00e5llen tillf\u00f6rlitlighet i kliniska milj\u00f6er.<\/li>\n<li><strong>Tillverkare av n\u00e5lar<\/strong>: Kvalitetss\u00e4kring i produktionslinjer f\u00f6r injektionsn\u00e5lar, sprutor och andra n\u00e5lbaserade instrument.<\/li>\n<li><strong>Medicinsk forskning<\/strong>: Testning av nya n\u00e5lkonstruktioner och formuleringar f\u00f6r f\u00f6rb\u00e4ttrade kliniska resultat.<\/li>\n<li><strong>F\u00f6rpackning<\/strong>: S\u00e4kerst\u00e4lla att medicinska f\u00f6rpackningar f\u00f6r n\u00e5lar och sprutor \u00e4r korrekt utformade f\u00f6r att motst\u00e5 de krafter som uppst\u00e5r vid n\u00e5linf\u00f6ring och l\u00e4kemedelstillf\u00f6rsel.<\/li>\n<\/ul>\n<h2>N\u00f6dv\u00e4ndigheten av n\u00e5lpenetrationstestning<\/h2>\n<p>F\u00f6rst\u00e5else f\u00f6r <strong>Testmetod f\u00f6r n\u00e5lpenetration<\/strong> \u00e4r grundl\u00e4ggande f\u00f6r att garantera s\u00e4kerheten och effektiviteten hos medicinska n\u00e5lar. Testning av <strong>penetrationskraft<\/strong> och <strong>dragkraft<\/strong> tj\u00e4nar ett dubbelt syfte:<\/p>\n<ol>\n<li><strong>Patientkomfort<\/strong>: \u00d6verdriven kraft eller friktion kan orsaka sm\u00e4rta, \u00e5ngest och komplikationer under injektionen. Genom att utv\u00e4rdera den kraft som kr\u00e4vs f\u00f6r instick och f\u00f6rflyttning kan tillverkarna utforma n\u00e5lar som minimerar obehaget.<\/li>\n<li><strong>Klinisk effekt<\/strong>: Effektiv n\u00e5lins\u00e4ttning \u00e4r avg\u00f6rande i kliniska milj\u00f6er. N\u00e5larna m\u00e5ste l\u00e4tt kunna tr\u00e4nga igenom huden eller v\u00e4vnaden utan att orsaka v\u00e4vnadsskador eller p\u00e5verka kvaliteten p\u00e5 l\u00e4kemedelstillf\u00f6rseln.<\/li>\n<li><strong>Regulatorisk efterlevnad<\/strong>: Internationella standarder som t.ex. <strong>ISO 7864<\/strong> och <strong>GB 15811<\/strong> kr\u00e4ver att n\u00e5larna uppfyller specifika prestandakriterier. De <strong>NPD-01 testare<\/strong> garanterar att dessa regler f\u00f6ljs, vilket minskar risken f\u00f6r att reglerna inte efterlevs.<\/li>\n<\/ol>\n<p>Utan exakta tester kan n\u00e5lbaserade produkter misslyckas inom viktiga omr\u00e5den som t.ex. <strong>sterilitet<\/strong>, <strong>Insprutningens smidighet<\/strong>, och <strong>anv\u00e4ndarupplevelse<\/strong>, vilket kan leda till kliniska komplikationer och obehag f\u00f6r patienten. D\u00e4rf\u00f6r b\u00f6r <strong>penetrationstest med n\u00e5l<\/strong> \u00e4r inte bara en teknikalitet; det \u00e4r en n\u00f6dv\u00e4ndighet f\u00f6r h\u00e4lso- och sjukv\u00e5rdssystemets integritet.<\/p>\n<h2>Testmetod f\u00f6r n\u00e5lpenetration<\/h2>\n<p>Den <strong>NPD-01 Instrument f\u00f6r m\u00e4tning av n\u00e5lpenetrationskraft<\/strong> fungerar enligt en sofistikerad men \u00e4nd\u00e5 anv\u00e4ndarv\u00e4nlig princip:<\/p>\n<ol>\n<li><strong>Inst\u00e4llning<\/strong>: N\u00e5len som ska testas s\u00e4kras p\u00e5 plats med hj\u00e4lp av en manlig luerkonus, som ansluts till <strong>lastcell<\/strong>.<\/li>\n<li><strong>Infogning av substrat<\/strong>: N\u00e5len r\u00f6r sig mot ett specifikt substrat (t.ex. hudliknande material eller syntetiska v\u00e4vnader) med en kontrollerad hastighet.<\/li>\n<li><strong>M\u00e4tning av kraft<\/strong>: Under ins\u00e4ttning, en <strong>lastcell<\/strong> m\u00e4ter kontinuerligt den kraft som uppst\u00e5r n\u00e4r n\u00e5len tr\u00e4nger in i materialet. Denna kraft registreras i olika skeden av inf\u00f6ringsprocessen.<\/li>\n<li><strong>Bed\u00f6mning av dragkraft<\/strong>: Efter den inledande penetrationen <strong>dragkraft<\/strong> eller den friktionskraft som kr\u00e4vs f\u00f6r att flytta n\u00e5len genom materialet m\u00e4ts. Detta \u00e4r en kritisk indikator p\u00e5 n\u00e5lens prestanda under faktisk anv\u00e4ndning.<\/li>\n<li><strong>Utmatning av data<\/strong>: Systemet matar ut data via en intuitiv <strong>HMI-peksk\u00e4rm<\/strong> och skriver ut resultat med hj\u00e4lp av en integrerad <b>mikroskrivare<\/b>.<\/li>\n<\/ol>\n<p>De kraftavl\u00e4sningar som erh\u00e5lls fr\u00e5n testet ger en detaljerad bild av b\u00e5de <strong>initial maximal penetrationskraft<\/strong> och <strong>friktionskrafter<\/strong>, vilket g\u00f6r den till ett v\u00e4rdefullt verktyg f\u00f6r kvalitetskontroll, FoU och efterlevnad av regelverk.<\/p>\n<h2>Teknisk specifikation f\u00f6r N\u00e5ldragkraftprovare<\/h2>\n<p>H\u00e4r \u00e4r de <strong>viktiga tekniska egenskaper<\/strong> av <strong>NPD-01 N\u00e5lpenetrations- och dragkraftstestare<\/strong>:<\/p>\n<table>\n<tbody>\n<tr>\n<td width=\"144\">Lastcell<\/td>\n<td width=\"276\">50N (eller enligt behov)<\/td>\n<\/tr>\n<tr>\n<td width=\"144\">Testhastighet<\/td>\n<td width=\"276\">1~500mm\/min<\/td>\n<\/tr>\n<tr>\n<td width=\"144\">Kraft Noggrannhet<\/td>\n<td width=\"276\">0,5% F.S.<\/td>\n<\/tr>\n<tr>\n<td width=\"144\">Noggrannhet<\/td>\n<td width=\"276\">0,01 mm<\/td>\n<\/tr>\n<tr>\n<td width=\"144\">Kraft<\/td>\n<td width=\"276\">110~220V<\/td>\n<\/tr>\n<\/tbody>\n<\/table>\n<h2>Teknisk egenskap f\u00f6r n\u00e5lpenetrationskraftprovare<\/h2>\n<ol>\n<li><strong>Precision och tillf\u00f6rlitlighet<\/strong>: Med en noggrannhet p\u00e5 0,01 mm och en kraftm\u00e4tningsnoggrannhet p\u00e5 0,5%.<\/li>\n<li><strong>M\u00e5ngsidighet<\/strong>: Instrumentet har plats f\u00f6r olika n\u00e5lstorlekar och -typer, vilket m\u00f6jligg\u00f6r omfattande tester p\u00e5 ett brett spektrum av medicintekniska produkter.<\/li>\n<li><strong>Anv\u00e4ndarv\u00e4nlighet<\/strong>: Det PLC-kontrollerade systemet och intuitiva <strong>HMI-peksk\u00e4rm<\/strong> g\u00f6r det enkelt f\u00f6r operat\u00f6rer att st\u00e4lla in, \u00f6vervaka och tolka tester.<\/li>\n<li><strong>Anpassning<\/strong>: De variabla hastighetsinst\u00e4llningarna och det justerbara penetrationsdjupet g\u00f6r att enheten kan anpassas till specifika testkrav.<\/li>\n<li><strong>\u00d6verensst\u00e4mmelse med standarder<\/strong>: F\u00f6ljer helt internationella standarder som <strong>ISO 7864<\/strong> och <strong>GB 15811<\/strong>, vilket g\u00f6r den l\u00e4mplig f\u00f6r regulatoriska tester i olika regioner.<\/li>\n<\/ol>\n<h2>N\u00e5lpenetrationstest Standard<\/h2>\n<p>Den <strong>NPD-01 Instrument f\u00f6r m\u00e4tning av n\u00e5lpenetrationskraft<\/strong> uppfyller olika internationella standarder, vilket g\u00f6r den l\u00e4mplig f\u00f6r medicinska och farmaceutiska tester \u00f6ver hela v\u00e4rlden:<\/p>\n<h3><strong><a href=\"https:\/\/www.iso.org\/standard\/60481.html\" target=\"_blank\" rel=\"nofollow noopener\">ISO 7864<\/a> Bilaga D<\/strong><\/h3>\n<ul>\n<li>Anger testmetoden f\u00f6r m\u00e4tning av <strong>penetrationskraft<\/strong> och <strong>dragkraft<\/strong> av n\u00e5lar, vilket \u00e4r centralt f\u00f6r att s\u00e4kerst\u00e4lla deras prestanda under anv\u00e4ndning.<\/li>\n<\/ul>\n<h3><strong>GB 15811<\/strong><\/h3>\n<ul>\n<li>Denna kinesiska standard beskriver specifika metoder f\u00f6r <strong>penetrationstest med n\u00e5l<\/strong>, vilket NPD-01 f\u00f6ljer.<\/li>\n<\/ul>\n<p>Genom att anv\u00e4nda detta instrument s\u00e4kerst\u00e4ller du att dina produkter uppfyller de h\u00f6gsta branschstandarderna och \u00e4r l\u00e4mpliga f\u00f6r myndighetsgodk\u00e4nnande p\u00e5 olika marknader.<\/p>\n<h2>Support och utbildning<\/h2>\n<p>Cell Instruments tillhandah\u00e5ller <strong>omfattande support och utbildning<\/strong> f\u00f6r att hj\u00e4lpa anv\u00e4ndarna att f\u00e5 ut mesta m\u00f6jliga av <strong>NPD-01 Instrument f\u00f6r m\u00e4tning av n\u00e5lpenetrationskraft<\/strong>:<\/p>\n<ul>\n<li><strong>Utbildning f\u00f6r anv\u00e4ndare<\/strong>: V\u00e5ra utbildningsprogram \u00e4r skr\u00e4ddarsydda f\u00f6r att hj\u00e4lpa dig att f\u00f6rst\u00e5 hur instrumentet fungerar och principerna f\u00f6r <strong>n\u00e5ltestning<\/strong>.<\/li>\n<li><strong>Teknisk support<\/strong>: Vi erbjuder l\u00f6pande teknisk support f\u00f6r fels\u00f6kning, underh\u00e5ll och kalibrering.<\/li>\n<li><strong>Kalibreringstj\u00e4nster<\/strong>: F\u00f6r att s\u00e4kerst\u00e4lla fortsatt noggrannhet tillhandah\u00e5ller vi professionella kalibreringstj\u00e4nster p\u00e5 \u00e5rsbasis.<\/li>\n<\/ul>\n<h2>Vanliga fr\u00e5gor och svar (FAQ)<\/h2>\n<p><strong>Q1: Vilka \u00e4r f\u00f6rdelarna med att testa n\u00e5lens dragkraft?<br \/>\n<\/strong>A1: Genom att testa dragkraften s\u00e4kerst\u00e4lls att n\u00e5len r\u00f6r sig smidigt genom v\u00e4vnaderna, vilket minskar obehaget och f\u00f6rb\u00e4ttrar den kliniska effektiviteten. Det hj\u00e4lper ocks\u00e5 till att f\u00f6ruts\u00e4ga n\u00e5larnas prestanda under olika f\u00f6rh\u00e5llanden.<\/p>\n<p><strong>F2: Kan den h\u00e4r testaren anv\u00e4ndas f\u00f6r att testa olika typer av n\u00e5lar?<\/strong><br \/>\nA2: Ja, den <strong>NPD-01<\/strong> \u00e4r m\u00e5ngsidig och kan testa ett stort antal olika n\u00e5lar, inklusive sprutor, lansetter och injektionsn\u00e5lar. Den inneh\u00e5ller flera fixturer f\u00f6r olika n\u00e5lstorlekar.<\/p>\n<p><strong>F3: Uppfyller NPD-01 internationella teststandarder?<\/strong><br \/>\nA3: Ja, den <strong>NPD-01<\/strong> h\u00e5ller sig till <strong>ISO 7864<\/strong> och <strong>GB 15811<\/strong>, och s\u00e4kerst\u00e4ller att den uppfyller globala teststandarder f\u00f6r medicintekniska produkter.<\/p>\n<p><strong>Q4: Vilken typ av data matar NPD-01 ut?<\/strong><br \/>\nA4: NPD-01 ger b\u00e5de kraftm\u00e4tningar i realtid och data om penetrationsdjup, med resultat tillg\u00e4ngliga via <strong>HMI-peksk\u00e4rm<\/strong> och en integrerad <strong>mikroskrivare<\/strong>.<\/p>","protected":false},"excerpt":{"rendered":"<p>M\u00e4tinstrumentet NPD-01 Needle Penetration Force erbjuder noggrann och tillf\u00f6rlitlig testning av n\u00e5lens instickskraft och motst\u00e5nd, vilket \u00e4r avg\u00f6rande f\u00f6r medicin- och l\u00e4kemedelsindustrin. L\u00e4s mer om dess till\u00e4mpningar, arbetsprinciper och tekniska egenskaper.<\/p>","protected":false},"featured_media":0,"comment_status":"closed","ping_status":"closed","template":"","meta":{"site-sidebar-layout":"default","site-content-layout":"default","ast-global-header-display":"","ast-main-header-display":"","ast-hfb-above-header-display":"","ast-hfb-below-header-display":"","ast-hfb-mobile-header-display":"","site-post-title":"","ast-breadcrumbs-content":"","ast-featured-img":"","footer-sml-layout":"","theme-transparent-header-meta":"default","adv-header-id-meta":"","stick-header-meta":"","header-above-stick-meta":"","header-main-stick-meta":"","header-below-stick-meta":""},"product_cat":[953,956,955,845,1178,1177,934,954,957,958,952,959,149,95],"product_tag":[],"class_list":{"0":"post-6425","1":"product","2":"type-product","3":"status-publish","5":"product_cat-bursting-tester","6":"product_cat-cobb-tester","7":"product_cat-crush-tester","8":"product_cat-customization","9":"product_cat-gb-15811","10":"product_cat-iso-7864","11":"product_cat-medical-packaging-tester","12":"product_cat-paper-tear-tester","13":"product_cat-plybond-tester","14":"product_cat-puncture-tester","15":"product_cat-rub-tester","16":"product_cat-stiffness-tester","17":"product_cat-pharma-and-medical-testers","18":"product_cat-products","19":"desktop-align-left","20":"tablet-align-left","21":"mobile-align-left","23":"first","24":"instock","25":"shipping-taxable","26":"product-type-simple"},"_links":{"self":[{"href":"https:\/\/www.qualitester.com\/sv\/wp-json\/wp\/v2\/product\/6425","targetHints":{"allow":["GET"]}}],"collection":[{"href":"https:\/\/www.qualitester.com\/sv\/wp-json\/wp\/v2\/product"}],"about":[{"href":"https:\/\/www.qualitester.com\/sv\/wp-json\/wp\/v2\/types\/product"}],"replies":[{"embeddable":true,"href":"https:\/\/www.qualitester.com\/sv\/wp-json\/wp\/v2\/comments?post=6425"}],"version-history":[{"count":0,"href":"https:\/\/www.qualitester.com\/sv\/wp-json\/wp\/v2\/product\/6425\/revisions"}],"wp:attachment":[{"href":"https:\/\/www.qualitester.com\/sv\/wp-json\/wp\/v2\/media?parent=6425"}],"wp:term":[{"taxonomy":"product_cat","embeddable":true,"href":"https:\/\/www.qualitester.com\/sv\/wp-json\/wp\/v2\/product_cat?post=6425"},{"taxonomy":"product_tag","embeddable":true,"href":"https:\/\/www.qualitester.com\/sv\/wp-json\/wp\/v2\/product_tag?post=6425"}],"curies":[{"name":"wp","href":"https:\/\/api.w.org\/{rel}","templated":true}]}}