{"id":5401,"date":"2024-11-18T11:06:12","date_gmt":"2024-11-18T03:06:12","guid":{"rendered":"https:\/\/www.qualitester.com\/?post_type=product&#038;p=5401"},"modified":"2024-12-05T15:37:27","modified_gmt":"2024-12-05T07:37:27","slug":"sale-fabric-thickness-tester-gauge","status":"publish","type":"product","link":"https:\/\/www.qualitester.com\/sv\/produkt-2\/sale-fabric-thickness-tester-gauge\/","title":{"rendered":"FTT-02 Provningsutrustning f\u00f6r tygtjocklek"},"content":{"rendered":"<p>Den <strong>FTT-02 Provningsutrustning f\u00f6r tygtjocklek<\/strong> \u00e4r ett mycket exakt instrument som \u00e4r utformat f\u00f6r att m\u00e4ta tjockleken p\u00e5 olika tyger, inklusive sm\u00e4ltbl\u00e5st non-woven, spun-bonded, SMS (spun-bond\/melt-blown\/spun-bond), spunlace, n\u00e5lst\u00e4mplade, v\u00e4vda och stickade tyger. Den \u00e4r konstruerad f\u00f6r tillf\u00f6rlitlighet och noggrannhet och s\u00e4kerst\u00e4ller \u00f6verensst\u00e4mmelse med globala teststandarder, vilket g\u00f6r den till ett viktigt verktyg f\u00f6r branscher som textilier, medicintekniska produkter, f\u00f6rpackningar och kvalitetsinspektion.<\/p>\n<h2><strong>Anv\u00e4ndningsomr\u00e5den f\u00f6r FTT-02 provningsutrustning f\u00f6r tygtjocklek<\/strong><\/h2>\n<p>FTT-02 \u00e4r m\u00e5ngsidig och idealisk f\u00f6r en m\u00e4ngd olika material, t.ex:<\/p>\n<ul>\n<li>Sm\u00e4ltbl\u00e5sta och spunbondade non-woven-v\u00e4vnader.<\/li>\n<li>SMS non-woven-tyger f\u00f6r medicinska och hygieniska produkter.<\/li>\n<li>Spunlace- och n\u00e5lstansade tyger som anv\u00e4nds i kl\u00e4dsel och industriella applikationer.<\/li>\n<li>V\u00e4vda och stickade textilier f\u00f6r konfektion och tekniska tyger.<\/li>\n<\/ul>\n<p>Detta g\u00f6r den till en viktig enhet f\u00f6r branscher som f\u00f6rpackning, medicin, l\u00e4kemedel, textilier och kvalitetss\u00e4kringsorgan.<\/p>\n<h2><strong>Funktioner och f\u00f6rdelar<\/strong><\/h2>\n<h3><strong>Precisionsm\u00e4tning<\/strong><\/h3>\n<ul>\n<li>M\u00e4tomr\u00e5de: <strong>0,001-25 mm<\/strong> med en uppl\u00f6sning p\u00e5 <strong>0,001 mm<\/strong>, vilket ger mycket exakta resultat f\u00f6r kritiska till\u00e4mpningar.<\/li>\n<\/ul>\n<h3><strong>Testning av flexibilitet<\/strong><\/h3>\n<ul>\n<li>Alternativ f\u00f6r <strong>singel<\/strong> eller <strong>kontinuerlig testning<\/strong> ger anpassningsf\u00f6rm\u00e5ga f\u00f6r olika operativa behov.<\/li>\n<\/ul>\n<h3><strong>Anpassningsbara vikter och inst\u00e4llningar<\/strong><\/h3>\n<ul>\n<li>Justerbar storlek p\u00e5 pressarfoten: <strong>11,28 mm, 50,48 mm, 56,42 mm och 112,84 mm<\/strong>.<\/li>\n<li>Flera storlekar p\u00e5 kontaktytan: <strong>\u03c6100, \u03c62000, \u03c62500, \u03c610000mm\u00b2<\/strong>.<\/li>\n<li>Viktalternativ som str\u00e4cker sig fr\u00e5n <strong>5cN<\/strong> till <strong>500cN<\/strong> och tryck p\u00e5 tidsinst\u00e4llningar f\u00f6r <strong>10s<\/strong> och <strong>30s<\/strong> f\u00f6r skr\u00e4ddarsydda tester.<\/li>\n<\/ul>\n<h3><strong>Anv\u00e4ndarv\u00e4nlig design<\/strong><\/h3>\n<ul>\n<li>Kompakta m\u00e5tt (<strong>410 \u00d7 160 \u00d7 395 mm<\/strong>) och en hanterbar vikt (<strong>35 kg<\/strong>) s\u00e4kerst\u00e4ller enkel installation och drift.<\/li>\n<li>Fungerar p\u00e5 en standard <strong>220V, 50Hz<\/strong> str\u00f6mf\u00f6rs\u00f6rjning.<\/li>\n<\/ul>\n<h2><strong>\u00d6verensst\u00e4mmelse med standarder<\/strong><\/h2>\n<p>Den <strong>FTT-02 Provningsutrustning f\u00f6r tygtjocklek<\/strong> \u00e4r utformad f\u00f6r att uppfylla och \u00f6vertr\u00e4ffa kraven i f\u00f6ljande globala standarder:<\/p>\n<ul>\n<li><a href=\"https:\/\/www.iso.org\/standard\/23348.html\" target=\"_blank\" rel=\"noopener nofollow\"><strong>ISO 5084<\/strong><\/a>: Standard f\u00f6r m\u00e4tning av tjockleken p\u00e5 textilier under specifikt tryck.<\/li>\n<li><a href=\"https:\/\/www.iso.org\/standard\/16652.html\" target=\"_blank\" rel=\"noopener nofollow\"><strong>ISO 9073-2<\/strong><\/a>: Best\u00e4mning av tjocklek f\u00f6r non-woven.<\/li>\n<li><a href=\"https:\/\/www.iso.org\/standard\/59641.html\" target=\"_blank\" rel=\"noopener nofollow\"><strong>ISO 9863<\/strong><\/a>: Riktlinjer f\u00f6r m\u00e4tning av geosynteters tjocklek.<\/li>\n<li><a href=\"https:\/\/www.astm.org\/d1777-96r19.html\" target=\"_blank\" rel=\"noopener nofollow\"><strong>ASTM D1777<\/strong><\/a>: Metoder f\u00f6r m\u00e4tning av tjocklek p\u00e5 textila material.<\/li>\n<li><strong>GB\/T 24218.2 &amp; GB\/T 3820<\/strong>: Kinesiska standarder f\u00f6r provning av tygtjocklek.<\/li>\n<li><strong>FZ\/T 01003 &amp; FZ\/T 60004<\/strong>: Standarder f\u00f6r specifika textilprodukter p\u00e5 den kinesiska marknaden.<\/li>\n<\/ul>\n<p>Dessa certifieringar s\u00e4kerst\u00e4ller att testaren \u00e4r l\u00e4mplig f\u00f6r b\u00e5de nationella och internationella applikationer.<\/p>\n<h2><strong>Tekniska specifikationer<\/strong><\/h2>\n<table>\n<thead>\n<tr>\n<th><strong>Parameter<\/strong><\/th>\n<th><strong>Detaljer<\/strong><\/th>\n<\/tr>\n<\/thead>\n<tbody>\n<tr>\n<td style=\"text-align: center;\">M\u00e4tomr\u00e5de<\/td>\n<td style=\"text-align: center;\">0,001-25 mm<\/td>\n<\/tr>\n<tr>\n<td style=\"text-align: center;\">Uppl\u00f6sning<\/td>\n<td style=\"text-align: center;\">0,001 mm<\/td>\n<\/tr>\n<tr>\n<td style=\"text-align: center;\">Pressarfot (mm)<\/td>\n<td style=\"text-align: center;\">11.28, 50.48, 56.42, 112.84<\/td>\n<\/tr>\n<tr>\n<td style=\"text-align: center;\">Kontaktyta (mm\u00b2)<\/td>\n<td style=\"text-align: center;\">\u03c6100, \u03c62000, \u03c62500, \u03c610000<\/td>\n<\/tr>\n<tr>\n<td style=\"text-align: center;\">Viktalternativ (cN)<\/td>\n<td style=\"text-align: center;\">5, 10, 50, 100, 200, 500<\/td>\n<\/tr>\n<tr>\n<td style=\"text-align: center;\">Tryck p\u00e5 Tidsinst\u00e4llningar<\/td>\n<td style=\"text-align: center;\">10s, 30s<\/td>\n<\/tr>\n<tr>\n<td style=\"text-align: center;\">M\u00e5tt (mm)<\/td>\n<td style=\"text-align: center;\">410 \u00d7 160 \u00d7 395<\/td>\n<\/tr>\n<tr>\n<td style=\"text-align: center;\">Vikt (kg)<\/td>\n<td style=\"text-align: center;\">35<\/td>\n<\/tr>\n<tr>\n<td style=\"text-align: center;\">Str\u00f6mf\u00f6rs\u00f6rjning<\/td>\n<td style=\"text-align: center;\">220V, 50Hz<\/td>\n<\/tr>\n<\/tbody>\n<\/table>\n<h2><strong>Hur testinstrumentet f\u00f6r tygtjocklek fungerar<\/strong><\/h2>\n<ol>\n<li><strong>F\u00f6rberedelse av prov<\/strong>: Placera tygprovet stadigt p\u00e5 testplattformen.<\/li>\n<li><strong>Justering av pressarfot<\/strong>: V\u00e4lj l\u00e4mplig storlek p\u00e5 pressarfoten och kontaktyta f\u00f6r materialet.<\/li>\n<li><strong>Vikt och presstid<\/strong>: L\u00e4gg p\u00e5 \u00f6nskad vikt och st\u00e4ll in presstiden (10s eller 30s).<\/li>\n<li><strong>M\u00e4tning<\/strong>: Instrumentet m\u00e4ter tjockleken baserat p\u00e5 de angivna inst\u00e4llningarna, vilket ger exakta resultat som \u00e4r avg\u00f6rande f\u00f6r kvalitetss\u00e4kringen.<\/li>\n<\/ol>\n<h2><strong>F\u00f6rdelar inom olika branscher<\/strong><\/h2>\n<ul>\n<li><strong>Textilindustrin<\/strong>: Garanterar j\u00e4mn tygtjocklek, vilket f\u00f6rb\u00e4ttrar produktkvaliteten och h\u00e5llbarheten.<\/li>\n<li><strong>Medicintekniska produkter<\/strong>: Verifierar likformigheten hos non-woven-material som anv\u00e4nds i kirurgiska masker och operationskl\u00e4der.<\/li>\n<li><strong>F\u00f6rpackningsmaterial<\/strong>: S\u00e4kerst\u00e4ller optimal materialtjocklek f\u00f6r tillf\u00f6rlitlig prestanda i f\u00f6rpackningsapplikationer.<\/li>\n<li><strong>Forskning och utveckling<\/strong>: St\u00f6djer utvecklingen av innovativa material och produkter.<\/li>\n<\/ul>\n<h2><strong>Anpassnings- och automatiseringstj\u00e4nster<\/strong><\/h2>\n<p>Cell Instruments erbjuder anpassningsalternativ f\u00f6r att uppfylla unika testkrav, t.ex. skr\u00e4ddarsydda vikter, presstider och automatiseringstj\u00e4nster f\u00f6r milj\u00f6er med h\u00f6g genomstr\u00f6mning.<\/p>\n<p>Den <strong>FTT-02 Provningsutrustning f\u00f6r tygtjocklek<\/strong> \u00e4r ett m\u00e5ngsidigt och oumb\u00e4rligt verktyg f\u00f6r m\u00e4tning av tygtjocklek, som s\u00e4kerst\u00e4ller att internationella standarder f\u00f6ljs och uppfyller de str\u00e4nga kraven fr\u00e5n olika branscher. Med sin precision, flexibilitet och robusta design g\u00f6r den det m\u00f6jligt f\u00f6r f\u00f6retag att uppn\u00e5 \u00f6verl\u00e4gsen kvalitet och tillf\u00f6rlitlighet i sina produkter.<\/p>\n<h2><strong>FAQ-avdelning<\/strong><\/h2>\n<ol>\n<li><strong>Vilka material kan FTT-02-testet?<\/strong><br \/>\nDen m\u00e4ter tjockleken p\u00e5 v\u00e4vda, stickade och icke-v\u00e4vda tyger, inklusive SMS, spunlace och n\u00e5lstansade tyger.<\/li>\n<li><strong>Vilka standarder uppfyller FTT-02?<\/strong><br \/>\nDen f\u00f6ljer ISO 5084, ISO 9073-2, ASTM D1777 och flera andra globala och regionala standarder.<\/li>\n<li><strong>\u00c4r testaren l\u00e4mplig f\u00f6r medicinska till\u00e4mpningar?<\/strong><br \/>\nJa, den anv\u00e4nds ofta f\u00f6r att testa non-woven-tyger som anv\u00e4nds i kirurgiska masker, operationskl\u00e4der och andra medicinska material.<\/li>\n<li><strong>Kan enheten anpassas f\u00f6r specifika behov?<\/strong><br \/>\nJa, Cell Instruments erbjuder anpassningsalternativ f\u00f6r vikter, inst\u00e4llningar och till och med automatiseringsfunktioner.<\/li>\n<li><strong>Varf\u00f6r \u00e4r det viktigt att testa tygets tjocklek?<\/strong><br \/>\nDet s\u00e4kerst\u00e4ller materialkonsistens, f\u00f6rb\u00e4ttrar produktprestanda och garanterar \u00f6verensst\u00e4mmelse med branschstandarder.<\/li>\n<\/ol>","protected":false},"excerpt":{"rendered":"<p>Den <strong>FTT-02 Provningsutrustning f\u00f6r tygtjocklek<\/strong> \u00e4r ett mycket exakt instrument som \u00e4r utformat f\u00f6r att m\u00e4ta tjockleken p\u00e5 olika tyger, inklusive sm\u00e4ltbl\u00e5st non-woven, spun-bonded, SMS (spun-bond\/melt-blown\/spun-bond), spunlace, n\u00e5lst\u00e4mplade, v\u00e4vda och stickade tyger. Den \u00e4r konstruerad f\u00f6r tillf\u00f6rlitlighet och noggrannhet och s\u00e4kerst\u00e4ller \u00f6verensst\u00e4mmelse med globala teststandarder, vilket g\u00f6r den till ett viktigt verktyg f\u00f6r branscher som textilier, medicintekniska produkter, f\u00f6rpackningar och kvalitetsinspektion.<\/p>","protected":false},"featured_media":6302,"comment_status":"closed","ping_status":"closed","template":"","meta":{"site-sidebar-layout":"default","site-content-layout":"default","ast-global-header-display":"","ast-main-header-display":"","ast-hfb-above-header-display":"","ast-hfb-below-header-display":"","ast-hfb-mobile-header-display":"","site-post-title":"","ast-breadcrumbs-content":"","ast-featured-img":"","footer-sml-layout":"","theme-transparent-header-meta":"default","adv-header-id-meta":"","stick-header-meta":"","header-above-stick-meta":"","header-main-stick-meta":"","header-below-stick-meta":""},"product_cat":[95,953,956,955,845,1117,954,957,958,952,959,938,962,685,120,163,172],"product_tag":[],"class_list":{"0":"post-5401","1":"product","2":"type-product","3":"status-publish","4":"has-post-thumbnail","6":"product_cat-products","7":"product_cat-bursting-tester","8":"product_cat-cobb-tester","9":"product_cat-crush-tester","10":"product_cat-customization","11":"product_cat-iso-9863","12":"product_cat-paper-tear-tester","13":"product_cat-plybond-tester","14":"product_cat-puncture-tester","15":"product_cat-rub-tester","16":"product_cat-stiffness-tester","17":"product_cat-textile-tester","18":"product_cat-thickness-gauges","19":"product_cat-thickness-tester","20":"product_cat-astm-d1777","21":"product_cat-iso-5084","22":"product_cat-iso-9073-2","23":"desktop-align-left","24":"tablet-align-left","25":"mobile-align-left","27":"first","28":"instock","29":"shipping-taxable","30":"product-type-simple"},"_links":{"self":[{"href":"https:\/\/www.qualitester.com\/sv\/wp-json\/wp\/v2\/product\/5401","targetHints":{"allow":["GET"]}}],"collection":[{"href":"https:\/\/www.qualitester.com\/sv\/wp-json\/wp\/v2\/product"}],"about":[{"href":"https:\/\/www.qualitester.com\/sv\/wp-json\/wp\/v2\/types\/product"}],"replies":[{"embeddable":true,"href":"https:\/\/www.qualitester.com\/sv\/wp-json\/wp\/v2\/comments?post=5401"}],"version-history":[{"count":0,"href":"https:\/\/www.qualitester.com\/sv\/wp-json\/wp\/v2\/product\/5401\/revisions"}],"wp:featuredmedia":[{"embeddable":true,"href":"https:\/\/www.qualitester.com\/sv\/wp-json\/wp\/v2\/media\/6302"}],"wp:attachment":[{"href":"https:\/\/www.qualitester.com\/sv\/wp-json\/wp\/v2\/media?parent=5401"}],"wp:term":[{"taxonomy":"product_cat","embeddable":true,"href":"https:\/\/www.qualitester.com\/sv\/wp-json\/wp\/v2\/product_cat?post=5401"},{"taxonomy":"product_tag","embeddable":true,"href":"https:\/\/www.qualitester.com\/sv\/wp-json\/wp\/v2\/product_tag?post=5401"}],"curies":[{"name":"wp","href":"https:\/\/api.w.org\/{rel}","templated":true}]}}