{"id":5398,"date":"2024-11-18T10:59:49","date_gmt":"2024-11-18T02:59:49","guid":{"rendered":"https:\/\/www.qualitester.com\/?post_type=product&#038;p=5398"},"modified":"2024-12-05T15:28:34","modified_gmt":"2024-12-05T07:28:34","slug":"sale-high-speed-unwinding-tester","status":"publish","type":"product","link":"https:\/\/www.qualitester.com\/sv\/produkt-2\/sale-high-speed-unwinding-tester\/","title":{"rendered":"HSU-01 Testmaskin f\u00f6r h\u00f6ghastighetsavrullning"},"content":{"rendered":"<p>Den <strong>HSU-01 Testmaskin f\u00f6r h\u00f6ghastighetsavrullning<\/strong> \u00e4r ett avancerat instrument som \u00e4r utformat f\u00f6r att m\u00e4ta den kraft som kr\u00e4vs f\u00f6r att rulla av tejper fr\u00e5n sina rullar i en kontrollerad, h\u00f6g hastighet. Den h\u00e4r innovativa enheten \u00e4r avg\u00f6rande f\u00f6r kvalitetss\u00e4kringen och s\u00e4kerst\u00e4ller att tejperna uppfyller branschstandarderna och fungerar tillf\u00f6rlitligt under appliceringen. HSU-01 \u00e4r den perfekta l\u00f6sningen f\u00f6r testning av avrullningskraften i allt fr\u00e5n f\u00f6rpackningar till fordons-, medicin- och elektronikindustrin.<\/p>\n<h2>Till\u00e4mpningar<\/h2>\n<p>Test av avrullningskraft utv\u00e4rderar beteendet hos sj\u00e4lvh\u00e4ftande tejp under realistiska f\u00f6rh\u00e5llanden. Detta s\u00e4kerst\u00e4ller j\u00e4mn kvalitet och \u00f6verensst\u00e4mmelse med branschstandarder i applikationer som t.ex:<\/p>\n<ul>\n<li><strong>F\u00f6rpackning<\/strong>: S\u00e4kerst\u00e4ller tejpens prestanda under f\u00f6rsegling och lagring.<\/li>\n<li><strong>Medicintekniska produkter<\/strong>: Garanterar tillf\u00f6rlitliga lim i kritiska till\u00e4mpningar inom sjukv\u00e5rden.<\/li>\n<li><strong>Fordon<\/strong>: Bed\u00f6mning av tejpens h\u00e5llbarhet vid montering och reparation.<\/li>\n<li><strong>Elektronik<\/strong>: Valideringsband f\u00f6r isolering och komponentskydd.<\/li>\n<\/ul>\n<h2>Standarder och testmetoder<\/h2>\n<p>Den <strong>HSU-01 Testmaskin f\u00f6r h\u00f6ghastighetsavrullning<\/strong>\u00a0\u00f6verensst\u00e4mmer med ledande industristandarder:<\/p>\n<h3>PSTC-13:<\/h3>\n<p>Guldstandarden f\u00f6r testning av sj\u00e4lvh\u00e4ftande tejp, vilket s\u00e4kerst\u00e4ller exakt m\u00e4tning av avrullningskraften vid h\u00f6ga hastigheter f\u00f6r att uppr\u00e4tth\u00e5lla produktkonsistens.<\/p>\n<h3>ASTM D1000:<\/h3>\n<p>Definierar testmetoder f\u00f6r tryckk\u00e4nsliga tejper som anv\u00e4nds i elektriska och elektroniska applikationer.<\/p>\n<h3>EN 12026:<\/h3>\n<p>Omfattar h\u00e5llbarheten hos sj\u00e4lvh\u00e4ftande tejp p\u00e5 de europeiska marknaderna.<\/p>\n<h3>AFERA 4008:<\/h3>\n<p>Standard f\u00f6r utv\u00e4rdering av tejpens prestanda enligt europeiska riktlinjer.<\/p>\n<p><strong>Testmetoder:<\/strong><\/p>\n<ul>\n<li>F\u00e4st ena \u00e4nden av bandet p\u00e5 en roterande spindel eller dorn f\u00f6r att simulera verklig avrullning.<\/li>\n<li>Den andra \u00e4nden f\u00f6rankras och testaren spolar av bandet med en f\u00f6rinst\u00e4lld hastighet (m\u00e4tt i IPM eller mm\/s).<\/li>\n<li>M\u00e4t och anteckna den kraft som kr\u00e4vs f\u00f6r att bibeh\u00e5lla r\u00f6relsen, inklusive maximal och genomsnittlig kraft.<\/li>\n<\/ul>\n<hr \/>\n<h2>Viktiga egenskaper f\u00f6r HSU-01 h\u00f6ghastighetsavrullningstestare<\/h2>\n<h3>Avancerad design och funktionalitet<\/h3>\n<p>HSU-01 \u00e4r ett specialbyggt instrument f\u00f6r precisionstestning. Det ger realtidsdata och detaljerade insikter i hur sj\u00e4lvh\u00e4ftande tejp beter sig vid h\u00f6ga hastigheter.<\/p>\n<h3>Tekniska specifikationer:<\/h3>\n<table style=\"height: 274px;\" width=\"573\">\n<tbody>\n<tr>\n<td width=\"133\">Provexemplarets storlek<\/td>\n<td width=\"660\">Rulldiameter 75 mm, bredd 75 mm. Max ytterdiameter 300 mm (anpassning tillg\u00e4nglig)<\/td>\n<\/tr>\n<tr>\n<td width=\"133\">Lastcell<\/td>\n<td width=\"660\">10 kg, 20 kg och 50 kg \u00e4r tillval<\/td>\n<\/tr>\n<tr>\n<td width=\"133\">Force Resolution<\/td>\n<td width=\"660\">0.01N<\/td>\n<\/tr>\n<tr>\n<td width=\"133\">Motor<\/td>\n<td width=\"660\">Servo typ<\/td>\n<\/tr>\n<tr>\n<td width=\"133\">Kontroll<\/td>\n<td width=\"660\">PLC och HMI peksk\u00e4rm<\/td>\n<\/tr>\n<tr>\n<td width=\"133\">Kraft<\/td>\n<td width=\"660\">AC 110~220V 50Hz<\/td>\n<\/tr>\n<\/tbody>\n<\/table>\n<h3>Effektivitet och tillf\u00f6rlitlighet<\/h3>\n<ul>\n<li>Stabila tester vid f\u00f6rdefinierade h\u00f6ga hastigheter.<\/li>\n<li>Exakta m\u00e4tningar s\u00e4kerst\u00e4ller produktkvalitet och \u00f6verensst\u00e4mmelse med standarder som <strong>PSTC-13<\/strong>.<\/li>\n<li>Robust servomotor och avancerade styrsystem ger konsekventa resultat.<\/li>\n<\/ul>\n<h2>F\u00f6rdelar med HSU-01<\/h2>\n<h3>F\u00f6rb\u00e4ttrad kvalitetss\u00e4kring<\/h3>\n<p>Genom att exakt m\u00e4ta avrullningskraften hj\u00e4lper HSU-01 tillverkare att uppr\u00e4tth\u00e5lla h\u00f6ga kvalitetsstandarder och s\u00e4kerst\u00e4lla att deras produkter uppfyller kundernas f\u00f6rv\u00e4ntningar och branschens krav.<\/p>\n<h3>Anpassning och flexibilitet<\/h3>\n<p>Testaren kan skr\u00e4ddarsys f\u00f6r att passa olika bandstorlekar, lastcellskapaciteter och applikationsbehov.<\/p>\n<h3>Anv\u00e4ndarv\u00e4nlig drift<\/h3>\n<p>Med PLC-styrning och en HMI-peksk\u00e4rm s\u00e4kerst\u00e4ller HSU-01 enkel installation, drift och dataanalys.<\/p>\n<h2>Vanliga fr\u00e5gor<\/h2>\n<p><strong>1. Vilken \u00e4r den prim\u00e4ra funktionen f\u00f6r HSU-01 High Speed Unwinding Tester?<\/strong><br \/>\nHSU-01 m\u00e4ter den kraft som kr\u00e4vs f\u00f6r att rulla av tejp vid h\u00f6ga hastigheter, vilket s\u00e4kerst\u00e4ller kvalitet och j\u00e4mn prestanda.<\/p>\n<p><strong>2. Varf\u00f6r \u00e4r det viktigt att testa avrullningskraften?<\/strong><br \/>\nTest av avrullningskraft garanterar tejpens tillf\u00f6rlitlighet under applicering och hj\u00e4lper tillverkare att uppfylla branschstandarder som PSTC-13.<\/p>\n<p><strong>3. Vilka branscher anv\u00e4nder provning av avrullningskraften?<\/strong><br \/>\nIndustrier som f\u00f6rpackning, fordon, medicin och elektronik f\u00f6rlitar sig p\u00e5 denna testning f\u00f6r att s\u00e4kerst\u00e4lla produktprestanda.<\/p>\n<p><strong>4. Vad skiljer HSU-01 fr\u00e5n andra testapparater?<\/strong><br \/>\nHSU-01 erbjuder o\u00f6vertr\u00e4ffad noggrannhet, anpassningsbara alternativ och intuitiva kontroller, med st\u00f6d av PLC- och HMI-teknik.<\/p>\n<p><strong>5. Kan HSU-01 kundanpassas?<\/strong><br \/>\nJa, HSU-01 kan skr\u00e4ddarsys f\u00f6r att uppfylla specifika testkrav, inklusive rullstorlekar, lastcellskapacitet och testhastigheter.<\/p>\n<p>Den <strong>HSU-01 Testmaskin f\u00f6r h\u00f6ghastighetsavrullning<\/strong>\u00a0\u00e4r en banbrytande l\u00f6sning f\u00f6r testning av avrullningskraft. \u00d6verensst\u00e4mmer med standarder som <strong>PSTC-13<\/strong>, Den s\u00e4kerst\u00e4ller tejpens prestanda och kvalitet i olika branscher. Med sina avancerade funktioner, anv\u00e4ndarv\u00e4nliga kontroller och anpassningsalternativ \u00e4r HSU-01 det ultimata verktyget f\u00f6r tillverkare som str\u00e4var efter utm\u00e4rkt kvalitetskontroll.<\/p>\n<div id=\"gtx-anchor\" style=\"position: absolute; visibility: hidden; left: 475.688px; top: 26px; width: 84px; height: 19px;\"><\/div>\n<div class=\"jfk-bubble gtx-bubble\" style=\"visibility: visible; left: -150px; top: 55px; opacity: 1;\" role=\"alertdialog\" aria-describedby=\"bubble-12\">\n<div id=\"bubble-12\" class=\"jfk-bubble-content-id\">\n<div id=\"gtx-host\" style=\"min-width: 200px; max-width: 400px;\"><\/div>\n<\/div>\n<div class=\"jfk-bubble-closebtn-id jfk-bubble-closebtn\" tabindex=\"0\" role=\"button\" aria-label=\"N\u00e4ra\"><\/div>\n<div class=\"jfk-bubble-arrow-id jfk-bubble-arrow jfk-bubble-arrowup\" style=\"left: 517.688px;\">\n<div class=\"jfk-bubble-arrowimplbefore\"><\/div>\n<div class=\"jfk-bubble-arrowimplafter\"><\/div>\n<\/div>\n<\/div>","protected":false},"excerpt":{"rendered":"<p>Den <strong>HSU-01 Testmaskin f\u00f6r h\u00f6ghastighetsavrullning<\/strong> \u00e4r ett avancerat instrument som \u00e4r utformat f\u00f6r att m\u00e4ta den kraft som kr\u00e4vs f\u00f6r att rulla av tejper fr\u00e5n sina rullar i en kontrollerad, h\u00f6g hastighet. Den h\u00e4r innovativa enheten \u00e4r avg\u00f6rande f\u00f6r kvalitetss\u00e4kringen och s\u00e4kerst\u00e4ller att tejperna uppfyller branschstandarderna och fungerar tillf\u00f6rlitligt under appliceringen. HSU-01 \u00e4r den perfekta l\u00f6sningen f\u00f6r testning av avrullningskraften i allt fr\u00e5n f\u00f6rpackningar till fordons-, medicin- och elektronikindustrin.<\/p>","protected":false},"featured_media":6296,"comment_status":"closed","ping_status":"closed","template":"","meta":{"site-sidebar-layout":"default","site-content-layout":"default","ast-global-header-display":"","ast-main-header-display":"","ast-hfb-above-header-display":"","ast-hfb-below-header-display":"","ast-hfb-mobile-header-display":"","site-post-title":"","ast-breadcrumbs-content":"","ast-featured-img":"","footer-sml-layout":"","theme-transparent-header-meta":"default","adv-header-id-meta":"","stick-header-meta":"","header-above-stick-meta":"","header-main-stick-meta":"","header-below-stick-meta":""},"product_cat":[953,956,955,845,947,954,957,1116,958,952,959,673,118,95],"product_tag":[],"class_list":{"0":"post-5398","1":"product","2":"type-product","3":"status-publish","4":"has-post-thumbnail","6":"product_cat-bursting-tester","7":"product_cat-cobb-tester","8":"product_cat-crush-tester","9":"product_cat-customization","10":"product_cat-high-speed-unwinding-force","11":"product_cat-paper-tear-tester","12":"product_cat-plybond-tester","13":"product_cat-pstc-13","14":"product_cat-puncture-tester","15":"product_cat-rub-tester","16":"product_cat-stiffness-tester","17":"product_cat-adhesive-tester","18":"product_cat-astm-d1000","19":"product_cat-products","20":"desktop-align-left","21":"tablet-align-left","22":"mobile-align-left","24":"first","25":"instock","26":"shipping-taxable","27":"product-type-simple"},"_links":{"self":[{"href":"https:\/\/www.qualitester.com\/sv\/wp-json\/wp\/v2\/product\/5398","targetHints":{"allow":["GET"]}}],"collection":[{"href":"https:\/\/www.qualitester.com\/sv\/wp-json\/wp\/v2\/product"}],"about":[{"href":"https:\/\/www.qualitester.com\/sv\/wp-json\/wp\/v2\/types\/product"}],"replies":[{"embeddable":true,"href":"https:\/\/www.qualitester.com\/sv\/wp-json\/wp\/v2\/comments?post=5398"}],"version-history":[{"count":0,"href":"https:\/\/www.qualitester.com\/sv\/wp-json\/wp\/v2\/product\/5398\/revisions"}],"wp:featuredmedia":[{"embeddable":true,"href":"https:\/\/www.qualitester.com\/sv\/wp-json\/wp\/v2\/media\/6296"}],"wp:attachment":[{"href":"https:\/\/www.qualitester.com\/sv\/wp-json\/wp\/v2\/media?parent=5398"}],"wp:term":[{"taxonomy":"product_cat","embeddable":true,"href":"https:\/\/www.qualitester.com\/sv\/wp-json\/wp\/v2\/product_cat?post=5398"},{"taxonomy":"product_tag","embeddable":true,"href":"https:\/\/www.qualitester.com\/sv\/wp-json\/wp\/v2\/product_tag?post=5398"}],"curies":[{"name":"wp","href":"https:\/\/api.w.org\/{rel}","templated":true}]}}