{"id":5369,"date":"2024-11-15T10:55:36","date_gmt":"2024-11-15T02:55:36","guid":{"rendered":"https:\/\/www.qualitester.com\/?post_type=product&#038;p=5369"},"modified":"2024-12-05T13:27:43","modified_gmt":"2024-12-05T05:27:43","slug":"sale-beverage-carbonation-tester","status":"publish","type":"product","link":"https:\/\/www.qualitester.com\/sv\/produkt-2\/sale-beverage-carbonation-tester\/","title":{"rendered":"CLRT-02 Kolsyrem\u00e4tare f\u00f6r drycker"},"content":{"rendered":"<p>Beverage Carbonation Tester \u00e4r ett viktigt instrument f\u00f6r att s\u00e4kerst\u00e4lla kvalitet och konsistens i kolsyrade drycker. Den h\u00e4r enheten \u00e4r utformad f\u00f6r att exakt m\u00e4ta CO\u2082-volymen och hj\u00e4lper producenter att leverera produkter som uppfyller b\u00e5de smak- och s\u00e4kerhetsstandarder. Kolsyrem\u00e4taren anv\u00e4nds ofta inom dryckesindustrin och hj\u00e4lper till med kvalitetskontroll och forskning genom att tillhandah\u00e5lla ett effektivt och tillf\u00f6rlitligt s\u00e4tt att verifiera kolsyraniv\u00e5erna i drycker som l\u00e4sk, kolsyrat vatten och smaksatta drycker.<\/p>\n<h2>Viktiga anv\u00e4ndningsomr\u00e5den f\u00f6r kolsyretestare f\u00f6r drycker<\/h2>\n<p>Kolsyrem\u00e4taren \u00e4r ov\u00e4rderlig i m\u00e5nga olika branscher, bland annat inom livsmedels- och dryckesproduktion, f\u00f6rpackningar och kvalitetskontroll. Med sin f\u00f6rm\u00e5ga att exakt m\u00e4ta CO\u2082-niv\u00e5er s\u00e4kerst\u00e4ller testaren att drycker beh\u00e5ller sin \u00f6nskade fr\u00e4sighet och smakprofil \u00f6ver tid. Denna utrustning \u00e4r s\u00e4rskilt f\u00f6rdelaktig f\u00f6r kvalitetsinspektionsorgan, tappningsf\u00f6retag och FoU-laboratorier inom dryckesindustrin.<\/p>\n<h2>\u00d6versikt \u00f6ver ASTM F1115 f\u00f6r karbonatiseringstestning<\/h2>\n<p><a href=\"https:\/\/www.astm.org\/f1115-16r23.html\" target=\"_blank\" rel=\"noopener nofollow\">ASTM F1115<\/a>, en erk\u00e4nd standard inom dryckestestning, beskriver metoderna f\u00f6r exakt best\u00e4mning av kolsyrningsvolymen i f\u00f6rpackade drycker. Den ger tydliga riktlinjer f\u00f6r m\u00e4tning av tryck och temperatur, vilket \u00e4r avg\u00f6rande f\u00f6r en exakt bed\u00f6mning av kolsyreniv\u00e5n. Genom att f\u00f6lja ASTM F1115 kan dryckestillverkare s\u00e4kerst\u00e4lla att deras produkter uppn\u00e5r j\u00e4mn kvalitet och uppfyller marknadens standarder.<\/p>\n<h2>Testf\u00f6rfarande med hj\u00e4lp av kolsyrem\u00e4taren f\u00f6r drycker<\/h2>\n<p>Kolsyrem\u00e4taren f\u00f6r drycker har en enkel men effektiv process som \u00e4r utformad f\u00f6r att ge exakta resultat. Denna steg-f\u00f6r-steg-process \u00e4r helt f\u00f6renlig med ASTM F1115-standarderna:<\/p>\n<ol>\n<li><strong>Ta h\u00e5l p\u00e5 kapsylen:<\/strong> Testaren b\u00f6rjar med att ta h\u00e5l p\u00e5 flaskans kapsyl f\u00f6r att komma \u00e5t dryckens inre tryck.<\/li>\n<li><strong>\u00d6ppna avluftningsventilen:<\/strong> Sl\u00e4pp ut eventuellt \u00f6vertryck genom avluftningsventilen f\u00f6r att stabilisera f\u00f6rh\u00e5llandena f\u00f6r m\u00e4tning.<\/li>\n<li><strong>Skaka flaskan:<\/strong> Skaka kraftigt i 40 sekunder f\u00f6r att aktivera fris\u00e4ttningen av uppl\u00f6st CO\u2082.<\/li>\n<li><strong>St\u00e4ng avluftningsventilen:<\/strong> Efter frig\u00f6ringsfasen st\u00e4nger du ventilen f\u00f6r att f\u00f6rhindra ytterligare tryckf\u00f6r\u00e4ndringar.<\/li>\n<li><strong>M\u00e4t tryck och temperatur:<\/strong> N\u00e4r trycket stabiliserats registrerar du m\u00e4tningarna i MPa eller annan till\u00e4mplig enhet samtidigt som du m\u00e4ter v\u00e4tsketemperaturen.<\/li>\n<li><strong>Ber\u00e4kna CO\u2082-volym:<\/strong> Anv\u00e4nd dessa v\u00e4rden tillsammans med en tabell \u00f6ver karbonatiseringsvolymen f\u00f6r att best\u00e4mma den slutliga CO\u2082-volymen, vilket ger en fullst\u00e4ndig analys av karbonatiseringen.<\/li>\n<\/ol>\n<h2>Tekniska egenskaper f\u00f6r provningsutrustning f\u00f6r kolsyrning av drycker<\/h2>\n<p>Denna karbonatiseringstestare \u00e4r byggd f\u00f6r noggrannhet och anv\u00e4ndarv\u00e4nlighet och har tekniska funktioner som s\u00e4kerst\u00e4ller tillf\u00f6rlitliga resultat vid varje test:<\/p>\n<ul>\n<li><strong>Sl\u00e4ckande piercinghuvud:<\/strong> Det h\u00e4r h\u00e5llbara piercinghuvudet \u00e4r v\u00e4rmebehandlat f\u00f6r l\u00e5ng livsl\u00e4ngd och ger stabil prestanda under hela testprocessen.<\/li>\n<li><strong>Tryckm\u00e4tare med h\u00f6g precision:<\/strong> Tryckm\u00e4taren till\u00e5ter konvertering av flera enheter, vilket m\u00f6jligg\u00f6r enkel tolkning i regioner med olika m\u00e4tstandarder.<\/li>\n<li><strong>Anti-l\u00e4ckage design:<\/strong> Anti-l\u00e4ckagesystemet \u00e4r en viktig designfunktion som uppr\u00e4tth\u00e5ller testintegriteten och f\u00f6rhindrar f\u00f6rlust av CO\u2082, vilket ger tillf\u00f6rlitliga resultat.<\/li>\n<li><strong>Avluftningsventil och r\u00f6r:<\/strong> Testaren \u00e4r utrustad med en avluftningsventil och ett r\u00f6r som m\u00f6jligg\u00f6r kontrollerad tryckavlastning f\u00f6r att stabilisera testf\u00f6rh\u00e5llandena.<\/li>\n<\/ul>\n<h2>Huvudparametrar f\u00f6r kolsyretestare f\u00f6r drycker<\/h2>\n<p>Karbonatiseringstestaren \u00e4r l\u00e4mplig f\u00f6r testning av olika storlekar p\u00e5 dryckesflaskor med en h\u00f6jd p\u00e5 upp till 350 mm och erbjuder f\u00f6ljande viktiga specifikationer:<\/p>\n<ul>\n<li><strong>Testomr\u00e5de:<\/strong> 0~1MPa, vilket t\u00e4cker standardkarbonatiseringsniv\u00e5er i de flesta drycker.<\/li>\n<li><strong>Resolution:<\/strong> 0,0001MPa, vilket garanterar precision i varje m\u00e4tning.<\/li>\n<li><strong>Manuell skakning och piercing:<\/strong> Ger anv\u00e4ndarna kontroll \u00f6ver testprocessen, vilket g\u00f6r instrumentet m\u00e5ngsidigt och anpassningsbart.<\/li>\n<\/ul>\n<h2>\u00d6verensst\u00e4mmelse med viktiga standarder (ASTM F1115, GB\/T 10792)<\/h2>\n<p>Denna karbonatiseringsprovare uppfyller b\u00e5de ASTM F1115 och GB\/T 10792. Medan ASTM F1115 styr testmetoderna p\u00e5 v\u00e4sterl\u00e4ndska marknader \u00e4r GB\/T 10792 allm\u00e4nt erk\u00e4nd p\u00e5 asiatiska marknader. \u00d6verensst\u00e4mmelse med dessa standarder visar testarens m\u00e5ngsidighet och l\u00e4mplighet f\u00f6r globala protokoll f\u00f6r kvalitetskontroll, vilket g\u00f6r den till ett perfekt val f\u00f6r internationella dryckesproducenter.<\/p>\n<h2>F\u00f6rdelar med att anv\u00e4nda kolsyretestare f\u00f6r drycker<\/h2>\n<p>Denna kolsyrem\u00e4tare erbjuder m\u00e5nga f\u00f6rdelar f\u00f6r dryckestillverkare som vill ha en h\u00f6gkvalitativ och j\u00e4mn kolsyra i sina produkter:<\/p>\n<ul>\n<li><strong>Exakta och tillf\u00f6rlitliga resultat:<\/strong> Testarens design m\u00f6jligg\u00f6r exakta m\u00e4tningar av CO\u2082-volymen, vilket s\u00e4kerst\u00e4ller produktkvalitet och smakkonsistens.<\/li>\n<li><strong>Anv\u00e4ndarv\u00e4nlig design:<\/strong> Med en enkel testprocess och h\u00e5llbar konstruktion underl\u00e4ttar den effektiv drift i b\u00e5de FoU- och produktionsmilj\u00f6er.<\/li>\n<li><strong>F\u00f6rb\u00e4ttrad efterlevnad:<\/strong> Genom att f\u00f6lja ASTM F1115 och andra relevanta standarder st\u00f6der karbonatiseringsprovaren kvalitetss\u00e4kring och efterlevnad av industristandarder.<\/li>\n<\/ul>\n<h2>VANLIGA FR\u00c5GOR OCH SVAR: Testare f\u00f6r kolsyrning av drycker och ASTM F1115<\/h2>\n<ol>\n<li><strong>Vilka typer av drycker kan testas?<\/strong><br \/>\nTestaren \u00e4r idealisk f\u00f6r kolsyrade drycker, inklusive l\u00e4sk, kolsyrat vatten och smaksatta drycker.<\/li>\n<li><strong>Hur uppr\u00e4tth\u00e5ller testaren trycknoggrannheten?<\/strong><br \/>\nDen har en tryckm\u00e4tare med h\u00f6g precision och en l\u00e4ckages\u00e4ker konstruktion som stabiliserar avl\u00e4sningarna.<\/li>\n<li><strong>Varf\u00f6r \u00e4r ASTM F1115 viktig vid karbonatiseringstestning?<\/strong><br \/>\nASTM F1115 beskriver de n\u00f6dv\u00e4ndiga procedurerna f\u00f6r korrekt m\u00e4tning av karbonatiseringsvolymen, vilket s\u00e4kerst\u00e4ller tillf\u00f6rlitliga resultat.<\/li>\n<li><strong>Kan denna testare anv\u00e4ndas f\u00f6r olika flaskstorlekar?<\/strong><br \/>\nJa, den rymmer flaskh\u00f6jder p\u00e5 upp till 350 mm, vilket g\u00f6r den m\u00e5ngsidig f\u00f6r olika produkter.<\/li>\n<li><strong>Hur p\u00e5verkar manuell skakning testets noggrannhet?<\/strong><br \/>\nManuell skakning s\u00e4kerst\u00e4ller konsekvent fris\u00e4ttning av CO\u2082, vilket m\u00f6jligg\u00f6r ett mer exakt m\u00e5tt p\u00e5 kolsyra n\u00e4r det anv\u00e4nds konsekvent.<\/li>\n<\/ol>\n<div id=\"gtx-anchor\" style=\"position: absolute; visibility: hidden; left: 349.984px; top: 132.109px; width: 408.25px; height: 31px;\"><\/div>\n<div class=\"jfk-bubble gtx-bubble\" style=\"visibility: visible; left: -114px; top: 173px; opacity: 1;\" role=\"alertdialog\" aria-describedby=\"bubble-3\">\n<div id=\"bubble-3\" class=\"jfk-bubble-content-id\">\n<div id=\"gtx-host\" style=\"min-width: 200px; max-width: 400px;\"><\/div>\n<\/div>\n<div class=\"jfk-bubble-closebtn-id jfk-bubble-closebtn\" tabindex=\"0\" role=\"button\" aria-label=\"N\u00e4ra\"><\/div>\n<div class=\"jfk-bubble-arrow-id jfk-bubble-arrow jfk-bubble-arrowup\" style=\"left: 553.984px;\">\n<div class=\"jfk-bubble-arrowimplbefore\"><\/div>\n<div class=\"jfk-bubble-arrowimplafter\"><\/div>\n<\/div>\n<\/div>","protected":false},"excerpt":{"rendered":"<p>Beverage Carbonation Tester \u00e4r ett viktigt instrument f\u00f6r att s\u00e4kerst\u00e4lla kvalitet och konsistens i kolsyrade drycker. Den h\u00e4r enheten \u00e4r utformad f\u00f6r att exakt m\u00e4ta CO\u2082-volymen och hj\u00e4lper producenter att leverera produkter som uppfyller b\u00e5de smak- och s\u00e4kerhetsstandarder. Kolsyrem\u00e4taren anv\u00e4nds ofta inom dryckesindustrin och hj\u00e4lper till med kvalitetskontroll och forskning genom att tillhandah\u00e5lla ett effektivt och tillf\u00f6rlitligt s\u00e4tt att verifiera kolsyraniv\u00e5erna i drycker som l\u00e4sk, kolsyrat vatten och smaksatta drycker.<\/p>","protected":false},"featured_media":6239,"comment_status":"closed","ping_status":"closed","template":"","meta":{"site-sidebar-layout":"default","site-content-layout":"default","ast-global-header-display":"","ast-main-header-display":"","ast-hfb-above-header-display":"","ast-hfb-below-header-display":"","ast-hfb-mobile-header-display":"","site-post-title":"","ast-breadcrumbs-content":"","ast-featured-img":"","footer-sml-layout":"","theme-transparent-header-meta":"default","adv-header-id-meta":"","stick-header-meta":"","header-above-stick-meta":"","header-main-stick-meta":"","header-below-stick-meta":""},"product_cat":[845,953,932,956,955,954,957,958,952,959,17,140,95],"product_tag":[],"class_list":{"0":"post-5369","1":"product","2":"type-product","3":"status-publish","4":"has-post-thumbnail","6":"product_cat-customization","7":"product_cat-bursting-tester","8":"product_cat-co2-volume-tester","9":"product_cat-cobb-tester","10":"product_cat-crush-tester","11":"product_cat-paper-tear-tester","12":"product_cat-plybond-tester","13":"product_cat-puncture-tester","14":"product_cat-rub-tester","15":"product_cat-stiffness-tester","16":"product_cat-package-container-testers","17":"product_cat-astm-f1115","18":"product_cat-products","19":"desktop-align-left","20":"tablet-align-left","21":"mobile-align-left","23":"first","24":"instock","25":"shipping-taxable","26":"product-type-simple"},"_links":{"self":[{"href":"https:\/\/www.qualitester.com\/sv\/wp-json\/wp\/v2\/product\/5369","targetHints":{"allow":["GET"]}}],"collection":[{"href":"https:\/\/www.qualitester.com\/sv\/wp-json\/wp\/v2\/product"}],"about":[{"href":"https:\/\/www.qualitester.com\/sv\/wp-json\/wp\/v2\/types\/product"}],"replies":[{"embeddable":true,"href":"https:\/\/www.qualitester.com\/sv\/wp-json\/wp\/v2\/comments?post=5369"}],"version-history":[{"count":0,"href":"https:\/\/www.qualitester.com\/sv\/wp-json\/wp\/v2\/product\/5369\/revisions"}],"wp:featuredmedia":[{"embeddable":true,"href":"https:\/\/www.qualitester.com\/sv\/wp-json\/wp\/v2\/media\/6239"}],"wp:attachment":[{"href":"https:\/\/www.qualitester.com\/sv\/wp-json\/wp\/v2\/media?parent=5369"}],"wp:term":[{"taxonomy":"product_cat","embeddable":true,"href":"https:\/\/www.qualitester.com\/sv\/wp-json\/wp\/v2\/product_cat?post=5369"},{"taxonomy":"product_tag","embeddable":true,"href":"https:\/\/www.qualitester.com\/sv\/wp-json\/wp\/v2\/product_tag?post=5369"}],"curies":[{"name":"wp","href":"https:\/\/api.w.org\/{rel}","templated":true}]}}