{"id":5335,"date":"2024-11-13T11:57:32","date_gmt":"2024-11-13T03:57:32","guid":{"rendered":"https:\/\/www.qualitester.com\/?post_type=product&#038;p=5335"},"modified":"2024-12-05T15:11:48","modified_gmt":"2024-12-05T07:11:48","slug":"sale-paper-vertical-tensile-tester","status":"publish","type":"product","link":"https:\/\/www.qualitester.com\/sv\/produkt-2\/sale-paper-vertical-tensile-tester\/","title":{"rendered":"TST-V Vertikal dragprovare"},"content":{"rendered":"<h2><strong>Introduktion till vertikal dragprovning av papper<\/strong><\/h2>\n<p>Den <strong>Vertikal dragprovare f\u00f6r papper<\/strong> (TST-V) \u00e4r ett h\u00f6gspecialiserat testinstrument som \u00e4r utformat f\u00f6r att utv\u00e4rdera de mekaniska egenskaperna hos pappersmaterial, inklusive kartong, mjukpapper och andra pappersbaserade produkter. Det spelar en avg\u00f6rande roll inom pappers- och f\u00f6rpackningsindustrin genom att m\u00e4ta viktiga egenskaper som dragh\u00e5llfasthet, t\u00f6jning vid maximal kraft, energiabsorption vid drag och dragstyvhet. Genom att best\u00e4mma dessa egenskaper kan tillverkarna s\u00e4kerst\u00e4lla att deras produkter uppfyller str\u00e4nga prestanda- och kvalitetsstandarder, s\u00e4rskilt inom f\u00f6rpacknings-, medicin- och livsmedelsapplikationer.<\/p>\n<h2><strong>Testprincip f\u00f6r vertikal dragprovare f\u00f6r papper<\/strong><\/h2>\n<p>TST-V fungerar genom att str\u00e4cka ett provstycke med en konstant t\u00f6jningshastighet tills det g\u00e5r s\u00f6nder. Under denna process m\u00e4ter och registrerar instrumentet kontinuerligt dragkraften i f\u00f6rh\u00e5llande till provstyckets t\u00f6jning. Utifr\u00e5n dessa data kan <strong>dragh\u00e5llfasthet<\/strong>, <strong>t\u00f6jning vid maximal kraft<\/strong>, och <strong>absorption av energi vid drag<\/strong> kan ber\u00e4knas. Dessa v\u00e4rden \u00e4r viktiga f\u00f6r att bed\u00f6ma materialets prestanda i verkliga till\u00e4mpningar, t.ex. f\u00f6rpackningarnas h\u00e5llbarhet, t\u00f6jbarhet och totala styrka.<\/p>\n<hr \/>\n<h2><strong>ISO 1924 och dess relevans f\u00f6r pappersprovning<\/strong><\/h2>\n<h3><strong>\u00d6versikt \u00f6ver ISO 1924-standarder<\/strong><\/h3>\n<p>ISO 1924 \u00e4r en upps\u00e4ttning internationellt erk\u00e4nda standarder som ger riktlinjer f\u00f6r provning av dragh\u00e5llfastheten hos papper och kartong. Genom att f\u00f6lja dessa standarder s\u00e4kerst\u00e4lls konsekventa och tillf\u00f6rlitliga resultat, vilket \u00e4r avg\u00f6rande f\u00f6r att uppr\u00e4tth\u00e5lla kvalitetskontrollen i pappersproduktionen. ISO 1924 inneh\u00e5ller f\u00f6ljande viktiga delar:<\/p>\n<ul>\n<li><a href=\"https:\/\/www.iso.org\/standard\/6616.html\" target=\"_blank\" rel=\"noopener nofollow\"><strong>ISO 1924-1<\/strong><\/a>: Allm\u00e4nna principer och definitioner f\u00f6r dragprovning av papper.<\/li>\n<li><a href=\"https:\/\/www.iso.org\/standard\/41397.html\" target=\"_blank\" rel=\"noopener nofollow\"><strong>ISO 1924-2<\/strong><\/a>: Metoder f\u00f6r best\u00e4mning av dragh\u00e5llfasthet och t\u00f6jning hos papper.<\/li>\n<li><a href=\"https:\/\/www.iso.org\/standard\/32206.html\" rel=\"nofollow noopener\" target=\"_blank\"><strong>ISO 1924-3<\/strong><\/a>: Riktlinjer f\u00f6r ber\u00e4kning av dragh\u00e5llfasthetsindex och energiabsorptionsindex.<\/li>\n<\/ul>\n<p>Dessa standarder \u00e4r viktiga f\u00f6r att tillverkarna ska kunna s\u00e4kerst\u00e4lla att deras pappersprodukter uppfyller branschens riktm\u00e4rken f\u00f6r kvalitet och prestanda. Genom att f\u00f6lja dessa riktlinjer blir testresultaten globalt standardiserade, vilket g\u00f6r det m\u00f6jligt f\u00f6r f\u00f6retag att producera material som \u00e4r konsekventa i fr\u00e5ga om kvalitet och h\u00e5llbarhet.<\/p>\n<h3><strong>Hur TST-V-modellen \u00f6verensst\u00e4mmer med ISO 1924<\/strong><\/h3>\n<p>Den <strong>TST-V Vertikal dragprovare f\u00f6r papper<\/strong> \u00e4r helt i \u00f6verensst\u00e4mmelse med <strong>ISO 1924<\/strong> och ger exakta, repeterbara m\u00e4tningar i enlighet med internationella testprotokoll. Det g\u00f6r den till ett perfekt val f\u00f6r f\u00f6retag inom pappers- och f\u00f6rpackningsindustrin som m\u00e5ste uppfylla globala kvalitetsstandarder. Oavsett om du testar dragh\u00e5llfasthet, brott\u00f6jning eller energiabsorption s\u00e4kerst\u00e4ller TST-V att dina resultat \u00f6verensst\u00e4mmer med ISO-standarderna f\u00f6r pappersprovning.<\/p>\n<hr \/>\n<h2><strong>Viktiga egenskaper hos den vertikala dragprovningsenheten f\u00f6r papper TST-V<\/strong><\/h2>\n<ul>\n<li><strong>Kapacitet f\u00f6r precisionsprovning<\/strong>: TST-V \u00e4r utrustad med en <strong>precisionskulskruvmekanism med blykulor<\/strong>, vilket s\u00e4kerst\u00e4ller att t\u00f6jningshastighet och f\u00f6rskjutning kontrolleras med h\u00f6g noggrannhet.<\/li>\n<li><strong>Anv\u00e4ndarv\u00e4nlig drift<\/strong>: Instrumentet \u00e4r utrustat med en <strong>7-tums HMI-peksk\u00e4rm<\/strong>, och erbjuder ett intuitivt och l\u00e4ttanv\u00e4nt gr\u00e4nssnitt f\u00f6r s\u00f6ml\u00f6s drift, \u00e4ven f\u00f6r anv\u00e4ndare med minimal erfarenhet.<\/li>\n<li><strong>Justerbar testhastighet<\/strong>: Testhastigheten \u00e4r mycket justerbar och str\u00e4cker sig fr\u00e5n <strong>1 mm\/min till 500 mm\/min<\/strong>, vilket g\u00f6r att du kan anpassa testprocessen efter materialets egenskaper.<\/li>\n<li><strong>M\u00e5ngsidig fixturkompatibilitet<\/strong>: TST-V \u00e4r kompatibel med ett brett utbud av fixturer, vilket g\u00f6r att den kan hantera olika pappersprover, fr\u00e5n tunt mjukpapper till tjockare kartong.<\/li>\n<li><strong>H\u00f6g stabilitet<\/strong>: Systemet fungerar med <strong>PLC-kontroll<\/strong>, vilket garanterar stabil och tillf\u00f6rlitlig prestanda och minimerar antalet fel under testningen.<\/li>\n<li><strong>Automatiska funktioner<\/strong>: Testaren \u00e4r utrustad med en begr\u00e4nsningsanordning och en automatisk returfunktion, vilket f\u00f6rb\u00e4ttrar b\u00e5de s\u00e4kerheten och bekv\u00e4mligheten under testningen.<\/li>\n<li><strong>Valfria tillbeh\u00f6r<\/strong>: Ytterligare tillbeh\u00f6r som mikroskrivare och RS232-port med professionell programvara (tillval) ger extra flexibilitet f\u00f6r dataanalys och rapportering.<\/li>\n<\/ul>\n<hr \/>\n<h2><strong>Anv\u00e4ndningsomr\u00e5den f\u00f6r vertikal dragprovare f\u00f6r papper<\/strong><\/h2>\n<p>Den <strong>TST-V Vertikal dragprovare f\u00f6r papper<\/strong> \u00e4r idealisk f\u00f6r anv\u00e4ndning i industrier d\u00e4r pappersegenskaperna \u00e4r avg\u00f6rande f\u00f6r produkternas prestanda. Dess till\u00e4mpningar inkluderar:<\/p>\n<ul>\n<li><strong>F\u00f6rpackningsindustrin<\/strong>: Viktigt f\u00f6r att testa h\u00e5llbarheten och styrkan hos f\u00f6rpackningsmaterial f\u00f6r att s\u00e4kerst\u00e4lla att de kan motst\u00e5 p\u00e5frestningar under transport och hantering.<\/li>\n<li><strong>Produktion av mjukpapper<\/strong>: Anv\u00e4nds f\u00f6r att testa dragh\u00e5llfasthet och flexibilitet hos mjukpappersprodukter, vilket \u00e4r avg\u00f6rande f\u00f6r att s\u00e4kerst\u00e4lla kvalitet och n\u00f6jda anv\u00e4ndare.<\/li>\n<li><strong>Tillverkning av kartong<\/strong>: Hj\u00e4lper till att bed\u00f6ma styrkan och t\u00f6jningen hos kartong, som anv\u00e4nds vid tillverkning av f\u00f6rpackningar och beh\u00e5llare.<\/li>\n<li><strong>Forskning och utveckling<\/strong>: Idealisk f\u00f6r FoU-avdelningar som vill utveckla nya pappersprodukter eller f\u00f6rb\u00e4ttra prestandan hos befintliga material.<\/li>\n<\/ul>\n<hr \/>\n<h2><strong>Tekniska specifikationer<\/strong><\/h2>\n<table>\n<tbody>\n<tr>\n<td style=\"text-align: center;\" colspan=\"2\" rowspan=\"1\" width=\"381\"><strong>TST-V Vertikal dragprovare<\/strong><\/td>\n<\/tr>\n<tr>\n<td style=\"text-align: center;\" width=\"209\">M\u00e4tomr\u00e5de<\/td>\n<td style=\"text-align: center;\" width=\"172\">500N eller enligt behov<\/td>\n<\/tr>\n<tr>\n<td style=\"text-align: center;\" width=\"209\">T\u00f6jningsintervall<\/td>\n<td style=\"text-align: center;\" width=\"172\">800 mm<\/td>\n<\/tr>\n<tr>\n<td style=\"text-align: center;\" width=\"209\">Str\u00e4ckningshastighet<\/td>\n<td style=\"text-align: center;\" width=\"172\">1~500 mm\/min<\/td>\n<\/tr>\n<tr>\n<td style=\"text-align: center;\" width=\"209\">Testhastighetens noggrannhet<\/td>\n<td style=\"text-align: center;\" width=\"172\">\u00b10,1 mm\/min<\/td>\n<\/tr>\n<tr>\n<td style=\"text-align: center;\" width=\"209\">Kraftnoggrannhet<\/td>\n<td style=\"text-align: center;\" width=\"172\">0,5% F.S.<\/td>\n<\/tr>\n<tr>\n<td style=\"text-align: center;\" width=\"209\">Kraftnoggrannhet<\/td>\n<td style=\"text-align: center;\" width=\"172\">\u00b10,1% (20~100%FS)<\/td>\n<\/tr>\n<tr>\n<td style=\"text-align: center;\" width=\"209\">Uppl\u00f6sning av deformation<\/td>\n<td style=\"text-align: center;\" width=\"172\">\u22640,01 mm<\/td>\n<\/tr>\n<tr>\n<td style=\"text-align: center;\" width=\"209\">Fastsp\u00e4nning av prov<\/td>\n<td style=\"text-align: center;\" width=\"172\">Manuell<\/td>\n<\/tr>\n<tr>\n<td style=\"text-align: center;\" width=\"209\">Stickprovets storlek<\/td>\n<td style=\"text-align: center;\" width=\"172\">1-25 mm<\/td>\n<\/tr>\n<tr>\n<td style=\"text-align: center;\" width=\"209\">Gr\u00e4nssnittet m\u00e4nniska-maskin<\/td>\n<td style=\"text-align: center;\" width=\"172\">7-tums peksk\u00e4rm<\/td>\n<\/tr>\n<tr>\n<td style=\"text-align: center;\" width=\"209\">Kraft<\/td>\n<td style=\"text-align: center;\" width=\"172\">AC 110~220V 50\/60Hz<\/td>\n<\/tr>\n<tr>\n<td style=\"text-align: center;\" colspan=\"2\" rowspan=\"1\" width=\"381\"><strong>Provsk\u00e4rare (tillval)<\/strong><\/td>\n<\/tr>\n<tr>\n<td style=\"text-align: center;\" width=\"209\">Provstorlek<\/td>\n<td style=\"text-align: center;\" width=\"172\">15*300mm<\/td>\n<\/tr>\n<tr>\n<td style=\"text-align: center;\" width=\"209\">Provets tjocklek<\/td>\n<td style=\"text-align: center;\" width=\"172\">0,1~1mm<\/td>\n<\/tr>\n<tr>\n<td style=\"text-align: center;\" width=\"209\">Sidor Parallellism<\/td>\n<td style=\"text-align: center;\" width=\"172\">\uff1c0,03 mm<\/td>\n<\/tr>\n<\/tbody>\n<\/table>\n<hr \/>\n<h2><strong>\u00d6verensst\u00e4mmelse med v\u00e4sentliga krav<\/strong><\/h2>\n<p>Den <strong>TST-V Vertikal dragprovare f\u00f6r papper<\/strong> f\u00f6ljer ett antal internationella standarder, vilket s\u00e4kerst\u00e4ller att den \u00f6verensst\u00e4mmer med branschnormerna och \u00f6kar tillf\u00f6rlitligheten i testresultaten. Dessa inkluderar:<\/p>\n<ul>\n<li><strong>ISO 1924-1<\/strong>, <strong>ISO 1924-2<\/strong>, <strong>ISO 1924-3<\/strong> (f\u00f6r dragprovning av papper och kartong)<\/li>\n<li><strong>ISO 12625-4<\/strong>, <strong>ISO 12625-5<\/strong> (f\u00f6r test av silkespapper)<\/li>\n<li><strong>TAPPI T494<\/strong> (amerikansk standard f\u00f6r testning av papper)<\/li>\n<li><strong>GB\/T 12914<\/strong>, <strong>GB\/T 24328<\/strong> (olika delar) (kinesiska standarder f\u00f6r provning av papper)<\/li>\n<\/ul>\n<hr \/>\n<h2><strong>Varf\u00f6r v\u00e4lja en vertikal dragprovare f\u00f6r papper TST-V?<\/strong><\/h2>\n<ul>\n<li><strong>Noggrannhet och tillf\u00f6rlitlighet<\/strong>: TST-V s\u00e4kerst\u00e4ller mycket noggranna m\u00e4tningar av dragegenskaper, vilket \u00e4r viktigt f\u00f6r kvalitetskontroll och produktutveckling.<\/li>\n<li><strong>\u00d6verensst\u00e4mmer med ISO 1924<\/strong>: Den \u00f6verensst\u00e4mmer helt med <strong>ISO 1924<\/strong>, och s\u00e4kerst\u00e4ller att dina tester uppfyller globala branschstandarder f\u00f6r papperstester.<\/li>\n<li><strong>Anv\u00e4ndarv\u00e4nligt gr\u00e4nssnitt<\/strong>: Den intuitiva 7-tums peksk\u00e4rmen g\u00f6r det enkelt att anv\u00e4nda och hantera tester.<\/li>\n<li><strong>Anpassningsbar och m\u00e5ngsidig<\/strong>: Med justerbara testhastigheter, en m\u00e4ngd olika provfixturer och ytterligare alternativ f\u00f6r datainsamling \u00e4r TST-V tillr\u00e4ckligt m\u00e5ngsidig f\u00f6r att hantera en rad olika pappersprodukter.<\/li>\n<\/ul>\n<hr \/>\n<h2><strong>Vanliga fr\u00e5gor och svar: Vertikal dragprovare f\u00f6r papper<\/strong><\/h2>\n<ol>\n<li><strong>Vad \u00e4r huvudsyftet med den vertikala dragprovaren f\u00f6r papper?<\/strong><br \/>\nTST-V m\u00e4ter dragh\u00e5llfasthet, t\u00f6jning vid maximal kraft och energiabsorption hos papper, kartong och mjukpappersprodukter f\u00f6r att bed\u00f6ma deras mekaniska egenskaper.<\/li>\n<li><strong>Hur f\u00f6rh\u00e5ller sig ISO 1924 till testning av papper?<\/strong><br \/>\nISO 1924 fastst\u00e4ller internationella standarder f\u00f6r provning av dragh\u00e5llfastheten hos papper och kartong, vilket s\u00e4kerst\u00e4ller att resultaten \u00e4r konsekventa, tillf\u00f6rlitliga och j\u00e4mf\u00f6rbara mellan olika branscher.<\/li>\n<li><strong>Vilka typer av material kan testas med TST-V?<\/strong><br \/>\nTST-V kan testa olika pappersmaterial, inklusive kartong, mjukpapper och andra pappersbaserade produkter, med avseende p\u00e5 dragh\u00e5llfasthet och flexibilitet.<\/li>\n<li><strong>Vilka \u00e4r de viktigaste funktionerna i TST-V-modellen?<\/strong><br \/>\nTST-V har PLC-kontroll, en 7-tums peksk\u00e4rm, precisionskulskruvmekanism, justerbara testhastigheter och kompatibilitet med olika fixturer.<\/li>\n<li><strong>Vilka standarder uppfyller TST-V?<\/strong><br \/>\nTST-V uppfyller f\u00f6ljande krav <strong>ISO 1924<\/strong>, <strong>ISO 12625<\/strong>, <strong>TAPPI T494<\/strong>, och andra internationella standarder f\u00f6r pappersprovning.<\/li>\n<\/ol>","protected":false},"excerpt":{"rendered":"<p>Den <strong>Vertikal dragprovare f\u00f6r papper<\/strong> (TST-V) \u00e4r ett h\u00f6gspecialiserat testinstrument som \u00e4r utformat f\u00f6r att utv\u00e4rdera de mekaniska egenskaperna hos pappersmaterial, inklusive kartong, mjukpapper och andra pappersbaserade produkter. Det spelar en avg\u00f6rande roll inom pappers- och f\u00f6rpackningsindustrin genom att m\u00e4ta viktiga egenskaper som dragh\u00e5llfasthet, t\u00f6jning vid maximal kraft, energiabsorption vid drag och dragstyvhet. Genom att best\u00e4mma dessa egenskaper kan tillverkarna s\u00e4kerst\u00e4lla att deras produkter uppfyller str\u00e4nga prestanda- och kvalitetsstandarder, s\u00e4rskilt inom f\u00f6rpacknings-, medicin- och livsmedelsapplikationer.<\/p>","protected":false},"featured_media":6283,"comment_status":"closed","ping_status":"closed","template":"","meta":{"site-sidebar-layout":"default","site-content-layout":"default","ast-global-header-display":"","ast-main-header-display":"","ast-hfb-above-header-display":"","ast-hfb-below-header-display":"","ast-hfb-mobile-header-display":"","site-post-title":"","ast-breadcrumbs-content":"","ast-featured-img":"","footer-sml-layout":"","theme-transparent-header-meta":"default","adv-header-id-meta":"","stick-header-meta":"","header-above-stick-meta":"","header-main-stick-meta":"","header-below-stick-meta":""},"product_cat":[845,953,956,955,1166,1167,1090,1163,1164,1165,954,957,958,952,959,1168,679,44,95],"product_tag":[],"class_list":{"0":"post-5335","1":"product","2":"type-product","3":"status-publish","4":"has-post-thumbnail","6":"product_cat-customization","7":"product_cat-bursting-tester","8":"product_cat-cobb-tester","9":"product_cat-crush-tester","10":"product_cat-iso-12625-4","11":"product_cat-iso-12625-5","12":"product_cat-iso-1924","13":"product_cat-iso-1924-1","14":"product_cat-iso-1924-2","15":"product_cat-iso-1924-3","16":"product_cat-paper-tear-tester","17":"product_cat-plybond-tester","18":"product_cat-puncture-tester","19":"product_cat-rub-tester","20":"product_cat-stiffness-tester","21":"product_cat-tappi-t494","22":"product_cat-tensile-tester","23":"product_cat-paper-and-board-testers","24":"product_cat-products","25":"desktop-align-left","26":"tablet-align-left","27":"mobile-align-left","29":"first","30":"instock","31":"shipping-taxable","32":"product-type-simple"},"_links":{"self":[{"href":"https:\/\/www.qualitester.com\/sv\/wp-json\/wp\/v2\/product\/5335","targetHints":{"allow":["GET"]}}],"collection":[{"href":"https:\/\/www.qualitester.com\/sv\/wp-json\/wp\/v2\/product"}],"about":[{"href":"https:\/\/www.qualitester.com\/sv\/wp-json\/wp\/v2\/types\/product"}],"replies":[{"embeddable":true,"href":"https:\/\/www.qualitester.com\/sv\/wp-json\/wp\/v2\/comments?post=5335"}],"version-history":[{"count":0,"href":"https:\/\/www.qualitester.com\/sv\/wp-json\/wp\/v2\/product\/5335\/revisions"}],"wp:featuredmedia":[{"embeddable":true,"href":"https:\/\/www.qualitester.com\/sv\/wp-json\/wp\/v2\/media\/6283"}],"wp:attachment":[{"href":"https:\/\/www.qualitester.com\/sv\/wp-json\/wp\/v2\/media?parent=5335"}],"wp:term":[{"taxonomy":"product_cat","embeddable":true,"href":"https:\/\/www.qualitester.com\/sv\/wp-json\/wp\/v2\/product_cat?post=5335"},{"taxonomy":"product_tag","embeddable":true,"href":"https:\/\/www.qualitester.com\/sv\/wp-json\/wp\/v2\/product_tag?post=5335"}],"curies":[{"name":"wp","href":"https:\/\/api.w.org\/{rel}","templated":true}]}}