{"id":5332,"date":"2024-11-13T11:52:19","date_gmt":"2024-11-13T03:52:19","guid":{"rendered":"https:\/\/www.qualitester.com\/?post_type=product&#038;p=5332"},"modified":"2024-12-05T15:09:02","modified_gmt":"2024-12-05T07:09:02","slug":"sale-paper-horizontal-tensile-tester","status":"publish","type":"product","link":"https:\/\/www.qualitester.com\/sv\/produkt-2\/sale-paper-horizontal-tensile-tester\/","title":{"rendered":"TST-H Horisontell dragprovare"},"content":{"rendered":"<h2><strong>Introduktion: Horisontell dragprovare f\u00f6r papper<\/strong><\/h2>\n<p>Den <strong>TST-H Horisontell dragprovare<\/strong> \u00e4r ett toppmodernt testinstrument med konstant t\u00f6jningshastighet som \u00e4r utformat f\u00f6r att m\u00e4ta dragegenskaperna hos papper, kartong, mjukpapper och andra pappersbaserade material. Med sina exakta testfunktioner fastst\u00e4ller den viktiga egenskaper som dragh\u00e5llfasthet, t\u00f6jning vid maximal kraft, energiabsorption och dragstyvhet. Testaren \u00e4r idealisk f\u00f6r utv\u00e4rdering av f\u00f6rpackningsmaterial, pappersprodukter och mjukpappersprodukter och ger viktiga data f\u00f6r industrier som f\u00f6rpackningar, livsmedel, l\u00e4kemedel, lim och kvalitetsinspektionsorgan.<\/p>\n<p>Den <strong>TST-H Horisontell dragprovare<\/strong> ger exakta och reproducerbara resultat, vilket g\u00f6r det m\u00f6jligt f\u00f6r tillverkare att uppr\u00e4tth\u00e5lla en j\u00e4mn kvalitet och s\u00e4kerst\u00e4lla att deras produkter uppfyller internationella standarder. Oavsett om det g\u00e4ller kvalitetskontroll eller forskning ger TST-H tillf\u00f6rlitliga och exakta dragm\u00e4tningar som \u00e4r avg\u00f6rande f\u00f6r att optimera produktens prestanda.<\/p>\n<hr \/>\n<h2><strong>Testmetoder och standarder f\u00f6r horisontell dragprovning av papper<\/strong><\/h2>\n<h3><strong>ISO 1924: Viktiga teststandarder f\u00f6r dragprovning av papper<\/strong><\/h3>\n<p>Den <strong>ISO 1924<\/strong> \u00e4r den mest allm\u00e4nt accepterade internationella standarden f\u00f6r provning av dragh\u00e5llfastheten hos papper och kartong. Serien best\u00e5r av tre delar som beskriver metoderna f\u00f6r dragprovning under olika f\u00f6rh\u00e5llanden:<\/p>\n<ul>\n<li><a href=\"https:\/\/www.iso.org\/standard\/6616.html\" target=\"_blank\" rel=\"noopener nofollow\"><strong>ISO 1924-1<\/strong><\/a>: Fokuserar p\u00e5 att best\u00e4mma dragh\u00e5llfasthet, t\u00f6jning och str\u00e4ckning vid maximal kraft hos papper och kartong.<\/li>\n<li><a href=\"https:\/\/www.iso.org\/standard\/41397.html\" target=\"_blank\" rel=\"noopener nofollow\"><strong>ISO 1924-2<\/strong><\/a>: Avser specifikt provning av v\u00e5tdragh\u00e5llfastheten hos papper och kartong under v\u00e5ta f\u00f6rh\u00e5llanden.<\/li>\n<li><a href=\"https:\/\/www.iso.org\/standard\/32206.html\" target=\"_blank\" rel=\"noopener nofollow\"><strong>ISO 1924-3<\/strong><\/a>: Omfattar den kontinuerliga metoden f\u00f6r att best\u00e4mma dragegenskaper hos papper f\u00f6r l\u00e5ngtidsstudier av h\u00e5llbarhet.<\/li>\n<\/ul>\n<p>Dessa standarder ger tydliga riktlinjer f\u00f6r hur man utf\u00f6r dragprov och s\u00e4kerst\u00e4ller att pappersprodukter uppfyller n\u00f6dv\u00e4ndiga kvalitetsriktm\u00e4rken. TST-H Horizontal Tensile Tester f\u00f6ljer dessa ISO-standarder, vilket s\u00e4kerst\u00e4ller efterlevnad och enhetlighet i testresultaten.<\/p>\n<h4><strong>ISO 1924-1: Best\u00e4mning av dragh\u00e5llfasthet<\/strong><\/h4>\n<p><strong>ISO 1924-1<\/strong> beskriver testmetoden f\u00f6r att best\u00e4mma dragh\u00e5llfasthet, str\u00e4ckning vid maximal kraft och t\u00f6jning av papper. Den <strong>TST-H Horisontell dragprovare<\/strong> anv\u00e4nder denna metod genom att applicera en konstant t\u00f6jningshastighet p\u00e5 ett pappersprov tills det g\u00e5r s\u00f6nder. De kraft- och t\u00f6jningsdata som samlas in under testet anv\u00e4nds f\u00f6r att ber\u00e4kna nyckelparametrar, inklusive:<\/p>\n<ul>\n<li><strong>Dragh\u00e5llfasthet<\/strong>: Den maximala kraft som papperet kan motst\u00e5 innan det g\u00e5r s\u00f6nder.<\/li>\n<li><strong>Str\u00e4ckning vid maximal kraft<\/strong>: Den t\u00f6jning som papperet genomg\u00e5r vid punkten f\u00f6r maximal dragh\u00e5llfasthet.<\/li>\n<li><strong>Absorption av dragkraftsenergi<\/strong>: Den energi som absorberas av papperet under testet.<\/li>\n<\/ul>\n<p>Uppgifterna fr\u00e5n TST-H g\u00f6r det m\u00f6jligt f\u00f6r tillverkare att utv\u00e4rdera pappersprodukters h\u00e5llbarhet och prestanda f\u00f6r olika anv\u00e4ndningsomr\u00e5den.<\/p>\n<h4><strong>ISO 1924-2: Dragh\u00e5llfasthetsprovning i v\u00e5tt tillst\u00e5nd<\/strong><\/h4>\n<p><strong>ISO 1924-2<\/strong> fokuserar p\u00e5 att m\u00e4ta <strong>v\u00e5t dragh\u00e5llfasthet<\/strong> av papper och kartong, vilket \u00e4r s\u00e4rskilt viktigt f\u00f6r pappersprodukter som anv\u00e4nds under v\u00e5ta f\u00f6rh\u00e5llanden (t.ex. mjukpapper, f\u00f6rpackningsmaterial). F\u00f6r <strong>TST-H Horisontell dragprovare<\/strong> \u00e4r utrustad med ett tillval <strong>vattentank med v\u00e5t dragh\u00e5llfasthet<\/strong> f\u00f6r att tillgodose tester enligt <strong>ISO 1924-2<\/strong>. Denna funktion s\u00e4kerst\u00e4ller att testaren kan hantera material som uts\u00e4tts f\u00f6r fukt och exakt m\u00e4ta den minskning av dragh\u00e5llfastheten som uppst\u00e5r n\u00e4r papper \u00e4r v\u00e5tt.<\/p>\n<h4><strong>ISO 1924-3: Kontinuerlig metod f\u00f6r provning av papper<\/strong><\/h4>\n<p><strong>ISO 1924-3<\/strong> introducerar en kontinuerlig metod f\u00f6r best\u00e4mning av dragh\u00e5llfasthetsegenskaper hos papper och kartong. Denna metod anv\u00e4nds f\u00f6r l\u00e5ngtidsh\u00e5llbarhetsprovning, s\u00e4rskilt f\u00f6r material som wellpapp. Den <strong>TST-H Horisontell dragprovare<\/strong> kan konfigureras f\u00f6r att utf\u00f6ra kontinuerliga tester, vilket ger v\u00e4rdefulla insikter i hur pappersprodukter beter sig under l\u00e5ngvarig belastning.<\/p>\n<h3><strong>Andra relevanta standarder<\/strong><\/h3>\n<p>F\u00f6rutom att <strong>ISO 1924<\/strong>, den <strong>TST-H Horisontell dragprovare<\/strong> uppfyller flera andra standarder, bland annat:<\/p>\n<ul>\n<li><strong>ISO 12625-4<\/strong>: Dragprovning av mjukpapper.<\/li>\n<li><strong>ISO 12625-5<\/strong>: Allm\u00e4nna provningsmetoder f\u00f6r best\u00e4mning av dragh\u00e5llfastheten hos papper och kartong.<\/li>\n<li><strong>TAPPI T494<\/strong>: Standardprovningsmetod f\u00f6r dragh\u00e5llfasthet hos papper och kartong.<\/li>\n<\/ul>\n<p>Dessa standarder s\u00e4kerst\u00e4ller att <strong>TST-H<\/strong> ger konsekventa, exakta och tillf\u00f6rlitliga resultat f\u00f6r ett brett spektrum av pappersbaserade produkter.<\/p>\n<hr \/>\n<h2><strong>F\u00f6rdelar med att anv\u00e4nda en horisontell dragprovare f\u00f6r papper<\/strong><\/h2>\n<ul>\n<li><strong>Precision och stabilitet<\/strong> Den <strong>TST-H<\/strong> \u00e4r byggd med en <strong>struktur med en enda kolumn<\/strong> och en <strong>Precisionskulskruv<\/strong> f\u00f6r stabil \u00f6verf\u00f6ring och f\u00f6rb\u00e4ttrad testnoggrannhet. Detta s\u00e4kerst\u00e4ller exakt m\u00e4tning av dragegenskaper, vilket g\u00f6r det till ett tillf\u00f6rlitligt verktyg f\u00f6r kvalitetskontroll.<\/li>\n<li><strong>Anv\u00e4ndarv\u00e4nligt gr\u00e4nssnitt<\/strong> Utrustad med en <strong>7-tums peksk\u00e4rm<\/strong>, erbjuder testaren ett intuitivt och l\u00e4ttanv\u00e4nt gr\u00e4nssnitt f\u00f6r drift. Anv\u00e4ndarna kan snabbt st\u00e4lla in tester, \u00f6vervaka resultat och justera parametrar, vilket g\u00f6r den l\u00e4mplig f\u00f6r b\u00e5de nyb\u00f6rjare och erfarna operat\u00f6rer.<\/li>\n<li><strong>Valfri funktion f\u00f6r v\u00e5tprovning<\/strong> Den <strong>vattentank med v\u00e5t dragh\u00e5llfasthet<\/strong> g\u00f6r det m\u00f6jligt att testa papper i v\u00e5ta f\u00f6rh\u00e5llanden, en viktig funktion f\u00f6r utv\u00e4rdering av material som anv\u00e4nds i fuktiga milj\u00f6er, t.ex. mjukpapper och f\u00f6rpackningar.<\/li>\n<li><strong>F\u00f6rb\u00e4ttrad datahantering<\/strong> Den <strong>TST-H<\/strong> \u00e4r kompatibel med <strong>anslutning till dator<\/strong> (tillval), vilket m\u00f6jligg\u00f6r avancerad datalagring, analys och rapportgenerering. Den <strong>modul\u00e4r termisk skrivare<\/strong> ger omedelbara testresultat, vilket s\u00e4kerst\u00e4ller snabb tillg\u00e5ng till viktiga data.<\/li>\n<li><strong>M\u00e5ngsidig och anpassningsbar<\/strong> Den <strong>TST-H<\/strong> \u00e4r anpassningsbar till en m\u00e4ngd olika testbehov, inklusive olika pappersprodukter och anpassade provstorlekar. Dess flexibla testparametrar och tillvalsfunktioner g\u00f6r den till ett m\u00e5ngsidigt val f\u00f6r olika applikationer.<\/li>\n<\/ul>\n<hr \/>\n<h2><strong>Testparametrar och specifikationer<\/strong><\/h2>\n<table>\n<tbody>\n<tr>\n<td style=\"text-align: center;\" width=\"237\">M\u00e4tomr\u00e5de<\/td>\n<td style=\"text-align: center;\" width=\"224\">30N, 500N eller enligt behov<\/td>\n<\/tr>\n<tr>\n<td style=\"text-align: center;\" width=\"237\">M\u00e4tomr\u00e5de f\u00f6r t\u00f6jning<\/td>\n<td style=\"text-align: center;\" width=\"224\">45-260 mm<\/td>\n<\/tr>\n<tr>\n<td style=\"text-align: center;\" width=\"237\">Str\u00e4ckningshastighet:<\/td>\n<td style=\"text-align: center;\" width=\"224\">(1~500) mm\/min<\/td>\n<\/tr>\n<tr>\n<td style=\"text-align: center;\" width=\"237\">Returhastighet<\/td>\n<td style=\"text-align: center;\" width=\"224\">100 mm\/min<\/td>\n<\/tr>\n<tr>\n<td style=\"text-align: center;\" width=\"237\">Avst\u00e5nd mellan kl\u00e4mmor<\/td>\n<td style=\"text-align: center;\" width=\"224\">1~250mm<\/td>\n<\/tr>\n<tr>\n<td style=\"text-align: center;\" width=\"237\">Testhastighetens noggrannhet<\/td>\n<td style=\"text-align: center;\" width=\"224\">(1~10) mm\/min: \u00b10,1 mm\/min<\/td>\n<\/tr>\n<tr>\n<td style=\"text-align: center;\" width=\"237\">provtagningsfrekvens<\/td>\n<td style=\"text-align: center;\" width=\"224\">400 g\u00e5nger\/S<\/td>\n<\/tr>\n<tr>\n<td style=\"text-align: center;\" width=\"237\">Noggrannhet<\/td>\n<td style=\"text-align: center;\" width=\"224\">\u2264\u00b10,5%<\/td>\n<\/tr>\n<tr>\n<td style=\"text-align: center;\" width=\"237\">Kraftnoggrannhet<\/td>\n<td style=\"text-align: center;\" width=\"224\">\u00b10,1% (20~100%FS)<\/td>\n<\/tr>\n<tr>\n<td style=\"text-align: center;\" width=\"237\">Uppl\u00f6sning av deformation<\/td>\n<td style=\"text-align: center;\" width=\"224\">\u22640,1 mm<\/td>\n<\/tr>\n<tr>\n<td style=\"text-align: center;\" width=\"237\">Fastsp\u00e4nning av prov<\/td>\n<td style=\"text-align: center;\" width=\"224\">pneumatisk<\/td>\n<\/tr>\n<tr>\n<td style=\"text-align: center;\" width=\"237\">Kl\u00e4mtryck<\/td>\n<td style=\"text-align: center;\" width=\"224\">0,2-0,7Mpa (justerbar)<\/td>\n<\/tr>\n<tr>\n<td style=\"text-align: center;\" width=\"237\">Stickprovets storlek<\/td>\n<td style=\"text-align: center;\" width=\"224\">1-25 mm<\/td>\n<\/tr>\n<tr>\n<td style=\"text-align: center;\" width=\"237\">Gr\u00e4nssnittet m\u00e4nniska-maskin<\/td>\n<td style=\"text-align: center;\" width=\"224\">7-tums peksk\u00e4rm<\/td>\n<\/tr>\n<tr>\n<td style=\"text-align: center;\" width=\"237\">Utskrift<\/td>\n<td style=\"text-align: center;\" width=\"224\">inbyggd termisk skrivare.<\/td>\n<\/tr>\n<tr>\n<td style=\"text-align: center;\" width=\"237\">Kraft<\/td>\n<td style=\"text-align: center;\" width=\"224\">AC 220V 50Hz<\/td>\n<\/tr>\n<tr>\n<td style=\"text-align: center;\" width=\"237\">Dimension<\/td>\n<td style=\"text-align: center;\" width=\"224\">650*500*400mm<\/td>\n<\/tr>\n<\/tbody>\n<\/table>\n<hr \/>\n<h2><strong>Varf\u00f6r v\u00e4lja en horisontell dragprovare f\u00f6r papper?<\/strong><\/h2>\n<p>Den <strong>TST-H Horisontell dragprovare<\/strong> erbjuder en o\u00f6vertr\u00e4ffad kombination av precision, flexibilitet och anv\u00e4ndarv\u00e4nlighet, vilket g\u00f6r den till det perfekta valet f\u00f6r att testa dragegenskaperna hos papper, kartong, mjukpapper och andra liknande material. Med sin f\u00f6rm\u00e5ga att m\u00e4ta viktiga egenskaper som dragh\u00e5llfasthet, t\u00f6jning och energiabsorption hj\u00e4lper den h\u00e4r testaren tillverkare att optimera produktkvaliteten och s\u00e4kerst\u00e4lla \u00f6verensst\u00e4mmelse med internationella standarder, t.ex. <strong>ISO 1924<\/strong>, <strong>ISO 12625<\/strong>, och <strong>TAPPI T494<\/strong>.<\/p>\n<p>Oavsett om du testar f\u00f6r kvalitetskontroll, forskning eller produktutveckling \u00e4r <strong>TST-H Horisontell dragprovare<\/strong> \u00e4r en p\u00e5litlig och effektiv l\u00f6sning f\u00f6r alla dina behov av pappersprovning.<\/p>\n<hr \/>\n<h2><strong>Vanliga fr\u00e5gor och svar (FAQ)<\/strong><\/h2>\n<ol>\n<li><strong>Vilka typer av material kan testas med Paper Horizontal Tensile Tester?<\/strong>\n<ul>\n<li>TST-H \u00e4r utformad f\u00f6r att testa papper, kartong, mjukpapper och liknande pappersbaserade produkter.<\/li>\n<\/ul>\n<\/li>\n<li><strong>Hur utf\u00f6r jag ett dragh\u00e5llfasthetstest i v\u00e5t milj\u00f6 med TST-H?<\/strong>\n<ul>\n<li>TST-H inkluderar en valfri <strong>vattentank med v\u00e5t dragh\u00e5llfasthet<\/strong> f\u00f6r att utf\u00f6ra tester under v\u00e5ta f\u00f6rh\u00e5llanden, uppfylla <strong>ISO 1924-2<\/strong> standarder.<\/li>\n<\/ul>\n<\/li>\n<li><strong>Vilka \u00e4r de viktigaste f\u00f6rdelarna med den 7-tums peksk\u00e4rmen p\u00e5 Paper Horizontal Tensile Tester?<\/strong>\n<ul>\n<li>Peksk\u00e4rmen har ett anv\u00e4ndarv\u00e4nligt gr\u00e4nssnitt som g\u00f6r det enkelt att st\u00e4lla in, anv\u00e4nda och \u00f6vervaka testresultaten.<\/li>\n<\/ul>\n<\/li>\n<li><strong>Kan TST-H Horizontal Tensile Tester anslutas till en dator f\u00f6r datalagring?<\/strong>\n<ul>\n<li>Ja, den erbjuder <strong>anslutning till dator<\/strong> f\u00f6r avancerad datalagring, analys och rapportgenerering.<\/li>\n<\/ul>\n<\/li>\n<li><strong>Vilka standarder f\u00f6ljer Paper Horizontal Tensile Tester?<\/strong>\n<ul>\n<li>Provaren \u00f6verensst\u00e4mmer med <strong>ISO 1924<\/strong> (Del 1, 2 och 3), <strong>ISO 12625<\/strong>, <strong>TAPPI T494<\/strong>, och andra relevanta standarder f\u00f6r testning av papper.<\/li>\n<\/ul>\n<\/li>\n<\/ol>","protected":false},"excerpt":{"rendered":"<p>Den <strong>TST-H Horisontell dragprovare<\/strong> ger exakta och reproducerbara resultat, vilket g\u00f6r det m\u00f6jligt f\u00f6r tillverkare att uppr\u00e4tth\u00e5lla en j\u00e4mn kvalitet och s\u00e4kerst\u00e4lla att deras produkter uppfyller internationella standarder. Oavsett om det g\u00e4ller kvalitetskontroll eller forskning ger TST-H tillf\u00f6rlitliga och exakta dragm\u00e4tningar som \u00e4r avg\u00f6rande f\u00f6r att optimera produktens prestanda.<\/p>","protected":false},"featured_media":6280,"comment_status":"closed","ping_status":"closed","template":"","meta":{"site-sidebar-layout":"default","site-content-layout":"default","ast-global-header-display":"","ast-main-header-display":"","ast-hfb-above-header-display":"","ast-hfb-below-header-display":"","ast-hfb-mobile-header-display":"","site-post-title":"","ast-breadcrumbs-content":"","ast-featured-img":"","footer-sml-layout":"","theme-transparent-header-meta":"default","adv-header-id-meta":"","stick-header-meta":"","header-above-stick-meta":"","header-main-stick-meta":"","header-below-stick-meta":""},"product_cat":[845,953,956,955,1166,1167,1163,1164,1165,954,957,958,952,959,1168,679,95],"product_tag":[],"class_list":{"0":"post-5332","1":"product","2":"type-product","3":"status-publish","4":"has-post-thumbnail","6":"product_cat-customization","7":"product_cat-bursting-tester","8":"product_cat-cobb-tester","9":"product_cat-crush-tester","10":"product_cat-iso-12625-4","11":"product_cat-iso-12625-5","12":"product_cat-iso-1924-1","13":"product_cat-iso-1924-2","14":"product_cat-iso-1924-3","15":"product_cat-paper-tear-tester","16":"product_cat-plybond-tester","17":"product_cat-puncture-tester","18":"product_cat-rub-tester","19":"product_cat-stiffness-tester","20":"product_cat-tappi-t494","21":"product_cat-tensile-tester","22":"product_cat-products","23":"desktop-align-left","24":"tablet-align-left","25":"mobile-align-left","27":"first","28":"instock","29":"shipping-taxable","30":"product-type-simple"},"_links":{"self":[{"href":"https:\/\/www.qualitester.com\/sv\/wp-json\/wp\/v2\/product\/5332","targetHints":{"allow":["GET"]}}],"collection":[{"href":"https:\/\/www.qualitester.com\/sv\/wp-json\/wp\/v2\/product"}],"about":[{"href":"https:\/\/www.qualitester.com\/sv\/wp-json\/wp\/v2\/types\/product"}],"replies":[{"embeddable":true,"href":"https:\/\/www.qualitester.com\/sv\/wp-json\/wp\/v2\/comments?post=5332"}],"version-history":[{"count":0,"href":"https:\/\/www.qualitester.com\/sv\/wp-json\/wp\/v2\/product\/5332\/revisions"}],"wp:featuredmedia":[{"embeddable":true,"href":"https:\/\/www.qualitester.com\/sv\/wp-json\/wp\/v2\/media\/6280"}],"wp:attachment":[{"href":"https:\/\/www.qualitester.com\/sv\/wp-json\/wp\/v2\/media?parent=5332"}],"wp:term":[{"taxonomy":"product_cat","embeddable":true,"href":"https:\/\/www.qualitester.com\/sv\/wp-json\/wp\/v2\/product_cat?post=5332"},{"taxonomy":"product_tag","embeddable":true,"href":"https:\/\/www.qualitester.com\/sv\/wp-json\/wp\/v2\/product_tag?post=5332"}],"curies":[{"name":"wp","href":"https:\/\/api.w.org\/{rel}","templated":true}]}}