{"id":5324,"date":"2024-11-13T11:36:35","date_gmt":"2024-11-13T03:36:35","guid":{"rendered":"https:\/\/www.qualitester.com\/?post_type=product&#038;p=5324"},"modified":"2024-12-05T11:23:52","modified_gmt":"2024-12-05T03:23:52","slug":"sale-tissue-thickness-gauge","status":"publish","type":"product","link":"https:\/\/www.qualitester.com\/sv\/produkt-2\/sale-tissue-thickness-gauge\/","title":{"rendered":"THD-01 V\u00e4vnadstjockleksm\u00e4tare"},"content":{"rendered":"<h2><strong>Introduktion till testmetoder f\u00f6r v\u00e4vnadstjocklek och v\u00e4vnadstjockleksm\u00e4tare<\/strong><\/h2>\n<p>Mjukpapperstjocklek \u00e4r en viktig kvalitetsegenskap f\u00f6r mjukpappersprodukter och p\u00e5verkar deras styrka, absorptionsf\u00f6rm\u00e5ga och mjukhet. Exakt m\u00e4tning av mjukpapperstjockleken \u00e4r avg\u00f6rande f\u00f6r att tillverkarna ska kunna s\u00e4kerst\u00e4lla produktkonsistens och efterlevnad av branschstandarder. Tjocklekstestning \u00e4r s\u00e4rskilt viktigt f\u00f6r mjukpappersprodukter som anv\u00e4nds i f\u00f6rpackningar, medicinska applikationer och konsumentvaror.<\/p>\n<p>Test av mjukpappers tjocklek inneb\u00e4r att man m\u00e4ter avst\u00e5ndet mellan tv\u00e5 huvudytor p\u00e5 mjukpappersprodukter under ett visst tryck. Resultaten ger insikter om mjukpappers bulkighet, styrka och kvalitet, vilket direkt p\u00e5verkar deras prestanda i olika applikationer, till exempel servetter, ansiktsservetter och hush\u00e5llspapper.<\/p>\n<h2><strong>THD-01 m\u00e4tare f\u00f6r v\u00e4vnadstjocklek: Produkt\u00f6versikt<\/strong><\/h2>\n<p>Den <strong>THD-01 V\u00e4vnadstjockleksm\u00e4tare<\/strong>\u00a0\u00e4r ett precisionsinstrument som \u00e4r utformat f\u00f6r att m\u00e4ta tjockleken och tjockleken p\u00e5 mjukpappersprodukter som servetter, pappershanddukar, n\u00e4sdukar och andra mjukpappersbaserade produkter. Den anv\u00e4nder ett standardiserat tryck p\u00e5 2 kPa f\u00f6r att s\u00e4kerst\u00e4lla korrekta och konsekventa m\u00e4tningar av b\u00e5de enskiktade och laminerade mjukpappersark. Enheten \u00e4r idealisk f\u00f6r kvalitetskontroll och forskningsapplikationer inom mjukpapperstillverkningsindustrin.<\/p>\n<h2><strong>Hur fungerar v\u00e4vnadstjockleksm\u00e4taren THD-01?<\/strong><\/h2>\n<p>THD-01 Tissue Thickness Gauge fungerar enligt principen att m\u00e4ta tjockleken p\u00e5 mjukpapper genom att applicera ett konstant tryck p\u00e5 2KPa mellan tv\u00e5 parallella, plana ytor. Provet placeras mellan den nedre fasta referensplattan och en r\u00f6rlig \u00f6vre tryckfot. Tryckfoten ut\u00f6var en belastning p\u00e5 2 kPa, vilket garanterar standardiserade testf\u00f6rh\u00e5llanden. Enheten m\u00e4ter sedan avst\u00e5ndet mellan ytorna f\u00f6r att best\u00e4mma v\u00e4vnadens tjocklek.<\/p>\n<p>Denna metod s\u00e4kerst\u00e4ller noggrannhet vid m\u00e4tning av mjukpappersprodukter under produktion och f\u00f6r f\u00e4rdiga varor, vilket ger tillf\u00f6rlitliga data f\u00f6r bed\u00f6mning av produktkvalitet.<\/p>\n<h2><strong>Viktiga funktioner och f\u00f6rdelar<\/strong><\/h2>\n<ul>\n<li>\n<h3><strong>Precision och noggrannhet<\/strong><\/h3>\n<ul>\n<li><strong>Uppl\u00f6sning<\/strong>: 0,001 mm f\u00f6r mycket exakta tjockleksm\u00e4tningar.<\/li>\n<li><strong>Indikation Fel<\/strong>: \u00b10,05% f\u00f6r att s\u00e4kerst\u00e4lla exakta avl\u00e4sningar med minimal avvikelse.<\/li>\n<\/ul>\n<\/li>\n<li>\n<h3><strong>Konsekventa testf\u00f6rh\u00e5llanden<\/strong><\/h3>\n<ul>\n<li><strong>Kontakt med tryck<\/strong>: H\u00e5ller ett tryck p\u00e5 2,0 \u00b1 0,1 KPa, vilket s\u00e4kerst\u00e4ller att alla prover m\u00e4ts under samma standardiserade tryck.<\/li>\n<li><strong>Testhastighet<\/strong>: M\u00e4thastigheten \u00e4r kontrollerad till 2,0 \u00b1 0,2 mm\/s, vilket ger konsekventa och repeterbara testresultat.<\/li>\n<\/ul>\n<\/li>\n<li>\n<h3><strong>M\u00e5ngsidighet<\/strong><\/h3>\n<ul>\n<li>V\u00e4vnadstjockleksm\u00e4taren THD-01 kan testa en m\u00e4ngd olika v\u00e4vnadsprodukter, inklusive b\u00e5de enlagers- och flerlagersark samt laminerade och olaminerade v\u00e4vnadsmaterial.<\/li>\n<\/ul>\n<\/li>\n<li>\n<h3><strong>Anv\u00e4ndarv\u00e4nlighet<\/strong><\/h3>\n<ul>\n<li>M\u00e4taren \u00e4r enkel att anv\u00e4nda, har ett anv\u00e4ndarv\u00e4nligt gr\u00e4nssnitt och en tydlig m\u00e4tningsdisplay, vilket g\u00f6r den l\u00e4mplig f\u00f6r b\u00e5de laboratorie- och produktionstill\u00e4mpningar.<\/li>\n<\/ul>\n<\/li>\n<\/ul>\n<h2><strong>Tekniska data<\/strong><\/h2>\n<table>\n<tbody>\n<tr>\n<td style=\"text-align: center;\" width=\"142\">Testomr\u00e5de<\/td>\n<td style=\"text-align: center;\" width=\"110\">0 \uff5e 4 mm<\/td>\n<\/tr>\n<tr>\n<td style=\"text-align: center;\" width=\"142\">Uppl\u00f6sning<\/td>\n<td style=\"text-align: center;\" width=\"110\">0,001 mm<\/td>\n<\/tr>\n<tr>\n<td style=\"text-align: center;\" width=\"142\">Kontaktomr\u00e5de<\/td>\n<td style=\"text-align: center;\" width=\"110\">1000\u00b120 mm\u00b2<\/td>\n<\/tr>\n<tr>\n<td style=\"text-align: center;\" width=\"142\">Kontakt Tryck<\/td>\n<td style=\"text-align: center;\" width=\"110\">2\u00b10,1 kPa<\/td>\n<\/tr>\n<tr>\n<td style=\"text-align: center;\" width=\"142\">Parallellitet p\u00e5 ytan<\/td>\n<td style=\"text-align: center;\" width=\"110\">\u22640,001 mm<\/td>\n<\/tr>\n<tr>\n<td style=\"text-align: center;\" width=\"142\">Fel i indikeringen<\/td>\n<td style=\"text-align: center;\" width=\"110\">\u00b10.05\uff05<\/td>\n<\/tr>\n<\/tbody>\n<\/table>\n<h2><strong>Testmetoder och standarder<\/strong><\/h2>\n<h3><strong>M\u00e4tningsprincip<\/strong><\/h3>\n<p>THD-01 Tissue Thickness Gauge m\u00e4ter tjockleken p\u00e5 mjukpapper genom att applicera ett konstant 2KPa-tryck mellan tv\u00e5 parallella ytor. Provet placeras p\u00e5 den fasta undersidan och den \u00f6vre, cirkul\u00e4ra tryckfoten flyttas ned\u00e5t och ut\u00f6var den specificerade belastningen. Avst\u00e5ndet mellan de tv\u00e5 ytorna registreras sedan som v\u00e4vnadens tjocklek.<\/p>\n<p>Denna metod \u00f6verensst\u00e4mmer med de standardtestf\u00f6rfaranden som anv\u00e4nds inom mjukpappersindustrin f\u00f6r att s\u00e4kerst\u00e4lla korrekta och repeterbara resultat.<\/p>\n<h3><strong>Relevanta standarder f\u00f6r testning av v\u00e4vnadstjocklek<\/strong><\/h3>\n<ul>\n<li><a href=\"https:\/\/www.iso.org\/standard\/62536.html\" target=\"_blank\" rel=\"noopener nofollow\"><strong>ISO 12625-3<\/strong><\/a>: Standard f\u00f6r provning av mjukpapper, inklusive tjockleksm\u00e4tning.<\/li>\n<li><a href=\"https:\/\/imisrise.tappi.org\/TAPPI\/Products\/01\/T\/0104T401.aspx\" target=\"_blank\" rel=\"noopener nofollow\"><strong>TAPPI T401<\/strong><\/a>: Standardprovningsmetod f\u00f6r m\u00e4tning av tjocklek p\u00e5 papper och kartong.<\/li>\n<li><a href=\"https:\/\/www.astm.org\/d1777-96r19.html\" target=\"_blank\" rel=\"noopener nofollow\"><strong>ASTM D1777<\/strong><\/a>: Standardiserad testmetod f\u00f6r tjockleken p\u00e5 papper och kartong, vilket s\u00e4kerst\u00e4ller enhetlighet i materialprovningen.<\/li>\n<\/ul>\n<h2><strong>Till\u00e4mpningsomr\u00e5den<\/strong><\/h2>\n<p>THD-01 Tissue Thickness Gauge \u00e4r ett viktigt instrument f\u00f6r industrier som tillverkar mjukpappersprodukter, t.ex:<\/p>\n<ul>\n<li><strong>Mjukpapper Tillverkare<\/strong><br \/>\nIdealisk f\u00f6r att testa tjockleken p\u00e5 olika mjukpappersprodukter, t.ex. pappershanddukar, servetter, ansiktsservetter och hush\u00e5llspapper.<\/li>\n<li><strong>Kvalitetskontroll och forskning<\/strong><br \/>\nAnv\u00e4nds i laboratorier och produktionsanl\u00e4ggningar f\u00f6r kvalitetss\u00e4kring, forskning och utveckling och hj\u00e4lper tillverkare att s\u00e4kerst\u00e4lla v\u00e4vnadsprodukternas konsistens och prestanda.<\/li>\n<li><strong>F\u00f6rpackningar och konsumentvaror<\/strong><br \/>\nTHD-01 \u00e4r ocks\u00e5 v\u00e4rdefull f\u00f6r tillverkare av mjukpappersbaserade f\u00f6rpackningsmaterial, eftersom den s\u00e4kerst\u00e4ller tjockleken och kvaliteten p\u00e5 mjukpapper som anv\u00e4nds i f\u00f6rpackningsapplikationer.<\/li>\n<\/ul>\n<h2><strong>Vanliga fr\u00e5gor och svar (FAQ)<\/strong><\/h2>\n<ol>\n<li><strong>Vad \u00e4r tjockleken p\u00e5 ett lager?<\/strong><br \/>\nMed tjocklek p\u00e5 ett enda skikt avses avst\u00e5ndet mellan de tv\u00e5 huvudytorna p\u00e5 ett enda skikt mjukpapper, m\u00e4tt under en statisk belastning p\u00e5 2 kPa. En \u201cply\u201d av mjukpapper \u00e4r ett olaminerat ark av mjukpapper.<\/li>\n<li><strong>Vad \u00e4r tjocklek p\u00e5 enstaka ark?<\/strong><br \/>\nTjockleken p\u00e5 ett enda ark \u00e4r avst\u00e5ndet mellan de tv\u00e5 huvudytorna p\u00e5 ett enda ark av en mjukpappersprodukt (laminerad eller olaminerad), m\u00e4tt under en statisk belastning p\u00e5 2 kPa.<\/li>\n<li><strong>Vad \u00e4r bulking tjocklek?<\/strong><br \/>\nBulktjocklek avser tjockleken p\u00e5 ett enda ark mjukpapper eller mjukpappersprodukt, ber\u00e4knad genom att m\u00e4ta tjockleken p\u00e5 flera \u00f6verlagrade ark under en statisk belastning p\u00e5 2 kPa.<\/li>\n<li><strong>Hur s\u00e4kerst\u00e4ller THD-01 m\u00e4tare f\u00f6r v\u00e4vnadstjocklek korrekta resultat?<\/strong><br \/>\nTHD-01 ger exakta och repeterbara resultat genom att applicera ett konstant tryck p\u00e5 2 kPa, anv\u00e4nda h\u00f6gprecisionssensorer f\u00f6r m\u00e4tning och erbjuda en uppl\u00f6sning p\u00e5 0,001 mm f\u00f6r att uppt\u00e4cka \u00e4ven de minsta f\u00f6r\u00e4ndringarna i v\u00e4vnadstjocklek.<\/li>\n<li><strong>Kan THD-01 m\u00e4tare f\u00f6r v\u00e4vnadstjocklek anv\u00e4ndas f\u00f6r v\u00e4vnad med flera lager?<\/strong><br \/>\nJa, THD-01 kan anv\u00e4ndas f\u00f6r att m\u00e4ta b\u00e5de enlagers- och flerlagers mjukpappersprodukter, vilket ger exakta tjockleksm\u00e4tningar f\u00f6r ett brett utbud av mjukpappersmaterial, inklusive laminerade och olaminerade ark.<\/li>\n<\/ol>","protected":false},"excerpt":{"rendered":"<p>Test av mjukpappers tjocklek inneb\u00e4r att man m\u00e4ter avst\u00e5ndet mellan tv\u00e5 huvudytor p\u00e5 mjukpappersprodukter under ett visst tryck. Resultaten ger insikter om mjukpappers bulkighet, styrka och kvalitet, vilket direkt p\u00e5verkar deras prestanda i olika applikationer, till exempel servetter, ansiktsservetter och hush\u00e5llspapper.<\/p>","protected":false},"featured_media":6201,"comment_status":"closed","ping_status":"closed","template":"","meta":{"site-sidebar-layout":"default","site-content-layout":"default","ast-global-header-display":"","ast-main-header-display":"","ast-hfb-above-header-display":"","ast-hfb-below-header-display":"","ast-hfb-mobile-header-display":"","site-post-title":"","ast-breadcrumbs-content":"","ast-featured-img":"","footer-sml-layout":"","theme-transparent-header-meta":"default","adv-header-id-meta":"","stick-header-meta":"","header-above-stick-meta":"","header-main-stick-meta":"","header-below-stick-meta":""},"product_cat":[845,953,956,955,1089,954,957,958,952,959,962,685,44,95],"product_tag":[],"class_list":{"0":"post-5324","1":"product","2":"type-product","3":"status-publish","4":"has-post-thumbnail","6":"product_cat-customization","7":"product_cat-bursting-tester","8":"product_cat-cobb-tester","9":"product_cat-crush-tester","10":"product_cat-iso-12625-3","11":"product_cat-paper-tear-tester","12":"product_cat-plybond-tester","13":"product_cat-puncture-tester","14":"product_cat-rub-tester","15":"product_cat-stiffness-tester","16":"product_cat-thickness-gauges","17":"product_cat-thickness-tester","18":"product_cat-paper-and-board-testers","19":"product_cat-products","20":"desktop-align-left","21":"tablet-align-left","22":"mobile-align-left","24":"first","25":"instock","26":"shipping-taxable","27":"product-type-simple"},"_links":{"self":[{"href":"https:\/\/www.qualitester.com\/sv\/wp-json\/wp\/v2\/product\/5324","targetHints":{"allow":["GET"]}}],"collection":[{"href":"https:\/\/www.qualitester.com\/sv\/wp-json\/wp\/v2\/product"}],"about":[{"href":"https:\/\/www.qualitester.com\/sv\/wp-json\/wp\/v2\/types\/product"}],"replies":[{"embeddable":true,"href":"https:\/\/www.qualitester.com\/sv\/wp-json\/wp\/v2\/comments?post=5324"}],"version-history":[{"count":0,"href":"https:\/\/www.qualitester.com\/sv\/wp-json\/wp\/v2\/product\/5324\/revisions"}],"wp:featuredmedia":[{"embeddable":true,"href":"https:\/\/www.qualitester.com\/sv\/wp-json\/wp\/v2\/media\/6201"}],"wp:attachment":[{"href":"https:\/\/www.qualitester.com\/sv\/wp-json\/wp\/v2\/media?parent=5324"}],"wp:term":[{"taxonomy":"product_cat","embeddable":true,"href":"https:\/\/www.qualitester.com\/sv\/wp-json\/wp\/v2\/product_cat?post=5324"},{"taxonomy":"product_tag","embeddable":true,"href":"https:\/\/www.qualitester.com\/sv\/wp-json\/wp\/v2\/product_tag?post=5324"}],"curies":[{"name":"wp","href":"https:\/\/api.w.org\/{rel}","templated":true}]}}