{"id":5295,"date":"2024-11-12T16:42:22","date_gmt":"2024-11-12T08:42:22","guid":{"rendered":"https:\/\/www.qualitester.com\/?post_type=product&#038;p=5295"},"modified":"2024-12-05T11:00:26","modified_gmt":"2024-12-05T03:00:26","slug":"sale-paper-softness-tester","status":"publish","type":"product","link":"https:\/\/www.qualitester.com\/sv\/produkt-2\/sale-paper-softness-tester\/","title":{"rendered":"RRD-01 Test av pappersmjukhet"},"content":{"rendered":"<h2>Inledning<\/h2>\n<p>Paper Softness Tester \u00e4r ett precisionsinstrument som \u00e4r utformat f\u00f6r att m\u00e4ta mjukheten hos material som mjukpapper, non-woven-tyger och andra mjuka f\u00f6rpackningsmaterial. Instrumentet spelar en viktig roll i kvalitetskontrollen genom att tillhandah\u00e5lla exakta data om mjukheten och flexibiliteten hos olika material, vilket \u00e4r viktiga faktorer i branscher som f\u00f6rpackningar, medicintekniska produkter, textilier och dagligvaror. Paper Softness Tester \u00e4r utrustad med avancerad automatisering och elektronisk m\u00e4tteknik och s\u00e4kerst\u00e4ller snabba, tillf\u00f6rlitliga och repeterbara resultat, vilket hj\u00e4lper tillverkare att uppr\u00e4tth\u00e5lla produktstandarder och uppfylla konsumenternas f\u00f6rv\u00e4ntningar.<\/p>\n<h2>Arbetsprincip<\/h2>\n<p>Testinstrumentet f\u00f6r pappersmjukhet fungerar med hj\u00e4lp av en blad- och sp\u00e5rmekanism. Under testningen placeras ett prov \u00f6ver ett sp\u00e5r p\u00e5 testplattformen, d\u00e4r ett blad (prob) applicerar kraft f\u00f6r att trycka in materialet i sp\u00e5ret. Denna kraft, som m\u00e4ts av testaren, indikerar provets mjukhetsniv\u00e5, eftersom den representerar provets motst\u00e5ndskraft mot b\u00f6jning eller dess flexibilitet. Testarens design s\u00e4kerst\u00e4ller precision genom att minimera anv\u00e4ndarens inblandning, vilket g\u00f6r den till ett p\u00e5litligt val f\u00f6r b\u00e5de laboratorier och produktionslinjer.<\/p>\n<h2>Till\u00e4mpningsomr\u00e5den<\/h2>\n<p>Paper Softness Tester \u00e4r n\u00f6dv\u00e4ndig f\u00f6r att utv\u00e4rdera de fysiska egenskaperna hos produkter inom olika branscher:<\/p>\n<ul>\n<li><strong>F\u00f6rpackningsmaterial<\/strong>: S\u00e4kerst\u00e4ller att f\u00f6rpackningsmaterial som mjukt mjukpapper, tunna plastfilmer och kartong uppfyller kraven p\u00e5 mjukhet och flexibilitet.<\/li>\n<li><strong>Pappersprodukter<\/strong>: Idealisk f\u00f6r testning av mjukpapper, toalettpapper och andra pappersprodukter f\u00f6r att s\u00e4kerst\u00e4lla optimal mjukhet.<\/li>\n<li><strong>Medicinska och farmaceutiska produkter<\/strong>: L\u00e4mplig f\u00f6r material som papper av medicinsk kvalitet och non-wovens, som beh\u00f6ver specifik mjukhet f\u00f6r funktionalitet och komfort.<\/li>\n<li><strong>Textilier och lim<\/strong>: Bed\u00f6mer mjukheten och flexibiliteten hos textilier och lim f\u00f6r att s\u00e4kerst\u00e4lla att de uppfyller branschstandarderna f\u00f6r komfort och anv\u00e4ndbarhet.<\/li>\n<\/ul>\n<p>Denna m\u00e5ngsidighet g\u00f6r testaren oumb\u00e4rlig inom sektorer som f\u00f6rpackningar, livsmedel, l\u00e4kemedel, textilier och kvalitetskontrollorgan.<\/p>\n<h2>Viktiga standarder<\/h2>\n<p>Testinstrumentet f\u00f6r pappersmjukhet \u00e4r helt f\u00f6renligt med f\u00f6ljande <a href=\"https:\/\/www.qualitester.com\/sv\/produkt-kategori\/astm\/\" target=\"_blank\" rel=\"noopener\">ASTM-standarder<\/a>, som tillhandah\u00e5ller standardiserade testmetoder och tillf\u00f6rlitliga resultat:<\/p>\n<ul>\n<li><strong>GB\/T 8942<\/strong> Papper - Best\u00e4mning av mjukhet<\/li>\n<li><a href=\"https:\/\/www.astm.org\/d2923-06.html\" target=\"_blank\" rel=\"noopener nofollow\"><strong>ASTM D2923<\/strong><\/a> Testmetod f\u00f6r styvhet hos film och folie av polyolefin<\/li>\n<li><strong>QB\/T 1060<\/strong> Mjukhetstestare<\/li>\n<li><a href=\"https:\/\/www.tappi.org\/product_pull\/09\/dec__06\/__30\/softness-of-sanitary-tissues\/\" target=\"_blank\" rel=\"noopener nofollow\"><strong>TAPPI T498<\/strong><\/a> Mjukhet hos sanitetsbindor<\/li>\n<li><strong><a href=\"https:\/\/www.astm.org\/d6828-02r19.html\" target=\"_blank\" rel=\"noopener nofollow\">ASTM D6828<\/a>-02<\/strong> (Omgodk\u00e4nd 2019) Standardprovningsmetod f\u00f6r styvhet hos tyg med blad\/slitsf\u00f6rfarande<\/li>\n<\/ul>\n<p>\u00d6verensst\u00e4mmelse med dessa ASTM-standarder garanterar att Paper Softness Tester uppfyller internationella testkrav, vilket ger anv\u00e4ndarna f\u00f6rtroende f\u00f6r kvaliteten och noggrannheten i deras resultat.<\/p>\n<h2>F\u00f6rdelarna med testinstrumentet f\u00f6r pappersmjukhet<\/h2>\n<ul>\n<li><strong>Automatiserade, exakta m\u00e4tningar<\/strong>: Testarens automatiserade design minimerar risken f\u00f6r m\u00e4nskliga fel och ger konsekvent exakta resultat utan manuella justeringar.<\/li>\n<li><strong>Anv\u00e4ndarv\u00e4nlig drift<\/strong>: Med en enkel provplacering och automatisk testprocedur kan operat\u00f6rer enkelt utf\u00f6ra tester utan omfattande utbildning.<\/li>\n<li><strong>F\u00f6rb\u00e4ttrad tillf\u00f6rlitlighet<\/strong>: Det elektroniska kontrollsystemet ger mycket repeterbara resultat, vilket s\u00e4kerst\u00e4ller konsekvens i kvalitetskontrollbed\u00f6mningar.<\/li>\n<\/ul>\n<h2>Tekniska specifikationer<\/h2>\n<table>\n<tbody>\n<tr>\n<td style=\"text-align: center;\" width=\"126\">Testomr\u00e5de<\/td>\n<td style=\"text-align: center;\" width=\"222\">(10~1000) mN<\/td>\n<\/tr>\n<tr>\n<td style=\"text-align: center;\" width=\"126\">Storlek p\u00e5 testblad<\/td>\n<td style=\"text-align: center;\" width=\"222\">R. mm, 120mm*2mm L*D<\/td>\n<\/tr>\n<tr>\n<td style=\"text-align: center;\" width=\"126\">Slagl\u00e4ngd p\u00e5 bladet<\/td>\n<td style=\"text-align: center;\" width=\"222\">8\u00b10,5mm<\/td>\n<\/tr>\n<tr>\n<td style=\"text-align: center;\" width=\"126\">Testhastighet<\/td>\n<td style=\"text-align: center;\" width=\"222\">1,2 mm\/s<\/td>\n<\/tr>\n<tr>\n<td style=\"text-align: center;\" width=\"126\">Force Resolution<\/td>\n<td style=\"text-align: center;\" width=\"222\">1mN<\/td>\n<\/tr>\n<tr>\n<td style=\"text-align: center;\" width=\"126\">Noggrannhet<\/td>\n<td style=\"text-align: center;\" width=\"222\">\u00b11%<\/td>\n<\/tr>\n<tr>\n<td style=\"text-align: center;\" width=\"126\">Bredd p\u00e5 sp\u00e5r<\/td>\n<td style=\"text-align: center;\" width=\"222\">5 mm, 6,35 mm, 10 mm, 20 mm<\/td>\n<\/tr>\n<tr>\n<td style=\"text-align: center;\" width=\"126\">Kraft<\/td>\n<td style=\"text-align: center;\" width=\"222\">AC 220V 50Hz<\/td>\n<\/tr>\n<\/tbody>\n<\/table>\n<h2>Varf\u00f6r v\u00e4lja v\u00e5r pappersmjukhetstestare?<\/h2>\n<p>V\u00e5r Paper Softness Tester utm\u00e4rker sig genom sin h\u00e5llbarhet, precision och efterlevnad av ASTM-standarder (ASTM D2063, ASTM D3198 och ASTM D3474). Denna testare \u00e4r idealisk f\u00f6r kvalitetss\u00e4kring i branscher som prioriterar materialmjukhet, t.ex. f\u00f6rpackningar, konsumentvaror och h\u00e4lso- och sjukv\u00e5rd. Dessutom finns anpassningsalternativ tillg\u00e4ngliga f\u00f6r att uppfylla specialiserade testkrav, vilket s\u00e4kerst\u00e4ller att detta instrument uppfyller varje anv\u00e4ndares unika behov.<\/p>\n<h2>Vanliga fr\u00e5gor och svar (FAQ)<\/h2>\n<p><strong>1. Hur skiljer sig Paper Softness Tester fr\u00e5n andra metoder f\u00f6r testning av mjukhet?<\/strong><br \/>\nTill skillnad fr\u00e5n manuella testare minimerar den h\u00e4r automatiserade testaren anv\u00e4ndarens partiskhet och f\u00f6rb\u00e4ttrar noggrannheten genom att elektroniskt m\u00e4ta den kraft som kr\u00e4vs f\u00f6r att penetrera provet.<\/p>\n<p><strong>2. Vilka typer av material kan testas med detta instrument?<\/strong><br \/>\nTestet \u00e4r l\u00e4mpligt f\u00f6r mjuka material som mjukpapper, non-wovens, tyger och vissa f\u00f6rpackningsmaterial, vilket ger flexibilitet i till\u00e4mpningen.<\/p>\n<p><strong>3. Hur exakta \u00e4r resultaten och \u00e4r de upprepningsbara?<\/strong><br \/>\nDet elektroniska styrsystemet s\u00e4kerst\u00e4ller h\u00f6g noggrannhet och repeterbarhet, vilket g\u00f6r denna testare mycket tillf\u00f6rlitlig f\u00f6r kvalitetskontroll.<\/p>\n<p><strong>4. \u00c4r Paper Softness Tester l\u00e4tt att anv\u00e4nda f\u00f6r icke-teknisk personal?<\/strong><br \/>\nJa, den automatiserade testprocessen och den enkla provplaceringen g\u00f6r den anv\u00e4ndarv\u00e4nlig, \u00e4ven f\u00f6r operat\u00f6rer med minimal teknisk erfarenhet.<\/p>","protected":false},"excerpt":{"rendered":"<p>Paper Softness Tester \u00e4r ett precisionsinstrument som \u00e4r utformat f\u00f6r att m\u00e4ta mjukheten hos material som mjukpapper, non-woven-tyger och andra mjuka f\u00f6rpackningsmaterial. Instrumentet spelar en viktig roll i kvalitetskontrollen genom att tillhandah\u00e5lla exakta data om mjukheten och flexibiliteten hos olika material, vilket \u00e4r viktiga faktorer i branscher som f\u00f6rpackningar, medicintekniska produkter, textilier och dagligvaror. Paper Softness Tester \u00e4r utrustad med avancerad automatisering och elektronisk m\u00e4tteknik och s\u00e4kerst\u00e4ller snabba, tillf\u00f6rlitliga och repeterbara resultat, vilket hj\u00e4lper tillverkare att uppr\u00e4tth\u00e5lla produktstandarder och uppfylla konsumenternas f\u00f6rv\u00e4ntningar.<\/p>","protected":false},"featured_media":6192,"comment_status":"closed","ping_status":"closed","template":"","meta":{"site-sidebar-layout":"default","site-content-layout":"default","ast-global-header-display":"","ast-main-header-display":"","ast-hfb-above-header-display":"","ast-hfb-below-header-display":"","ast-hfb-mobile-header-display":"","site-post-title":"","ast-breadcrumbs-content":"","ast-featured-img":"","footer-sml-layout":"","theme-transparent-header-meta":"default","adv-header-id-meta":"","stick-header-meta":"","header-above-stick-meta":"","header-main-stick-meta":"","header-below-stick-meta":""},"product_cat":[845,1151,1153,953,956,955,954,957,958,952,959,1152,44,95],"product_tag":[],"class_list":{"0":"post-5295","1":"product","2":"type-product","3":"status-publish","4":"has-post-thumbnail","6":"product_cat-customization","7":"product_cat-astm-d2923","8":"product_cat-astm-d6828","9":"product_cat-bursting-tester","10":"product_cat-cobb-tester","11":"product_cat-crush-tester","12":"product_cat-paper-tear-tester","13":"product_cat-plybond-tester","14":"product_cat-puncture-tester","15":"product_cat-rub-tester","16":"product_cat-stiffness-tester","17":"product_cat-tappi-t498","18":"product_cat-paper-and-board-testers","19":"product_cat-products","20":"desktop-align-left","21":"tablet-align-left","22":"mobile-align-left","24":"first","25":"instock","26":"shipping-taxable","27":"product-type-simple"},"_links":{"self":[{"href":"https:\/\/www.qualitester.com\/sv\/wp-json\/wp\/v2\/product\/5295","targetHints":{"allow":["GET"]}}],"collection":[{"href":"https:\/\/www.qualitester.com\/sv\/wp-json\/wp\/v2\/product"}],"about":[{"href":"https:\/\/www.qualitester.com\/sv\/wp-json\/wp\/v2\/types\/product"}],"replies":[{"embeddable":true,"href":"https:\/\/www.qualitester.com\/sv\/wp-json\/wp\/v2\/comments?post=5295"}],"version-history":[{"count":0,"href":"https:\/\/www.qualitester.com\/sv\/wp-json\/wp\/v2\/product\/5295\/revisions"}],"wp:featuredmedia":[{"embeddable":true,"href":"https:\/\/www.qualitester.com\/sv\/wp-json\/wp\/v2\/media\/6192"}],"wp:attachment":[{"href":"https:\/\/www.qualitester.com\/sv\/wp-json\/wp\/v2\/media?parent=5295"}],"wp:term":[{"taxonomy":"product_cat","embeddable":true,"href":"https:\/\/www.qualitester.com\/sv\/wp-json\/wp\/v2\/product_cat?post=5295"},{"taxonomy":"product_tag","embeddable":true,"href":"https:\/\/www.qualitester.com\/sv\/wp-json\/wp\/v2\/product_tag?post=5295"}],"curies":[{"name":"wp","href":"https:\/\/api.w.org\/{rel}","templated":true}]}}