{"id":5281,"date":"2024-11-08T10:06:22","date_gmt":"2024-11-08T02:06:22","guid":{"rendered":"https:\/\/www.qualitester.com\/?post_type=product&#038;p=5281"},"modified":"2024-12-05T10:26:34","modified_gmt":"2024-12-05T02:26:34","slug":"sale-paper-board-thickness-tester","status":"publish","type":"product","link":"https:\/\/www.qualitester.com\/sv\/produkt-2\/sale-paper-board-thickness-tester\/","title":{"rendered":"PBT-01 tjockleksm\u00e4tare f\u00f6r kartong"},"content":{"rendered":"<h2><strong>Tjockleksm\u00e4tare f\u00f6r kartong Introduktion<\/strong><\/h2>\n<p>Den <strong>PBT-01 tjockleksm\u00e4tare f\u00f6r kartong<\/strong> \u00e4r ett avancerat h\u00f6gprecisionsinstrument som \u00e4r s\u00e4rskilt utformat f\u00f6r att m\u00e4ta tjockleken p\u00e5 enstaka ark av wellpapp. Instrumentet spelar en viktig roll i kvalitetskontrollen av f\u00f6rpackningsmaterial, eftersom exakta tjockleksm\u00e4tningar \u00e4r avg\u00f6rande f\u00f6r att fastst\u00e4lla h\u00e5llbarheten och styrkan hos den wellpapp som anv\u00e4nds vid tillverkning av f\u00f6rpackningsl\u00e5dor och andra f\u00f6rpackningsl\u00f6sningar. PBT-01 \u00e4r l\u00e4mplig f\u00f6r alla typer av wellpapp och s\u00e4kerst\u00e4ller att f\u00f6rpackningsmaterial uppfyller str\u00e4nga kvalitetsstandarder f\u00f6r skydd och tillf\u00f6rlitlighet.<\/p>\n<h2><strong>Vikten av noggrann tjockleksm\u00e4tning i f\u00f6rpackningar<\/strong><\/h2>\n<p>Noggrann tjockleksm\u00e4tning \u00e4r avg\u00f6rande inom f\u00f6rpackningsindustrin, d\u00e4r en j\u00e4mn tjocklek p\u00e5 kartongmaterialet p\u00e5verkar slutproduktens skyddande egenskaper och strukturella integritet. Den <strong>PBT-01 tjockleksm\u00e4tare f\u00f6r kartong<\/strong> hj\u00e4lper tillverkare och kvalitetskontrollanter att verifiera att varje ark uppfyller exakta tjocklekskrav, vilket optimerar materialets prestanda och bidrar till att uppr\u00e4tth\u00e5lla produktkvaliteten under transport. Tillf\u00f6rlitlig tjockleksm\u00e4tning f\u00f6rhindrar materialspill, f\u00f6rst\u00e4rker f\u00f6rpackningsstabiliteten och uppr\u00e4tth\u00e5ller efterlevnaden av regler f\u00f6r f\u00f6rpackningskvalitet.<\/p>\n<h2><strong>Testprincip och metodik f\u00f6r tjockleksm\u00e4tare f\u00f6r kartong<\/strong><\/h2>\n<ul>\n<li><strong>Principen f\u00f6r tjockleksm\u00e4tning<\/strong> PBT-01 m\u00e4ter wellpappens tjocklek genom att placera pappprovet mellan tv\u00e5 parallella, cirkul\u00e4ra tryckytor under en specifik statisk belastning. Detta h\u00f6gprecisionstest applicerar det n\u00f6dv\u00e4ndiga trycket f\u00f6r att f\u00e5nga kartongens tjocklek med o\u00f6vertr\u00e4ffad noggrannhet.<\/li>\n<li><strong>Provningsmetod f\u00f6r f\u00f6rskjutningstjocklek<\/strong> PBT-01 anv\u00e4nder metoden f\u00f6r f\u00f6rskjutningstjockleksprovning och har en fast yta (st\u00e4det) och en r\u00f6rlig yta som ut\u00f6var ett j\u00e4mnt tryck n\u00e4r tjockleken m\u00e4ts. Den r\u00f6rliga ytan ut\u00f6var ett j\u00e4mnt tryck p\u00e5 20 kPa \u00b1 0,5 kPa, vilket s\u00e4kerst\u00e4ller att resultaten \u00e4r exakta och reproducerbara. Instrumentet kan m\u00e4ta tjocklekar fr\u00e5n 0 till 20 mm, med en uppl\u00f6sning p\u00e5 0,001 mm, vilket g\u00f6r det till ett tillf\u00f6rlitligt val f\u00f6r b\u00e5de standard- och specialiserade testbehov.<\/li>\n<\/ul>\n<h2><strong>Instrumentstruktur och tekniska specifikationer<\/strong><\/h2>\n<ul>\n<li><strong>Tryckytor och kontaktyta<\/strong> PBT-01:s tv\u00e5 cirkul\u00e4ra tryckytor \u00e4r utformade f\u00f6r optimal noggrannhet. St\u00e4det \u00e4r station\u00e4rt, medan den andra ytan r\u00f6r sig vinkelr\u00e4tt f\u00f6r att applicera ett j\u00e4mnt tryck med en hastighet av 2 mm\/s till 3 mm\/s. De cirkul\u00e4ra tryckytorna m\u00e4ter 35,7 mm \u00b1 0,3 mm i diameter, med en kontaktyta p\u00e5 1000 mm\u00b2 \u00b1 20 mm\u00b2. Denna konfiguration s\u00e4kerst\u00e4ller att testtrycket f\u00f6rdelas j\u00e4mnt, vilket ger exakta tjockleksavl\u00e4sningar.<\/li>\n<li><strong>Tekniska egenskaper<\/strong> PBT-01 tjockleksm\u00e4tare f\u00f6r kartong inneh\u00e5ller viktiga tekniska funktioner:<br \/>\n<table>\n<tbody>\n<tr>\n<td width=\"220\">Testomr\u00e5de<\/td>\n<td width=\"110\">0 \uff5e 20 mm<\/td>\n<\/tr>\n<tr>\n<td width=\"220\">Uppl\u00f6sning<\/td>\n<td width=\"110\">0,001 mm<\/td>\n<\/tr>\n<tr>\n<td width=\"220\">Kontaktomr\u00e5de<\/td>\n<td width=\"110\">1000\u00b120 mm\u00b2<\/td>\n<\/tr>\n<tr>\n<td width=\"220\">Kontakt Tryck<\/td>\n<td width=\"110\">20\u00b12kPa<\/td>\n<\/tr>\n<tr>\n<td width=\"220\">M\u00e4tning av ytparallellitet<\/td>\n<td width=\"110\">\u22640,035 mm<\/td>\n<\/tr>\n<tr>\n<td width=\"220\">Fel p\u00e5 displayen<\/td>\n<td width=\"110\">\u00b10.05\uff05<\/td>\n<\/tr>\n<\/tbody>\n<\/table>\n<\/li>\n<\/ul>\n<h2><strong>\u00d6verensst\u00e4mmelse med branschstandarder<\/strong><\/h2>\n<p>PBT-01 Paper Board Thickness Tester \u00e4r konstruerad i enlighet med branschstandarder f\u00f6r testning av wellpapp och f\u00f6rpackningsmaterial, vilket s\u00e4kerst\u00e4ller att den uppfyller de tekniska noggrannhetskraven i dessa riktlinjer. Att f\u00f6lja dessa standarder \u00e4r avg\u00f6rande f\u00f6r tillf\u00f6rlitliga och konsekventa m\u00e4tningar i professionella f\u00f6rpackningstill\u00e4mpningar, vilket f\u00f6rst\u00e4rker testarens roll n\u00e4r det g\u00e4ller att leverera kvalitetskontroll och efterlevnad i olika branscher.<\/p>\n<h2><strong>F\u00f6rdelar med tjockleksm\u00e4taren f\u00f6r kartong PBT-01<\/strong><\/h2>\n<p>PBT-01 har unika f\u00f6rdelar som g\u00f6r att den utm\u00e4rker sig inom omr\u00e5det materialprovning:<\/p>\n<ul>\n<li><strong>H\u00f6g precision:<\/strong> Med en uppl\u00f6sning p\u00e5 0,001 mm garanterar PBT-01 h\u00f6gprecisionsm\u00e4tningar f\u00f6r tillf\u00f6rlitlig kvalitetskontroll.<\/li>\n<li><strong>M\u00e5ngsidiga anv\u00e4ndningsomr\u00e5den:<\/strong> L\u00e4mplig f\u00f6r alla typer av wellpapp, vilket g\u00f6r den till ett m\u00e5ngsidigt val f\u00f6r olika f\u00f6rpackningstyper.<\/li>\n<li><strong>Anv\u00e4ndarv\u00e4nlig design:<\/strong> Funktioner som nollst\u00e4llningsfunktionen ZERO och enkla str\u00f6mreglage g\u00f6r den \u00e4nnu mer anv\u00e4ndarv\u00e4nlig.<\/li>\n<li><strong>F\u00f6rb\u00e4ttrad kvalitetskontroll:<\/strong> S\u00e4kerst\u00e4ller konsekvent tjockleksm\u00e4tning f\u00f6r f\u00f6rb\u00e4ttrad h\u00e5llbarhet och materialbesparingar.<\/li>\n<\/ul>\n<h2><strong>Till\u00e4mpningar inom olika branscher<\/strong><\/h2>\n<p>PBT-01 tjockleksm\u00e4tare f\u00f6r kartong \u00e4r brett anv\u00e4ndbar inom olika branscher, inklusive f\u00f6rpackningar, livsmedel, l\u00e4kemedel och kvalitetsinspektionsorgan. Med sina exakta och konsekventa m\u00e4tningar g\u00f6r tjockleksm\u00e4taren PBT-01 det m\u00f6jligt f\u00f6r f\u00f6retag att uppr\u00e4tth\u00e5lla strikt kvalitetskontroll \u00f6ver f\u00f6rpackningsmaterial, vilket st\u00f6der utvecklingen av h\u00e5llbara och p\u00e5litliga f\u00f6rpackningsl\u00f6sningar inom olika sektorer.<\/p>\n<h2><strong>Vanliga fr\u00e5gor och svar (FAQ)<\/strong><\/h2>\n<ol>\n<li><strong>Vad \u00e4r wellpapp?<\/strong>\n<ul>\n<li>Wellpapp best\u00e5r av ett eller flera ark med r\u00e4fflat papper som limmats p\u00e5 en plan kartong eller mellan flera ark. Det \u00e4r ett popul\u00e4rt material i f\u00f6rpackningar p\u00e5 grund av dess styrka och st\u00f6td\u00e4mpande egenskaper.<\/li>\n<\/ul>\n<\/li>\n<li><strong>Vad menas med \"tjocklek p\u00e5 ett enda ark av wellpapp\"?<\/strong>\n<ul>\n<li>Med tjocklek p\u00e5 en enskild pl\u00e5t avses avst\u00e5ndet mellan en yta p\u00e5 en wellpappskiva och den motsatta ytan, m\u00e4tt under en specifik applicerad statisk belastning.<\/li>\n<\/ul>\n<\/li>\n<li><strong>Hur exakt \u00e4r PBT-01 n\u00e4r det g\u00e4ller att m\u00e4ta tjocklek?<\/strong>\n<ul>\n<li>PBT-01 ger h\u00f6g precision med en uppl\u00f6sning p\u00e5 0,001 mm och en noggrannhet p\u00e5 \u00b10,05%, vilket g\u00f6r den till ett p\u00e5litligt val f\u00f6r konsekventa och reproducerbara m\u00e4tningar.<\/li>\n<\/ul>\n<\/li>\n<li><strong>Varf\u00f6r \u00e4r kontakttrycket viktigt vid tjockleksprovning?<\/strong>\n<ul>\n<li>Genom att anv\u00e4nda ett konsekvent kontakttryck under testningen s\u00e4kerst\u00e4lls att m\u00e4tningen exakt \u00e5terspeglar kortets tjocklek utan kompressionsvariationer, vilket ger repeterbara och tillf\u00f6rlitliga resultat.<\/li>\n<\/ul>\n<\/li>\n<li><strong>Vilka branscher har nytta av att anv\u00e4nda PBT-01 tjockleksm\u00e4tare?<\/strong>\n<ul>\n<li>PBT-01 \u00e4r viktig f\u00f6r f\u00f6rpacknings-, livsmedels-, l\u00e4kemedels- och andra industrier d\u00e4r materialkvalitet och f\u00f6rpackningsp\u00e5litlighet \u00e4r avg\u00f6rande f\u00f6r produktskydd och s\u00e4kerhet.<\/li>\n<\/ul>\n<\/li>\n<\/ol>","protected":false},"excerpt":{"rendered":"<p>Den <strong>PBT-01 tjockleksm\u00e4tare f\u00f6r kartong<\/strong> \u00e4r ett avancerat h\u00f6gprecisionsinstrument som \u00e4r s\u00e4rskilt utformat f\u00f6r att m\u00e4ta tjockleken p\u00e5 enstaka ark av wellpapp. Instrumentet spelar en viktig roll i kvalitetskontrollen av f\u00f6rpackningsmaterial, eftersom exakta tjockleksm\u00e4tningar \u00e4r avg\u00f6rande f\u00f6r att fastst\u00e4lla h\u00e5llbarheten och styrkan hos den wellpapp som anv\u00e4nds vid tillverkning av f\u00f6rpackningsl\u00e5dor och andra f\u00f6rpackningsl\u00f6sningar. PBT-01 \u00e4r l\u00e4mplig f\u00f6r alla typer av wellpapp och s\u00e4kerst\u00e4ller att f\u00f6rpackningsmaterial uppfyller str\u00e4nga kvalitetsstandarder f\u00f6r skydd och tillf\u00f6rlitlighet.<\/p>","protected":false},"featured_media":6184,"comment_status":"closed","ping_status":"closed","template":"","meta":{"site-sidebar-layout":"default","site-content-layout":"default","ast-global-header-display":"","ast-main-header-display":"","ast-hfb-above-header-display":"","ast-hfb-below-header-display":"","ast-hfb-mobile-header-display":"","site-post-title":"","ast-breadcrumbs-content":"","ast-featured-img":"","footer-sml-layout":"","theme-transparent-header-meta":"default","adv-header-id-meta":"","stick-header-meta":"","header-above-stick-meta":"","header-main-stick-meta":"","header-below-stick-meta":""},"product_cat":[685,845,1149,962,44,160,95],"product_tag":[],"class_list":{"0":"post-5281","1":"product","2":"type-product","3":"status-publish","4":"has-post-thumbnail","6":"product_cat-thickness-tester","7":"product_cat-customization","8":"product_cat-tappi-t437","9":"product_cat-thickness-gauges","10":"product_cat-paper-and-board-testers","11":"product_cat-iso-3034","12":"product_cat-products","13":"desktop-align-left","14":"tablet-align-left","15":"mobile-align-left","17":"first","18":"instock","19":"shipping-taxable","20":"product-type-simple"},"_links":{"self":[{"href":"https:\/\/www.qualitester.com\/sv\/wp-json\/wp\/v2\/product\/5281","targetHints":{"allow":["GET"]}}],"collection":[{"href":"https:\/\/www.qualitester.com\/sv\/wp-json\/wp\/v2\/product"}],"about":[{"href":"https:\/\/www.qualitester.com\/sv\/wp-json\/wp\/v2\/types\/product"}],"replies":[{"embeddable":true,"href":"https:\/\/www.qualitester.com\/sv\/wp-json\/wp\/v2\/comments?post=5281"}],"version-history":[{"count":0,"href":"https:\/\/www.qualitester.com\/sv\/wp-json\/wp\/v2\/product\/5281\/revisions"}],"wp:featuredmedia":[{"embeddable":true,"href":"https:\/\/www.qualitester.com\/sv\/wp-json\/wp\/v2\/media\/6184"}],"wp:attachment":[{"href":"https:\/\/www.qualitester.com\/sv\/wp-json\/wp\/v2\/media?parent=5281"}],"wp:term":[{"taxonomy":"product_cat","embeddable":true,"href":"https:\/\/www.qualitester.com\/sv\/wp-json\/wp\/v2\/product_cat?post=5281"},{"taxonomy":"product_tag","embeddable":true,"href":"https:\/\/www.qualitester.com\/sv\/wp-json\/wp\/v2\/product_tag?post=5281"}],"curies":[{"name":"wp","href":"https:\/\/api.w.org\/{rel}","templated":true}]}}