{"id":5271,"date":"2024-11-07T10:59:28","date_gmt":"2024-11-07T02:59:28","guid":{"rendered":"https:\/\/www.qualitester.com\/?post_type=product&#038;p=5271"},"modified":"2024-12-05T10:19:31","modified_gmt":"2024-12-05T02:19:31","slug":"sale-corrugated-concora-medium-fluter","status":"publish","type":"product","link":"https:\/\/www.qualitester.com\/sv\/produkt-2\/sale-corrugated-concora-medium-fluter\/","title":{"rendered":"CWY-01 Concora Medium Fluter"},"content":{"rendered":"<h2>Inledning<\/h2>\n<p>Den <strong>CWY-01 Concora Medium Fluter<\/strong> \u00e4r ett h\u00f6gkvalitativt instrument som \u00e4r utformat f\u00f6r att ta fram standardiserade, r\u00e4fflade prover fr\u00e5n wellpapp. Detta verktyg anv\u00e4nds inom f\u00f6rpacknings-, l\u00e4kemedels-, livsmedels-, elektronik- och kvalitetskontrollindustrin och \u00e4r viktigt f\u00f6r att s\u00e4kerst\u00e4lla styrkan och h\u00e5llbarheten hos korrugerade material. Genom att f\u00f6rbereda prover f\u00f6r <strong>Test av korrugerande medium (CMT)<\/strong> och <strong>Korrugerad krossningstest (CCT)<\/strong>CWY-01 g\u00f6r det m\u00f6jligt f\u00f6r tillverkare att uppfylla kvalitetsstandarder och uppr\u00e4tth\u00e5lla produktkonsistens.<\/p>\n<h2>Centrala anv\u00e4ndningsomr\u00e5den f\u00f6r CWY-01 Concora Medium Fluter<\/h2>\n<p>Den <strong>CWY-01 Concora Medium Fluter<\/strong> \u00e4r n\u00f6dv\u00e4ndig f\u00f6r att utv\u00e4rdera styrkan hos wellpappr\u00e5vara och andra material som anv\u00e4nds vid wellpapptillverkning. Dess prim\u00e4ra funktion \u00e4r att f\u00f6rbereda enhetliga, r\u00e4fflade prover som ska testas f\u00f6r tryckh\u00e5llfasthet, vilket g\u00f6r det m\u00f6jligt f\u00f6r anv\u00e4ndare att avg\u00f6ra hur v\u00e4l ett material kan motst\u00e5 tryck och bibeh\u00e5lla strukturell integritet under belastning. Till\u00e4mpningar inkluderar:<\/p>\n<ul>\n<li><strong>CMT<\/strong> f\u00f6r att m\u00e4ta plattkrossmotst\u00e5ndet hos r\u00e4fflade prover<\/li>\n<li><strong>CCT<\/strong> f\u00f6r att utv\u00e4rdera tryckh\u00e5llfastheten p\u00e5 h\u00f6gkant f\u00f6r wellpapp<\/li>\n<\/ul>\n<p>Anv\u00e4nds flitigt i <strong>f\u00f6rpackningar, medicintekniska produkter, l\u00e4kemedel och kvalitetskontroll<\/strong>CWY-01 hj\u00e4lper tillverkare att testa material med h\u00f6g tillf\u00f6rlitlighet och effektivitet.<\/p>\n<h2>Principer f\u00f6r drift<\/h2>\n<p>CWY-01 Concora Medium Fluter \u00e4r konstruerad med precision och anv\u00e4ndarv\u00e4nlighet i \u00e5tanke. Den \u00e4r enkel att anv\u00e4nda med n\u00e5gra f\u00e5 enkla steg:<\/p>\n<ol>\n<li><strong>Inst\u00e4llning av temperatur<\/strong>: N\u00e4r maskinen har slagits p\u00e5 st\u00e4ller operat\u00f6ren in temperaturen f\u00f6r att s\u00e4kerst\u00e4lla att korrugeringsskivorna n\u00e5r en optimal, stabil temperatur. Denna j\u00e4mna v\u00e4rmef\u00f6rdelning \u00e4r avg\u00f6rande f\u00f6r att forma exakta sp\u00e5r.<\/li>\n<li><strong>Utfodring av prov<\/strong>: Korrugeringsmediumprovet f\u00f6rs in uppifr\u00e5n, d\u00e4r det passerar genom de uppv\u00e4rmda skivorna och skapar en enhetlig r\u00e4fflad form.<\/li>\n<li><strong>F\u00f6rberedelser f\u00f6r testning<\/strong>: Det spolade provet placeras sedan i en <strong>CMT-st\u00e4ll eller CCT-h\u00e5llare<\/strong> och \u00e4r redo f\u00f6r tryckh\u00e5llfasthetsprovning med hj\u00e4lp av provningsutrustning med h\u00f6g precision.<\/li>\n<\/ol>\n<p>Denna systematiska process s\u00e4kerst\u00e4ller konsekventa och repeterbara resultat, vilket m\u00f6jligg\u00f6r en exakt kvalitetskontroll i linje med branschstandarder.<\/p>\n<h2>Relevanta standarder och testmetoder<\/h2>\n<p>CWY-01 Concora Medium Fluter \u00f6verensst\u00e4mmer med viktiga industristandarder, vilket garanterar h\u00f6gkvalitativa och standardiserade resultat:<\/p>\n<ul>\n<li><strong><a href=\"https:\/\/www.iso.org\/standard\/56171.html\" target=\"_blank\" rel=\"noopener nofollow\">ISO 7263<\/a>: Test av korrugerande medium (CMT)<\/strong>\n<ul>\n<li>ISO 7263 specificerar <strong>Test av korrugerande medium (CMT)<\/strong>Denna standard m\u00e4ter det platta krossmotst\u00e5ndet hos korrugerad pl\u00e5t efter fluting. Denna standard omfattar b\u00e5de <a href=\"https:\/\/www.qualitester.com\/sv\/produkt-kategori\/iso\/iso-7263-1\/\" target=\"_blank\" rel=\"noopener\"><strong>ISO 7263-1<\/strong><\/a> f\u00f6r konditionerade prover och <strong>ISO 7263-2<\/strong> f\u00f6r v\u00e5ta prover. CWY-01 m\u00f6jligg\u00f6r beredning av prover som uppfyller dessa ISO-krav, vilket s\u00e4kerst\u00e4ller korrekta och tillf\u00f6rlitliga testresultat.<\/li>\n<\/ul>\n<\/li>\n<li><strong><a href=\"https:\/\/www.iso.org\/standard\/57983.html\" target=\"_blank\" rel=\"noopener nofollow\">ISO 16945<\/a>: Korrugerad krossningsprovning (CCT)<\/strong>\n<ul>\n<li><a href=\"https:\/\/www.qualitester.com\/sv\/produkt-kategori\/iso\/iso16945\/\" target=\"_blank\" rel=\"noopener\">ISO 16945<\/a> fokuserar p\u00e5 <strong>Korrugerad krossningstest (CCT)<\/strong>som utv\u00e4rderar korrugerad papps krossh\u00e5llfasthet p\u00e5 h\u00f6gkant, ett kritiskt m\u00e5tt p\u00e5 materialets h\u00e5llbarhet i f\u00f6rpackningar. CWY-01:s f\u00f6rm\u00e5ga att skapa exakta r\u00e4fflade prover \u00e4r i linje med ISO 16945, vilket underl\u00e4ttar konsekventa, standardkompatibla tryckh\u00e5llfasthetsprov.<\/li>\n<\/ul>\n<\/li>\n<li><strong><a href=\"https:\/\/imisrise.tappi.org\/TAPPI\/Products\/01\/T\/0104t843.aspx\" target=\"_blank\" rel=\"noopener nofollow\">TAPPI T843<\/a>: Platt krossningstest f\u00f6r wellpappmedia<\/strong>\n<ul>\n<li><a href=\"https:\/\/www.qualitester.com\/sv\/produkt-kategori\/tappi\/tappi-t843\/\" target=\"_blank\" rel=\"noopener\">TAPPI T843<\/a> beskriver f\u00f6rfaranden f\u00f6r att testa <strong>platt krossmotst\u00e5nd<\/strong> av r\u00e4fflat papper. Genom att anv\u00e4nda CWY-01 f\u00f6r att producera standardiserade prover i enlighet med TAPPI T843 \u00f6kar noggrannheten och j\u00e4mf\u00f6rbarheten i provningen, vilket \u00e4r avg\u00f6rande f\u00f6r kvalitetss\u00e4kringen i wellpappf\u00f6rpackningar.<\/li>\n<\/ul>\n<\/li>\n<\/ul>\n<h2>Viktiga egenskaper och f\u00f6rdelar med CWY-01 Concora Medium Fluter<\/h2>\n<ol>\n<li><strong>Slitstark och m\u00e5ngsidig konstruktion<\/strong>\n<ul>\n<li>CWY-01 \u00e4r byggd f\u00f6r att t\u00e5la h\u00f6g belastning och erbjuder tillf\u00f6rlitlighet under l\u00e5ng tid, vilket g\u00f6r den idealisk f\u00f6r kr\u00e4vande testmilj\u00f6er.<\/li>\n<\/ul>\n<\/li>\n<li><strong>Utbytbara korrugeringsskivor<\/strong>\n<ul>\n<li>CWY-01 \u00e4r l\u00e4tt att anpassa och g\u00f6r det m\u00f6jligt f\u00f6r anv\u00e4ndare att byta ut skivor med olika fl\u00f6jtprofiler, vilket ger m\u00e5ngsidighet vid provberedning.<\/li>\n<\/ul>\n<\/li>\n<li><strong>Justerbart tryckomr\u00e5de med kalibreringsalternativ<\/strong>\n<ul>\n<li>Anpassningsbara tryckinst\u00e4llningar m\u00f6jligg\u00f6r exakta justeringar f\u00f6r varierande testkrav och uppr\u00e4tth\u00e5ller \u00f6verensst\u00e4mmelse med internationella standarder.<\/li>\n<\/ul>\n<\/li>\n<li><strong>Utrymmeseffektiv vertikal design<\/strong>\n<ul>\n<li>CWY-01:s vertikala struktur f\u00f6renklar provmatningen och minimerar utrymmet samtidigt som anv\u00e4ndarv\u00e4nligheten maximeras.<\/li>\n<\/ul>\n<\/li>\n<li><strong>Inbyggd v\u00e4rmemekanism f\u00f6r j\u00e4mn temperaturf\u00f6rdelning<\/strong>\n<ul>\n<li>Integrerad uppv\u00e4rmning s\u00e4kerst\u00e4ller j\u00e4mn temperaturf\u00f6rdelning \u00f6ver b\u00e5da skivorna, vilket \u00e4r avg\u00f6rande f\u00f6r att skapa konsekventa sp\u00e5r av h\u00f6g kvalitet.<\/li>\n<\/ul>\n<\/li>\n<li><strong>Exakt temperaturkontroll<\/strong>\n<ul>\n<li>Anv\u00e4ndarna kan st\u00e4lla in och styra temperaturen med precision, vilket s\u00e4kerst\u00e4ller tillf\u00f6rlitligheten i provberedningen och uppr\u00e4tth\u00e5ller testintegriteten.<\/li>\n<\/ul>\n<\/li>\n<\/ol>\n<h2>Huvudparametrar f\u00f6r CWY-01 Concora Medium Fluter<\/h2>\n<ul>\n<li><strong>Provbredd<\/strong>: 12,7 mm (0,5 tum)<\/li>\n<li><strong>Temperaturomr\u00e5de<\/strong>: Justerbar f\u00f6r specifika testmilj\u00f6er<\/li>\n<li><strong>Tryckomr\u00e5de<\/strong>: Justerbar, kalibrerad f\u00f6r att uppfylla olika teststandarder<\/li>\n<\/ul>\n<h2>Vanliga fr\u00e5gor<\/h2>\n<ol>\n<li><strong>Vad \u00e4r syftet med CWY-01 Concora Medium Fluter?<\/strong>\n<ul>\n<li>CWY-01 f\u00f6rbereder r\u00e4fflade prover fr\u00e5n wellpapp, vilket \u00e4r n\u00f6dv\u00e4ndigt f\u00f6r h\u00e5llfasthetsprovning med CMT- och CCT-metoder.<\/li>\n<\/ul>\n<\/li>\n<li><strong>Hur \u00f6verensst\u00e4mmer CWY-01 Concora Medium Fluter med ISO 7263?<\/strong>\n<ul>\n<li>CWY-01 m\u00f6jligg\u00f6r produktion av r\u00e4fflade prover enligt ISO 7263, vilket ger standardiserade resultat vid provning av medelfasthet hos wellpapp.<\/li>\n<\/ul>\n<\/li>\n<li><strong>Vilka typer av material kan testas med CWY-01?<\/strong>\n<ul>\n<li>CWY-01 \u00e4r konstruerad f\u00f6r wellpapp, men \u00e4r \u00e4ven l\u00e4mplig f\u00f6r andra material som kr\u00e4ver tryckh\u00e5llfasthetsprovning i wellpappf\u00f6rpackningar.<\/li>\n<\/ul>\n<\/li>\n<li><strong>Hur styrs temperaturen i CWY-01?<\/strong>\n<ul>\n<li>Den inbyggda v\u00e4rmemekanismen ger exakt kontroll, med j\u00e4mnt f\u00f6rdelad v\u00e4rme \u00f6ver skivorna, vilket s\u00e4kerst\u00e4ller exakt provbildning.<\/li>\n<\/ul>\n<\/li>\n<li><strong>Kan CWY-01 anv\u00e4ndas f\u00f6r olika fl\u00f6jttyper?<\/strong>\n<ul>\n<li>Ja, CWY-01 har utbytbara skivor, vilket m\u00f6jligg\u00f6r olika fl\u00f6jtprofiler beroende p\u00e5 specifika testbehov.<\/li>\n<\/ul>\n<\/li>\n<\/ol>\n<p>Den <strong>CWY-01 Concora Medium Fluter<\/strong> \u00e4r ett robust, anpassningsbart och exakt instrument som \u00e4r utformat f\u00f6r att producera r\u00e4fflade prover som uppfyller rigor\u00f6sa industristandarder som <strong>ISO 7263<\/strong>, <strong>ISO 16945<\/strong>, och <strong>TAPPI T843<\/strong>. Detta m\u00e5ngsidiga verktyg \u00e4r perfekt f\u00f6r tillverkare och kvalitetskontrollteam som str\u00e4var efter att s\u00e4kerst\u00e4lla h\u00f6gsta m\u00f6jliga prestanda och tillf\u00f6rlitlighet i wellpappf\u00f6rpackningsmaterial.<\/p>","protected":false},"excerpt":{"rendered":"<p>Den <strong>CWY-01 Concora Medium Fluter<\/strong> \u00e4r ett h\u00f6gkvalitativt instrument som \u00e4r utformat f\u00f6r att ta fram standardiserade, r\u00e4fflade prover fr\u00e5n wellpapp. Detta verktyg anv\u00e4nds inom f\u00f6rpacknings-, l\u00e4kemedels-, livsmedels-, elektronik- och kvalitetskontrollindustrin och \u00e4r viktigt f\u00f6r att s\u00e4kerst\u00e4lla styrkan och h\u00e5llbarheten hos korrugerade material. Genom att f\u00f6rbereda prover f\u00f6r <strong>Test av korrugerande medium (CMT)<\/strong> och <strong>Korrugerad krossningstest (CCT)<\/strong>CWY-01 g\u00f6r det m\u00f6jligt f\u00f6r tillverkare att uppfylla kvalitetsstandarder och uppr\u00e4tth\u00e5lla produktkonsistens.<\/p>","protected":false},"featured_media":6180,"comment_status":"closed","ping_status":"closed","template":"","meta":{"site-sidebar-layout":"default","site-content-layout":"default","ast-global-header-display":"","ast-main-header-display":"","ast-hfb-above-header-display":"","ast-hfb-below-header-display":"","ast-hfb-mobile-header-display":"","site-post-title":"","ast-breadcrumbs-content":"","ast-featured-img":"","footer-sml-layout":"","theme-transparent-header-meta":"default","adv-header-id-meta":"","stick-header-meta":"","header-above-stick-meta":"","header-main-stick-meta":"","header-below-stick-meta":""},"product_cat":[845,953,956,955,1082,1081,954,957,958,952,959,95],"product_tag":[],"class_list":{"0":"post-5271","1":"product","2":"type-product","3":"status-publish","4":"has-post-thumbnail","6":"product_cat-customization","7":"product_cat-bursting-tester","8":"product_cat-cobb-tester","9":"product_cat-crush-tester","10":"product_cat-iso-16945","11":"product_cat-iso-7263-1","12":"product_cat-paper-tear-tester","13":"product_cat-plybond-tester","14":"product_cat-puncture-tester","15":"product_cat-rub-tester","16":"product_cat-stiffness-tester","17":"product_cat-products","18":"desktop-align-left","19":"tablet-align-left","20":"mobile-align-left","22":"first","23":"instock","24":"shipping-taxable","25":"product-type-simple"},"_links":{"self":[{"href":"https:\/\/www.qualitester.com\/sv\/wp-json\/wp\/v2\/product\/5271","targetHints":{"allow":["GET"]}}],"collection":[{"href":"https:\/\/www.qualitester.com\/sv\/wp-json\/wp\/v2\/product"}],"about":[{"href":"https:\/\/www.qualitester.com\/sv\/wp-json\/wp\/v2\/types\/product"}],"replies":[{"embeddable":true,"href":"https:\/\/www.qualitester.com\/sv\/wp-json\/wp\/v2\/comments?post=5271"}],"version-history":[{"count":0,"href":"https:\/\/www.qualitester.com\/sv\/wp-json\/wp\/v2\/product\/5271\/revisions"}],"wp:featuredmedia":[{"embeddable":true,"href":"https:\/\/www.qualitester.com\/sv\/wp-json\/wp\/v2\/media\/6180"}],"wp:attachment":[{"href":"https:\/\/www.qualitester.com\/sv\/wp-json\/wp\/v2\/media?parent=5271"}],"wp:term":[{"taxonomy":"product_cat","embeddable":true,"href":"https:\/\/www.qualitester.com\/sv\/wp-json\/wp\/v2\/product_cat?post=5271"},{"taxonomy":"product_tag","embeddable":true,"href":"https:\/\/www.qualitester.com\/sv\/wp-json\/wp\/v2\/product_tag?post=5271"}],"curies":[{"name":"wp","href":"https:\/\/api.w.org\/{rel}","templated":true}]}}