{"id":5254,"date":"2024-11-07T09:31:49","date_gmt":"2024-11-07T01:31:49","guid":{"rendered":"https:\/\/www.qualitester.com\/?post_type=product&#038;p=5254"},"modified":"2024-12-05T10:01:46","modified_gmt":"2024-12-05T02:01:46","slug":"sale-bursting-strength-tester","status":"publish","type":"product","link":"https:\/\/www.qualitester.com\/sv\/produkt-2\/sale-bursting-strength-tester\/","title":{"rendered":"Test av spr\u00e4ngstyrka"},"content":{"rendered":"<p>Den <strong>Test av spr\u00e4ngstyrka<\/strong> \u00e4r ett viktigt verktyg f\u00f6r att utv\u00e4rdera den strukturella integriteten och h\u00e5llbarheten hos pappers- och kartongmaterial. Testet \u00e4r utformat f\u00f6r att bed\u00f6ma den maximala kraft som dessa material kan motst\u00e5 innan de brister och anv\u00e4nds ofta i f\u00f6rpacknings-, tillverknings- och kvalitetskontrollmilj\u00f6er. Med till\u00e4mpningar som str\u00e4cker sig fr\u00e5n l\u00e4tt papper till kraftig kartong, \u00e4r <strong>Test av spr\u00e4ngstyrka<\/strong> s\u00e4kerst\u00e4ller att material uppfyller str\u00e4nga normer f\u00f6r prestanda under p\u00e5frestning, vilket g\u00f6r det oumb\u00e4rligt i branscher d\u00e4r styrka och h\u00e5llbarhet \u00e4r av st\u00f6rsta vikt.<\/p>\n<h3>Anv\u00e4ndningsomr\u00e5den f\u00f6r spr\u00e4ngh\u00e5llfasthetsprovaren<\/h3>\n<p>Spr\u00e4ngh\u00e5llfasthetsprovning m\u00e4ter ett materials f\u00f6rm\u00e5ga att motst\u00e5 brott eller spr\u00e4ngning n\u00e4r det uts\u00e4tts f\u00f6r yttre krafter. Denna kvalitet \u00e4r kritisk f\u00f6r <strong>papper, kartong och f\u00f6rpackningsmaterial<\/strong>, s\u00e4rskilt i samband med <strong>frakt och lagring<\/strong>. Genom att identifiera svaga punkter innan materialen anv\u00e4nds kan f\u00f6retagen undvika kostsamma skador och garantera en s\u00e4ker produkttransport. F\u00f6r tillverkare ger detta test insikter i materialkvaliteten och ger information om f\u00f6rpackningsdesignen, vilket m\u00f6jligg\u00f6r f\u00f6rb\u00e4ttrad h\u00e5llbarhet och minskad risk f\u00f6r skador under transport.<\/p>\n<h3>Viktiga egenskaper hos spr\u00e4ngh\u00e5llfasthetsprovaren<\/h3>\n<ul>\n<li><strong>Hydraulisk tryckprovning:<\/strong> Testaren anv\u00e4nder hydrauliskt tryck f\u00f6r att applicera kraft p\u00e5 provet, vilket m\u00f6jligg\u00f6r en mycket noggrann m\u00e4tning av spr\u00e4ngmotst\u00e5ndet.<\/li>\n<li><strong>Brett testomr\u00e5de:<\/strong> Den kan testa ett brett spektrum av material, fr\u00e5n l\u00e4tta papper till solida fiberskivor, med spr\u00e4ngstyrkor som str\u00e4cker sig fr\u00e5n <strong>70 kPa till 5500 kPa<\/strong>.<\/li>\n<li><strong>Precision och tillf\u00f6rlitlighet:<\/strong> Bursting Strength Tester \u00e4r utrustad med avancerade trycksensorer och ger tillf\u00f6rlitliga och repeterbara resultat, vilket s\u00e4kerst\u00e4ller h\u00f6g precision i kvalitetskontrollen.<\/li>\n<\/ul>\n<h3>Tester f\u00f6r spr\u00e4ngning av kretskort: S\u00e4kerst\u00e4lla strukturell styrka f\u00f6r br\u00e4dor<\/h3>\n<p>Den <strong>BNP-01 Tester f\u00f6r spr\u00e4ngning av kretskort<\/strong> \u00e4r s\u00e4rskilt utformad f\u00f6r testning av kartongmaterial som <strong>korrugerad och solid fiberboard<\/strong>. Kan m\u00e4ta material med spr\u00e4ngstyrkor inom intervallet <strong>350 kPa till 5500 kPa<\/strong>, uppfyller denna testare de kr\u00e4vande behov som finns inom f\u00f6rpacknings- och transportsektorn. Genom att utv\u00e4rdera materialets motst\u00e5ndskraft kan tillverkarna garantera att deras f\u00f6rpackningsmaterial klarar de tryck som uppst\u00e5r under hantering och frakt. Denna testare \u00f6verensst\u00e4mmer med ledande industristandarder, inklusive:<\/p>\n<ul>\n<li><strong><a href=\"https:\/\/www.iso.org\/standard\/61488.html\" target=\"_blank\" rel=\"noopener nofollow\">ISO 2759<\/a>:<\/strong> ISO 2759 \u00e4r internationellt erk\u00e4nd f\u00f6r bed\u00f6mning av kartongstyrka och fastst\u00e4ller riktlinjer f\u00f6r utv\u00e4rdering av spr\u00e4ngmotst\u00e5nd i kartongmaterial, vilket s\u00e4kerst\u00e4ller global kvalitets\u00f6verensst\u00e4mmelse.<\/li>\n<li><strong>TAPPI T810 och TAPPI T807:<\/strong> Dessa standarder omfattar spr\u00e4ngprovning f\u00f6r fiberboard och wellpapp, vilket m\u00f6jligg\u00f6r j\u00e4mn kvalitet i olika partier och s\u00e4kerst\u00e4ller att f\u00f6rpackningsmaterial \u00e4r s\u00e4kra f\u00f6r transport.<\/li>\n<\/ul>\n<h3>Tester f\u00f6r pappersspr\u00e4ngning: Optimerad f\u00f6r l\u00e4ttviktsmaterial<\/h3>\n<p>F\u00f6r pappersapplikationer \u00e4r <strong>ZNP-01 Testapparat f\u00f6r pappersspr\u00e4ngning<\/strong> \u00e4r det perfekta valet och testar material med spr\u00e4ngh\u00e5llfasthet fr\u00e5n <strong>70 kPa till 1400 kPa<\/strong>. Denna testare \u00e4r l\u00e4mplig f\u00f6r l\u00e4ttare material som papper och tunn kartong och \u00e4r avg\u00f6rande i applikationer d\u00e4r materialflexibilitet \u00e4r avg\u00f6rande. ZNP-01 \u00e4r kompatibel med standarder som t.ex:<\/p>\n<ul>\n<li><strong><a href=\"https:\/\/www.qualitester.com\/sv\/produkt-kategori\/iso\/iso-5627\/\" target=\"_blank\" rel=\"noopener\">ISO 2758<\/a>:<\/strong> Denna standard reglerar provning av spr\u00e4ngstyrka f\u00f6r pappersmaterial och s\u00e4kerst\u00e4ller att resultaten uppfyller internationella riktm\u00e4rken.<\/li>\n<li><strong>TAPPI T403 och ASTM D774:<\/strong> B\u00e5da standarderna beskriver metoder f\u00f6r att utv\u00e4rdera pappersh\u00e5llfasthet, d\u00e4r ASTM D774 fokuserar p\u00e5 l\u00e4tta papper med h\u00f6g motst\u00e5ndskraft.<\/li>\n<\/ul>\n<p>Dessa standarder s\u00e4kerst\u00e4ller att de material som anv\u00e4nds i f\u00f6rpacknings- och tryckapplikationer uppfyller de h\u00e5llbarhetskrav som st\u00e4lls f\u00f6r produkts\u00e4kerhet och kvalitetss\u00e4kring.<\/p>\n<h3>Testprincip<\/h3>\n<p>Vid spr\u00e4ngh\u00e5llfasthetstestet placeras ett prov \u00f6ver ett cirkul\u00e4rt, elastiskt membran som \u00e4r fastsp\u00e4nt i kanterna men fritt att bukta ut i mitten. Som <strong>hydraulv\u00e4tskan pumpas med konstant hastighet<\/strong>, Bl\u00e5ses membranet upp tills provet brister. Testaren registrerar det maximala trycket som uppn\u00e5s vid brott, vilket indikerar materialets <strong>spr\u00e4ngande styrka<\/strong>. Denna testmetod \u00e4r mycket exakt och g\u00f6r det m\u00f6jligt f\u00f6r tillverkare att konsekvent bed\u00f6ma styrkan och kvaliteten hos olika material.<\/p>\n<h3>F\u00f6rdelar med att anv\u00e4nda en spr\u00e4ngh\u00e5llfasthetsm\u00e4tare<\/h3>\n<ul>\n<li><strong>Kvalitetss\u00e4kring av f\u00f6rpackningar:<\/strong> Testet s\u00e4kerst\u00e4ller att f\u00f6rpackningsmaterialen klarar p\u00e5frestningarna vid transport och hantering, vilket minskar risken f\u00f6r skador.<\/li>\n<li><strong>Konsekventa produktionsstandarder:<\/strong> Med regelbundna tester kan tillverkarna uppr\u00e4tth\u00e5lla en enhetlig kvalitet och snabbt \u00e5tg\u00e4rda eventuella problem med materialets prestanda.<\/li>\n<li><strong>Anpassningsf\u00f6rm\u00e5ga mellan olika branscher:<\/strong> Denna testare \u00e4r l\u00e4mplig f\u00f6r ett brett spektrum av sektorer, inklusive <strong>medicintekniska produkter, elektronik, textilier, f\u00f6rpackningar och livsmedel<\/strong>, d\u00e4r h\u00e5llbara material \u00e4r ett viktigt krav.<\/li>\n<\/ul>\n<h3>Vanliga fr\u00e5gor och svar (FAQ)<\/h3>\n<ul>\n<li><strong>Vad \u00e4r syftet med ett spr\u00e4ngh\u00e5llfasthetstest?<\/strong><br \/>\nDetta test bed\u00f6mer h\u00e5llbarheten hos pappers- och kartongmaterial genom att best\u00e4mma den maximala kraft de kan motst\u00e5 innan de g\u00e5r s\u00f6nder. Det \u00e4r viktigt f\u00f6r kvalitetskontrollen inom f\u00f6rpacknings- och materialtillverkning.<\/li>\n<li><strong>Hur m\u00e4ter Bursting Strength Tester materialets h\u00e5llfasthet?<\/strong><br \/>\nProvaren applicerar hydrauliskt tryck p\u00e5 provet tills det brister, och det maximala trycket registreras som materialets spr\u00e4ngh\u00e5llfasthet.<\/li>\n<li><strong>Vilka typer av material kan testas?<\/strong><br \/>\nDenna testare kan bed\u00f6ma ett stort antal material, inklusive l\u00e4ttviktspapper, tjock kartong, wellpapp och fiberboard.<\/li>\n<li><strong>Varf\u00f6r \u00e4r ISO 2759 viktig vid provning av spr\u00e4ngh\u00e5llfasthet?<\/strong><br \/>\nISO 2759 \u00e4r en global standard som s\u00e4kerst\u00e4ller att material uppfyller konsekventa kvalitetsriktm\u00e4rken, vilket \u00e4r avg\u00f6rande f\u00f6r internationella tillverkare och leverant\u00f6rer.<\/li>\n<li><strong>Hur ofta ska f\u00f6rpackningsmaterial genomg\u00e5 spr\u00e4ngh\u00e5llfasthetstest?<\/strong><br \/>\nRegelbundna tester rekommenderas, s\u00e4rskilt n\u00e4r f\u00f6r\u00e4ndringar sker i materialink\u00f6p eller produktionsprocesser, f\u00f6r att uppr\u00e4tth\u00e5lla tillf\u00f6rlitliga kvalitetsstandarder.<\/li>\n<\/ul>","protected":false},"excerpt":{"rendered":"<p>Den <strong>Test av spr\u00e4ngstyrka<\/strong> \u00e4r ett viktigt verktyg f\u00f6r att utv\u00e4rdera den strukturella integriteten och h\u00e5llbarheten hos pappers- och kartongmaterial. Testet \u00e4r utformat f\u00f6r att bed\u00f6ma den maximala kraft som dessa material kan motst\u00e5 innan de brister och anv\u00e4nds ofta i f\u00f6rpacknings-, tillverknings- och kvalitetskontrollmilj\u00f6er. Med till\u00e4mpningar som str\u00e4cker sig fr\u00e5n l\u00e4tt papper till kraftig kartong, \u00e4r <strong>Test av spr\u00e4ngstyrka<\/strong> s\u00e4kerst\u00e4ller att material uppfyller str\u00e4nga normer f\u00f6r prestanda under p\u00e5frestning, vilket g\u00f6r det oumb\u00e4rligt i branscher d\u00e4r styrka och h\u00e5llbarhet \u00e4r av st\u00f6rsta vikt.<\/p>","protected":false},"featured_media":6172,"comment_status":"closed","ping_status":"closed","template":"","meta":{"site-sidebar-layout":"default","site-content-layout":"default","ast-global-header-display":"","ast-main-header-display":"","ast-hfb-above-header-display":"","ast-hfb-below-header-display":"","ast-hfb-mobile-header-display":"","site-post-title":"","ast-breadcrumbs-content":"","ast-featured-img":"","footer-sml-layout":"","theme-transparent-header-meta":"default","adv-header-id-meta":"","stick-header-meta":"","header-above-stick-meta":"","header-main-stick-meta":"","header-below-stick-meta":""},"product_cat":[44,1146,953,956,955,1142,1141,954,957,958,952,959,1145,1144,1143,95],"product_tag":[],"class_list":{"0":"post-5254","1":"product","2":"type-product","3":"status-publish","4":"has-post-thumbnail","6":"product_cat-paper-and-board-testers","7":"product_cat-astm-d774","8":"product_cat-bursting-tester","9":"product_cat-cobb-tester","10":"product_cat-crush-tester","11":"product_cat-iso-2758","12":"product_cat-iso-2759","13":"product_cat-paper-tear-tester","14":"product_cat-plybond-tester","15":"product_cat-puncture-tester","16":"product_cat-rub-tester","17":"product_cat-stiffness-tester","18":"product_cat-tappi-t403","19":"product_cat-tappi-t807","20":"product_cat-tappi-t810","21":"product_cat-products","22":"desktop-align-left","23":"tablet-align-left","24":"mobile-align-left","26":"first","27":"instock","28":"shipping-taxable","29":"product-type-simple"},"_links":{"self":[{"href":"https:\/\/www.qualitester.com\/sv\/wp-json\/wp\/v2\/product\/5254","targetHints":{"allow":["GET"]}}],"collection":[{"href":"https:\/\/www.qualitester.com\/sv\/wp-json\/wp\/v2\/product"}],"about":[{"href":"https:\/\/www.qualitester.com\/sv\/wp-json\/wp\/v2\/types\/product"}],"replies":[{"embeddable":true,"href":"https:\/\/www.qualitester.com\/sv\/wp-json\/wp\/v2\/comments?post=5254"}],"version-history":[{"count":0,"href":"https:\/\/www.qualitester.com\/sv\/wp-json\/wp\/v2\/product\/5254\/revisions"}],"wp:featuredmedia":[{"embeddable":true,"href":"https:\/\/www.qualitester.com\/sv\/wp-json\/wp\/v2\/media\/6172"}],"wp:attachment":[{"href":"https:\/\/www.qualitester.com\/sv\/wp-json\/wp\/v2\/media?parent=5254"}],"wp:term":[{"taxonomy":"product_cat","embeddable":true,"href":"https:\/\/www.qualitester.com\/sv\/wp-json\/wp\/v2\/product_cat?post=5254"},{"taxonomy":"product_tag","embeddable":true,"href":"https:\/\/www.qualitester.com\/sv\/wp-json\/wp\/v2\/product_tag?post=5254"}],"curies":[{"name":"wp","href":"https:\/\/api.w.org\/{rel}","templated":true}]}}