{"id":5242,"date":"2024-11-06T12:02:30","date_gmt":"2024-11-06T04:02:30","guid":{"rendered":"https:\/\/www.qualitester.com\/?post_type=product&#038;p=5242"},"modified":"2024-12-05T09:52:23","modified_gmt":"2024-12-05T01:52:23","slug":"sale-internal-bond-tester-iso-16260","status":"publish","type":"product","link":"https:\/\/www.qualitester.com\/sv\/produkt-2\/sale-internal-bond-tester-iso-16260\/","title":{"rendered":"BGT-01 Tester f\u00f6r intern bindning"},"content":{"rendered":"<h2><strong>Introduktion Intern Bond Tester<\/strong><\/h2>\n<p>Den <strong>BGT-01 Tester f\u00f6r intern bindning<\/strong> \u00e4r ett avancerat instrument som \u00e4r utformat f\u00f6r att m\u00e4ta den energi som kr\u00e4vs f\u00f6r att snabbt delaminera ett pappers- eller kartongprov i <strong>Z-riktning<\/strong>. Detta test simulerar de snabba st\u00f6tar och chockbelastningar som pappers- och kartongprodukter kan uts\u00e4ttas f\u00f6r under processer som tryckning eller konvertering. Testet <strong>Tester f\u00f6r intern bindning<\/strong> anv\u00e4nder en pendel med en definierad massa och hastighet f\u00f6r att initiera brott, vilket g\u00f6r den till ett idealiskt verktyg f\u00f6r att bed\u00f6ma materialets motst\u00e5ndskraft mot inre sp\u00e4nningar.<\/p>\n<p>BGT-01 \u00e4r perfekt f\u00f6r provning av en m\u00e4ngd olika pappers- och kartongmaterial, inklusive en- och flerskiktspapper, bestrukna ark och kartong som laminerats med syntetiska polymerfilmer. Den \u00e4r s\u00e4rskilt l\u00e4mplig f\u00f6r material som uts\u00e4tts f\u00f6r <strong>Snabb p\u00e5verkan i Z-riktning<\/strong>, t.ex. f\u00f6rpackningar, tryckerier och andra industriella applikationer d\u00e4r h\u00e5llbarhet \u00e4r avg\u00f6rande.<\/p>\n<h2><strong>Testmetoder: ISO 16260 och standarder<\/strong><\/h2>\n<h3><strong><a href=\"https:\/\/www.iso.org\/standard\/56038.html\" target=\"_blank\" rel=\"noopener nofollow\">ISO 16260<\/a>: Den internationella standarden f\u00f6r provning av intern bindning<\/strong><\/h3>\n<p><a href=\"https:\/\/www.qualitester.com\/sv\/produkt-kategori\/iso\/iso-16260\/\" target=\"_blank\" rel=\"noopener\"><strong>ISO 16260<\/strong><\/a> specificerar provningsmetoden f\u00f6r att m\u00e4ta den inre bindningsstyrkan hos papper och kartongmaterial. Denna standard definierar ett f\u00f6rfarande f\u00f6r att utf\u00f6ra provningar d\u00e4r en pendelslag anv\u00e4nds f\u00f6r att delaminera provet och utv\u00e4rdera materialets styrka under snabb, lokal stress. Genom att simulera verkliga f\u00f6rh\u00e5llanden d\u00e4r papper och kartong uts\u00e4tts f\u00f6r chockbelastningar, <strong>ISO 16260<\/strong> bidrar till att s\u00e4kerst\u00e4lla att materialen \u00e4r h\u00e5llbara och tillf\u00f6rlitliga.<\/p>\n<ul>\n<li><strong>Testprocess<\/strong>: Den interna bindningsstyrkan m\u00e4ts genom att sl\u00e4ppa en pendel med en fast massa, som tr\u00e4ffar provet med en specificerad hastighet, vilket initierar delaminering i <strong>Z-riktning<\/strong>.<\/li>\n<li><strong>Relevans<\/strong>: Denna standard \u00e4r avg\u00f6rande f\u00f6r att s\u00e4kerst\u00e4lla att pappers- och kartongmaterial kan motst\u00e5 p\u00e5verkan som uppst\u00e5r under produktion, f\u00f6rpackning och transport. \u00d6verensst\u00e4mmelse med <strong>ISO 16260<\/strong> \u00e4r avg\u00f6rande f\u00f6r tillverkare inom pappers- och f\u00f6rpackningsindustrin samt n\u00e4rliggande branscher f\u00f6r att s\u00e4kerst\u00e4lla produkternas prestanda och kvalitet.<\/li>\n<\/ul>\n<h3><strong>Ytterligare relevanta standarder<\/strong><\/h3>\n<ul>\n<li><strong>TAPPI T569<\/strong>: En standard som utvecklats av Technical Association of the Pulp and Paper Industry och som fokuserar p\u00e5 delaminering av kartongmaterial n\u00e4r de uts\u00e4tts f\u00f6r kontrollerade pendelslagkrafter.<\/li>\n<li><strong>GB\/T 26203<\/strong>: En kinesisk standard som definierar det interna bindningstestet f\u00f6r pappers- och kartongmaterial, i linje med internationella testprotokoll.<\/li>\n<li><strong>QB\/T 5558<\/strong>: En kinesisk standard som reglerar provning av intern bindningsstyrka f\u00f6r pappers- och kartongmaterial, vilket s\u00e4kerst\u00e4ller att de uppfyller de prestandaegenskaper som kr\u00e4vs f\u00f6r f\u00f6rpackningar.<\/li>\n<\/ul>\n<h2><strong>Funktioner och f\u00f6rdelar med BGT-01 Internal Bond Tester<\/strong><\/h2>\n<ul>\n<li><strong>Automatisk pendelutl\u00f6sning<\/strong>: BGT-01 <strong>Tester f\u00f6r intern bindning<\/strong> \u00e4r utrustad med en automatisk pendelutl\u00f6sningsmekanism som s\u00e4kerst\u00e4ller konsekventa och repeterbara testresultat varje g\u00e5ng. Denna funktion f\u00f6rb\u00e4ttrar noggrannheten och tillf\u00f6rlitligheten.<\/li>\n<li><strong>H\u00f6g uppl\u00f6sning och precision<\/strong>: Instrumentet har en datainsamlingsuppl\u00f6sning p\u00e5 0,001 lbf\/in\u00b2 och drivs av en h\u00f6gprecisionsgivare med 5000 impulser. Detta m\u00f6jligg\u00f6r detaljerade m\u00e4tningar av den interna bindningsstyrkan, vilket s\u00e4kerst\u00e4ller att \u00e4ven sm\u00e5 skillnader i materialprestanda kan uppt\u00e4ckas.<\/li>\n<li><strong>Verktyg f\u00f6r sj\u00e4lvkalibrering<\/strong>: BGT-01 <strong>Tester f\u00f6r intern bindning <\/strong>levereras med en speciell 5-niv\u00e5s kalibreringsverktygssats (extra tillbeh\u00f6r), vilket m\u00f6jligg\u00f6r enkel kalibrering f\u00f6r att bibeh\u00e5lla optimal prestanda och noggrannhet \u00f6ver tid.<\/li>\n<li><strong>Flexibel omkoppling av enheter<\/strong>: Den <strong>Tester f\u00f6r intern bindning <\/strong>erbjuder m\u00e5ngsidighet med m\u00f6jlighet att v\u00e4xla mellan olika m\u00e5ttenheter, inklusive J\/M\u00b2 och lbf\/in\u00b2, vilket g\u00f6r den anpassningsbar till olika branschkrav.<\/li>\n<li><strong>Anv\u00e4ndarv\u00e4nligt gr\u00e4nssnitt<\/strong>: Det 5,0-tums f\u00e4rgpeksk\u00e4rmsgr\u00e4nssnittet \u00e4r intuitivt, visar testdata i realtid och g\u00f6r det enkelt att navigera genom testinst\u00e4llningar, resultat och driftl\u00e4gen.<\/li>\n<li><strong>Avancerad programvara f\u00f6r databehandling<\/strong>: Programvara f\u00f6r datoranslutning finns som tillval f\u00f6r mer avancerad databehandling, analys och rapportgenerering. Detta ger ett enkelt s\u00e4tt att hantera testdata, dokumentera resultat och utf\u00f6ra ytterligare analyser f\u00f6r kvalitetss\u00e4kring eller FoU-\u00e4ndam\u00e5l.<\/li>\n<li><strong>Modul\u00e4r termisk skrivare<\/strong>: BGT-01 \u00e4r f\u00f6rsedd med en termisk skrivare som g\u00f6r det m\u00f6jligt att skriva ut testresultat omedelbart. Denna modul\u00e4ra funktion g\u00f6r det enklare att registrera och dela testresultat utan att beh\u00f6va en extern enhet.<\/li>\n<\/ul>\n<h2><strong>Till\u00e4mpningar<\/strong><\/h2>\n<ul>\n<li><strong>F\u00f6rpackningsindustrin<\/strong>: BGT-01 anv\u00e4nds ofta f\u00f6r att testa material som kartong, gr\u00e5 kartong, elfenbenskartong och syntetiska polymerbelagda papper. Dessa material m\u00e5ste uppvisa h\u00f6g intern bindningsstyrka f\u00f6r att motst\u00e5 de mekaniska p\u00e5frestningar som uppst\u00e5r under f\u00f6rpackning, lagring och transport.<\/li>\n<li><strong>Papperstillverkning<\/strong>: BGT-01 \u00e4r idealisk f\u00f6r bed\u00f6mning av pappersmaterials kvalitet och h\u00e5llbarhet och l\u00e4mpar sig f\u00f6r b\u00e5de enskikts- och flerskiktspapper samt bestrukna ark, som ofta anv\u00e4nds i olika pappersprodukter och f\u00f6rpackningar.<\/li>\n<li><strong>Textilier och f\u00f6rpackningar f\u00f6r medicintekniska produkter<\/strong>: Internal Bond Tester anv\u00e4nds i branscher d\u00e4r pappers- och kartongmaterial m\u00e5ste visa motst\u00e5ndskraft mot snabba st\u00f6tar, t.ex. f\u00f6rpackningsmaterial f\u00f6r medicintekniska produkter eller textilier.<\/li>\n<li><strong>Kvalitetskontroll och kvalitetss\u00e4kring<\/strong>: Kvalitetss\u00e4kringslaboratorier f\u00f6rlitar sig p\u00e5 BGT-01 f\u00f6r konsekvent testning och utv\u00e4rdering av intern bindningsstyrka, vilket s\u00e4kerst\u00e4ller att produkterna uppfyller branschstandarder och kundkrav.<\/li>\n<\/ul>\n<h2><strong>Huvudparametrar<\/strong><\/h2>\n<table>\n<tbody>\n<tr>\n<td width=\"224\">Provstorlek<\/td>\n<td width=\"227\">25,4*25,4 mm (fem grupper)<\/td>\n<\/tr>\n<tr>\n<td width=\"224\">Provets h\u00e5llkraft<\/td>\n<td width=\"227\">0~400N (justerbar)<\/td>\n<\/tr>\n<tr>\n<td width=\"224\">Provtrycksomr\u00e5de<\/td>\n<td width=\"227\">0~65 kg\/cm\u00b2<\/td>\n<\/tr>\n<tr>\n<td width=\"224\">Vinkel f\u00f6r p\u00e5verkan<\/td>\n<td width=\"227\">90\u00b0<\/td>\n<\/tr>\n<tr>\n<td width=\"224\">Uppl\u00f6sning<\/td>\n<td width=\"227\">0,001lbf\/in\u00b2<\/td>\n<\/tr>\n<tr>\n<td colspan=\"1\" rowspan=\"3\" width=\"224\">M\u00e4tomr\u00e5de<\/td>\n<td width=\"227\">A: 0-500J\/M\u00b2<\/td>\n<\/tr>\n<tr>\n<td width=\"227\">B: 500~1000J\/M\u00b2<\/td>\n<\/tr>\n<tr>\n<td width=\"227\">C: 1000~1500J\/M2<\/td>\n<\/tr>\n<tr>\n<td width=\"224\">Indikation Fel<\/td>\n<td width=\"227\">A: \u00b11J\/M\u00b2 B: \u00b12J\/M\u00b2 C: \u00b15J\/M\u00b2<\/td>\n<\/tr>\n<tr>\n<td width=\"224\">Enhet<\/td>\n<td width=\"227\">lb-ft\/in\u00b2, J\/M\u00b2<\/td>\n<\/tr>\n<tr>\n<td width=\"224\">M\u00e5tt och dimensioner<\/td>\n<td width=\"227\">450m\u00d7380cm\u00d7600mm<\/td>\n<\/tr>\n<tr>\n<td width=\"224\">Kraft<\/td>\n<td width=\"227\">AC 220V 50Hz<\/td>\n<\/tr>\n<tr>\n<td width=\"224\"><\/td>\n<td width=\"227\"><\/td>\n<\/tr>\n<tr>\n<td colspan=\"2\" rowspan=\"1\" width=\"451\"><strong>Specifikation f\u00f6r provsk\u00e4rare<\/strong><\/td>\n<\/tr>\n<tr>\n<td width=\"224\">Provtagningens storlek<\/td>\n<td width=\"227\">25,4 mm * 140 mm<\/td>\n<\/tr>\n<tr>\n<td width=\"224\">Parallellitet mellan tv\u00e5 l\u00e5ngsidor<\/td>\n<td width=\"227\">\u22640,015 mm<\/td>\n<\/tr>\n<tr>\n<td width=\"224\">Provtagningstjocklek<\/td>\n<td width=\"227\">(0,05~1,2) mm<\/td>\n<\/tr>\n<tr>\n<td width=\"224\">M\u00e5tt och dimensioner<\/td>\n<td width=\"227\">Cirka 580*150*620mm<\/td>\n<\/tr>\n<tr>\n<td width=\"224\">Vikt<\/td>\n<td width=\"227\">Cirka 15 kg<\/td>\n<\/tr>\n<\/tbody>\n<\/table>\n<h2><strong>F\u00f6rdelarna med att anv\u00e4nda BGT-01 Internal Bond Tester<\/strong><\/h2>\n<ul>\n<li><strong>Noggrannhet och tillf\u00f6rlitlighet<\/strong>: Med sin h\u00f6ga precision och avancerade funktioner s\u00e4kerst\u00e4ller BGT-01 exakta och reproducerbara resultat, vilket g\u00f6r det m\u00f6jligt f\u00f6r tillverkare att uppfylla str\u00e4nga industristandarder.<\/li>\n<li><strong>\u00d6verensst\u00e4mmelse med ISO 16260<\/strong>: BGT-01 uppfyller helt och h\u00e5llet kraven i <strong>ISO 16260<\/strong>, vilket g\u00f6r den till ett viktigt verktyg f\u00f6r dem som beh\u00f6ver uppfylla internationella teststandarder.<\/li>\n<li><strong>M\u00e5ngsidig och enkel att anv\u00e4nda<\/strong>: Oavsett om det g\u00e4ller FoU, kvalitetskontroll eller produktionstestning erbjuder BGT-01 en m\u00e5ngsidig och anv\u00e4ndarv\u00e4nlig upplevelse med m\u00f6jlighet att hantera en rad olika pappers- och kartongmaterial.<\/li>\n<li><strong>F\u00f6rb\u00e4ttrad produktkvalitet<\/strong>: Genom att s\u00e4kerst\u00e4lla att materialen uppfyller kraven p\u00e5 intern bindningsstyrka bidrar BGT-01 till att f\u00f6rb\u00e4ttra kvaliteten och h\u00e5llbarheten hos papper, kartong och f\u00f6rpackningsprodukter.<\/li>\n<\/ul>\n<h2><strong>Varf\u00f6r v\u00e4lja BGT-01 Internal Bond Tester?<\/strong><\/h2>\n<ul>\n<li><strong>F\u00f6r pappers- och f\u00f6rpackningstillverkare<\/strong>: BGT-01 s\u00e4kerst\u00e4ller att materialen har den inre styrka som kr\u00e4vs f\u00f6r att motst\u00e5 snabba st\u00f6tar under hantering, bearbetning och transport. Detta \u00e4r avg\u00f6rande f\u00f6r f\u00f6rpackningsprodukter som m\u00e5ste prestera under stressiga f\u00f6rh\u00e5llanden.<\/li>\n<li><strong>F\u00f6r forskning och utveckling<\/strong>: FoU-team som arbetar med papperstillverkning eller materialvetenskap kommer att tycka att BGT-01 \u00e4r viktig f\u00f6r att noggrant m\u00e4ta den interna bindningsstyrkan hos nya pappers- och kartongformuleringar.<\/li>\n<li><strong>F\u00f6r kvalitetskontroll och kvalitetss\u00e4kring<\/strong>: Med sin anv\u00e4ndarv\u00e4nlighet, automatiserade funktioner och h\u00f6ga precision \u00e4r BGT-01 det perfekta valet f\u00f6r kvalitetskontrollaboratorier f\u00f6r att uppr\u00e4tth\u00e5lla en j\u00e4mn produktkvalitet och efterlevnad av regler.<\/li>\n<\/ul>\n<h2><strong>FAQ-avdelning<\/strong><\/h2>\n<ol>\n<li><strong>Vad \u00e4r syftet med Internal Bond Tester?<\/strong>\n<ul>\n<li>Internal Bond Tester m\u00e4ter den energi som kr\u00e4vs f\u00f6r att delaminera pappers- eller kartongprover i Z-riktningen. Den simulerar chockbelastningar och st\u00f6tar f\u00f6r att utv\u00e4rdera materialets h\u00e5llbarhet.<\/li>\n<\/ul>\n<\/li>\n<li><strong>Hur skiljer sig BGT-01 fr\u00e5n andra interna obligationstestare?<\/strong>\n<ul>\n<li>BGT-01 har automatisk pendelfrig\u00f6ring, h\u00f6g uppl\u00f6sning (0,001 lbf\/in\u00b2), sj\u00e4lvkalibrering och ett peksk\u00e4rmsgr\u00e4nssnitt i f\u00e4rg. Dessa funktioner s\u00e4kerst\u00e4ller precision, tillf\u00f6rlitlighet och anv\u00e4ndarv\u00e4nlighet.<\/li>\n<\/ul>\n<\/li>\n<li><strong>\u00c4r BGT-01 f\u00f6renlig med internationella standarder?<\/strong>\n<ul>\n<li>Ja, BGT-01 \u00f6verensst\u00e4mmer med <strong>ISO 16260<\/strong>, TAPPI T569 och andra branschstandarder, vilket s\u00e4kerst\u00e4ller att den uppfyller de kvalitets- och prestandakriterier som kr\u00e4vs f\u00f6r olika branscher.<\/li>\n<\/ul>\n<\/li>\n<li><strong>Kan jag anv\u00e4nda BGT-01 f\u00f6r att testa belagda eller laminerade material?<\/strong>\n<ul>\n<li>Ja, BGT-01 \u00e4r l\u00e4mplig f\u00f6r provning av en m\u00e4ngd olika pappers- och kartongmaterial, inklusive bestrukna och laminerade produkter som syntetiska polymerfilmer.<\/li>\n<\/ul>\n<\/li>\n<li><strong>Har BGT-01 programvara f\u00f6r dataanalys?<\/strong>\n<ul>\n<li>Ja, BGT-01 kan anslutas till valfri datorprogramvara, vilket m\u00f6jligg\u00f6r detaljerad databehandling, analys och rapportgenerering, perfekt f\u00f6r kvalitetskontroll eller forsknings\u00e4ndam\u00e5l.<\/li>\n<\/ul>\n<\/li>\n<\/ol>","protected":false},"excerpt":{"rendered":"<p>Den <strong>BGT-01 Tester f\u00f6r intern bindning<\/strong> \u00e4r ett avancerat instrument som \u00e4r utformat f\u00f6r att m\u00e4ta den energi som kr\u00e4vs f\u00f6r att snabbt delaminera ett pappers- eller kartongprov i <strong>Z-riktning<\/strong>. Detta test simulerar de snabba st\u00f6tar och chockbelastningar som pappers- och kartongprodukter kan uts\u00e4ttas f\u00f6r under processer som tryckning eller konvertering. Testet <strong>Tester f\u00f6r intern bindning<\/strong> anv\u00e4nder en pendel med en definierad massa och hastighet f\u00f6r att initiera brott, vilket g\u00f6r den till ett idealiskt verktyg f\u00f6r att bed\u00f6ma materialets motst\u00e5ndskraft mot inre sp\u00e4nningar.<\/p>","protected":false},"featured_media":6170,"comment_status":"closed","ping_status":"closed","template":"","meta":{"site-sidebar-layout":"default","site-content-layout":"default","ast-global-header-display":"","ast-main-header-display":"","ast-hfb-above-header-display":"","ast-hfb-below-header-display":"","ast-hfb-mobile-header-display":"","site-post-title":"","ast-breadcrumbs-content":"","ast-featured-img":"","footer-sml-layout":"","theme-transparent-header-meta":"default","adv-header-id-meta":"","stick-header-meta":"","header-above-stick-meta":"","header-main-stick-meta":"","header-below-stick-meta":""},"product_cat":[845,1076,1140,44,95],"product_tag":[],"class_list":{"0":"post-5242","1":"product","2":"type-product","3":"status-publish","4":"has-post-thumbnail","6":"product_cat-customization","7":"product_cat-iso-16260","8":"product_cat-tappi-t569","9":"product_cat-paper-and-board-testers","10":"product_cat-products","11":"desktop-align-left","12":"tablet-align-left","13":"mobile-align-left","15":"first","16":"instock","17":"shipping-taxable","18":"product-type-simple"},"_links":{"self":[{"href":"https:\/\/www.qualitester.com\/sv\/wp-json\/wp\/v2\/product\/5242","targetHints":{"allow":["GET"]}}],"collection":[{"href":"https:\/\/www.qualitester.com\/sv\/wp-json\/wp\/v2\/product"}],"about":[{"href":"https:\/\/www.qualitester.com\/sv\/wp-json\/wp\/v2\/types\/product"}],"replies":[{"embeddable":true,"href":"https:\/\/www.qualitester.com\/sv\/wp-json\/wp\/v2\/comments?post=5242"}],"version-history":[{"count":0,"href":"https:\/\/www.qualitester.com\/sv\/wp-json\/wp\/v2\/product\/5242\/revisions"}],"wp:featuredmedia":[{"embeddable":true,"href":"https:\/\/www.qualitester.com\/sv\/wp-json\/wp\/v2\/media\/6170"}],"wp:attachment":[{"href":"https:\/\/www.qualitester.com\/sv\/wp-json\/wp\/v2\/media?parent=5242"}],"wp:term":[{"taxonomy":"product_cat","embeddable":true,"href":"https:\/\/www.qualitester.com\/sv\/wp-json\/wp\/v2\/product_cat?post=5242"},{"taxonomy":"product_tag","embeddable":true,"href":"https:\/\/www.qualitester.com\/sv\/wp-json\/wp\/v2\/product_tag?post=5242"}],"curies":[{"name":"wp","href":"https:\/\/api.w.org\/{rel}","templated":true}]}}