{"id":5240,"date":"2024-11-06T11:49:22","date_gmt":"2024-11-06T03:49:22","guid":{"rendered":"https:\/\/www.qualitester.com\/?post_type=product&#038;p=5240"},"modified":"2024-12-05T09:48:42","modified_gmt":"2024-12-05T01:48:42","slug":"sale-freeness-degree-tester-for-paper-pulp","status":"publish","type":"product","link":"https:\/\/www.qualitester.com\/sv\/produkt-2\/sale-freeness-degree-tester-for-paper-pulp\/","title":{"rendered":"DJD Beating och Freeness Tester"},"content":{"rendered":"<h2><strong>Introduktion till tester av slag- och friskhetsgrad f\u00f6r pappersmassa<\/strong><\/h2>\n<p>Den <em>Slag- och frihetsgradstestare f\u00f6r pappersmassa<\/em> \u00e4r ett h\u00f6gspecialiserat instrument som \u00e4r utformat f\u00f6r att bed\u00f6ma dr\u00e4neringsf\u00f6rm\u00e5gan hos massasuspensioner i vatten, vilket ger viktiga insikter i massafibrernas fysiska egenskaper. Testet m\u00e4ter Schopper-Riegler (SR)-talet, en nyckelparameter som anv\u00e4nds f\u00f6r att utv\u00e4rdera massans dr\u00e4neringsegenskaper. Detta test korrelerar direkt med fiberytans tillst\u00e5nd, sv\u00e4llning och graden av mekanisk behandling som massan har genomg\u00e5tt, vilket ger tillverkare, forskare och kvalitetskontrollaboratorier viktig information f\u00f6r att optimera papperstillverkningsprocessen. Beating and Freeness Degree Tester anv\u00e4nds ofta inom industrier som sysslar med pappersproduktion, kvalitetss\u00e4kring och massa-forskning.<\/p>\n<h2><strong>Vad \u00e4r Schopper-Riegler-testet (SR-testet)?<\/strong><\/h2>\n<p>Schopper-Riegler-testet anv\u00e4nds f\u00f6r att best\u00e4mma hur snabbt en utsp\u00e4dd massasuspension avvattnas, vilket m\u00e4ts med Schopper-Riegler (SR)-talet. Detta test utv\u00e4rderar massans dr\u00e4neringskapacitet, vilket \u00e4r avg\u00f6rande f\u00f6r att f\u00f6rst\u00e5 fiberegenskaper som ytarea och sv\u00e4llning. Dessa egenskaper p\u00e5verkas av den mekaniska behandling som massan har utsatts f\u00f6r under produktionen. SR-talet \u00e4r ett v\u00e4rdefullt index f\u00f6r att m\u00e4ta massakvaliteten och \u00e4r viktigt f\u00f6r att s\u00e4kerst\u00e4lla enhetlighet i papperstillverkningsprocessen.<\/p>\n<h2>Huvudparameter<\/h2>\n<table>\n<tbody>\n<tr>\n<td colspan=\"2\" rowspan=\"1\" width=\"748\"><strong>DJD-01<\/strong><\/td>\n<\/tr>\n<tr>\n<td width=\"269\">M\u00e4tomr\u00e5de<\/td>\n<td width=\"479\">1~100 SR<\/td>\n<\/tr>\n<tr>\n<td width=\"269\">Divisionsv\u00e4rde f\u00f6r m\u00e4tcylinder<\/td>\n<td width=\"479\">1 SR<\/td>\n<\/tr>\n<tr>\n<td width=\"269\">Orifice Dr\u00e4neringstid<\/td>\n<td width=\"479\">149\u00b11s<\/td>\n<\/tr>\n<tr>\n<td width=\"269\">\u00c5terst\u00e5ende volym<\/td>\n<td width=\"479\">(7,5~8,0)ml<\/td>\n<\/tr>\n<tr>\n<td width=\"269\">T\u00e4tningskonens upph\u00f6jningshastighet<\/td>\n<td width=\"479\">100\u00b110mm\/s<\/td>\n<\/tr>\n<tr>\n<td width=\"269\">Dimension<\/td>\n<td width=\"479\">450*250*1200mm<\/td>\n<\/tr>\n<tr>\n<td colspan=\"2\" rowspan=\"1\" width=\"748\"><strong>DJD-02<\/strong><\/td>\n<\/tr>\n<tr>\n<td width=\"269\">M\u00e4tomr\u00e5de<\/td>\n<td width=\"479\">1~100 SR<\/td>\n<\/tr>\n<tr>\n<td width=\"269\">Drift<\/td>\n<td width=\"479\">Automatisk utl\u00f6sning<\/td>\n<\/tr>\n<tr>\n<td width=\"269\">Justering av t\u00e4tning<\/td>\n<td width=\"479\">Bilf\u00f6rsegling<\/td>\n<\/tr>\n<tr>\n<td width=\"269\">Justering av sidoorientering<\/td>\n<td width=\"479\">Utrustad med justeringsknapp, slumpm\u00e4ssig inst\u00e4llning av restvolym<\/td>\n<\/tr>\n<tr>\n<td width=\"269\">Orifice Dr\u00e4neringstid<\/td>\n<td width=\"479\">149\u00b11s<\/td>\n<\/tr>\n<tr>\n<td width=\"269\">\u00c5terst\u00e5ende volym<\/td>\n<td width=\"479\">(7,5~8,0)ml<\/td>\n<\/tr>\n<tr>\n<td width=\"269\">T\u00e4tningskonens upph\u00f6jningshastighet<\/td>\n<td width=\"479\">100\u00b110mm\/s<\/td>\n<\/tr>\n<tr>\n<td width=\"269\">Dimension<\/td>\n<td width=\"479\">410*360*760 mm<\/td>\n<\/tr>\n<tr>\n<td colspan=\"2\" rowspan=\"1\" width=\"748\"><strong>DJD-03<\/strong><\/td>\n<\/tr>\n<tr>\n<td width=\"269\">M\u00e4tomr\u00e5de<\/td>\n<td width=\"479\">1~100 SR<\/td>\n<\/tr>\n<tr>\n<td width=\"269\">Display<\/td>\n<td width=\"479\">Digital analys av dr\u00e4neringskurvor<\/td>\n<\/tr>\n<tr>\n<td width=\"269\">Uppl\u00f6sning<\/td>\n<td width=\"479\">0,1 SR<\/td>\n<\/tr>\n<tr>\n<td width=\"269\">Drift<\/td>\n<td width=\"479\">Automatisk utl\u00f6sning<\/td>\n<\/tr>\n<tr>\n<td width=\"269\">Justering av t\u00e4tning<\/td>\n<td width=\"479\">Bilf\u00f6rsegling<\/td>\n<\/tr>\n<tr>\n<td width=\"269\">Justering av sidoorientering<\/td>\n<td width=\"479\">Utrustad med justeringsknapp, slumpm\u00e4ssig inst\u00e4llning av restvolym<\/td>\n<\/tr>\n<tr>\n<td width=\"269\">Orifice Dr\u00e4neringstid<\/td>\n<td width=\"479\">149\u00b11s<\/td>\n<\/tr>\n<tr>\n<td width=\"269\">\u00c5terst\u00e5ende volym<\/td>\n<td width=\"479\">(7,5~8,0)ml<\/td>\n<\/tr>\n<tr>\n<td width=\"269\">T\u00e4tningskonens upph\u00f6jningshastighet<\/td>\n<td width=\"479\">100\u00b110mm\/s<\/td>\n<\/tr>\n<tr>\n<td width=\"269\">Dimension<\/td>\n<td width=\"479\">410*360*760 mm<\/td>\n<\/tr>\n<\/tbody>\n<\/table>\n<h2><strong>Testmetodik: S\u00e5 h\u00e4r fungerar testverktyget Beating and Freeness Degree Tester<\/strong><\/h2>\n<h3><strong>Testprocess och installation av utrustning<\/strong><\/h3>\n<ol>\n<li><strong>Beredning av massasuspension:<\/strong> En f\u00f6rdefinierad m\u00e4ngd massa blandas med vatten f\u00f6r att skapa en massasuspension. Suspensionen b\u00f6r vara homogen f\u00f6r att s\u00e4kerst\u00e4lla korrekta och tillf\u00f6rlitliga resultat under testningen.<\/li>\n<li><strong>Filtreringsprocess:<\/strong> Massasuspensionen dr\u00e4neras sedan genom en fibermatta som bildas p\u00e5 en tr\u00e5dscreen i testaren. Den hastighet med vilken vattnet filtreras styrs f\u00f6r att f\u00e5nga upp dr\u00e4neringstiden, som direkt motsvarar massans avvattningsbeteende.<\/li>\n<li><strong>M\u00e4tning av urladdningen:<\/strong> N\u00e4r vattnet passerar genom tr\u00e5dsilen samlas det upp i en tratt som \u00e4r ansluten till en m\u00e4tcylinder. M\u00e4ngden vatten som rinner ut m\u00e4ts noggrant och registreras i milliliter, och resultaten omvandlas sedan till Schopper-Riegler-tal, som anger massans dr\u00e4neringshastighet.<\/li>\n<li><strong>Tolkning av resultaten:<\/strong> Schopper-Riegler-talet \u00e5terspeglar massans dr\u00e4neringsf\u00f6rm\u00e5ga, vilket i sin tur hj\u00e4lper till att utv\u00e4rdera niv\u00e5n p\u00e5 den mekaniska behandling som massan har genomg\u00e5tt. Ett h\u00f6gre SR-tal indikerar i allm\u00e4nhet b\u00e4ttre dr\u00e4nering, vilket tyder p\u00e5 att massan har utsatts f\u00f6r finare bearbetning. Detta \u00e4r avg\u00f6rande f\u00f6r att kunna justera massans egenskaper under produktionen.<\/li>\n<\/ol>\n<h2><strong>Standarder och efterlevnad f\u00f6r test av slag- och frihetsgrader<\/strong><\/h2>\n<h3><strong><a href=\"https:\/\/www.iso.org\/standard\/20129.html\" target=\"_blank\" rel=\"noopener nofollow\">ISO 5627<\/a>: Internationell standard f\u00f6r provning av pappersmassa<\/strong><\/h3>\n<p>Den <em>Slag- och frihetsgradstestare f\u00f6r pappersmassa<\/em> \u00f6verensst\u00e4mmer med <a href=\"https:\/\/www.qualitester.com\/sv\/produkt-kategori\/iso\/iso-5627\/\" target=\"_blank\" rel=\"noopener\">ISO 5627<\/a> standarden, som anger metoderna f\u00f6r att best\u00e4mma massans friskhet, vilket ger ett standardiserat tillv\u00e4gag\u00e5ngss\u00e4tt f\u00f6r att bed\u00f6ma massans dr\u00e4neringsegenskaper. Denna internationella standard s\u00e4kerst\u00e4ller konsekvens och noggrannhet i testningen, vilket g\u00f6r det m\u00f6jligt f\u00f6r laboratorier och tillverkare att f\u00e5 tillf\u00f6rlitliga resultat f\u00f6r pappersproduktion.<\/p>\n<h3><strong>Andra relevanta standarder<\/strong><\/h3>\n<ul>\n<li><strong>GB\/T 3332:<\/strong> Denna kinesiska standard ger liknande riktlinjer som ISO 5627 f\u00f6r utv\u00e4rdering av massans renhet och s\u00e4kerst\u00e4ller efterlevnad av nationella kvalitetskontrollkrav inom massa- och pappersindustrin.<\/li>\n<li><strong>QB\/T 1054:<\/strong> Denna standard beskriver specifika metoder f\u00f6r massatestning i Kina, vilket s\u00e4kerst\u00e4ller enhetlighet i utv\u00e4rderingen av massakvaliteten f\u00f6r pappersindustrin.<\/li>\n<\/ul>\n<h2><strong>F\u00f6rdelar med tester av slag- och friskhetsgrad f\u00f6r pappersmassa<\/strong><\/h2>\n<p>Den <em>Slag- och frihetsgradstestare f\u00f6r pappersmassa<\/em> \u00e4r en h\u00f6gpresterande, l\u00e4ttanv\u00e4nd enhet med flera viktiga f\u00f6rdelar:<\/p>\n<ul>\n<li><strong>Icke-korrosiv konstruktion:<\/strong> Tillverkad av h\u00e5llbara material som \u00e4r motst\u00e5ndskraftiga mot korrosion, vilket garanterar l\u00e5ngvarig drift i testmilj\u00f6er.<\/li>\n<li><strong>L\u00e5gt underh\u00e5ll:<\/strong> Tack vare sin enkla konstruktion kr\u00e4ver testaren minimalt underh\u00e5ll, vilket minskar driftstopp och kostnader.<\/li>\n<li><strong>Rostfritt st\u00e5l Design:<\/strong> Testaren \u00e4r tillverkad av h\u00f6gkvalitativt rostfritt st\u00e5l och \u00e4r robust och motst\u00e5ndskraftig mot slitage, vilket ger tillf\u00f6rlitlig prestanda \u00f6ver tid.<\/li>\n<li><strong>Anv\u00e4ndarv\u00e4nlig:<\/strong> Instrumentet \u00e4r utformat f\u00f6r att vara intuitivt och enkelt att anv\u00e4nda, vilket m\u00f6jligg\u00f6r snabb installation och exakta testresultat med minimalt behov av utbildning.<\/li>\n<li><strong>Exakta resultat:<\/strong> Ger exakta Schopper-Riegler-tal, vilket s\u00e4kerst\u00e4ller noggrannhet och konsekvens i massatestningen, som \u00e4r avg\u00f6rande f\u00f6r kvalitetskontrollen i pappersproduktionen.<\/li>\n<\/ul>\n<h2><strong>Papperstestmaskinernas roll vid utv\u00e4rdering av pappersmassa<\/strong><\/h2>\n<h3><strong>\u00d6versikt \u00f6ver testmaskiner f\u00f6r papper<\/strong><\/h3>\n<p>Papperstestmaskiner, inklusive Beating and Freeness Degree Tester, spelar en viktig roll inom massa- och pappersindustrin. Dessa maskiner m\u00e4ter massans kritiska egenskaper, t.ex. dr\u00e4neringshastighet, styrka och fiberegenskaper, och hj\u00e4lper tillverkarna att s\u00e4kerst\u00e4lla att massan uppfyller kvalitetsstandarderna. Den <em>Testare av slag- och frihetsgrad<\/em> fokuserar s\u00e4rskilt p\u00e5 att bed\u00f6ma massans avvattningskapacitet, vilket ger v\u00e4rdefulla data f\u00f6r optimering av pappersproduktionsprocesser.<\/p>\n<h3><strong>Anv\u00e4ndningsomr\u00e5den f\u00f6r Beating and Freeness Degree Testers<\/strong><\/h3>\n<ul>\n<li><strong>Papperstillverkning:<\/strong> Testaren s\u00e4kerst\u00e4ller att massan uppfyller specifika dr\u00e4nerings- och fiberegenskaper som kr\u00e4vs f\u00f6r att producera h\u00f6gkvalitativa pappersprodukter.<\/li>\n<li><strong>Kvalitetskontroll:<\/strong> Det \u00e4r ett viktigt verktyg f\u00f6r kvalitetss\u00e4kringsteam f\u00f6r att \u00f6vervaka massans konsistens och utv\u00e4rdera effektiviteten hos de mekaniska behandlingar som anv\u00e4nds under produktionen.<\/li>\n<li><strong>Forskning och utveckling:<\/strong> Testaren st\u00f6der forskning och utveckling genom att ge insikter om hur olika mekaniska processer p\u00e5verkar massans egenskaper och dr\u00e4nering.<\/li>\n<\/ul>\n<h3><strong>Vanliga fr\u00e5gor och svar: Slag- och friskhetsgradstest f\u00f6r pappersmassa<\/strong><\/h3>\n<ol>\n<li><strong>Vad \u00e4r Schopper-Riegler-talet och hur \u00e4r det relaterat till massakvalitet?<\/strong>\n<ul>\n<li>Schopper-Riegler-talet m\u00e4ter massans dr\u00e4neringshastighet, vilket \u00e5terspeglar fibrernas ytarea och svullnad. Ett h\u00f6gre SR-tal indikerar b\u00e4ttre massakvalitet med mer effektiva dr\u00e4neringsegenskaper.<\/li>\n<\/ul>\n<\/li>\n<li><strong>Hur f\u00f6rbereder jag massaprovet f\u00f6r testet?<\/strong>\n<ul>\n<li>En f\u00f6rdefinierad m\u00e4ngd massa suspenderas i vatten, vilket s\u00e4kerst\u00e4ller att suspensionen \u00e4r homogen f\u00f6re testning f\u00f6r att uppn\u00e5 konsekventa resultat.<\/li>\n<\/ul>\n<\/li>\n<li><strong>Vilka standarder anv\u00e4nds f\u00f6r Beating- och Freeness-test?<\/strong>\n<ul>\n<li>Den prim\u00e4ra standarden \u00e4r ISO 5627, tillsammans med nationella standarder som GB\/T 3332 och QB\/T 1054, vilket s\u00e4kerst\u00e4ller enhetlighet mellan internationella och nationella protokoll f\u00f6r kvalitetskontroll.<\/li>\n<\/ul>\n<\/li>\n<li><strong>Hur kan Beating and Freeness Degree Tester vara till hj\u00e4lp vid papperstillverkning?<\/strong>\n<ul>\n<li>Den hj\u00e4lper till att utv\u00e4rdera massans avvattningsegenskaper, vilket \u00e4r avg\u00f6rande f\u00f6r att best\u00e4mma kvaliteten och bearbetningen av massan f\u00f6r pappersproduktion.<\/li>\n<\/ul>\n<\/li>\n<li><strong>Vilket underh\u00e5ll kr\u00e4vs f\u00f6r Beating and Freeness Degree Tester?<\/strong>\n<ul>\n<li>Testaren kr\u00e4ver minimalt underh\u00e5ll. Regelbunden reng\u00f6ring av kammaren och komponenterna rekommenderas f\u00f6r att f\u00f6rhindra ansamling av massarester och s\u00e4kerst\u00e4lla korrekta och konsekventa resultat.<\/li>\n<\/ul>\n<\/li>\n<\/ol>\n<p>Den <em>Slag- och frihetsgradstestare f\u00f6r pappersmassa<\/em> \u00e4r ett oumb\u00e4rligt verktyg f\u00f6r att utv\u00e4rdera massans kvalitet och egenskaper under papperstillverkningen. Genom att noggrant m\u00e4ta massans dr\u00e4neringskapacitet med Schopper-Riegler-testet hj\u00e4lper detta instrument papperstillverkare att optimera sina produktionsprocesser, s\u00e4kerst\u00e4lla produktkonsistens och uppr\u00e4tth\u00e5lla h\u00f6ga standarder f\u00f6r kvalitetskontroll. Oavsett om du arbetar p\u00e5 ett pappersbruk, en forskningsanl\u00e4ggning eller ett kvalitetskontrollaboratorium \u00e4r detta testinstrument utformat f\u00f6r att leverera tillf\u00f6rlitliga resultat f\u00f6r massabed\u00f6mning.<\/p>\n<div class=\"jfk-bubble gtx-bubble\" style=\"visibility: visible; left: 161px; top: 1713px; opacity: 1;\" role=\"alertdialog\" aria-describedby=\"bubble-5\">\n<div id=\"bubble-5\" class=\"jfk-bubble-content-id\">\n<div id=\"gtx-host\" style=\"min-width: 200px; max-width: 400px;\"><\/div>\n<\/div>\n<div class=\"jfk-bubble-closebtn-id jfk-bubble-closebtn\" tabindex=\"0\" role=\"button\" aria-label=\"N\u00e4ra\"><\/div>\n<div class=\"jfk-bubble-arrow-id jfk-bubble-arrow jfk-bubble-arrowdown\" style=\"left: 176.422px;\">\n<div class=\"jfk-bubble-arrowimplbefore\"><\/div>\n<div class=\"jfk-bubble-arrowimplafter\"><\/div>\n<\/div>\n<\/div>","protected":false},"excerpt":{"rendered":"<p>Den <em>Slag- och frihetsgradstestare f\u00f6r pappersmassa<\/em> \u00e4r ett oumb\u00e4rligt verktyg f\u00f6r att utv\u00e4rdera massans kvalitet och egenskaper under papperstillverkningen. Genom att noggrant m\u00e4ta massans dr\u00e4neringskapacitet med Schopper-Riegler-testet hj\u00e4lper detta instrument papperstillverkare att optimera sina produktionsprocesser, s\u00e4kerst\u00e4lla produktkonsistens och uppr\u00e4tth\u00e5lla h\u00f6ga standarder f\u00f6r kvalitetskontroll. Oavsett om du arbetar p\u00e5 ett pappersbruk, en forskningsanl\u00e4ggning eller ett kvalitetskontrollaboratorium \u00e4r detta testinstrument utformat f\u00f6r att leverera tillf\u00f6rlitliga resultat f\u00f6r massabed\u00f6mning.<\/p>","protected":false},"featured_media":6164,"comment_status":"closed","ping_status":"closed","template":"","meta":{"site-sidebar-layout":"default","site-content-layout":"default","ast-global-header-display":"","ast-main-header-display":"","ast-hfb-above-header-display":"","ast-hfb-below-header-display":"","ast-hfb-mobile-header-display":"","site-post-title":"","ast-breadcrumbs-content":"","ast-featured-img":"","footer-sml-layout":"","theme-transparent-header-meta":"default","adv-header-id-meta":"","stick-header-meta":"","header-above-stick-meta":"","header-main-stick-meta":"","header-below-stick-meta":""},"product_cat":[845,956,955,1139,1138,959,44,95],"product_tag":[],"class_list":{"0":"post-5240","1":"product","2":"type-product","3":"status-publish","4":"has-post-thumbnail","6":"product_cat-customization","7":"product_cat-cobb-tester","8":"product_cat-crush-tester","9":"product_cat-gb-t-3332","10":"product_cat-iso-5627","11":"product_cat-stiffness-tester","12":"product_cat-paper-and-board-testers","13":"product_cat-products","14":"desktop-align-left","15":"tablet-align-left","16":"mobile-align-left","18":"first","19":"instock","20":"shipping-taxable","21":"product-type-simple"},"_links":{"self":[{"href":"https:\/\/www.qualitester.com\/sv\/wp-json\/wp\/v2\/product\/5240","targetHints":{"allow":["GET"]}}],"collection":[{"href":"https:\/\/www.qualitester.com\/sv\/wp-json\/wp\/v2\/product"}],"about":[{"href":"https:\/\/www.qualitester.com\/sv\/wp-json\/wp\/v2\/types\/product"}],"replies":[{"embeddable":true,"href":"https:\/\/www.qualitester.com\/sv\/wp-json\/wp\/v2\/comments?post=5240"}],"version-history":[{"count":0,"href":"https:\/\/www.qualitester.com\/sv\/wp-json\/wp\/v2\/product\/5240\/revisions"}],"wp:featuredmedia":[{"embeddable":true,"href":"https:\/\/www.qualitester.com\/sv\/wp-json\/wp\/v2\/media\/6164"}],"wp:attachment":[{"href":"https:\/\/www.qualitester.com\/sv\/wp-json\/wp\/v2\/media?parent=5240"}],"wp:term":[{"taxonomy":"product_cat","embeddable":true,"href":"https:\/\/www.qualitester.com\/sv\/wp-json\/wp\/v2\/product_cat?post=5240"},{"taxonomy":"product_tag","embeddable":true,"href":"https:\/\/www.qualitester.com\/sv\/wp-json\/wp\/v2\/product_tag?post=5240"}],"curies":[{"name":"wp","href":"https:\/\/api.w.org\/{rel}","templated":true}]}}