{"id":5204,"date":"2024-11-05T11:37:42","date_gmt":"2024-11-05T03:37:42","guid":{"rendered":"https:\/\/www.qualitester.com\/?post_type=product&#038;p=5204"},"modified":"2024-12-05T13:32:19","modified_gmt":"2024-12-05T05:32:19","slug":"sale-automated-torque-tester-astm","status":"publish","type":"product","link":"https:\/\/www.qualitester.com\/sv\/produkt-2\/sale-automated-torque-tester-astm\/","title":{"rendered":"MCT-01L Automatiserad vridmomentsprovare"},"content":{"rendered":"<h2>Introduktion till den automatiserade vridmomentprovaren<\/h2>\n<p>Den <strong>Automatiserad vridmomentsprovare<\/strong> \u00e4r ett viktigt instrument f\u00f6r att utv\u00e4rdera \u00f6ppnings- och l\u00e5skrafterna hos kapsyler p\u00e5 olika beh\u00e5llare, inklusive medicinflaskor, PET-flaskor, pipp\u00e5sar och flexibla slangar. Testaren s\u00e4kerst\u00e4ller att kapsylerna h\u00e5ller t\u00e4tt samtidigt som de \u00e4r l\u00e4tta att \u00f6ppna f\u00f6r konsumenterna, vilket optimerar produkts\u00e4kerheten, kvaliteten och anv\u00e4ndbarheten. Med sin avancerade automatisering och precision spelar Automated Torque Tester en avg\u00f6rande roll f\u00f6r kvalitetskontrollen inom branscher som f\u00f6rpackningar, l\u00e4kemedel, livsmedel och kosmetika.<\/p>\n<h2>Viktiga anv\u00e4ndningsomr\u00e5den f\u00f6r den automatiserade vridmomentprovaren<\/h2>\n<p>Den automatiserade vridmomentprovaren \u00e4r allm\u00e4nt anv\u00e4ndbar inom:<\/p>\n<ul>\n<li><strong>F\u00f6rpackning<\/strong>: S\u00e4kerst\u00e4lla att kapsylerna f\u00f6rblir f\u00f6rseglade under transport men l\u00e4tt kan \u00f6ppnas av konsumenten.<\/li>\n<li><strong>L\u00e4kemedel<\/strong>: Testning av barns\u00e4kra lock och s\u00e4kerhetsf\u00f6rslutningar f\u00f6r att uppfylla s\u00e4kerhetsstandarder.<\/li>\n<li><strong>Mat och dryck<\/strong>: Verifiering av kapsylens integritet p\u00e5 PET-flaskor och andra flasktyper f\u00f6r att f\u00f6rhindra l\u00e4ckage och kontaminering.<\/li>\n<li><strong>Kosmetika och dagliga kemikalier<\/strong>: Test av kapsylens f\u00f6rslutningsstyrka f\u00f6r att f\u00f6rb\u00e4ttra produktens livsl\u00e4ngd och anv\u00e4ndarv\u00e4nlighet.<\/li>\n<\/ul>\n<h2>Test av vridmoment f\u00f6r kapsyler Relevanta standarder<\/h2>\n<p>Den <strong>Automatiserad vridmomentsprovare<\/strong> f\u00f6ljer flera viktiga branschstandarder, vilket s\u00e4kerst\u00e4ller omfattande testning och efterlevnad inom olika f\u00f6rpackningssektorer. F\u00f6ljande standarder \u00e4r en integrerad del av testprocessen:<\/p>\n<ul>\n<li><a href=\"https:\/\/www.astm.org\/d2063_d2063m-10r18.html\" target=\"_blank\" rel=\"noopener nofollow\"><strong>ASTM D2063<\/strong><\/a>: Denna standard fokuserar p\u00e5 m\u00e4tning av \u00f6ppnings- och st\u00e4ngningsmoment f\u00f6r plastf\u00f6rslutningar, s\u00e4rskilt f\u00f6r f\u00f6rpackningstill\u00e4mpningar. Den \u00e4r viktig f\u00f6r att best\u00e4mma de vridmoment som kr\u00e4vs f\u00f6r s\u00e4kra men l\u00e4tt\u00f6ppnade lock, vilket garanterar b\u00e5de konsumenternas bekv\u00e4mlighet och s\u00e4kerhet.<\/li>\n<li><a href=\"https:\/\/www.astm.org\/d3198-97r02.html\" target=\"_blank\" rel=\"noopener nofollow\"><strong>ASTM D3198<\/strong><\/a>: Denna standard specificerar provningsmetoderna f\u00f6r vridmomentm\u00e4tning p\u00e5 barns\u00e4kra f\u00f6rslutningar. Det \u00e4r avg\u00f6rande f\u00f6r att utv\u00e4rdera manipuleringss\u00e4kra f\u00f6rpackningar och s\u00e4kerst\u00e4lla att f\u00f6rslutningar uppfyller lagstadgade s\u00e4kerhetsstandarder f\u00f6r l\u00e4kemedel, kemikalier och andra k\u00e4nsliga produkter.<\/li>\n<li><a href=\"https:\/\/www.astm.org\/d3474-90r18.html\" target=\"_blank\" rel=\"noopener nofollow\"><strong>ASTM D3474<\/strong><\/a>: Denna standard behandlar vridmomentprovning av f\u00f6rslutningar p\u00e5 flexibla beh\u00e5llare, t.ex. p\u00e5sar med pip. Den s\u00e4kerst\u00e4ller f\u00f6rslutningarnas prestanda under b\u00e5de \u00f6ppnings- och t\u00e4tningsf\u00f6rh\u00e5llanden, vilket uppr\u00e4tth\u00e5ller produktintegriteten genom hela leveranskedjan.<\/li>\n<li><a href=\"https:\/\/std.samr.gov.cn\/gb\/search\/gbDetailed?id=71F772D7F88CD3A7E05397BE0A0AB82A\" target=\"_blank\" rel=\"noopener nofollow\"><strong>GB\/T 17876<\/strong><\/a>: En kinesisk standard som ger riktlinjer f\u00f6r provning av vridmomentet hos f\u00f6rslutningar p\u00e5 flaskor och beh\u00e5llare. Den \u00f6verensst\u00e4mmer med internationella metoder f\u00f6r att m\u00e4ta styrkan och tillf\u00f6rlitligheten hos f\u00f6rpackningsf\u00f6rslutningar under olika f\u00f6rh\u00e5llanden.<\/li>\n<li><a href=\"https:\/\/std.samr.gov.cn\/hb\/search\/stdHBDetailed?id=8B1827F18F69BB19E05397BE0A0AB44A\" target=\"_blank\" rel=\"noopener nofollow\"><strong>BB\/T 0025<\/strong><\/a>: Denna kinesiska standard specificerar metoder f\u00f6r att utv\u00e4rdera prestandan hos beh\u00e5llarf\u00f6rslutningar under olika t\u00e4tnings- och \u00f6ppningsf\u00f6rh\u00e5llanden, vilket s\u00e4kerst\u00e4ller att locken \u00e4r b\u00e5de s\u00e4kra och anv\u00e4ndarv\u00e4nliga.<\/li>\n<li><a href=\"https:\/\/std.samr.gov.cn\/hb\/search\/stdHBDetailed?id=8B1827F24CD5BB19E05397BE0A0AB44A\" target=\"_blank\" rel=\"noopener nofollow\"><strong>BB\/T 0034<\/strong><\/a>: Denna standard \u00e4r en annan kinesisk standard som fokuserar p\u00e5 vridmomentmotst\u00e5ndet hos s\u00e4kerhetsf\u00f6rslutningar och s\u00e4kerst\u00e4ller att f\u00f6rpackningar uppfyller s\u00e4kerhets- och myndighetskrav f\u00f6r produktintegritet och konsumentskydd.<\/li>\n<\/ul>\n<h2>Testprocess f\u00f6r den automatiserade vridmomentprovaren<\/h2>\n<p>Automated Torque Tester erbjuder en enkel, automatiserad process f\u00f6r exakta och repeterbara resultat:<\/p>\n<ol>\n<li><strong>Lastning av provexemplaret<\/strong>: Provflaskan eller beh\u00e5llaren placeras i systemet, d\u00e4r b\u00e5de locket och flaskan h\u00e5lls s\u00e4kert p\u00e5 plats av pneumatiska kl\u00e4mmor.<\/li>\n<li><strong>Fastsp\u00e4nning<\/strong>: Genom att trycka p\u00e5 CLAMP-knappen kopplas de pneumatiska kl\u00e4mmorna automatiskt in och f\u00e4ster locket och flaskan p\u00e5 plats f\u00f6r testning.<\/li>\n<li><strong>Testning<\/strong>: N\u00e4r du trycker p\u00e5 TEST-knappen b\u00f6rjar den nedre kl\u00e4mman att rotera, vilket antingen \u00f6ppnar eller st\u00e4nger locket, beroende p\u00e5 testets krav.<\/li>\n<li><strong>M\u00e4tning av vridmoment<\/strong>: Under rotationen registrerar systemet exakt vridmoment- och kraftdata, vilket ger insikt i b\u00e5de topp- och medelv\u00e4rden.<\/li>\n<\/ol>\n<p>Denna process m\u00f6jligg\u00f6r en snabb analys av kapselns prestanda och s\u00e4kerst\u00e4ller att det vridmoment som appliceras vid f\u00f6rsegling eller \u00f6ppning \u00f6verensst\u00e4mmer med produktspecifikationerna f\u00f6r kvalitet och anv\u00e4ndbarhet.<\/p>\n<h2>Tekniska egenskaper och f\u00f6rdelar<\/h2>\n<p>Automated Torque Testers h\u00f6gpresterande funktioner g\u00f6r den till en tillf\u00f6rlitlig l\u00f6sning f\u00f6r kvalitetskontroll:<\/p>\n<ul>\n<li><strong>PLC-kontrollerad drift med HMI-peksk\u00e4rm<\/strong>: Denna testare \u00e4r utrustad med ett anv\u00e4ndarv\u00e4nligt gr\u00e4nssnitt och garanterar repeterbar noggrannhet och konsekventa resultat, perfekt f\u00f6r milj\u00f6er med h\u00f6g genomstr\u00f6mning.<\/li>\n<li><strong>Automatiserad fastsp\u00e4nning och rotation<\/strong>: Testarens automatiska fastsp\u00e4nnings- och rotationsfunktioner simulerar produktionsf\u00f6rh\u00e5llanden och ger en realistisk bed\u00f6mning av kapselns prestanda.<\/li>\n<li><strong>Display f\u00f6r m\u00e4tning av flera enheter<\/strong>: Data kan visas i olika enheter (Kgf.cm, N.cm, daN.cm, Inch.lbs och N.m), vilket s\u00e4kerst\u00e4ller \u00f6verensst\u00e4mmelse med internationella standarder och g\u00f6r den anpassningsbar till olika branscher.<\/li>\n<li><strong>Bevarande av toppv\u00e4rden och dataloggning<\/strong>: Testaren sparar automatiskt toppv\u00e4rden f\u00f6r vridmoment f\u00f6r omfattande analys och har en inbyggd mikroskrivare f\u00f6r snabb datatillg\u00e5ng. RS232-anslutning och professionell programvara som tillval m\u00f6jligg\u00f6r \u00e4ven digital datahantering.<\/li>\n<li><strong>S\u00e4kerhet och effektivitet<\/strong>: Inbyggt \u00f6verbelastningsskydd och automatisk nollst\u00e4llningsfunktion f\u00f6rb\u00e4ttrar b\u00e5de s\u00e4kerheten och m\u00e4tnoggrannheten, vilket g\u00f6r testaren v\u00e4l l\u00e4mpad f\u00f6r kr\u00e4vande kvalitetss\u00e4kringsapplikationer.<\/li>\n<\/ul>\n<h2>\u00d6verensst\u00e4mmelse med branschstandarder och f\u00f6rordningar<\/h2>\n<p>Den automatiserade vridmomentprovaren \u00e4r utformad f\u00f6r att uppfylla kraven i flera viktiga standarder, bland annat <strong>ASTM D2659<\/strong>, <strong>ASTM D4577<\/strong>, <strong>ASTM D642<\/strong>, <strong>ISO 8113<\/strong>, och <strong>ASTM D4169<\/strong>. Genom att f\u00f6lja dessa standarder garanteras att produkterna uppfyller str\u00e4nga kvalitets- och s\u00e4kerhetskrav, vilket ger en tillf\u00f6rlitlig testl\u00f6sning f\u00f6r industrier som kr\u00e4ver efterlevnad av f\u00f6rpackningsbest\u00e4mmelser.<\/p>\n<h2>FAQ-avdelning<\/h2>\n<ol>\n<li><strong>Varf\u00f6r \u00e4r vridmomentprovning viktigt f\u00f6r f\u00f6rpackningar?<\/strong><br \/>\nVridmomentstestning s\u00e4kerst\u00e4ller att kapsylerna \u00e4r s\u00e4kert f\u00f6rseglade men \u00e4nd\u00e5 anv\u00e4ndarv\u00e4nliga och uppfyller b\u00e5de s\u00e4kerhets- och konsumentstandarder.<\/li>\n<li><strong>Vilka \u00e4r f\u00f6rdelarna med att anv\u00e4nda en automatiserad vridmomentstestare j\u00e4mf\u00f6rt med en manuell?<\/strong><br \/>\nAutomatiserade testare ger h\u00f6gre noggrannhet, repeterbarhet och effektivitet, s\u00e4rskilt i produktionsmilj\u00f6er med stora volymer.<\/li>\n<li><strong>Hur s\u00e4kerst\u00e4ller testaren \u00f6verensst\u00e4mmelse med ASTM D2659?<\/strong><br \/>\nTestaren m\u00e4ter vridmomentet exakt och hj\u00e4lper till att uppfylla ASTM D2659-standarderna f\u00f6r barns\u00e4kra och manipuleringss\u00e4kra f\u00f6rslutningar.<\/li>\n<li><strong>Kan vridmomentprovaren anpassas till olika kapsylstorlekar och material?<\/strong><br \/>\nJa, testaren \u00e4r kompatibel med ett brett utbud av kapseltyper och material, vilket s\u00e4kerst\u00e4ller m\u00e5ngsidig testning av olika produkter.<\/li>\n<li><strong>Hur fungerar funktionen f\u00f6r bibeh\u00e5llande av h\u00f6gsta v\u00e4rde?<\/strong><br \/>\nTestaren registrerar och lagrar det maximala vridmoment som uppn\u00e5s under varje test, vilket m\u00f6jligg\u00f6r detaljerad analys och kvalitetss\u00e4kring.<\/li>\n<\/ol>\n<p>Den <strong>Automatiserad vridmomentsprovare<\/strong> \u00e4r ett viktigt verktyg f\u00f6r tillverkare som vill s\u00e4kerst\u00e4lla produktkvalitet, s\u00e4kerhet och efterlevnad av regelverk. Med sina automatiserade funktioner, efterlevnad av internationella standarder som <a href=\"https:\/\/www.qualitester.com\/sv\/produkt-kategori\/astm\/astm-d2659\/\" target=\"_blank\" rel=\"noopener\">ASTM D2659<\/a>, Med sin h\u00f6ga kvalitet och tillf\u00f6rlitliga precision hj\u00e4lper den h\u00e4r testaren till att effektivisera produktionsprocesser samtidigt som den uppr\u00e4tth\u00e5ller exceptionella standarder f\u00f6r produktintegritet.<\/p>","protected":false},"excerpt":{"rendered":"<p>S\u00e4kerst\u00e4ll produktkvaliteten med den automatiserade vridmomentprovaren. Uppfyller ASTM D2659 och andra viktiga standarder f\u00f6r exakta m\u00e4tningar av \u00f6ppnings- och l\u00e5skraften p\u00e5 locket.<\/p>","protected":false},"featured_media":6242,"comment_status":"closed","ping_status":"closed","template":"","meta":{"site-sidebar-layout":"default","site-content-layout":"default","ast-global-header-display":"","ast-main-header-display":"","ast-hfb-above-header-display":"","ast-hfb-below-header-display":"","ast-hfb-mobile-header-display":"","site-post-title":"","ast-breadcrumbs-content":"","ast-featured-img":"","footer-sml-layout":"","theme-transparent-header-meta":"default","adv-header-id-meta":"","stick-header-meta":"","header-above-stick-meta":"","header-main-stick-meta":"","header-below-stick-meta":""},"product_cat":[845,953,956,955,954,957,958,952,959,687,17,16,124,125,128,95],"product_tag":[],"class_list":{"0":"post-5204","1":"product","2":"type-product","3":"status-publish","4":"has-post-thumbnail","6":"product_cat-customization","7":"product_cat-bursting-tester","8":"product_cat-cobb-tester","9":"product_cat-crush-tester","10":"product_cat-paper-tear-tester","11":"product_cat-plybond-tester","12":"product_cat-puncture-tester","13":"product_cat-rub-tester","14":"product_cat-stiffness-tester","15":"product_cat-torque-tester","16":"product_cat-package-container-testers","17":"product_cat-plastic-packaging-testers","18":"product_cat-astm-d2063","19":"product_cat-astm-d3198","20":"product_cat-astm-d3474","21":"product_cat-products","22":"desktop-align-left","23":"tablet-align-left","24":"mobile-align-left","26":"first","27":"instock","28":"shipping-taxable","29":"product-type-simple"},"_links":{"self":[{"href":"https:\/\/www.qualitester.com\/sv\/wp-json\/wp\/v2\/product\/5204","targetHints":{"allow":["GET"]}}],"collection":[{"href":"https:\/\/www.qualitester.com\/sv\/wp-json\/wp\/v2\/product"}],"about":[{"href":"https:\/\/www.qualitester.com\/sv\/wp-json\/wp\/v2\/types\/product"}],"replies":[{"embeddable":true,"href":"https:\/\/www.qualitester.com\/sv\/wp-json\/wp\/v2\/comments?post=5204"}],"version-history":[{"count":0,"href":"https:\/\/www.qualitester.com\/sv\/wp-json\/wp\/v2\/product\/5204\/revisions"}],"wp:featuredmedia":[{"embeddable":true,"href":"https:\/\/www.qualitester.com\/sv\/wp-json\/wp\/v2\/media\/6242"}],"wp:attachment":[{"href":"https:\/\/www.qualitester.com\/sv\/wp-json\/wp\/v2\/media?parent=5204"}],"wp:term":[{"taxonomy":"product_cat","embeddable":true,"href":"https:\/\/www.qualitester.com\/sv\/wp-json\/wp\/v2\/product_cat?post=5204"},{"taxonomy":"product_tag","embeddable":true,"href":"https:\/\/www.qualitester.com\/sv\/wp-json\/wp\/v2\/product_tag?post=5204"}],"curies":[{"name":"wp","href":"https:\/\/api.w.org\/{rel}","templated":true}]}}