{"id":5176,"date":"2024-11-01T14:07:50","date_gmt":"2024-11-01T06:07:50","guid":{"rendered":"https:\/\/www.qualitester.com\/?post_type=product&#038;p=5176"},"modified":"2024-12-05T13:17:08","modified_gmt":"2024-12-05T05:17:08","slug":"sale-box-compression-tester-strenth","status":"publish","type":"product","link":"https:\/\/www.qualitester.com\/sv\/produkt-2\/sale-box-compression-tester-strenth\/","title":{"rendered":"BCT-01 Kompressionstest f\u00f6r l\u00e5dor"},"content":{"rendered":"<p>Den <strong>L\u00e5dkompressionstestare<\/strong> \u00e4r ett viktigt instrument som \u00e4r utformat f\u00f6r att utv\u00e4rdera f\u00f6rpackningsmaterials styrka, h\u00e5llbarhet och motst\u00e5ndskraft mot externa tryckkrafter. Denna avancerade testare spelar en avg\u00f6rande roll inom branscher som livsmedel, elektronik, l\u00e4kemedel och f\u00f6rpackningar, d\u00e4r den s\u00e4kerst\u00e4ller att produkterna \u00e4r tillr\u00e4ckligt skyddade under transport och lagring. Dess h\u00f6ga precision, anv\u00e4ndarv\u00e4nlighet och efterlevnad av internationella standarder g\u00f6r den till en idealisk l\u00f6sning f\u00f6r alla f\u00f6retag som v\u00e4rdes\u00e4tter integriteten och tillf\u00f6rlitligheten hos sina f\u00f6rpackningar.<\/p>\n<p>Box Compression Tester \u00e4r utrustad med ett anv\u00e4ndarv\u00e4nligt peksk\u00e4rmsgr\u00e4nssnitt, ett mikrodatorsystem och datainsamling i realtid och ger exakta resultat f\u00f6r ett brett spektrum av material, inklusive wellpapp, plast, metaller och andra f\u00f6rpackningsmaterial. Testaren \u00e4r utformad f\u00f6r rigor\u00f6s bed\u00f6mning och ger detaljerade insikter i b\u00e5de tryckh\u00e5llfastheten och skyddsegenskaperna hos f\u00f6rpackningar under staplingsf\u00f6rh\u00e5llanden.<\/p>\n<h2><strong>Till\u00e4mpningsomr\u00e5de f\u00f6r boxkompressionstestare<\/strong><\/h2>\n<p>Box Compression Tester kan hantera ett stort antal olika material som vanligtvis anv\u00e4nds i f\u00f6rpackningar, fr\u00e5n wellpapp till solid fiberkartong, metall och plast. Den bed\u00f6mer varje materials f\u00f6rm\u00e5ga att motst\u00e5 tryckkrafter, vilket g\u00f6r det m\u00f6jligt f\u00f6r tillverkare att f\u00f6rst\u00e5 b\u00e5de styrkan hos sj\u00e4lva f\u00f6rpackningen och den skyddsniv\u00e5 som den erbjuder f\u00f6r inneh\u00e5llet inuti. Denna m\u00e5ngsidighet \u00e4r ov\u00e4rderlig f\u00f6r industrier som prioriterar s\u00e4ker och effektiv transport av varor.<\/p>\n<h2><strong>Viktiga testmetoder och funktioner<\/strong><\/h2>\n<ol>\n<li><strong>Styrketest:<\/strong> Detta l\u00e4ge utv\u00e4rderar l\u00e5dans eller beh\u00e5llarens tryckh\u00e5llfasthet och deformation genom att gradvis \u00f6ka trycket tills f\u00f6rpackningen kollapsar eller deformeras. Detta hj\u00e4lper tillverkarna att fastst\u00e4lla den maximala belastning som en f\u00f6rpackning kan utst\u00e5.<\/li>\n<li><strong>Test av fast v\u00e4rde:<\/strong> I detta l\u00e4ge m\u00e4ter testaren den totala prestandan hos en l\u00e5da eller beh\u00e5llare genom att applicera ett inst\u00e4llt tryck och m\u00e4ta eventuell resulterande deformation. Detta \u00e4r s\u00e4rskilt anv\u00e4ndbart f\u00f6r f\u00f6retag som m\u00e5ste f\u00f6lja fasta h\u00e5llfasthetskrav f\u00f6r sina f\u00f6rpackningar.<\/li>\n<li><strong>Staplingstest:<\/strong> Testaren simulerar en staplingsmilj\u00f6 p\u00e5 ett lager genom att applicera en stadig, l\u00e5ngvarig tryckkraft f\u00f6r att utv\u00e4rdera hur v\u00e4l en f\u00f6rpackning fungerar under realistiska lagringsf\u00f6rh\u00e5llanden. Detta test \u00e4r idealiskt f\u00f6r att f\u00f6rst\u00e5 staplingsstabilitet och f\u00f6ruts\u00e4ga l\u00e5ngsiktig h\u00e5llbarhet f\u00f6r f\u00f6rpackningar i lager.<\/li>\n<\/ol>\n<h2><strong>Standarder och efterlevnad<\/strong><\/h2>\n<p>Box Compression Tester \u00e4r konstruerad f\u00f6r att uppfylla ledande internationella standarder, vilket s\u00e4kerst\u00e4ller att testerna utf\u00f6rs konsekvent och enligt allm\u00e4nt erk\u00e4nda branschspecifikationer. Genom att f\u00f6lja dessa standarder blir det l\u00e4ttare f\u00f6r tillverkare att uppfylla myndighetskrav och kundkrav p\u00e5 flera olika marknader.<\/p>\n<ul>\n<li>\n<h3><strong>ISO-standarder<\/strong><\/h3>\n<ul>\n<li><strong>ISO 2234<\/strong>: Definierar metoder f\u00f6r staplings- och kompressionsprov, vilket \u00e4r n\u00f6dv\u00e4ndigt f\u00f6r att bed\u00f6ma f\u00f6rpackningens motst\u00e5ndskraft mot l\u00e5ngtidsbelastningar.<\/li>\n<li><strong>ISO 12048<\/strong>: Beskriver procedurer f\u00f6r att testa ett kollis staplingsstyrka och motst\u00e5ndskraft mot belastning under lagring och transport.<\/li>\n<li><strong>ISO 2874<\/strong>: Specificerar tryckprovningsmetoder f\u00f6r enskilda f\u00f6rpackningar, vilket m\u00f6jligg\u00f6r noggrann m\u00e4tning av tryckh\u00e5llfastheten.<\/li>\n<li><strong>ISO 2872<\/strong>: Utv\u00e4rderar en f\u00f6rpacknings f\u00f6rm\u00e5ga att motst\u00e5 tryckkrafter \u00f6ver tid och f\u00f6rutsp\u00e5r dess prestanda i verkliga scenarier.<\/li>\n<\/ul>\n<\/li>\n<li>\n<h3><strong>ASTM-standarder<\/strong><\/h3>\n<ul>\n<li><strong>ASTM D642<\/strong>: Denna standard m\u00e4ter f\u00f6rpackningsmaterialets tryckh\u00e5llfasthet och ger en baslinje f\u00f6r transitf\u00f6rpackningars prestanda.<\/li>\n<li><strong>ASTM D4169<\/strong>: Styr kompressionstest av containrar i simulerade distributionsmilj\u00f6er f\u00f6r att s\u00e4kerst\u00e4lla att de klarar faktiska hanteringsf\u00f6rh\u00e5llanden.<\/li>\n<\/ul>\n<\/li>\n<li>\n<h3><strong>Andra relevanta standarder<\/strong><\/h3>\n<ul>\n<li><strong>TAPPI T804<\/strong>: Fokuserar p\u00e5 tryckh\u00e5llfastheten hos wellpappbeh\u00e5llare, vilket g\u00f6r den s\u00e4rskilt relevant f\u00f6r utv\u00e4rdering av fraktl\u00e5dor.<\/li>\n<li><strong>JIS Z0212<\/strong>: En japansk standard som beskriver kompressionstester f\u00f6r f\u00f6rpackningar och som \u00e4r allm\u00e4nt erk\u00e4nd i olika branscher f\u00f6r sina strikta krav.<\/li>\n<\/ul>\n<\/li>\n<\/ul>\n<h2><strong>Tekniska f\u00f6rdelar med Box Compression Tester<\/strong><\/h2>\n<p>Box Compression Tester integrerar den senaste tekniken f\u00f6r att maximera precision, effektivitet och anv\u00e4ndarv\u00e4nlighet. Viktiga f\u00f6rdelar inkluderar:<\/p>\n<ul>\n<li><strong>Avancerade tekniska funktioner<\/strong>: Peksk\u00e4rmen m\u00f6jligg\u00f6r enkel anv\u00e4ndarinteraktion, medan mikrodatorns bearbetningssystem automatiserar datainsamling, ber\u00e4kningar och intelligent bed\u00f6mning av resultat.<\/li>\n<li><strong>F\u00f6rb\u00e4ttrad dataanalys<\/strong>: Realtidsvisning av kompressionskraft, deformation och kurvvisualisering \u00f6kar anv\u00e4ndarnas f\u00f6rst\u00e5else f\u00f6r materialets beteende under stress. En inbyggd mikroskrivare g\u00f6r det enkelt att f\u00f6ra register och f\u00f6lja upp kvalitetskontrollen.<\/li>\n<li><strong>Kapacitet f\u00f6r kompressionskraft<\/strong>: Hanterar ett brett spektrum av belastningar, l\u00e4mplig f\u00f6r testning av l\u00e4tta till tunga f\u00f6rpackningsmaterial.<\/li>\n<li><strong>Testomr\u00e5dets dimensioner<\/strong>: Ger gott om utrymme f\u00f6r testning av f\u00f6rpackningar i olika storlekar och former.<\/li>\n<li><strong>Drivsystem<\/strong>: En synkronmotor och ett skruvsystem med exakt g\u00e4ngning ger en j\u00e4mn och kontrollerad krafttillf\u00f6rsel f\u00f6r exakta testresultat.<\/li>\n<\/ul>\n<h2><strong>Huvudparametrar<\/strong><\/h2>\n<table>\n<tbody>\n<tr>\n<td width=\"153\">F\u00f6rem\u00e5l<\/td>\n<td width=\"526\">Parametrar<\/td>\n<td width=\"73\"><\/td>\n<\/tr>\n<tr>\n<td width=\"153\">Testomr\u00e5de<\/td>\n<td width=\"526\">0,25KN, 0,5KN, 1KN, 2KN, 5KN, etc.<\/td>\n<td width=\"73\"><\/td>\n<\/tr>\n<tr>\n<td width=\"153\">Uppl\u00f6sning<\/td>\n<td width=\"526\">0.01N<\/td>\n<td width=\"73\"><\/td>\n<\/tr>\n<tr>\n<td width=\"153\">Deformationsfel<\/td>\n<td width=\"526\">\u2264\u00b11mm<\/td>\n<td width=\"73\"><\/td>\n<\/tr>\n<tr>\n<td width=\"153\">Parallellism mellan plattor<\/td>\n<td width=\"526\">\u22641mm<\/td>\n<td width=\"73\"><\/td>\n<\/tr>\n<tr>\n<td width=\"153\">Fel i lastcell<\/td>\n<td width=\"526\">\u00b11%<\/td>\n<td width=\"73\"><\/td>\n<\/tr>\n<tr>\n<td width=\"153\">Testhastighet<\/td>\n<td width=\"526\">5~300mm\/min<\/td>\n<td width=\"73\"><\/td>\n<\/tr>\n<tr>\n<td width=\"153\">Returhastighet<\/td>\n<td width=\"526\">100 mm\/min<\/td>\n<td width=\"73\"><\/td>\n<\/tr>\n<tr>\n<td width=\"153\">Kompressionshastighet<\/td>\n<td width=\"526\">10\u00b13mm\/min<\/td>\n<td width=\"73\"><\/td>\n<\/tr>\n<tr>\n<td width=\"153\">Staplingshastighet<\/td>\n<td width=\"526\">5\u00b11mm\/min<\/td>\n<td width=\"73\"><\/td>\n<\/tr>\n<tr>\n<td width=\"153\">Enheter<\/td>\n<td width=\"526\">N\/Lbf \/kgf<\/td>\n<td width=\"73\"><\/td>\n<\/tr>\n<tr>\n<td width=\"153\">Analys<\/td>\n<td width=\"526\">7-tums peksk\u00e4rm med kurvanalys och integrerad termoutskrift<\/td>\n<td width=\"73\"><\/td>\n<\/tr>\n<tr>\n<td width=\"153\">Utg\u00e5ng<\/td>\n<td width=\"526\">RS232 (tillval)<\/td>\n<td width=\"73\"><\/td>\n<\/tr>\n<tr>\n<td width=\"153\">Kraft<\/td>\n<td width=\"526\">AC 220V 50Hz<\/td>\n<td width=\"73\"><\/td>\n<\/tr>\n<tr>\n<td width=\"153\">Modell<\/td>\n<td width=\"526\">Testutrymme (mm, LWH)<\/td>\n<td width=\"73\">Belastning (KN)<\/td>\n<\/tr>\n<tr>\n<td width=\"153\">BCT-1500<\/td>\n<td width=\"526\">1500*1500*1500<\/td>\n<td width=\"73\">50<\/td>\n<\/tr>\n<tr>\n<td width=\"153\"><\/td>\n<td width=\"526\">1500*1200*1500<\/td>\n<td width=\"73\"><\/td>\n<\/tr>\n<tr>\n<td width=\"153\">BCT-1200<\/td>\n<td width=\"526\">1200*1200*1200<\/td>\n<td width=\"73\">50<\/td>\n<\/tr>\n<tr>\n<td width=\"153\"><\/td>\n<td width=\"526\">1200*1000*1200<\/td>\n<td width=\"73\"><\/td>\n<\/tr>\n<tr>\n<td width=\"153\">BCT-1000<\/td>\n<td width=\"526\">1000*800*1000<\/td>\n<td width=\"73\">20<\/td>\n<\/tr>\n<tr>\n<td width=\"153\"><\/td>\n<td width=\"526\">1000*1000*1000<\/td>\n<td width=\"73\"><\/td>\n<\/tr>\n<tr>\n<td width=\"153\">BCT-800<\/td>\n<td width=\"526\">800*600*800<\/td>\n<td width=\"73\">20<\/td>\n<\/tr>\n<tr>\n<td width=\"153\"><\/td>\n<td width=\"526\">800*800*800<\/td>\n<td width=\"73\"><\/td>\n<\/tr>\n<tr>\n<td width=\"153\">BCT-600<\/td>\n<td width=\"526\">600*400*600<\/td>\n<td width=\"73\">10<\/td>\n<\/tr>\n<tr>\n<td width=\"153\"><\/td>\n<td width=\"526\">600*600*600<\/td>\n<td width=\"73\"><\/td>\n<\/tr>\n<tr>\n<td width=\"153\">BCT-500<\/td>\n<td width=\"526\">500*500*500<\/td>\n<td width=\"73\">5<\/td>\n<\/tr>\n<\/tbody>\n<\/table>\n<h2><strong>Betydelsen av test av kartongens tryckh\u00e5llfasthet inom industrin<\/strong><\/h2>\n<p>Den <strong>test av kartongens tryckh\u00e5llfasthet<\/strong> \u00e4r avg\u00f6rande f\u00f6r att s\u00e4kerst\u00e4lla att f\u00f6rpackningen klarar de p\u00e5frestningar som uppst\u00e5r under transport och lagring. Genom att identifiera svagheter innan produkterna n\u00e5r kunderna bidrar testet till att f\u00f6rebygga f\u00f6rpackningsfel, vilket minskar risken f\u00f6r produktskador, missn\u00f6jda kunder och ekonomiska f\u00f6rluster. Branscher som l\u00e4kemedel, elektronik och livsmedel har stor nytta av att f\u00f6rst\u00e5 och uppfylla standarder f\u00f6r tryckh\u00e5llfasthet, s\u00e4rskilt f\u00f6r varor med h\u00f6gt v\u00e4rde eller f\u00e4rskvaror.<\/p>\n<p>Box Compression Tester \u00e4r en kraftfull l\u00f6sning f\u00f6r f\u00f6retag som str\u00e4var efter att uppr\u00e4tth\u00e5lla h\u00f6ga standarder f\u00f6r f\u00f6rpackningarnas styrka och integritet. Genom att st\u00f6dja \u00f6verensst\u00e4mmelse med ISO-, ASTM-, TAPPI- och JIS-standarder ger denna testare exakta och konsekventa resultat f\u00f6r olika f\u00f6rpackningsmaterial och applikationer. Med sina avancerade funktioner och sin anv\u00e4ndarcentrerade design \u00e4r Box Compression Tester ett ov\u00e4rderligt verktyg f\u00f6r kvalitetss\u00e4kring av f\u00f6rpackningar, vilket f\u00f6rb\u00e4ttrar produkts\u00e4kerheten och \u00f6kar effektiviteten i verksamheten.<\/p>","protected":false},"excerpt":{"rendered":"<p>Uppt\u00e4ck Box Compression Tester, utformad f\u00f6r exakta tester av kartongens tryckh\u00e5llfasthet, vilket s\u00e4kerst\u00e4ller f\u00f6rpackningens h\u00e5llbarhet och \u00f6verensst\u00e4mmelse med internationella standarder.<\/p>","protected":false},"featured_media":6235,"comment_status":"closed","ping_status":"closed","template":"","meta":{"site-sidebar-layout":"default","site-content-layout":"default","ast-global-header-display":"","ast-main-header-display":"","ast-hfb-above-header-display":"","ast-hfb-below-header-display":"","ast-hfb-mobile-header-display":"","site-post-title":"","ast-breadcrumbs-content":"","ast-featured-img":"","footer-sml-layout":"","theme-transparent-header-meta":"default","adv-header-id-meta":"","stick-header-meta":"","header-above-stick-meta":"","header-main-stick-meta":"","header-below-stick-meta":""},"product_cat":[964,1069,1068,953,956,955,845,1065,1064,1067,1066,1159,965,954,957,958,952,959,1070,17,44,95],"product_tag":[],"class_list":{"0":"post-5176","1":"product","2":"type-product","3":"status-publish","4":"has-post-thumbnail","6":"product_cat-box-compression-tester","7":"product_cat-astm-d4169","8":"product_cat-astm-d642","9":"product_cat-bursting-tester","10":"product_cat-cobb-tester","11":"product_cat-crush-tester","12":"product_cat-customization","13":"product_cat-iso-12048","14":"product_cat-iso-2234","15":"product_cat-iso-2872","16":"product_cat-iso-2874","17":"product_cat-jis-z0212","18":"product_cat-package-compression-tester","19":"product_cat-paper-tear-tester","20":"product_cat-plybond-tester","21":"product_cat-puncture-tester","22":"product_cat-rub-tester","23":"product_cat-stiffness-tester","24":"product_cat-tappi-t804","25":"product_cat-package-container-testers","26":"product_cat-paper-and-board-testers","27":"product_cat-products","28":"desktop-align-left","29":"tablet-align-left","30":"mobile-align-left","32":"first","33":"instock","34":"shipping-taxable","35":"product-type-simple"},"_links":{"self":[{"href":"https:\/\/www.qualitester.com\/sv\/wp-json\/wp\/v2\/product\/5176","targetHints":{"allow":["GET"]}}],"collection":[{"href":"https:\/\/www.qualitester.com\/sv\/wp-json\/wp\/v2\/product"}],"about":[{"href":"https:\/\/www.qualitester.com\/sv\/wp-json\/wp\/v2\/types\/product"}],"replies":[{"embeddable":true,"href":"https:\/\/www.qualitester.com\/sv\/wp-json\/wp\/v2\/comments?post=5176"}],"version-history":[{"count":0,"href":"https:\/\/www.qualitester.com\/sv\/wp-json\/wp\/v2\/product\/5176\/revisions"}],"wp:featuredmedia":[{"embeddable":true,"href":"https:\/\/www.qualitester.com\/sv\/wp-json\/wp\/v2\/media\/6235"}],"wp:attachment":[{"href":"https:\/\/www.qualitester.com\/sv\/wp-json\/wp\/v2\/media?parent=5176"}],"wp:term":[{"taxonomy":"product_cat","embeddable":true,"href":"https:\/\/www.qualitester.com\/sv\/wp-json\/wp\/v2\/product_cat?post=5176"},{"taxonomy":"product_tag","embeddable":true,"href":"https:\/\/www.qualitester.com\/sv\/wp-json\/wp\/v2\/product_tag?post=5176"}],"curies":[{"name":"wp","href":"https:\/\/api.w.org\/{rel}","templated":true}]}}