{"id":5157,"date":"2024-10-31T12:00:37","date_gmt":"2024-10-31T04:00:37","guid":{"rendered":"https:\/\/www.qualitester.com\/?post_type=product&#038;p=5157"},"modified":"2024-12-04T16:23:34","modified_gmt":"2024-12-04T08:23:34","slug":"sale-film-shrinkage-tester-iso-14616","status":"publish","type":"product","link":"https:\/\/www.qualitester.com\/sv\/produkt-2\/sale-film-shrinkage-tester-iso-14616\/","title":{"rendered":"FSR-01 Provare f\u00f6r filmkrympning"},"content":{"rendered":"<h2>Inledning av <strong>Tester f\u00f6r filmkrympning<\/strong><\/h2>\n<p>Den <strong>Tester f\u00f6r filmkrympning<\/strong> \u00e4r ett viktigt instrument som \u00e4r utformat f\u00f6r att m\u00e4ta krympkrafterna och <a href=\"https:\/\/www.qualitester.com\/sv\/produkt-2\/film-free-shrink-tester-fst-01\/\" target=\"_blank\" rel=\"noopener\">krympningskvoter f\u00f6r v\u00e4rmekrympbara filmer<\/a>. Dessa filmer anv\u00e4nds ofta inom olika branscher, bland annat f\u00f6rpackningar, livsmedel, medicin och l\u00e4kemedel. Filmerna tillverkas genom extrudering och str\u00e4ckning (varmdragning) och beh\u00e5ller sitt str\u00e4ckta tillst\u00e5nd tills de v\u00e4rms upp. N\u00e4r filmerna uts\u00e4tts f\u00f6r de specifika temperaturer som frig\u00f6r den initiala sp\u00e4nningen drar de ihop sig, eller \u201ckrymper tillbaka\u201d, vilket g\u00f6r att exakt m\u00e4tning \u00e4r avg\u00f6rande f\u00f6r kvalitetss\u00e4kringen.<\/p>\n<h2>Testmetoder<\/h2>\n<h3>Testprocess<\/h3>\n<ol>\n<li><strong>F\u00f6rberedelser<\/strong>: Provningen b\u00f6rjar med en v\u00e4lisolerad luftugn som v\u00e4rms upp till en f\u00f6rutbest\u00e4md temperatur. Tv\u00e5 prover placeras separat p\u00e5 utsedda teststationer f\u00f6r bed\u00f6mning av krympningshastighet och krympnings-\/kontraktionskraft.<\/li>\n<li><strong>Inst\u00e4llning av m\u00e4tning<\/strong>: En temperatursond \u00e4r placerad f\u00f6r att \u00f6vervaka provomr\u00e5det, vilket ger exakta temperaturavl\u00e4sningar. Luftugnen s\u00e4nks automatiskt f\u00f6r att t\u00e4cka provomr\u00e5det, vilket underl\u00e4ttar noggrann testning.<\/li>\n<li><strong>Datainsamling<\/strong>: N\u00e4r temperaturen stiger m\u00e4ts den maximala krympkraften, vilket indikerar n\u00e4r krympningstemperaturen har uppn\u00e5tts. Processen registrerar det \u00f6gonblick d\u00e5 denna kraft minskar med cirka 15% till 30%, lyfter luftugnen och noterar den tid som f\u00f6rflutit.<\/li>\n<li><strong>Bed\u00f6mning av krympningskvot<\/strong>: Under testfasen utv\u00e4rderas krympningsgraden, vilket ger viktiga insikter i filmens prestandaegenskaper.<\/li>\n<\/ol>\n<h2>Tekniska egenskaper<\/h2>\n<ul>\n<li><strong>PLC-kontroll och HMI-peksk\u00e4rm<\/strong>: Denna funktion s\u00e4kerst\u00e4ller stabilitet p\u00e5 industriell niv\u00e5 samtidigt som den ger ett anv\u00e4ndarv\u00e4nligt gr\u00e4nssnitt f\u00f6r enkel anv\u00e4ndning.<\/li>\n<li><strong>V\u00e4lisolerad luftugn<\/strong>: Luftugnen \u00e4r expertisolerad och kan s\u00e4nkas och lyftas automatiskt, vilket f\u00f6rb\u00e4ttrar testprecisionen.<\/li>\n<li><strong>Ber\u00f6ringsfri m\u00e4tning av krympkvot<\/strong>: Denna funktion uppn\u00e5s genom en ber\u00f6ringsfri metod och f\u00f6rb\u00e4ttrar avsev\u00e4rt resultatens noggrannhet och tillf\u00f6rlitlighet.<\/li>\n<li><strong>Display i realtid<\/strong>: Testaren ger en realtidsvisning av viktiga m\u00e4tv\u00e4rden, inklusive krympkraft, sammandragningskraft och krympningsgrad, vilket m\u00f6jligg\u00f6r omedelbar analys.<\/li>\n<li><strong>Eliminering av st\u00f6rningsfaktorer<\/strong>: Genom att effektivt eliminera irrelevanta st\u00f6rningsfaktorer som friktion och kall luft s\u00e4kerst\u00e4ller systemet att testresultaten blir korrekta.<\/li>\n<li><strong>Stabilt v\u00e4rmesystem<\/strong>: Ett stabilt och v\u00e4lbalanserat v\u00e4rmesystem uppr\u00e4tth\u00e5ller konsekventa testf\u00f6rh\u00e5llanden, vilket \u00e4r avg\u00f6rande f\u00f6r tillf\u00f6rlitliga m\u00e4tningar.<\/li>\n<li><strong>Enkel laddning av prover<\/strong>: Designen f\u00f6renklar lastningen av prover, vilket effektiviserar testprocessen och minskar installationstiden.<\/li>\n<li><strong>Sensorer med h\u00f6g uppl\u00f6sning<\/strong>: Systemet \u00e4r utrustat med h\u00f6guppl\u00f6sta kraftgivare och termometrar och garanterar exakta m\u00e4tningar under hela testprocessen.<\/li>\n<li><strong>Anslutnings- och programvarualternativ<\/strong>: Film Shrinkage Tester har en RS232-port f\u00f6r dataanslutning och erbjuder professionell programvara som tillval f\u00f6r avancerad dataanalys och rapporteringsfunktioner.<\/li>\n<\/ul>\n<h2>Standarder<\/h2>\n<p>Film Shrinkage Tester uppfyller viktiga industristandarder f\u00f6r att s\u00e4kerst\u00e4lla tillf\u00f6rlitlig prestanda:<\/p>\n<ul>\n<li><a href=\"https:\/\/www.iso.org\/standard\/24972.html\" target=\"_blank\" rel=\"noopener nofollow\"><strong>ISO 14616<\/strong><\/a>: Denna standard fokuserar p\u00e5 provningsmetoder som \u00e4r till\u00e4mpliga p\u00e5 krympbara filmer och ger ett ramverk f\u00f6r korrekt m\u00e4tning.<\/li>\n<li><strong>DIN 53369<\/strong>: Behandlar de standarder f\u00f6r materialprovning som \u00e4r relevanta f\u00f6r v\u00e4rmekrympbara filmer och s\u00e4kerst\u00e4ller \u00f6verensst\u00e4mmelse med branschpraxis.<\/li>\n<\/ul>\n<h2>Huvudparametrar<\/h2>\n<table>\n<tbody>\n<tr>\n<td width=\"156\">Kraftomr\u00e5de<\/td>\n<td width=\"152\">5 N (eller enligt behov)<\/td>\n<\/tr>\n<tr>\n<td width=\"156\">Noggrannhet<\/td>\n<td width=\"152\">\u00b10,5%<\/td>\n<\/tr>\n<tr>\n<td width=\"156\">Uppl\u00f6sning<\/td>\n<td width=\"152\">0.001N<\/td>\n<\/tr>\n<tr>\n<td width=\"156\">F\u00f6rskjutningsintervall<\/td>\n<td width=\"152\">0,1 ~ 95 mm<\/td>\n<\/tr>\n<tr>\n<td width=\"156\">Noggrannhet<\/td>\n<td width=\"152\">\u00b10,1 mm<\/td>\n<\/tr>\n<tr>\n<td width=\"156\">Temperaturomr\u00e5de<\/td>\n<td width=\"152\">Omgivande milj\u00f6 ~ 210\u00b0C<\/td>\n<\/tr>\n<tr>\n<td width=\"156\">Noggrannhet<\/td>\n<td width=\"152\">\u00b10.5\u00b0C<\/td>\n<\/tr>\n<tr>\n<td width=\"156\">Antal exemplar<\/td>\n<td width=\"152\">2<\/td>\n<\/tr>\n<tr>\n<td width=\"156\">Stickprovets storlek<\/td>\n<td width=\"152\">110*15 mm, L*B<\/td>\n<\/tr>\n<tr>\n<td width=\"156\">Str\u00f6mf\u00f6rs\u00f6rjning<\/td>\n<td width=\"152\">220V 50Hz<\/td>\n<\/tr>\n<\/tbody>\n<\/table>\n<p>Den <strong>Tester f\u00f6r filmkrympning<\/strong> \u00e4r ett viktigt verktyg f\u00f6r att s\u00e4kerst\u00e4lla kvaliteten och tillf\u00f6rlitligheten hos v\u00e4rmekrympbara filmer i olika applikationer. Genom att tillhandah\u00e5lla exakta m\u00e4tningar av krympkrafter och krympf\u00f6rh\u00e5llanden hj\u00e4lper den tillverkarna att uppr\u00e4tth\u00e5lla h\u00f6ga standarder och optimera sina processer. F\u00f6r de som \u00e4r intresserade av att f\u00f6rb\u00e4ttra sina kvalitetskontroller uppmuntrar vi dig att utforska vidare eller beg\u00e4ra en demonstration f\u00f6r att se kapaciteten hos detta viktiga instrument i aktion.<\/p>\n<h2>Relaterad produkt<\/h2>\n<blockquote class=\"wp-embedded-content\" data-secret=\"95pGvecun0\"><p><a href=\"https:\/\/www.qualitester.com\/sv\/produkt-2\/film-free-shrink-tester-fst-01\/\">FST-01 Testare f\u00f6r filmfri krympning<\/a><\/p><\/blockquote>\n<p><iframe class=\"wp-embedded-content\" sandbox=\"allow-scripts\" security=\"restricted\" style=\"position: absolute; visibility: hidden;\" title=\"\u300a FST-01 Film Free Shrink Tester \u300b\u2014Material Quality Tester\" src=\"https:\/\/www.qualitester.com\/product\/film-free-shrink-tester-fst-01\/embed\/#?secret=J7nnnghFFb#?secret=95pGvecun0\" data-secret=\"95pGvecun0\" width=\"500\" height=\"282\" frameborder=\"0\" marginwidth=\"0\" marginheight=\"0\" scrolling=\"no\"><\/iframe><\/p>","protected":false},"excerpt":{"rendered":"<p>Den <strong>Tester f\u00f6r filmkrympning<\/strong> \u00e4r ett viktigt verktyg f\u00f6r att s\u00e4kerst\u00e4lla kvaliteten och tillf\u00f6rlitligheten hos v\u00e4rmekrympbara filmer i olika applikationer. Genom att tillhandah\u00e5lla exakta m\u00e4tningar av krympkrafter och krympf\u00f6rh\u00e5llanden hj\u00e4lper den tillverkarna att uppr\u00e4tth\u00e5lla h\u00f6ga standarder och optimera sina processer. F\u00f6r de som \u00e4r intresserade av att f\u00f6rb\u00e4ttra sina kvalitetskontroller uppmuntrar vi dig att utforska vidare eller beg\u00e4ra en demonstration f\u00f6r att se kapaciteten hos detta viktiga instrument i aktion.<\/p>","protected":false},"featured_media":6141,"comment_status":"closed","ping_status":"closed","template":"","meta":{"site-sidebar-layout":"default","site-content-layout":"default","ast-global-header-display":"","ast-main-header-display":"","ast-hfb-above-header-display":"","ast-hfb-below-header-display":"","ast-hfb-mobile-header-display":"","site-post-title":"","ast-breadcrumbs-content":"","ast-featured-img":"","footer-sml-layout":"","theme-transparent-header-meta":"default","adv-header-id-meta":"","stick-header-meta":"","header-above-stick-meta":"","header-main-stick-meta":"","header-below-stick-meta":""},"product_cat":[953,956,955,845,1134,954,957,958,952,959,686,16,158,95],"product_tag":[],"class_list":{"0":"post-5157","1":"product","2":"type-product","3":"status-publish","4":"has-post-thumbnail","6":"product_cat-bursting-tester","7":"product_cat-cobb-tester","8":"product_cat-crush-tester","9":"product_cat-customization","10":"product_cat-din-53369","11":"product_cat-paper-tear-tester","12":"product_cat-plybond-tester","13":"product_cat-puncture-tester","14":"product_cat-rub-tester","15":"product_cat-stiffness-tester","16":"product_cat-shrink-tester","17":"product_cat-plastic-packaging-testers","18":"product_cat-iso-14616","19":"product_cat-products","20":"desktop-align-left","21":"tablet-align-left","22":"mobile-align-left","24":"first","25":"instock","26":"shipping-taxable","27":"product-type-simple"},"_links":{"self":[{"href":"https:\/\/www.qualitester.com\/sv\/wp-json\/wp\/v2\/product\/5157","targetHints":{"allow":["GET"]}}],"collection":[{"href":"https:\/\/www.qualitester.com\/sv\/wp-json\/wp\/v2\/product"}],"about":[{"href":"https:\/\/www.qualitester.com\/sv\/wp-json\/wp\/v2\/types\/product"}],"replies":[{"embeddable":true,"href":"https:\/\/www.qualitester.com\/sv\/wp-json\/wp\/v2\/comments?post=5157"}],"version-history":[{"count":0,"href":"https:\/\/www.qualitester.com\/sv\/wp-json\/wp\/v2\/product\/5157\/revisions"}],"wp:featuredmedia":[{"embeddable":true,"href":"https:\/\/www.qualitester.com\/sv\/wp-json\/wp\/v2\/media\/6141"}],"wp:attachment":[{"href":"https:\/\/www.qualitester.com\/sv\/wp-json\/wp\/v2\/media?parent=5157"}],"wp:term":[{"taxonomy":"product_cat","embeddable":true,"href":"https:\/\/www.qualitester.com\/sv\/wp-json\/wp\/v2\/product_cat?post=5157"},{"taxonomy":"product_tag","embeddable":true,"href":"https:\/\/www.qualitester.com\/sv\/wp-json\/wp\/v2\/product_tag?post=5157"}],"curies":[{"name":"wp","href":"https:\/\/api.w.org\/{rel}","templated":true}]}}