{"id":5154,"date":"2024-10-31T11:51:07","date_gmt":"2024-10-31T03:51:07","guid":{"rendered":"https:\/\/www.qualitester.com\/?post_type=product&#038;p=5154"},"modified":"2025-08-12T11:39:30","modified_gmt":"2025-08-12T03:39:30","slug":"sale-gross-bubble-leak-test-equipment","status":"publish","type":"product","link":"https:\/\/www.qualitester.com\/sv\/produkt-2\/sale-gross-bubble-leak-test-equipment\/","title":{"rendered":"GLT-01 Testutrustning f\u00f6r l\u00e4ckage av bruttobubblor"},"content":{"rendered":"<h2>Introduktion till utrustning f\u00f6r test av bubbelleckage<\/h2>\n<p><strong>Utrustning f\u00f6r test av bubbell\u00e4ckage<\/strong> \u00e4r avg\u00f6rande f\u00f6r att bed\u00f6ma integriteten hos f\u00f6rpackningens f\u00f6rseglingar och s\u00e4kerst\u00e4lla att produkterna f\u00f6rblir skyddade under lagring och transport. Denna testmetod, som \u00e4r standardiserad under <a href=\"https:\/\/www.qualitester.com\/sv\/standards\/astm-f2096\/\" target=\"_blank\" rel=\"noopener\"><strong data-start=\"558\" data-end=\"572\">ASTM F2096<\/strong><\/a>, detekterar <strong data-start=\"582\" data-end=\"597\">stora l\u00e4ckor<\/strong> i por\u00f6sa och icke-por\u00f6sa f\u00f6rpackningar genom att observera str\u00f6mmar av luftbubblor n\u00e4r f\u00f6rpackningen trycks\u00e4tts under vatten. Genom att noggrant uppt\u00e4cka l\u00e4ckor spelar denna utrustning en viktig roll f\u00f6r att uppr\u00e4tth\u00e5lla produktkvalitet och s\u00e4kerhet inom olika branscher, inklusive l\u00e4kemedel, medicintekniska produkter, livsmedelsf\u00f6rpackningar och mycket mer.<\/p>\n<h2>Vikten av l\u00e4ckagetestning<\/h2>\n<p>Utv\u00e4rdering av f\u00f6rpackningens t\u00e4thetsintegritet \u00e4r avg\u00f6rande f\u00f6r att verifiera att f\u00f6rpackningen kan leverera det n\u00f6dv\u00e4ndiga produktskyddet. L\u00e4cktestning hj\u00e4lper till att bed\u00f6ma h\u00e5llbara f\u00f6rpackningsalternativ och kostnadseffektiva f\u00f6rpackningsalternativ samt variationer i parametrar f\u00f6r f\u00f6rslutning av produktionslinjer. Genom att uppr\u00e4tth\u00e5lla tillf\u00f6rlitligheten hos f\u00f6rpackningens f\u00f6rseglingar kan f\u00f6retag uppr\u00e4tth\u00e5lla kvaliteten och s\u00e4kerheten hos sina produkter och i slut\u00e4ndan skydda sitt varum\u00e4rkes rykte.<\/p>\n<h2 data-start=\"885\" data-end=\"925\">Till\u00e4mpningar och branschrelevans<\/h2>\n<p data-start=\"926\" data-end=\"1341\">Den <strong data-start=\"930\" data-end=\"966\">l\u00e4ckagetest av bubbel i medicinf\u00f6rpackning<\/strong> anv\u00e4nds ofta f\u00f6r validering av sterila barri\u00e4rsystem, kvalitetskontroll av p\u00e5sar och brickor samt inspektion av livsmedels- och l\u00e4kemedelsf\u00f6rpackningar. Industrier som t.ex. <strong data-start=\"1132\" data-end=\"1212\">medicintekniska produkter, l\u00e4kemedel, f\u00f6rpackningar och kvalitetskontrollorgan<\/strong> f\u00f6rlita sig p\u00e5 <strong data-start=\"1221\" data-end=\"1250\">bubbelm\u00e4tare f\u00f6r bruttol\u00e4ckage<\/strong> f\u00f6r att verifiera att v\u00e4rmef\u00f6rseglade f\u00f6rpackningar f\u00f6rblir fria fr\u00e5n f\u00f6roreningar under hela sin h\u00e5llbarhetstid.<\/p>\n<h2>\u00d6versikt \u00f6ver ASTM F2096<\/h2>\n<h3><strong>Vad \u00e4r ASTM F2096?<\/strong><\/h3>\n<p><a href=\"https:\/\/www.astm.org\/f2096-11r19.html\" target=\"_blank\" rel=\"noopener nofollow\"><strong>ASTM F2096<\/strong><\/a> \u00e4r en standard som beskriver f\u00f6rfarandet f\u00f6r att uppt\u00e4cka grova l\u00e4ckor i b\u00e5de por\u00f6sa och icke-genomsl\u00e4ppliga f\u00f6rpackningsmaterial med hj\u00e4lp av inre trycks\u00e4ttning. Denna metod \u00e4r allm\u00e4nt k\u00e4nd som <strong>bubbelprov<\/strong>.<\/p>\n<h3><strong>Testmetoder beskrivna av ASTM F2096<\/strong><\/h3>\n<p>Standarden ger ett systematiskt tillv\u00e4gag\u00e5ngss\u00e4tt f\u00f6r att identifiera grova l\u00e4ckor genom ett bubbelprov, d\u00e4r ett inre tryck appliceras p\u00e5 f\u00f6rpackningsmaterialet.<\/p>\n<h2 data-start=\"1343\" data-end=\"1378\">Hur l\u00e4ckagetestet med bubblor fungerar<\/h2>\n<p data-start=\"1379\" data-end=\"1499\">Den <strong data-start=\"1383\" data-end=\"1408\">ASTM bubbel-l\u00e4ckagetest<\/strong> anv\u00e4nder inre trycks\u00e4ttning f\u00f6r att identifiera l\u00e4ckor med h\u00f6g noggrannhet. Processen inneb\u00e4r f\u00f6ljande:<\/p>\n<ol>\n<li data-start=\"1504\" data-end=\"1635\"><strong data-start=\"1504\" data-end=\"1526\">F\u00f6rberedelse av prov<\/strong> - En kontrollerad ing\u00e5ngspunkt g\u00f6rs i f\u00f6rpackningen f\u00f6r att s\u00e4tta in luftk\u00e4llan och tryck\u00f6vervakningsanordningen.<\/li>\n<li data-start=\"1639\" data-end=\"1725\"><strong data-start=\"1639\" data-end=\"1653\">Neds\u00e4nkning<\/strong> - F\u00f6rpackningen \u00e4r neds\u00e4nkt cirka 25,4 mm (1 tum) under vattnet.<\/li>\n<li data-start=\"1729\" data-end=\"1854\"><strong data-start=\"1729\" data-end=\"1747\">Trycks\u00e4ttning<\/strong> - Luft tillf\u00f6rs tills f\u00f6rpackningen n\u00e5r en f\u00f6rutbest\u00e4md tryckniv\u00e5 som baseras p\u00e5 dess materialtyp.<\/li>\n<li data-start=\"1858\" data-end=\"1997\"><strong data-start=\"1858\" data-end=\"1873\">Observation<\/strong> - En konstant str\u00f6m av luftbubblor fr\u00e5n en viss plats indikerar en l\u00e4cka, t.ex. t\u00e4tningskanaler, sprickor eller pinholes.<\/li>\n<li data-start=\"2001\" data-end=\"2064\"><strong data-start=\"2001\" data-end=\"2018\">Dokumentation<\/strong> - Varje felpunkt markeras f\u00f6r analys.<\/li>\n<\/ol>\n<p data-start=\"2066\" data-end=\"2226\">K\u00e4nsligheten f\u00f6r denna metod \u00e4r typiskt ner till <strong data-start=\"2118\" data-end=\"2128\">250 \u03bcm<\/strong>, Metodens noggrannhet \u00e4r beroende av korrekta inst\u00e4llningar av testtrycket och stabiliteten i luftfl\u00f6det.<\/p>\n<h2 data-start=\"2228\" data-end=\"2275\">Testmetoder f\u00f6r olika f\u00f6rpackningstyper<\/h2>\n<p data-start=\"2276\" data-end=\"2340\">Enligt uppgift fr\u00e5n <strong data-start=\"2289\" data-end=\"2303\">ASTM F2096<\/strong>, finns det tv\u00e5 prim\u00e4ra f\u00f6rfaranden:<\/p>\n<ul>\n<li data-start=\"2344\" data-end=\"2454\"><strong data-start=\"2344\" data-end=\"2367\">Icke-por\u00f6sa f\u00f6rpackningar<\/strong> - Paketet bl\u00e5ses upp direkt under vattnet och inspekteras p\u00e5 b\u00e5da sidor med avseende p\u00e5 l\u00e4ckage.<\/li>\n<li data-start=\"2457\" data-end=\"2602\"><strong data-start=\"2457\" data-end=\"2477\">Por\u00f6sa f\u00f6rpackningar<\/strong> - Ett blockeringsmedel kan appliceras, och ytterligare uppeh\u00e5llstid under vattnet g\u00f6r att materialet kan m\u00e4ttas f\u00f6re inspektion.<\/li>\n<\/ul>\n<p data-start=\"2604\" data-end=\"2696\">B\u00e5da metoderna \u00e4r <strong data-start=\"2621\" data-end=\"2642\">destruktiva tester<\/strong>, vilket inneb\u00e4r att det testade paketet inte kan anv\u00e4ndas i efterhand.<\/p>\n<h2>Andra relevanta ASTM-standarder<\/h2>\n<ul>\n<li><a href=\"https:\/\/www.qualitester.com\/sv\/standards\/astm-d3078\/\" target=\"_blank\" rel=\"noopener\"><strong>ASTM D3078<\/strong><\/a>: Denna standard anv\u00e4nder bubbelemissionstest f\u00f6r gasfyllda och v\u00e4tskefyllda f\u00f6rpackningar, vilket hj\u00e4lper till att identifiera l\u00e4ckor som kan \u00e4ventyra produktintegriteten.<\/li>\n<li><a href=\"https:\/\/www.qualitester.com\/sv\/produkt-kategori\/astm\/astm-d4991\/\" target=\"_blank\" rel=\"noopener\"><strong>ASTM D4991<\/strong><\/a>: I likhet med D3078 fokuserar denna standard p\u00e5 bubbelutsl\u00e4ppsprovning f\u00f6r tomma styva beh\u00e5llare.<\/li>\n<li><strong>ASTM F2338<\/strong>: Denna standard anv\u00e4nder provningsmetoder f\u00f6r vakuumf\u00f6rfall f\u00f6r flexibla och styva beh\u00e5llare f\u00f6r att utv\u00e4rdera t\u00e4tningsintegriteten.<\/li>\n<li><strong><a href=\"https:\/\/www.qualitester.com\/sv\/standards\/astm-f2054\/\" target=\"_blank\" rel=\"noopener\">ASTM F2054<\/a>\/<a href=\"https:\/\/www.qualitester.com\/sv\/standards\/astm-f1140\/\" target=\"_blank\" rel=\"noopener\">F1140<\/a><\/strong>: Dessa standarder beskriver metoder f\u00f6r provning av tryckfall f\u00f6r olika f\u00f6rpackningstyper, inklusive flexibla, styva och r\u00f6rformade former.<\/li>\n<\/ul>\n<h2>Tekniska egenskaper<\/h2>\n<ul>\n<li><strong>PLC-kontrollerad enhet<\/strong>: V\u00e5r testutrustning f\u00f6r bubbell\u00e4ckage \u00e4r utformad med stabilitet p\u00e5 industriell niv\u00e5 och har en PLC-kontrollerad enhet f\u00f6r konsekvent prestanda.<\/li>\n<li><strong>Anv\u00e4ndning av HMI-peksk\u00e4rm<\/strong>: Anv\u00e4ndarv\u00e4nligt gr\u00e4nssnitt f\u00f6r enkel anv\u00e4ndning och \u00f6vervakning av testparametrar.<\/li>\n<li><strong>Stabil gasf\u00f6rs\u00f6rjning<\/strong>: S\u00e4kerst\u00e4ller en tillf\u00f6rlitlig och j\u00e4mn gastillf\u00f6rsel under provningen.<\/li>\n<li><strong>Valfri integration<\/strong>: Utrustningen kan integreras med testmetoder f\u00f6r tryckfall f\u00f6r f\u00f6rb\u00e4ttrade testm\u00f6jligheter.<\/li>\n<\/ul>\n<h2>Huvudparametrar<\/h2>\n<table>\n<tbody>\n<tr>\n<td width=\"130\">Testomr\u00e5de<\/td>\n<td width=\"207\">0~30KPa (eller enligt behov)<\/td>\n<\/tr>\n<tr>\n<td width=\"130\">Kammare Akryl<\/td>\n<td width=\"207\">34*20*15cm LWH<\/td>\n<\/tr>\n<tr>\n<td width=\"130\">Tryckluft<\/td>\n<td width=\"207\">0,6MPa (F\u00f6rberedd av anv\u00e4ndaren)<\/td>\n<\/tr>\n<tr>\n<td width=\"130\">Kraft<\/td>\n<td width=\"207\">110~220V 50\/60Hz<\/td>\n<\/tr>\n<\/tbody>\n<\/table>\n<p>Utrustning f\u00f6r test av bubbell\u00e4ckage \u00e4r avg\u00f6rande f\u00f6r att s\u00e4kerst\u00e4lla integriteten hos f\u00f6rpackningsf\u00f6rseglingar, vilket g\u00f6r den till ett oumb\u00e4rligt verktyg f\u00f6r kvalitetss\u00e4kring inom olika branscher. Genom att v\u00e4lja Cell Instruments l\u00f6sningar f\u00f6r test av bubbelleckage kan du f\u00f6rb\u00e4ttra tillf\u00f6rlitligheten hos dina f\u00f6rpackningar och skydda dina produkter.<\/p>\n<h3>Vanliga fr\u00e5gor<\/h3>\n<ol>\n<li><strong>Vilka typer av f\u00f6rpackningar kan testas med testutrustning f\u00f6r bubbelleckage?<\/strong>\n<ul>\n<li>Utrustningen \u00e4r l\u00e4mplig f\u00f6r b\u00e5de por\u00f6sa och icke-genomsl\u00e4ppliga f\u00f6rpackningsmaterial, inklusive flexibla och styva beh\u00e5llare.<\/li>\n<\/ul>\n<\/li>\n<li><strong>Hur fungerar bubbelprovet?<\/strong>\n<ul>\n<li>Bubbeltestet inneb\u00e4r att f\u00f6rpackningen uts\u00e4tts f\u00f6r ett inre tryck medan den \u00e4r neds\u00e4nkt i vatten. Bubblor som produceras vid l\u00e4ckagepunkten indikerar ett fel i t\u00e4tningen.<\/li>\n<\/ul>\n<\/li>\n<li><strong>\u00c4r testmetoden f\u00f6r bubbell\u00e4ckage destruktiv?<\/strong>\n<ul>\n<li>Ja, bubbell\u00e4ckagetestet \u00e4r en destruktiv metod, vilket inneb\u00e4r att den kan \u00e4ventyra integriteten hos den f\u00f6rpackning som testas.<\/li>\n<\/ul>\n<\/li>\n<li><strong>Kan utrustningen anpassas f\u00f6r specifika testbehov?<\/strong>\n<ul>\n<li>Ja, vi \u00e4r specialiserade p\u00e5 att anpassa testkrav f\u00f6r att uppfylla dina specifika behov.<\/li>\n<\/ul>\n<\/li>\n<li><strong>Vilka standarder uppfyller testutrustningen f\u00f6r bubbell\u00e4ckage?<\/strong>\n<ul>\n<li>V\u00e5r utrustning \u00f6verensst\u00e4mmer med ASTM F2096 och andra relevanta ASTM-standarder f\u00f6r l\u00e4ckagetestning.<\/li>\n<\/ul>\n<\/li>\n<\/ol>","protected":false},"excerpt":{"rendered":"<p>Utrustning f\u00f6r test av bubbell\u00e4ckage \u00e4r n\u00f6dv\u00e4ndig f\u00f6r att bed\u00f6ma integriteten hos f\u00f6rpackningsf\u00f6rseglingar och s\u00e4kerst\u00e4lla att produkterna f\u00f6rblir skyddade under lagring och transport. Genom att noggrant uppt\u00e4cka l\u00e4ckor spelar denna utrustning en viktig roll f\u00f6r att uppr\u00e4tth\u00e5lla produktkvalitet och s\u00e4kerhet inom olika branscher, inklusive l\u00e4kemedel, medicintekniska produkter, livsmedelsf\u00f6rpackningar och mycket mer.<\/p>","protected":false},"featured_media":6150,"comment_status":"closed","ping_status":"closed","template":"","meta":{"site-sidebar-layout":"default","site-content-layout":"default","ast-global-header-display":"","ast-main-header-display":"","ast-hfb-above-header-display":"","ast-hfb-below-header-display":"","ast-hfb-mobile-header-display":"","site-post-title":"","ast-breadcrumbs-content":"","ast-featured-img":"","footer-sml-layout":"","theme-transparent-header-meta":"default","adv-header-id-meta":"","stick-header-meta":"","header-above-stick-meta":"","header-main-stick-meta":"","header-below-stick-meta":""},"product_cat":[675,845,17,149,16,112,95],"product_tag":[],"class_list":{"0":"post-5154","1":"product","2":"type-product","3":"status-publish","4":"has-post-thumbnail","6":"product_cat-leak-tester","7":"product_cat-customization","8":"product_cat-package-container-testers","9":"product_cat-pharma-and-medical-testers","10":"product_cat-plastic-packaging-testers","11":"product_cat-astm-f2096","12":"product_cat-products","13":"desktop-align-left","14":"tablet-align-left","15":"mobile-align-left","17":"first","18":"instock","19":"shipping-taxable","20":"product-type-simple"},"_links":{"self":[{"href":"https:\/\/www.qualitester.com\/sv\/wp-json\/wp\/v2\/product\/5154","targetHints":{"allow":["GET"]}}],"collection":[{"href":"https:\/\/www.qualitester.com\/sv\/wp-json\/wp\/v2\/product"}],"about":[{"href":"https:\/\/www.qualitester.com\/sv\/wp-json\/wp\/v2\/types\/product"}],"replies":[{"embeddable":true,"href":"https:\/\/www.qualitester.com\/sv\/wp-json\/wp\/v2\/comments?post=5154"}],"version-history":[{"count":0,"href":"https:\/\/www.qualitester.com\/sv\/wp-json\/wp\/v2\/product\/5154\/revisions"}],"wp:featuredmedia":[{"embeddable":true,"href":"https:\/\/www.qualitester.com\/sv\/wp-json\/wp\/v2\/media\/6150"}],"wp:attachment":[{"href":"https:\/\/www.qualitester.com\/sv\/wp-json\/wp\/v2\/media?parent=5154"}],"wp:term":[{"taxonomy":"product_cat","embeddable":true,"href":"https:\/\/www.qualitester.com\/sv\/wp-json\/wp\/v2\/product_cat?post=5154"},{"taxonomy":"product_tag","embeddable":true,"href":"https:\/\/www.qualitester.com\/sv\/wp-json\/wp\/v2\/product_tag?post=5154"}],"curies":[{"name":"wp","href":"https:\/\/api.w.org\/{rel}","templated":true}]}}