{"id":5134,"date":"2024-10-30T17:11:11","date_gmt":"2024-10-30T09:11:11","guid":{"rendered":"https:\/\/www.qualitester.com\/?post_type=product&#038;p=5134"},"modified":"2024-12-05T13:39:49","modified_gmt":"2024-12-05T05:39:49","slug":"sale-bag-compression-tester","status":"publish","type":"product","link":"https:\/\/www.qualitester.com\/sv\/produkt-2\/sale-bag-compression-tester\/","title":{"rendered":"PCT-01 Kompressionstestare"},"content":{"rendered":"<h2><strong>Introduktion till kompressionstestare f\u00f6r p\u00e5sar<\/strong><\/h2>\n<p>Bag Compression Tester \u00e4r ett viktigt verktyg f\u00f6r kvalitetss\u00e4kring av f\u00f6rpackningsmaterial. Eftersom f\u00f6rpackningsintegritet \u00e4r avg\u00f6rande f\u00f6r att s\u00e4kerst\u00e4lla produkts\u00e4kerhet och effektivitet spelar detta instrument en avg\u00f6rande roll inom olika branscher, inklusive livsmedel, l\u00e4kemedel, kosmetika och medicinska f\u00f6rpackningar. Bag Compression Tester \u00e4r utformat f\u00f6r att bed\u00f6ma h\u00e5llbarheten och prestandan hos olika f\u00f6rpackningsmaterial och s\u00e4kerst\u00e4ller att produkterna klarar p\u00e5frestningarna under transport och lagring.<\/p>\n<h2><strong>Anv\u00e4ndning av v\u00e4skkompressionstestare<\/strong><\/h2>\n<p>Detta m\u00e5ngsidiga precisionsinstrument \u00e4r konstruerat f\u00f6r att utv\u00e4rdera tryckmotst\u00e5ndet hos en m\u00e4ngd olika f\u00f6rpackningsmaterial. Det \u00e4r s\u00e4rskilt effektivt f\u00f6r testning av kompositfilmf\u00f6rpackningar, infusionsp\u00e5sar, infusionsflaskor av plast, blodp\u00e5sar, isp\u00e5sar och olika beh\u00e5llare. Genom att simulera verkliga f\u00f6rh\u00e5llanden hj\u00e4lper Bag Compression Tester tillverkare att uppr\u00e4tth\u00e5lla produktintegritet och efterlevnad av branschstandarder, vilket minskar risken f\u00f6r f\u00f6rpackningsfel som kan leda till kostsamma \u00e5terkallelser eller s\u00e4kerhetsproblem.<\/p>\n<h2><strong>Testprincip<\/strong><\/h2>\n<h3><strong>Placering<\/strong><\/h3>\n<p>Testprocessen b\u00f6rjar med att provmaterialet placeras s\u00e4kert mellan testarens \u00f6vre och undre tryckplattor. Detta s\u00e4kerst\u00e4ller korrekta och konsekventa resultat under kompressionstestet.<\/p>\n<h3><strong>Kompression<\/strong><\/h3>\n<p>N\u00e4r provet \u00e4r p\u00e5 plats aktiveras den \u00f6vre tryckplattan s\u00e5 att den r\u00f6r sig ned\u00e5t mot f\u00f6rpackningsmaterialet. Denna \u00e5tg\u00e4rd simulerar de yttre tryck som f\u00f6rpackningen kan uts\u00e4ttas f\u00f6r under hantering, frakt och lagring, vilket m\u00f6jligg\u00f6r en realistisk bed\u00f6mning av materialets styrka.<\/p>\n<h3><strong>M\u00e4tning av kraft<\/strong><\/h3>\n<p>N\u00e4r kompressionen sker m\u00e4ts den kraft som ut\u00f6vas av den nedre tryckplattan i realtid. Dessa data \u00e4r avg\u00f6rande f\u00f6r att utv\u00e4rdera provets spr\u00e4ngprestanda och dess f\u00f6rm\u00e5ga att motst\u00e5 konstant tryck. De insikter som erh\u00e5lls fr\u00e5n dessa m\u00e4tningar ger tillverkarna information om olika materials och konstruktioners l\u00e4mplighet under p\u00e5frestande f\u00f6rh\u00e5llanden.<\/p>\n<h2><strong>Testmetoder<\/strong><\/h2>\n<h3><strong>Test av paketkompression<\/strong><\/h3>\n<p>F\u00f6rpackningens kompressionstest \u00e4r en integrerad del av det \u00f6vergripande testprotokollet. Bag Compression Tester erbjuder tv\u00e5 prim\u00e4ra testl\u00e4gen: maximal spr\u00e4ngkraft och konstant tryckmotst\u00e5nd. Dessa metoder ger viktiga data om hur v\u00e4l olika f\u00f6rpackningsmaterial kan motst\u00e5 yttre krafter, vilket \u00e4r avg\u00f6rande f\u00f6r att s\u00e4kerst\u00e4lla produkts\u00e4kerhet och efterlevnad av branschstandarder.<\/p>\n<h3><strong>Tekniska egenskaper<\/strong><\/h3>\n<ol>\n<li><strong>Anv\u00e4ndarv\u00e4nlig HMI-peksk\u00e4rm<\/strong>: F\u00f6renklar parameterinst\u00e4llning och testk\u00f6rning f\u00f6r enkel anv\u00e4ndning.<\/li>\n<li><strong>PLC-kontrollsystem av industriell kvalitet<\/strong>: S\u00e4kerst\u00e4ller tillf\u00f6rlitlig och exakt kontroll under provningen.<\/li>\n<li><strong>Tv\u00e5 testmodi<\/strong>: Alternativ f\u00f6r maximal spr\u00e4ngkraft och motst\u00e5nd mot konstant tryck.<\/li>\n<li><strong>Automatisk konstant tryckkompensation<\/strong>: Justerar trycket dynamiskt f\u00f6r att bibeh\u00e5lla testnoggrannheten.<\/li>\n<li><strong>Data Statistik<\/strong>: Automatisk datainsamling och analys f\u00f6r effektiv rapportering.<\/li>\n<li><strong>Anordning f\u00f6r uppsamling av v\u00e4tska<\/strong>: F\u00f6rhindrar kontaminering vid provbrytning.<\/li>\n<li><strong>Anpassningsbara icke-standardiserade teststorlekar<\/strong>: Skr\u00e4ddarsyr testfunktioner f\u00f6r att m\u00f6ta specifika behov.<\/li>\n<li><strong>RS232-port och programvara som tillval<\/strong>: Ger avancerade m\u00f6jligheter till dataanalys och integration.<\/li>\n<\/ol>\n<h3><strong>Huvudparametrar<\/strong><\/h3>\n<table>\n<tbody>\n<tr>\n<td style=\"text-align: center;\" width=\"175\">M\u00e4tomr\u00e5de<\/td>\n<td style=\"text-align: center;\" width=\"277\">2000N (andra valfria)<\/td>\n<\/tr>\n<tr>\n<td style=\"text-align: center;\" width=\"175\">M\u00e4tnoggrannhet<\/td>\n<td style=\"text-align: center;\" width=\"277\">0.5%<\/td>\n<\/tr>\n<tr>\n<td style=\"text-align: center;\" width=\"175\">Tidsintervall<\/td>\n<td style=\"text-align: center;\" width=\"277\">0~10000S<\/td>\n<\/tr>\n<tr>\n<td style=\"text-align: center;\" width=\"175\">Plattans storlek<\/td>\n<td style=\"text-align: center;\" width=\"277\">250mm * 300mm (kan anpassas)<\/td>\n<\/tr>\n<tr>\n<td style=\"text-align: center;\" width=\"175\">Str\u00f6mf\u00f6rs\u00f6rjning<\/td>\n<td style=\"text-align: center;\" width=\"277\">220V, 50HZ<\/td>\n<\/tr>\n<tr>\n<td style=\"text-align: center;\" width=\"175\">Dimension<\/td>\n<td style=\"text-align: center;\" width=\"277\">460 mm*410 mm*590 mm<\/td>\n<\/tr>\n<\/tbody>\n<\/table>\n<h2><strong>Vanliga fr\u00e5gor<\/strong><\/h2>\n<ol>\n<li><strong>Vilka typer av material kan Bag Compression Tester utv\u00e4rdera?<\/strong>\n<ul>\n<li>Testaren kan bed\u00f6ma en m\u00e4ngd olika material, bland annat kompositfilmer, plastp\u00e5sar och beh\u00e5llare som anv\u00e4nds i livsmedel, l\u00e4kemedel och kosmetika.<\/li>\n<\/ul>\n<\/li>\n<li><strong>Hur skiljer sig f\u00f6rpackningens kompressionstest fr\u00e5n andra kompressionstest?<\/strong>\n<ul>\n<li>F\u00f6rpackningens kompressionstest utv\u00e4rderar specifikt f\u00f6rpackningens f\u00f6rm\u00e5ga att motst\u00e5 krafter som kan uppst\u00e5 under transport och lagring, med fokus p\u00e5 verkliga till\u00e4mpningar.<\/li>\n<\/ul>\n<\/li>\n<li><strong>Kan Bag Compression Tester anpassas f\u00f6r specifika testkrav?<\/strong>\n<ul>\n<li>Ja, Bag Compression Tester kan anpassas f\u00f6r att passa icke-standardiserade teststorlekar och specifika material.<\/li>\n<\/ul>\n<\/li>\n<li><strong>Vilken \u00e4r den maximala kraft som testaren kan m\u00e4ta?<\/strong>\n<ul>\n<li>Standardm\u00e4tomr\u00e5det \u00e4r 2000N, med m\u00f6jlighet till tillval f\u00f6r h\u00f6gre kapacitet.<\/li>\n<\/ul>\n<\/li>\n<li><strong>Hur kan datainsamling i realtid f\u00f6rb\u00e4ttra testprecisionen?<\/strong>\n<ul>\n<li>Datainsamling i realtid m\u00f6jligg\u00f6r omedelbar analys av materialets prestanda under belastning, vilket f\u00f6rb\u00e4ttrar testresultatens noggrannhet och tillf\u00f6rlitlighet.<\/li>\n<\/ul>\n<\/li>\n<\/ol>\n<p>Bag Compression Tester \u00e4r viktig f\u00f6r att f\u00f6rb\u00e4ttra f\u00f6rpackningskvaliteten och s\u00e4kerst\u00e4lla att produkterna kan motst\u00e5 olika tryck under transport. Genom att investera i denna banbrytande testutrustning kan tillverkare avsev\u00e4rt minska risken f\u00f6r f\u00f6rpackningsfel, skydda sina produkter och uppr\u00e4tth\u00e5lla sitt rykte p\u00e5 marknaden.<\/p>","protected":false},"excerpt":{"rendered":"<p>Bag Compression Tester \u00e4r ett viktigt verktyg f\u00f6r kvalitetss\u00e4kring av f\u00f6rpackningsmaterial. Eftersom f\u00f6rpackningsintegritet \u00e4r avg\u00f6rande f\u00f6r att s\u00e4kerst\u00e4lla produkts\u00e4kerhet och effektivitet spelar detta instrument en avg\u00f6rande roll inom olika branscher, inklusive livsmedel, l\u00e4kemedel, kosmetika och medicinska f\u00f6rpackningar. Bag Compression Tester \u00e4r utformat f\u00f6r att bed\u00f6ma h\u00e5llbarheten och prestandan hos olika f\u00f6rpackningsmaterial och s\u00e4kerst\u00e4ller att produkterna klarar p\u00e5frestningarna under transport och lagring.<\/p>","protected":false},"featured_media":6245,"comment_status":"closed","ping_status":"closed","template":"","meta":{"site-sidebar-layout":"default","site-content-layout":"default","ast-global-header-display":"","ast-main-header-display":"","ast-hfb-above-header-display":"","ast-hfb-below-header-display":"","ast-hfb-mobile-header-display":"","site-post-title":"","ast-breadcrumbs-content":"","ast-featured-img":"","footer-sml-layout":"","theme-transparent-header-meta":"default","adv-header-id-meta":"","stick-header-meta":"","header-above-stick-meta":"","header-main-stick-meta":"","header-below-stick-meta":""},"product_cat":[1069,1068,953,956,955,845,1065,1064,1067,1066,1159,965,954,957,958,952,959,1070,17,149,16,160,161,162,163,164,165,166,167,168,169,170,171,172,173,95],"product_tag":[],"class_list":{"0":"post-5134","1":"product","2":"type-product","3":"status-publish","4":"has-post-thumbnail","6":"product_cat-astm-d4169","7":"product_cat-astm-d642","8":"product_cat-bursting-tester","9":"product_cat-cobb-tester","10":"product_cat-crush-tester","11":"product_cat-customization","12":"product_cat-iso-12048","13":"product_cat-iso-2234","14":"product_cat-iso-2872","15":"product_cat-iso-2874","16":"product_cat-jis-z0212","17":"product_cat-package-compression-tester","18":"product_cat-paper-tear-tester","19":"product_cat-plybond-tester","20":"product_cat-puncture-tester","21":"product_cat-rub-tester","22":"product_cat-stiffness-tester","23":"product_cat-tappi-t804","24":"product_cat-package-container-testers","25":"product_cat-pharma-and-medical-testers","26":"product_cat-plastic-packaging-testers","27":"product_cat-iso-3034","28":"product_cat-iso-37","29":"product_cat-iso-4593","30":"product_cat-iso-5084","31":"product_cat-iso-534","32":"product_cat-iso-6383","33":"product_cat-iso-6710","34":"product_cat-iso-719","35":"product_cat-iso-720","36":"product_cat-iso-7765-1","37":"product_cat-iso-8295","38":"product_cat-iso-8510-2","39":"product_cat-iso-9073-2","40":"product_cat-iso-9187","41":"product_cat-products","42":"desktop-align-left","43":"tablet-align-left","44":"mobile-align-left","46":"first","47":"instock","48":"shipping-taxable","49":"product-type-simple"},"_links":{"self":[{"href":"https:\/\/www.qualitester.com\/sv\/wp-json\/wp\/v2\/product\/5134","targetHints":{"allow":["GET"]}}],"collection":[{"href":"https:\/\/www.qualitester.com\/sv\/wp-json\/wp\/v2\/product"}],"about":[{"href":"https:\/\/www.qualitester.com\/sv\/wp-json\/wp\/v2\/types\/product"}],"replies":[{"embeddable":true,"href":"https:\/\/www.qualitester.com\/sv\/wp-json\/wp\/v2\/comments?post=5134"}],"version-history":[{"count":0,"href":"https:\/\/www.qualitester.com\/sv\/wp-json\/wp\/v2\/product\/5134\/revisions"}],"wp:featuredmedia":[{"embeddable":true,"href":"https:\/\/www.qualitester.com\/sv\/wp-json\/wp\/v2\/media\/6245"}],"wp:attachment":[{"href":"https:\/\/www.qualitester.com\/sv\/wp-json\/wp\/v2\/media?parent=5134"}],"wp:term":[{"taxonomy":"product_cat","embeddable":true,"href":"https:\/\/www.qualitester.com\/sv\/wp-json\/wp\/v2\/product_cat?post=5134"},{"taxonomy":"product_tag","embeddable":true,"href":"https:\/\/www.qualitester.com\/sv\/wp-json\/wp\/v2\/product_tag?post=5134"}],"curies":[{"name":"wp","href":"https:\/\/api.w.org\/{rel}","templated":true}]}}