{"id":5132,"date":"2024-10-30T17:07:18","date_gmt":"2024-10-30T09:07:18","guid":{"rendered":"https:\/\/www.qualitester.com\/?post_type=product&#038;p=5132"},"modified":"2024-12-05T11:37:45","modified_gmt":"2024-12-05T03:37:45","slug":"sale-glass-grains-sampler-for-hydrolytic-resistance","status":"publish","type":"product","link":"https:\/\/www.qualitester.com\/sv\/produkt-2\/sale-glass-grains-sampler-for-hydrolytic-resistance\/","title":{"rendered":"GHR-01A Provtagare f\u00f6r spannm\u00e5l i glas"},"content":{"rendered":"<h2><strong>Introduktion till GHR-01A-provtagare f\u00f6r hydrolytisk resistens<\/strong><\/h2>\n<p>Den <strong>GHR-01A Provtagare f\u00f6r hydrolytisk best\u00e4ndighet av glaskorn<\/strong>\u00a0\u00e4r ett avancerat instrument som \u00e4r utformat f\u00f6r att bed\u00f6ma den kemiska stabiliteten hos glasmaterial mot vatten. Detta viktiga kvalitetskontrolltest \u00e4r avg\u00f6rande inom l\u00e4kemedelsindustrin, eftersom det avg\u00f6r hur f\u00f6rpackningsmaterial, t.ex. glasflaskor och ampuller, interagerar med de l\u00e4kemedel de inneh\u00e5ller, vilket direkt p\u00e5verkar stabiliteten och s\u00e4kerheten hos dessa produkter.<\/p>\n<h3><strong>F\u00f6rst\u00e5else av hydrolytisk resistenstestning<\/strong><\/h3>\n<p>Hydrolytisk resistenstestning utv\u00e4rderar glasmaterialens tendens att brytas ned vid kontakt med vatten. Denna nedbrytning kan frig\u00f6ra joner som kan \u00e4ventyra l\u00e4kemedlets effekt. Att s\u00e4kerst\u00e4lla att glasf\u00f6rpackningar uppvisar h\u00f6g hydrolytisk resistens \u00e4r avg\u00f6rande f\u00f6r att uppr\u00e4tth\u00e5lla integriteten hos l\u00e4kemedel och f\u00f6rhindra biverkningar.<\/p>\n<h3><strong>Standarder f\u00f6r provning av hydrolytisk resistens<\/strong><\/h3>\n<ul>\n<li><strong><a href=\"https:\/\/www.iso.org\/standard\/77843.html\" target=\"_blank\" rel=\"noopener nofollow\">ISO 719<\/a>: Glas - Hydrolytisk best\u00e4ndighet av glaskorn vid 98 \u2103<\/strong><br \/>\nDenna standard beskriver testmetoden och klassificeringen f\u00f6r att bed\u00f6ma hydrolysmotst\u00e5ndet hos glaskorn vid en temperatur p\u00e5 98 \u2103. Den ger riktlinjer f\u00f6r hur man f\u00f6rbereder prover och utv\u00e4rderar deras motst\u00e5ndskraft mot vatten, vilket \u00e4r avg\u00f6rande f\u00f6r att s\u00e4kerst\u00e4lla att glasf\u00f6rpackningar bibeh\u00e5ller sin integritet under typiska lagringsf\u00f6rh\u00e5llanden.<\/li>\n<li><strong><a href=\"https:\/\/www.iso.org\/standard\/77844.html\" target=\"_blank\" rel=\"noopener nofollow\">ISO 720<\/a>: Glas - Hydrolytisk best\u00e4ndighet hos glaskorn vid 121 \u2103<\/strong><br \/>\nLiknande <a href=\"https:\/\/www.qualitester.com\/sv\/produkt-kategori\/iso\/iso-719\/\" target=\"_blank\" rel=\"noopener\">ISO 719<\/a>, I denna standard fokuserar man p\u00e5 att testa glaskorn vid en f\u00f6rh\u00f6jd temperatur p\u00e5 121 \u2103. Den erbjuder en rigor\u00f6s metodik f\u00f6r att utv\u00e4rdera hur glasmaterial fungerar under mer extrema f\u00f6rh\u00e5llanden, vilket \u00e4r s\u00e4rskilt relevant f\u00f6r steriliseringsprocesser.<\/li>\n<\/ul>\n<h3><strong>Testmetodik<\/strong><\/h3>\n<p>Testprocessen inneb\u00e4r att glasprovet placeras i en mortel, d\u00e4r en automatiserad st\u00f6t s\u00e4nks ned f\u00f6r att krossa glaset till fragment. Enheten vibrerar sedan en serie siktar och separerar kvalificerade prover fr\u00e5n glasgranulatavfallet. Denna automatiserade metod s\u00e4kerst\u00e4ller att proverna bereds korrekt och effektivt, i enlighet med de standarder som anges i ISO 719 och ISO 720.<\/p>\n<h2><strong>Funktioner och f\u00f6rdelar med GHR-01A-testaren<\/strong><\/h2>\n<ol>\n<li><strong>Smart automatisering<\/strong>: GHR-01A kombinerar krossning och vibrationssiktning i en enda enhet, vilket underl\u00e4ttar s\u00f6ml\u00f6s provberedning och s\u00e4kerst\u00e4ller standardkompatibla provstorlekar.<\/li>\n<li><strong>Anv\u00e4ndarv\u00e4nligt gr\u00e4nssnitt<\/strong>: HMI-sk\u00e4rmoperationerna ger enkel interaktion mellan m\u00e4nniska och maskin, vilket g\u00f6r det enkelt f\u00f6r operat\u00f6rerna att hantera testprocessen.<\/li>\n<li><strong>S\u00e4kerhetsfunktioner<\/strong>: Minskad manuell hantering f\u00f6rb\u00e4ttrar s\u00e4kerheten f\u00f6r personalen, medan inbyggda s\u00e4kerhetsanordningar skyddar mot glasst\u00e4nk, vilket bibeh\u00e5ller testets integritet.<\/li>\n<li><strong>Milj\u00f6v\u00e4nlig design<\/strong>: Enheten inkluderar specialiserad insamling av glasavfall f\u00f6r att minimera milj\u00f6p\u00e5verkan.<\/li>\n<li><strong>Precisionstestning<\/strong>: Automatiserad siktning f\u00f6rb\u00e4ttrar noggrannheten och ger tillf\u00f6rlitliga resultat.<\/li>\n<li><strong>Funktion f\u00f6r gr\u00e4nsl\u00e4gesbrytare<\/strong>: Extra s\u00e4kerhets\u00e5tg\u00e4rder f\u00f6rhindrar driftsrisker.<\/li>\n<li><strong>Optimerad design<\/strong>: Den vertikala layouten minskar gravitationseffekterna p\u00e5 st\u00f6rre prover, vilket ger konsekventa testresultat.<\/li>\n<\/ol>\n<h3><strong>Huvudparametrar<\/strong><\/h3>\n<table>\n<tbody>\n<tr>\n<td style=\"text-align: center;\" width=\"202\">Murbruk\/Pestle Dimension<\/td>\n<td style=\"text-align: center;\" width=\"151\">\u03a650\/\u03a648 mm<\/td>\n<\/tr>\n<tr>\n<td style=\"text-align: center;\" width=\"202\">Sikt A \u00d6ppning<\/td>\n<td style=\"text-align: center;\" width=\"151\">425 \u03bcm<\/td>\n<\/tr>\n<tr>\n<td style=\"text-align: center;\" width=\"202\">\u00d6ppning f\u00f6r sikt B<\/td>\n<td style=\"text-align: center;\" width=\"151\">300 \u03bcm<\/td>\n<\/tr>\n<tr>\n<td style=\"text-align: center;\" width=\"202\">O-\u00f6ppning f\u00f6r sikt<\/td>\n<td style=\"text-align: center;\" width=\"151\">600\u03bcm\u03bcm<\/td>\n<\/tr>\n<tr>\n<td style=\"text-align: center;\" width=\"202\">Skakning av sikt Varaktighet<\/td>\n<td style=\"text-align: center;\" width=\"151\">5 minuter<\/td>\n<\/tr>\n<tr>\n<td style=\"text-align: center;\" width=\"202\">Gastryck<\/td>\n<td style=\"text-align: center;\" width=\"151\">0,5 Mpa<\/td>\n<\/tr>\n<tr>\n<td style=\"text-align: center;\" width=\"202\">Storlek p\u00e5 gasport<\/td>\n<td style=\"text-align: center;\" width=\"151\">\u04246 mm<\/td>\n<\/tr>\n<tr>\n<td style=\"text-align: center;\" width=\"202\">Kraft<\/td>\n<td style=\"text-align: center;\" width=\"151\">AC 110~220V 50Hz<\/td>\n<\/tr>\n<\/tbody>\n<\/table>\n<h2><strong>Anv\u00e4ndningsomr\u00e5den f\u00f6r GHR-01A-testaren<\/strong><\/h2>\n<p>GHR-01A \u00e4r n\u00f6dv\u00e4ndig f\u00f6r ett brett spektrum av till\u00e4mpningar, s\u00e4rskilt inom l\u00e4kemedels- och medicinteknikindustrin. Den \u00e4r idealisk f\u00f6r att f\u00f6rbereda hydrolytiska resistensprover av glasgranulat som anv\u00e4nds i olika medicinska glasprodukter, inklusive infusionsflaskor, injektionsflaskor, ampuller och flaskor f\u00f6r oral v\u00e4tska.<\/p>\n<p>Sammanfattningsvis kan s\u00e4gas att <strong>GHR-01A Tester f\u00f6r hydrolytisk resistens hos glasfiberkorn<\/strong> \u00e4r en sofistikerad l\u00f6sning f\u00f6r att s\u00e4kerst\u00e4lla kvaliteten och s\u00e4kerheten hos l\u00e4kemedelsf\u00f6rpackningar av glas. Genom att f\u00f6lja ISO-standarder ger detta instrument tillf\u00f6rlitliga resultat som \u00e4r avg\u00f6rande f\u00f6r att uppr\u00e4tth\u00e5lla integriteten hos farmaceutiska produkter. V\u00e4lj GHR-01A f\u00f6r dina testbehov f\u00f6r att s\u00e4kerst\u00e4lla de h\u00f6gsta standarderna f\u00f6r kvalitetskontroll.<\/p>\n<h2><strong>Vanliga fr\u00e5gor<\/strong><\/h2>\n<ol>\n<li><strong>Vad \u00e4r hydrolytisk resistens?<\/strong> Hydrolytisk resistens avser glasmaterialens f\u00f6rm\u00e5ga att motst\u00e5 nedbrytning n\u00e4r de uts\u00e4tts f\u00f6r vatten, vilket \u00e4r avg\u00f6rande f\u00f6r att uppr\u00e4tth\u00e5lla l\u00e4kemedelsstabiliteten.<\/li>\n<li><strong>Hur fungerar GHR-01A Tester?<\/strong> Testaren krossar automatiskt glasprover och vibrerar siktar f\u00f6r att separera granulat som uppfyller kraven fr\u00e5n avfall, vilket effektiviserar testprocessen.<\/li>\n<li><strong>Vilka standarder uppfyller GHR-01A?<\/strong> GHR-01A uppfyller standarderna ISO 719 och ISO 720 f\u00f6r hydrolytisk best\u00e4ndighetsprovning av glaskorn.<\/li>\n<li><strong>Vilka typer av produkter kan testas?<\/strong> GHR-01A \u00e4r l\u00e4mplig f\u00f6r provning av glas som anv\u00e4nds i infusionsflaskor, injektionsflaskor, ampuller och beh\u00e5llare f\u00f6r oral v\u00e4tska.<\/li>\n<li><strong>\u00c4r testprocessen s\u00e4ker?<\/strong> Ja, GHR-01A \u00e4r utformad med flera s\u00e4kerhetsfunktioner f\u00f6r att skydda personal och uppr\u00e4tth\u00e5lla testintegriteten.<\/li>\n<\/ol>","protected":false},"excerpt":{"rendered":"<p>Den <strong>GHR-01A Provtagare f\u00f6r hydrolytisk best\u00e4ndighet av glaskorn<\/strong>\u00a0\u00e4r ett avancerat instrument som \u00e4r utformat f\u00f6r att bed\u00f6ma den kemiska stabiliteten hos glasmaterial mot vatten. Detta viktiga kvalitetskontrolltest \u00e4r avg\u00f6rande inom l\u00e4kemedelsindustrin, eftersom det avg\u00f6r hur f\u00f6rpackningsmaterial, t.ex. glasflaskor och ampuller, interagerar med de l\u00e4kemedel de inneh\u00e5ller, vilket direkt p\u00e5verkar stabiliteten och s\u00e4kerheten hos dessa produkter.<\/p>","protected":false},"featured_media":6209,"comment_status":"closed","ping_status":"closed","template":"","meta":{"site-sidebar-layout":"default","site-content-layout":"default","ast-global-header-display":"","ast-main-header-display":"","ast-hfb-above-header-display":"","ast-hfb-below-header-display":"","ast-hfb-mobile-header-display":"","site-post-title":"","ast-breadcrumbs-content":"","ast-featured-img":"","footer-sml-layout":"","theme-transparent-header-meta":"default","adv-header-id-meta":"","stick-header-meta":"","header-above-stick-meta":"","header-main-stick-meta":"","header-below-stick-meta":""},"product_cat":[845,149,167,168,95],"product_tag":[],"class_list":{"0":"post-5132","1":"product","2":"type-product","3":"status-publish","4":"has-post-thumbnail","6":"product_cat-customization","7":"product_cat-pharma-and-medical-testers","8":"product_cat-iso-719","9":"product_cat-iso-720","10":"product_cat-products","11":"desktop-align-left","12":"tablet-align-left","13":"mobile-align-left","15":"first","16":"instock","17":"shipping-taxable","18":"product-type-simple"},"_links":{"self":[{"href":"https:\/\/www.qualitester.com\/sv\/wp-json\/wp\/v2\/product\/5132","targetHints":{"allow":["GET"]}}],"collection":[{"href":"https:\/\/www.qualitester.com\/sv\/wp-json\/wp\/v2\/product"}],"about":[{"href":"https:\/\/www.qualitester.com\/sv\/wp-json\/wp\/v2\/types\/product"}],"replies":[{"embeddable":true,"href":"https:\/\/www.qualitester.com\/sv\/wp-json\/wp\/v2\/comments?post=5132"}],"version-history":[{"count":0,"href":"https:\/\/www.qualitester.com\/sv\/wp-json\/wp\/v2\/product\/5132\/revisions"}],"wp:featuredmedia":[{"embeddable":true,"href":"https:\/\/www.qualitester.com\/sv\/wp-json\/wp\/v2\/media\/6209"}],"wp:attachment":[{"href":"https:\/\/www.qualitester.com\/sv\/wp-json\/wp\/v2\/media?parent=5132"}],"wp:term":[{"taxonomy":"product_cat","embeddable":true,"href":"https:\/\/www.qualitester.com\/sv\/wp-json\/wp\/v2\/product_cat?post=5132"},{"taxonomy":"product_tag","embeddable":true,"href":"https:\/\/www.qualitester.com\/sv\/wp-json\/wp\/v2\/product_tag?post=5132"}],"curies":[{"name":"wp","href":"https:\/\/api.w.org\/{rel}","templated":true}]}}