{"id":5131,"date":"2024-10-30T17:07:00","date_gmt":"2024-10-30T09:07:00","guid":{"rendered":"https:\/\/www.qualitester.com\/?post_type=product&#038;p=5131"},"modified":"2026-04-22T12:02:56","modified_gmt":"2026-04-22T04:02:56","slug":"sale-yogurt-container-lid-film-peel-tester","status":"publish","type":"product","link":"https:\/\/www.qualitester.com\/sv\/produkt-2\/sale-yogurt-container-lid-film-peel-tester\/","title":{"rendered":"CCPT-01 Avskalningsprovare f\u00f6r koppar och beh\u00e5llare"},"content":{"rendered":"<h2><strong>Inledning<\/strong><\/h2>\n<p>Den <strong>Yoghurtbeh\u00e5llare Lid Film Peel Tester<\/strong> \u00e4r ett viktigt instrument f\u00f6r att m\u00e4ta den mekaniska t\u00e4tningsh\u00e5llfastheten hos lock till yoghurtf\u00f6rpackningar. Testaren s\u00e4kerst\u00e4ller produktintegritet och konsuments\u00e4kerhet genom att utv\u00e4rdera de krafter som kr\u00e4vs f\u00f6r att lossa locket fr\u00e5n beh\u00e5llaren. I en bransch d\u00e4r f\u00f6rpackningskvaliteten direkt p\u00e5verkar konsumenternas f\u00f6rtroende spelar denna testare en avg\u00f6rande roll inom livsmedelsf\u00f6rpackningssektorn.<\/p>\n<h2><strong>\u00d6versikt \u00f6ver standarder<\/strong><\/h2>\n<h3><strong><a href=\"https:\/\/www.qualitester.com\/sv\/standards\/astm-f2824\/\" target=\"_blank\" rel=\"noopener\">ASTM F2824<\/a>: Standardprovningsmetod f\u00f6r h\u00e5llfasthetsprovning av mekaniska t\u00e4tningar<\/strong><\/h3>\n<p><a href=\"https:\/\/www.qualitester.com\/sv\/produkt-kategori\/astm\/astm-f2824\/\" target=\"_blank\" rel=\"noopener\">ASTM F2824<\/a> \u00e4r en erk\u00e4nd standard som beskriver metoden f\u00f6r att bed\u00f6ma den mekaniska t\u00e4tningsh\u00e5llfastheten hos runda koppar och sk\u00e5lar som \u00e4r utrustade med flexibla avskalningsbara lock. Denna standard ger detaljerade instruktioner f\u00f6r att utf\u00f6ra skalprovningar och betonar vikten av att testa under konsekventa f\u00f6rh\u00e5llanden. Den typiska dragvinkeln f\u00f6r dessa tester \u00e4r 45 grader; metoden till\u00e5ter dock andra vinklar f\u00f6r att tillgodose olika testkrav.<\/p>\n<h3><strong>Andra relevanta standarder<\/strong><\/h3>\n<p>I till\u00e4gg till ASTM F2824 \u00e4r <strong>Yoghurtbeh\u00e5llare Lid Film Peel Tester<\/strong> f\u00f6ljer ISO 17480, som ger ytterligare v\u00e4gledning f\u00f6r provning av mekanisk t\u00e4tningsstyrka hos f\u00f6rpackningsmaterial. Dessa standarder s\u00e4kerst\u00e4ller att testprocessen \u00f6verensst\u00e4mmer med globala kvalitetss\u00e4krings\u00e5tg\u00e4rder.<\/p>\n<h2><strong>Till\u00e4mpning<\/strong><\/h2>\n<p>Den <strong>Yoghurtbeh\u00e5llare Lid Film Peel Tester<\/strong> \u00e4r s\u00e4rskilt utformad f\u00f6r yoghurtbeh\u00e5llare men \u00e4r tillr\u00e4ckligt m\u00e5ngsidig f\u00f6r att passa en m\u00e4ngd olika f\u00f6rpackningstyper, inklusive f\u00e4rdigr\u00e4tter, gr\u00e4ddfil och andra livsmedelsprodukter i styva eller halvstyva beh\u00e5llare. M\u00f6jligheten att testa flera olika beh\u00e5llarformer - runda, ovala och rektangul\u00e4ra - s\u00e4kerst\u00e4ller att tillverkarna kan uppr\u00e4tth\u00e5lla h\u00f6ga kvalitetsstandarder f\u00f6r alla sina produktlinjer.<\/p>\n<h3><strong>F\u00f6rdelar<\/strong><\/h3>\n<ol>\n<li><strong>Robust design<\/strong>\n<ul>\n<li>Med en intern struktur med tre pelare och en stegmotor garanterar denna testare exceptionell stabilitet under testerna. Dess design m\u00f6jligg\u00f6r ett brett anv\u00e4ndningsomr\u00e5de, vilket g\u00f6r den l\u00e4mplig f\u00f6r olika beh\u00e5llarformer och -storlekar.<\/li>\n<\/ul>\n<\/li>\n<li><strong>Anv\u00e4ndarv\u00e4nligt gr\u00e4nssnitt<\/strong>\n<ul>\n<li>Den integrerade PLC (Programmable Logic Controller) och HMI (Human-Machine Interface) har en f\u00e4rgsk\u00e4rm f\u00f6r intuitiv anv\u00e4ndning, vilket f\u00f6renklar testprocessen f\u00f6r anv\u00e4ndarna.<\/li>\n<\/ul>\n<\/li>\n<li><strong>M\u00e5ngsidiga testalternativ<\/strong>\n<ul>\n<li>Testaren erbjuder stegl\u00f6s hastighetsreglering, vilket g\u00f6r att anv\u00e4ndarna kan anpassa testhastigheten efter sina behov. B\u00e5de manuella (klicka f\u00f6r att flytta) och automatiska alternativ f\u00f6r testinitiering s\u00e4kerst\u00e4ller flexibilitet i driften.<\/li>\n<\/ul>\n<\/li>\n<li><strong>S\u00e4kerhetsfunktioner<\/strong>\n<ul>\n<li>Testaren \u00e4r utrustad med \u00f6verbelastnings- och slagskydd som skyddar b\u00e5de instrumentet och anv\u00e4ndaren. Den st\u00f6der ocks\u00e5 tester med fasta v\u00e4rden, vilket m\u00f6jligg\u00f6r exakt kontroll \u00f6ver testparametrar som slagposition och h\u00e5lltid.<\/li>\n<\/ul>\n<\/li>\n<li><strong>Datahantering<\/strong>\n<ul>\n<li>Kraftkurvan visas i realtid och ger omedelbar feedback p\u00e5 testresultaten, medan automatiska ber\u00e4kningar av max-, min- och medelkrafter f\u00f6rb\u00e4ttrar noggrannheten och anv\u00e4ndbarheten. Valfri programvara f\u00f6r dator m\u00f6jligg\u00f6r detaljerad dataanalys och rapportering.<\/li>\n<\/ul>\n<\/li>\n<li><strong>Anpassade armaturer<\/strong>\n<ul>\n<li>Tillg\u00e5ngen till anpassade fixturer, inklusive en vakuumkl\u00e4mmekanism, s\u00e4kerst\u00e4ller s\u00e4ker testning av yoghurtbeh\u00e5llarens lock, vilket bidrar till konsekventa och tillf\u00f6rlitliga resultat.<\/li>\n<\/ul>\n<\/li>\n<\/ol>\n<h3><strong>Specifikationer<\/strong><\/h3>\n<table>\n<tbody>\n<tr>\n<td style=\"text-align: center;\" width=\"123\">Testomr\u00e5de<\/td>\n<td style=\"text-align: center;\" width=\"201\">500N (eller enligt behov)<\/td>\n<\/tr>\n<tr>\n<td style=\"text-align: center;\" width=\"123\">Stroke<\/td>\n<td style=\"text-align: center;\" width=\"201\">260 mm<\/td>\n<\/tr>\n<tr>\n<td style=\"text-align: center;\" width=\"123\">Hastighet<\/td>\n<td style=\"text-align: center;\" width=\"201\">1 \uff5e 500 mm \/ min<\/td>\n<\/tr>\n<tr>\n<td style=\"text-align: center;\" width=\"123\">Gastryck<\/td>\n<td style=\"text-align: center;\" width=\"201\">0,6 MPa<\/td>\n<\/tr>\n<tr>\n<td style=\"text-align: center;\" width=\"123\">Storlek p\u00e5 gasport<\/td>\n<td style=\"text-align: center;\" width=\"201\">\u04246 mm<\/td>\n<\/tr>\n<tr>\n<td style=\"text-align: center;\" width=\"123\">Kraft<\/td>\n<td style=\"text-align: center;\" width=\"201\">AC 110~220V 50\/60Hz<\/td>\n<\/tr>\n<\/tbody>\n<\/table>\n<p>Den <strong>Yoghurtbeh\u00e5llare Lid Film Peel Tester<\/strong> \u00e4r ett oumb\u00e4rligt verktyg f\u00f6r tillverkare som vill s\u00e4kerst\u00e4lla kvaliteten och s\u00e4kerheten hos sina yoghurtf\u00f6rpackningar. Genom att f\u00f6lja etablerade branschstandarder som ASTM F2824 och ISO 17480 st\u00f6der denna testare rigor\u00f6sa kvalitetss\u00e4kringsprocesser, vilket f\u00f6rb\u00e4ttrar produkttillf\u00f6rlitligheten och konsumenternas f\u00f6rtroende.<\/p>\n<h2><strong>Vanliga fr\u00e5gor<\/strong><\/h2>\n<ol>\n<li><strong>Vilka typer av beh\u00e5llare kan testas med detta instrument?<\/strong>\n<ul>\n<li>Testaren \u00e4r l\u00e4mplig f\u00f6r olika styva och halvstyva beh\u00e5llare, inklusive runda, ovala och rektangul\u00e4ra former.<\/li>\n<\/ul>\n<\/li>\n<li><strong>Hur s\u00e4kerst\u00e4ller testaren att m\u00e4tningarna blir korrekta?<\/strong>\n<ul>\n<li>Testaren anv\u00e4nder en precisionsstegmotor och en stabil intern struktur, vilket s\u00e4kerst\u00e4ller konsekventa resultat under varje test.<\/li>\n<\/ul>\n<\/li>\n<li><strong>Kan dragvinkeln justeras f\u00f6r olika tester?<\/strong>\n<ul>\n<li>Ja, \u00e4ven om standardvinkeln f\u00f6r provning \u00e4r 45 grader, kan provaren justeras f\u00f6r att uppfylla specifika provningskrav.<\/li>\n<\/ul>\n<\/li>\n<li><strong>Vad \u00e4r betydelsen av ASTM F2824 vid skalprovning?<\/strong>\n<ul>\n<li><a href=\"https:\/\/www.astm.org\/f2824-10r20.html\" target=\"_blank\" rel=\"noopener nofollow\">ASTM F2824<\/a> provides a standardized method for assessing the mechanical seal strength of flexible peelable lids, ensuring reliable and consistent testing across the industry.<\/li>\n<\/ul>\n<\/li>\n<li><strong>Medf\u00f6ljer programvara f\u00f6r dataanalys och vilka funktioner har den?<\/strong>\n<ul>\n<li>Som tillval finns datorprogramvara som ger avancerade m\u00f6jligheter till dataanalys, inklusive detaljerad rapportering och grafisk visning av testresultaten.<\/li>\n<\/ul>\n<\/li>\n<\/ol>","protected":false},"excerpt":{"rendered":"<p>Den <strong>Yoghurtbeh\u00e5llare Lid Film Peel Tester<\/strong> \u00e4r ett viktigt instrument f\u00f6r att m\u00e4ta den mekaniska t\u00e4tningsh\u00e5llfastheten hos lock till yoghurtf\u00f6rpackningar. Testaren s\u00e4kerst\u00e4ller produktintegritet och konsuments\u00e4kerhet genom att utv\u00e4rdera de krafter som kr\u00e4vs f\u00f6r att lossa locket fr\u00e5n beh\u00e5llaren. I en bransch d\u00e4r f\u00f6rpackningskvaliteten direkt p\u00e5verkar konsumenternas f\u00f6rtroende spelar denna testare en avg\u00f6rande roll inom livsmedelsf\u00f6rpackningssektorn.<\/p>","protected":false},"featured_media":6236,"comment_status":"closed","ping_status":"closed","template":"","meta":{"site-sidebar-layout":"default","site-content-layout":"default","ast-global-header-display":"","ast-main-header-display":"","ast-hfb-above-header-display":"","ast-hfb-below-header-display":"","ast-hfb-mobile-header-display":"","site-post-title":"","ast-breadcrumbs-content":"","ast-featured-img":"","footer-sml-layout":"","theme-transparent-header-meta":"default","adv-header-id-meta":"","stick-header-meta":"","header-above-stick-meta":"","header-main-stick-meta":"","header-below-stick-meta":""},"product_cat":[681,1160,953,956,955,845,954,957,958,952,959,17,16,95],"product_tag":[],"class_list":{"0":"post-5131","1":"product","2":"type-product","3":"status-publish","4":"has-post-thumbnail","6":"product_cat-peel-tester","7":"product_cat-astm-f2824","8":"product_cat-bursting-tester","9":"product_cat-cobb-tester","10":"product_cat-crush-tester","11":"product_cat-customization","12":"product_cat-paper-tear-tester","13":"product_cat-plybond-tester","14":"product_cat-puncture-tester","15":"product_cat-rub-tester","16":"product_cat-stiffness-tester","17":"product_cat-package-container-testers","18":"product_cat-plastic-packaging-testers","19":"product_cat-products","20":"desktop-align-left","21":"tablet-align-left","22":"mobile-align-left","24":"first","25":"instock","26":"shipping-taxable","27":"product-type-simple"},"_links":{"self":[{"href":"https:\/\/www.qualitester.com\/sv\/wp-json\/wp\/v2\/product\/5131","targetHints":{"allow":["GET"]}}],"collection":[{"href":"https:\/\/www.qualitester.com\/sv\/wp-json\/wp\/v2\/product"}],"about":[{"href":"https:\/\/www.qualitester.com\/sv\/wp-json\/wp\/v2\/types\/product"}],"replies":[{"embeddable":true,"href":"https:\/\/www.qualitester.com\/sv\/wp-json\/wp\/v2\/comments?post=5131"}],"version-history":[{"count":1,"href":"https:\/\/www.qualitester.com\/sv\/wp-json\/wp\/v2\/product\/5131\/revisions"}],"predecessor-version":[{"id":7934,"href":"https:\/\/www.qualitester.com\/sv\/wp-json\/wp\/v2\/product\/5131\/revisions\/7934"}],"wp:featuredmedia":[{"embeddable":true,"href":"https:\/\/www.qualitester.com\/sv\/wp-json\/wp\/v2\/media\/6236"}],"wp:attachment":[{"href":"https:\/\/www.qualitester.com\/sv\/wp-json\/wp\/v2\/media?parent=5131"}],"wp:term":[{"taxonomy":"product_cat","embeddable":true,"href":"https:\/\/www.qualitester.com\/sv\/wp-json\/wp\/v2\/product_cat?post=5131"},{"taxonomy":"product_tag","embeddable":true,"href":"https:\/\/www.qualitester.com\/sv\/wp-json\/wp\/v2\/product_tag?post=5131"}],"curies":[{"name":"wp","href":"https:\/\/api.w.org\/{rel}","templated":true}]}}