{"id":4401,"date":"2024-07-23T11:40:39","date_gmt":"2024-07-23T03:40:39","guid":{"rendered":"https:\/\/www.qualitester.com\/?post_type=product&#038;p=4401"},"modified":"2024-12-27T14:18:45","modified_gmt":"2024-12-27T06:18:45","slug":"best-balloon-burst-tester-for-sale","status":"publish","type":"product","link":"https:\/\/www.qualitester.com\/sv\/produkt-2\/best-balloon-burst-tester-for-sale\/","title":{"rendered":"LSST-01 H\u00e5llfasthetsprovare f\u00f6r l\u00e4ckage och t\u00e4tningar"},"content":{"rendered":"<p>Den <strong>Testare f\u00f6r ballongspr\u00e4ngning<\/strong> \u00e4r m\u00e5ngsidig och har till\u00e4mpningar inom olika sektorer, f\u00f6rpackningsmaterial, inklusive plastfilmer och laminat, f\u00f6rpackningar f\u00f6r medicintekniska produkter, l\u00e4kemedelsf\u00f6rpackningar, livsmedels- och dryckesf\u00f6rpackningar, f\u00f6rpackningar f\u00f6r konsumentvaror<\/p>\n<h2>Fullst\u00e4ndig introduktion till Balloon Burst Tester<\/h2>\n<p>Den <strong>Testare f\u00f6r ballongspr\u00e4ngning<\/strong> \u00e4r konstruerad f\u00f6r att ge exakt och tillf\u00f6rlitlig <em><span style=\"text-decoration: underline;\">Bursttestning f\u00f6r ett brett spektrum av f\u00f6rpackningsmaterial<\/span><\/em>s. Det \u00e4r en PLC-kontrollerad enhet som erbjuder stabilitet p\u00e5 industriell niv\u00e5, kompletterad med en anv\u00e4ndarv\u00e4nlig HMI-peksk\u00e4rm f\u00f6r enkel anv\u00e4ndning. Testaren \u00e4r utrustad med automatisk statistik och lagring av testresultat, vilket f\u00f6rb\u00e4ttrar effektiviteten och datahanteringen.<\/p>\n<p><a href=\"https:\/\/www.qualitester.com\/sv\/produkt-kategori\/test-items\/bursting-tester\/\"><img fetchpriority=\"high\" decoding=\"async\" class=\"wp-image-4402 size-full aligncenter\" src=\"https:\/\/www.qualitester.com\/wp-content\/uploads\/2024\/07\/astm-f1440-Balloon-Burst-Tester-astm-f2054.jpg\" alt=\"astm f1440 Ballongspr\u00e4ngningsprovare astm f2054\" width=\"600\" height=\"600\" srcset=\"https:\/\/www.qualitester.com\/wp-content\/uploads\/2024\/07\/astm-f1440-Balloon-Burst-Tester-astm-f2054.jpg 600w, https:\/\/www.qualitester.com\/wp-content\/uploads\/2024\/07\/astm-f1440-Balloon-Burst-Tester-astm-f2054-300x300.jpg 300w, https:\/\/www.qualitester.com\/wp-content\/uploads\/2024\/07\/astm-f1440-Balloon-Burst-Tester-astm-f2054-150x150.jpg 150w, https:\/\/www.qualitester.com\/wp-content\/uploads\/2024\/07\/astm-f1440-Balloon-Burst-Tester-astm-f2054-100x100.jpg 100w\" sizes=\"(max-width: 600px) 100vw, 600px\" \/><\/a><\/p>\n<h2>Tekniska specifikationer<\/h2>\n<ul>\n<li><strong>PLC-kontrollerad enhet<\/strong>: S\u00e4kerst\u00e4ller stabilitet p\u00e5 industriell niv\u00e5 och exakt kontroll.<\/li>\n<li><strong>Anv\u00e4ndarv\u00e4nlig HMI-peksk\u00e4rm<\/strong>: F\u00f6renklar handhavandet och minskar utbildningstiden.<\/li>\n<li><strong>Automatisk statistik och lagring av testresultat<\/strong>: M\u00f6jligg\u00f6r effektiv datahantering och analys.<\/li>\n<li><strong>Kompatibilitet med olika armaturer<\/strong>: M\u00f6jligg\u00f6r testning av olika f\u00f6rpackningsformer, inklusive f\u00f6rpackningar med tre sidors f\u00f6rsegling, slutna f\u00f6rpackningar, doy-packs, tuber, f\u00f6rseglade brickor och koppar.<\/li>\n<li><strong>Tre testmodi<\/strong>: Burst, krypning och krypning till brott, f\u00f6r att tillgodose olika testkrav.<\/li>\n<li><strong>Personliga inst\u00e4llningar f\u00f6r k\u00e4nslighet och tr\u00f6skelv\u00e4rde<\/strong>: M\u00f6jligg\u00f6r anpassning till specifika testbehov.<\/li>\n<li><strong>Tryckomr\u00e5de upp till 600 KPa<\/strong>: Anpassningsbar f\u00f6r att uppfylla unika testspecifikationer.<\/li>\n<li><strong>Anpassningsbar programmering<\/strong>: Ger flexibilitet att anpassa sig till specifika testprotokoll.<\/li>\n<\/ul>\n<h2>Testmetoder<\/h2>\n<h3>Princip f\u00f6r provning av f\u00f6rpackningsspr\u00e4ngning<\/h3>\n<p><em><span style=\"text-decoration: underline;\">Metoden Balloon Burst Testing inneb\u00e4r att man bl\u00e5ser upp en f\u00f6rpackning tills den brister och m\u00e4ter det tryck och den volym vid vilken bristen uppst\u00e5r.<\/span> <\/em>Detta test \u00e4r avg\u00f6rande f\u00f6r att utv\u00e4rdera f\u00f6rpackningsmaterialens spr\u00e4ngh\u00e5llfasthet och s\u00e4kerst\u00e4lla att de kan motst\u00e5 inre tryck under hantering och lagring.<\/p>\n<div class=\"ast-oembed-container\" style=\"height: 100%;\"><iframe title=\"Testare av t\u00e4tningsstyrka f\u00f6r doyf\u00f6rpackning och pipf\u00f6rpackning Kvalitetskontroll f\u00f6r doyf\u00f6rpackning\" width=\"500\" height=\"281\" src=\"https:\/\/www.youtube.com\/embed\/abNWfwlLaVQ?feature=oembed\" frameborder=\"0\" allow=\"accelerometer; autoplay; clipboard-write; encrypted-media; gyroscope; picture-in-picture; web-share\" referrerpolicy=\"strict-origin-when-cross-origin\" allowfullscreen><\/iframe><\/div>\n<h3>Standardiserade testf\u00f6rfaranden<\/h3>\n<ol>\n<li><strong>Provberedning och konditionering<\/strong>: Proverna bereds enligt specificerade standarder och konditioneras till l\u00e4mplig milj\u00f6 f\u00f6re provning.<\/li>\n<li><strong>Testinst\u00e4llning och parameterkonfiguration<\/strong>: Ballongspr\u00e4ngningstestaren st\u00e4lls in med l\u00e4mpliga fixturer och testparametrar konfigureras baserat p\u00e5 provtyp och testkrav.<\/li>\n<li><strong>Utf\u00f6rande av test- och m\u00e4tningsregistreringen<\/strong>: F\u00f6rpackningen bl\u00e5ses upp tills den spricker, varvid testaren registrerar spr\u00e4ngtryck och volym.<\/li>\n<li><strong>Tolkning av resultat<\/strong>: Bursttryck och volym analyseras f\u00f6r att bed\u00f6ma materialets styrka och prestanda, vilket underl\u00e4ttar kvalitetskontroll och materialj\u00e4mf\u00f6relse.<\/li>\n<\/ol>\n<h2>Test av f\u00f6rpackningsspr\u00e4ngning i ASTM-standard<\/h2>\n<h3><a href=\"https:\/\/www.qualitester.com\/sv\/produkt-kategori\/astm\/astm-f1140\/\">ASTM F1140<\/a><\/h3>\n<p style=\"padding-left: 40px;\">-Standardprovningsmetoder f\u00f6r best\u00e4ndighet mot brott vid inre trycks\u00e4ttning hos obegr\u00e4nsade kollin<\/p>\n<ul>\n<li><strong>\u00d6versikt \u00f6ver <a href=\"https:\/\/www.astm.org\/f1140_f1140m-13r20e01.html\" target=\"_blank\" rel=\"noopener nofollow\">ASTM F1140<\/a><\/strong>: Denna standard beskriver metoderna f\u00f6r provning av brottmotst\u00e5nd vid inre trycks\u00e4ttning av obegr\u00e4nsade kollin.<\/li>\n<li><strong>Detaljerad testprocedur enligt ASTM F1140<\/strong>: Inneb\u00e4r att f\u00f6rpackningen bl\u00e5ses upp tills den spricker och att spr\u00e4ngtryck och volym registreras.<\/li>\n<li><strong>Vikten av \u00f6verensst\u00e4mmelse med ASTM F1140<\/strong>: S\u00e4kerst\u00e4ller f\u00f6rpackningarnas integritet och tillf\u00f6rlitlighet, vilket \u00e4r avg\u00f6rande f\u00f6r produkts\u00e4kerhet och prestanda.<\/li>\n<\/ul>\n<h4><a href=\"https:\/\/www.qualitester.com\/sv\/produkt-kategori\/astm\/astm-f2054\/\">ASTM F2054<\/a><\/h4>\n<p style=\"padding-left: 40px;\">-Standardprovningsmetod f\u00f6r spr\u00e4ngprovning av flexibla paketf\u00f6rseglingar med hj\u00e4lp av internt lufttryck inom begr\u00e4nsningsplattor<\/p>\n<ul>\n<li><strong>\u00d6versikt \u00f6ver <a href=\"https:\/\/www.astm.org\/f2054_f2054m-13r20.html\" target=\"_blank\" rel=\"noopener nofollow\">ASTM F2054<\/a><\/strong>: Denna standard specificerar metoden f\u00f6r spr\u00e4ngprovning av flexibla f\u00f6rpackningst\u00e4tningar med hj\u00e4lp av internt lufttryck inom begr\u00e4nsningsplattor.<\/li>\n<li><strong>Detaljerad testprocedur enligt ASTM F2054<\/strong>: Inneb\u00e4r att f\u00f6rpackningen placeras inom begr\u00e4nsningsplattor, bl\u00e5ses upp och att spr\u00e4ngtryck och volym registreras.<\/li>\n<li><strong>Betydelsen av ASTM F2054<\/strong>: Viktigt f\u00f6r att bed\u00f6ma f\u00f6rseglingens styrka och s\u00e4kerst\u00e4lla f\u00f6rpackningens integritet, s\u00e4rskilt f\u00f6r flexibla f\u00f6rpackningar.<\/li>\n<\/ul>\n<h2>F\u00f6rdelar med att anv\u00e4nda v\u00e5r ballongspr\u00e4ngningstestare<\/h2>\n<p><strong>1. Precision och tillf\u00f6rlitlighet<\/strong><\/p>\n<ul>\n<li><strong>H\u00f6g noggrannhet i m\u00e4tningarna<\/strong>: S\u00e4kerst\u00e4ller exakta och tillf\u00f6rlitliga data om burststyrka.<\/li>\n<li><strong>Konsekventa och repeterbara resultat<\/strong>: Ger f\u00f6rtroende f\u00f6r testresultat och utv\u00e4rdering av materialprestanda.<\/li>\n<\/ul>\n<p><strong>2. M\u00e5ngsidighet<\/strong><\/p>\n<ul>\n<li><em><span style=\"text-decoration: underline;\"><strong>L\u00e4mplig f\u00f6r ett brett spektrum av material och f\u00f6rpackningstyper<\/strong>: Uppfyller olika testkrav inom olika branscher.<\/span><\/em><\/li>\n<li><em><span style=\"text-decoration: underline;\"><strong>Justerbara testparametrar f\u00f6r olika testkrav<\/strong>: Erbjuder flexibilitet vid testning av olika material och f\u00f6rpackningar.<\/span><\/em><\/li>\n<\/ul>\n<p><strong>3. Anv\u00e4ndarv\u00e4nlighet<\/strong><\/p>\n<ul>\n<li><strong>Intuitivt programvarugr\u00e4nssnitt<\/strong>: F\u00f6renklar anv\u00e4ndningen och minskar inl\u00e4rningskurvan.<\/li>\n<li><strong>Minimalt utbildningsbehov f\u00f6r operat\u00f6rer<\/strong>: F\u00f6rb\u00e4ttrar anv\u00e4ndbarheten och effektiviteten.<\/li>\n<\/ul>\n<p><strong>4. Efterlevnad<\/strong><\/p>\n<ul>\n<li><strong>Uppfyller standarderna ASTM F1140 och ASTM F2054<\/strong>: S\u00e4kerst\u00e4ller efterlevnad av branschstandarder och f\u00f6reskrifter.<\/li>\n<li><strong>S\u00e4kerst\u00e4ller efterlevnad av branschregler och kvalitetsstandarder<\/strong>: Garanterar tillf\u00f6rlitligheten och integriteten hos testresultaten.<\/li>\n<\/ul>\n<h3>Vanliga fr\u00e5gor<\/h3>\n<h4>Vad \u00e4r syftet med ett ballongspr\u00e4ngningstest?<\/h4>\n<p>Ballongspr\u00e4ngningstestet anv\u00e4nds f\u00f6r att best\u00e4mma f\u00f6rpackningens spr\u00e4ngningstest, vilket s\u00e4kerst\u00e4ller att de kan motst\u00e5 inre tryck under hantering, lagring och transport.<\/p>\n<h4>Hur m\u00e4ter ballongspr\u00e4ngningstestaren spr\u00e4ngstyrkan?<\/h4>\n<p>Testaren bl\u00e5ser upp f\u00f6rpackningen tills den spricker och registrerar spr\u00e4ngtrycket och volymen f\u00f6r att utv\u00e4rdera materialets styrka och prestanda.<\/p>\n<h4>Vilka typer av material kan testas med ballongspr\u00e4ngningsprovaren?<\/h4>\n<p>Testaren kan utv\u00e4rdera ett brett spektrum av material, inklusive plastfilmer, laminat, f\u00f6rpackningar f\u00f6r medicintekniska produkter, l\u00e4kemedelsf\u00f6rpackningar, livsmedels- och dryckesf\u00f6rpackningar samt f\u00f6rpackningar f\u00f6r konsumentvaror.<!--more--><\/p>\n<h2>Relaterade produkter<\/h2>\n<figure id=\"attachment_4059\" aria-describedby=\"caption-attachment-4059\" style=\"width: 300px\" class=\"wp-caption alignleft\"><a href=\"https:\/\/www.qualitester.com\/sv\/produkt-2\/lt-01-leak-tester\/\"><img decoding=\"async\" class=\"wp-image-4059 size-medium\" src=\"https:\/\/www.qualitester.com\/wp-content\/uploads\/2023\/07\/LT-01-Leak-Tester-2-300x300.jpg\" alt=\"ASTM D3078 L\u00e4ckagetestare\" width=\"300\" height=\"300\" srcset=\"https:\/\/www.qualitester.com\/wp-content\/uploads\/2023\/07\/LT-01-Leak-Tester-2-300x300.jpg 300w, https:\/\/www.qualitester.com\/wp-content\/uploads\/2023\/07\/LT-01-Leak-Tester-2-150x150.jpg 150w, https:\/\/www.qualitester.com\/wp-content\/uploads\/2023\/07\/LT-01-Leak-Tester-2-600x600.jpg 600w, https:\/\/www.qualitester.com\/wp-content\/uploads\/2023\/07\/LT-01-Leak-Tester-2-100x100.jpg 100w, https:\/\/www.qualitester.com\/wp-content\/uploads\/2023\/07\/LT-01-Leak-Tester-2.jpg 750w\" sizes=\"(max-width: 300px) 100vw, 300px\" \/><\/a><figcaption id=\"caption-attachment-4059\" class=\"wp-caption-text\"><strong><a href=\"https:\/\/www.qualitester.com\/sv\/produkt-2\/lt-01-leak-tester\/\" target=\"_blank\" rel=\"noopener\">LT-01 L\u00e4ckagetestare<\/a><\/strong><\/figcaption><\/figure>\n<figure id=\"attachment_3905\" aria-describedby=\"caption-attachment-3905\" style=\"width: 300px\" class=\"wp-caption alignleft\"><a href=\"https:\/\/www.qualitester.com\/sv\/produkt-2\/leak-tester-lt-02\/\"><img decoding=\"async\" class=\"wp-image-3905 size-medium\" src=\"https:\/\/www.qualitester.com\/wp-content\/uploads\/2023\/04\/LT-02-Leak-Tester-01-300x300.jpg\" alt=\"ASTM D3078 L\u00e4ckagetestare\" width=\"300\" height=\"300\" srcset=\"https:\/\/www.qualitester.com\/wp-content\/uploads\/2023\/04\/LT-02-Leak-Tester-01-300x300.jpg 300w, https:\/\/www.qualitester.com\/wp-content\/uploads\/2023\/04\/LT-02-Leak-Tester-01-150x150.jpg 150w, https:\/\/www.qualitester.com\/wp-content\/uploads\/2023\/04\/LT-02-Leak-Tester-01-600x600.jpg 600w, https:\/\/www.qualitester.com\/wp-content\/uploads\/2023\/04\/LT-02-Leak-Tester-01-100x100.jpg 100w, https:\/\/www.qualitester.com\/wp-content\/uploads\/2023\/04\/LT-02-Leak-Tester-01.jpg 750w\" sizes=\"(max-width: 300px) 100vw, 300px\" \/><\/a><figcaption id=\"caption-attachment-3905\" class=\"wp-caption-text\"><strong><a href=\"https:\/\/www.qualitester.com\/sv\/produkt-2\/leak-tester-lt-02\/\" target=\"_blank\" rel=\"noopener\">LT-02 L\u00e4ckagetestare<\/a><\/strong><\/figcaption><\/figure>\n<figure id=\"attachment_3694\" aria-describedby=\"caption-attachment-3694\" style=\"width: 300px\" class=\"wp-caption alignleft\"><a href=\"https:\/\/www.qualitester.com\/sv\/produkt-2\/lt-03-seal-strength-testing-machine\/\"><img loading=\"lazy\" decoding=\"async\" class=\"wp-image-3694 size-medium\" src=\"https:\/\/www.qualitester.com\/wp-content\/uploads\/2023\/04\/LT-03-Leak-Tester-04-300x300.jpg\" alt=\"ASTM D3078 L\u00e4ckagetestare\" width=\"300\" height=\"300\" srcset=\"https:\/\/www.qualitester.com\/wp-content\/uploads\/2023\/04\/LT-03-Leak-Tester-04-300x300.jpg 300w, https:\/\/www.qualitester.com\/wp-content\/uploads\/2023\/04\/LT-03-Leak-Tester-04-150x150.jpg 150w, https:\/\/www.qualitester.com\/wp-content\/uploads\/2023\/04\/LT-03-Leak-Tester-04-600x600.jpg 600w, https:\/\/www.qualitester.com\/wp-content\/uploads\/2023\/04\/LT-03-Leak-Tester-04-100x100.jpg 100w, https:\/\/www.qualitester.com\/wp-content\/uploads\/2023\/04\/LT-03-Leak-Tester-04.jpg 750w\" sizes=\"(max-width: 300px) 100vw, 300px\" \/><\/a><figcaption id=\"caption-attachment-3694\" class=\"wp-caption-text\"><strong><a href=\"https:\/\/www.qualitester.com\/sv\/produkt-2\/lt-03-seal-strength-testing-machine\/\" target=\"_blank\" rel=\"noopener\">LT-03 L\u00e4ckagetestare<\/a><\/strong><\/figcaption><\/figure>","protected":false},"excerpt":{"rendered":"<p><strong>Testare f\u00f6r ballongspr\u00e4ngning<\/strong> \u00e4r ett kritiskt instrument inom material- och f\u00f6rpackningstestning, utformat f\u00f6r att m\u00e4ta burststyrkan hos olika f\u00f6rpackningsmaterial. Denna avancerade utrustning \u00e4r avg\u00f6rande f\u00f6r att s\u00e4kerst\u00e4lla f\u00f6rpackningars h\u00e5llbarhet och tillf\u00f6rlitlighet, s\u00e4rskilt inom branscher som l\u00e4kemedel, mat och dryck, medicintekniska produkter och konsumentvaror. Balloon Burst Tester utm\u00e4rker sig genom sin precision, m\u00e5ngsidighet och \u00f6verensst\u00e4mmelse med branschstandarder, vilket g\u00f6r den till ett oumb\u00e4rligt verktyg f\u00f6r kvalitetss\u00e4kring.<\/p>","protected":false},"featured_media":6136,"comment_status":"closed","ping_status":"closed","template":"","meta":{"site-sidebar-layout":"default","site-content-layout":"default","ast-global-header-display":"","ast-main-header-display":"","ast-hfb-above-header-display":"","ast-hfb-below-header-display":"","ast-hfb-mobile-header-display":"","site-post-title":"","ast-breadcrumbs-content":"","ast-featured-img":"","footer-sml-layout":"","theme-transparent-header-meta":"default","adv-header-id-meta":"","stick-header-meta":"","header-above-stick-meta":"","header-main-stick-meta":"","header-below-stick-meta":""},"product_cat":[845,953,676,675,17,149,16,108,109,95],"product_tag":[994],"class_list":{"0":"post-4401","1":"product","2":"type-product","3":"status-publish","4":"has-post-thumbnail","6":"product_cat-customization","7":"product_cat-bursting-tester","8":"product_cat-seal-strength-tester","9":"product_cat-leak-tester","10":"product_cat-package-container-testers","11":"product_cat-pharma-and-medical-testers","12":"product_cat-plastic-packaging-testers","13":"product_cat-astm-f1140","14":"product_cat-astm-f2054","15":"product_cat-products","16":"product_tag-leak-and-seal-strength-tester","17":"desktop-align-left","18":"tablet-align-left","19":"mobile-align-left","21":"first","22":"instock","23":"shipping-taxable","24":"product-type-simple"},"_links":{"self":[{"href":"https:\/\/www.qualitester.com\/sv\/wp-json\/wp\/v2\/product\/4401","targetHints":{"allow":["GET"]}}],"collection":[{"href":"https:\/\/www.qualitester.com\/sv\/wp-json\/wp\/v2\/product"}],"about":[{"href":"https:\/\/www.qualitester.com\/sv\/wp-json\/wp\/v2\/types\/product"}],"replies":[{"embeddable":true,"href":"https:\/\/www.qualitester.com\/sv\/wp-json\/wp\/v2\/comments?post=4401"}],"version-history":[{"count":0,"href":"https:\/\/www.qualitester.com\/sv\/wp-json\/wp\/v2\/product\/4401\/revisions"}],"wp:featuredmedia":[{"embeddable":true,"href":"https:\/\/www.qualitester.com\/sv\/wp-json\/wp\/v2\/media\/6136"}],"wp:attachment":[{"href":"https:\/\/www.qualitester.com\/sv\/wp-json\/wp\/v2\/media?parent=4401"}],"wp:term":[{"taxonomy":"product_cat","embeddable":true,"href":"https:\/\/www.qualitester.com\/sv\/wp-json\/wp\/v2\/product_cat?post=4401"},{"taxonomy":"product_tag","embeddable":true,"href":"https:\/\/www.qualitester.com\/sv\/wp-json\/wp\/v2\/product_tag?post=4401"}],"curies":[{"name":"wp","href":"https:\/\/api.w.org\/{rel}","templated":true}]}}