{"id":3282,"date":"2023-08-14T08:33:30","date_gmt":"2023-08-14T00:33:30","guid":{"rendered":"https:\/\/www.qualitester.com\/?post_type=product&#038;p=3282"},"modified":"2024-11-27T16:59:18","modified_gmt":"2024-11-27T08:59:18","slug":"heat-seal-data-testing-3-5-point","status":"publish","type":"product","link":"https:\/\/www.qualitester.com\/sv\/produkt-2\/heat-seal-data-testing-3-5-point\/","title":{"rendered":"GHS-02 Test av gradientv\u00e4rmef\u00f6rsegling"},"content":{"rendered":"<h2><strong>Introduktion till testmaskiner f\u00f6r v\u00e4rmef\u00f6rsegling<\/strong><\/h2>\n<p>A <strong>Testmaskin f\u00f6r v\u00e4rmef\u00f6rsegling<\/strong> \u00e4r en viktig enhet som anv\u00e4nds inom f\u00f6rpackningsindustrin f\u00f6r att utv\u00e4rdera v\u00e4rmef\u00f6rseglingsegenskaperna hos olika material. Dessa material kan omfatta filmer, laminat och andra flexibla barri\u00e4rkomponenter. V\u00e4rmef\u00f6rseglingens styrka och integritet \u00e4r avg\u00f6rande f\u00f6r att s\u00e4kerst\u00e4lla att f\u00f6rpackningen ger ett tillf\u00f6rlitligt skydd f\u00f6r produkter som livsmedel, l\u00e4kemedel, elektronik och mycket mer. Felaktiga eller svaga f\u00f6rseglingar kan \u00e4ventyra produktens kvalitet, s\u00e4kerhet och h\u00e5llbarhet, vilket \u00e4r anledningen till att v\u00e4rmef\u00f6rseglingstestaren spelar en viktig roll i kvalitetss\u00e4kringen.<\/p>\n<p>Maskinen fungerar genom att simulera de f\u00f6rh\u00e5llanden under vilka v\u00e4rmef\u00f6rseglingar bildas under f\u00f6rpackningsprocessen. Genom att till\u00e4mpa en kontrollerad kombination av v\u00e4rme, tryck och tid kan tillverkarna fastst\u00e4lla de optimala f\u00f6rh\u00e5llandena f\u00f6r att uppn\u00e5 starka och h\u00e5llbara f\u00f6rseglingar. Denna process hj\u00e4lper till att finjustera f\u00f6rseglingsparametrarna, vilket s\u00e4kerst\u00e4ller att f\u00f6rpackningen \u00e4r konsekvent och tillf\u00f6rlitlig.<\/p>\n<h2><strong>F\u00f6rst\u00e5else av ASTM F2029-16 (2021): Standardmetoder f\u00f6r tillverkning av laboratoriev\u00e4rmet\u00e4tningar<\/strong><\/h2>\n<p><strong><a href=\"https:\/\/www.astm.org\/f2029-16r21.html\" target=\"_blank\" rel=\"noopener nofollow\">ASTM F2029<\/a>-16 (2021)<\/strong>, med titel <em>Standardmetoder f\u00f6r tillverkning av v\u00e4rmef\u00f6rseglingar i laboratorium f\u00f6r best\u00e4mning av v\u00e4rmef\u00f6rseglingsbarhet hos flexibla barri\u00e4rmaterial m\u00e4tt med f\u00f6rseglingens styrka<\/em>, \u00e4r en grundl\u00e4ggande standard f\u00f6r provning av v\u00e4rmef\u00f6rseglingar. Denna standard definierar laboratorieprocedurerna f\u00f6r att skapa v\u00e4rmef\u00f6rseglingar och utv\u00e4rdera deras styrka. Den s\u00e4kerst\u00e4ller att v\u00e4rmef\u00f6rseglingsprovningen utf\u00f6rs under exakta, kontrollerade f\u00f6rh\u00e5llanden f\u00f6r att producera exakta, repeterbara resultat.<\/p>\n<p>Den <strong>Testmetoder<\/strong> beskrivna i <a href=\"https:\/\/www.qualitester.com\/sv\/produkt-kategori\/astm\/astm-f2029\/\" target=\"_blank\" rel=\"noopener\">ASTM F2029<\/a> fokuserar p\u00e5 att best\u00e4mma v\u00e4rmef\u00f6rseglingen av material genom att till\u00e4mpa specifik temperatur, tryck och uppeh\u00e5llstid. Standarden hj\u00e4lper tillverkarna att f\u00f6rst\u00e5 de flexibla barri\u00e4rmaterialens t\u00e4tningsegenskaper, inklusive hur de fungerar under olika t\u00e4tningsf\u00f6rh\u00e5llanden. Detta \u00e4r viktigt f\u00f6r att s\u00e4kerst\u00e4lla materialets integritet och dess f\u00f6rm\u00e5ga att skydda inneh\u00e5llet fr\u00e5n yttre faktorer som fukt, luft och f\u00f6roreningar.<\/p>\n<h2><strong>Gradient v\u00e4rmef\u00f6rseglare: Avancerad teknik f\u00f6r precisionstestning<\/strong><\/h2>\n<p>A <strong>Gradient v\u00e4rmef\u00f6rseglare<\/strong> \u00e4r en avancerad testmaskin f\u00f6r v\u00e4rmef\u00f6rsegling som erbjuder m\u00f6jligheten att skapa en kontrollerad temperaturgradient \u00f6ver f\u00f6rseglingsomr\u00e5det. Denna funktion skiljer den fr\u00e5n traditionella v\u00e4rmef\u00f6rseglare, som vanligtvis arbetar vid en enda temperatur. Termen \u201cgradient\u201d syftar p\u00e5 maskinens f\u00f6rm\u00e5ga att simulera verkliga f\u00f6rseglingsf\u00f6rh\u00e5llanden d\u00e4r temperaturvariationer kan f\u00f6rekomma \u00f6ver f\u00f6rseglingsytan.<\/p>\n<p>Den <strong>Gradient v\u00e4rmef\u00f6rseglare<\/strong> g\u00f6r det m\u00f6jligt f\u00f6r tillverkare att k\u00f6ra flera tester vid olika temperaturer samtidigt, vilket avsev\u00e4rt minskar v\u00e4ntetiderna mellan testerna. Detta <strong>kapacitet f\u00f6r flera stationer<\/strong> g\u00f6r maskinen mycket effektiv, s\u00e4rskilt vid testning av material med varierande krav p\u00e5 v\u00e4rmef\u00f6rsegling. Genom att testa vid olika temperaturer samtidigt kan tillverkarna snabbt fastst\u00e4lla de b\u00e4sta f\u00f6rseglingsf\u00f6rh\u00e5llandena f\u00f6r olika material, vilket f\u00f6rb\u00e4ttrar den totala produktiviteten.<\/p>\n<h4><strong>Viktiga f\u00f6rdelar<\/strong>:<\/h4>\n<ul>\n<li><strong>\u00d6kad effektivitet<\/strong>: Samtidig provning vid olika temperaturer minskar den totala provningstiden.<\/li>\n<li><strong>F\u00f6rb\u00e4ttrad precision<\/strong>: Gradientfunktionen ger en mer exakt representation av verkliga t\u00e4tningsf\u00f6rh\u00e5llanden, vilket ger b\u00e4ttre insikt i materialbeteendet under varierande t\u00e4tningsf\u00f6rh\u00e5llanden.<\/li>\n<li><strong>Anpassningsbara inst\u00e4llningar<\/strong>: Maskinen kan justeras f\u00f6r att passa olika materialtyper, temperaturer och tryck, vilket g\u00f6r den m\u00e5ngsidig f\u00f6r olika branscher och testbehov.<\/li>\n<\/ul>\n<h2><strong>Tekniska egenskaper hos testmaskinen f\u00f6r v\u00e4rmef\u00f6rsegling (GHS-02 Gradient Heat Seal Tester)<\/strong><\/h2>\n<p>Den <strong>GHS-02 Test av gradientv\u00e4rmef\u00f6rsegling<\/strong> \u00e4r utrustad med flera banbrytande funktioner som s\u00e4kerst\u00e4ller korrekta, tillf\u00f6rlitliga och effektiva tester:<\/p>\n<ul>\n<li><strong>PLC-kontroll och HMI-peksk\u00e4rm<\/strong>: Maskinens avancerade <strong>PLC-kontrollenhet<\/strong> och <strong>HMI-peksk\u00e4rm<\/strong> gr\u00e4nssnittet g\u00f6r det enkelt att anpassa inst\u00e4llningarna och \u00f6vervaka i realtid, vilket ger exakt kontroll \u00f6ver temperatur, tryck och f\u00f6rslutningstid.<\/li>\n<li><strong>Dubbla uppv\u00e4rmningsbackar<\/strong>: B\u00e5de de \u00f6vre och nedre t\u00e4tningsk\u00e4ftarna v\u00e4rms upp oberoende av varandra, vilket eliminerar v\u00e4rmef\u00f6rlust och s\u00e4kerst\u00e4ller en j\u00e4mn temperatur under hela t\u00e4tningsprocessen.<\/li>\n<li><strong>PID-temperaturregulator<\/strong>: Den <strong>PID-temperaturregulator<\/strong> ger optimal v\u00e4rmehantering, vilket s\u00e4kerst\u00e4ller att temperaturen f\u00f6rblir stabil och exakt under testningen.<\/li>\n<li><strong>N\u00e4rhets- och trycksensorer<\/strong>: Dessa sensorer s\u00e4kerst\u00e4ller exakt kontroll av f\u00f6rseglingstrycket och uppeh\u00e5llstiden, vilket bidrar till att uppn\u00e5 enhetliga f\u00f6rseglingar.<\/li>\n<li><strong>Guidad t\u00e4tningsbalk<\/strong>: A <strong>trev\u00e4gsstyrd t\u00e4tningslist<\/strong> s\u00e4kerst\u00e4ller ett j\u00e4mnt f\u00f6rseglingstryck, vilket \u00e4r avg\u00f6rande f\u00f6r enhetliga och starka f\u00f6rseglingar.<\/li>\n<li><strong>S\u00e4kerhetsfunktioner f\u00f6r anv\u00e4ndare<\/strong>: GHS-02 \u00e4r utformad med anv\u00e4ndarskydd i \u00e5tanke, inklusive en <strong>sk\u00e5llningsskydd framtill<\/strong>, a <strong>manuell fotpedal<\/strong>, och andra s\u00e4kerhetsfunktioner f\u00f6r att garantera operat\u00f6rernas s\u00e4kerhet under testningen.<\/li>\n<li><strong>Anpassningsalternativ<\/strong>: Maskinen erbjuder anpassningsbara <strong>dimensioner p\u00e5 t\u00e4tningsbackar<\/strong>, <strong>t\u00e4tande ytm\u00f6nster<\/strong>, och mycket mer f\u00f6r att tillgodose olika testbehov.<\/li>\n<li><strong>Anpassning av gradienttemperatur<\/strong>: Maskinen kan konfigureras f\u00f6r att uppn\u00e5 olika <strong>temperaturgradient<\/strong>, vilket ger st\u00f6rre flexibilitet vid testning.<\/li>\n<li><strong>RS232-port f\u00f6r dataanslutning<\/strong>: Den <strong>RS232-port<\/strong> och professionell programvara (tillval) m\u00f6jligg\u00f6r s\u00f6ml\u00f6s data\u00f6verf\u00f6ring, vilket g\u00f6r det enklare att analysera och lagra testresultat.<\/li>\n<\/ul>\n<h2><strong>Testprocess och arbetsfl\u00f6de<\/strong><\/h2>\n<p>Testprocessen med hj\u00e4lp av <strong>Testmaskin f\u00f6r v\u00e4rmef\u00f6rsegling<\/strong> \u00e4r enkel men \u00e4nd\u00e5 exakt:<\/p>\n<ol>\n<li><strong>Placera ut provet<\/strong>: Ett prov av det material som ska testas placeras mellan tv\u00e5 parallella, uppv\u00e4rmda t\u00e4tningsbackar med plana ytor.<\/li>\n<li><strong>Justera inst\u00e4llningar<\/strong>: Anv\u00e4ndaren st\u00e4ller in \u00f6nskad temperatur, tryck och f\u00f6rslutningstid baserat p\u00e5 materialet och de avsedda f\u00f6rslutningsf\u00f6rh\u00e5llandena.<\/li>\n<li><strong>F\u00f6rsegla provet<\/strong>: N\u00e4r den \u00f6nskade temperaturen har uppn\u00e5tts s\u00e4nks den \u00f6vre t\u00e4tningsk\u00e4ken, som drivs av en gascylinder, f\u00f6r att applicera ett specificerat tryck p\u00e5 provet under den angivna tiden.<\/li>\n<li><strong>\u00c5terl\u00e4mnande och utv\u00e4rdering<\/strong>: N\u00e4r den f\u00f6rinst\u00e4llda f\u00f6rseglingsperioden har l\u00f6pt ut \u00e5terg\u00e5r \u00f6verk\u00e4ken till sitt ursprungliga l\u00e4ge och provet tas ut f\u00f6r utv\u00e4rdering.<\/li>\n<\/ol>\n<h2><strong>Huvudparametrar f\u00f6r testmaskinen f\u00f6r v\u00e4rmef\u00f6rsegling<\/strong><\/h2>\n<p>Den <strong>GHS-02 Test av gradientv\u00e4rmef\u00f6rsegling<\/strong> levereras med en upps\u00e4ttning exakta parametrar f\u00f6r att s\u00e4kerst\u00e4lla korrekta resultat:<\/p>\n<table>\n<tbody>\n<tr>\n<td style=\"text-align: center;\" width=\"123\">F\u00f6rsegling Temp.<\/td>\n<td style=\"text-align: center;\" width=\"196\">Omgivande ~ 250 \u2103<\/td>\n<\/tr>\n<tr>\n<td style=\"text-align: center;\" width=\"123\">Temp. Gradient<\/td>\n<td style=\"text-align: center;\" width=\"196\">\u226420\u2103<\/td>\n<\/tr>\n<tr>\n<td style=\"text-align: center;\" width=\"123\">Avvikelse<\/td>\n<td style=\"text-align: center;\" width=\"196\">\u00b10.2\u2103<\/td>\n<\/tr>\n<tr>\n<td style=\"text-align: center;\" width=\"123\">F\u00f6rseglingstid<\/td>\n<td style=\"text-align: center;\" width=\"196\">0,1S~9999H<\/td>\n<\/tr>\n<tr>\n<td style=\"text-align: center;\" width=\"123\">F\u00f6rseglingstryck<\/td>\n<td style=\"text-align: center;\" width=\"196\">0,15~0,7 MPa<\/td>\n<\/tr>\n<tr>\n<td style=\"text-align: center;\" width=\"123\">T\u00e4tningsk\u00e4ftar (mm)<\/td>\n<td style=\"text-align: center;\" width=\"196\">U:40*10 5ST\/L:330 1ST<\/td>\n<\/tr>\n<tr>\n<td style=\"text-align: center;\" width=\"123\">Inmatning av gas<\/td>\n<td style=\"text-align: center;\" width=\"196\">0,7 MPa med \u04246 mm r\u00f6r<\/td>\n<\/tr>\n<tr>\n<td style=\"text-align: center;\" width=\"123\">Kraft<\/td>\n<td style=\"text-align: center;\" width=\"196\">AC 220V 50Hz<\/td>\n<\/tr>\n<\/tbody>\n<\/table>\n<h2><strong>Efterlevnad av standarder och certifieringar<\/strong><\/h2>\n<p>Den <strong>Testmaskin f\u00f6r v\u00e4rmef\u00f6rsegling<\/strong> \u00e4r helt i \u00f6verensst\u00e4mmelse med <strong>ASTM F2029-16 (2021)<\/strong>, vilket s\u00e4kerst\u00e4ller att maskinen uppfyller de branschstandarder som kr\u00e4vs f\u00f6r testning av v\u00e4rmef\u00f6rsegling. Denna certifiering garanterar att maskinen ger tillf\u00f6rlitliga och exakta resultat som \u00f6verensst\u00e4mmer med de mest erk\u00e4nda standarderna f\u00f6r v\u00e4rmef\u00f6rsegling. Tillverkare kan lita p\u00e5 att GHS-02 Gradient Heat Seal Tester ger exakta m\u00e4tningar som bidrar till att s\u00e4kerst\u00e4lla kvaliteten och tillf\u00f6rlitligheten hos deras f\u00f6rpackningar.<\/p>\n<h2><strong>Varf\u00f6r v\u00e4lja GHS-02 Gradient Heat Seal Tester<\/strong><\/h2>\n<ul>\n<li><strong>Effektivitet<\/strong>: Testa flera prover vid varierande temperaturer samtidigt, vilket minskar den totala testtiden och \u00f6kar produktiviteten.<\/li>\n<li><strong>Precision<\/strong>: Uppn\u00e5 mycket exakta testresultat med anpassningsbara parametrar och avancerad temperaturkontroll.<\/li>\n<li><strong>Tillf\u00f6rlitlighet<\/strong>: \u00d6verensst\u00e4mmelse med <strong>ASTM F2029<\/strong> s\u00e4kerst\u00e4ller att dina tester f\u00f6ljer branschstandarderna f\u00f6r v\u00e4rmef\u00f6rseglingens styrka och integritet.<\/li>\n<li><strong>Anpassning<\/strong>: Skr\u00e4ddarsy maskinens inst\u00e4llningar och funktioner f\u00f6r att passa dina unika testbehov, fr\u00e5n t\u00e4tningsk\u00e4ftarnas dimensioner till t\u00e4tningstrycket.<\/li>\n<\/ul>\n<p>Den <strong>Testmaskin f\u00f6r v\u00e4rmef\u00f6rsegling<\/strong> \u00e4r ett viktigt verktyg f\u00f6r tillverkare inom f\u00f6rpackningsindustrin, som s\u00e4kerst\u00e4ller att deras produkter f\u00f6rseglas med optimal styrka och integritet. Oavsett om du f\u00f6rpackar livsmedel, l\u00e4kemedel eller elektronik ger GHS-02 Gradient Heat Seal Tester den precision och effektivitet du beh\u00f6ver f\u00f6r att s\u00e4kerst\u00e4lla f\u00f6rseglingar av h\u00f6gsta kvalitet. Med sin avancerade teknik kan efterlevnaden av <strong>ASTM F2029<\/strong>, och anpassningsbara inst\u00e4llningar \u00e4r den h\u00e4r maskinen det perfekta valet f\u00f6r f\u00f6retag som vill f\u00f6rb\u00e4ttra sina processer f\u00f6r kvalitetskontroll av f\u00f6rpackningar.<\/p>","protected":false},"excerpt":{"rendered":"<p>A <strong>Testmaskin f\u00f6r v\u00e4rmef\u00f6rsegling<\/strong> \u00e4r en viktig enhet som anv\u00e4nds inom f\u00f6rpackningsindustrin f\u00f6r att utv\u00e4rdera v\u00e4rmef\u00f6rseglingsegenskaperna hos olika material. Dessa material kan omfatta filmer, laminat och andra flexibla barri\u00e4rkomponenter. V\u00e4rmef\u00f6rseglingens styrka och integritet \u00e4r avg\u00f6rande f\u00f6r att s\u00e4kerst\u00e4lla att f\u00f6rpackningen ger ett tillf\u00f6rlitligt skydd f\u00f6r produkter som livsmedel, l\u00e4kemedel, elektronik med mera.<\/p>","protected":false},"featured_media":5917,"comment_status":"closed","ping_status":"closed","template":"","meta":{"site-sidebar-layout":"default","site-content-layout":"default","ast-global-header-display":"","ast-main-header-display":"","ast-hfb-above-header-display":"","ast-hfb-below-header-display":"","ast-hfb-mobile-header-display":"","site-post-title":"","ast-breadcrumbs-content":"","ast-featured-img":"","footer-sml-layout":"","theme-transparent-header-meta":"default","adv-header-id-meta":"","stick-header-meta":"","header-above-stick-meta":"","header-main-stick-meta":"","header-below-stick-meta":""},"product_cat":[845,677,149,16,142,95],"product_tag":[64,922,504,506,505,909],"class_list":{"0":"post-3282","1":"product","2":"type-product","3":"status-publish","4":"has-post-thumbnail","6":"product_cat-customization","7":"product_cat-heat-seal-tester","8":"product_cat-pharma-and-medical-testers","9":"product_cat-plastic-packaging-testers","10":"product_cat-astm-f2029","11":"product_cat-products","12":"product_tag-astm-f2029","13":"product_tag-gradient-heat-seal-tester","14":"product_tag-heat-sealing-pressure","15":"product_tag-heat-sealing-temperature","16":"product_tag-heat-sealing-time","17":"product_tag-packaging-heat-seal-data","18":"desktop-align-left","19":"tablet-align-left","20":"mobile-align-left","22":"first","23":"instock","24":"shipping-taxable","25":"product-type-simple"},"_links":{"self":[{"href":"https:\/\/www.qualitester.com\/sv\/wp-json\/wp\/v2\/product\/3282","targetHints":{"allow":["GET"]}}],"collection":[{"href":"https:\/\/www.qualitester.com\/sv\/wp-json\/wp\/v2\/product"}],"about":[{"href":"https:\/\/www.qualitester.com\/sv\/wp-json\/wp\/v2\/types\/product"}],"replies":[{"embeddable":true,"href":"https:\/\/www.qualitester.com\/sv\/wp-json\/wp\/v2\/comments?post=3282"}],"version-history":[{"count":0,"href":"https:\/\/www.qualitester.com\/sv\/wp-json\/wp\/v2\/product\/3282\/revisions"}],"wp:featuredmedia":[{"embeddable":true,"href":"https:\/\/www.qualitester.com\/sv\/wp-json\/wp\/v2\/media\/5917"}],"wp:attachment":[{"href":"https:\/\/www.qualitester.com\/sv\/wp-json\/wp\/v2\/media?parent=3282"}],"wp:term":[{"taxonomy":"product_cat","embeddable":true,"href":"https:\/\/www.qualitester.com\/sv\/wp-json\/wp\/v2\/product_cat?post=3282"},{"taxonomy":"product_tag","embeddable":true,"href":"https:\/\/www.qualitester.com\/sv\/wp-json\/wp\/v2\/product_tag?post=3282"}],"curies":[{"name":"wp","href":"https:\/\/api.w.org\/{rel}","templated":true}]}}