{"id":3281,"date":"2023-08-14T08:28:02","date_gmt":"2023-08-14T00:28:02","guid":{"rendered":"https:\/\/www.qualitester.com\/?post_type=product&#038;p=3281"},"modified":"2024-12-05T09:19:19","modified_gmt":"2024-12-05T01:19:19","slug":"heat-seal-material-film-hot-tack-property-test","status":"publish","type":"product","link":"https:\/\/www.qualitester.com\/sv\/produkt-2\/heat-seal-material-film-hot-tack-property-test\/","title":{"rendered":"HTT-01 Hot Tack-testare"},"content":{"rendered":"<h2><strong>Introduktion till Hot Tack-test<\/strong><\/h2>\n<p>Den <strong>Hot tack-test<\/strong> \u00e4r en kritisk utv\u00e4rderingsmetod som m\u00e4ter styrkan hos v\u00e4rmef\u00f6rseglingar omedelbart efter f\u00f6rslutning och innan f\u00f6rseglingen svalnar. Detta test \u00e4r viktigt i branscher d\u00e4r snabb och tillf\u00f6rlitlig f\u00f6rsegling kr\u00e4vs, s\u00e4rskilt inom <strong>vertikal formning, fyllning och t\u00e4tning (VFFS)<\/strong> processer. En stark hot tack s\u00e4kerst\u00e4ller att f\u00f6rseglingen f\u00f6rblir intakt n\u00e4r f\u00f6rpackningen fylls med produkter, vilket f\u00f6rhindrar spill och bibeh\u00e5ller produktintegriteten.<\/p>\n<p>Hot tack-testning anv\u00e4nds ofta inom branscher som livsmedelsf\u00f6rpackningar, l\u00e4kemedel, lim och elektronik, d\u00e4r f\u00f6rpackningens prestanda direkt p\u00e5verkar produkts\u00e4kerhet och kvalitet.<\/p>\n<h2><strong>\u00d6versikt \u00f6ver testning av v\u00e4rmef\u00f6rsegling<\/strong><\/h2>\n<p><strong>Test av v\u00e4rmef\u00f6rsegling<\/strong> bed\u00f6mer den \u00f6vergripande styrkan, h\u00e5llbarheten och flexibiliteten hos termoplastiska material efter f\u00f6rsegling. Det s\u00e4kerst\u00e4ller att f\u00f6rseglingen t\u00e5l hantering, lagring och transportf\u00f6rh\u00e5llanden. Viktiga faktorer som p\u00e5verkar v\u00e4rmef\u00f6rseglingens prestanda \u00e4r bl.a:<\/p>\n<ul>\n<li><strong>F\u00f6rseglingstemperatur<\/strong><\/li>\n<li><strong>Tryck<\/strong><\/li>\n<li><strong>Dwell-tid<\/strong><\/li>\n<li><strong>Tid f\u00f6r kylning<\/strong><\/li>\n<\/ul>\n<p>Noggrann kontroll av dessa parametrar \u00e4r avg\u00f6rande f\u00f6r att uppn\u00e5 konsekventa och tillf\u00f6rlitliga f\u00f6rseglingar, vilket g\u00f6r test av v\u00e4rmef\u00f6rsegling till en h\u00f6rnsten i kvalitetss\u00e4kringen av flexibla f\u00f6rpackningar.<\/p>\n<h2><strong><a href=\"https:\/\/www.astm.org\/f1921_f1921m-12r18.html\" rel=\"nofollow noopener\" target=\"_blank\">ASTM F1921<\/a> och <a href=\"https:\/\/www.astm.org\/f2029-16r21.html\" rel=\"nofollow noopener\" target=\"_blank\">ASTM F2029<\/a> Standarder<\/strong><\/h2>\n<ul>\n<li><a href=\"https:\/\/www.qualitester.com\/sv\/produkt-kategori\/astm\/astm-f1921\/\"><strong>ASTM F1921<\/strong><\/a>:<br \/>\nDenna standard beskriver provningsmetoder f\u00f6r att best\u00e4mma <strong>styrka f\u00f6r varmf\u00f6rsegling<\/strong> (hot tack) av termoplastiska material. Den ger riktlinjer f\u00f6r t\u00e4tningsf\u00f6rh\u00e5llanden, testprocedurer och m\u00e4tning av den kraft som kr\u00e4vs f\u00f6r att separera t\u00e4tningar.<\/li>\n<li><a href=\"https:\/\/www.qualitester.com\/sv\/produkt-kategori\/astm\/astm-f2029\/\"><strong>ASTM F2029<\/strong><\/a>:<br \/>\nDenna standard beskriver <strong>metoder f\u00f6r tillverkning av v\u00e4rmef\u00f6rseglingar<\/strong> och utv\u00e4rdera deras styrka. Den s\u00e4kerst\u00e4ller att v\u00e4rmef\u00f6rseglingsbara material uppfyller prestandakriterier genom att specificera parametrar f\u00f6r f\u00f6rsegling och testning.<\/li>\n<\/ul>\n<p>B\u00e5da standarderna \u00e4r avg\u00f6rande f\u00f6r att uppr\u00e4tth\u00e5lla kvalitetskontroll och s\u00e4kerst\u00e4lla efterlevnad av branschregler.<\/p>\n<h2><strong>HTT-01 Hot Tack- och dragprovare<\/strong><\/h2>\n<p>Den <strong>HTT-01 Hot Tack- och dragprovare<\/strong> \u00e4r ett m\u00e5ngsidigt instrument som \u00e4r utformat f\u00f6r att utv\u00e4rdera b\u00e5de <strong>Hot tack<\/strong> och \u00f6vergripande <strong>t\u00e4tningsstyrka<\/strong> av termoplastiska material. Den ger tillf\u00f6rlitliga data f\u00f6r kvalitetss\u00e4kring i f\u00f6rpackningsapplikationer och hj\u00e4lper tillverkare att optimera sina t\u00e4tningsprocesser.<\/p>\n<p><strong>Viktiga till\u00e4mpningar:<\/strong><\/p>\n<ul>\n<li>Hot tack-test f\u00f6r VFFS-f\u00f6rpackningar.<\/li>\n<li>Utv\u00e4rdering av v\u00e4rmef\u00f6rseglingsh\u00e5llfasthet f\u00f6r flexibla banor.<\/li>\n<li>Drag- och skalkraftsprovning av termoplastiska material.<\/li>\n<\/ul>\n<h2><strong>Testprincip och testprocess<\/strong><\/h2>\n<p>Hot tack-testet inneb\u00e4r att en provremsa f\u00f6rseglas mellan tv\u00e5 uppv\u00e4rmda k\u00e4ftar under kontrollerade f\u00f6rh\u00e5llanden:<\/p>\n<ol>\n<li><strong>T\u00e4tningsparametrar<\/strong>: Temperatur, uppeh\u00e5llstid, tryck och kyltid st\u00e4lls in enligt materialspecifikationerna.<\/li>\n<li><strong>Separationstest<\/strong>: Efter f\u00f6rsegling separeras provet med en specificerad hastighet och den kraft som kr\u00e4vs f\u00f6r att bryta f\u00f6rseglingen m\u00e4ts.<\/li>\n<\/ol>\n<p>Den resulterande kraften indikerar <strong>Hot tack-styrka<\/strong>, vilket \u00e4r avg\u00f6rande f\u00f6r att s\u00e4kerst\u00e4lla f\u00f6rpackningens prestanda i verkliga till\u00e4mpningar.<\/p>\n<h2><strong>Viktiga tekniska egenskaper f\u00f6r HTT-01<\/strong><\/h2>\n<ul>\n<li><strong>Avancerad styrning och gr\u00e4nssnitt<\/strong>:<br \/>\nHTT-01 \u00e4r utrustad med en <strong>PLC-kontrollerat system<\/strong> med en <strong>HMI peksk\u00e4rm<\/strong> gr\u00e4nssnitt, vilket garanterar stabilitet p\u00e5 industriell niv\u00e5 och anv\u00e4ndarv\u00e4nlig drift.<\/li>\n<li><strong>M\u00e5ngsidiga testm\u00f6jligheter<\/strong>:<br \/>\nDen st\u00f6der <strong>provning av h\u00e4ftf\u00f6rm\u00e5ga, dragh\u00e5llfasthet och skalning<\/strong>, vilket g\u00f6r den till en multifunktionell l\u00f6sning f\u00f6r olika till\u00e4mpningar.<\/li>\n<li><strong>Temperaturprecision<\/strong>:<br \/>\nTestaren anv\u00e4nder en <strong>Delta P.I.D. temperaturregulator<\/strong> och <strong>PT100-sensor<\/strong> f\u00f6r exakt temperaturkontroll, vilket garanterar repeterbara resultat.<\/li>\n<li><strong>Justerbara parametrar<\/strong>:<br \/>\nAnv\u00e4ndarna kan anpassa f\u00f6rseglingstemperatur, tryck och uppeh\u00e5llstid, med testhastigheter som str\u00e4cker sig fr\u00e5n <strong>1 till 2000 mm\/min<\/strong>.<\/li>\n<li><strong>S\u00e4kerhet och datahantering<\/strong>:<br \/>\nHTT-01 har s\u00e4kerhetsfunktioner som t.ex. <strong>automatisk nollst\u00e4llning<\/strong>, <strong>\u00d6verbelastningsskydd<\/strong>, och <strong>skydd mot \u00f6vertramp<\/strong>. Data kan hanteras via en <strong>RS 232-port<\/strong> och professionell programvara som tillval.<\/li>\n<\/ul>\n<h2><strong>Huvudsakliga tekniska specifikationer<\/strong><\/h2>\n<table>\n<tbody>\n<tr>\n<td width=\"123\">F\u00f6rsegling Temp.<\/td>\n<td width=\"251\">Omgivande ~ 250 \u2103<\/td>\n<\/tr>\n<tr>\n<td width=\"123\">Temp Noggrannhet<\/td>\n<td width=\"251\">\u00b10.2\u2103<\/td>\n<\/tr>\n<tr>\n<td width=\"123\">Dwell-tid<\/td>\n<td width=\"251\">0,1~9999s (v\u00e4rmef\u00f6rsegling)<\/td>\n<\/tr>\n<tr>\n<td width=\"123\">Dwell-tid<\/td>\n<td width=\"251\">0,1~9999s(Hot Tack )<\/td>\n<\/tr>\n<tr>\n<td width=\"123\">F\u00f6rseglingstryck<\/td>\n<td width=\"251\">0,15MPa~0,7MPa<\/td>\n<\/tr>\n<tr>\n<td width=\"123\">T\u00e4tning av k\u00e4ftar<\/td>\n<td width=\"251\">50mmx10mm Teflonbelagd<\/td>\n<\/tr>\n<tr>\n<td width=\"123\">Jaws V\u00e4rme<\/td>\n<td width=\"251\">Dubbel uppv\u00e4rmning<\/td>\n<\/tr>\n<tr>\n<td width=\"123\">Lastcell<\/td>\n<td width=\"251\">200N (valfritt: 30N50N100N, etc.)<\/td>\n<\/tr>\n<tr>\n<td width=\"123\">Noggrannhet<\/td>\n<td width=\"251\">0,5 F.S.<\/td>\n<\/tr>\n<tr>\n<td width=\"123\">Uppl\u00f6sning<\/td>\n<td width=\"251\">0.01N<\/td>\n<\/tr>\n<tr>\n<td width=\"123\">Kraft<\/td>\n<td width=\"251\">220V, 50 HZ<\/td>\n<\/tr>\n<\/tbody>\n<\/table>\n<h2><strong>Betydelsen av Hot Tack- och Heat Seal-test<\/strong><\/h2>\n<ul>\n<li><strong>Garantera kvalitet och s\u00e4kerhet<\/strong>:<br \/>\nHot tack- och v\u00e4rmef\u00f6rseglingstester spelar en viktig roll f\u00f6r att uppr\u00e4tth\u00e5lla kvaliteten och s\u00e4kerheten hos f\u00f6rpackade varor. Genom att bed\u00f6ma f\u00f6rseglingens styrka i olika skeden kan tillverkarna f\u00f6rhindra produktspill och fel.<\/li>\n<li><strong>Branschens efterlevnad<\/strong>:<br \/>\nAtt f\u00f6lja <strong>ASTM F1921<\/strong> och <strong>ASTM F2029<\/strong> s\u00e4kerst\u00e4ller att produkterna uppfyller branschstandarder och kundernas f\u00f6rv\u00e4ntningar.<\/li>\n<li><strong>Optimering av processer<\/strong>:<br \/>\nDe data som samlas in fr\u00e5n hot tack- och heat seal-tester bidrar till att optimera f\u00f6rpackningsprocesser, f\u00f6rb\u00e4ttra effektiviteten och minska avfallet.<\/li>\n<\/ul>\n<p>Den <strong>HTT-01 Hot Tack- och dragprovare<\/strong> \u00e4r ett viktigt verktyg f\u00f6r att s\u00e4kerst\u00e4lla integriteten och tillf\u00f6rlitligheten hos v\u00e4rmef\u00f6rseglingar i flexibla f\u00f6rpackningar. Genom att h\u00e5lla sig till <strong>ASTM F1921<\/strong> och <strong>ASTM F2029<\/strong> hj\u00e4lper den h\u00e4r testaren tillverkare att uppn\u00e5 j\u00e4mn kvalitet och uppfylla branschens krav. Dess avancerade funktioner, precisionsreglage och m\u00e5ngsidighet g\u00f6r den till en v\u00e4rdefull tillg\u00e5ng vid kvalitetss\u00e4kring av f\u00f6rpackningar.<\/p>\n<h2><strong>Vanliga fr\u00e5gor<\/strong><\/h2>\n<ol>\n<li><strong>Vad \u00e4r ett \"hot tack\"-test och varf\u00f6r \u00e4r det viktigt?<\/strong><br \/>\nHot tack-testet m\u00e4ter styrkan i en v\u00e4rmef\u00f6rsegling omedelbart efter f\u00f6rslutningen, vilket \u00e4r avg\u00f6rande f\u00f6r att bibeh\u00e5lla f\u00f6rpackningens integritet i h\u00f6ghastighetsprocesser.<\/li>\n<li><strong>Hur skiljer sig v\u00e4rmef\u00f6rseglingstestning fr\u00e5n hot tack-testning?<\/strong><br \/>\nHeat seal-testet utv\u00e4rderar den totala styrkan hos t\u00e4tningen efter kylning, medan hot tack-testet utv\u00e4rderar t\u00e4tningens styrka f\u00f6re kylning.<\/li>\n<li><strong>Vilka branscher anv\u00e4nder testning med varmh\u00e4ftning och v\u00e4rmef\u00f6rsegling?<\/strong><br \/>\nIndustrier som livsmedelsf\u00f6rpackningar, l\u00e4kemedel, lim och elektronik f\u00f6rlitar sig p\u00e5 dessa tester f\u00f6r att s\u00e4kerst\u00e4lla produkts\u00e4kerhet och kvalitet.<\/li>\n<li><strong>Vad \u00e4r ASTM F1921 och ASTM F2029?<\/strong><br \/>\nASTM F1921 tillhandah\u00e5ller metoder f\u00f6r utv\u00e4rdering av hot tack-styrka, medan ASTM F2029 beskriver metoder f\u00f6r tillverkning och utv\u00e4rdering av v\u00e4rmef\u00f6rseglingar.<\/li>\n<li><strong>Vilka \u00e4r de viktigaste egenskaperna hos HTT-01 Hot Tack Tester?<\/strong><br \/>\nHTT-01 erbjuder avancerad kontroll, m\u00e5ngsidiga testm\u00f6jligheter, exakt temperaturkontroll och robusta s\u00e4kerhetsfunktioner, vilket g\u00f6r den idealisk f\u00f6r omfattande tester av v\u00e4rmef\u00f6rseglingar.<\/li>\n<\/ol>","protected":false},"excerpt":{"rendered":"<p>Den <strong>Hot tack-test<\/strong> \u00e4r en kritisk utv\u00e4rderingsmetod som m\u00e4ter styrkan hos v\u00e4rmef\u00f6rseglingar omedelbart efter f\u00f6rslutning och innan f\u00f6rseglingen svalnar. Detta test \u00e4r viktigt i branscher d\u00e4r snabb och tillf\u00f6rlitlig f\u00f6rsegling kr\u00e4vs, s\u00e4rskilt inom <strong>vertikal formning, fyllning och t\u00e4tning (VFFS)<\/strong> processer. En stark hot tack s\u00e4kerst\u00e4ller att f\u00f6rseglingen f\u00f6rblir intakt n\u00e4r f\u00f6rpackningen fylls med produkter, vilket f\u00f6rhindrar spill och bibeh\u00e5ller produktintegriteten.<\/p>","protected":false},"featured_media":5966,"comment_status":"closed","ping_status":"closed","template":"","meta":{"site-sidebar-layout":"default","site-content-layout":"default","ast-global-header-display":"","ast-main-header-display":"","ast-hfb-above-header-display":"","ast-hfb-below-header-display":"","ast-hfb-mobile-header-display":"","site-post-title":"disabled","ast-breadcrumbs-content":"","ast-featured-img":"disabled","footer-sml-layout":"","theme-transparent-header-meta":"default","adv-header-id-meta":"","stick-header-meta":"","header-above-stick-meta":"","header-main-stick-meta":"","header-below-stick-meta":""},"product_cat":[953,956,955,845,954,957,958,952,959,677,678,149,16,141,142,95],"product_tag":[],"class_list":{"0":"post-3281","1":"product","2":"type-product","3":"status-publish","4":"has-post-thumbnail","6":"product_cat-bursting-tester","7":"product_cat-cobb-tester","8":"product_cat-crush-tester","9":"product_cat-customization","10":"product_cat-paper-tear-tester","11":"product_cat-plybond-tester","12":"product_cat-puncture-tester","13":"product_cat-rub-tester","14":"product_cat-stiffness-tester","15":"product_cat-heat-seal-tester","16":"product_cat-hot-tack-tester","17":"product_cat-pharma-and-medical-testers","18":"product_cat-plastic-packaging-testers","19":"product_cat-astm-f1921","20":"product_cat-astm-f2029","21":"product_cat-products","22":"desktop-align-left","23":"tablet-align-left","24":"mobile-align-left","26":"first","27":"instock","28":"shipping-taxable","29":"product-type-simple"},"_links":{"self":[{"href":"https:\/\/www.qualitester.com\/sv\/wp-json\/wp\/v2\/product\/3281","targetHints":{"allow":["GET"]}}],"collection":[{"href":"https:\/\/www.qualitester.com\/sv\/wp-json\/wp\/v2\/product"}],"about":[{"href":"https:\/\/www.qualitester.com\/sv\/wp-json\/wp\/v2\/types\/product"}],"replies":[{"embeddable":true,"href":"https:\/\/www.qualitester.com\/sv\/wp-json\/wp\/v2\/comments?post=3281"}],"version-history":[{"count":0,"href":"https:\/\/www.qualitester.com\/sv\/wp-json\/wp\/v2\/product\/3281\/revisions"}],"wp:featuredmedia":[{"embeddable":true,"href":"https:\/\/www.qualitester.com\/sv\/wp-json\/wp\/v2\/media\/5966"}],"wp:attachment":[{"href":"https:\/\/www.qualitester.com\/sv\/wp-json\/wp\/v2\/media?parent=3281"}],"wp:term":[{"taxonomy":"product_cat","embeddable":true,"href":"https:\/\/www.qualitester.com\/sv\/wp-json\/wp\/v2\/product_cat?post=3281"},{"taxonomy":"product_tag","embeddable":true,"href":"https:\/\/www.qualitester.com\/sv\/wp-json\/wp\/v2\/product_tag?post=3281"}],"curies":[{"name":"wp","href":"https:\/\/api.w.org\/{rel}","templated":true}]}}