{"id":3270,"date":"2023-08-10T09:50:31","date_gmt":"2023-08-10T01:50:31","guid":{"rendered":"https:\/\/www.qualitester.com\/?post_type=product&#038;p=3270"},"modified":"2024-12-03T14:33:29","modified_gmt":"2024-12-03T06:33:29","slug":"rt-01-rub-tester-2","status":"publish","type":"product","link":"https:\/\/www.qualitester.com\/sv\/produkt-2\/rt-01-rub-tester-2\/","title":{"rendered":"RT-01 Rub Tester"},"content":{"rendered":"<p>Den <strong>Rub Tester<\/strong> \u00e4r ett viktigt verktyg f\u00f6r att utv\u00e4rdera motst\u00e5ndskraften hos bl\u00e4ckfilmer, bel\u00e4ggningar och andra material mot slitage, skavning och gnidning. Rub Tester \u00e4r avsedd f\u00f6r f\u00f6rpacknings-, tryck- och materialprovningsindustrin och s\u00e4kerst\u00e4ller att bl\u00e4ck och bel\u00e4ggningar p\u00e5 olika ytor bibeh\u00e5ller sin integritet under friktion, fukt, v\u00e4rme och andra p\u00e5frestningar. Oavsett om du testar tryckta f\u00f6rpackningsmaterial, etiketter, wellpapp eller plastfilmer ger Rub Tester exakta insikter i hur dessa material kommer att fungera under hantering, transport och anv\u00e4ndning.<\/p>\n<h2><strong>Introduktion till Rub Tester<\/strong><\/h2>\n<p>Den <strong>Rub Tester<\/strong> \u00e4r ett motordrivet h\u00f6gprecisionsinstrument som simulerar upprepad gnuggning och n\u00f6tning p\u00e5 tryckta eller otryckta material. Denna testmetod hj\u00e4lper till att bed\u00f6ma hur v\u00e4l bl\u00e4ck och bel\u00e4ggningar t\u00e5l slitage under olika f\u00f6rh\u00e5llanden, vilket g\u00f6r den oumb\u00e4rlig vid kvalitetskontroll och materialtestning. Med anpassningsbara testkonfigurationer \u00e4r Rub Tester idealisk f\u00f6r att utv\u00e4rdera <strong>bl\u00e4ckets prestanda<\/strong>, <strong>ytstyrka<\/strong>, och <strong>vidh\u00e4ftning<\/strong> i en m\u00e4ngd olika material, inklusive papper, etiketter, f\u00f6rpackningsfilmer och wellpapp.<\/p>\n<h2><strong>F\u00f6rst\u00e5else av ASTM D5264 och standarder f\u00f6r bl\u00e4ckavstrykningsprov<\/strong><\/h2>\n<p><a href=\"https:\/\/www.astm.org\/d5264-98r19.html\" target=\"_blank\" rel=\"noopener nofollow\"><strong>ASTM D5264<\/strong><\/a> \u00e4r en allm\u00e4nt erk\u00e4nd standard som definierar testmetoder f\u00f6r att bed\u00f6ma <strong>gnuggmotst\u00e5nd<\/strong> av tryckta material, bel\u00e4ggningar och bl\u00e4ck. Genom att f\u00f6lja denna standard kan industrier s\u00e4kerst\u00e4lla att deras produkter uppfyller de n\u00f6dv\u00e4ndiga h\u00e5llbarhetsriktm\u00e4rkena f\u00f6r bl\u00e4ckprestanda under olika f\u00f6rh\u00e5llanden. Denna standard \u00e4r avg\u00f6rande f\u00f6r tillverkare inom f\u00f6rpacknings-, tryck- och materialindustrin som f\u00f6rlitar sig p\u00e5 bl\u00e4ckfilmer som m\u00e5ste motst\u00e5 slitage, smetning och blekning.<\/p>\n<ul>\n<li><strong>Test med torr gnidning<\/strong>: Detta test utv\u00e4rderar hur v\u00e4l trycksv\u00e4rtan st\u00e5r emot n\u00f6tning och slitage under torra f\u00f6rh\u00e5llanden. Det simulerar den friktion som uppst\u00e5r under hantering och transport.<\/li>\n<li><strong>V\u00e5t gnugga test<\/strong>: Detta test bed\u00f6mer bl\u00e4ckets h\u00e5llbarhet n\u00e4r det uts\u00e4tts f\u00f6r fukt, vilket simulerar verkliga f\u00f6rh\u00e5llanden d\u00e4r bl\u00e4ck kan komma i kontakt med vatten, oljor eller andra v\u00e4tskor.<\/li>\n<li><strong>Test av uppv\u00e4rmd glidbana<\/strong>: Detta test unders\u00f6ker f\u00e4rg- och bel\u00e4ggningsprestanda under f\u00f6rh\u00f6jda temperaturer, vilket \u00e4r s\u00e4rskilt relevant f\u00f6r f\u00f6rpackningar som kan uts\u00e4ttas f\u00f6r v\u00e4rme under lagring eller transport.<\/li>\n<li><strong>V\u00e5tbl\u00f6dning eller \u00f6verf\u00f6ring<\/strong>: Detta test utv\u00e4rderar om bl\u00e4ck \u00f6verf\u00f6rs eller bl\u00f6der p\u00e5 andra ytor n\u00e4r det uts\u00e4tts f\u00f6r fukt.<\/li>\n<li><strong>V\u00e5t utstrykning<\/strong>: Detta test simulerar hur bl\u00e4ck beter sig n\u00e4r det \u00e4r v\u00e5tt och bed\u00f6mer hur l\u00e4tt det smetar ut eller kladdar under tryck.<\/li>\n<li><strong>Funktionell rub<\/strong>: Detta test simulerar vardagliga hanterings- och anv\u00e4ndningsf\u00f6rh\u00e5llanden och bed\u00f6mer den l\u00e5ngsiktiga h\u00e5llbarheten hos bl\u00e4ck och yta.<\/li>\n<\/ul>\n<p>Genom att anv\u00e4nda en <strong>Rub Tester<\/strong> som \u00f6verensst\u00e4mmer med <a href=\"https:\/\/www.qualitester.com\/sv\/produkt-kategori\/astm\/astm-d5264\/\" target=\"_blank\" rel=\"noopener\"><strong>ASTM D5264<\/strong><\/a>kan tillverkarna exakt utv\u00e4rdera hur tryckf\u00e4rger och ytbel\u00e4ggningar kommer att fungera under olika milj\u00f6f\u00f6rh\u00e5llanden och mekaniska p\u00e5frestningar.<\/p>\n<h2><strong>Betydelsen av Rub-testning<\/strong><\/h2>\n<p>Rubbtestning spelar en viktig roll n\u00e4r det g\u00e4ller att s\u00e4kerst\u00e4lla kvaliteten och h\u00e5llbarheten hos tryckta material, bel\u00e4ggningar och bl\u00e4ck. Betydelsen av gnuggtestning ligger i dess f\u00f6rm\u00e5ga att bed\u00f6ma nyckelfaktorer som t.ex:<\/p>\n<ul>\n<li><strong>Bl\u00e4ckresistens<\/strong>: Rubbtester visar hur v\u00e4l bl\u00e4ck klarar friktion och slitage, vilket hj\u00e4lper tillverkare att se till att deras produkter beh\u00e5ller ett professionellt utseende under hela livscykeln.<\/li>\n<li><strong>Ytstyrka<\/strong>: Denna testmetod hj\u00e4lper till att utv\u00e4rdera styrkan hos substratmaterialet, oavsett om det \u00e4r bestruket eller otryckt papper, kartong eller andra material. Den m\u00e4ter hur v\u00e4l ytorna st\u00e5r emot yttre krafter.<\/li>\n<li><strong>Utstrykning och bl\u00f6dning<\/strong>: Rub-test hj\u00e4lper till att uppt\u00e4cka potentiella problem som bl\u00e4ckutstrykning eller bl\u00f6dning, vilket kan p\u00e5verka utseendet och kvaliteten p\u00e5 f\u00f6rpackningar och etiketter negativt.<\/li>\n<li><strong>V\u00e4rmebest\u00e4ndighet<\/strong>: Det uppv\u00e4rmda gnuggtestet g\u00f6r det m\u00f6jligt att utv\u00e4rdera hur bl\u00e4ck och lacker fungerar under h\u00f6ga temperaturer, vilket \u00e4r viktigt f\u00f6r f\u00f6rpackningsmaterial som uts\u00e4tts f\u00f6r v\u00e4rme.<\/li>\n<li><strong>Adhesion<\/strong>: Rub-test skiljer ocks\u00e5 mellan starka och svaga bl\u00e4ckfilmer, vilket hj\u00e4lper tillverkare att identifiera bl\u00e4ck med d\u00e5lig vidh\u00e4ftning till substrat, vilket s\u00e4kerst\u00e4ller livsl\u00e4ngden p\u00e5 de tryckta materialen.<\/li>\n<\/ul>\n<h2><strong>Rub Tester-funktionalitet och testning Beskrivning<\/strong><\/h2>\n<p>Den <strong>RT-01 Rub Tester<\/strong> \u00e4r en avancerad, motordriven testmaskin som \u00e4r utformad f\u00f6r att simulera gnidning p\u00e5 tryckta eller otryckta ytor. Testmaskinen har en viktad provkropp som r\u00f6r sig i en exakt 57 mm b\u00e5ge \u00f6ver testprovet under ett f\u00f6rutbest\u00e4mt antal slag. Detta replikerar de f\u00f6rh\u00e5llanden under vilka bl\u00e4ck eller bel\u00e4ggningar uts\u00e4tts f\u00f6r friktion, vilket hj\u00e4lper till att f\u00f6ruts\u00e4ga hur materialet kommer att h\u00e5lla vid faktisk anv\u00e4ndning.<\/p>\n<p><strong>Testmetoder<\/strong> inkludera:<\/p>\n<ul>\n<li><strong>Torr rub<\/strong>: Testar bl\u00e4ckets motst\u00e5ndskraft mot n\u00f6tning under torra f\u00f6rh\u00e5llanden.<\/li>\n<li><strong>V\u00e5t gnugga<\/strong>: Simulerar effekterna av fukt p\u00e5 bl\u00e4ckets h\u00e5llbarhet.<\/li>\n<li><strong>Uppv\u00e4rmd rub<\/strong>: Utv\u00e4rderar f\u00e4rgens prestanda under h\u00f6ga temperaturer.<\/li>\n<li><strong>V\u00e5tbl\u00f6dning\/\u00f6verf\u00f6ring<\/strong>: Bed\u00f6mer om f\u00e4rgen bl\u00f6der eller \u00f6verf\u00f6rs till andra ytor under v\u00e5ta f\u00f6rh\u00e5llanden.<\/li>\n<li><strong>V\u00e5t utstrykning<\/strong>: Best\u00e4mmer hur bl\u00e4cket beter sig n\u00e4r det uts\u00e4tts f\u00f6r fukt.<\/li>\n<li><strong>Funktionell rub<\/strong>: Tester f\u00f6r l\u00e5ngsiktig h\u00e5llbarhet under vanliga hanteringsf\u00f6rh\u00e5llanden.<\/li>\n<\/ul>\n<h2><strong>De viktigaste tekniska egenskaperna hos Rub Tester<\/strong><\/h2>\n<ul>\n<li><strong>PLC-kontrollerad enhet<\/strong>: Rub Tester \u00e4r utrustad med en PLC (Programmable Logic Controller) f\u00f6r stabilitet och tillf\u00f6rlitlighet p\u00e5 industriell niv\u00e5, vilket garanterar konsekventa och exakta resultat vid varje test.<\/li>\n<li><strong>Anv\u00e4ndning av HMI-peksk\u00e4rm<\/strong>: Den anv\u00e4ndarv\u00e4nliga HMI-peksk\u00e4rmen (Human-Machine Interface) m\u00f6jligg\u00f6r enkel anv\u00e4ndning, testkonfiguration och \u00f6vervakning av resultat.<\/li>\n<li><strong>M\u00e5ngsidig testning<\/strong>: Rub Tester kan utf\u00f6ra olika typer av tester, inklusive torr gnuggning, v\u00e5t gnuggning, uppv\u00e4rmd gnuggning och funktionell gnuggning, vilket g\u00f6r den anpassningsbar till ett brett spektrum av testbehov.<\/li>\n<li><strong>Justering av testhastighet<\/strong>: Hastigheten f\u00f6r gnuggtestet kan justeras mellan 20-120 slag per minut, vilket ger flexibilitet f\u00f6r olika testkrav.<\/li>\n<li><strong>Dubbel teststation<\/strong>: Med en dubbel teststation kan Rub Tester testa tv\u00e5 provkroppar samtidigt, vilket \u00f6kar testeffektiviteten.<\/li>\n<li><strong>Exakt kontroll av gnuggcirkeln<\/strong>: Enheten ger exakt kontroll \u00f6ver gnidningscirkeln, vilket garanterar exakta och repeterbara testresultat.<\/li>\n<\/ul>\n<h2><strong>Testprover och till\u00e4mpningar<\/strong><\/h2>\n<p>Den <strong>Rub Tester<\/strong> kan testa en m\u00e4ngd olika material, inklusive:<\/p>\n<ul>\n<li><strong>Bl\u00e4ck<\/strong>: F\u00f6r att bed\u00f6ma deras motst\u00e5ndskraft mot n\u00f6tning, utsmetning och slitage.<\/li>\n<li><strong>Ytbel\u00e4ggningar<\/strong>: F\u00f6r att utv\u00e4rdera h\u00e5llbarheten och vidh\u00e4ftningen hos tryckta bel\u00e4ggningar.<\/li>\n<li><strong>Plastfilmer<\/strong>: F\u00f6r att avg\u00f6ra hur v\u00e4l tryckta filmer st\u00e5r emot gnidning och friktion.<\/li>\n<li><strong>Papper<\/strong>: Inklusive bestruket och obestruket papper som anv\u00e4nds i f\u00f6rpackningar och etiketter.<\/li>\n<li><strong>F\u00f6rpackningsmaterial<\/strong>: Wellpapp, kartonger och andra f\u00f6rpackningsmaterial som kan komma i kontakt med friktion under hantering eller transport.<\/li>\n<li><strong>Etiketter<\/strong>: F\u00f6r att kontrollera kvaliteten och h\u00e5llbarheten hos tryckta etiketter som uts\u00e4tts f\u00f6r n\u00f6tning.<\/li>\n<\/ul>\n<p>Branscher som drar nytta av rub-testning inkluderar:<\/p>\n<ul>\n<li><strong>F\u00f6rpackning<\/strong>: S\u00e4kerst\u00e4lla att tryckta f\u00f6rpackningsmaterial beh\u00e5ller sitt utseende och sin funktionalitet.<\/li>\n<li><strong>Mat och dryck<\/strong>: Kontroll av h\u00e5llbarheten hos tryckta etiketter och f\u00f6rpackningar som kommer i kontakt med fukt eller v\u00e4rme.<\/li>\n<li><strong>Medicinska och farmaceutiska produkter<\/strong>: S\u00e4kerst\u00e4lla integriteten hos tryckt material p\u00e5 medicinska f\u00f6rpackningar.<\/li>\n<li><strong>Textilier och plast<\/strong>: Testning av tryckta textilier och plastfilmer f\u00f6r l\u00e5ngsiktig h\u00e5llbarhet.<\/li>\n<\/ul>\n<h2><strong>Standarder och efterlevnad<\/strong><\/h2>\n<p>Den <strong>Rub Tester<\/strong> uppfyller flera viktiga industristandarder:<\/p>\n<ul>\n<li><strong>ASTM D5264<\/strong>: Denna standard anger provningsmetoder f\u00f6r gnidningsbest\u00e4ndighet hos tryckta material och ytbel\u00e4ggningar.<\/li>\n<li><strong>Andra relevanta standarder<\/strong>: The Rub Tester \u00e4r ocks\u00e5 i linje med standarder som <strong>TAPPI T830<\/strong>, <strong>ASTM F1571<\/strong>, <strong>FINAT FTM 27<\/strong>, och <strong>JIS K 5701<\/strong>och s\u00e4kerst\u00e4lla global kompatibilitet och noggrannhet.<\/li>\n<\/ul>\n<h2><strong>Huvudsakliga tekniska parametrar<\/strong><\/h2>\n<table>\n<tbody>\n<tr>\n<td style=\"text-align: center;\" width=\"103\">Vikter<\/td>\n<td style=\"text-align: center;\" width=\"337\">908g (2lb) \/8.9N;1816g (4lb) \/17.8N<\/td>\n<\/tr>\n<tr>\n<td style=\"text-align: center;\" width=\"103\">Hastighet<\/td>\n<td style=\"text-align: center;\" width=\"337\">20~120 cpm fri inst\u00e4llning<\/td>\n<\/tr>\n<tr>\n<td style=\"text-align: center;\" width=\"103\">Antal exemplar<\/td>\n<td style=\"text-align: center;\" width=\"337\">1~2<\/td>\n<\/tr>\n<tr>\n<td style=\"text-align: center;\" width=\"103\">Rotation Radius<\/td>\n<td style=\"text-align: center;\" width=\"337\">185 mm<\/td>\n<\/tr>\n<tr>\n<td style=\"text-align: center;\" width=\"103\">B\u00e5gens l\u00e4ngd<\/td>\n<td style=\"text-align: center;\" width=\"337\">57 mm \u00b1 1 mm<\/td>\n<\/tr>\n<tr>\n<td style=\"text-align: center;\" width=\"103\">Dimension<\/td>\n<td style=\"text-align: center;\" width=\"337\">390x480x220 mm (LWH)<\/td>\n<\/tr>\n<tr>\n<td style=\"text-align: center;\" width=\"103\">Kraft<\/td>\n<td style=\"text-align: center;\" width=\"337\">110~220V 50\/60Hz<\/td>\n<\/tr>\n<\/tbody>\n<\/table>\n<p>Den <strong>RT-01 Rub Tester<\/strong> erbjuder avancerad funktionalitet och exakt kontroll f\u00f6r att utv\u00e4rdera h\u00e5llbarheten hos tryckta material och ytbel\u00e4ggningar under olika f\u00f6rh\u00e5llanden. Med sina m\u00e5ngsidiga testalternativ, enkla anv\u00e4ndning och \u00f6verensst\u00e4mmelse med viktiga standarder som ASTM D5264 \u00e4r Rub Tester ett oumb\u00e4rligt verktyg f\u00f6r industrier som kr\u00e4ver robust kvalitetskontroll av bl\u00e4ck och bel\u00e4ggningar. Den bidrar till att s\u00e4kerst\u00e4lla h\u00e5llbarheten och det visuella intrycket hos f\u00f6rpackningar, etiketter och tryckt material, vilket g\u00f6r den till en viktig investering f\u00f6r tillverkare inom en rad olika branscher.<\/p>\n<h2><strong>Vanliga fr\u00e5gor<\/strong><\/h2>\n<ul>\n<li><strong>F1: Vad anv\u00e4nds standarden ASTM D5264 till?<\/strong>\n<ul>\n<li>ASTM D5264 anv\u00e4nds f\u00f6r att testa n\u00f6tningsbest\u00e4ndigheten hos tryckta material och bel\u00e4ggningar, vilket s\u00e4kerst\u00e4ller deras h\u00e5llbarhet under hantering, transport och anv\u00e4ndning.<\/li>\n<\/ul>\n<\/li>\n<li><strong>F2: Hur m\u00e4ter Rub Tester bl\u00e4ckmotst\u00e5ndet?<\/strong>\n<ul>\n<li>Rub Tester simulerar upprepade gnidningar p\u00e5 f\u00e4rgfilmen f\u00f6r att m\u00e4ta dess motst\u00e5ndskraft mot n\u00f6tning, utsmetning och blekning under torra, v\u00e5ta och uppv\u00e4rmda f\u00f6rh\u00e5llanden.<\/li>\n<\/ul>\n<\/li>\n<li><strong>F3: Vilka typer av ytor kan testas med Rub Tester?<\/strong>\n<ul>\n<li>Rub Tester kan testa olika ytor, t.ex. papper, plastfilmer, etiketter, f\u00f6rpackningsmaterial och wellpapp.<\/li>\n<\/ul>\n<\/li>\n<li><strong>Q4: Kan Rub Tester utf\u00f6ra b\u00e5de torra och v\u00e5ta gnuggtester?<\/strong>\n<ul>\n<li>Ja, Rub Tester kan utf\u00f6ra torra, v\u00e5ta, uppv\u00e4rmda och funktionella gnuggtester, vilket g\u00f6r den anpassningsbar till olika testbehov.<\/li>\n<\/ul>\n<\/li>\n<li><strong>Q5: Hur s\u00e4kerst\u00e4ller RT-01 Rub Tester konsekventa resultat?<\/strong>\n<ul>\n<li>RT-01 Rub Tester har ett PLC-kontrollerat system, exakt kontroll av gnuggcirkeln och en justerbar testhastighet f\u00f6r att s\u00e4kerst\u00e4lla korrekta och reproducerbara testresultat.<\/li>\n<\/ul>\n<\/li>\n<\/ul>","protected":false},"excerpt":{"rendered":"<p>Den <strong>Rub Tester<\/strong> \u00e4r ett viktigt verktyg f\u00f6r att utv\u00e4rdera motst\u00e5ndskraften hos bl\u00e4ckfilmer, bel\u00e4ggningar och andra material mot slitage, skavning och gnidning. Rub Tester \u00e4r avsedd f\u00f6r f\u00f6rpacknings-, tryck- och materialprovningsindustrin och s\u00e4kerst\u00e4ller att bl\u00e4ck och bel\u00e4ggningar p\u00e5 olika ytor bibeh\u00e5ller sin integritet under friktion, fukt, v\u00e4rme och andra p\u00e5frestningar. Oavsett om du testar tryckta f\u00f6rpackningsmaterial, etiketter, wellpapp eller plastfilmer ger Rub Tester exakta insikter i hur dessa material kommer att fungera under hantering, transport och anv\u00e4ndning.<\/p>","protected":false},"featured_media":6003,"comment_status":"closed","ping_status":"closed","template":"","meta":{"site-sidebar-layout":"default","site-content-layout":"default","ast-global-header-display":"","ast-main-header-display":"","ast-hfb-above-header-display":"","ast-hfb-below-header-display":"","ast-hfb-mobile-header-display":"","site-post-title":"","ast-breadcrumbs-content":"","ast-featured-img":"","footer-sml-layout":"","theme-transparent-header-meta":"default","adv-header-id-meta":"","stick-header-meta":"","header-above-stick-meta":"","header-main-stick-meta":"","header-below-stick-meta":""},"product_cat":[953,956,955,1135,954,957,958,952,959,44,113,95],"product_tag":[],"class_list":{"0":"post-3270","1":"product","2":"type-product","3":"status-publish","4":"has-post-thumbnail","6":"product_cat-bursting-tester","7":"product_cat-cobb-tester","8":"product_cat-crush-tester","9":"product_cat-ink-rub-tester","10":"product_cat-paper-tear-tester","11":"product_cat-plybond-tester","12":"product_cat-puncture-tester","13":"product_cat-rub-tester","14":"product_cat-stiffness-tester","15":"product_cat-paper-and-board-testers","16":"product_cat-astm-d5264","17":"product_cat-products","18":"desktop-align-left","19":"tablet-align-left","20":"mobile-align-left","22":"first","23":"instock","24":"shipping-taxable","25":"product-type-simple"},"_links":{"self":[{"href":"https:\/\/www.qualitester.com\/sv\/wp-json\/wp\/v2\/product\/3270","targetHints":{"allow":["GET"]}}],"collection":[{"href":"https:\/\/www.qualitester.com\/sv\/wp-json\/wp\/v2\/product"}],"about":[{"href":"https:\/\/www.qualitester.com\/sv\/wp-json\/wp\/v2\/types\/product"}],"replies":[{"embeddable":true,"href":"https:\/\/www.qualitester.com\/sv\/wp-json\/wp\/v2\/comments?post=3270"}],"version-history":[{"count":0,"href":"https:\/\/www.qualitester.com\/sv\/wp-json\/wp\/v2\/product\/3270\/revisions"}],"wp:featuredmedia":[{"embeddable":true,"href":"https:\/\/www.qualitester.com\/sv\/wp-json\/wp\/v2\/media\/6003"}],"wp:attachment":[{"href":"https:\/\/www.qualitester.com\/sv\/wp-json\/wp\/v2\/media?parent=3270"}],"wp:term":[{"taxonomy":"product_cat","embeddable":true,"href":"https:\/\/www.qualitester.com\/sv\/wp-json\/wp\/v2\/product_cat?post=3270"},{"taxonomy":"product_tag","embeddable":true,"href":"https:\/\/www.qualitester.com\/sv\/wp-json\/wp\/v2\/product_tag?post=3270"}],"curies":[{"name":"wp","href":"https:\/\/api.w.org\/{rel}","templated":true}]}}