{"id":2475,"date":"2023-06-16T09:54:40","date_gmt":"2023-06-16T01:54:40","guid":{"rendered":"https:\/\/www.qualitester.com\/?post_type=product&#038;p=2475"},"modified":"2024-11-26T15:00:54","modified_gmt":"2024-11-26T07:00:54","slug":"ftt-01-the-paper-thickness-testing-machine","status":"publish","type":"product","link":"https:\/\/www.qualitester.com\/sv\/produkt-2\/ftt-01-the-paper-thickness-testing-machine\/","title":{"rendered":"FTT-01 tjockleksm\u00e4tare"},"content":{"rendered":"<p>Den <strong>Tester f\u00f6r ber\u00f6ringstjocklek<\/strong> \u00e4r ett avancerat m\u00e4tinstrument som \u00e4r utformat f\u00f6r att ge exakta och tillf\u00f6rlitliga tjockleksavl\u00e4sningar f\u00f6r en m\u00e4ngd olika material, inklusive plastfilmer, textilier, papper, kartong, folier och andra flexibla material. Tjockleken spelar en avg\u00f6rande roll n\u00e4r det g\u00e4ller att fastst\u00e4lla prestanda, kvalitet och efterlevnad f\u00f6r dessa material i branscher som f\u00f6rpackningar, l\u00e4kemedel, medicintekniska produkter, textilier med mera. En j\u00e4mn materialtjocklek s\u00e4kerst\u00e4ller produktkvaliteten, f\u00f6rebygger defekter och uppfyller lagstadgade krav, vilket g\u00f6r den till ett viktigt verktyg f\u00f6r kvalitetskontroll i tillverkningsprocesser.<\/p>\n<p>Oavsett om du arbetar med plastfilmer i f\u00f6rpackningar, textilier i modeindustrin eller pappersprodukter i tryckeribranschen \u00e4r <strong>Tester f\u00f6r ber\u00f6ringstjocklek<\/strong> hj\u00e4lper f\u00f6retag att uppr\u00e4tth\u00e5lla enhetlighet, minska avfallet och se till att materialet uppfyller str\u00e4nga branschstandarder.<\/p>\n<h2>Standarder f\u00f6r tjockleksm\u00e4tning<\/h2>\n<p>Den <strong>Tester f\u00f6r ber\u00f6ringstjocklek<\/strong> \u00e4r konstruerad f\u00f6r att uppfylla en m\u00e4ngd internationella standarder, vilket s\u00e4kerst\u00e4ller korrekta och standardiserade m\u00e4tningar f\u00f6r olika materialtyper och branscher.<\/p>\n<h3><strong><a href=\"https:\/\/www.astm.org\/d0374-99.html\" target=\"_blank\" rel=\"noopener nofollow\">ASTM D374-99<\/a>: Standardiserade provningsmetoder f\u00f6r tjocklek p\u00e5 fast elektrisk isolering<\/strong><\/h3>\n<p>Denna standard anv\u00e4nds f\u00f6r att m\u00e4ta tjockleken p\u00e5 elektriska isoleringsmaterial. Exakta tjockleksm\u00e4tningar \u00e4r kritiska f\u00f6r elindustrin f\u00f6r att s\u00e4kerst\u00e4lla korrekt isolering, vilket skyddar elektriska komponenter och f\u00f6rhindrar skador. Standarden <strong>Tester f\u00f6r ber\u00f6ringstjocklek<\/strong> uppfyller kraven i ASTM D374, vilket garanterar tillf\u00f6rlitliga och konsekventa m\u00e4tningar f\u00f6r elektriska isoleringsprodukter.<\/p>\n<h3><strong><a href=\"https:\/\/www.astm.org\/d1777-96r19.html\" target=\"_blank\" rel=\"noopener nofollow\">ASTM D1777<\/a>: Standardprovningsmetod f\u00f6r tjocklek p\u00e5 textilmaterial<\/strong><\/h3>\n<p>Standarden ASTM D1777 g\u00e4ller f\u00f6r textilier och tygmaterial. Exakt tjockleksm\u00e4tning \u00e4r avg\u00f6rande f\u00f6r textilindustrin f\u00f6r att utv\u00e4rdera tygets prestanda, kvalitet och h\u00e5llbarhet. Standarden <strong>Tester f\u00f6r ber\u00f6ringstjocklek<\/strong> ger exakta avl\u00e4sningar som hj\u00e4lper tillverkare att uppfylla branschstandarder f\u00f6r tjocklek, vilket s\u00e4kerst\u00e4ller produktkvalitet och funktionalitet.<\/p>\n<h3><strong><a href=\"https:\/\/www.iso.org\/standard\/51266.html\" target=\"_blank\" rel=\"noopener nofollow\">ISO 3034:2011<\/a>: Wellpapp - Best\u00e4mning av tjocklek p\u00e5 enstaka ark<\/strong><\/h3>\n<p>Denna standard anv\u00e4nds f\u00f6r att m\u00e4ta tjockleken p\u00e5 wellpapp, ett material som ofta anv\u00e4nds i f\u00f6rpackningar. Genom att uppfylla ISO 3034:2011-standarderna kan <strong>Tester f\u00f6r ber\u00f6ringstjocklek<\/strong> hj\u00e4lper f\u00f6rpackningstillverkare att s\u00e4kerst\u00e4lla att deras fiberboardmaterial uppfyller de n\u00f6dv\u00e4ndiga tjockleksspecifikationerna, vilket ger h\u00e5llbarhet och skydd f\u00f6r f\u00f6rpackade varor.<\/p>\n<h3><strong><a href=\"https:\/\/www.iso.org\/standard\/53060.html\" target=\"_blank\" rel=\"noopener nofollow\">ISO 534-2011<\/a>: Papper och kartong - Best\u00e4mning av tjocklek, densitet och specifik volym<\/strong><\/h3>\n<p>ISO 534-2011 anv\u00e4nds f\u00f6r att m\u00e4ta tjockleken p\u00e5 pappers- och kartongmaterial. Denna standard \u00e4r viktig f\u00f6r pappersindustrin f\u00f6r att uppr\u00e4tth\u00e5lla produktkonsistens, kontrollera materialanv\u00e4ndningen och uppfylla kundernas f\u00f6rv\u00e4ntningar. Den <strong>Tester f\u00f6r ber\u00f6ringstjocklek<\/strong> st\u00f6der ISO 534-2011, vilket s\u00e4kerst\u00e4ller exakta tjockleksm\u00e4tningar f\u00f6r pappers- och kartongmaterial, vilket \u00e4r avg\u00f6rande f\u00f6r b\u00e5de kvalitetskontroll och tillverkningseffektivitet.<\/p>\n<h3><strong><a href=\"https:\/\/www.iso.org\/standard\/20759.html\" target=\"_blank\" rel=\"noopener nofollow\">ISO 4593<\/a>: Plast; Film och folier; Best\u00e4mning av tjocklek genom mekanisk skanning<\/strong><\/h3>\n<p>ISO 4593 definierar standarden f\u00f6r m\u00e4tning av tjockleken p\u00e5 plastfilmer och plastskivor. Exakta tjockleksm\u00e4tningar \u00e4r avg\u00f6rande f\u00f6r plasttillverkare, s\u00e4rskilt inom f\u00f6rpackningsapplikationer, f\u00f6r att s\u00e4kerst\u00e4lla produktprestanda och efterlevnad av lagstadgade standarder. Den <strong>Tester f\u00f6r ber\u00f6ringstjocklek<\/strong> uppfyller kraven i ISO 4593, vilket s\u00e4kerst\u00e4ller tillf\u00f6rlitliga tjockleksavl\u00e4sningar f\u00f6r plastfilmer som anv\u00e4nds i en m\u00e4ngd olika branscher.<\/p>\n<h2>Testmetoder och till\u00e4mpning<\/h2>\n<div class=\"ast-oembed-container\" style=\"height: 100%;\"><iframe title=\"Tjockleksprovare med pressarfot och provmatare\" width=\"500\" height=\"281\" src=\"https:\/\/www.youtube.com\/embed\/ay_9m_wynLU?feature=oembed\" frameborder=\"0\" allow=\"accelerometer; autoplay; clipboard-write; encrypted-media; gyroscope; picture-in-picture; web-share\" referrerpolicy=\"strict-origin-when-cross-origin\" allowfullscreen><\/iframe><\/div>\n<p>Den <strong>Tester f\u00f6r ber\u00f6ringstjocklek<\/strong> anv\u00e4nder en mekanisk skanningsteknik f\u00f6r att m\u00e4ta tjockleken p\u00e5 en m\u00e4ngd olika material. S\u00e5 h\u00e4r fungerar processen:<\/p>\n<ol>\n<li><strong>Provplacering:<\/strong> Materialprovet placeras p\u00e5 instrumentets bas f\u00f6r att s\u00e4kerst\u00e4lla att det \u00e4r korrekt placerat f\u00f6r en noggrann m\u00e4tning.<\/li>\n<li><strong>Mekanism f\u00f6r pressarfot:<\/strong> En viktad pressarfot s\u00e4nks f\u00f6rsiktigt ned p\u00e5 materialet. Testaren m\u00e4ter f\u00f6rskjutningen eller gapet mellan pressarfoten och underlaget, vilket ger en exakt m\u00e4tning av provkroppens tjocklek.<\/li>\n<li><strong>Materialtyper:<\/strong> Testaren \u00e4r m\u00e5ngsidig och kan m\u00e4ta tjockleken p\u00e5 material som plastfilmer, textilier, papper, folier, tyger och membran. Oavsett om du testar f\u00f6rpackningsmaterial, f\u00f6rpackningar f\u00f6r medicintekniska produkter eller textilier kan <strong>Tester f\u00f6r ber\u00f6ringstjocklek<\/strong> garanterar exakta resultat.<\/li>\n<\/ol>\n<p>Denna metod \u00e4r s\u00e4rskilt v\u00e4rdefull f\u00f6r kvalitetskontrollprocesser i branscher d\u00e4r materialkonsistens \u00e4r avg\u00f6rande, t.ex. f\u00f6rpackningar, livsmedel och drycker, l\u00e4kemedel och textilier. Genom att tillhandah\u00e5lla exakta och repeterbara m\u00e4tningar kan <strong>Tester f\u00f6r ber\u00f6ringstjocklek<\/strong> hj\u00e4lper f\u00f6retag att identifiera tjockleksvariationer som kan leda till defekter, bristande efterlevnad av regelverk eller h\u00f6gre produktionskostnader.<\/p>\n<h2>Tekniska egenskaper och funktionalitet<\/h2>\n<p>Den <strong>Tester f\u00f6r ber\u00f6ringstjocklek<\/strong> \u00e4r utformad f\u00f6r enkel anv\u00e4ndning och precision, med flera avancerade funktioner som s\u00e4kerst\u00e4ller effektiv drift och exakta resultat:<\/p>\n<ul>\n<li><strong>PLC-kontrollerad drift<\/strong>: Enheten styrs av en programmerbar logisk styrenhet (PLC), som \u00e4r integrerad med ett intuitivt HMI-peksk\u00e4rmsgr\u00e4nssnitt f\u00f6r enkel anv\u00e4ndning.<\/li>\n<li><strong>Automatisk lyft av pressarfot<\/strong>: Denna funktion s\u00e4kerst\u00e4ller att pressarfoten lyfts automatiskt efter varje m\u00e4tning, vilket minskar behovet av manuella ingrepp och ger en konsekvent testning.<\/li>\n<li><strong>Visning av data i realtid<\/strong>: Testaren visar m\u00e4tningar i realtid, inklusive max-, min-, medel- och standardavvikelsev\u00e4rden, s\u00e5 att anv\u00e4ndarna kan bed\u00f6ma materialets konsistens och prestanda direkt.<\/li>\n<li><strong>Datalagring och mikroutskrift<\/strong>: Testaren kan lagra testresultat och skriva ut rapporter, vilket underl\u00e4ttar sp\u00e5rbarhet och dokumentation av kvalitetskontroll f\u00f6r revisioner eller register.<\/li>\n<li><strong>RS232-port (tillval)<\/strong>: Enheten har en RS232-port som g\u00f6r det enkelt att integrera med programvara f\u00f6r dataanalys, vilket f\u00f6rb\u00e4ttrar m\u00f6jligheten att hantera och analysera testresultat.<\/li>\n<li><strong>Alternativ f\u00f6r manuell och automatisk provmatning (tillval)<\/strong>: F\u00f6r \u00f6kad effektivitet i testmilj\u00f6er med stora volymer finns b\u00e5de manuell och automatisk provmatning tillg\u00e4nglig.<\/li>\n<\/ul>\n<h2>Huvudparametrar och specifikationer<\/h2>\n<table>\n<tbody>\n<tr>\n<td width=\"251\">Testomr\u00e5de<\/td>\n<td width=\"247\">0~2mm (Anpassning tillg\u00e4nglig)<\/td>\n<\/tr>\n<tr>\n<td width=\"251\">Uppl\u00f6sning<\/td>\n<td width=\"247\">0,1 \u03bcm<\/td>\n<\/tr>\n<tr>\n<td width=\"251\">Standardm\u00e5tt Huvud<\/td>\n<td width=\"247\">Hemisf\u00e4risk typ<\/td>\n<\/tr>\n<tr>\n<td width=\"251\">Valfritt m\u00e4thuvud (platt fot)<\/td>\n<td width=\"247\">50 mm\u00b2 , 17,5\u00b11 KPa (f\u00f6r film)<br \/>\n200 mm\u00b2 , 50\u00b11 KPa (f\u00f6r papper)<\/td>\n<\/tr>\n<tr>\n<td width=\"251\">Kraft<\/td>\n<td width=\"247\">AC 110~220V<\/td>\n<\/tr>\n<\/tbody>\n<\/table>\n<h3>Varf\u00f6r v\u00e4lja Touch Thickness Tester?<\/h3>\n<p>Den <strong>Tester f\u00f6r ber\u00f6ringstjocklek<\/strong> erbjuder m\u00e5nga f\u00f6rdelar f\u00f6r f\u00f6retag inom branscher som f\u00f6rpackningar, textilier, medicintekniska produkter och mycket mer. H\u00e4r \u00e4r bara n\u00e5gra anledningar till att v\u00e4lja detta instrument:<\/p>\n<ul>\n<li><strong>M\u00e5ngsidighet:<\/strong> Den kan m\u00e4ta tjockleken p\u00e5 olika material, t.ex. plastfilmer, textilier, papper och wellpapp.<\/li>\n<li><strong>\u00d6verensst\u00e4mmelse med standarder:<\/strong> Den uppfyller viktiga industristandarder som ASTM D374, ASTM D1777, ISO 3034:2011, ISO 534-2011 och ISO 4593, vilket s\u00e4kerst\u00e4ller att dina m\u00e4tningar \u00e4r korrekta och uppfyller kraven i lagstiftningen.<\/li>\n<li><strong>Effektivitet och noggrannhet:<\/strong> Med sina avancerade funktioner som automatisk lyft av pressarfoten, datavisning i realtid och h\u00f6guppl\u00f6sta m\u00e4tningar \u00e4r <strong>Tester f\u00f6r ber\u00f6ringstjocklek<\/strong> s\u00e4kerst\u00e4ller tillf\u00f6rlitliga och repeterbara resultat.<\/li>\n<li><strong>Datahantering:<\/strong> M\u00f6jligheten att lagra och skriva ut testresultat g\u00f6r det enkelt att f\u00f6ra register f\u00f6r kvalitetskontroll, revisioner och sp\u00e5rbarhet.<\/li>\n<\/ul>\n<h3>Vanliga fr\u00e5gor och svar (FAQs)<\/h3>\n<ol>\n<li><strong>Vilka material kan Touch Thickness Tester m\u00e4ta?<\/strong>\n<ul>\n<li>Testaren kan m\u00e4ta tjockleken p\u00e5 material som plastfilmer, textilier, papper, wellpapp, folier och membran.<\/li>\n<\/ul>\n<\/li>\n<li><strong>Vilket \u00e4r m\u00e4tomr\u00e5det f\u00f6r Touch Thickness Tester?<\/strong>\n<ul>\n<li>Standardtestomr\u00e5det \u00e4r fr\u00e5n 0 till 2 mm, med m\u00f6jlighet till anpassning f\u00f6r specifika materialtyper eller applikationer.<\/li>\n<\/ul>\n<\/li>\n<li><strong>Hur s\u00e4kerst\u00e4ller Touch Thickness Tester noggrannhet?<\/strong>\n<ul>\n<li>Testaren anv\u00e4nder en mekanisk skanningsteknik med en uppl\u00f6sning p\u00e5 0,1 \u03bcm f\u00f6r att s\u00e4kerst\u00e4lla exakta och noggranna tjockleksm\u00e4tningar f\u00f6r olika material.<\/li>\n<\/ul>\n<\/li>\n<li><strong>Kan Touch Thickness Tester integreras med andra programvarusystem?<\/strong>\n<ul>\n<li>Ja, testaren har en RS232-port f\u00f6r valfri integrering med programvara f\u00f6r f\u00f6rb\u00e4ttrad datahantering och analys.<\/li>\n<\/ul>\n<\/li>\n<li><strong>Vilka standarder uppfyller Touch Thickness Tester?<\/strong>\n<ul>\n<li>Provaren st\u00f6der ASTM D374, ASTM D1777, ISO 3034:2011, ISO 534-2011 och ISO 4593, vilket s\u00e4kerst\u00e4ller \u00f6verensst\u00e4mmelse med branschstandarder f\u00f6r olika material.<\/li>\n<\/ul>\n<\/li>\n<\/ol>","protected":false},"excerpt":{"rendered":"<p>Den <strong>Tester f\u00f6r ber\u00f6ringstjocklek<\/strong> \u00e4r ett avancerat m\u00e4tinstrument som \u00e4r utformat f\u00f6r att ge exakta och tillf\u00f6rlitliga tjockleksavl\u00e4sningar f\u00f6r en m\u00e4ngd olika material, inklusive plastfilmer, textilier, papper, kartong, folier och andra flexibla material. Tjockleken spelar en avg\u00f6rande roll n\u00e4r det g\u00e4ller att fastst\u00e4lla prestanda, kvalitet och efterlevnad f\u00f6r dessa material i branscher som f\u00f6rpackningar, l\u00e4kemedel, medicintekniska produkter, textilier m.m.<\/p>","protected":false},"featured_media":5612,"comment_status":"closed","ping_status":"closed","template":"","meta":{"site-sidebar-layout":"default","site-content-layout":"default","ast-global-header-display":"","ast-main-header-display":"","ast-hfb-above-header-display":"","ast-hfb-below-header-display":"","ast-hfb-mobile-header-display":"","site-post-title":"","ast-breadcrumbs-content":"","ast-featured-img":"","footer-sml-layout":"","theme-transparent-header-meta":"default","adv-header-id-meta":"","stick-header-meta":"","header-above-stick-meta":"","header-main-stick-meta":"","header-below-stick-meta":""},"product_cat":[845,938,44,149,16,120,131,160,162,164,95],"product_tag":[],"class_list":{"0":"post-2475","1":"product","2":"type-product","3":"status-publish","4":"has-post-thumbnail","6":"product_cat-customization","7":"product_cat-textile-tester","8":"product_cat-paper-and-board-testers","9":"product_cat-pharma-and-medical-testers","10":"product_cat-plastic-packaging-testers","11":"product_cat-astm-d1777","12":"product_cat-astm-d374","13":"product_cat-iso-3034","14":"product_cat-iso-4593","15":"product_cat-iso-534","16":"product_cat-products","17":"desktop-align-left","18":"tablet-align-left","19":"mobile-align-left","21":"first","22":"instock","23":"shipping-taxable","24":"product-type-simple"},"_links":{"self":[{"href":"https:\/\/www.qualitester.com\/sv\/wp-json\/wp\/v2\/product\/2475","targetHints":{"allow":["GET"]}}],"collection":[{"href":"https:\/\/www.qualitester.com\/sv\/wp-json\/wp\/v2\/product"}],"about":[{"href":"https:\/\/www.qualitester.com\/sv\/wp-json\/wp\/v2\/types\/product"}],"replies":[{"embeddable":true,"href":"https:\/\/www.qualitester.com\/sv\/wp-json\/wp\/v2\/comments?post=2475"}],"version-history":[{"count":0,"href":"https:\/\/www.qualitester.com\/sv\/wp-json\/wp\/v2\/product\/2475\/revisions"}],"wp:featuredmedia":[{"embeddable":true,"href":"https:\/\/www.qualitester.com\/sv\/wp-json\/wp\/v2\/media\/5612"}],"wp:attachment":[{"href":"https:\/\/www.qualitester.com\/sv\/wp-json\/wp\/v2\/media?parent=2475"}],"wp:term":[{"taxonomy":"product_cat","embeddable":true,"href":"https:\/\/www.qualitester.com\/sv\/wp-json\/wp\/v2\/product_cat?post=2475"},{"taxonomy":"product_tag","embeddable":true,"href":"https:\/\/www.qualitester.com\/sv\/wp-json\/wp\/v2\/product_tag?post=2475"}],"curies":[{"name":"wp","href":"https:\/\/api.w.org\/{rel}","templated":true}]}}