{"id":2401,"date":"2023-06-12T10:45:15","date_gmt":"2023-06-12T02:45:15","guid":{"rendered":"https:\/\/www.qualitester.com\/?post_type=product&#038;p=2401"},"modified":"2024-12-02T16:37:19","modified_gmt":"2024-12-02T08:37:19","slug":"lt-03-seal-strength-testing-machine","status":"publish","type":"product","link":"https:\/\/www.qualitester.com\/sv\/produkt-2\/lt-03-seal-strength-testing-machine\/","title":{"rendered":"LT-03 L\u00e4ckagetestare"},"content":{"rendered":"<h2><strong>Inledning<\/strong><\/h2>\n<p>Inom f\u00f6rpackningsindustrin \u00e4r det avg\u00f6rande att f\u00f6rseglingarna h\u00e5ller f\u00f6r att garantera produkts\u00e4kerhet och kvalitet. Utrustning f\u00f6r testning av t\u00e4tningsstyrka \u00e4r utformad f\u00f6r att utv\u00e4rdera t\u00e4tningens f\u00f6rm\u00e5ga att motst\u00e5 milj\u00f6f\u00f6rh\u00e5llanden och f\u00f6rhindra l\u00e4ckage och kontaminering. Denna testning \u00e4r viktig f\u00f6r branscher som livsmedelsf\u00f6rpackningar, l\u00e4kemedel, medicintekniska produkter, kosmetika och m\u00e5nga andra, d\u00e4r f\u00f6rpackningens prestanda direkt p\u00e5verkar produktkvaliteten och konsumenternas s\u00e4kerhet.<\/p>\n<p>Cell Instruments\u2019 <strong>Utrustning f\u00f6r test av t\u00e4tningsh\u00e5llfasthet<\/strong> ger en exakt och tillf\u00f6rlitlig metod f\u00f6r att bed\u00f6ma f\u00f6rseglingens integritet, vilket s\u00e4kerst\u00e4ller att f\u00f6rpackade produkter f\u00f6rblir s\u00e4kra, skyddade och uppfyller branschstandarder.<\/p>\n<h2><strong>Vad \u00e4r utrustning f\u00f6r testning av t\u00e4tningsstyrka?<\/strong><\/h2>\n<p>Utrustning f\u00f6r test av t\u00e4tningsstyrka anv\u00e4nds f\u00f6r att bed\u00f6ma styrkan och tillf\u00f6rlitligheten hos t\u00e4tningar i f\u00f6rpackningsmaterial. Utrustningen utv\u00e4rderar om f\u00f6rseglingarna i olika f\u00f6rpackningstyper (plast, papper, aluminium etc.) \u00e4r tillr\u00e4ckligt starka f\u00f6r att f\u00f6rhindra l\u00e4ckage som kan \u00e4ventyra produkten. Detta test anv\u00e4nds ofta f\u00f6r f\u00f6rpackningsmaterial i livsmedel, l\u00e4kemedel, medicintekniska produkter och konsumentvaror.<\/p>\n<p>Genom att anv\u00e4nda avancerad testteknik hj\u00e4lper testaren av f\u00f6rseglingens styrka till att identifiera svaga eller felaktiga f\u00f6rseglingar innan de n\u00e5r konsumenterna, vilket s\u00e4kerst\u00e4ller h\u00f6g produktkvalitet och efterlevnad av s\u00e4kerhetsstandarder.<\/p>\n<h2><strong>\u00d6versikt \u00f6ver ASTM D3078: Teststandarder f\u00f6r t\u00e4tningsintegritet<\/strong><\/h2>\n<h3><strong>Vad \u00e4r ASTM D3078?<\/strong><\/h3>\n<p><a href=\"https:\/\/www.qualitester.com\/sv\/produkt-kategori\/astm\/astm-d3078\/\" target=\"_blank\" rel=\"noopener\"><strong>ASTM D3078<\/strong><\/a> \u00e4r en standardtestmetod som utvecklats av ASTM International f\u00f6r att uppt\u00e4cka l\u00e4ckage i f\u00f6rseglade f\u00f6rpackningar. Metoden applicerar ett vakuum p\u00e5 f\u00f6rpackningen och \u00f6vervakar f\u00f6rekomsten av bubblor som indikerar l\u00e4ckage, vilket s\u00e4kerst\u00e4ller f\u00f6rseglingens integritet. Testet \u00e4r s\u00e4rskilt viktigt f\u00f6r livsmedels- och l\u00e4kemedelsindustrin, d\u00e4r f\u00f6rpackningarna m\u00e5ste bibeh\u00e5lla sin integritet f\u00f6r att f\u00f6rhindra kontaminering eller f\u00f6rst\u00f6relse.<\/p>\n<h3><strong>Testmetod enligt ASTM D3078<\/strong><\/h3>\n<p>Den <a href=\"https:\/\/www.astm.org\/d3078-02r21e01.html\" target=\"_blank\" rel=\"noopener nofollow\">ASTM D3078<\/a> Standarden beskriver en process d\u00e4r f\u00f6rpackningen placeras i en vattenfylld kammare. Kammaren f\u00f6rseglas och luften evakueras tills den f\u00f6rinst\u00e4llda vakuumniv\u00e5n har uppn\u00e5tts. Om det finns en l\u00e4cka tvingar skillnaden i lufttryck den inst\u00e4ngda luften att fly och bildar synliga bubblor vid l\u00e4ckst\u00e4llet. Denna metod \u00e4r ett effektivt och tillf\u00f6rlitligt s\u00e4tt att uppt\u00e4cka \u00e4ven de minsta l\u00e4ckorna.<\/p>\n<h2><strong>Viktiga testmetoder och parametrar<\/strong><\/h2>\n<h3><strong>Testprocess<\/strong><\/h3>\n<p>Testprocessen f\u00f6r t\u00e4tningsh\u00e5llfasthet f\u00f6ljer en enkel sekvens som beskrivs i ASTM D3078:<\/p>\n<ol>\n<li><strong>F\u00f6rberedelse av prov:<\/strong> Provf\u00f6rpackningen placeras i en genomskinlig vattenfylld kammare.<\/li>\n<li><strong>Vakuum Till\u00e4mpning:<\/strong> Styrenheten suger ut luft tills en f\u00f6rinst\u00e4lld vakuumniv\u00e5 har uppn\u00e5tts.<\/li>\n<li><strong>Detektering av l\u00e4ckage:<\/strong> Om en f\u00f6rsegling bryts bildas bubblor vid l\u00e4ckagepunkten, vilket indikerar att f\u00f6rpackningen inte h\u00e5ller m\u00e5ttet.<\/li>\n<\/ol>\n<h3><strong>Huvudsakliga testparametrar<\/strong><\/h3>\n<table>\n<tbody>\n<tr>\n<td style=\"text-align: center;\" width=\"122\">Testomr\u00e5de<\/td>\n<td style=\"text-align: center;\" width=\"229\">0~-90 KPa<\/td>\n<\/tr>\n<tr>\n<td style=\"text-align: center;\" width=\"122\">Kammaren<\/td>\n<td style=\"text-align: center;\" width=\"229\">Akryl Cylinderform<\/td>\n<\/tr>\n<tr>\n<td style=\"text-align: center;\" width=\"122\">Testutrymme<\/td>\n<td style=\"text-align: center;\" width=\"229\">\u03a6270*H210mm (anv\u00e4ndbar p\u00e5 insidan)<\/td>\n<\/tr>\n<tr>\n<td style=\"text-align: center;\" width=\"122\">Tryckluft<\/td>\n<td style=\"text-align: center;\" width=\"229\">0,7MPa (F\u00f6rberedd av anv\u00e4ndaren)<\/td>\n<\/tr>\n<tr>\n<td style=\"text-align: center;\" width=\"122\">Kraft<\/td>\n<td style=\"text-align: center;\" width=\"229\">110~220V 50\/60Hz<\/td>\n<\/tr>\n<\/tbody>\n<\/table>\n<p>Dessa parametrar g\u00f6r det m\u00f6jligt f\u00f6r anv\u00e4ndaren att testa en m\u00e4ngd olika f\u00f6rpackningsmaterial och storlekar, vilket ger flexibilitet i olika produktions- och testmilj\u00f6er.<\/p>\n<h2><strong>Tekniska egenskaper f\u00f6r utrustning f\u00f6r provning av t\u00e4tningsh\u00e5llfasthet<\/strong><\/h2>\n<h3><strong>PLC-kontrollerad drift<\/strong><\/h3>\n<p>Utrustningen styrs av en PLC (Programmable Logic Controller), vilket garanterar stabila, repeterbara och h\u00f6gkvalitativa testresultat. Anv\u00e4ndargr\u00e4nssnittet \u00e4r utformat med en HMI (Human-Machine Interface) peksk\u00e4rm, vilket ger intuitiv kontroll och enkel anv\u00e4ndning.<\/p>\n<h3><strong>Effektivt vakuumsystem<\/strong><\/h3>\n<p>Testenheten anv\u00e4nder en <strong>Venturir\u00f6r<\/strong> f\u00f6r att generera ett vakuum p\u00e5 upp till -90 KPa, vilket g\u00f6r det till ett energieffektivt system. Denna vakuumniv\u00e5 \u00e4r tillr\u00e4cklig f\u00f6r att identifiera l\u00e4ckor, \u00e4ven mycket sm\u00e5 s\u00e5dana, vilket s\u00e4kerst\u00e4ller h\u00f6gkvalitativ testning utan behov av ytterligare utrustning.<\/p>\n<h3><strong>Visuell l\u00e4ckagedetektering<\/strong><\/h3>\n<p>Testet anv\u00e4nder en visuell observationsmetod f\u00f6r l\u00e4ckagedetektering. N\u00e4r det finns en l\u00e4cka bildar luft som l\u00e4cker ut fr\u00e5n f\u00f6rpackningen synliga bubblor i den vattenfyllda kammaren, vilket m\u00f6jligg\u00f6r snabb identifiering. Utrustningen ger kumulativa resultat, vilket g\u00f6r det enkelt att utv\u00e4rdera flera tester och deras effektivitet \u00f6ver tid.<\/p>\n<h3><strong>Funktion f\u00f6r sparande av parametrar<\/strong><\/h3>\n<p>F\u00f6r att optimera testeffektiviteten har <strong>Test av t\u00e4tningsstyrka<\/strong> har en parameterbesparande funktion f\u00f6r upp till 5 olika testuppst\u00e4llningar. Detta g\u00f6r det m\u00f6jligt f\u00f6r anv\u00e4ndare att spara specifika parametrar som vakuumniv\u00e5er och testtider, vilket g\u00f6r det l\u00e4ttare att v\u00e4xla mellan olika provtyper och testf\u00f6rh\u00e5llanden.<\/p>\n<h3><strong>Anpassningsbar kammare och tillvalsfunktioner<\/strong><\/h3>\n<p>Testkammaren \u00e4r tillverkad av h\u00f6gkvalitativ transparent akryl, vilket g\u00f6r det m\u00f6jligt att tydligt observera testprocessen. Anpassade storlekar och former p\u00e5 kammaren finns tillg\u00e4ngliga f\u00f6r testning av en m\u00e4ngd olika f\u00f6rpackningsformat. Enheten erbjuder ocks\u00e5 tillvalsfunktioner som t.ex:<\/p>\n<ul>\n<li><strong>Mikroskrivare<\/strong> f\u00f6r identifiering av prov och dokumentation av testresultat.<\/li>\n<li><strong>Anpassning av spr\u00e5k<\/strong> f\u00f6r internationella marknader, vilket s\u00e4kerst\u00e4ller att testsystemet \u00e4r tillg\u00e4ngligt f\u00f6r anv\u00e4ndare i olika regioner.<\/li>\n<li><strong>Integration av vakuumpumpar<\/strong> f\u00f6r att m\u00f6jligg\u00f6ra h\u00f6gre vakuumniv\u00e5er f\u00f6r mer kr\u00e4vande testscenarier.<\/li>\n<\/ul>\n<h2><strong>F\u00f6rdelar med utrustning f\u00f6r provning av t\u00e4tningsh\u00e5llfasthet<\/strong><\/h2>\n<h3><strong>Kvalitetss\u00e4kring<\/strong><\/h3>\n<p>Test av f\u00f6rseglingars h\u00e5llfasthet \u00e4r avg\u00f6rande f\u00f6r att s\u00e4kerst\u00e4lla att f\u00f6rpackningar kan motst\u00e5 milj\u00f6p\u00e5frestningar och skydda inneh\u00e5llet fr\u00e5n skador, kontaminering eller f\u00f6rst\u00f6relse. Denna typ av testning \u00e4r avg\u00f6rande f\u00f6r livsmedels-, medicin- och l\u00e4kemedelsindustrin, d\u00e4r produktens s\u00e4kerhet och integritet \u00e4r av yttersta vikt.<\/p>\n<h3><strong>Anpassning<\/strong><\/h3>\n<p>Utrustningen kan anv\u00e4ndas f\u00f6r olika f\u00f6rpackningstyper, fr\u00e5n sm\u00e5 p\u00e5sar till stora beh\u00e5llare, vilket ger flexibilitet f\u00f6r m\u00e5nga olika branscher. M\u00f6jligheten att spara testparametrar f\u00f6r olika material g\u00f6r att utrustningen kan anpassas till flera olika testscenarier.<\/p>\n<h3><strong>Kostnadseffektivt och \u00e4ndam\u00e5lsenligt<\/strong><\/h3>\n<p>Med sitt l\u00e4ttanv\u00e4nda gr\u00e4nssnitt, sina automatiserade funktioner och anpassningsbara inst\u00e4llningar \u00e4r <strong>Utrustning f\u00f6r test av t\u00e4tningsh\u00e5llfasthet<\/strong> g\u00f6r det m\u00f6jligt f\u00f6r f\u00f6retag att genomf\u00f6ra tester p\u00e5 ett effektivt s\u00e4tt utan att kompromissa med noggrannheten. M\u00f6jligheten att spara testuppst\u00e4llningar och generera kumulativa resultat optimerar arbetsfl\u00f6det och minskar testtiden och kostnaderna.<\/p>\n<h2><strong>Relevanta standarder: ASTM D3078 och mer d\u00e4rtill<\/strong><\/h2>\n<h3><strong>ASTM D3078<\/strong><\/h3>\n<p>Denna standardmetod anv\u00e4nds ofta i branscher d\u00e4r f\u00f6rpackningars t\u00e4tningsintegritet \u00e4r kritisk. Den s\u00e4kerst\u00e4ller att f\u00f6rpackningen uppfyller de prestandastandarder som kr\u00e4vs f\u00f6r att f\u00f6rhindra l\u00e4ckage och skydda inneh\u00e5llet fr\u00e5n yttre f\u00f6roreningar.<\/p>\n<h3><strong>ASTM D4991<\/strong><\/h3>\n<p>ASTM D4991 \u00e4r en annan relaterad standard som fokuserar p\u00e5 l\u00e4ckagetestning av f\u00f6rseglade f\u00f6rpackningar med hj\u00e4lp av en annan metod (f\u00e4rgpenetration eller tryckfall). Denna standard anv\u00e4nds ocks\u00e5 tillsammans med ASTM D3078 f\u00f6r omfattande l\u00e4ckagetestning av f\u00f6rpackningar.<\/p>\n<h2><strong>Varf\u00f6r v\u00e4lja Cell Instruments utrustning f\u00f6r testning av t\u00e4tningsstyrka?<\/strong><\/h2>\n<p>Cell Instruments \u00e4r ett p\u00e5litligt namn inom materialprovningsindustrin. Med m\u00e5nga \u00e5rs erfarenhet av testning av f\u00f6rpackningsmaterial och anpassade testl\u00f6sningar erbjuder vi h\u00f6gprecisionsutrustning som \u00e4r utformad f\u00f6r att m\u00f6ta de kr\u00e4vande behoven i olika branscher. V\u00e5ra <strong>Utrustning f\u00f6r test av t\u00e4tningsh\u00e5llfasthet<\/strong> \u00e4r konstruerad f\u00f6r att ge tillf\u00f6rlitliga, exakta och effektiva resultat, vilket hj\u00e4lper f\u00f6retag att s\u00e4kerst\u00e4lla integriteten hos sina f\u00f6rpackningar.<\/p>\n<p>Med flexibiliteten att testa olika f\u00f6rpackningsmaterial och m\u00f6jligheten att spara flera testuppst\u00e4llningar \u00e4r v\u00e5r utrustning utformad f\u00f6r att effektivisera din testprocess och f\u00f6rb\u00e4ttra din kvalitetskontroll.<\/p>\n<p>Att s\u00e4kerst\u00e4lla att f\u00f6rpackningens f\u00f6rsegling \u00e4r intakt \u00e4r avg\u00f6rande f\u00f6r att uppr\u00e4tth\u00e5lla produkts\u00e4kerhet, kvalitet och efterlevnad av branschstandarder. Cell Instruments\u2019 <strong>Utrustning f\u00f6r test av t\u00e4tningsh\u00e5llfasthet<\/strong> erbjuder en effektiv, tillf\u00f6rlitlig och anpassningsbar l\u00f6sning f\u00f6r f\u00f6retag som kr\u00e4ver l\u00e4ckagedetektering med h\u00f6g precision. Oavsett om du testar livsmedelsf\u00f6rpackningar, t\u00e4tningar f\u00f6r medicintekniska produkter eller l\u00e4kemedelsbeh\u00e5llare ger v\u00e5r utrustning den noggrannhet och konsekvens som du beh\u00f6ver f\u00f6r att s\u00e4kerst\u00e4lla att dina produkter n\u00e5r marknaden med h\u00f6gsta kvalitet.<\/p>\n<h2>FAQ-avdelning<\/h2>\n<ol>\n<li><strong>Vad \u00e4r ASTM D3078-standarden f\u00f6r test av t\u00e4tningsintegritet?<\/strong>\n<ul>\n<li>ASTM D3078 \u00e4r en standardtestmetod f\u00f6r att uppt\u00e4cka l\u00e4ckage i f\u00f6rseglade f\u00f6rpackningar med hj\u00e4lp av vakuum. Den s\u00e4kerst\u00e4ller att f\u00f6rpackningen bibeh\u00e5ller sin integritet genom att identifiera svaga f\u00f6rseglingar som kan leda till kontaminering eller f\u00f6rst\u00f6relse.<\/li>\n<\/ul>\n<\/li>\n<li><strong>Hur fungerar testutrustning f\u00f6r t\u00e4tningsstyrka?<\/strong>\n<ul>\n<li>Utrustningen placerar provet i en vattenfylld kammare, applicerar vakuum och detekterar l\u00e4ckage genom att observera bubbelbildning i kammaren om t\u00e4tningen bryts.<\/li>\n<\/ul>\n<\/li>\n<li><strong>Vilka branscher anv\u00e4nder test av t\u00e4tningsstyrka?<\/strong>\n<ul>\n<li>Test av t\u00e4tningsstyrka \u00e4r avg\u00f6rande i branscher som livsmedelsf\u00f6rpackningar, l\u00e4kemedel, medicintekniska produkter, kosmetika och konsumentvaror, d\u00e4r t\u00e4tningens integritet \u00e4r avg\u00f6rande f\u00f6r produkts\u00e4kerheten.<\/li>\n<\/ul>\n<\/li>\n<li><strong>Kan jag testa olika f\u00f6rpackningsmaterial med den h\u00e4r utrustningen?<\/strong>\n<ul>\n<li>Ja, utrustningen \u00e4r m\u00e5ngsidig och kan testa en m\u00e4ngd olika f\u00f6rpackningsmaterial, inklusive plast, papper och aluminium, med anpassningsbara kammarstorlekar och vakuumniv\u00e5er.<\/li>\n<\/ul>\n<\/li>\n<li><strong>Vilka \u00e4r de viktigaste f\u00f6rdelarna med att anv\u00e4nda Cell Instruments utrustning f\u00f6r testning av t\u00e4tningsstyrka?<\/strong>\n<ul>\n<li>De viktigaste f\u00f6rdelarna \u00e4r h\u00f6g noggrannhet, anpassningsbara funktioner, enkel anv\u00e4ndning med ett intuitivt HMI-gr\u00e4nssnitt och m\u00f6jlighet att spara testparametrar f\u00f6r olika f\u00f6rpackningstyper.<\/li>\n<\/ul>\n<\/li>\n<\/ol>","protected":false},"excerpt":{"rendered":"<p>Inom f\u00f6rpackningsindustrin \u00e4r det avg\u00f6rande att f\u00f6rseglingarna h\u00e5ller f\u00f6r att garantera produkts\u00e4kerhet och kvalitet. Utrustning f\u00f6r testning av t\u00e4tningsstyrka \u00e4r utformad f\u00f6r att utv\u00e4rdera t\u00e4tningens f\u00f6rm\u00e5ga att motst\u00e5 milj\u00f6f\u00f6rh\u00e5llanden och f\u00f6rhindra l\u00e4ckage och kontaminering. Denna testning \u00e4r viktig f\u00f6r branscher som livsmedelsf\u00f6rpackningar, l\u00e4kemedel, medicintekniska produkter, kosmetika och m\u00e5nga andra, d\u00e4r f\u00f6rpackningens prestanda direkt p\u00e5verkar produktkvaliteten och konsumenternas s\u00e4kerhet.<\/p>","protected":false},"featured_media":5988,"comment_status":"closed","ping_status":"closed","template":"","meta":{"site-sidebar-layout":"default","site-content-layout":"default","ast-global-header-display":"","ast-main-header-display":"","ast-hfb-above-header-display":"","ast-hfb-below-header-display":"","ast-hfb-mobile-header-display":"","site-post-title":"disabled","ast-breadcrumbs-content":"","ast-featured-img":"disabled","footer-sml-layout":"","theme-transparent-header-meta":"default","adv-header-id-meta":"","stick-header-meta":"","header-above-stick-meta":"","header-main-stick-meta":"","header-below-stick-meta":""},"product_cat":[845,675,17,149,16,105,135,95],"product_tag":[],"class_list":{"0":"post-2401","1":"product","2":"type-product","3":"status-publish","4":"has-post-thumbnail","6":"product_cat-customization","7":"product_cat-leak-tester","8":"product_cat-package-container-testers","9":"product_cat-pharma-and-medical-testers","10":"product_cat-plastic-packaging-testers","11":"product_cat-astm-d3078","12":"product_cat-astm-d4991","13":"product_cat-products","14":"desktop-align-left","15":"tablet-align-left","16":"mobile-align-left","18":"first","19":"instock","20":"shipping-taxable","21":"product-type-simple"},"_links":{"self":[{"href":"https:\/\/www.qualitester.com\/sv\/wp-json\/wp\/v2\/product\/2401","targetHints":{"allow":["GET"]}}],"collection":[{"href":"https:\/\/www.qualitester.com\/sv\/wp-json\/wp\/v2\/product"}],"about":[{"href":"https:\/\/www.qualitester.com\/sv\/wp-json\/wp\/v2\/types\/product"}],"replies":[{"embeddable":true,"href":"https:\/\/www.qualitester.com\/sv\/wp-json\/wp\/v2\/comments?post=2401"}],"version-history":[{"count":0,"href":"https:\/\/www.qualitester.com\/sv\/wp-json\/wp\/v2\/product\/2401\/revisions"}],"wp:featuredmedia":[{"embeddable":true,"href":"https:\/\/www.qualitester.com\/sv\/wp-json\/wp\/v2\/media\/5988"}],"wp:attachment":[{"href":"https:\/\/www.qualitester.com\/sv\/wp-json\/wp\/v2\/media?parent=2401"}],"wp:term":[{"taxonomy":"product_cat","embeddable":true,"href":"https:\/\/www.qualitester.com\/sv\/wp-json\/wp\/v2\/product_cat?post=2401"},{"taxonomy":"product_tag","embeddable":true,"href":"https:\/\/www.qualitester.com\/sv\/wp-json\/wp\/v2\/product_tag?post=2401"}],"curies":[{"name":"wp","href":"https:\/\/api.w.org\/{rel}","templated":true}]}}