{"id":2371,"date":"2023-06-02T13:53:04","date_gmt":"2023-06-02T05:53:04","guid":{"rendered":"https:\/\/www.qualitester.com\/?post_type=product&#038;p=2371"},"modified":"2024-11-27T16:45:32","modified_gmt":"2024-11-27T08:45:32","slug":"hst-01-flexible-packaging-material-heat-sealing-data-testing-machine","status":"publish","type":"product","link":"https:\/\/www.qualitester.com\/sv\/produkt-2\/hst-01-flexible-packaging-material-heat-sealing-data-testing-machine\/","title":{"rendered":"HST-02 Tester f\u00f6r v\u00e4rmef\u00f6rsegling"},"content":{"rendered":"<h2><strong>Introduktion till v\u00e4rmef\u00f6rseglingstestare f\u00f6r f\u00f6rpackningar<\/strong><\/h2>\n<p>Den <strong>V\u00e4rmef\u00f6rseglingstestare f\u00f6r f\u00f6rpackningar<\/strong> \u00e4r ett viktigt verktyg f\u00f6r att testa v\u00e4rmef\u00f6rseglingsf\u00f6rm\u00e5gan hos olika f\u00f6rpackningsmaterial, t.ex. flexibla filmer, laminat, polymerer och kompositer. Detta laboratorieklassade instrument \u00e4r utformat f\u00f6r att simulera den faktiska f\u00f6rslutningsprocessen, vilket g\u00f6r det m\u00f6jligt f\u00f6r tillverkare att s\u00e4kerst\u00e4lla styrkan, tillf\u00f6rlitligheten och funktionaliteten hos sina f\u00f6rpackningsf\u00f6rseglingar. Effektiv v\u00e4rmef\u00f6rsegling \u00e4r avg\u00f6rande f\u00f6r att s\u00e4kerst\u00e4lla integriteten hos f\u00f6rpackningar f\u00f6r livsmedel, medicin, l\u00e4kemedel och konsumentprodukter, d\u00e4r f\u00f6rpackningsfel kan leda till f\u00f6rs\u00e4mrad produkts\u00e4kerhet, h\u00e5llbarhet och anv\u00e4ndbarhet.<\/p>\n<p>V\u00e4rmef\u00f6rseglingstestaren \u00e5terskapar de viktigaste parametrarna som \u00e4r involverade i v\u00e4rmef\u00f6rsegling, n\u00e4mligen tid, temperatur och tryck, f\u00f6r att simulera verkliga f\u00f6rpackningsf\u00f6rh\u00e5llanden. Detta hj\u00e4lper tillverkarna att validera om deras material kan uppn\u00e5 den n\u00f6dv\u00e4ndiga f\u00f6rseglingsstyrkan f\u00f6r att ge en luftt\u00e4t, manipuleringss\u00e4ker och h\u00e5llbar f\u00f6rsegling.<\/p>\n<h2><strong><a href=\"https:\/\/www.astm.org\/f2029-16r21.html\" target=\"_blank\" rel=\"noopener nofollow\">ASTM F2029<\/a>: Standard f\u00f6r provning av v\u00e4rmef\u00f6rseglingsf\u00f6rm\u00e5ga<\/strong><\/h2>\n<p><strong><a href=\"https:\/\/www.qualitester.com\/sv\/produkt-kategori\/astm\/astm-f2029\/\" target=\"_blank\" rel=\"noopener\">ASTM F2029<\/a>-16(2021)<\/strong> \u2013 <strong>Standardmetoder f\u00f6r tillverkning av v\u00e4rmef\u00f6rseglingar i laboratorium f\u00f6r best\u00e4mning av v\u00e4rmef\u00f6rseglingsbarhet hos flexibla barri\u00e4rmaterial m\u00e4tt med f\u00f6rseglingens styrka<\/strong> - \u00e4r den viktigaste industristandarden f\u00f6r testning av v\u00e4rmef\u00f6rsegling i flexibla f\u00f6rpackningsmaterial. Denna standard beskriver de f\u00f6rfaranden och f\u00f6rh\u00e5llanden under vilka v\u00e4rmef\u00f6rseglingar i laboratorier ska g\u00f6ras f\u00f6r att utv\u00e4rdera f\u00f6rseglingarnas styrka och h\u00e5llbarhet. Genom att f\u00f6lja denna standard kan tillverkarna s\u00e4kerst\u00e4lla att deras produkter uppfyller de f\u00f6rpackningsspecifikationer som kr\u00e4vs.<\/p>\n<p><strong>Viktiga aspekter av ASTM F2029<\/strong>:<\/p>\n<ul>\n<li><strong>M\u00e4tning av t\u00e4tningsstyrka<\/strong>: ASTM F2029 fokuserar p\u00e5 att best\u00e4mma styrkan hos v\u00e4rmef\u00f6rseglingar, vilket \u00e4r viktigt f\u00f6r produktens skydd och h\u00e5llbarhet. Den hj\u00e4lper till att bed\u00f6ma om f\u00f6rpackningen t\u00e5l p\u00e5frestningar under transport, lagring och hantering.<\/li>\n<li><strong>Testmetodik<\/strong>: Standarden specificerar den kontrollerade anv\u00e4ndningen av tid, temperatur och tryck under t\u00e4tningsprocessen f\u00f6r att exakt simulera f\u00f6rpackningsf\u00f6rh\u00e5llanden.<\/li>\n<li><strong>Omfattning<\/strong>: Denna standard g\u00e4ller f\u00f6r en m\u00e4ngd olika branscher, inklusive livsmedel, l\u00e4kemedel, medicintekniska produkter och mer, d\u00e4r f\u00f6rpackningen \u00e4r avg\u00f6rande f\u00f6r produkts\u00e4kerheten.<\/li>\n<\/ul>\n<h2><strong>Tekniska egenskaper f\u00f6r HST-02 Heat Seal Tester<\/strong><\/h2>\n<p>Den <strong>HST-02 Tester f\u00f6r v\u00e4rmef\u00f6rsegling<\/strong> \u00e4r konstruerad med precision f\u00f6r att erbjuda h\u00f6gpresterande svetsfunktioner. Det h\u00e4r kompakta och tillf\u00f6rlitliga instrumentet \u00e4r utformat f\u00f6r att simulera v\u00e4rmef\u00f6rseglingsprocessen exakt, vilket g\u00f6r det till ett v\u00e4rdefullt verktyg f\u00f6r kvalitetss\u00e4kringsteam.<\/p>\n<ol>\n<li><strong>T\u00e4tningsbackar av aluminium<\/strong>:<br \/>\nDe \u00f6vre och nedre svetsbackarna \u00e4r tillverkade av aluminium f\u00f6r att minimera v\u00e4rmef\u00f6rlust och s\u00e4kerst\u00e4lla j\u00e4mn temperatur under svetsningen. Detta bidrar till att uppr\u00e4tth\u00e5lla en konsekvent och effektiv f\u00f6rseglingsprocess.<\/li>\n<li><strong>PID-temperaturregulator<\/strong>:<br \/>\nHST-02 \u00e4r utrustad med en PID-temperaturregulator (Proportional Integral Derivative) som s\u00e4kerst\u00e4ller en noggrann och stabil temperaturreglering, vilket ger en exakt kontroll \u00f6ver t\u00e4tningsprocessen.<\/li>\n<li><strong>Synkroniserad timer och k\u00e4kr\u00f6relse<\/strong>:<br \/>\nTestaren har en exakt synkronisering mellan timern och k\u00e4kr\u00f6relsen. Detta s\u00e4kerst\u00e4ller att t\u00e4tningstrycket och tiden appliceras korrekt p\u00e5 provet, vilket resulterar i exakta och repeterbara testf\u00f6rh\u00e5llanden.<\/li>\n<li><strong>Tryckreglering<\/strong>:<br \/>\nEn trev\u00e4gsstyrd t\u00e4tningsbalk uppr\u00e4tth\u00e5ller ett j\u00e4mnt t\u00e4tningstryck, vilket m\u00f6jligg\u00f6r en enhetlig applicering p\u00e5 en m\u00e4ngd olika material. Detta s\u00e4kerst\u00e4ller att t\u00e4tningens integritet testas under realistiska f\u00f6rh\u00e5llanden.<\/li>\n<li><strong>S\u00e4kerhetsfunktioner<\/strong>:<br \/>\nHST-02 prioriterar anv\u00e4ndars\u00e4kerhet med en sk\u00e5llningsskyddad frontk\u00e5pa f\u00f6r att f\u00f6rhindra br\u00e4nnskador, samt manuella och fotpedalbaserade initieringsalternativ f\u00f6r s\u00e4ker och enkel anv\u00e4ndning.<\/li>\n<\/ol>\n<h2><strong>Testprocess och testmetodik<\/strong><\/h2>\n<p>V\u00e4rmef\u00f6rseglingsprocessen med hj\u00e4lp av <strong>HST-02 Tester f\u00f6r v\u00e4rmef\u00f6rsegling<\/strong> f\u00f6ljer en enkel sekvens av steg som noggrant replikerar de f\u00f6rh\u00e5llanden som kr\u00e4vs f\u00f6r effektiva f\u00f6rpackningssigill:<\/p>\n<ol>\n<li><strong>Exempel p\u00e5 placering<\/strong>:<br \/>\nPlacera provet (vanligtvis en film eller ett kompositmaterial) mellan tv\u00e5 parallella f\u00f6rseglingsk\u00e4ftar.<\/li>\n<li><strong>Temperatur- och tryckinst\u00e4llningar<\/strong>:<br \/>\nSt\u00e4ll in \u00f6nskad f\u00f6rseglingstemperatur, -tid och -tryck baserat p\u00e5 materialspecifikationerna och de villkor som anges i ASTM F2029.<\/li>\n<li><strong>F\u00f6rseglingsprocess<\/strong>:<br \/>\nN\u00e4r systemet har n\u00e5tt j\u00e4mvikt trycks den \u00f6vre t\u00e4tningsk\u00e4ken, som styrs av en gascylinder, ned\u00e5t f\u00f6r att applicera tryck p\u00e5 materialet under den f\u00f6rinst\u00e4llda tiden.<\/li>\n<li><strong>Slut p\u00e5 test<\/strong>:<br \/>\nN\u00e4r den f\u00f6rinst\u00e4llda t\u00e4tningstiden \u00e4r slut \u00e5terg\u00e5r den \u00f6vre t\u00e4tningsk\u00e4ken till sitt ursprungliga l\u00e4ge och t\u00e4tningsstyrkan utv\u00e4rderas med hj\u00e4lp av olika testmetoder.<\/li>\n<\/ol>\n<h2><strong>Utv\u00e4rdering av v\u00e4rmef\u00f6rseglingens styrka<\/strong><\/h2>\n<p>N\u00e4r v\u00e4rmef\u00f6rseglingen \u00e4r klar utv\u00e4rderas f\u00f6rseglingens styrka f\u00f6r att s\u00e4kerst\u00e4lla att f\u00f6rseglingen \u00e4r intakt och h\u00e5llbar. Utv\u00e4rderingsmetoderna kan omfatta:<\/p>\n<ul>\n<li><strong>Test av t\u00e4tningens kontinuitet<\/strong>:<br \/>\nDessa tester, som t.ex. luftl\u00e4ckagetest, f\u00e4rgpenetration och visuell inspektion, s\u00e4kerst\u00e4ller att t\u00e4tningen \u00e4r kontinuerlig och inte har n\u00e5gra svaga punkter.<\/li>\n<li><strong>Mikrobiell testning och barri\u00e4rtestning<\/strong>:<br \/>\nYtterligare tester kan omfatta utv\u00e4rdering av materialets motst\u00e5ndskraft mot mikroorganismers intr\u00e4ngning och kontroll av att f\u00f6rseglingen ger ett tillr\u00e4ckligt skydd f\u00f6r produkten p\u00e5 insidan.<\/li>\n<\/ul>\n<p>Den <strong>HST-02 Tester f\u00f6r v\u00e4rmef\u00f6rsegling<\/strong> erbjuder detaljerade data som hj\u00e4lper tillverkare att bed\u00f6ma om deras f\u00f6rpackningsmaterial uppfyller branschstandarder f\u00f6r f\u00f6rpackningsintegritet och prestanda.<\/p>\n<h2><strong>Huvudparametrar f\u00f6r HST-02 v\u00e4rmef\u00f6rseglingstestare<\/strong><\/h2>\n<table>\n<tbody>\n<tr>\n<td style=\"text-align: center;\" width=\"123\">F\u00f6rsegling Temp.<\/td>\n<td style=\"text-align: center;\" width=\"126\">Omgivande ~ 300 \u2103<\/td>\n<\/tr>\n<tr>\n<td style=\"text-align: center;\" width=\"123\">Avvikelse<\/td>\n<td style=\"text-align: center;\" width=\"126\">\u00b10.2\u2103<\/td>\n<\/tr>\n<tr>\n<td style=\"text-align: center;\" width=\"123\">F\u00f6rseglingstid<\/td>\n<td style=\"text-align: center;\" width=\"126\">0,1S~9999S<\/td>\n<\/tr>\n<tr>\n<td style=\"text-align: center;\" width=\"123\">F\u00f6rseglingstryck<\/td>\n<td style=\"text-align: center;\" width=\"126\">0,15~0,7 MPa<\/td>\n<\/tr>\n<tr>\n<td style=\"text-align: center;\" width=\"123\">F\u00f6rsegla k\u00e4karna<\/td>\n<td style=\"text-align: center;\" width=\"126\">330*10 mm L*B<\/td>\n<\/tr>\n<tr>\n<td style=\"text-align: center;\" width=\"123\">Gastryck<\/td>\n<td style=\"text-align: center;\" width=\"126\">0,7 MPa<\/td>\n<\/tr>\n<tr>\n<td style=\"text-align: center;\" width=\"123\">Portstorlek<\/td>\n<td style=\"text-align: center;\" width=\"126\">\u04246 mm PU-slang<\/td>\n<\/tr>\n<tr>\n<td style=\"text-align: center;\" width=\"123\">Kraft<\/td>\n<td style=\"text-align: center;\" width=\"126\">AC 220V 50Hz<\/td>\n<\/tr>\n<\/tbody>\n<\/table>\n<p>Dessa parametrar g\u00f6r det m\u00f6jligt att testa ett stort antal olika material under kontrollerade f\u00f6rh\u00e5llanden, vilket ger konsekventa resultat f\u00f6r olika f\u00f6rpackningsapplikationer.<\/p>\n<h4><strong>F\u00f6rdelar med att anv\u00e4nda HST-02 Heat Seal Tester<\/strong><\/h4>\n<ul>\n<li><strong>Precision och repeterbarhet<\/strong>: HST-02 \u00e4r konstruerad f\u00f6r att ge exakta och reproducerbara testresultat genom att noggrant kontrollera de kritiska t\u00e4tningsparametrarna.<\/li>\n<li><strong>M\u00e5ngsidighet<\/strong>: Testaren \u00e4r l\u00e4mplig f\u00f6r anv\u00e4ndning med en m\u00e4ngd olika material och f\u00f6rpackningstyper, fr\u00e5n enkla plastfilmer till komplexa kompositmaterial.<\/li>\n<li><strong>\u00d6verensst\u00e4mmelse med branschstandarder<\/strong>: Helt i \u00f6verensst\u00e4mmelse med ASTM F2029, vilket s\u00e4kerst\u00e4ller att testresultaten uppfyller branschens erk\u00e4nda riktm\u00e4rken f\u00f6r t\u00e4tningsstyrka.<\/li>\n<li><strong>Kostnadseffektiv kvalitetskontroll<\/strong>: Hj\u00e4lper tillverkare att identifiera svagheter i f\u00f6rpackningst\u00e4tningar f\u00f6re massproduktion, vilket f\u00f6rhindrar kostsamma f\u00f6rpackningsfel och produktf\u00f6rluster.<\/li>\n<\/ul>\n<p>Den <strong>HST-02 V\u00e4rmef\u00f6rseglingstestare f\u00f6r f\u00f6rpackningar<\/strong> \u00e4r ett viktigt verktyg f\u00f6r att s\u00e4kerst\u00e4lla kvaliteten och tillf\u00f6rlitligheten hos v\u00e4rmef\u00f6rseglade f\u00f6rpackningsmaterial. Genom att replikera verkliga f\u00f6rseglingsf\u00f6rh\u00e5llanden g\u00f6r HST-02 det m\u00f6jligt f\u00f6r tillverkare att noggrant testa materialens v\u00e4rmef\u00f6rseglingsf\u00f6rm\u00e5ga och s\u00e4kerst\u00e4lla att deras produkter uppfyller n\u00f6dv\u00e4ndiga standarder f\u00f6r styrka och integritet. Oavsett om du \u00e4r verksam inom livsmedels-, l\u00e4kemedels- eller medicinteknisk industri hj\u00e4lper HST-02 dig att uppn\u00e5 h\u00f6gsta m\u00f6jliga f\u00f6rpackningskvalitet och prestanda.<\/p>\n<p>Detta instrument \u00e4r en viktig investering f\u00f6r f\u00f6retag som vill uppr\u00e4tth\u00e5lla kvalitetskontrollen, minimera antalet f\u00f6rpackningsfel och f\u00f6rb\u00e4ttra den \u00f6vergripande s\u00e4kerheten och h\u00e5llbarheten hos sina produkter.<\/p>","protected":false},"excerpt":{"rendered":"<p>Den <strong>V\u00e4rmef\u00f6rseglingstestare f\u00f6r f\u00f6rpackningar<\/strong> \u00e4r ett viktigt verktyg f\u00f6r att testa v\u00e4rmef\u00f6rseglingsf\u00f6rm\u00e5gan hos olika f\u00f6rpackningsmaterial, t.ex. flexibla filmer, laminat, polymerer och kompositer. Detta laboratorieklassade instrument \u00e4r utformat f\u00f6r att simulera den faktiska f\u00f6rslutningsprocessen, vilket g\u00f6r det m\u00f6jligt f\u00f6r tillverkare att s\u00e4kerst\u00e4lla styrkan, tillf\u00f6rlitligheten och funktionaliteten hos sina f\u00f6rpackningsf\u00f6rseglingar. Effektiv v\u00e4rmef\u00f6rsegling \u00e4r avg\u00f6rande f\u00f6r att s\u00e4kerst\u00e4lla integriteten hos f\u00f6rpackningar f\u00f6r livsmedel, medicin, l\u00e4kemedel och konsumentprodukter, d\u00e4r f\u00f6rpackningsfel kan leda till f\u00f6rs\u00e4mrad produkts\u00e4kerhet, h\u00e5llbarhet och anv\u00e4ndbarhet.<\/p>","protected":false},"featured_media":5905,"comment_status":"closed","ping_status":"closed","template":"","meta":{"site-sidebar-layout":"default","site-content-layout":"default","ast-global-header-display":"","ast-main-header-display":"","ast-hfb-above-header-display":"","ast-hfb-below-header-display":"","ast-hfb-mobile-header-display":"","site-post-title":"disabled","ast-breadcrumbs-content":"","ast-featured-img":"","footer-sml-layout":"","theme-transparent-header-meta":"default","adv-header-id-meta":"","stick-header-meta":"","header-above-stick-meta":"","header-main-stick-meta":"","header-below-stick-meta":""},"product_cat":[845,677,149,16,142,95],"product_tag":[],"class_list":{"0":"post-2371","1":"product","2":"type-product","3":"status-publish","4":"has-post-thumbnail","6":"product_cat-customization","7":"product_cat-heat-seal-tester","8":"product_cat-pharma-and-medical-testers","9":"product_cat-plastic-packaging-testers","10":"product_cat-astm-f2029","11":"product_cat-products","12":"desktop-align-left","13":"tablet-align-left","14":"mobile-align-left","16":"first","17":"instock","18":"featured","19":"shipping-taxable","20":"product-type-simple"},"_links":{"self":[{"href":"https:\/\/www.qualitester.com\/sv\/wp-json\/wp\/v2\/product\/2371","targetHints":{"allow":["GET"]}}],"collection":[{"href":"https:\/\/www.qualitester.com\/sv\/wp-json\/wp\/v2\/product"}],"about":[{"href":"https:\/\/www.qualitester.com\/sv\/wp-json\/wp\/v2\/types\/product"}],"replies":[{"embeddable":true,"href":"https:\/\/www.qualitester.com\/sv\/wp-json\/wp\/v2\/comments?post=2371"}],"version-history":[{"count":0,"href":"https:\/\/www.qualitester.com\/sv\/wp-json\/wp\/v2\/product\/2371\/revisions"}],"wp:featuredmedia":[{"embeddable":true,"href":"https:\/\/www.qualitester.com\/sv\/wp-json\/wp\/v2\/media\/5905"}],"wp:attachment":[{"href":"https:\/\/www.qualitester.com\/sv\/wp-json\/wp\/v2\/media?parent=2371"}],"wp:term":[{"taxonomy":"product_cat","embeddable":true,"href":"https:\/\/www.qualitester.com\/sv\/wp-json\/wp\/v2\/product_cat?post=2371"},{"taxonomy":"product_tag","embeddable":true,"href":"https:\/\/www.qualitester.com\/sv\/wp-json\/wp\/v2\/product_tag?post=2371"}],"curies":[{"name":"wp","href":"https:\/\/api.w.org\/{rel}","templated":true}]}}