{"id":1790,"date":"2023-04-26T15:37:49","date_gmt":"2023-04-26T07:37:49","guid":{"rendered":"https:\/\/www.qualitester.com\/?post_type=product&#038;p=1790"},"modified":"2024-12-04T14:16:57","modified_gmt":"2024-12-04T06:16:57","slug":"tear-tester-sld-01","status":"publish","type":"product","link":"https:\/\/www.qualitester.com\/sv\/produkt-2\/tear-tester-sld-01\/","title":{"rendered":"T\u00e5rtestare SLD-01"},"content":{"rendered":"<div data-elementor-type=\"wp-post\" data-elementor-id=\"1790\" class=\"elementor elementor-1790\" data-elementor-post-type=\"product\">\n\t\t\t\t<div class=\"elementor-element elementor-element-58e3667 e-flex e-con-boxed e-con e-parent\" data-id=\"58e3667\" data-element_type=\"container\">\n\t\t\t\t\t<div class=\"e-con-inner\">\n\t\t<div class=\"elementor-element elementor-element-7a22116 e-con-full e-flex e-con e-child\" data-id=\"7a22116\" data-element_type=\"container\">\n\t\t\t\t<div class=\"elementor-element elementor-element-d26c024 elementor-widget elementor-widget-image\" data-id=\"d26c024\" data-element_type=\"widget\" data-widget_type=\"image.default\">\n\t\t\t\t<div class=\"elementor-widget-container\">\n\t\t\t\t\t\t\t\t\t\t\t\t\t<img fetchpriority=\"high\" decoding=\"async\" width=\"640\" height=\"640\" src=\"https:\/\/www.qualitester.com\/wp-content\/uploads\/2023\/04\/Tearing-Tester-SLD-01-1.jpg\" class=\"attachment-large size-large wp-image-1808\" alt=\"\" srcset=\"https:\/\/www.qualitester.com\/wp-content\/uploads\/2023\/04\/Tearing-Tester-SLD-01-1.jpg 640w, https:\/\/www.qualitester.com\/wp-content\/uploads\/2023\/04\/Tearing-Tester-SLD-01-1-300x300.jpg 300w, https:\/\/www.qualitester.com\/wp-content\/uploads\/2023\/04\/Tearing-Tester-SLD-01-1-150x150.jpg 150w, https:\/\/www.qualitester.com\/wp-content\/uploads\/2023\/04\/Tearing-Tester-SLD-01-1-600x600.jpg 600w, https:\/\/www.qualitester.com\/wp-content\/uploads\/2023\/04\/Tearing-Tester-SLD-01-1-100x100.jpg 100w\" sizes=\"(max-width: 640px) 100vw, 640px\" \/>\t\t\t\t\t\t\t\t\t\t\t\t\t<\/div>\n\t\t\t\t<\/div>\n\t\t\t\t<\/div>\n\t\t<div class=\"elementor-element elementor-element-ee24d79 e-con-full e-flex e-con e-child\" data-id=\"ee24d79\" data-element_type=\"container\">\n\t\t\t\t<div class=\"elementor-element elementor-element-1cfae69 elementor-widget elementor-widget-text-editor\" data-id=\"1cfae69\" data-element_type=\"widget\" data-widget_type=\"text-editor.default\">\n\t\t\t\t<div class=\"elementor-widget-container\">\n\t\t\t\t\t\t\t<h6><strong>Till\u00e4mpning<\/strong><\/h6><p><em>Rivh\u00e5llfasthet \u00e4r en av de viktigaste mekaniska parametrarna f\u00f6r material. Rivh\u00e5llfasthet (eller rivstyrka) \u00e4r ett m\u00e5tt p\u00e5 hur v\u00e4l ett material kan motst\u00e5 effekterna av rivning. Det \u00e4r en anv\u00e4ndbar teknisk m\u00e4tning f\u00f6r en m\u00e4ngd olika material med m\u00e5nga olika testmetoder.<\/em><\/p><p><em>SLD-01 tear tester \u00e4r ett standardtest f\u00f6r best\u00e4mning av rivmotst\u00e5nd som \u00e4r uppkallat efter sin uppfinnare, Armin Elmendorf. Elmendorf-testet best\u00e4mmer den genomsnittliga kraft som kr\u00e4vs i gram eller mN f\u00f6r att riva ett prov efter att rivningen har p\u00e5b\u00f6rjats. Vid provningen slits ett eller flera ark genom ett best\u00e4mt avst\u00e5nd med hj\u00e4lp av en pendel. Den anstr\u00e4ngning som kr\u00e4vs f\u00f6r att riva m\u00e4ts genom f\u00f6rlust av potentiell energi hos pendeln.<\/em><\/p><h6><strong>Testprocess<\/strong><\/h6><p><em>Med hj\u00e4lp av en kniv i testaren skapas en slits i provet som slutar 43 mm fr\u00e5n provets yttersta kant. Med hj\u00e4lp av tyngdkraften sl\u00e4pps pendeln ut f\u00f6r att sprida spalten genom de \u00e5terst\u00e5ende 43 mm. Pendelns energif\u00f6rlust anv\u00e4nds f\u00f6r att ber\u00e4kna en genomsnittlig rivkraft.<\/em><\/p>\t\t\t\t\t\t<\/div>\n\t\t\t\t<\/div>\n\t\t\t\t<\/div>\n\t\t\t\t\t<\/div>\n\t\t\t\t<\/div>\n\t\t<div class=\"elementor-element elementor-element-38eadb7 e-flex e-con-boxed e-con e-parent\" data-id=\"38eadb7\" data-element_type=\"container\">\n\t\t\t\t\t<div class=\"e-con-inner\">\n\t\t<div class=\"elementor-element elementor-element-5d823eb e-con-full e-flex e-con e-child\" data-id=\"5d823eb\" data-element_type=\"container\">\n\t\t\t\t<div class=\"elementor-element elementor-element-c4c6a3a elementor-widget elementor-widget-image\" data-id=\"c4c6a3a\" data-element_type=\"widget\" data-widget_type=\"image.default\">\n\t\t\t\t<div class=\"elementor-widget-container\">\n\t\t\t\t\t\t\t\t\t\t\t\t\t<img fetchpriority=\"high\" decoding=\"async\" width=\"640\" height=\"640\" src=\"https:\/\/www.qualitester.com\/wp-content\/uploads\/2023\/04\/Tearing-Tester-SLD-01-1.jpg\" class=\"attachment-large size-large wp-image-1808\" alt=\"\" srcset=\"https:\/\/www.qualitester.com\/wp-content\/uploads\/2023\/04\/Tearing-Tester-SLD-01-1.jpg 640w, https:\/\/www.qualitester.com\/wp-content\/uploads\/2023\/04\/Tearing-Tester-SLD-01-1-300x300.jpg 300w, https:\/\/www.qualitester.com\/wp-content\/uploads\/2023\/04\/Tearing-Tester-SLD-01-1-150x150.jpg 150w, https:\/\/www.qualitester.com\/wp-content\/uploads\/2023\/04\/Tearing-Tester-SLD-01-1-600x600.jpg 600w, https:\/\/www.qualitester.com\/wp-content\/uploads\/2023\/04\/Tearing-Tester-SLD-01-1-100x100.jpg 100w\" sizes=\"(max-width: 640px) 100vw, 640px\" \/>\t\t\t\t\t\t\t\t\t\t\t\t\t<\/div>\n\t\t\t\t<\/div>\n\t\t\t\t<\/div>\n\t\t<div class=\"elementor-element elementor-element-c342d74 e-con-full e-flex e-con e-child\" data-id=\"c342d74\" data-element_type=\"container\">\n\t\t\t\t<div class=\"elementor-element elementor-element-eb7fdce elementor-widget elementor-widget-text-editor\" data-id=\"eb7fdce\" data-element_type=\"widget\" data-widget_type=\"text-editor.default\">\n\t\t\t\t<div class=\"elementor-widget-container\">\n\t\t\t\t\t\t\t<h6><strong>Tekniska egenskaper<\/strong><\/h6><p><em>Det \u00e4r en PLC-kontrollerad enhet (stabil industriell niv\u00e5) och HMI-peksk\u00e4rm som drivs. Alla delar \u00e4r strikt standard\u00f6verensst\u00e4mmande. Med v\u00e5r precision i designen utrustar vi kontrollvikt som kan anv\u00e4ndas f\u00f6r att kalibrera olika testomr\u00e5den.<\/em><\/p><p><em>F\u00f6r pappersanv\u00e4ndare kan vi l\u00e4gga till enheter av mN och parametrar f\u00f6r rivindex.<\/em><\/p><ul><li><em>PLC-teknik och gr\u00e4nssnitt mellan m\u00e4nniska och maskin.<\/em><\/li><li><em>Brett testomr\u00e5de f\u00f6r olika material<\/em><\/li><li><em>Pneumatisk fastsp\u00e4nning av provkroppar<\/em><\/li><li><em>Automatisk utl\u00f6sning med pendel<\/em><\/li><li><em>Data auto statistik, lagring<\/em><\/li><li><em>RS 232-port och professionell programvara (tillval) <\/em><\/li><li><em>Mikroskrivare\u00a0<\/em><\/li><\/ul>\t\t\t\t\t\t<\/div>\n\t\t\t\t<\/div>\n\t\t\t\t<\/div>\n\t\t\t\t\t<\/div>\n\t\t\t\t<\/div>\n\t\t<div class=\"elementor-element elementor-element-3f82be9 e-flex e-con-boxed e-con e-parent\" data-id=\"3f82be9\" data-element_type=\"container\">\n\t\t\t\t\t<div class=\"e-con-inner\">\n\t\t<div class=\"elementor-element elementor-element-5cefc31 e-con-full e-flex e-con e-child\" data-id=\"5cefc31\" data-element_type=\"container\">\n\t\t\t\t<div class=\"elementor-element elementor-element-ba50fe3 elementor-widget elementor-widget-image\" data-id=\"ba50fe3\" data-element_type=\"widget\" data-widget_type=\"image.default\">\n\t\t\t\t<div class=\"elementor-widget-container\">\n\t\t\t\t\t\t\t\t\t\t\t\t\t<img fetchpriority=\"high\" decoding=\"async\" width=\"640\" height=\"640\" src=\"https:\/\/www.qualitester.com\/wp-content\/uploads\/2023\/04\/Tearing-Tester-SLD-01-1.jpg\" class=\"attachment-large size-large wp-image-1808\" alt=\"\" srcset=\"https:\/\/www.qualitester.com\/wp-content\/uploads\/2023\/04\/Tearing-Tester-SLD-01-1.jpg 640w, https:\/\/www.qualitester.com\/wp-content\/uploads\/2023\/04\/Tearing-Tester-SLD-01-1-300x300.jpg 300w, https:\/\/www.qualitester.com\/wp-content\/uploads\/2023\/04\/Tearing-Tester-SLD-01-1-150x150.jpg 150w, https:\/\/www.qualitester.com\/wp-content\/uploads\/2023\/04\/Tearing-Tester-SLD-01-1-600x600.jpg 600w, https:\/\/www.qualitester.com\/wp-content\/uploads\/2023\/04\/Tearing-Tester-SLD-01-1-100x100.jpg 100w\" sizes=\"(max-width: 640px) 100vw, 640px\" \/>\t\t\t\t\t\t\t\t\t\t\t\t\t<\/div>\n\t\t\t\t<\/div>\n\t\t\t\t<\/div>\n\t\t<div class=\"elementor-element elementor-element-a1fe0d8 e-con-full e-flex e-con e-child\" data-id=\"a1fe0d8\" data-element_type=\"container\">\n\t\t\t\t<div class=\"elementor-element elementor-element-b212c1f elementor-widget elementor-widget-text-editor\" data-id=\"b212c1f\" data-element_type=\"widget\" data-widget_type=\"text-editor.default\">\n\t\t\t\t<div class=\"elementor-widget-container\">\n\t\t\t\t\t\t\t<h6><strong>Nyckeltal<\/strong><\/h6><p>Pendelkapacitet(gf) 200,400,800,1600,3200,6400<\/p><p>Gask\u00e4lla 0,6 MPa<\/p><p>Rivande arm 104\u00b11mm<\/p><p>Rivning Initial vinkel 27,5 \u00b10,5\u00b0.<\/p><p>Str\u00f6mf\u00f6rs\u00f6rjning AC110~220V 50\/60Hz<\/p>\t\t\t\t\t\t<\/div>\n\t\t\t\t<\/div>\n\t\t\t\t<\/div>\n\t\t\t\t\t<\/div>\n\t\t\t\t<\/div>\n\t\t<div class=\"elementor-element elementor-element-20cebe4 e-flex e-con-boxed e-con e-parent\" data-id=\"20cebe4\" data-element_type=\"container\">\n\t\t\t\t\t<div class=\"e-con-inner\">\n\t\t\t\t<div class=\"elementor-element elementor-element-ca72f40 elementor-widget elementor-widget-wpforms\" data-id=\"ca72f40\" data-element_type=\"widget\" data-widget_type=\"wpforms.default\">\n\t\t\t\t<div class=\"elementor-widget-container\">\n\t\t\t<div class=\"wpforms-container\" id=\"wpforms-11\"><form id=\"wpforms-form-11\" class=\"wpforms-validate wpforms-form wpforms-ajax-form\" data-formid=\"11\" method=\"post\" enctype=\"multipart\/form-data\" action=\"\/sv\/wp-json\/wp\/v2\/product\/1790\" data-token=\"04df857188661b35ec3ce44c64e02aa2\" data-trp-original-action=\"\/sv\/wp-json\/wp\/v2\/product\/1790\"><noscript class=\"wpforms-error-noscript\">Aktivera JavaScript i din webbl\u00e4sare f\u00f6r att slutf\u00f6ra detta formul\u00e4r.<\/noscript><div class=\"wpforms-field-container\"><div id=\"wpforms-11-field_1-container\" class=\"wpforms-field wpforms-field-text\" data-field-id=\"1\"><label class=\"wpforms-field-label\" for=\"wpforms-11-field_1\">Namn <span class=\"wpforms-required-label\">*<\/span><\/label><input type=\"text\" id=\"wpforms-11-field_1\" class=\"wpforms-field-medium wpforms-field-required\" name=\"wpforms[fields][1]\" placeholder=\"Namn\" required><\/div><div id=\"wpforms-11-field_5-container\" class=\"wpforms-field wpforms-field-text\" data-field-id=\"5\"><label class=\"wpforms-field-label\" for=\"wpforms-11-field_5\">F\u00f6retag<\/label><input type=\"text\" id=\"wpforms-11-field_5\" class=\"wpforms-field-medium\" name=\"wpforms[fields][5]\" ><\/div><div id=\"wpforms-11-field_4-container\" class=\"wpforms-field wpforms-field-number\" data-field-id=\"4\"><label class=\"wpforms-field-label\" for=\"wpforms-11-field_4\">Telefon<\/label><input type=\"number\" pattern=\"\\d*\" id=\"wpforms-11-field_4\" class=\"wpforms-field-medium\" name=\"wpforms[fields][4]\" placeholder=\"Telefon\" ><\/div><div id=\"wpforms-11-field_3-container\" class=\"wpforms-field wpforms-field-email\" data-field-id=\"3\"><label class=\"wpforms-field-label\" for=\"wpforms-11-field_3\">E-post <span class=\"wpforms-required-label\">*<\/span><\/label><input type=\"email\" id=\"wpforms-11-field_3\" class=\"wpforms-field-medium wpforms-field-required\" name=\"wpforms[fields][3]\" placeholder=\"E-post\" spellcheck=\"false\" required><\/div><div id=\"wpforms-11-field_2-container\" class=\"wpforms-field wpforms-field-textarea\" data-field-id=\"2\"><label class=\"wpforms-field-label\" for=\"wpforms-11-field_2\">Meddelande<\/label><textarea id=\"wpforms-11-field_2\" class=\"wpforms-field-large\" name=\"wpforms[fields][2]\" ><\/textarea><\/div><\/div><!-- .wpforms-field-container --><input type=\"hidden\" name=\"wpforms[recaptcha]\" value=\"\"><div class=\"wpforms-submit-container\" ><input type=\"hidden\" name=\"wpforms[id]\" value=\"11\"><input type=\"hidden\" name=\"wpforms[author]\" value=\"3\"><button type=\"submit\" name=\"wpforms[submit]\" id=\"wpforms-submit-11\" class=\"wpforms-submit\" data-alt-text=\"Submitting\" data-submit-text=\"Submit\" aria-live=\"assertive\" value=\"wpforms-submit\">Skicka in<\/button><img decoding=\"async\" src=\"https:\/\/www.qualitester.com\/wp-content\/plugins\/wpforms-lite\/assets\/images\/submit-spin.svg\" class=\"wpforms-submit-spinner\" style=\"display: none;\" width=\"26\" height=\"26\" alt=\"Laddar\"><\/div><input type=\"hidden\" name=\"trp-form-language\" value=\"sv\"\/><\/form><\/div>  <!-- .wpforms-container -->\t\t<\/div>\n\t\t\t\t<\/div>\n\t\t\t\t\t<\/div>\n\t\t\t\t<\/div>\n\t\t\t\t<\/div>","protected":false},"excerpt":{"rendered":"<p>SLD-01 tear tester \u00e4r ett standardtest f\u00f6r best\u00e4mning av rivh\u00e5llfasthet som har f\u00e5tt sitt namn efter uppfinnaren Armin Elmendorf.<\/p>","protected":false},"featured_media":1808,"comment_status":"closed","ping_status":"closed","template":"","meta":{"site-sidebar-layout":"default","site-content-layout":"default","ast-global-header-display":"","ast-main-header-display":"","ast-hfb-above-header-display":"","ast-hfb-below-header-display":"","ast-hfb-mobile-header-display":"","site-post-title":"disabled","ast-breadcrumbs-content":"","ast-featured-img":"disabled","footer-sml-layout":"","theme-transparent-header-meta":"default","adv-header-id-meta":"","stick-header-meta":"","header-above-stick-meta":"","header-main-stick-meta":"","header-below-stick-meta":""},"product_cat":[845,954,674,680,672,44,16,99,119,121,137,100,159,165],"product_tag":[45,46,47,386,385,34],"class_list":{"0":"post-1790","1":"product","2":"type-product","3":"status-publish","4":"has-post-thumbnail","6":"product_cat-customization","7":"product_cat-paper-tear-tester","8":"product_cat-test-items","9":"product_cat-tear-tester","10":"product_cat-applied-materials","11":"product_cat-paper-and-board-testers","12":"product_cat-plastic-packaging-testers","13":"product_cat-astm","14":"product_cat-astm-d1424","15":"product_cat-astm-d1922","16":"product_cat-astm-d689","17":"product_cat-iso","18":"product_cat-iso-1974","19":"product_cat-iso-6383","20":"product_tag-astm-d1424","21":"product_tag-astm-d1922","22":"product_tag-astm-d689","23":"product_tag-iso-1974","24":"product_tag-iso-6383","25":"product_tag-tear","26":"desktop-align-left","27":"tablet-align-left","28":"mobile-align-left","30":"first","31":"instock","32":"shipping-taxable","33":"product-type-simple"},"_links":{"self":[{"href":"https:\/\/www.qualitester.com\/sv\/wp-json\/wp\/v2\/product\/1790","targetHints":{"allow":["GET"]}}],"collection":[{"href":"https:\/\/www.qualitester.com\/sv\/wp-json\/wp\/v2\/product"}],"about":[{"href":"https:\/\/www.qualitester.com\/sv\/wp-json\/wp\/v2\/types\/product"}],"replies":[{"embeddable":true,"href":"https:\/\/www.qualitester.com\/sv\/wp-json\/wp\/v2\/comments?post=1790"}],"version-history":[{"count":0,"href":"https:\/\/www.qualitester.com\/sv\/wp-json\/wp\/v2\/product\/1790\/revisions"}],"wp:featuredmedia":[{"embeddable":true,"href":"https:\/\/www.qualitester.com\/sv\/wp-json\/wp\/v2\/media\/1808"}],"wp:attachment":[{"href":"https:\/\/www.qualitester.com\/sv\/wp-json\/wp\/v2\/media?parent=1790"}],"wp:term":[{"taxonomy":"product_cat","embeddable":true,"href":"https:\/\/www.qualitester.com\/sv\/wp-json\/wp\/v2\/product_cat?post=1790"},{"taxonomy":"product_tag","embeddable":true,"href":"https:\/\/www.qualitester.com\/sv\/wp-json\/wp\/v2\/product_tag?post=1790"}],"curies":[{"name":"wp","href":"https:\/\/api.w.org\/{rel}","templated":true}]}}