{"id":1789,"date":"2023-04-26T15:37:45","date_gmt":"2023-04-26T07:37:45","guid":{"rendered":"https:\/\/www.qualitester.com\/?post_type=product&#038;p=1789"},"modified":"2024-12-04T11:20:32","modified_gmt":"2024-12-04T03:20:32","slug":"drawing-volume-tester-rdvt-01","status":"publish","type":"product","link":"https:\/\/www.qualitester.com\/sv\/produkt-2\/drawing-volume-tester-rdvt-01\/","title":{"rendered":"RDVT-01 Test av ritningsvolym"},"content":{"rendered":"<h2><strong>Introduktion till Vacutainer blodprovsm\u00e4tare f\u00f6r blodprovsvolym<\/strong><\/h2>\n<p>Den <strong>Vacutainer blodprov Volymm\u00e4tare<\/strong> \u00e4r ett avancerat testinstrument som \u00e4r utformat f\u00f6r att m\u00e4ta volymen blod som tappas i ett Vacutainer-r\u00f6r. Inom medicinsk diagnostik \u00e4r korrekt blodinsamling avg\u00f6rande f\u00f6r tillf\u00f6rlitliga testresultat. Vacutainer-r\u00f6ret \u00e4r en specialbeh\u00e5llare, vanligtvis tillverkad av glas eller plast, som anv\u00e4nder en vakuumf\u00f6rseglad gummipropp f\u00f6r att dra in en specifik v\u00e4tskevolym i r\u00f6ret. Denna exakta blodinsamlingsprocess \u00e4r n\u00f6dv\u00e4ndig i laboratorier, p\u00e5 sjukhus och i kliniska pr\u00f6vningar f\u00f6r att s\u00e4kerst\u00e4lla att diagnostiska tester \u00e4r korrekta.<\/p>\n<p>Vacutainer Blood Draw Volume Tester spelar en viktig roll n\u00e4r det g\u00e4ller att bekr\u00e4fta att varje Vacutainer-r\u00f6r samlar in r\u00e4tt blodvolym, vilket st\u00f6der integriteten och tillf\u00f6rlitligheten hos medicinska tester.<\/p>\n<h2><strong>\u00d6versikt \u00f6ver Vacutainer-r\u00f6r<\/strong><\/h2>\n<p>A <strong>Vacutainer-r\u00f6r<\/strong> \u00e4r en specialdesignad beh\u00e5llare som anv\u00e4nds f\u00f6r att samla in blod eller andra v\u00e4tskeprover. Den har f\u00f6ljande egenskaper:<\/p>\n<ul>\n<li><strong>Material<\/strong>: Tillverkad av glas eller plast med en gummipropp som bildar en luftt\u00e4t f\u00f6rsegling.<\/li>\n<li><strong>Vakuumfunktion<\/strong>: Vakuumet inuti r\u00f6ret hj\u00e4lper till att dra in blod i beh\u00e5llaren n\u00e4r n\u00e5len punkterar gummiproppen.<\/li>\n<li><strong>Tillsatser<\/strong>: Olikf\u00e4rgade proppar indikerar specifika tillsatser inuti r\u00f6ret, som bevarar eller stabiliserar blodet f\u00f6r olika laboratorietester.<\/li>\n<li><strong>S\u00e4kerhet och m\u00e4rkning<\/strong>: R\u00f6ren har ofta s\u00e4kerhetsfunktioner f\u00f6r att f\u00f6rhindra kontaminering, och anpassningsbara m\u00e4rkningsalternativ s\u00e4kerst\u00e4ller effektiv sp\u00e5rning och identifiering av prover.<\/li>\n<\/ul>\n<h2><strong>Testmetodik<\/strong><\/h2>\n<p>Testprocessen f\u00f6r att m\u00e4ta blodprovets volym i ett Vacutainer-r\u00f6r \u00e4r enkel och omfattar f\u00f6ljande steg:<\/p>\n<ol>\n<li><strong>Ins\u00e4ttning av Vacutainer-r\u00f6ret<\/strong>:\n<ul>\n<li>F\u00f6r in den f\u00f6rvakuerade Vacutainer-slangen i testsystemets punktionsst\u00e4lle. Systemets inre tryck justeras f\u00f6r att matcha trycket inuti r\u00f6ret f\u00f6r att s\u00e4kerst\u00e4lla korrekt volymm\u00e4tning.<\/li>\n<\/ul>\n<\/li>\n<li><strong>Justering av tryck beroende p\u00e5 h\u00f6jd \u00f6ver havet<\/strong>:\n<ul>\n<li>Det interna systemtrycket justeras baserat p\u00e5 testomr\u00e5dets h\u00f6jd \u00f6ver havet (eftersom atmosf\u00e4rstrycket \u00e4ndras med h\u00f6jden \u00f6ver havet). Denna justering s\u00e4kerst\u00e4ller konsekvent prestanda under varierande milj\u00f6f\u00f6rh\u00e5llanden.<\/li>\n<\/ul>\n<\/li>\n<li><strong>M\u00e4tning av den blodtappade volymen<\/strong>:\n<ul>\n<li>Vakuumet suger in blod i r\u00f6ret, och r\u00f6rets vikt m\u00e4ts f\u00f6re och efter testet. Skillnaden i vikt anv\u00e4nds f\u00f6r att ber\u00e4kna den exakta volymen blod som sugs upp i Vacutainer-r\u00f6ret.<\/li>\n<\/ul>\n<\/li>\n<\/ol>\n<h2><strong>Tekniska egenskaper<\/strong><\/h2>\n<ul>\n<li><strong>PLC-kontroll &amp; HMI peksk\u00e4rm<\/strong>:<br \/>\nVacutainer blodprovsm\u00e4tare styrs av en <strong>Programmerbar logisk styrenhet (PLC)<\/strong>, vilket garanterar stabil prestanda p\u00e5 industriell niv\u00e5. De <strong>Peksk\u00e4rm f\u00f6r gr\u00e4nssnitt mellan m\u00e4nniska och maskin (HMI)<\/strong> m\u00f6jligg\u00f6r enkel anv\u00e4ndning och intuitiv kontroll, vilket g\u00f6r den anv\u00e4ndarv\u00e4nlig och effektiv f\u00f6r operat\u00f6rerna.<\/li>\n<li><strong>Konstant tryckreglering<\/strong>:<br \/>\nTestapparaten uppr\u00e4tth\u00e5ller ett konstant tryck i systemet under testningen och justeras automatiskt f\u00f6r att ta h\u00e4nsyn till variationer i v\u00e4tskeniv\u00e5n. Detta s\u00e4kerst\u00e4ller att varje blodprov m\u00e4ts med h\u00f6g precision, utan fluktuationer i resultaten.<\/li>\n<li><strong>Inbyggd vakuumpump<\/strong>:<br \/>\nSystemet \u00e4r utrustat med en integrerad vakuumpump, vilket sparar utrymme och minskar driftskostnaderna j\u00e4mf\u00f6rt med att anv\u00e4nda externa pumpar. Den inbyggda designen s\u00e4kerst\u00e4ller optimal utrymmeseffektivitet samtidigt som h\u00f6g prestanda bibeh\u00e5lls.<\/li>\n<\/ul>\n<h2><strong>Huvudparametrar och specifikationer<\/strong><\/h2>\n<ul>\n<li><strong>Vakuumgrad<\/strong>: 0~-40 KPa (motsvarar en h\u00f6jd p\u00e5 3600 meter)\n<ul>\n<li>Detta sortiment s\u00e4kerst\u00e4ller att systemet kan simulera verkliga f\u00f6rh\u00e5llanden, fr\u00e5n havsniv\u00e5 till h\u00f6ga h\u00f6jder, vilket ger exakta blodvolymsm\u00e4tningar oavsett plats.<\/li>\n<\/ul>\n<\/li>\n<li><strong>Styrsystem<\/strong>:\n<ul>\n<li>PLC och <strong>Gr\u00e4nssnitt mellan m\u00e4nniska och maskin (HMI)<\/strong> f\u00f6r smidig och exakt kontroll av alla testparametrar.<\/li>\n<\/ul>\n<\/li>\n<li><strong>Str\u00f6mkrav<\/strong>:\n<ul>\n<li>220V, 50\/60Hz f\u00f6r global kompatibilitet med standardiserade industriella kraftsystem.<\/li>\n<\/ul>\n<\/li>\n<\/ul>\n<h2><strong>Branschstandarder och efterlevnad<\/strong><\/h2>\n<p>Vacutainer Blood Draw Volume Tester uppfyller flera branschstandarder f\u00f6r noggrannhet och tillf\u00f6rlitlighet, vilket s\u00e4kerst\u00e4ller att den uppfyller de str\u00e4nga kraven inom h\u00e4lso- och sjukv\u00e5rd, l\u00e4kemedel och diagnostiska laboratorier. Genom att f\u00f6lja etablerade standarder s\u00e4kerst\u00e4ller denna testare att blodvolymsm\u00e4tningarna \u00e4r konsekventa, tillf\u00f6rlitliga och reproducerbara.<\/p>\n<h2><strong>Tolkning av testresultat<\/strong><\/h2>\n<p>Den <a href=\"https:\/\/www.qualitester.com\/sv\/produkt-kategori\/test-items\/vacutainer-drawing-volume-tester\/\" target=\"_blank\" rel=\"noopener\">Vacutainer blodprov Volymm\u00e4tare<\/a> ger exakta resultat genom att ber\u00e4kna skillnaden i vikt f\u00f6re och efter testet. Viktf\u00f6r\u00e4ndringen motsvarar den exakta blodvolymen, vilket s\u00e4kerst\u00e4ller att r\u00e4tt m\u00e4ngd blod samlas in f\u00f6r laboratorietestning. Systemet eliminerar risken f\u00f6r m\u00e4nskliga fel vid volymm\u00e4tningen, vilket ger konsekventa och h\u00f6gkvalitativa resultat f\u00f6r alla tester.<\/p>\n<h2><strong>Viktiga f\u00f6rdelar med att anv\u00e4nda Vacutainer Blood Draw Volume Tester<\/strong><\/h2>\n<ul>\n<li><strong>Noggrannhet och konsekvens<\/strong>:<br \/>\nS\u00e4kerst\u00e4ller exakta och tillf\u00f6rlitliga m\u00e4tningar av blodvolymen, vilket \u00e4r avg\u00f6rande f\u00f6r diagnostiska tester och analys av prover.<\/li>\n<li><strong>F\u00f6rb\u00e4ttrad effektivitet<\/strong>:<br \/>\nEffektiviserar blodprovstagningsprocessen, vilket minskar den tid och anstr\u00e4ngning som kr\u00e4vs f\u00f6r testning samtidigt som genomstr\u00f6mningen f\u00f6rb\u00e4ttras i milj\u00f6er med h\u00f6g efterfr\u00e5gan.<\/li>\n<li><strong>F\u00f6rb\u00e4ttrad s\u00e4kerhet<\/strong>:<br \/>\nF\u00f6rhindrar risken f\u00f6r \u00f6ver- eller underfyllning av r\u00f6ren, vilket kan \u00e4ventyra testresultaten och patients\u00e4kerheten.<\/li>\n<li><strong>Kostnadseffektivitet<\/strong>:<br \/>\nDen integrerade vakuumpumpen och det automatiserade styrsystemet minskar driftskostnaderna samtidigt som testnoggrannheten och effektiviteten \u00f6kar.<\/li>\n<\/ul>\n<h2><strong>Vanliga fr\u00e5gor<\/strong><\/h2>\n<ol>\n<li><strong>Vad \u00e4r syftet med Vacutainer Blood Draw Volume Tester?<\/strong>\n<ul>\n<li>Den m\u00e4ter exakt den blodvolym som dras in i ett Vacutainer-r\u00f6r, vilket s\u00e4kerst\u00e4ller exakt blodinsamling f\u00f6r diagnostik och laboratorietester.<\/li>\n<\/ul>\n<\/li>\n<li><strong>Hur fungerar Vacutainer Blood Draw Volume Tester?<\/strong>\n<ul>\n<li>Systemet anv\u00e4nder vakuum f\u00f6r att suga blod i Vacutainer-r\u00f6ret, och viktskillnaden f\u00f6re och efter testet anv\u00e4nds f\u00f6r att best\u00e4mma den blodvolym som samlats in.<\/li>\n<\/ul>\n<\/li>\n<li><strong>Kan Vacutainer Blood Draw Volume Tester anv\u00e4ndas i olika milj\u00f6er?<\/strong>\n<ul>\n<li>Ja, testaren justerar trycket baserat p\u00e5 h\u00f6jd \u00f6ver havet, vilket s\u00e4kerst\u00e4ller konsekvent prestanda och noggrannhet p\u00e5 olika geografiska platser.<\/li>\n<\/ul>\n<\/li>\n<li><strong>\u00c4r Vacutainer Blood Draw Volume Tester l\u00e4tt att anv\u00e4nda?<\/strong>\n<ul>\n<li>Ja, testapparaten styrs via en <strong>PLC<\/strong> och <strong>HMI peksk\u00e4rm<\/strong>, vilket g\u00f6r den intuitiv och enkel att anv\u00e4nda.<\/li>\n<\/ul>\n<\/li>\n<li><strong>Vilka branscher drar nytta av att anv\u00e4nda Vacutainer Blood Draw Volume Tester?<\/strong>\n<ul>\n<li>Den anv\u00e4nds fr\u00e4mst inom sjukv\u00e5rden, i kliniska laboratorier och inom l\u00e4kemedelsindustrin, d\u00e4r noggrann blodinsamling \u00e4r avg\u00f6rande f\u00f6r diagnostiska tester.<\/li>\n<\/ul>\n<\/li>\n<\/ol>\n<p>Den <strong>Vacutainer blodprov Volymm\u00e4tare<\/strong> \u00e4r ett viktigt verktyg f\u00f6r att s\u00e4kerst\u00e4lla exakt blodinsamling vid medicinsk diagnostik, laboratorietester och farmaceutiska till\u00e4mpningar. Med sitt anv\u00e4ndarv\u00e4nliga gr\u00e4nssnitt, konsekventa prestanda och h\u00f6ga precision erbjuder den betydande f\u00f6rdelar f\u00f6r b\u00e5de v\u00e5rdgivare och forskare. Den h\u00e4r enheten garanterar att varje blodprov samlas in i r\u00e4tt volym, vilket bidrar till noggrannheten och tillf\u00f6rlitligheten i diagnostiska resultat.<\/p>","protected":false},"excerpt":{"rendered":"<p>Den <strong>Vacutainer blodprov Volymm\u00e4tare<\/strong> \u00e4r ett avancerat testinstrument som \u00e4r utformat f\u00f6r att m\u00e4ta volymen blod som tappas i ett Vacutainer-r\u00f6r. Inom medicinsk diagnostik \u00e4r korrekt blodinsamling avg\u00f6rande f\u00f6r tillf\u00f6rlitliga testresultat. Vacutainer-r\u00f6ret \u00e4r en specialbeh\u00e5llare, vanligtvis tillverkad av glas eller plast, som anv\u00e4nder en vakuumf\u00f6rseglad gummipropp f\u00f6r att dra in en specifik v\u00e4tskevolym i r\u00f6ret. Denna exakta blodinsamlingsprocess \u00e4r n\u00f6dv\u00e4ndig i laboratorier, p\u00e5 sjukhus och i kliniska pr\u00f6vningar f\u00f6r att s\u00e4kerst\u00e4lla att diagnostiska tester \u00e4r korrekta.<\/p>","protected":false},"featured_media":6023,"comment_status":"closed","ping_status":"closed","template":"","meta":{"site-sidebar-layout":"default","site-content-layout":"default","ast-global-header-display":"","ast-main-header-display":"","ast-hfb-above-header-display":"","ast-hfb-below-header-display":"","ast-hfb-mobile-header-display":"","site-post-title":"disabled","ast-breadcrumbs-content":"","ast-featured-img":"disabled","footer-sml-layout":"","theme-transparent-header-meta":"default","adv-header-id-meta":"","stick-header-meta":"","header-above-stick-meta":"","header-main-stick-meta":"","header-below-stick-meta":""},"product_cat":[845,936,674,149,95],"product_tag":[],"class_list":{"0":"post-1789","1":"product","2":"type-product","3":"status-publish","4":"has-post-thumbnail","6":"product_cat-customization","7":"product_cat-vacutainer-drawing-volume-tester","8":"product_cat-test-items","9":"product_cat-pharma-and-medical-testers","10":"product_cat-products","11":"desktop-align-left","12":"tablet-align-left","13":"mobile-align-left","15":"first","16":"instock","17":"shipping-taxable","18":"product-type-simple"},"_links":{"self":[{"href":"https:\/\/www.qualitester.com\/sv\/wp-json\/wp\/v2\/product\/1789","targetHints":{"allow":["GET"]}}],"collection":[{"href":"https:\/\/www.qualitester.com\/sv\/wp-json\/wp\/v2\/product"}],"about":[{"href":"https:\/\/www.qualitester.com\/sv\/wp-json\/wp\/v2\/types\/product"}],"replies":[{"embeddable":true,"href":"https:\/\/www.qualitester.com\/sv\/wp-json\/wp\/v2\/comments?post=1789"}],"version-history":[{"count":0,"href":"https:\/\/www.qualitester.com\/sv\/wp-json\/wp\/v2\/product\/1789\/revisions"}],"wp:featuredmedia":[{"embeddable":true,"href":"https:\/\/www.qualitester.com\/sv\/wp-json\/wp\/v2\/media\/6023"}],"wp:attachment":[{"href":"https:\/\/www.qualitester.com\/sv\/wp-json\/wp\/v2\/media?parent=1789"}],"wp:term":[{"taxonomy":"product_cat","embeddable":true,"href":"https:\/\/www.qualitester.com\/sv\/wp-json\/wp\/v2\/product_cat?post=1789"},{"taxonomy":"product_tag","embeddable":true,"href":"https:\/\/www.qualitester.com\/sv\/wp-json\/wp\/v2\/product_tag?post=1789"}],"curies":[{"name":"wp","href":"https:\/\/api.w.org\/{rel}","templated":true}]}}