{"id":1728,"date":"2023-04-26T13:58:32","date_gmt":"2023-04-26T05:58:32","guid":{"rendered":"https:\/\/www.qualitester.com\/?post_type=product&#038;p=1728"},"modified":"2024-12-02T16:27:43","modified_gmt":"2024-12-02T08:27:43","slug":"leak-tester-lt-02","status":"publish","type":"product","link":"https:\/\/www.qualitester.com\/sv\/produkt-2\/leak-tester-lt-02\/","title":{"rendered":"LT-02 L\u00e4ckagetestare"},"content":{"rendered":"<h2><strong>Introduktion till paketl\u00e4ckagetestare<\/strong><\/h2>\n<p>Att s\u00e4kerst\u00e4lla att f\u00f6rpackningarnas t\u00e4tningar \u00e4r hela \u00e4r avg\u00f6rande f\u00f6r att skydda produkterna fr\u00e5n kontaminering, f\u00f6rst\u00f6relse och nedbrytning. En tillf\u00f6rlitlig l\u00e4ckagetestare f\u00f6r f\u00f6rpackningar som <strong>LT-02 L\u00e4ckagetestare<\/strong> spelar en viktig roll i branscher som str\u00e4cker sig fr\u00e5n livsmedelsf\u00f6rpackningar till l\u00e4kemedel och ger viktiga insikter i f\u00f6rpackningskvaliteten. Detta avancerade instrument f\u00f6r l\u00e4cktestning hj\u00e4lper tillverkare att uppt\u00e4cka och \u00e5tg\u00e4rda f\u00f6rpackningsdefekter tidigt, vilket s\u00e4kerst\u00e4ller att produkterna f\u00f6rblir s\u00e4kra, fr\u00e4scha och uppfyller branschstandarderna.<\/p>\n<p>A <strong>l\u00e4ckagetestare f\u00f6r f\u00f6rpackningar<\/strong> verifierar att en f\u00f6rpacknings f\u00f6rsegling \u00e4r luftt\u00e4t, vilket f\u00f6rhindrar l\u00e4ckage som kan \u00e4ventyra inneh\u00e5llet. Detta \u00e4r s\u00e4rskilt viktigt i sektorer d\u00e4r f\u00f6rseglingens integritet \u00e4r avg\u00f6rande f\u00f6r att uppr\u00e4tth\u00e5lla produktkvalitet och s\u00e4kerhet.<\/p>\n<h2><strong>ASTM D3078: Standard f\u00f6r l\u00e4ckagetestning<\/strong><\/h2>\n<h3><strong>Introduktion till ASTM D3078<\/strong><\/h3>\n<p>Den <a href=\"https:\/\/www.astm.org\/d3078-02r21e01.html\" target=\"_blank\" rel=\"noopener nofollow\"><strong>ASTM D3078<\/strong><\/a> \u00e4r en allm\u00e4nt erk\u00e4nd standard som beskriver metoder f\u00f6r att uppt\u00e4cka grova l\u00e4ckor i flexibla f\u00f6rpackningar som inneh\u00e5ller gas i huvudutrymmet. Denna standard \u00e4r s\u00e4rskilt anv\u00e4ndbar f\u00f6r att testa flexibla f\u00f6rpackningsmaterial som anv\u00e4nds i livsmedels-, l\u00e4kemedels- och medicintekniska applikationer, d\u00e4r det \u00e4r av st\u00f6rsta vikt f\u00f6r produkts\u00e4kerheten att s\u00e4kerst\u00e4lla t\u00e4tningens integritet.<\/p>\n<h3><strong>Testmetodik enligt ASTM D3078<\/strong><\/h3>\n<p>Enligt uppgift fr\u00e5n <a href=\"https:\/\/www.qualitester.com\/sv\/produkt-kategori\/astm\/astm-d3078\/\" target=\"_blank\" rel=\"noopener\"><strong>ASTM D3078<\/strong><\/a>, Vid l\u00e4ckagetestet av f\u00f6rpackningen s\u00e4nks provkroppen ned i en vattenfylld kammare. Kammaren f\u00f6rseglas sedan och ett vakuum appliceras f\u00f6r att skapa tryckskillnader. Om f\u00f6rpackningen har en l\u00e4cka kommer luft att tr\u00e4nga ut genom \u00f6ppningen, vilket g\u00f6r att det bildas bubblor i vattnet. Denna metod g\u00f6r det enkelt att visuellt identifiera l\u00e4ckor, \u00e4ven s\u00e5dana som \u00e4r f\u00f6r sm\u00e5 f\u00f6r att kunna uppt\u00e4ckas p\u00e5 annat s\u00e4tt.<\/p>\n<p>Denna standard s\u00e4kerst\u00e4ller att f\u00f6rpackningsmaterial kan bed\u00f6mas f\u00f6r l\u00e4ckage p\u00e5 ett effektivt s\u00e4tt och erbjuder tillverkarna ett tillf\u00f6rlitligt s\u00e4tt att garantera produktskydd och efterlevnad av s\u00e4kerhetsf\u00f6reskrifter.<\/p>\n<h2><strong>Hur l\u00e4ckagetestaren f\u00f6r paket fungerar<\/strong><\/h2>\n<h3><strong>Testupps\u00e4ttning och procedur<\/strong><\/h3>\n<p>F\u00f6r att utf\u00f6ra ett l\u00e4ckagetest med hj\u00e4lp av <strong>LT-02 L\u00e4ckagetestare<\/strong>, I en vakuumkammare placeras provet i en genomskinlig akrylkammare som \u00e4r fylld med vatten. Kammaren f\u00f6rseglas och styrenheten b\u00f6rjar evakuera luften tills det erforderliga vakuumtrycket har uppn\u00e5tts. F\u00f6rpackningen testas sedan f\u00f6r l\u00e4ckage, vilket indikeras av att bubblor uppst\u00e5r n\u00e4r luft tr\u00e4nger ut genom sm\u00e5 \u00f6ppningar i t\u00e4tningen.<\/p>\n<h3><strong>Tekniska egenskaper f\u00f6r LT-02 L\u00e4ckagetestare<\/strong><\/h3>\n<ul>\n<li><strong>Kapacitet f\u00f6r h\u00f6gvakuum<\/strong>: LT-02 kan uppn\u00e5 ett vakuumtryck p\u00e5 upp till <strong>-90KPa<\/strong> med hj\u00e4lp av ett venturir\u00f6r. Detta g\u00f6r att den kan uppt\u00e4cka \u00e4ven mycket sm\u00e5 l\u00e4ckor i en m\u00e4ngd olika f\u00f6rpackningsmaterial.<\/li>\n<li><strong>Justerbar testtid<\/strong>: Testtiden kan anpassas f\u00f6r att passa de specifika kraven f\u00f6r den f\u00f6rpackning som testas. Denna funktion s\u00e4kerst\u00e4ller att b\u00e5de sm\u00e5 och stora f\u00f6rpackningar kan testas p\u00e5 ett effektivt s\u00e4tt.<\/li>\n<li><strong>SMC Vakuumtryckvakt<\/strong>: LT-02 anv\u00e4nder en h\u00f6gkvalitativ SMC vakuumtryckbrytare, som s\u00e4kerst\u00e4ller exakt och tillf\u00f6rlitlig kontroll \u00f6ver vakuumniv\u00e5erna under testet.<\/li>\n<li><strong>Anpassningsbar testkammare<\/strong>: Kammaren \u00e4r tillverkad av h\u00e5llbar, transparent akryl och kan anpassas i storlek och form f\u00f6r att passa olika f\u00f6rpackningsformat, inklusive cylindriska och kubformade former.<\/li>\n<li><strong>Valfria h\u00f6gre vakuumniv\u00e5er<\/strong>: LT-02 \u00e4r kompatibel med en vakuumpump f\u00f6r h\u00f6gre vakuumniv\u00e5er, i enlighet med <strong>ASTM D4991<\/strong>, f\u00f6r str\u00e4ngare testkrav.<\/li>\n<\/ul>\n<h2><strong>Till\u00e4mpningar av l\u00e4ckagetestning av f\u00f6rpackningar<\/strong><\/h2>\n<h3><strong>Till\u00e4mpningar inom industrin<\/strong><\/h3>\n<ul>\n<li><strong>Livsmedelsindustrin<\/strong>: LT-02 \u00e4r avg\u00f6rande f\u00f6r att s\u00e4kerst\u00e4lla integriteten hos f\u00f6rpackningar inom livsmedelsindustrin och f\u00f6rhindra kontaminering, f\u00f6rst\u00f6relse eller nedbrytning av l\u00e4ttf\u00f6rd\u00e4rvliga varor.<\/li>\n<li><strong>L\u00e4kemedel &amp; medicintekniska produkter<\/strong>: F\u00f6r produkter som kr\u00e4ver sterila f\u00f6rpackningar, t.ex. l\u00e4kemedel eller medicintekniska produkter, s\u00e4kerst\u00e4ller LT-02 att f\u00f6rpackningens f\u00f6rseglingar \u00e4r fria fr\u00e5n l\u00e4ckage och skyddar mot kontaminering.<\/li>\n<li><strong>F\u00f6rpackningstillverkare<\/strong>: LT-02 anv\u00e4nds ocks\u00e5 i stor utstr\u00e4ckning av f\u00f6rpackningstillverkare f\u00f6r att testa och verifiera prestandan hos sina produkter innan de sl\u00e4pps till kunderna.<\/li>\n<\/ul>\n<h3><strong>Testning av h\u00e5llbara f\u00f6rpackningar<\/strong><\/h3>\n<p>Med den \u00f6kande efterfr\u00e5gan p\u00e5 h\u00e5llbara och milj\u00f6v\u00e4nliga f\u00f6rpackningsl\u00f6sningar kan LT-02 hj\u00e4lpa till att testa alternativa material f\u00f6r l\u00e4ckaget\u00e5lighet, vilket s\u00e4kerst\u00e4ller att dessa nya f\u00f6rpackningstyper uppfyller samma standarder f\u00f6r s\u00e4kerhet och skydd som traditionella f\u00f6rpackningsmaterial.<\/p>\n<h2><strong>F\u00f6rdelar med att anv\u00e4nda en l\u00e4ckagetestare f\u00f6r paket<\/strong><\/h2>\n<ul>\n<li><strong>Noggrannhet och tillf\u00f6rlitlighet<\/strong>: LT-02 ger exakta och tillf\u00f6rlitliga resultat, vilket s\u00e4kerst\u00e4ller att eventuella defekter i f\u00f6rpackningens f\u00f6rseglingar uppt\u00e4cks och \u00e5tg\u00e4rdas tidigt i produktionsprocessen.<\/li>\n<li><strong>Kostnadseffektivitet<\/strong>: Genom att uppt\u00e4cka f\u00f6rpackningsdefekter innan produkterna n\u00e5r marknaden kan tillverkarna undvika kostsamma produkt\u00e5terkallelser, missn\u00f6jda kunder och skadade varor.<\/li>\n<li><strong>\u00d6verensst\u00e4mmelse med branschstandarder<\/strong>: LT-02 m\u00f6ter <strong>ASTM D3078<\/strong> och andra relevanta standarder f\u00f6r f\u00f6rpackningstestning, vilket hj\u00e4lper tillverkare att uppfylla lagstadgade krav p\u00e5 produkts\u00e4kerhet och f\u00f6rpackningskvalitet.<\/li>\n<\/ul>\n<h2><strong>Tekniska specifikationer f\u00f6r LT-02 L\u00e4ckagetestare<\/strong><\/h2>\n<table>\n<tbody>\n<tr>\n<td style=\"text-align: center;\" width=\"129\">Testomr\u00e5de<\/td>\n<td style=\"text-align: center;\" width=\"229\">0~-90 KPa<\/td>\n<\/tr>\n<tr>\n<td style=\"text-align: center;\" width=\"129\">Kammaren<\/td>\n<td width=\"229\">Akryl cylinderform<\/td>\n<\/tr>\n<tr>\n<td style=\"text-align: center;\" width=\"129\">Testutrymme<\/td>\n<td style=\"text-align: center;\" width=\"229\">\u03a6270*H210mm (anv\u00e4ndbar p\u00e5 insidan)<\/td>\n<\/tr>\n<tr>\n<td style=\"text-align: center;\" width=\"129\">Tryckluft<\/td>\n<td style=\"text-align: center;\" width=\"229\">0,7MPa (F\u00f6rberedd av anv\u00e4ndaren)<\/td>\n<\/tr>\n<tr>\n<td style=\"text-align: center;\" width=\"129\">Kraft<\/td>\n<td style=\"text-align: center;\" width=\"229\">110V eller 220V 50\/60Hz<\/td>\n<\/tr>\n<\/tbody>\n<\/table>\n<h2><strong>Vanliga fr\u00e5gor och svar (FAQ)<\/strong><\/h2>\n<ul>\n<li><strong>Vad \u00e4r ASTM D3078 och hur f\u00f6rh\u00e5ller den sig till l\u00e4ckagetestning av f\u00f6rpackningar?<\/strong><br \/>\n<strong>ASTM D3078<\/strong> \u00e4r en standardiserad testmetod f\u00f6r att uppt\u00e4cka grova l\u00e4ckor i flexibla f\u00f6rpackningar genom att anv\u00e4nda bubbelemission i en vattenkammare. Den anv\u00e4nds ofta i f\u00f6rpackningar f\u00f6r livsmedel, l\u00e4kemedel och medicintekniska produkter.<\/li>\n<li><strong>Hur uppt\u00e4cker LT-02 l\u00e4ckagetestare l\u00e4ckage?<\/strong><br \/>\nLT-02 anv\u00e4nder en vakuumkammare som \u00e4r fylld med vatten. N\u00e4r luft tr\u00e4nger ut fr\u00e5n eventuella l\u00e4ckor i f\u00f6rpackningen bildas bubblor, vilket g\u00f6r det enkelt att visuellt identifiera l\u00e4ckor.<\/li>\n<li><strong>Vilka branscher har nytta av att anv\u00e4nda en l\u00e4ckagetestare f\u00f6r f\u00f6rpackningar?<\/strong><br \/>\nBranscher som livsmedelsf\u00f6rpackningar, l\u00e4kemedel, medicintekniska produkter och f\u00f6rpackningstillverkare drar nytta av att anv\u00e4nda l\u00e4ckagetestare f\u00f6r att s\u00e4kerst\u00e4lla produktkvalitet och efterlevnad.<\/li>\n<li><strong>Kan LT-02 anv\u00e4ndas f\u00f6r olika f\u00f6rpackningsstorlekar?<\/strong><br \/>\nJa, LT-02 har anpassningsbara kammarstorlekar f\u00f6r att passa ett brett utbud av f\u00f6rpackningsformat, fr\u00e5n sm\u00e5 livsmedelsbeh\u00e5llare till st\u00f6rre medicinska f\u00f6rpackningar.<\/li>\n<li><strong>Hur st\u00e4ller jag in LT-02 l\u00e4ckagetestare f\u00f6r anv\u00e4ndning?<\/strong><br \/>\nDet \u00e4r enkelt att st\u00e4lla in LT-02. Placera helt enkelt f\u00f6rpackningen i kammaren, f\u00f6rsegla den och justera inst\u00e4llningarna f\u00f6r vakuum och testtid efter behov. Enheten utf\u00f6r sedan testet och ger visuell feedback om en l\u00e4cka uppt\u00e4cks.<\/li>\n<\/ul>\n<p>Den <strong>LT-02 L\u00e4ckagetestare f\u00f6r paket<\/strong> LT-02 fr\u00e5n Cell Instruments \u00e4r ett viktigt verktyg f\u00f6r att s\u00e4kerst\u00e4lla integriteten hos f\u00f6rpackningst\u00e4tningar i flera olika branscher. Oavsett om du arbetar med livsmedelsf\u00f6rpackningar, l\u00e4kemedel eller f\u00f6rpackningstillverkning erbjuder LT-02 exakt, tillf\u00f6rlitlig och effektiv l\u00e4cktestning i enlighet med <strong>ASTM D3078<\/strong> och andra relevanta standarder. Med sina anpassningsbara funktioner, h\u00f6ga vakuumkapacitet och anv\u00e4ndarv\u00e4nliga drift hj\u00e4lper LT-02 till att s\u00e4kerst\u00e4lla produktkvaliteten, minska produktionskostnaderna och uppr\u00e4tth\u00e5lla efterlevnaden av lagstadgade krav.<\/p>\n<p>V\u00e4lj den <strong>LT-02 L\u00e4ckagetestare f\u00f6r paket<\/strong> f\u00f6r dina behov av l\u00e4ckagetestning och se till att dina f\u00f6rpackningar ger h\u00f6gsta m\u00f6jliga skydd f\u00f6r dina produkter.<\/p>","protected":false},"excerpt":{"rendered":"<p>Att s\u00e4kerst\u00e4lla att f\u00f6rpackningarnas t\u00e4tningar \u00e4r hela \u00e4r avg\u00f6rande f\u00f6r att skydda produkterna fr\u00e5n kontaminering, f\u00f6rst\u00f6relse och nedbrytning. En tillf\u00f6rlitlig l\u00e4ckagetestare f\u00f6r f\u00f6rpackningar som <strong>LT-02 L\u00e4ckagetestare<\/strong> spelar en viktig roll i branscher som str\u00e4cker sig fr\u00e5n livsmedelsf\u00f6rpackningar till l\u00e4kemedel och ger viktiga insikter i f\u00f6rpackningskvaliteten. Detta avancerade instrument f\u00f6r l\u00e4cktestning hj\u00e4lper tillverkare att uppt\u00e4cka och \u00e5tg\u00e4rda f\u00f6rpackningsdefekter tidigt, vilket s\u00e4kerst\u00e4ller att produkterna f\u00f6rblir s\u00e4kra, fr\u00e4scha och uppfyller branschstandarderna.<\/p>","protected":false},"featured_media":5984,"comment_status":"closed","ping_status":"closed","template":"","meta":{"site-sidebar-layout":"default","site-content-layout":"default","ast-global-header-display":"","ast-main-header-display":"","ast-hfb-above-header-display":"","ast-hfb-below-header-display":"","ast-hfb-mobile-header-display":"","site-post-title":"disabled","ast-breadcrumbs-content":"","ast-featured-img":"disabled","footer-sml-layout":"","theme-transparent-header-meta":"default","adv-header-id-meta":"","stick-header-meta":"","header-above-stick-meta":"","header-main-stick-meta":"","header-below-stick-meta":""},"product_cat":[845,674,675,17,149,16,105,135,95],"product_tag":[],"class_list":{"0":"post-1728","1":"product","2":"type-product","3":"status-publish","4":"has-post-thumbnail","6":"product_cat-customization","7":"product_cat-test-items","8":"product_cat-leak-tester","9":"product_cat-package-container-testers","10":"product_cat-pharma-and-medical-testers","11":"product_cat-plastic-packaging-testers","12":"product_cat-astm-d3078","13":"product_cat-astm-d4991","14":"product_cat-products","15":"desktop-align-left","16":"tablet-align-left","17":"mobile-align-left","19":"first","20":"instock","21":"shipping-taxable","22":"product-type-simple"},"_links":{"self":[{"href":"https:\/\/www.qualitester.com\/sv\/wp-json\/wp\/v2\/product\/1728","targetHints":{"allow":["GET"]}}],"collection":[{"href":"https:\/\/www.qualitester.com\/sv\/wp-json\/wp\/v2\/product"}],"about":[{"href":"https:\/\/www.qualitester.com\/sv\/wp-json\/wp\/v2\/types\/product"}],"replies":[{"embeddable":true,"href":"https:\/\/www.qualitester.com\/sv\/wp-json\/wp\/v2\/comments?post=1728"}],"version-history":[{"count":0,"href":"https:\/\/www.qualitester.com\/sv\/wp-json\/wp\/v2\/product\/1728\/revisions"}],"wp:featuredmedia":[{"embeddable":true,"href":"https:\/\/www.qualitester.com\/sv\/wp-json\/wp\/v2\/media\/5984"}],"wp:attachment":[{"href":"https:\/\/www.qualitester.com\/sv\/wp-json\/wp\/v2\/media?parent=1728"}],"wp:term":[{"taxonomy":"product_cat","embeddable":true,"href":"https:\/\/www.qualitester.com\/sv\/wp-json\/wp\/v2\/product_cat?post=1728"},{"taxonomy":"product_tag","embeddable":true,"href":"https:\/\/www.qualitester.com\/sv\/wp-json\/wp\/v2\/product_tag?post=1728"}],"curies":[{"name":"wp","href":"https:\/\/api.w.org\/{rel}","templated":true}]}}