{"id":1668,"date":"2023-04-25T15:00:29","date_gmt":"2023-04-25T07:00:29","guid":{"rendered":"https:\/\/www.qualitester.com\/?post_type=product&#038;p=1668"},"modified":"2024-11-27T16:53:03","modified_gmt":"2024-11-27T08:53:03","slug":"gradient-heat-seal-tester-ghs-01","status":"publish","type":"product","link":"https:\/\/www.qualitester.com\/sv\/produkt-2\/gradient-heat-seal-tester-ghs-01\/","title":{"rendered":"GHS-01 Testare f\u00f6r gradientv\u00e4rmef\u00f6rsegling"},"content":{"rendered":"<h2>Inledning<\/h2>\n<p>Inom f\u00f6rpackningsindustrin \u00e4r det avg\u00f6rande att s\u00e4kerst\u00e4lla att material som filmer, laminat och flexibla barri\u00e4rer bildar starka och h\u00e5llbara f\u00f6rseglingar f\u00f6r att uppr\u00e4tth\u00e5lla den f\u00f6rpackade produktens integritet och s\u00e4kerhet. Oavsett om du f\u00f6rpackar livsmedel, l\u00e4kemedel, medicintekniska produkter eller elektronik, <strong>v\u00e4rmef\u00f6rseglingsstyrka<\/strong> spelar en nyckelroll n\u00e4r det g\u00e4ller att skydda dina produkter fr\u00e5n kontaminering, l\u00e4ckage och f\u00f6rst\u00f6relse.<\/p>\n<p>Den <strong>Test av v\u00e4rmef\u00f6rseglingens h\u00e5llfasthet<\/strong> \u00e4r ett precisionsinstrument som \u00e4r utformat f\u00f6r att utv\u00e4rdera f\u00f6rpackningsmaterialens v\u00e4rmef\u00f6rseglingsegenskaper och s\u00e4kerst\u00e4lla att f\u00f6rseglingen \u00e4r stark, tillf\u00f6rlitlig och konsekvent. Testaren simulerar den verkliga v\u00e4rmef\u00f6rseglingsprocessen och justerar temperatur, tryck och f\u00f6rslutningstid f\u00f6r att fastst\u00e4lla de idealiska f\u00f6rh\u00e5llandena f\u00f6r att skapa perfekta f\u00f6rslutningar.<\/p>\n<p>Den <strong>Test av v\u00e4rmef\u00f6rsegling med gradient<\/strong> \u00e4r en avancerad metod som f\u00f6rb\u00e4ttrar testeffektiviteten genom att applicera en kontrollerad temperaturgradient \u00f6ver f\u00f6rseglingsomr\u00e5det, vilket m\u00f6jligg\u00f6r flera tester med olika temperaturinst\u00e4llningar samtidigt.<\/p>\n<h2>Viktiga egenskaper hos testinstrumentet f\u00f6r v\u00e4rmef\u00f6rseglingsstyrka<\/h2>\n<h3>Kontrollerade testf\u00f6rh\u00e5llanden f\u00f6r precisionst\u00e4tningar<\/h3>\n<p>Den <strong>Test av v\u00e4rmef\u00f6rseglingens h\u00e5llfasthet<\/strong> \u00e4r utformad med flexibilitet och noggrannhet i \u00e5tanke. Dess justerbara inst\u00e4llningar f\u00f6r <strong>temperatur<\/strong>, <strong>tryck<\/strong>, och <strong>f\u00f6rseglingstid<\/strong> g\u00f6r det m\u00f6jligt att simulera olika t\u00e4tningsf\u00f6rh\u00e5llanden som anv\u00e4nds i f\u00f6rpackningsprocessen. Dessa inst\u00e4llningar g\u00f6r det m\u00f6jligt f\u00f6r tillverkare att testa och optimera sina material f\u00f6r att uppn\u00e5 de mest tillf\u00f6rlitliga och robusta t\u00e4tningarna under verkliga produktionsf\u00f6rh\u00e5llanden.<\/p>\n<h3>Temperaturgradient f\u00f6r optimal testning<\/h3>\n<p>En av de utm\u00e4rkande egenskaperna hos denna testare \u00e4r <strong>Test av v\u00e4rmef\u00f6rsegling med gradient<\/strong> funktionalitet, som till\u00e4mpar en kontrollerad <strong>temperaturgradient<\/strong> \u00f6ver hela t\u00e4tningsomr\u00e5det. Detta g\u00f6r det m\u00f6jligt att testa flera f\u00f6rslutningsf\u00f6rh\u00e5llanden samtidigt, vilket f\u00f6rb\u00e4ttrar testeffektiviteten och minskar stillest\u00e5ndstiden mellan testerna. Genom att testa vid olika temperaturer samtidigt kan tillverkarna p\u00e5 ett mer effektivt s\u00e4tt fastst\u00e4lla de b\u00e4sta f\u00f6ruts\u00e4ttningarna f\u00f6r att f\u00f6rsegla olika material och f\u00f6rb\u00e4ttra den \u00f6vergripande f\u00f6rpackningskvaliteten.<\/p>\n<p>I grund och botten \u00e4r <strong>Test av v\u00e4rmef\u00f6rsegling med gradient<\/strong> g\u00f6r att <strong>Test av v\u00e4rmef\u00f6rseglingens h\u00e5llfasthet<\/strong> a <strong>Flera stationer<\/strong> testanordning som kan utf\u00f6ra flera tester vid olika temperaturer samtidigt, vilket sparar tid och effektiviserar testprocessen.<\/p>\n<h2>ASTM F2029: Standard f\u00f6r testning av v\u00e4rmef\u00f6rseglingars styrka<\/h2>\n<h3>\u00d6versikt \u00f6ver ASTM F2029-16(2021)<\/h3>\n<p><strong><a href=\"https:\/\/www.astm.org\/f2029-16r21.html\" target=\"_blank\" rel=\"noopener nofollow\">ASTM F2029<\/a>-16(2021)<\/strong> \u00e4r <strong>Standardmetod f\u00f6r tillverkning av v\u00e4rmef\u00f6rseglingar i laboratorier<\/strong> f\u00f6r att fastst\u00e4lla <strong>v\u00e4rmef\u00f6rseglingsbarhet hos flexibla barri\u00e4rmaterial<\/strong>. Denna standard anv\u00e4nds f\u00f6r att utv\u00e4rdera styrkan hos v\u00e4rmef\u00f6rseglingar som g\u00f6rs p\u00e5 olika f\u00f6rpackningsmaterial under laboratorief\u00f6rh\u00e5llanden.<\/p>\n<p>Den <a href=\"https:\/\/www.qualitester.com\/sv\/produkt-kategori\/astm\/astm-f2029\/\" target=\"_blank\" rel=\"noopener\"><strong>ASTM F2029<\/strong><\/a> standarden anger procedurer och krav f\u00f6r att skapa tillf\u00f6rlitliga v\u00e4rmef\u00f6rseglingar och m\u00e4ta deras styrka, vilket \u00e4r viktigt f\u00f6r att bed\u00f6ma f\u00f6rpackningsmaterialets integritet och kvalitet. Genom att f\u00f6lja denna standard s\u00e4kerst\u00e4lls att tillverkarna producerar f\u00f6rpackningar som uppfyller kraven p\u00e5 h\u00e5llbarhet och f\u00f6rseglingsprestanda f\u00f6r produkts\u00e4kerhet.<\/p>\n<h3>Testmetoder enligt ASTM F2029<\/h3>\n<p>Den <strong>Test av v\u00e4rmef\u00f6rseglingens h\u00e5llfasthet<\/strong> f\u00f6ljer de procedurer som beskrivs i ASTM F2029 f\u00f6r att skapa laboratoriebaserade v\u00e4rmef\u00f6rseglingar och m\u00e4ta deras styrka. S\u00e5 h\u00e4r fungerar processen:<\/p>\n<ol>\n<li><strong>F\u00f6rberedelse av prov<\/strong>: Ett prov av f\u00f6rpackningsmaterialet placeras mellan tv\u00e5 parallella uppv\u00e4rmda f\u00f6rseglingsk\u00e4ftar.<\/li>\n<li><strong>F\u00f6rseglingsprocess<\/strong>: Testaren till\u00e4mpar v\u00e4rme-, tryck- och tidsinst\u00e4llningar f\u00f6r att simulera de verkliga t\u00e4tningsf\u00f6rh\u00e5llandena. \u00d6verk\u00e4ken r\u00f6r sig ned\u00e5t och ut\u00f6var tryck p\u00e5 materialet samtidigt som v\u00e4rme tillf\u00f6rs.<\/li>\n<li><strong>Testtid<\/strong>: F\u00f6rseglingstiden kan st\u00e4llas in fr\u00e5n 0,1 sekunder till flera timmar, vilket m\u00f6jligg\u00f6r testning vid olika tidsintervall.<\/li>\n<li><strong>Utv\u00e4rdering av t\u00e4tningar<\/strong>: N\u00e4r t\u00e4tningstiden \u00e4r slut lyfts k\u00e4ftarna och testet \u00e4r avslutat. D\u00e4refter analyseras t\u00e4tningen med avseende p\u00e5 h\u00e5llfasthet med hj\u00e4lp av metoder som luftl\u00e4ckagetest, f\u00e4rgpenetration, visuell inspektion eller mikroorganismpenetration.<\/li>\n<\/ol>\n<p>Denna process efterliknar de f\u00f6rh\u00e5llanden under vilka v\u00e4rmef\u00f6rseglingar skapas under f\u00f6rpackningsprocessen, vilket hj\u00e4lper tillverkarna att avg\u00f6ra om deras f\u00f6rpackningsmaterial kommer att klara de p\u00e5frestningar som kr\u00e4vs i verkliga milj\u00f6er.<\/p>\n<h2>Tekniska egenskaper f\u00f6r test av v\u00e4rmef\u00f6rseglingsstyrka (GHS-01 Gradient Heat Seal Tester)<\/h2>\n<ul>\n<li><strong>T\u00e4tningsbackar och uppv\u00e4rmningsmekanism<\/strong>: De \u00f6vre och nedre k\u00e4ftarna \u00e4r tillverkade av h\u00f6gkvalitativ aluminium och har oberoende v\u00e4rmesystem som eliminerar v\u00e4rmef\u00f6rlust, vilket s\u00e4kerst\u00e4ller j\u00e4mn och j\u00e4mn temperaturf\u00f6rdelning under testningen.<\/li>\n<li><strong>PID-temperaturregulator<\/strong>: Den avancerade <strong>PID (Proportionell Integral Derivativ)<\/strong> temperaturregulator s\u00e4kerst\u00e4ller exakt temperaturreglering, vilket ger en j\u00e4mn och tillf\u00f6rlitlig uppv\u00e4rmning under hela testprocessen.<\/li>\n<li><strong>Timer och n\u00e4rhetssensor<\/strong>: Kombinationen av en exakt timer och en n\u00e4rhetssensor synkroniserar starten av t\u00e4tningsprocessen med k\u00e4kr\u00f6relsen, vilket s\u00e4kerst\u00e4ller att testet startar vid r\u00e4tt tidpunkt och p\u00e5g\u00e5r under exakt den tid som kr\u00e4vs.<\/li>\n<li><strong>Anpassning av t\u00e4tningstryck och k\u00e4ftar<\/strong>: Testaren applicerar ett j\u00e4mnt t\u00e4tningstryck mellan <strong>0,15-0,7 MPa<\/strong> och erbjuder anpassningsbara t\u00e4tningsbackar (dimensioner, former och m\u00f6nster) f\u00f6r att tillgodose olika testbehov och f\u00f6rpackningsmaterial.<\/li>\n<li><strong>S\u00e4kerhetsfunktioner<\/strong>: Anv\u00e4ndars\u00e4kerheten \u00e4r en prioritet med funktioner som sk\u00e5llningsskydd p\u00e5 framsidan och manuella\/fotbrytare f\u00f6r att skydda operat\u00f6rerna under testning.<\/li>\n<\/ul>\n<h2>Huvudparametrar<\/h2>\n<table>\n<tbody>\n<tr>\n<td style=\"text-align: center;\" width=\"127\">F\u00f6rsegling Temp.<\/td>\n<td style=\"text-align: center;\" width=\"196\">Omgivande ~ 250 \u2103<\/td>\n<\/tr>\n<tr>\n<td style=\"text-align: center;\" width=\"127\">Temp. Gradient<\/td>\n<td style=\"text-align: center;\" width=\"196\">\u226420\u2103<\/td>\n<\/tr>\n<tr>\n<td style=\"text-align: center;\" width=\"127\">Avvikelse<\/td>\n<td style=\"text-align: center;\" width=\"196\">\u00b10.2\u2103<\/td>\n<\/tr>\n<tr>\n<td style=\"text-align: center;\" width=\"127\">F\u00f6rseglingstid<\/td>\n<td style=\"text-align: center;\" width=\"196\">0,1S~9999S<\/td>\n<\/tr>\n<tr>\n<td style=\"text-align: center;\" width=\"127\">F\u00f6rseglingstryck<\/td>\n<td style=\"text-align: center;\" width=\"196\">0,15~0,7 MPa<\/td>\n<\/tr>\n<tr>\n<td style=\"text-align: center;\" width=\"127\">T\u00e4tningsk\u00e4ftar (mm)<\/td>\n<td style=\"text-align: center;\" width=\"196\">U:40*10 5ST\/L:330 1ST<\/td>\n<\/tr>\n<tr>\n<td style=\"text-align: center;\" width=\"127\">Inmatning av gas<\/td>\n<td style=\"text-align: center;\" width=\"196\">0,7 MPa med \u04246 mm r\u00f6r<\/td>\n<\/tr>\n<tr>\n<td style=\"text-align: center;\" width=\"127\">Kraft<\/td>\n<td style=\"text-align: center;\" width=\"196\">AC 220V 50Hz<\/td>\n<\/tr>\n<\/tbody>\n<\/table>\n<h2>Testprocess<\/h2>\n<ol>\n<li><strong>Exempel p\u00e5 placering<\/strong>: Placera provmaterialet mellan de tv\u00e5 parallella uppv\u00e4rmda k\u00e4ftarna.<\/li>\n<li><strong>Uppv\u00e4rmning och t\u00e4tning<\/strong>: St\u00e4ll in temperatur, tryck och tid och l\u00e5t sedan v\u00e4rmek\u00e4ftarna applicera tryck och v\u00e4rme p\u00e5 provet.<\/li>\n<li><strong>Slutf\u00f6rande och utv\u00e4rdering<\/strong>: Efter den f\u00f6rinst\u00e4llda t\u00e4tningstiden \u00f6ppnas k\u00e4ftarna och t\u00e4tningens styrka utv\u00e4rderas med hj\u00e4lp av olika metoder, t.ex. luftl\u00e4ckagetest eller visuell inspektion.<\/li>\n<\/ol>\n<h2>Anv\u00e4ndningsomr\u00e5den och branscher<\/h2>\n<p>Den <strong>Test av v\u00e4rmef\u00f6rseglingens h\u00e5llfasthet<\/strong> \u00e4r avg\u00f6rande f\u00f6r kvalitetss\u00e4kring inom flera branscher:<\/p>\n<ul>\n<li><strong>F\u00f6rpackningsindustrin<\/strong>: S\u00e4kerst\u00e4ller integriteten hos f\u00f6rpackningsmaterial f\u00f6r mat, dryck och konsumentvaror.<\/li>\n<li><strong>L\u00e4kemedel<\/strong>: Kontrollerar att f\u00f6rseglingar p\u00e5 l\u00e4kemedelsf\u00f6rpackningar uppfyller lagstadgade standarder och uppr\u00e4tth\u00e5ller produktens sterilitet.<\/li>\n<li><strong>Medicintekniska produkter<\/strong>: Testar f\u00f6rpackningsmaterial f\u00f6r styrka och skydd av k\u00e4nsliga medicintekniska produkter.<\/li>\n<li><strong>Elektronik och \u00f6vrig industri<\/strong>: Utv\u00e4rderar f\u00f6rpackningsmaterial f\u00f6r elektronik och olika andra industrier som kr\u00e4ver starka och tillf\u00f6rlitliga t\u00e4tningar.<\/li>\n<\/ul>\n<p>Den <strong>Test av v\u00e4rmef\u00f6rseglingens h\u00e5llfasthet<\/strong> \u00e4r ett viktigt verktyg f\u00f6r tillverkare som vill s\u00e4kerst\u00e4lla kvaliteten, s\u00e4kerheten och h\u00e5llbarheten hos sina f\u00f6rpackningsmaterial. Oavsett om du f\u00f6rseglar livsmedel, l\u00e4kemedel eller medicintekniska produkter ger den h\u00e4r testaren exakta och tillf\u00f6rlitliga resultat f\u00f6r optimal f\u00f6rpackningsprestanda. Utrustad med <strong>Test av v\u00e4rmef\u00f6rsegling med gradient<\/strong> funktionalitet och i \u00f6verensst\u00e4mmelse med <strong>ASTM F2029<\/strong>, \u00e4r det den perfekta l\u00f6sningen f\u00f6r att uppn\u00e5 \u00f6verl\u00e4gsna v\u00e4rmef\u00f6rseglingar varje g\u00e5ng.<\/p>\n<h2>FAQ-avdelning: Vanliga fr\u00e5gor om h\u00e5llfasthetstest f\u00f6r v\u00e4rmef\u00f6rsegling<\/h2>\n<ol>\n<li><strong>Vilka material kan testas med Heat Seal Strength Tester?<\/strong>\n<ul>\n<li>Testaren \u00e4r idealisk f\u00f6r testning av ett brett spektrum av f\u00f6rpackningsmaterial, inklusive filmer, laminat och flexibla barri\u00e4rmaterial.<\/li>\n<\/ul>\n<\/li>\n<li><strong>Vilken \u00e4r rollen f\u00f6r Gradient Heat Seal Test?<\/strong>\n<ul>\n<li>Den <strong>Test av v\u00e4rmef\u00f6rsegling med gradient<\/strong> g\u00f6r det m\u00f6jligt att testa vid olika temperaturinst\u00e4llningar samtidigt, vilket \u00f6kar effektiviteten genom att minska testtiden och f\u00f6rb\u00e4ttra t\u00e4tningens prestanda.<\/li>\n<\/ul>\n<\/li>\n<li><strong>Vilka branscher kan dra nytta av testning av v\u00e4rmef\u00f6rsegling?<\/strong>\n<ul>\n<li>Branscher som livsmedelsf\u00f6rpackningar, l\u00e4kemedel, medicintekniska produkter, elektronik och konsumentvaror drar alla nytta av Heat Seal Strength Tester.<\/li>\n<\/ul>\n<\/li>\n<li><strong>Hur s\u00e4kerst\u00e4ller Heat Seal Strength Tester noggrannhet?<\/strong>\n<ul>\n<li>Med funktioner som exakt temperaturkontroll, justerbart f\u00f6rseglingstryck och anpassningsbara testinst\u00e4llningar s\u00e4kerst\u00e4ller testaren tillf\u00f6rlitliga och repeterbara resultat varje g\u00e5ng.<\/li>\n<\/ul>\n<\/li>\n<li><strong>\u00c4r Heat Seal Strength Tester f\u00f6renlig med ASTM-standarder?<\/strong>\n<ul>\n<li>Ja, testaren uppfyller <strong>ASTM F2029<\/strong>, vilket s\u00e4kerst\u00e4ller \u00f6verensst\u00e4mmelse med branschstandarder f\u00f6r testning av v\u00e4rmef\u00f6rseglingsstyrka och materialh\u00e5llbarhet.<\/li>\n<\/ul>\n<\/li>\n<\/ol>","protected":false},"excerpt":{"rendered":"<p>Inom f\u00f6rpackningsindustrin \u00e4r det avg\u00f6rande att s\u00e4kerst\u00e4lla att material som filmer, laminat och flexibla barri\u00e4rer bildar starka och h\u00e5llbara f\u00f6rseglingar f\u00f6r att uppr\u00e4tth\u00e5lla den f\u00f6rpackade produktens integritet och s\u00e4kerhet. Oavsett om du f\u00f6rpackar livsmedel, l\u00e4kemedel, medicintekniska produkter eller elektronik, <strong>v\u00e4rmef\u00f6rseglingsstyrka<\/strong> spelar en nyckelroll n\u00e4r det g\u00e4ller att skydda dina produkter fr\u00e5n kontaminering, l\u00e4ckage och f\u00f6rst\u00f6relse.<\/p>","protected":false},"featured_media":5911,"comment_status":"closed","ping_status":"closed","template":"","meta":{"site-sidebar-layout":"default","site-content-layout":"default","ast-global-header-display":"","ast-main-header-display":"","ast-hfb-above-header-display":"","ast-hfb-below-header-display":"","ast-hfb-mobile-header-display":"","site-post-title":"disabled","ast-breadcrumbs-content":"","ast-featured-img":"disabled","footer-sml-layout":"","theme-transparent-header-meta":"default","adv-header-id-meta":"","stick-header-meta":"","header-above-stick-meta":"","header-main-stick-meta":"","header-below-stick-meta":""},"product_cat":[845,677,149,16,142,95],"product_tag":[65,31,55],"class_list":{"0":"post-1668","1":"product","2":"type-product","3":"status-publish","4":"has-post-thumbnail","6":"product_cat-customization","7":"product_cat-heat-seal-tester","8":"product_cat-pharma-and-medical-testers","9":"product_cat-plastic-packaging-testers","10":"product_cat-astm-f2029","11":"product_cat-products","12":"product_tag-heat-seal","13":"product_tag-heat-sealing","14":"product_tag-heat-seals","15":"desktop-align-left","16":"tablet-align-left","17":"mobile-align-left","19":"first","20":"instock","21":"shipping-taxable","22":"product-type-simple"},"_links":{"self":[{"href":"https:\/\/www.qualitester.com\/sv\/wp-json\/wp\/v2\/product\/1668","targetHints":{"allow":["GET"]}}],"collection":[{"href":"https:\/\/www.qualitester.com\/sv\/wp-json\/wp\/v2\/product"}],"about":[{"href":"https:\/\/www.qualitester.com\/sv\/wp-json\/wp\/v2\/types\/product"}],"replies":[{"embeddable":true,"href":"https:\/\/www.qualitester.com\/sv\/wp-json\/wp\/v2\/comments?post=1668"}],"version-history":[{"count":0,"href":"https:\/\/www.qualitester.com\/sv\/wp-json\/wp\/v2\/product\/1668\/revisions"}],"wp:featuredmedia":[{"embeddable":true,"href":"https:\/\/www.qualitester.com\/sv\/wp-json\/wp\/v2\/media\/5911"}],"wp:attachment":[{"href":"https:\/\/www.qualitester.com\/sv\/wp-json\/wp\/v2\/media?parent=1668"}],"wp:term":[{"taxonomy":"product_cat","embeddable":true,"href":"https:\/\/www.qualitester.com\/sv\/wp-json\/wp\/v2\/product_cat?post=1668"},{"taxonomy":"product_tag","embeddable":true,"href":"https:\/\/www.qualitester.com\/sv\/wp-json\/wp\/v2\/product_tag?post=1668"}],"curies":[{"name":"wp","href":"https:\/\/api.w.org\/{rel}","templated":true}]}}