{"id":1596,"date":"2023-04-25T10:41:14","date_gmt":"2023-04-25T02:41:14","guid":{"rendered":"https:\/\/www.qualitester.com\/?post_type=product&#038;p=1596"},"modified":"2025-01-13T16:59:36","modified_gmt":"2025-01-13T08:59:36","slug":"gel-strength-tester-gst-01","status":"publish","type":"product","link":"https:\/\/www.qualitester.com\/sv\/produkt-2\/gel-strength-tester-gst-01\/","title":{"rendered":"GST-01 Test av gelstyrka"},"content":{"rendered":"<div class=\"flex flex-grow flex-col max-w-full\">\n<div class=\"min-h-[20px] text-message flex flex-col items-start whitespace-pre-wrap break-words [.text-message+&amp;]:mt-5 juice:w-full juice:items-end overflow-x-auto gap-2\" dir=\"auto\" data-message-author-role=\"assistant\" data-message-id=\"eb5e23d0-8601-4a2a-8e4f-fedfd0d9ac96\">\n<div class=\"flex w-full flex-col gap-1 juice:empty:hidden juice:first:pt-[3px]\">\n<div class=\"markdown prose w-full break-words dark:prose-invert light\">\n<h2>I. Introduktion till Gel Strength Tester<\/h2>\n<p>Den <strong>testare av gelstyrka<\/strong> \u00e4r ett specialiserat instrument som \u00e4r utformat f\u00f6r att m\u00e4ta fasthet och konsistens hos geler i olika branscher. Bloom Tester \u00e4r avg\u00f6rande f\u00f6r att s\u00e4kerst\u00e4lla produktkvalitet och konsistens och spelar en kritisk roll i olika branscher. Den prim\u00e4ra till\u00e4mpningen \u00e4r inom livsmedelssektorn, s\u00e4rskilt n\u00e4r det g\u00e4ller att m\u00e4ta gelstyrkan hos surimi-baserade produkter som imiterat krabbk\u00f6tt, vilket direkt p\u00e5verkar texturen och konsumentn\u00f6jdheten.<\/p>\n<h2>II. Gelatinblommans styrka<\/h2>\n<p>Gelstyrkan \u00e4r en kritisk kvalitetsparameter som direkt p\u00e5verkar produkternas konsistens, prestanda och konsumentacceptans. Inom livsmedelsindustrin p\u00e5verkar t.ex. fastheten hos gelatin- eller surimibaserade produkter deras munk\u00e4nsla, fasthet och \u00f6vergripande sensoriska tilltal. P\u00e5 samma s\u00e4tt \u00e4r konsekventa gelformuleringar inom l\u00e4kemedelsindustrin avg\u00f6rande f\u00f6r en effektiv l\u00e4kemedelstillf\u00f6rsel.<\/p>\n<h3>Definition av gelstyrka<\/h3>\n<p>Gelstyrka avser en gels f\u00f6rm\u00e5ga att motst\u00e5 deformation under en p\u00e5lagd kraft. Den kvantifieras i g-cm, som \u00e4r produkten av kraft och avst\u00e5nd. Det \u00e4r en avg\u00f6rande kvalitetsparameter, s\u00e4rskilt inom livsmedelsindustrin, d\u00e4r textur och fasthet hos produkter som surimi \u00e4r avg\u00f6rande f\u00f6r konsumenternas smak. Den <strong>m\u00e4ta gelens styrka<\/strong> omfattar \u00e4ven andra branscher, t.ex. l\u00e4kemedelsindustrin, d\u00e4r den s\u00e4kerst\u00e4ller att gelbaserade mediciner \u00e4r konsekventa och effektiva.<\/p>\n<h3>Bloom Styrka Definition<\/h3>\n<p>Bloom-styrka \u00e4r ett specifikt m\u00e5tt p\u00e5 gelens fasthet, definierat som den vikt i gram som kr\u00e4vs f\u00f6r att trycka ned ytan p\u00e5 en gel med 4 mm. Det anv\u00e4nds ofta inom gelatinindustrin f\u00f6r att bed\u00f6ma produktkvalitet och konsistens.<\/p>\n<h3>Exempel p\u00e5 till\u00e4mpningar<\/h3>\n<ul>\n<li><strong>Surimiindustrin<\/strong>: Vid tillverkning av imiterat krabbk\u00f6tt \u00e4r gelstyrkan avg\u00f6rande f\u00f6r produktens konsistens och kvalitet.<\/li>\n<li><strong>L\u00e4kemedel<\/strong>: S\u00e4kerst\u00e4ller konsistens i gelbaserade l\u00e4kemedel.<\/li>\n<li><strong>Lim och \u00f6vrig industri<\/strong>: Avg\u00f6rande f\u00f6r produktens prestanda och till\u00e4mpning.<\/li>\n<\/ul>\n<div class=\"ast-oembed-container\" style=\"height: 100%;\"><iframe title=\"Test av gelstyrka | Texturanalys\" width=\"500\" height=\"281\" src=\"https:\/\/www.youtube.com\/embed\/SdmIrfBA4P4?feature=oembed\" frameborder=\"0\" allow=\"accelerometer; autoplay; clipboard-write; encrypted-media; gyroscope; picture-in-picture; web-share\" referrerpolicy=\"strict-origin-when-cross-origin\" allowfullscreen><\/iframe><\/div>\n<h2>III. Viktiga egenskaper hos Bloom Tester<\/h2>\n<h3>Testobjekt<\/h3>\n<ul>\n<li><strong>VIKT<\/strong>: F\u00f6r att m\u00e4ta avst\u00e5nd vid en viss belastning<\/li>\n<li><strong>PEAK<\/strong>: F\u00f6r att m\u00e4ta gelens styrka<\/li>\n<li><strong>AVST\u00c5ND<\/strong>: F\u00f6r att m\u00e4ta belastningen p\u00e5 ett visst avst\u00e5nd<\/li>\n<li><strong>BLOOM<\/strong> <strong>STYRKA<\/strong>: Att m\u00e4ta den vikt i gram som kr\u00e4vs f\u00f6r att trycka ner ytan p\u00e5 en gel med 4 mm<\/li>\n<\/ul>\n<h3>Tekniska specifikationer<\/h3>\n<p>Bloom Tester \u00e4r konstruerad med precision och robusthet. Dess tekniska specifikationer inkluderar:<\/p>\n<table width=\"465\">\n<tbody>\n<tr>\n<td width=\"181\">Testomr\u00e5de<\/td>\n<td width=\"284\">0-50N (eller enligt behov)<\/td>\n<\/tr>\n<tr>\n<td>Stroke<\/td>\n<td>110 mm (utan sond)<\/td>\n<\/tr>\n<tr>\n<td>Testhastighet<\/td>\n<td>1~100mm\/min<\/td>\n<\/tr>\n<tr>\n<td>Noggrannhet f\u00f6r f\u00f6rskjutning<\/td>\n<td>0,01 mm<\/td>\n<\/tr>\n<tr>\n<td>Noggrannhet<\/td>\n<td>0,5% F.S.<\/td>\n<\/tr>\n<tr>\n<td>Kontroll<\/td>\n<td>PLC och gr\u00e4nssnitt mellan m\u00e4nniska och maskin<\/td>\n<\/tr>\n<tr>\n<td>Utg\u00e5ng<\/td>\n<td>Sk\u00e4rm, mikroskrivare, RS232 (tillval)<\/td>\n<\/tr>\n<\/tbody>\n<\/table>\n<h3>Bloom Tester Teknisk funktion<\/h3>\n<ul>\n<li><strong>PLC-kontrollerad enhet<\/strong>: Erbjuder stabilitet p\u00e5 industriell niv\u00e5 med HMI-peksk\u00e4rm.<\/li>\n<li><strong>7-tums HMI-peksk\u00e4rm<\/strong>: S\u00e4kerst\u00e4ller anv\u00e4ndarv\u00e4nligt gr\u00e4nssnitt och enkel anv\u00e4ndning.<\/li>\n<li><strong>Precisionskulskruvsmekanism med blyskruv<\/strong>: Ger exakt kontroll \u00f6ver hastighet och deplacement.<\/li>\n<li><strong>Speciellt utformat program<\/strong>: \u00d6kar flexibiliteten vid genomf\u00f6rande av olika gelstyrketester.<\/li>\n<li><strong>Flera armaturer<\/strong>: M\u00f6jligg\u00f6r olika texturanalyser.<\/li>\n<li><strong>S\u00e4kerhetsfunktioner<\/strong>: Inkluderar skydd mot r\u00f6relsebegr\u00e4nsning, automatisk \u00e5terg\u00e5ng och skyddsk\u00e5pa f\u00f6r lastcellen.<\/li>\n<li><strong>Flera testobjekt<\/strong>: M\u00e4ter vikt, topp och avst\u00e5nd p\u00e5 ett exakt s\u00e4tt.<\/li>\n<li><strong>Mikroskrivare av punktmatristyp<\/strong>: M\u00f6jligg\u00f6r omedelbara utskrifter av testresultat.<\/li>\n<li><strong>RS 232-port och professionell programvara<\/strong>: (Valfritt) F\u00f6r avancerad datahantering.<\/li>\n<\/ul>\n<h4>Anpassning<\/h4>\n<p>GST-01 erbjuder anpassningsbara inst\u00e4llningar som \u00e4r skr\u00e4ddarsydda f\u00f6r specifika testbehov. Den m\u00f6jligg\u00f6r justeringar av testf\u00f6rem\u00e5l och sonder f\u00f6r att passa olika analyser av gelstyrka och textur.<\/p>\n<h3>IV. Process f\u00f6r provning av Bloom-styrka<\/h3>\n<p>Gelstyrketestet inneb\u00e4r att ytan p\u00e5 en gelprovkropp komprimeras med hj\u00e4lp av en stanssond med en specifik diameter och l\u00e4ngd. Standardinst\u00e4llningarna inkluderar:<\/p>\n<ul>\n<li><strong>Sonddiameter<\/strong>: 5 mm<\/li>\n<li><strong>Kompressionshastighet<\/strong>: 60 mm\/min<\/li>\n<li><strong>M\u00e4tningsenhet<\/strong>: g-cm (kraft \u00d7 avst\u00e5nd)<\/li>\n<\/ul>\n<p>Den kraft som appliceras tills gelen punkteras registreras, vilket ger ett exakt m\u00e5tt p\u00e5 dess styrka.<\/p>\n<h3>V. Till\u00e4mpningar av GST-01 Gel Strength Tester<\/h3>\n<h4>Livsmedelsindustrin<\/h4>\n<ul>\n<li><strong>Kvalitetskontroll vid produktion av surimi<\/strong>: S\u00e4kerst\u00e4ller konsekvent konsistens och kvalitet i produkter som imiterat krabbk\u00f6tt.<\/li>\n<li><strong>Konsistenskontroller f\u00f6r gelbaserade livsmedel<\/strong>: Viktigt f\u00f6r att uppr\u00e4tth\u00e5lla produktstandarder i olika gelbaserade livsmedel.<\/li>\n<\/ul>\n<h4>Medicinska och farmaceutiska industrier<\/h4>\n<ul>\n<li><strong>Testning av gelbaserade medicinska produkter<\/strong>: S\u00e4kerst\u00e4ller effektivitet och konsistens hos gelbaserade medicinska produkter.<\/li>\n<li><strong>Farmaceutiska till\u00e4mpningar<\/strong>: Uppr\u00e4tth\u00e5ller kvalitetskontroll i gelbaserade l\u00e4kemedel.<\/li>\n<\/ul>\n<h3>VI. VANLIGA FR\u00c5GOR<\/h3>\n<h4>1. Vad \u00e4r gelstyrka och varf\u00f6r \u00e4r det viktigt?<\/h4>\n<p><strong>Gelstyrka<\/strong> m\u00e4ter en gels f\u00f6rm\u00e5ga att motst\u00e5 deformation under kraft, vilket \u00e4r avg\u00f6rande f\u00f6r att best\u00e4mma konsistens och kvalitet i livsmedel och l\u00e4kemedel.<\/p>\n<h4>2. Hur fungerar GST-01 Gel Strength Tester?<\/h4>\n<p>GST-01 anv\u00e4nder en stanssond f\u00f6r att komprimera gelytan med en konstant deformationshastighet tills den punkteras, varvid kraften och avst\u00e5ndet registreras f\u00f6r att ber\u00e4kna gelstyrkan.<\/p>\n<h4>3. Vilka \u00e4r de viktigaste egenskaperna hos GST-01?<\/h4>\n<p>GST-01 har en 7-tums HMI-peksk\u00e4rm, precisionskulskruvmekanism, flera fixturer och s\u00e4kerhetsfunktioner, vilket g\u00f6r den mycket exakt och anv\u00e4ndarv\u00e4nlig.<\/p>\n<h4>4. Kan GST-01 anpassas f\u00f6r specifika tester?<\/h4>\n<p>Ja, GST-01 erbjuder anpassningsbara inst\u00e4llningar och prober f\u00f6r att uppfylla specifika testbehov, vilket g\u00f6r den m\u00e5ngsidig f\u00f6r olika till\u00e4mpningar.<\/p>\n<h4>5. Vad \u00e4r blomstyrka vid test av gelstyrka?<\/h4>\n<p>Bloom-styrka \u00e4r ett m\u00e5tt p\u00e5 fastheten hos en gel, vanligtvis gelatin, och definieras som den vikt i gram som kr\u00e4vs f\u00f6r att trycka in en standardkolv i gelen med 4 mm. Det \u00e4r en nyckelparameter inom livsmedelsindustrin f\u00f6r att best\u00e4mma kvaliteten och fastheten hos gelatinbaserade produkter.<\/p>\n<h2>Relaterade artiklar och produkter<\/h2>\n<p>TEX-01 <a href=\"https:\/\/www.qualitester.com\/sv\/produkt-2\/sale-cheap-texture-analyser\/\" target=\"_blank\" rel=\"noopener\">Texturanalysator<\/a><\/p>\n<\/div>\n<\/div>\n<\/div>\n<\/div>","protected":false},"excerpt":{"rendered":"<p>Den <strong>GST-01 Test av gelstyrka<\/strong> \u00e4r ett toppmodernt instrument som \u00e4r utformat f\u00f6r exakt m\u00e4tning av gelstyrka. GST-01 \u00e4r avg\u00f6rande f\u00f6r att s\u00e4kerst\u00e4lla produktkvalitet och -konsistens och spelar en viktig roll i olika branscher. Den prim\u00e4ra till\u00e4mpningen \u00e4r inom livsmedelssektorn, s\u00e4rskilt vid m\u00e4tning av gelstyrkan hos surimi-baserade produkter som imiterat krabbk\u00f6tt, vilket direkt p\u00e5verkar textur och konsumentn\u00f6jdhet.<\/p>","protected":false},"featured_media":6013,"comment_status":"closed","ping_status":"closed","template":"","meta":{"site-sidebar-layout":"default","site-content-layout":"default","ast-global-header-display":"","ast-main-header-display":"","ast-hfb-above-header-display":"","ast-hfb-below-header-display":"","ast-hfb-mobile-header-display":"","site-post-title":"disabled","ast-breadcrumbs-content":"","ast-featured-img":"disabled","footer-sml-layout":"","theme-transparent-header-meta":"default","adv-header-id-meta":"","stick-header-meta":"","header-above-stick-meta":"","header-main-stick-meta":"","header-below-stick-meta":""},"product_cat":[845,929,928,95],"product_tag":[],"class_list":{"0":"post-1596","1":"product","2":"type-product","3":"status-publish","4":"has-post-thumbnail","6":"product_cat-customization","7":"product_cat-gel-strength-tester","8":"product_cat-tpa-texture-analyzer","9":"product_cat-products","10":"desktop-align-left","11":"tablet-align-left","12":"mobile-align-left","14":"first","15":"instock","16":"shipping-taxable","17":"product-type-simple"},"_links":{"self":[{"href":"https:\/\/www.qualitester.com\/sv\/wp-json\/wp\/v2\/product\/1596","targetHints":{"allow":["GET"]}}],"collection":[{"href":"https:\/\/www.qualitester.com\/sv\/wp-json\/wp\/v2\/product"}],"about":[{"href":"https:\/\/www.qualitester.com\/sv\/wp-json\/wp\/v2\/types\/product"}],"replies":[{"embeddable":true,"href":"https:\/\/www.qualitester.com\/sv\/wp-json\/wp\/v2\/comments?post=1596"}],"version-history":[{"count":0,"href":"https:\/\/www.qualitester.com\/sv\/wp-json\/wp\/v2\/product\/1596\/revisions"}],"wp:featuredmedia":[{"embeddable":true,"href":"https:\/\/www.qualitester.com\/sv\/wp-json\/wp\/v2\/media\/6013"}],"wp:attachment":[{"href":"https:\/\/www.qualitester.com\/sv\/wp-json\/wp\/v2\/media?parent=1596"}],"wp:term":[{"taxonomy":"product_cat","embeddable":true,"href":"https:\/\/www.qualitester.com\/sv\/wp-json\/wp\/v2\/product_cat?post=1596"},{"taxonomy":"product_tag","embeddable":true,"href":"https:\/\/www.qualitester.com\/sv\/wp-json\/wp\/v2\/product_tag?post=1596"}],"curies":[{"name":"wp","href":"https:\/\/api.w.org\/{rel}","templated":true}]}}