{"id":1560,"date":"2023-04-23T16:38:43","date_gmt":"2023-04-23T08:38:43","guid":{"rendered":"https:\/\/www.qualitester.com\/?post_type=product&#038;p=1560"},"modified":"2024-11-27T13:15:16","modified_gmt":"2024-11-27T05:15:16","slug":"heat-seal-tester-hst-01","status":"publish","type":"product","link":"https:\/\/www.qualitester.com\/sv\/produkt-2\/heat-seal-tester-hst-01\/","title":{"rendered":"HST-01 Tester f\u00f6r v\u00e4rmef\u00f6rsegling"},"content":{"rendered":"<h2><strong>Introduktion till HST-01 Heat Seal Tester<\/strong><\/h2>\n<p>Den <strong>HST-01 Tester f\u00f6r v\u00e4rmef\u00f6rsegling<\/strong> \u00e4r ett laboratorieklassat instrument som \u00e4r utformat f\u00f6r att bed\u00f6ma v\u00e4rmef\u00f6rseglingsf\u00f6rm\u00e5gan hos flexibla barri\u00e4rmaterial, inklusive filmer, laminat, polymerer och kompositer. Denna m\u00e5ngsidiga enhet replikerar exakt v\u00e4rmef\u00f6rseglingsprocessen genom att kontrollera tre kritiska parametrar: <strong>tid, temperatur och tryck<\/strong>. Dess fr\u00e4msta uppgift \u00e4r att se till att f\u00f6rseglingarna i flexibla f\u00f6rpackningar uppfyller prestandanormerna f\u00f6r styrka och integritet, vilket bidrar till produkts\u00e4kerhet, h\u00e5llbarhet och anv\u00e4ndarv\u00e4nlighet.<\/p>\n<h2><strong>Anv\u00e4ndningsomr\u00e5den f\u00f6r HST-01 Heat Seal Tester<\/strong><\/h2>\n<p>HST-01 Heat Seal Tester \u00e4r n\u00f6dv\u00e4ndig inom m\u00e5nga olika branscher, bland annat<\/p>\n<ul>\n<li><strong>F\u00f6rpackning<\/strong>: Utv\u00e4rdering av v\u00e4rmef\u00f6rseglingar f\u00f6r livsmedels-, l\u00e4kemedels- och medicinf\u00f6rpackningar.<\/li>\n<li><strong>Medicintekniska produkter<\/strong>: S\u00e4kerst\u00e4lla steril barri\u00e4rintegritet i medicinska p\u00e5sar och blisterf\u00f6rpackningar.<\/li>\n<li><strong>Konsumentvaror<\/strong>: Testning av t\u00e4tningar p\u00e5 kemiska produkter f\u00f6r dagligt bruk och hygienartiklar.<\/li>\n<li><strong>Elektronik<\/strong>: Utv\u00e4rdering av skyddsf\u00f6rpackningar f\u00f6r elektroniska komponenter.<\/li>\n<li><strong>Lim och kompositer<\/strong>: M\u00e4tning av v\u00e4rmef\u00f6rseglingsprestanda hos specialmaterial.<\/li>\n<\/ul>\n<p>Effektiv v\u00e4rmef\u00f6rsegling s\u00e4kerst\u00e4ller att produkterna f\u00f6rblir s\u00e4kra, fria fr\u00e5n f\u00f6roreningar och l\u00e4tta att komma \u00e5t, vilket f\u00f6rb\u00e4ttrar den \u00f6vergripande kvaliteten och kundn\u00f6jdheten.<\/p>\n<h2><strong>ASTM F2029 och dess betydelse vid testning av v\u00e4rmef\u00f6rsegling<\/strong><\/h2>\n<h3><strong>\u00d6versikt \u00f6ver <a href=\"https:\/\/www.astm.org\/f2029-16r21.html\" target=\"_blank\" rel=\"noopener nofollow\">ASTM F2029<\/a><\/strong><\/h3>\n<p>Den <strong><a href=\"https:\/\/www.qualitester.com\/sv\/produkt-kategori\/astm\/astm-f2029\/\" target=\"_blank\" rel=\"noopener\">ASTM F2029<\/a>-16 (2021)<\/strong> standard, med titeln <em>Standardmetoder f\u00f6r tillverkning av v\u00e4rmef\u00f6rseglingar i laboratorium f\u00f6r best\u00e4mning av v\u00e4rmef\u00f6rseglingsbarhet hos flexibla barri\u00e4rmaterial m\u00e4tt med f\u00f6rseglingens styrka<\/em>, beskriver de metoder som anv\u00e4nds f\u00f6r att producera och utv\u00e4rdera v\u00e4rmef\u00f6rseglingar i flexibla f\u00f6rpackningsmaterial. Denna standard s\u00e4kerst\u00e4ller att v\u00e4rmef\u00f6rseglingarna \u00e4r konsekventa och tillf\u00f6rlitliga i olika till\u00e4mpningar.<\/p>\n<div class=\"ast-oembed-container\" style=\"height: 100%;\"><iframe title=\"oberoende uppv\u00e4rmningsk\u00e4ftar f\u00f6r laboratoriebruk v\u00e4rmef\u00f6rseglingstestare f\u00f6r plastfilm Temperaturgraderingstyp\" width=\"500\" height=\"281\" src=\"https:\/\/www.youtube.com\/embed\/CDvc9iG0cxc?feature=oembed\" frameborder=\"0\" allow=\"accelerometer; autoplay; clipboard-write; encrypted-media; gyroscope; picture-in-picture; web-share\" referrerpolicy=\"strict-origin-when-cross-origin\" allowfullscreen><\/iframe><\/div>\n<h3><strong>Testmetoder<\/strong><\/h3>\n<p>ASTM F2029 specificerar kontrollerade f\u00f6rh\u00e5llanden f\u00f6r tillverkning av v\u00e4rmef\u00f6rseglingar, med fokus p\u00e5:<\/p>\n<ul>\n<li><strong>Temperatur<\/strong>: Uppr\u00e4tth\u00e5ller exakta v\u00e4rmeniv\u00e5er under f\u00f6rseglingsprocessen.<\/li>\n<li><strong>Tid<\/strong>: S\u00e4kerst\u00e4lla att f\u00f6rseglingen bildas under en konsekvent tidsperiod.<\/li>\n<li><strong>Tryck<\/strong>: Applicera j\u00e4mn kraft f\u00f6r att uppn\u00e5 en tillf\u00f6rlitlig bindning.<\/li>\n<\/ul>\n<p>F\u00f6rseglingens h\u00e5llfasthet utv\u00e4rderas sedan med hj\u00e4lp av metoder som t.ex:<\/p>\n<ul>\n<li>Test av luftl\u00e4ckage.<\/li>\n<li>F\u00e4rgens penetration.<\/li>\n<li>Visuell kontroll av kontinuitet och defekter.<\/li>\n<\/ul>\n<h3><strong>Betydelsen av efterlevnad<\/strong><\/h3>\n<p>\u00d6verensst\u00e4mmelse med ASTM F2029 garanterar att testresultaten \u00e4r reproducerbara och uppfyller branschstandarderna, vilket \u00f6kar f\u00f6rtroendet f\u00f6r produktens prestanda och kvalitet.<\/p>\n<h2><strong>Tekniska egenskaper f\u00f6r HST-01 Heat Seal Tester<\/strong><\/h2>\n<p>HST-01 \u00e4r konstruerad med avancerade funktioner som s\u00e4kerst\u00e4ller exakt och repeterbar testning av v\u00e4rmef\u00f6rsegling:<\/p>\n<ul>\n<li><strong>Precisionskontroll<\/strong>:\n<ul>\n<li><strong>Temperaturomr\u00e5de<\/strong>: Omgivande temperatur till 300\u00b0C, med en avvikelse p\u00e5 \u00b10,2\u00b0C.<\/li>\n<li><strong>F\u00f6rseglingstid<\/strong>: Justerbar fr\u00e5n 0,1s till 9999s.<\/li>\n<li><strong>Tryckomr\u00e5de<\/strong>: 0,15 till 0,7 MPa, vilket garanterar en j\u00e4mn krafttillf\u00f6rsel.<\/li>\n<\/ul>\n<\/li>\n<li><strong>H\u00f6gpresterande design<\/strong>:\n<ul>\n<li>Dubbla uppv\u00e4rmda k\u00e4ftar i aluminium minimerar v\u00e4rmef\u00f6rlusten och h\u00e5ller en j\u00e4mn temperatur.<\/li>\n<li>En styrd t\u00e4tningsbalk i tre riktningar garanterar en j\u00e4mn tryckf\u00f6rdelning.<\/li>\n<li>A <strong>P.I.D.-temperaturregulator<\/strong> ger snabb och exakt uppv\u00e4rmning.<\/li>\n<\/ul>\n<\/li>\n<li><strong>Anv\u00e4ndarv\u00e4nlig drift<\/strong>:\n<ul>\n<li><strong>PLC-kontroll<\/strong> med ett intuitivt HMI-peksk\u00e4rmsgr\u00e4nssnitt f\u00f6r s\u00f6ml\u00f6s drift.<\/li>\n<li>Manuell aktivering eller fotpedal f\u00f6r flexibilitet under tester.<\/li>\n<li>S\u00e4kerhetsfunktioner, inklusive en sk\u00e5llningsskyddad frontk\u00e5pa, prioriterar anv\u00e4ndarskydd.<\/li>\n<\/ul>\n<\/li>\n<li><strong>Anpassningsalternativ<\/strong>:\n<ul>\n<li>Anpassningsbara t\u00e4tningsbackar f\u00f6r att passa olika former, storlekar och m\u00f6nster.<\/li>\n<li>Valfritt <strong>RS 232 COM-port<\/strong> och programvara f\u00f6r dataanalys och rapportering.<\/li>\n<\/ul>\n<\/li>\n<\/ul>\n<h2><strong>Testprocess f\u00f6r HST-01 v\u00e4rmef\u00f6rseglingstestare<\/strong><\/h2>\n<p>Testprocessen f\u00f6r v\u00e4rmef\u00f6rsegling f\u00f6ljer dessa steg:<\/p>\n<ol>\n<li><strong>F\u00f6rberedelse av prov<\/strong>: Placera testmaterialet mellan tv\u00e5 parallella, uppv\u00e4rmda t\u00e4tningsbackar.<\/li>\n<li><strong>Parameterinst\u00e4llningar<\/strong>: St\u00e4ll in \u00f6nskad temperatur, tryck och f\u00f6rslutningstid.<\/li>\n<li><strong>T\u00e4tning<\/strong>: Den \u00f6vre k\u00e4ken, som drivs av en gascylinder, applicerar tryck p\u00e5 provet under den inst\u00e4llda tiden.<\/li>\n<li><strong>Slutf\u00f6rande<\/strong>: Efter den f\u00f6rinst\u00e4llda tiden \u00e5terg\u00e5r backen till sitt ursprungliga l\u00e4ge och processen \u00e4r klar.<\/li>\n<li><strong>Utv\u00e4rdering<\/strong>: Det f\u00f6rseglade provet utv\u00e4rderas med avseende p\u00e5 h\u00e5llfasthet och kontinuitet med hj\u00e4lp av metoder som luftl\u00e4ckage- och f\u00e4rgpenetrationstest.<\/li>\n<\/ol>\n<h2><strong>Utv\u00e4rdering och analys av v\u00e4rmef\u00f6rsegling<\/strong><\/h2>\n<p>T\u00e4tningens kvalitet bed\u00f6ms genom:<\/p>\n<ul>\n<li><strong>F\u00f6rseglingens styrka<\/strong>: M\u00e4tning av den kraft som kr\u00e4vs f\u00f6r att bryta f\u00f6rseglingen.<\/li>\n<li><strong>Kontinuitet och integritet<\/strong>: Identifiering av defekter som l\u00e4ckage eller svaga punkter.<\/li>\n<li><strong>Avancerade tekniker<\/strong>: Mikrobiell penetration och visuell inspektion f\u00f6r h\u00f6gprecisionstill\u00e4mpningar.<\/li>\n<\/ul>\n<p>Dessa utv\u00e4rderingar s\u00e4kerst\u00e4ller att f\u00f6rpackningarna uppfyller funktionella prestandakrav och konsumenternas f\u00f6rv\u00e4ntningar.<\/p>\n<h2><strong>Huvudparametrar och specifikationer<\/strong><\/h2>\n<table>\n<tbody>\n<tr>\n<td style=\"text-align: center;\" width=\"123\">F\u00f6rsegling Temp.<\/td>\n<td style=\"text-align: center;\" width=\"126\">Omgivande ~ 300 \u2103<\/td>\n<\/tr>\n<tr>\n<td style=\"text-align: center;\" width=\"123\">Avvikelse<\/td>\n<td style=\"text-align: center;\" width=\"126\">\u00b10.2\u2103<\/td>\n<\/tr>\n<tr>\n<td style=\"text-align: center;\" width=\"123\">F\u00f6rseglingstid<\/td>\n<td style=\"text-align: center;\" width=\"126\">0,1S~9999S<\/td>\n<\/tr>\n<tr>\n<td style=\"text-align: center;\" width=\"123\">F\u00f6rseglingstryck<\/td>\n<td style=\"text-align: center;\" width=\"126\">0,15~0,7 MPa<\/td>\n<\/tr>\n<tr>\n<td style=\"text-align: center;\" width=\"123\">F\u00f6rsegla k\u00e4karna<\/td>\n<td style=\"text-align: center;\" width=\"126\">330*10 mm L*B<\/td>\n<\/tr>\n<tr>\n<td style=\"text-align: center;\" width=\"123\">Gastryck<\/td>\n<td style=\"text-align: center;\" width=\"126\">0,7 MPa<\/td>\n<\/tr>\n<tr>\n<td style=\"text-align: center;\" width=\"123\">Portstorlek<\/td>\n<td style=\"text-align: center;\" width=\"126\">\u04246 mm PU-slang<\/td>\n<\/tr>\n<tr>\n<td style=\"text-align: center;\" width=\"123\">Kraft<\/td>\n<td style=\"text-align: center;\" width=\"126\">AC 220V 50Hz<\/td>\n<\/tr>\n<\/tbody>\n<\/table>\n<hr \/>\n<h2><strong>Varf\u00f6r v\u00e4lja HST-01 Heat Seal Tester?<\/strong><\/h2>\n<p>HST-01 erbjuder o\u00f6vertr\u00e4ffad precision, stabilitet och s\u00e4kerhet, vilket g\u00f6r den till ett idealiskt val f\u00f6r laboratorier och kvalitetskontrollmilj\u00f6er. Dess \u00f6verensst\u00e4mmelse med <strong>ASTM F2029<\/strong> ger tillf\u00f6rlitliga resultat som uppfyller industristandarderna och hj\u00e4lper tillverkarna att uppr\u00e4tth\u00e5lla produktkvalitet och prestanda.<\/p>\n<h2><strong>Vanliga fr\u00e5gor<\/strong><\/h2>\n<ol>\n<li><strong>Vad \u00e4r syftet med en v\u00e4rmef\u00f6rseglingstestare?<\/strong>\n<ul>\n<li>En v\u00e4rmef\u00f6rseglingstestare utv\u00e4rderar f\u00f6rseglingens styrka och integritet hos flexibla f\u00f6rpackningsmaterial, vilket s\u00e4kerst\u00e4ller produkts\u00e4kerhet och prestanda.<\/li>\n<\/ul>\n<\/li>\n<li><strong>Varf\u00f6r \u00e4r ASTM F2029 viktig?<\/strong>\n<ul>\n<li>ASTM F2029 tillhandah\u00e5ller standardiserade metoder f\u00f6r tillverkning och testning av v\u00e4rmef\u00f6rseglingar, vilket s\u00e4kerst\u00e4ller konsekventa och repeterbara resultat i alla branscher.<\/li>\n<\/ul>\n<\/li>\n<li><strong>Vilka material kan testas med HST-01?<\/strong>\n<ul>\n<li>HST-01 kan testa filmer, laminat, polymerer, kompositer och andra flexibla barri\u00e4rmaterial.<\/li>\n<\/ul>\n<\/li>\n<li><strong>Hur s\u00e4kerst\u00e4ller HST-01 korrekt f\u00f6rsegling?<\/strong>\n<ul>\n<li>Den anv\u00e4nder exakt kontroll \u00f6ver temperatur, tid och tryck i kombination med avancerade sensorer och en P.I.D.-styrenhet f\u00f6r optimal prestanda.<\/li>\n<\/ul>\n<\/li>\n<li><strong>Kan HST-01 anpassas efter kundens \u00f6nskem\u00e5l?<\/strong>\n<ul>\n<li>Ja, HST-01 erbjuder anpassningsbara t\u00e4tningsbackar och valfri programvara f\u00f6r f\u00f6rb\u00e4ttrad funktionalitet.<\/li>\n<\/ul>\n<\/li>\n<\/ol>","protected":false},"excerpt":{"rendered":"<p>Den <strong>HST-01 Tester f\u00f6r v\u00e4rmef\u00f6rsegling<\/strong> \u00e4r ett laboratorieklassat instrument som \u00e4r utformat f\u00f6r att bed\u00f6ma v\u00e4rmef\u00f6rseglingsf\u00f6rm\u00e5gan hos flexibla barri\u00e4rmaterial, inklusive filmer, laminat, polymerer och kompositer. Denna m\u00e5ngsidiga enhet replikerar exakt v\u00e4rmef\u00f6rseglingsprocessen genom att kontrollera tre kritiska parametrar: <strong>tid, temperatur och tryck<\/strong>. Dess fr\u00e4msta uppgift \u00e4r att se till att f\u00f6rseglingarna i flexibla f\u00f6rpackningar uppfyller prestandanormerna f\u00f6r styrka och integritet, vilket bidrar till produkts\u00e4kerhet, h\u00e5llbarhet och anv\u00e4ndarv\u00e4nlighet.<\/p>","protected":false},"featured_media":5896,"comment_status":"closed","ping_status":"closed","template":"","meta":{"site-sidebar-layout":"default","site-content-layout":"default","ast-global-header-display":"","ast-main-header-display":"","ast-hfb-above-header-display":"","ast-hfb-below-header-display":"","ast-hfb-mobile-header-display":"","site-post-title":"","ast-breadcrumbs-content":"","ast-featured-img":"","footer-sml-layout":"","theme-transparent-header-meta":"default","adv-header-id-meta":"","stick-header-meta":"","header-above-stick-meta":"","header-main-stick-meta":"","header-below-stick-meta":""},"product_cat":[845,677,672,16,142,95],"product_tag":[64,65,31],"class_list":{"0":"post-1560","1":"product","2":"type-product","3":"status-publish","4":"has-post-thumbnail","6":"product_cat-customization","7":"product_cat-heat-seal-tester","8":"product_cat-applied-materials","9":"product_cat-plastic-packaging-testers","10":"product_cat-astm-f2029","11":"product_cat-products","12":"product_tag-astm-f2029","13":"product_tag-heat-seal","14":"product_tag-heat-sealing","15":"desktop-align-left","16":"tablet-align-left","17":"mobile-align-left","19":"first","20":"instock","21":"shipping-taxable","22":"product-type-simple"},"_links":{"self":[{"href":"https:\/\/www.qualitester.com\/sv\/wp-json\/wp\/v2\/product\/1560","targetHints":{"allow":["GET"]}}],"collection":[{"href":"https:\/\/www.qualitester.com\/sv\/wp-json\/wp\/v2\/product"}],"about":[{"href":"https:\/\/www.qualitester.com\/sv\/wp-json\/wp\/v2\/types\/product"}],"replies":[{"embeddable":true,"href":"https:\/\/www.qualitester.com\/sv\/wp-json\/wp\/v2\/comments?post=1560"}],"version-history":[{"count":0,"href":"https:\/\/www.qualitester.com\/sv\/wp-json\/wp\/v2\/product\/1560\/revisions"}],"wp:featuredmedia":[{"embeddable":true,"href":"https:\/\/www.qualitester.com\/sv\/wp-json\/wp\/v2\/media\/5896"}],"wp:attachment":[{"href":"https:\/\/www.qualitester.com\/sv\/wp-json\/wp\/v2\/media?parent=1560"}],"wp:term":[{"taxonomy":"product_cat","embeddable":true,"href":"https:\/\/www.qualitester.com\/sv\/wp-json\/wp\/v2\/product_cat?post=1560"},{"taxonomy":"product_tag","embeddable":true,"href":"https:\/\/www.qualitester.com\/sv\/wp-json\/wp\/v2\/product_tag?post=1560"}],"curies":[{"name":"wp","href":"https:\/\/api.w.org\/{rel}","templated":true}]}}