{"id":1516,"date":"2023-04-23T13:57:31","date_gmt":"2023-04-23T05:57:31","guid":{"rendered":"https:\/\/www.qualitester.com\/?post_type=product&#038;p=1516"},"modified":"2026-04-23T10:05:49","modified_gmt":"2026-04-23T02:05:49","slug":"film-free-shrink-tester-fst-01","status":"publish","type":"product","link":"https:\/\/www.qualitester.com\/sv\/produkt-2\/film-free-shrink-tester-fst-01\/","title":{"rendered":"FST-01 Testare f\u00f6r filmfri krympning"},"content":{"rendered":"<h2>1. Introduktion till den filmfria krympprovningsmaskinen<\/h2>\n<p>Den <strong>Testare f\u00f6r filmfri krympning<\/strong> \u00e4r ett avancerat instrument som \u00e4r utformat f\u00f6r att m\u00e4ta krympningsegenskaperna hos plastfilmer n\u00e4r de uts\u00e4tts f\u00f6r v\u00e4rme. Denna enhet spelar en avg\u00f6rande roll f\u00f6r att s\u00e4kerst\u00e4lla kvaliteten och prestandan hos material inom olika branscher, inklusive f\u00f6rpackningar, livsmedel, medicin och l\u00e4kemedel. Genom att bed\u00f6ma v\u00e4rmekrympningen hos filmer kan tillverkare optimera sina produkter f\u00f6r h\u00e5llbarhet och effektivitet och uppfylla b\u00e5de industristandarder och konsumenternas f\u00f6rv\u00e4ntningar.<\/p>\n<p><img fetchpriority=\"high\" decoding=\"async\" class=\"aligncenter wp-image-4262\" src=\"https:\/\/www.qualitester.com\/wp-content\/uploads\/2023\/04\/ASTM-D2732-film-free-shrink-tester.jpg\" alt=\"ASTM D2732 test f\u00f6r filmfri krympning\" width=\"450\" height=\"450\" srcset=\"https:\/\/www.qualitester.com\/wp-content\/uploads\/2023\/04\/ASTM-D2732-film-free-shrink-tester.jpg 600w, https:\/\/www.qualitester.com\/wp-content\/uploads\/2023\/04\/ASTM-D2732-film-free-shrink-tester-300x300.jpg 300w, https:\/\/www.qualitester.com\/wp-content\/uploads\/2023\/04\/ASTM-D2732-film-free-shrink-tester-150x150.jpg 150w, https:\/\/www.qualitester.com\/wp-content\/uploads\/2023\/04\/ASTM-D2732-film-free-shrink-tester-100x100.jpg 100w\" sizes=\"(max-width: 450px) 100vw, 450px\" \/><\/p>\n<h2>2. Produktens egenskaper<\/h2>\n<h3>(1) Tekniska specifikationer<\/h3>\n<table width=\"308\">\n<tbody>\n<tr>\n<td width=\"150\">Provstorlek<\/td>\n<td width=\"158\">\u2264160 mm x 160 mm<\/td>\n<\/tr>\n<tr>\n<td>Temperaturomr\u00e5de<\/td>\n<td>Omgivande temperatur ~ 200\u00b0C<\/td>\n<\/tr>\n<tr>\n<td>Noggrannhet<\/td>\n<td>\u00b10.3\u00b0C<\/td>\n<\/tr>\n<tr>\n<td>Dimension<\/td>\n<td>37*44*28 LWH cm<\/td>\n<\/tr>\n<tr>\n<td>Str\u00f6mf\u00f6rs\u00f6rjning<\/td>\n<td>220V 50Hz<\/td>\n<\/tr>\n<\/tbody>\n<\/table>\n<h3>(2) Tillf\u00f6rlitligt instrument<\/h3>\n<h4><strong>Noggrannhet och tillf\u00f6rlitlighet<\/strong><\/h4>\n<p>Film Free Shrink Tester erbjuder o\u00f6vertr\u00e4ffad noggrannhet och tillf\u00f6rlitlighet. Med sitt temperaturkontrollsystem med h\u00f6g precision s\u00e4kerst\u00e4ller den att testf\u00f6rh\u00e5llandena f\u00f6rblir konsekventa, vilket ger upprepbara resultat varje g\u00e5ng. Denna precision \u00e4r avg\u00f6rande f\u00f6r att uppr\u00e4tth\u00e5lla testets integritet och s\u00e4kerst\u00e4lla att de data som samlas in \u00e4r tillf\u00f6rlitliga och anv\u00e4ndbara.<\/p>\n<h4><strong>Anv\u00e4ndarv\u00e4nligt gr\u00e4nssnitt<\/strong><\/h4>\n<p>Film Free Shrink Tester \u00e4r utformad med anv\u00e4ndarv\u00e4nlighet i \u00e5tanke och har en intuitiv kontrollpanel som f\u00f6renklar testprocessen. Den digitala displayen ger en tydlig och koncis dataloggning, vilket g\u00f6r det enkelt f\u00f6r operat\u00f6ren att \u00f6vervaka och registrera testresultaten. Det anv\u00e4ndarv\u00e4nliga gr\u00e4nssnittet minskar inl\u00e4rningskurvan och \u00f6kar effektiviteten i testprocessen.<\/p>\n<h3>(3) Helt\u00e4ckande service - anpassningsalternativ<\/h3>\n<h4><strong>Skr\u00e4ddarsydda l\u00f6sningar f\u00f6r specifika testbehov<\/strong><\/h4>\n<p>P\u00e5 Cell Instruments f\u00f6rst\u00e5r vi att olika branscher har unika testkrav. D\u00e4rf\u00f6r erbjuder vi skr\u00e4ddarsydda l\u00f6sningar f\u00f6r att m\u00f6ta specifika behov. Oavsett om det handlar om att anpassa testaren f\u00f6r s\u00e4rskilda typer av filmer eller integrera den med befintliga automatiserade system, kan v\u00e5rt team modifiera instrumentet s\u00e5 att det passar dina exakta specifikationer.<\/p>\n<h4><strong>Integration med automatiserade system<\/strong><\/h4>\n<p>V\u00e5r Film Free Shrink Tester kan integreras s\u00f6ml\u00f6st i automatiserade testsystem, vilket \u00f6kar produktiviteten och noggrannheten. Denna integration m\u00f6jligg\u00f6r kontinuerlig testning och \u00f6vervakning, vilket \u00e4r viktigt f\u00f6r produktionsmilj\u00f6er med h\u00f6ga volymer.<\/p>\n<h2>3. Testmetoder<\/h2>\n<h3>(1) \u00d6versikt \u00f6ver det filmfria krympningstestet<\/h3>\n<h4><strong>Syftet med testet<\/strong><\/h4>\n<p>Det prim\u00e4ra syftet med det filmfria krympningstestet \u00e4r att avg\u00f6ra hur plastfilmer reagerar p\u00e5 v\u00e4rme. Detta test \u00e4r avg\u00f6rande f\u00f6r att f\u00f6rst\u00e5 materialens termiska egenskaper, vilket kan p\u00e5verka deras prestanda i verkliga till\u00e4mpningar.<\/p>\n<h4><strong>Typer av filmer som testats<\/strong><\/h4>\n<p>Film Free Shrink Tester \u00e4r l\u00e4mplig f\u00f6r ett brett spektrum av filmer, inklusive f\u00f6rpackningsmaterial, filmer f\u00f6r livsmedelsf\u00f6rpackningar, f\u00f6rpackningar f\u00f6r medicintekniska produkter, l\u00e4kemedelsf\u00f6rpackningar, sj\u00e4lvh\u00e4ftande filmer och textilier. Varje typ av film har specifika egenskaper som m\u00e5ste utv\u00e4rderas f\u00f6r att s\u00e4kerst\u00e4lla optimal prestanda.<\/p>\n<h3>(2) ASTM D2732 Standard<\/h3>\n<h4><strong>Beskrivning av standarden<\/strong><\/h4>\n<p><a href=\"https:\/\/www.qualitester.com\/sv\/standards\/astm-d2732\/\" target=\"_blank\" rel=\"noopener\">ASTM D2732<\/a> \u00e4r en standardiserad testmetod som anv\u00e4nds f\u00f6r att m\u00e4ta den fria krympningen av plastfilmer n\u00e4r de uts\u00e4tts f\u00f6r en specificerad temperatur. Denna standard ger ett konsekvent ramverk f\u00f6r att utf\u00f6ra testet, vilket s\u00e4kerst\u00e4ller att resultaten \u00e4r j\u00e4mf\u00f6rbara mellan olika laboratorier och applikationer.<\/p>\n<h4><strong>\u00d6versikt \u00f6ver testprocedur<\/strong><\/h4>\n<h5><strong>F\u00f6rberedelse av prov<\/strong><\/h5>\n<p>Proverna sk\u00e4rs till en exakt storlek och form, vanligtvis kvadrater eller rektanglar. Korrekt f\u00f6rberedelse \u00e4r avg\u00f6rande f\u00f6r att s\u00e4kerst\u00e4lla att resultaten \u00e4r korrekta och \u00e5terspeglar materialets egenskaper.<\/p>\n<h5><strong>Testf\u00f6rh\u00e5llanden<\/strong><\/h5>\n<p>Testet inneb\u00e4r att proverna v\u00e4rms upp till en f\u00f6rutbest\u00e4md temperatur. Film Free Shrink Testers exakta temperaturkontroll s\u00e4kerst\u00e4ller att proverna uts\u00e4tts f\u00f6r exakt de f\u00f6rh\u00e5llanden som kr\u00e4vs enligt ASTM D2732.<\/p>\n<h5><strong>M\u00e4tning och analys<\/strong><\/h5>\n<p>Efter uppv\u00e4rmning m\u00e4ts proverna f\u00f6r att best\u00e4mma krympningens omfattning. Dimensionerna f\u00f6re och efter testet j\u00e4mf\u00f6rs f\u00f6r att ber\u00e4kna den procentuella krympningen. Dessa data ger insikter om filmens termiska beteende och l\u00e4mplighet f\u00f6r specifika applikationer.<\/p>\n<h2>4. Till\u00e4mpningar inom industrin<\/h2>\n<p>Film Free Shrink Tester \u00e4r n\u00f6dv\u00e4ndig f\u00f6r olika branscher, var och en med unika krav p\u00e5 materialprestanda.<\/p>\n<h3>(1) F\u00f6rpackningsmaterial<\/h3>\n<p>Inom f\u00f6rpackningsindustrin hj\u00e4lper filmkrympningstestet till att utforma material som ger optimalt skydd och stabilitet. Genom att f\u00f6rst\u00e5 hur filmer reagerar p\u00e5 v\u00e4rme s\u00e4kerst\u00e4ller man att f\u00f6rpackningarna beh\u00e5ller sin integritet under bearbetning och lagring.<\/p>\n<h3>(2) Filmer f\u00f6r livsmedelsf\u00f6rpackningar<\/h3>\n<p>F\u00f6r livsmedelsf\u00f6rpackningar \u00e4r det av yttersta vikt att uppr\u00e4tth\u00e5lla produktens kvalitet och s\u00e4kerhet. V\u00e4rmekrympningstestet s\u00e4kerst\u00e4ller att filmer som anv\u00e4nds i livsmedelsf\u00f6rpackningar \u00e4r h\u00e5llbara och kan motst\u00e5 de f\u00f6rh\u00e5llanden de kommer att m\u00f6ta.<\/p>\n<h3>(3) F\u00f6rpackningar f\u00f6r medicintekniska produkter<\/h3>\n<p>F\u00f6rpackningar f\u00f6r medicintekniska produkter kr\u00e4ver material som \u00e4r b\u00e5de skyddande och sterila. Filmkrympningstestet hj\u00e4lper till att v\u00e4lja filmer som uppfyller dessa str\u00e4nga krav, vilket garanterar s\u00e4kerheten och effektiviteten hos medicinska produkter.<\/p>\n<h3>(4) L\u00e4kemedelsf\u00f6rpackningar<\/h3>\n<p>L\u00e4kemedelsf\u00f6rpackningar m\u00e5ste skydda produkterna fr\u00e5n kontaminering och nedbrytning. Krympningstestet s\u00e4kerst\u00e4ller att filmer som anv\u00e4nds i denna industri har de n\u00f6dv\u00e4ndiga barri\u00e4regenskaperna.<\/p>\n<h3>(5) Sj\u00e4lvh\u00e4ftande filmer<\/h3>\n<p>Sj\u00e4lvh\u00e4ftande filmer m\u00e5ste bibeh\u00e5lla sina egenskaper under olika f\u00f6rh\u00e5llanden. Filmkrympningstestet hj\u00e4lper till att utv\u00e4rdera deras prestanda, s\u00e4kerst\u00e4lla att de f\u00e4ster ordentligt och bibeh\u00e5ller sin effektivitet.<\/p>\n<h3>(6) Textilier och \u00f6vrigt<\/h3>\n<p>Inom textil- och andra industrier kan f\u00f6rst\u00e5else f\u00f6r krympningsegenskaperna hos filmer p\u00e5verka slutproduktens h\u00e5llbarhet och prestanda. Detta test ger v\u00e4rdefulla data f\u00f6r att f\u00f6rb\u00e4ttra materialval och produktdesign.<\/p>\n<h2>5. Anpassad provningskapacitet - s\u00e4rskilda provningskrav<\/h2>\n<p>Cell Instruments erbjuder anpassade testl\u00f6sningar f\u00f6r att uppfylla specifika krav. Oavsett om du beh\u00f6ver testa unika material eller kr\u00e4ver specifika testf\u00f6rh\u00e5llanden kan vi skr\u00e4ddarsy v\u00e5r Film Free Shrink Tester f\u00f6r att m\u00f6ta dina behov.<\/p>\n<h2>VANLIGA FR\u00c5GOR<\/h2>\n<p><strong>F1: Vad \u00e4r syftet med det filmfria krympningstestet?<\/strong><\/p>\n<p>A: Det filmfria krympningstestet m\u00e4ter plastfilmernas krympningsegenskaper n\u00e4r de uts\u00e4tts f\u00f6r v\u00e4rme, vilket ger insikter i deras termiska beteende och l\u00e4mplighet f\u00f6r olika till\u00e4mpningar.<\/p>\n<p><strong>F2: Vilka typer av filmer kan testas med Film Free Shrink Tester?<\/strong><\/p>\n<p>A: Testaren \u00e4r l\u00e4mplig f\u00f6r ett brett spektrum av filmer, inklusive f\u00f6rpackningsmaterial, filmer f\u00f6r livsmedelsf\u00f6rpackningar, f\u00f6rpackningar f\u00f6r medicintekniska produkter, l\u00e4kemedelsf\u00f6rpackningar, sj\u00e4lvh\u00e4ftande filmer och textilier.<\/p>\n<p><strong>F3: Hur standardiserar ASTM D2732 filmkrympningstestet?<\/strong><\/p>\n<p>A: ASTM D2732 ger ett konsekvent ramverk f\u00f6r att utf\u00f6ra testet och specificerar provberedning, testf\u00f6rh\u00e5llanden och m\u00e4tprocedurer f\u00f6r att s\u00e4kerst\u00e4lla tillf\u00f6rlitliga och j\u00e4mf\u00f6rbara resultat.<\/p>\n<p><strong>Q4: Kan Film Free Shrink Tester anpassas f\u00f6r specifika behov?<\/strong><\/p>\n<p>S: Ja, Cell Instruments erbjuder anpassningsalternativ f\u00f6r att uppfylla specifika testkrav, inklusive skr\u00e4ddarsydda l\u00f6sningar och integrering med automatiserade system.<\/p>\n<h2>Relaterad artikel<\/h2>\n<p><a href=\"https:\/\/www.qualitester.com\/sv\/best-shrinkage-films-tester-astm-d2732\/\" target=\"_blank\" rel=\"noopener\">ASTM D2732 Testning av krympfilmer<\/a><\/p>\n<p><a href=\"https:\/\/www.qualitester.com\/sv\/film-shrinkage-tester-for-plastic-packaging\/\" target=\"_blank\" rel=\"noopener\">Filmkrympningstest f\u00f6r plastf\u00f6rpackningar<\/a><br \/>\n<a href=\"https:\/\/www.qualitester.com\/sv\/thermal-shrinkage-tester-for-plastic-film\/\" target=\"_blank\" rel=\"noopener\">Termisk krympningsprovare f\u00f6r plastfilm<\/a><br \/>\n<a href=\"https:\/\/www.qualitester.com\/sv\/film-heat-shrink-tester-for-plastic-film\/\" target=\"_blank\" rel=\"noopener\">Tester f\u00f6r v\u00e4rmekrympning av plastfilm<\/a><\/p>\n<h2>Referens<\/h2>\n<p><a href=\"https:\/\/www.astm.org\/d2732-14r20.html\" target=\"_blank\" rel=\"noopener nofollow\">ASTM D2732<\/a><\/p>","protected":false},"excerpt":{"rendered":"<p>Den <strong>Testare f\u00f6r filmfri krympning<\/strong> \u00e4r ett avancerat instrument som \u00e4r utformat f\u00f6r att m\u00e4ta krympningsegenskaperna hos plastfilmer n\u00e4r de uts\u00e4tts f\u00f6r v\u00e4rme. Denna enhet spelar en avg\u00f6rande roll f\u00f6r att s\u00e4kerst\u00e4lla kvaliteten och prestandan hos material inom olika branscher, inklusive f\u00f6rpackningar, livsmedel, medicin och l\u00e4kemedel. Genom att bed\u00f6ma v\u00e4rmekrympningen hos filmer kan tillverkare optimera sina produkter f\u00f6r h\u00e5llbarhet och effektivitet och uppfylla b\u00e5de industristandarder och konsumenternas f\u00f6rv\u00e4ntningar.<\/p>","protected":false},"featured_media":4264,"comment_status":"closed","ping_status":"closed","template":"","meta":{"site-sidebar-layout":"default","site-content-layout":"default","ast-global-header-display":"","ast-main-header-display":"","ast-hfb-above-header-display":"","ast-hfb-below-header-display":"","ast-hfb-mobile-header-display":"","site-post-title":"","ast-breadcrumbs-content":"","ast-featured-img":"","footer-sml-layout":"","theme-transparent-header-meta":"default","adv-header-id-meta":"","stick-header-meta":"","header-above-stick-meta":"","header-main-stick-meta":"","header-below-stick-meta":""},"product_cat":[1044,845,686,16,95],"product_tag":[60,61,117,62,63],"class_list":{"0":"post-1516","1":"product","2":"type-product","3":"status-publish","4":"has-post-thumbnail","6":"product_cat-astm-d2732","7":"product_cat-customization","8":"product_cat-shrink-tester","9":"product_cat-plastic-packaging-testers","10":"product_cat-products","11":"product_tag-astm-d2732","12":"product_tag-feel-shrink","13":"product_tag-film-free-shrink","14":"product_tag-shrink-force","15":"product_tag-shrink-rate","16":"desktop-align-left","17":"tablet-align-left","18":"mobile-align-left","20":"first","21":"instock","22":"featured","23":"downloadable","24":"shipping-taxable","25":"product-type-simple"},"_links":{"self":[{"href":"https:\/\/www.qualitester.com\/sv\/wp-json\/wp\/v2\/product\/1516","targetHints":{"allow":["GET"]}}],"collection":[{"href":"https:\/\/www.qualitester.com\/sv\/wp-json\/wp\/v2\/product"}],"about":[{"href":"https:\/\/www.qualitester.com\/sv\/wp-json\/wp\/v2\/types\/product"}],"replies":[{"embeddable":true,"href":"https:\/\/www.qualitester.com\/sv\/wp-json\/wp\/v2\/comments?post=1516"}],"version-history":[{"count":1,"href":"https:\/\/www.qualitester.com\/sv\/wp-json\/wp\/v2\/product\/1516\/revisions"}],"predecessor-version":[{"id":7943,"href":"https:\/\/www.qualitester.com\/sv\/wp-json\/wp\/v2\/product\/1516\/revisions\/7943"}],"wp:featuredmedia":[{"embeddable":true,"href":"https:\/\/www.qualitester.com\/sv\/wp-json\/wp\/v2\/media\/4264"}],"wp:attachment":[{"href":"https:\/\/www.qualitester.com\/sv\/wp-json\/wp\/v2\/media?parent=1516"}],"wp:term":[{"taxonomy":"product_cat","embeddable":true,"href":"https:\/\/www.qualitester.com\/sv\/wp-json\/wp\/v2\/product_cat?post=1516"},{"taxonomy":"product_tag","embeddable":true,"href":"https:\/\/www.qualitester.com\/sv\/wp-json\/wp\/v2\/product_tag?post=1516"}],"curies":[{"name":"wp","href":"https:\/\/api.w.org\/{rel}","templated":true}]}}