{"id":7834,"date":"2026-02-02T16:45:00","date_gmt":"2026-02-02T08:45:00","guid":{"rendered":"https:\/\/www.qualitester.com\/?page_id=7834"},"modified":"2026-02-02T16:51:38","modified_gmt":"2026-02-02T08:51:38","slug":"top-load-testing","status":"publish","type":"page","link":"https:\/\/www.qualitester.com\/sv\/applications\/top-load-testing\/","title":{"rendered":"Testning av toppbelastning"},"content":{"rendered":"<div class=\"flex flex-col text-sm pb-25\">\n<article class=\"text-token-text-primary w-full focus:outline-none [--shadow-height:45px] has-data-writing-block:pointer-events-none has-data-writing-block:-mt-(--shadow-height) has-data-writing-block:pt-(--shadow-height) [&amp;:has([data-writing-block])&gt;*]:pointer-events-auto [content-visibility:auto] supports-[content-visibility:auto]:[contain-intrinsic-size:auto_100lvh] scroll-mt-[calc(var(--header-height)+min(200px,max(70px,20svh)))]\" dir=\"auto\" tabindex=\"-1\" data-turn-id=\"d7b75f17-9e4e-4004-8f4f-814c25b35d1e\" data-testid=\"conversation-turn-2\" data-scroll-anchor=\"true\" data-turn=\"assistant\">\n<div class=\"text-base my-auto mx-auto pb-10 [--thread-content-margin:--spacing(4)] @w-sm\/main:[--thread-content-margin:--spacing(6)] @w-lg\/main:[--thread-content-margin:--spacing(16)] px-(--thread-content-margin)\">\n<div class=\"[--thread-content-max-width:40rem] @w-lg\/main:[--thread-content-max-width:48rem] mx-auto max-w-(--thread-content-max-width) flex-1 group\/turn-messages focus-visible:outline-hidden relative flex w-full min-w-0 flex-col agent-turn\" tabindex=\"-1\">\n<div class=\"flex max-w-full flex-col grow\">\n<div class=\"min-h-8 text-message relative flex w-full flex-col items-end gap-2 text-start break-words whitespace-normal [.text-message+&amp;]:mt-1\" dir=\"auto\" data-message-author-role=\"assistant\" data-message-id=\"a13fe465-3a08-4d45-8510-2c3fcd9cb70c\" data-message-model-slug=\"gpt-5-2\">\n<div class=\"flex w-full flex-col gap-1 empty:hidden first:pt-[1px]\">\n<div class=\"markdown prose dark:prose-invert w-full wrap-break-word light markdown-new-styling\">\n<h1 style=\"text-align: center;\" data-start=\"469\" data-end=\"949\">Provning av toppbelastning - vertikal belastning av flaska<\/h1>\n<p data-start=\"469\" data-end=\"949\"><strong data-start=\"469\" data-end=\"489\">Testning av toppbelastning<\/strong> \u00e4r en grundl\u00e4ggande mekanisk utv\u00e4rdering som anv\u00e4nds f\u00f6r att avg\u00f6ra hur en beh\u00e5llare motst\u00e5r tryckkraft som appliceras l\u00e4ngs dess vertikala axel. I f\u00f6rpackningsindustrier som dryckes-, l\u00e4kemedels-, livsmedels- och dagligvaruhandeln m\u00e5ste flaskor t\u00e5la staplingsbelastningar under fyllning, lagerh\u00e5llning, transport och exponering i butik. Otillr\u00e4cklig toppbelastningsstyrka leder ofta till deformation, l\u00e4ckage eller kollaps, vilket direkt p\u00e5verkar produkts\u00e4kerheten och varum\u00e4rkets trov\u00e4rdighet.<\/p>\n<p data-start=\"951\" data-end=\"1256\">Ur ett kvalitets- och designperspektiv kopplar topplastprovning samman materialval, beh\u00e5llargeometri och bearbetningsparametrar med prestanda i verkligheten.<\/p>\n<hr data-start=\"1258\" data-end=\"1261\" \/>\n<h3 data-start=\"1263\" data-end=\"1328\">Vertikalt belastningstest f\u00f6r flaskor: Testprincip och till\u00e4mpning<\/h3>\n<p data-start=\"1330\" data-end=\"1595\">A <strong data-start=\"1332\" data-end=\"1365\">vertikalt belastningstest f\u00f6r flaska<\/strong> p\u00e5f\u00f6r en tryckande kraft fr\u00e5n beh\u00e5llarens ovansida med en kontrollerad hastighet medan basen f\u00f6rblir st\u00f6dd. Provningen forts\u00e4tter tills en specificerad belastning uppn\u00e5s eller tills ett strukturellt fel uppst\u00e5r, beroende p\u00e5 provningens syfte.<\/p>\n<p data-start=\"1597\" data-end=\"1888\">Denna metod utv\u00e4rderar hur flaskan beter sig under axiell kompression. F\u00f6r glasbeh\u00e5llare fokuserar testet p\u00e5 motst\u00e5ndskraft mot extern vertikal kraft. F\u00f6r plastbeh\u00e5llare, t.ex. PET-flaskor, karakteriserar testet kolonnkrossningsbeteendet, inklusive flytlast, styvhet och deformation.<\/p>\n<p data-start=\"1890\" data-end=\"1924\">Viktiga applikationsscenarier inkluderar:<\/p>\n<ul>\n<li data-start=\"1928\" data-end=\"1977\">Bed\u00f6mning av staplingsbarhet f\u00f6r pallar och kartonger<\/li>\n<li data-start=\"1980\" data-end=\"2021\">J\u00e4mf\u00f6relse av flaskdesign under FoU<\/li>\n<li data-start=\"2024\" data-end=\"2072\">Rutinm\u00e4ssiga kvalitetskontroller i produktionslinjer<\/li>\n<li data-start=\"2075\" data-end=\"2146\">Verifiering av \u00f6verensst\u00e4mmelse med kund- eller myndighetsspecifikationer<\/li>\n<\/ul>\n<hr data-start=\"2148\" data-end=\"2151\" \/>\n<h3 data-start=\"2998\" data-end=\"3067\">Toppbelastningsprovare f\u00f6r PET-flaskor<\/h3>\n<p data-start=\"3069\" data-end=\"3288\">A <strong data-start=\"3071\" data-end=\"3106\">toppbelastningsprovare f\u00f6r PET-flaskor<\/strong> m\u00e5ste ta h\u00e4nsyn till termoplastiska materials duktila beteende. PET-beh\u00e5llare deformeras vanligtvis innan de g\u00e5r s\u00f6nder, vilket g\u00f6r att str\u00e4ckgr\u00e4ns och styvhet \u00e4r s\u00e4rskilt viktiga indikatorer.<\/p>\n<p data-start=\"3290\" data-end=\"3555\">Under testningen \u00e4r det viktigt att flaskaxeln \u00e4r korrekt inriktad och att ventilationen \u00e4r tillr\u00e4cklig. F\u00f6r\u00e4ndringar i det inre lufttrycket kan p\u00e5verka m\u00e4tresultaten och i extrema fall skapa s\u00e4kerhetsrisker. Kontrollerad avluftning f\u00f6rb\u00e4ttrar d\u00e4rf\u00f6r b\u00e5de noggrannheten och operat\u00f6rens s\u00e4kerhet.<\/p>\n<p data-start=\"3557\" data-end=\"3603\">Test av toppbelastning p\u00e5 PET-flaskor anv\u00e4nds ofta f\u00f6r att:<\/p>\n<ul>\n<li data-start=\"3607\" data-end=\"3644\">Optimera designen av l\u00e4ttviktsflaskor<\/li>\n<li data-start=\"3647\" data-end=\"3694\">J\u00e4mf\u00f6r hartskvaliteter eller bearbetningsf\u00f6rh\u00e5llanden<\/li>\n<li data-start=\"3697\" data-end=\"3744\">\u00d6vervaka enhetligheten mellan olika produktionsbatcher<\/li>\n<\/ul>\n<hr data-start=\"3746\" data-end=\"3749\" \/>\n<h3 data-start=\"3751\" data-end=\"3812\">ASTM D2659: Kolonnkrossningsegenskaper hos plastbeh\u00e5llare<\/h3>\n<p data-start=\"3814\" data-end=\"4054\"><strong data-start=\"3814\" data-end=\"3828\">ASTM D2659<\/strong> definierar ett standardiserat tillv\u00e4gag\u00e5ngss\u00e4tt f\u00f6r att m\u00e4ta pelarkrockegenskaper hos bl\u00e5sta termoplastbeh\u00e5llare. Metoden specificerar konstanta tryckb\u00f6jningshastigheter och betonar f\u00f6rh\u00e5llandet mellan belastning och deformation.<\/p>\n<p data-start=\"4056\" data-end=\"4351\">Standarden belyser flera viktiga resultat, bland annat <em><span style=\"text-decoration: underline;\"><strong>krosst\u00f6jningslast, nedb\u00f6jning vid krosst\u00f6jning och skenbar krosstyvhet<\/strong><\/span><\/em>. Det klarg\u00f6rs ocks\u00e5 att testdata representerar beteende under definierade f\u00f6rh\u00e5llanden och b\u00f6r tolkas noggrant n\u00e4r de till\u00e4mpas p\u00e5 olika belastningsscenarier.<\/p>\n<hr data-start=\"4517\" data-end=\"4520\" \/>\n<h3 data-start=\"4522\" data-end=\"4580\">ISO 8113: Vertikal belastningsresistans f\u00f6r glasbeh\u00e5llare<\/h3>\n<p data-start=\"4582\" data-end=\"4776\"><strong data-start=\"4582\" data-end=\"4594\">ISO 8113<\/strong> fokuserar p\u00e5 glasbeh\u00e5llares motst\u00e5ndskraft mot vertikala yttre krafter. Metoden specificerar procedurer f\u00f6r provkonditionering, uppriktning och belastning f\u00f6r att s\u00e4kerst\u00e4lla tillf\u00f6rlitlig utv\u00e4rdering.<\/p>\n<p data-start=\"4778\" data-end=\"4996\">Standarden till\u00e5ter b\u00e5de genomg\u00e5ngstester vid en specificerad kraft och progressiva tester fram till brott. Kontrollerade belastningshastigheter och korrekt anv\u00e4ndning av kuddar eller f\u00f6rslutningar bidrar till att minska variabiliteten och simulerar verkliga f\u00f6rpackningsf\u00f6rh\u00e5llanden.<\/p>\n<hr data-start=\"5598\" data-end=\"5601\" \/>\n<h3 data-start=\"2153\" data-end=\"2214\">Toppbelastningsprovare f\u00f6r flaskor: Utrustning och viktiga parametrar<\/h3>\n<p><img fetchpriority=\"high\" decoding=\"async\" class=\"size-medium wp-image-7835 alignleft\" src=\"https:\/\/www.qualitester.com\/wp-content\/uploads\/2026\/02\/Top-Load-Testing-Bottle-Vertical-Load-ASTM-D2659-ISO-8113-300x300.webp\" alt=\"Provning av toppbelastning Flaska Vertikal belastning ASTM D2659 ISO 8113\" width=\"300\" height=\"300\" srcset=\"https:\/\/www.qualitester.com\/wp-content\/uploads\/2026\/02\/Top-Load-Testing-Bottle-Vertical-Load-ASTM-D2659-ISO-8113-300x300.webp 300w, https:\/\/www.qualitester.com\/wp-content\/uploads\/2026\/02\/Top-Load-Testing-Bottle-Vertical-Load-ASTM-D2659-ISO-8113-150x150.webp 150w, https:\/\/www.qualitester.com\/wp-content\/uploads\/2026\/02\/Top-Load-Testing-Bottle-Vertical-Load-ASTM-D2659-ISO-8113-12x12.webp 12w, https:\/\/www.qualitester.com\/wp-content\/uploads\/2026\/02\/Top-Load-Testing-Bottle-Vertical-Load-ASTM-D2659-ISO-8113-100x100.webp 100w, https:\/\/www.qualitester.com\/wp-content\/uploads\/2026\/02\/Top-Load-Testing-Bottle-Vertical-Load-ASTM-D2659-ISO-8113.webp 600w\" sizes=\"(max-width: 300px) 100vw, 300px\" \/><\/p>\n<p data-start=\"2216\" data-end=\"2462\">A <strong data-start=\"2218\" data-end=\"2249\">toppbelastningsprovare f\u00f6r flaskor<\/strong> ger kontrollerad kraftapplicering, noggrann m\u00e4tning av f\u00f6rskjutning och repeterbara testf\u00f6rh\u00e5llanden. Moderna system anv\u00e4nder servo- eller PLC-baserad styrning f\u00f6r att uppr\u00e4tth\u00e5lla konstant testhastighet och s\u00e4kerst\u00e4lla tillf\u00f6rlitliga data.<\/p>\n<p data-start=\"2464\" data-end=\"2503\">Typiska prestandaparametrar inkluderar:<\/p>\n<ul>\n<li data-start=\"2507\" data-end=\"2597\"><strong data-start=\"2507\" data-end=\"2522\">Kraftomr\u00e5de<\/strong> anpassad f\u00f6r l\u00e4tta plastflaskor eller h\u00f6gh\u00e5llfasta glasbeh\u00e5llare<\/li>\n<li data-start=\"2600\" data-end=\"2654\"><strong data-start=\"2600\" data-end=\"2622\">Kontroll av testhastighet<\/strong> f\u00f6r att uppfylla standardkrav<\/li>\n<li data-start=\"2657\" data-end=\"2724\"><strong data-start=\"2657\" data-end=\"2689\">H\u00f6g f\u00f6rskjutningsuppl\u00f6sning<\/strong> f\u00f6r exakt deformationsanalys<\/li>\n<li data-start=\"2727\" data-end=\"2783\"><strong data-start=\"2727\" data-end=\"2750\">Digital datautg\u00e5ng<\/strong> f\u00f6r sp\u00e5rbarhet och rapportering<\/li>\n<\/ul>\n<p data-start=\"2785\" data-end=\"2991\">Cell Instruments l\u00f6sningar f\u00f6r testning av toppbelastning har till exempel st\u00f6d f\u00f6r breda kraftomr\u00e5den, justerbara hastigheter och valfria datagr\u00e4nssnitt, vilket g\u00f6r att laboratorierna kan anpassa ett system till flera olika beh\u00e5llarformat.<\/p>\n<\/div>\n<\/div>\n<\/div>\n<\/div>\n<\/div>\n<\/div>\n<\/article>\n<\/div>","protected":false},"excerpt":{"rendered":"<p>Toppbelastningsprovning - flaskans vertikala belastning Toppbelastningsprovning \u00e4r en grundl\u00e4ggande mekanisk utv\u00e4rdering som anv\u00e4nds f\u00f6r att best\u00e4mma hur en beh\u00e5llare motst\u00e5r tryckkraft som appliceras l\u00e4ngs dess vertikala axel. I f\u00f6rpackningsindustrier som drycker, l\u00e4kemedel, livsmedel och dagliga kemikalier m\u00e5ste flaskor t\u00e5la staplingsbelastningar under fyllning, lagerh\u00e5llning, transport och detaljhandelsdisplay. Otillr\u00e4cklig toppbelastning ...<\/p>\n<p class=\"read-more\"> <a class=\"\" href=\"https:\/\/www.qualitester.com\/sv\/applications\/top-load-testing\/\"> <span class=\"screen-reader-text\">Testning av toppbelastning<\/span> L\u00e4s mer \"<\/a><\/p>","protected":false},"author":4,"featured_media":7835,"parent":6794,"menu_order":0,"comment_status":"closed","ping_status":"closed","template":"","meta":{"site-sidebar-layout":"default","site-content-layout":"default","ast-global-header-display":"","ast-main-header-display":"disabled","ast-hfb-above-header-display":"","ast-hfb-below-header-display":"","ast-hfb-mobile-header-display":"disabled","site-post-title":"","ast-breadcrumbs-content":"","ast-featured-img":"disabled","footer-sml-layout":"","theme-transparent-header-meta":"default","adv-header-id-meta":"","stick-header-meta":"","header-above-stick-meta":"","header-main-stick-meta":"","header-below-stick-meta":"","footnotes":""},"class_list":["post-7834","page","type-page","status-publish","has-post-thumbnail","hentry"],"_links":{"self":[{"href":"https:\/\/www.qualitester.com\/sv\/wp-json\/wp\/v2\/pages\/7834","targetHints":{"allow":["GET"]}}],"collection":[{"href":"https:\/\/www.qualitester.com\/sv\/wp-json\/wp\/v2\/pages"}],"about":[{"href":"https:\/\/www.qualitester.com\/sv\/wp-json\/wp\/v2\/types\/page"}],"author":[{"embeddable":true,"href":"https:\/\/www.qualitester.com\/sv\/wp-json\/wp\/v2\/users\/4"}],"replies":[{"embeddable":true,"href":"https:\/\/www.qualitester.com\/sv\/wp-json\/wp\/v2\/comments?post=7834"}],"version-history":[{"count":0,"href":"https:\/\/www.qualitester.com\/sv\/wp-json\/wp\/v2\/pages\/7834\/revisions"}],"up":[{"embeddable":true,"href":"https:\/\/www.qualitester.com\/sv\/wp-json\/wp\/v2\/pages\/6794"}],"wp:featuredmedia":[{"embeddable":true,"href":"https:\/\/www.qualitester.com\/sv\/wp-json\/wp\/v2\/media\/7835"}],"wp:attachment":[{"href":"https:\/\/www.qualitester.com\/sv\/wp-json\/wp\/v2\/media?parent=7834"}],"curies":[{"name":"wp","href":"https:\/\/api.w.org\/{rel}","templated":true}]}}