{"id":7735,"date":"2025-12-24T14:52:47","date_gmt":"2025-12-24T06:52:47","guid":{"rendered":"https:\/\/www.qualitester.com\/?page_id=7735"},"modified":"2025-12-24T14:52:47","modified_gmt":"2025-12-24T06:52:47","slug":"geomembrane-peel-and-shear-testing-method","status":"publish","type":"page","link":"https:\/\/www.qualitester.com\/sv\/applications\/geomembrane-peel-and-shear-testing-method\/","title":{"rendered":"Testmetod f\u00f6r avskalning och skjuvning av geomembran"},"content":{"rendered":"<h1 style=\"text-align: center;\">Testmetod f\u00f6r avskalning och skjuvning av geomembran<\/h1>\n<h1 style=\"text-align: center;\">ASTM D6392<\/h1>\n<h2>Inledning<\/h2>\n<p data-start=\"464\" data-end=\"868\">Den <strong data-start=\"468\" data-end=\"513\">Testmetod f\u00f6r skalning och skjuvning av geomembran<\/strong> \u00e4r avg\u00f6rande f\u00f6r att s\u00e4kerst\u00e4lla integriteten hos s\u00f6mmarna i geomembraner, som ofta anv\u00e4nds som barri\u00e4rer i milj\u00f6till\u00e4mpningar som t.ex. deponier och vattenuppsamlingssystem. De <strong data-start=\"701\" data-end=\"715\">ASTM D6392<\/strong> standarden ger ett systematiskt f\u00f6rfarande f\u00f6r att bed\u00f6ma kvaliteten och h\u00e5llbarheten hos dessa s\u00f6mmar, s\u00e4rskilt de som tillverkas med hj\u00e4lp av termofusionsmetoder.<\/p>\n<p data-start=\"870\" data-end=\"1098\">I den h\u00e4r artikeln kommer vi att utforska de metoder f\u00f6r skal- och skjuvprovning som beskrivs i <a href=\"https:\/\/www.qualitester.com\/sv\/standards\/astm-d6392\/\" target=\"_blank\" rel=\"noopener\">ASTM D6392<\/a>, med fokus p\u00e5 procedurerna, de testade materialen och vikten av dessa tester f\u00f6r att uppr\u00e4tth\u00e5lla geomembranens strukturella integritet.<\/p>\n<hr \/>\n<h2>ASTM D6392: Den grundl\u00e4ggande standarden f\u00f6r geomembranfogars integritet<\/h2>\n<p data-start=\"1171\" data-end=\"1463\"><strong data-start=\"1171\" data-end=\"1185\">ASTM D6392<\/strong> \u00e4r den definitiva standarden f\u00f6r provning av integriteten hos geomembrans\u00f6mmar som tillverkas med termofusionsmetoder. Testet utv\u00e4rderar <strong data-start=\"1318\" data-end=\"1336\">skjuvh\u00e5llfasthet<\/strong> och <strong data-start=\"1341\" data-end=\"1358\">Skalh\u00e5llfasthet<\/strong> av skarvar i oarmerade geomembran, som ofta anv\u00e4nds i en m\u00e4ngd olika industriella till\u00e4mpningar.<\/p>\n<p data-start=\"1465\" data-end=\"1543\">Denna standard omfattar tre prim\u00e4ra metoder f\u00f6r att skapa skarvar i geomembran:<\/p>\n<ol>\n<li data-start=\"1547\" data-end=\"1640\"><strong data-start=\"1547\" data-end=\"1566\">Varmluftss\u00f6mnad<\/strong> - Luft med h\u00f6g temperatur anv\u00e4nds f\u00f6r att sm\u00e4lta samman geomembranytorna.<\/li>\n<li data-start=\"1644\" data-end=\"1718\"><strong data-start=\"1644\" data-end=\"1665\">S\u00f6mnad med varm kil<\/strong> - En het metallkil sm\u00e4lter ytorna f\u00f6r att f\u00e4sta dem.<\/li>\n<li data-start=\"1722\" data-end=\"1828\"><strong data-start=\"1722\" data-end=\"1743\">Falsning av extrudering<\/strong> - Sm\u00e4lt harts extruderas mellan tv\u00e5 geomembranplattor f\u00f6r att bilda en kontinuerlig bindning.<\/li>\n<\/ol>\n<p data-start=\"1830\" data-end=\"1969\">De testmetoder som beskrivs i ASTM D6392 bed\u00f6mer <strong data-start=\"1882\" data-end=\"1891\">skjuvning<\/strong> och <strong data-start=\"1896\" data-end=\"1913\">Skalh\u00e5llfasthet<\/strong> av dessa s\u00f6mmar f\u00f6r att s\u00e4kerst\u00e4lla deras h\u00e5llbarhet under stress.<\/p>\n<hr \/>\n<h2>Testning med skal: Bed\u00f6mning av bindningsstyrka i geomembranfogar<\/h2>\n<p data-start=\"2040\" data-end=\"2295\">Skalprovning \u00e4r ett destruktivt test som avg\u00f6r hur v\u00e4l geomembranets s\u00f6mmar f\u00e4ster vid varandra. Under <strong data-start=\"2153\" data-end=\"2166\">Skalprov<\/strong>, uts\u00e4tts en provkropp f\u00f6r en 90\u00b0 vinkelskalning, vilket simulerar den separationskraft som kan uppst\u00e5 under verkliga f\u00f6rh\u00e5llanden.<\/p>\n<p data-start=\"2297\" data-end=\"2602\">F\u00f6r detta test sk\u00e4rs fem provbitar ut fr\u00e5n geomembranprovet, vilket s\u00e4kerst\u00e4ller att de \u00e4r korrekt konditionerade under standardf\u00f6rh\u00e5llanden (21 \u00b1 2\u00b0C och 50-70% relativ luftfuktighet). Testet m\u00e4ter hur mycket kraft som kr\u00e4vs f\u00f6r att dra is\u00e4r de tv\u00e5 geomembranlagren, vilket direkt \u00e5terspeglar skarvens kvalitet.<\/p>\n<p data-start=\"2604\" data-end=\"2784\"><strong data-start=\"2604\" data-end=\"2618\">ASTM D6392<\/strong> specificerar testhastigheten och den n\u00f6dv\u00e4ndiga utrustningen, vilket s\u00e4kerst\u00e4ller att konsekventa resultat uppn\u00e5s f\u00f6r olika material, t.ex. <strong data-start=\"2751\" data-end=\"2759\">HDPE<\/strong>, <strong data-start=\"2761\" data-end=\"2770\">LLDPE<\/strong>, och <strong data-start=\"2776\" data-end=\"2783\">PVC<\/strong>.<\/p>\n<hr \/>\n<h2>Provning av skjuvning: M\u00e4tning av kraftmotst\u00e5nd i geomembrans\u00f6mmar<\/h2>\n<p data-start=\"2862\" data-end=\"3248\">Den <strong data-start=\"2866\" data-end=\"2880\">skjuvprov<\/strong> anv\u00e4nds f\u00f6r att m\u00e4ta s\u00f6mmens f\u00f6rm\u00e5ga att motst\u00e5 separation n\u00e4r den uts\u00e4tts f\u00f6r sidosp\u00e4nning. Detta test \u00e4r s\u00e4rskilt viktigt f\u00f6r geomembran som anv\u00e4nds i applikationer d\u00e4r de kommer att uts\u00e4ttas f\u00f6r skjuvkrafter. Under skjuvprovet dras provkroppen is\u00e4r med en konstant tv\u00e4rsnittshastighet och den t\u00f6jning och kraft som kr\u00e4vs f\u00f6r att sprida sprickan registreras.<\/p>\n<p data-start=\"3250\" data-end=\"3602\">Skjuvh\u00e5llfasthetstestet s\u00e4kerst\u00e4ller att skarvarna kan motst\u00e5 krafter som verkar parallellt med skarven, vilket ofta \u00e4r den typ av p\u00e5frestning som f\u00f6rekommer i deponier eller vatteninneslutningssystem. Skjuvprovet utf\u00f6rs under samma milj\u00f6f\u00f6rh\u00e5llanden som skalprovet, och <strong data-start=\"3525\" data-end=\"3543\">skjuvh\u00e5llfasthet<\/strong> m\u00e4ts i f\u00f6rh\u00e5llande till materialets t\u00f6jning.<\/p>\n<p data-start=\"3250\" data-end=\"3602\"><strong data-start=\"3604\" data-end=\"3618\">ASTM D6392<\/strong> tillhandah\u00e5ller f\u00f6rfarandet f\u00f6r b\u00e5de <strong data-start=\"3651\" data-end=\"3687\">polyeten med h\u00f6g densitet (HDPE)<\/strong> och <strong data-start=\"3692\" data-end=\"3717\">material med l\u00e5g densitet<\/strong> som <strong data-start=\"3723\" data-end=\"3730\">PVC<\/strong> och <strong data-start=\"3735\" data-end=\"3744\">LLDPE<\/strong>, med specifika testhastigheter f\u00f6r olika geomembranmaterial.<\/p>\n<hr \/>\n<h2><\/h2>\n<h2>Varf\u00f6r \u00e4r geomembranens skarvintegritet avg\u00f6rande f\u00f6r milj\u00f6skyddet?<\/h2>\n<p data-start=\"3892\" data-end=\"4138\">Den <strong data-start=\"3896\" data-end=\"3930\">Integriteten hos geomembranets s\u00f6mmar<\/strong> spelar en avg\u00f6rande roll f\u00f6r att f\u00f6rhindra migration av v\u00e4tskor eller gaser \u00f6ver barri\u00e4ren. Felaktiga eller svaga s\u00f6mmar kan leda till fel och \u00e4ventyra effektiviteten hos geomembraner i till\u00e4mpningar som t.ex:<\/p>\n<ul>\n<li data-start=\"4141\" data-end=\"4156\">Linjering av deponier<\/li>\n<li data-start=\"4159\" data-end=\"4184\">Liners f\u00f6r dammar och reservoarer<\/li>\n<li data-start=\"4187\" data-end=\"4215\">Gruvdrift och avfallshantering<\/li>\n<li data-start=\"4218\" data-end=\"4252\">Akvatiska och milj\u00f6m\u00e4ssiga hinder<\/li>\n<\/ul>\n<p data-start=\"4254\" data-end=\"4550\">Genom att anv\u00e4nda <strong data-start=\"4267\" data-end=\"4312\">provningsmetod f\u00f6r skalning och skjuvning av geomembran<\/strong>, P\u00e5 s\u00e5 s\u00e4tt kan tillverkarna s\u00e4kerst\u00e4lla att deras produkter uppfyller de krav som st\u00e4lls p\u00e5 kvalitet och h\u00e5llbarhet. Det ger ocks\u00e5 data som kan anv\u00e4ndas f\u00f6r att ta itu med problem tidigt i konstruktionsfasen, vilket minskar risken f\u00f6r att fogen g\u00e5r s\u00f6nder under drift.<\/p>\n<hr \/>\n<h2>Betydelsen av ASTM D6392 f\u00f6r kvalitetss\u00e4kring<\/h2>\n<p data-start=\"4613\" data-end=\"4959\">F\u00f6r tillverkare och ingenj\u00f6rer inom kvalitetskontroll, <strong data-start=\"4662\" data-end=\"4676\">ASTM D6392<\/strong> erbjuder en tillf\u00f6rlitlig metod f\u00f6r att utv\u00e4rdera prestanda hos geomembrans\u00f6mmar. Den s\u00e4kerst\u00e4ller att fogar som skapas med hj\u00e4lp av termofusionsmetoder uppfyller n\u00f6dv\u00e4ndiga krav p\u00e5 styrka och h\u00e5llbarhet, vilket i slut\u00e4ndan f\u00f6rhindrar fel som kan leda till kostsamma reparationer och milj\u00f6skador.<\/p>\n<p data-start=\"4961\" data-end=\"5223\">Testresultaten fr\u00e5n <strong data-start=\"4983\" data-end=\"5009\">provning av skalning och skjuvning<\/strong> tillhandah\u00e5lla kritiska data som hj\u00e4lper ingenj\u00f6rer att fatta v\u00e4lgrundade beslut om materialens l\u00e4mplighet f\u00f6r specifika till\u00e4mpningar, vilket garanterar geomembranens l\u00e5ngsiktiga effektivitet i deras roll som barri\u00e4rer.<\/p>\n<hr \/>\n<h2>Slutsats<\/h2>\n<p data-start=\"5246\" data-end=\"5694\">Sammanfattningsvis kan s\u00e4gas att <strong data-start=\"5265\" data-end=\"5310\">provningsmetod f\u00f6r skalning och skjuvning av geomembran<\/strong> beskrivna i <strong data-start=\"5323\" data-end=\"5337\">ASTM D6392<\/strong> \u00e4r avg\u00f6rande f\u00f6r att s\u00e4kerst\u00e4lla integriteten hos s\u00f6mmar i icke-f\u00f6rst\u00e4rkta geomembran. Genom att bed\u00f6ma <strong data-start=\"5427\" data-end=\"5444\">Skalh\u00e5llfasthet<\/strong> och <strong data-start=\"5449\" data-end=\"5469\">skjuvmotst\u00e5nd<\/strong>, Med hj\u00e4lp av detta test kan tillverkare och kvalitetskontrollanter s\u00e4kerst\u00e4lla att geomembranen kan motst\u00e5 milj\u00f6p\u00e5frestningar, vilket garanterar deras l\u00e5ngsiktiga effektivitet i applikationer f\u00f6r inneslutning och skydd.<\/p>\n<p data-start=\"5696\" data-end=\"5994\">F\u00f6r korrekt och tillf\u00f6rlitlig provning av geomembrans\u00f6mmar, anv\u00e4nd l\u00e4mplig <a href=\"https:\/\/www.qualitester.com\/sv\/produkt-2\/tst-01-universal-testing-machine\/\" target=\"_blank\" rel=\"noopener\"><strong data-start=\"5774\" data-end=\"5792\">dragprovare<\/strong><\/a> och att h\u00e5lla sig till <strong data-start=\"5809\" data-end=\"5823\">ASTM D6392<\/strong> \u00e4r avg\u00f6rande. Cell Instruments tillhandah\u00e5ller h\u00f6gkvalitativ testutrustning som uppfyller dessa standarder och erbjuder verktyg f\u00f6r exakt testning av tyg- och geomembranmaterial.<\/p>\n<hr \/>\n<h2 data-start=\"5696\" data-end=\"5994\">VANLIGA FR\u00c5GOR<\/h2>\n<p data-start=\"91\" data-end=\"190\"><strong data-start=\"91\" data-end=\"190\">F1: Vad \u00e4r syftet med testmetoden f\u00f6r avskalning och skjuvning av geomembran i ASTM D6392?<\/strong><\/p>\n<p data-start=\"192\" data-end=\"703\"><strong data-start=\"192\" data-end=\"199\">A1:<\/strong> Syftet med <strong data-start=\"219\" data-end=\"264\">Testmetod f\u00f6r avskalning och skjuvning av geomembran<\/strong> i <strong data-start=\"268\" data-end=\"282\">ASTM D6392<\/strong> \u00e4r att best\u00e4mma integriteten hos geomembrans\u00f6mmar som tillverkas med termofusionsmetoder. Detta test s\u00e4kerst\u00e4ller kvaliteten och h\u00e5llbarheten hos icke-armerade geomembrans\u00f6mmar, genom att utv\u00e4rdera deras <strong data-start=\"467\" data-end=\"484\">Skalh\u00e5llfasthet<\/strong> och <strong data-start=\"489\" data-end=\"509\">skjuvmotst\u00e5nd<\/strong>. Genom att utf\u00f6ra dessa tester kan tillverkarna s\u00e4kerst\u00e4lla att geomembrans\u00f6mmarna fungerar effektivt i sina avsedda applikationer, t.ex. i deponier eller vattenuppsamlingssystem.<\/p>\n<hr data-start=\"705\" data-end=\"708\" \/>\n<p data-start=\"710\" data-end=\"783\"><strong data-start=\"710\" data-end=\"783\">F2: Vilka \u00e4r de tv\u00e5 prim\u00e4ra testmetoderna som ing\u00e5r i ASTM D6392?<\/strong><\/p>\n<p data-start=\"785\" data-end=\"895\"><strong data-start=\"785\" data-end=\"792\">A2:<\/strong> De tv\u00e5 prim\u00e4ra testmetoder som anv\u00e4nds i <strong data-start=\"834\" data-end=\"848\">ASTM D6392<\/strong> \u00e4r <strong data-start=\"857\" data-end=\"870\">Skalprov<\/strong> och <strong data-start=\"879\" data-end=\"893\">skjuvprov<\/strong>.<\/p>\n<ul>\n<li data-start=\"899\" data-end=\"998\"><strong data-start=\"899\" data-end=\"913\">Peel-test:<\/strong> M\u00e4ter den kraft som kr\u00e4vs f\u00f6r att dra is\u00e4r tv\u00e5 geomembranytor som \u00e4r sammanfogade med en skarv.<\/li>\n<li data-start=\"999\" data-end=\"1140\">\n<p data-start=\"1001\" data-end=\"1140\"><strong data-start=\"1001\" data-end=\"1016\">Skjuvprov:<\/strong> M\u00e4ter s\u00f6mmens motst\u00e5ndskraft mot sidokrafter, vilket s\u00e4kerst\u00e4ller att geomembranet kan motst\u00e5 skjuvsp\u00e4nning utan att g\u00e5 s\u00f6nder.<\/p>\n<\/li>\n<\/ul>\n<p data-start=\"1142\" data-end=\"1256\">B\u00e5da testerna \u00e4r avg\u00f6rande f\u00f6r att utv\u00e4rdera geomembranens t\u00e4thet och prestanda under verkliga f\u00f6rh\u00e5llanden.<\/p>\n<hr data-start=\"1258\" data-end=\"1261\" \/>\n<p data-start=\"1263\" data-end=\"1340\"><strong data-start=\"1263\" data-end=\"1340\">F3: Vilka material omfattas av ASTM D6392 f\u00f6r testning av geomembran?<\/strong><\/p>\n<p data-start=\"1342\" data-end=\"1431\"><strong data-start=\"1342\" data-end=\"1349\">A3:<\/strong> <strong data-start=\"1350\" data-end=\"1364\">ASTM D6392<\/strong> g\u00e4ller f\u00f6r icke f\u00f6rst\u00e4rkta geomembran tillverkade av material som t.ex:<\/p>\n<ul>\n<li data-start=\"1434\" data-end=\"1475\"><strong data-start=\"1434\" data-end=\"1475\">Polyeten med mycket l\u00e5g densitet (VLDPE)<\/strong><\/li>\n<li data-start=\"1478\" data-end=\"1521\"><strong data-start=\"1478\" data-end=\"1521\">Linj\u00e4r polyeten med l\u00e5g densitet (LLDPE)<\/strong><\/li>\n<li data-start=\"1524\" data-end=\"1560\"><strong data-start=\"1524\" data-end=\"1560\">Polyeten med h\u00f6g densitet (HDPE)<\/strong><\/li>\n<li data-start=\"1563\" data-end=\"1591\"><strong data-start=\"1563\" data-end=\"1591\">Polyvinylklorid (PVC)<\/strong><\/li>\n<li data-start=\"1594\" data-end=\"1626\"><strong data-start=\"1594\" data-end=\"1626\">Flexibel polypropylen (fPP)<\/strong><\/li>\n<li data-start=\"1629\" data-end=\"1675\"><strong data-start=\"1629\" data-end=\"1675\">Linj\u00e4r polyeten med medelh\u00f6g densitet (LMDPE)<\/strong><\/li>\n<li data-start=\"1678\" data-end=\"1715\"><strong data-start=\"1678\" data-end=\"1715\">Mycket flexibel polyeten (VFPE)<\/strong><\/li>\n<\/ul>\n<p data-start=\"1717\" data-end=\"1837\">Dessa material testas vanligtvis f\u00f6r sin s\u00f6mintegritet med hj\u00e4lp av <strong data-start=\"1784\" data-end=\"1808\">skal- och skjuvprov<\/strong> enligt vad som anges i standarden.<\/p>\n<hr data-start=\"1839\" data-end=\"1842\" \/>\n<p data-start=\"1844\" data-end=\"1924\"><strong data-start=\"1844\" data-end=\"1924\">F4: Vad \u00e4r betydelsen av skjuvh\u00e5llfasthetsprovning f\u00f6r geomembran?<\/strong><\/p>\n<p data-start=\"1926\" data-end=\"2440\"><strong data-start=\"1926\" data-end=\"1933\">A4:<\/strong> <strong data-start=\"1934\" data-end=\"1952\">Skjuvh\u00e5llfasthet<\/strong> Testning av geomembran \u00e4r viktigt eftersom det utv\u00e4rderar hur v\u00e4l geomembranets s\u00f6mmar kan motst\u00e5 sidokrafter, vilket \u00e4r vanligt f\u00f6rekommande i applikationer som deponit\u00e4ckning, dammt\u00e4ckning eller vattenuppsamlingssystem. Genom att m\u00e4ta <strong data-start=\"2204\" data-end=\"2224\">skjuvmotst\u00e5nd<\/strong>, kan ingenj\u00f6rer bed\u00f6ma om geomembranet kan uppr\u00e4tth\u00e5lla sin barri\u00e4rfunktion och f\u00f6rhindra fel under drift. Detta s\u00e4kerst\u00e4ller geomembranets livsl\u00e4ngd och tillf\u00f6rlitlighet i utmanande milj\u00f6f\u00f6rh\u00e5llanden.<\/p>\n<hr data-start=\"2442\" data-end=\"2445\" \/>\n<p data-start=\"2447\" data-end=\"2516\"><strong data-start=\"2447\" data-end=\"2516\">F5: Hur utf\u00f6rs skalprover enligt ASTM D6392?<\/strong><\/p>\n<p data-start=\"2518\" data-end=\"2985\"><strong data-start=\"2518\" data-end=\"2525\">A5:<\/strong> Den <strong data-start=\"2530\" data-end=\"2543\">Skalprov<\/strong> enligt <strong data-start=\"2557\" data-end=\"2571\">ASTM D6392<\/strong> utf\u00f6rs genom att geomembranprovet uts\u00e4tts f\u00f6r en 90\u00b0 skalning. Provkroppen greppas p\u00e5 b\u00e5da sidor om skarven och en konstant hastighet p\u00e5 tv\u00e4rbalken anv\u00e4nds f\u00f6r att skala is\u00e4r de tv\u00e5 sammanfogade geomembranytorna. Den kraft som kr\u00e4vs f\u00f6r avskiljningen registreras och testet forts\u00e4tter tills provkroppen brister. Detta test hj\u00e4lper till att best\u00e4mma <strong data-start=\"2909\" data-end=\"2926\">Skalh\u00e5llfasthet<\/strong> av s\u00f6mmen och bed\u00f6mer dess f\u00f6rm\u00e5ga att motst\u00e5 separation.<\/p>\n<hr data-start=\"2987\" data-end=\"2990\" \/>\n<p data-start=\"2992\" data-end=\"3077\"><strong data-start=\"2992\" data-end=\"3077\">F6: Varf\u00f6r \u00e4r geomembranets skjuvtest viktigt vid utv\u00e4rdering av s\u00f6mmens integritet?<\/strong><\/p>\n<p data-start=\"3079\" data-end=\"3624\"><strong data-start=\"3079\" data-end=\"3086\">A6:<\/strong> Den <strong data-start=\"3091\" data-end=\"3117\">skjuvprov f\u00f6r geomembran<\/strong> \u00e4r viktig eftersom den m\u00e4ter geomembrans\u00f6mmens motst\u00e5ndskraft mot krafter som appliceras parallellt med bindningen. Detta \u00e4r avg\u00f6rande eftersom geomembran ofta uts\u00e4tts f\u00f6r sidosp\u00e4nningar i sina till\u00e4mpningar, t.ex. i inneslutningssystem. En skarv som klarar skjuvkrafter ger en starkare barri\u00e4r mot l\u00e4ckage och brott. Den <strong data-start=\"3467\" data-end=\"3485\">skjuvh\u00e5llfasthet<\/strong> Testet \u00e4r viktigt f\u00f6r att bed\u00f6ma hur v\u00e4l fogen h\u00e5ller f\u00f6r p\u00e5frestningar, vilket s\u00e4kerst\u00e4ller att geomembranet f\u00f6rblir intakt och funktionellt \u00f6ver tid.<\/p>\n<hr data-start=\"3626\" data-end=\"3629\" \/>\n<p data-start=\"3631\" data-end=\"3735\"><strong data-start=\"3631\" data-end=\"3735\">F7: Vilka \u00e4r de viktigaste materialen som testas med ASTM D6392 och vilka \u00e4r deras typiska till\u00e4mpningar?<\/strong><\/p>\n<p data-start=\"3737\" data-end=\"3957\"><strong data-start=\"3737\" data-end=\"3744\">A7:<\/strong> De prim\u00e4ra material som testades med hj\u00e4lp av <strong data-start=\"3780\" data-end=\"3794\">ASTM D6392<\/strong> inkludera <strong data-start=\"3803\" data-end=\"3811\">HDPE<\/strong>, <strong data-start=\"3813\" data-end=\"3822\">LLDPE<\/strong>, <strong data-start=\"3824\" data-end=\"3831\">PVC<\/strong>, <strong data-start=\"3833\" data-end=\"3840\">fPP<\/strong>, och <strong data-start=\"3846\" data-end=\"3855\">VLDPE<\/strong>. Dessa material anv\u00e4nds vanligtvis vid byggandet av <strong data-start=\"3915\" data-end=\"3931\">geomembran<\/strong> f\u00f6r applikationer som t.ex:<\/p>\n<ul>\n<li data-start=\"3960\" data-end=\"4009\"><strong data-start=\"3960\" data-end=\"3979\">Linjering av deponier<\/strong> f\u00f6r att f\u00f6rhindra migration av lakvatten<\/li>\n<li data-start=\"4012\" data-end=\"4063\"><strong data-start=\"4012\" data-end=\"4041\">Liners f\u00f6r dammar och reservoarer<\/strong> f\u00f6r inneslutning av vatten<\/li>\n<li data-start=\"4066\" data-end=\"4106\"><strong data-start=\"4066\" data-end=\"4098\">Gruvdrift och avfallshantering<\/strong> System<\/li>\n<li data-start=\"4109\" data-end=\"4176\"><strong data-start=\"4109\" data-end=\"4141\">Till\u00e4mpningar f\u00f6r akvatiska barri\u00e4rer<\/strong> att skydda naturliga vattenf\u00f6rekomster<\/li>\n<\/ul>\n<p data-start=\"4178\" data-end=\"4339\">Genom att testa s\u00f6mmarnas integritet hos dessa material kan man s\u00e4kerst\u00e4lla att geomembranen fungerar som effektiva barri\u00e4rer i olika milj\u00f6- och industriapplikationer.<\/p>\n<hr data-start=\"4341\" data-end=\"4344\" \/>\n<p data-start=\"4346\" data-end=\"4417\"><strong data-start=\"4346\" data-end=\"4417\">Fr\u00e5ga 8: Hur s\u00e4kerst\u00e4ller ASTM D6392 att testresultaten \u00e4r konsekventa?<\/strong><\/p>\n<p data-start=\"4419\" data-end=\"5015\"><strong data-start=\"4419\" data-end=\"4426\">A8:<\/strong> <strong data-start=\"4427\" data-end=\"4441\">ASTM D6392<\/strong> s\u00e4kerst\u00e4ller att provningsresultaten \u00e4r konsekventa genom att specificera de exakta provningsf\u00f6rh\u00e5llandena, provberedningsmetoderna och utrustningsstandarderna, t.ex. de n\u00f6dv\u00e4ndiga <strong data-start=\"4602\" data-end=\"4629\">draginstrumentering<\/strong> och greppytor. Standarden definierar ocks\u00e5 konditioneringsf\u00f6rh\u00e5llandena, t.ex. temperatur och luftfuktighet, f\u00f6r att s\u00e4kerst\u00e4lla korrekta resultat. Genom att f\u00f6lja dessa strikta riktlinjer ger testet tillf\u00f6rlitliga och reproducerbara data f\u00f6r utv\u00e4rdering av <strong data-start=\"4867\" data-end=\"4897\">geomembranets t\u00e4tningsintegritet<\/strong>, och hj\u00e4lper tillverkare och kvalitetskontrollteam att s\u00e4kerst\u00e4lla att deras produkter uppfyller n\u00f6dv\u00e4ndiga prestandastandarder.<\/p>\n<p data-start=\"4419\" data-end=\"5015\"><a href=\"https:\/\/www.qualitester.com\/sv\/produkt-2\/tst-01-universal-testing-machine\/\" target=\"_blank\" rel=\"noopener\"><img fetchpriority=\"high\" decoding=\"async\" class=\"size-medium wp-image-7739 aligncenter\" src=\"https:\/\/www.qualitester.com\/wp-content\/uploads\/2025\/12\/Geomembrane-Peel-and-Shear-Testing-Method-ASTM-D6392-300x300.webp\" alt=\"Testmetod f\u00f6r avskalning och skjuvning av geomembran - ASTM D6392\" width=\"300\" height=\"300\" srcset=\"https:\/\/www.qualitester.com\/wp-content\/uploads\/2025\/12\/Geomembrane-Peel-and-Shear-Testing-Method-ASTM-D6392-300x300.webp 300w, https:\/\/www.qualitester.com\/wp-content\/uploads\/2025\/12\/Geomembrane-Peel-and-Shear-Testing-Method-ASTM-D6392-150x150.webp 150w, https:\/\/www.qualitester.com\/wp-content\/uploads\/2025\/12\/Geomembrane-Peel-and-Shear-Testing-Method-ASTM-D6392-12x12.webp 12w, https:\/\/www.qualitester.com\/wp-content\/uploads\/2025\/12\/Geomembrane-Peel-and-Shear-Testing-Method-ASTM-D6392-100x100.webp 100w, https:\/\/www.qualitester.com\/wp-content\/uploads\/2025\/12\/Geomembrane-Peel-and-Shear-Testing-Method-ASTM-D6392.webp 600w\" sizes=\"(max-width: 300px) 100vw, 300px\" \/><\/a><\/p>","protected":false},"excerpt":{"rendered":"<p>Geomembrane Peel and Shear Testing Method ASTM D6392 Introduction The Geomembrane peel and shear testing method is crucial for ensuring the integrity of seams in geomembranes, which are widely used as barriers in environmental applications such as landfill liners and water containment systems. The ASTM D6392 standard provides a systematic procedure for assessing the quality &hellip;<\/p>\n<p class=\"read-more\"> <a class=\"\" href=\"https:\/\/www.qualitester.com\/sv\/applications\/geomembrane-peel-and-shear-testing-method\/\"> <span class=\"screen-reader-text\">Testmetod f\u00f6r avskalning och skjuvning av geomembran<\/span> L\u00e4s mer \"<\/a><\/p>","protected":false},"author":7,"featured_media":0,"parent":6794,"menu_order":0,"comment_status":"closed","ping_status":"closed","template":"","meta":{"site-sidebar-layout":"default","site-content-layout":"default","ast-global-header-display":"","ast-main-header-display":"","ast-hfb-above-header-display":"","ast-hfb-below-header-display":"","ast-hfb-mobile-header-display":"","site-post-title":"disabled","ast-breadcrumbs-content":"","ast-featured-img":"","footer-sml-layout":"","theme-transparent-header-meta":"default","adv-header-id-meta":"","stick-header-meta":"","header-above-stick-meta":"","header-main-stick-meta":"","header-below-stick-meta":"","footnotes":""},"class_list":["post-7735","page","type-page","status-publish","hentry"],"_links":{"self":[{"href":"https:\/\/www.qualitester.com\/sv\/wp-json\/wp\/v2\/pages\/7735","targetHints":{"allow":["GET"]}}],"collection":[{"href":"https:\/\/www.qualitester.com\/sv\/wp-json\/wp\/v2\/pages"}],"about":[{"href":"https:\/\/www.qualitester.com\/sv\/wp-json\/wp\/v2\/types\/page"}],"author":[{"embeddable":true,"href":"https:\/\/www.qualitester.com\/sv\/wp-json\/wp\/v2\/users\/7"}],"replies":[{"embeddable":true,"href":"https:\/\/www.qualitester.com\/sv\/wp-json\/wp\/v2\/comments?post=7735"}],"version-history":[{"count":0,"href":"https:\/\/www.qualitester.com\/sv\/wp-json\/wp\/v2\/pages\/7735\/revisions"}],"up":[{"embeddable":true,"href":"https:\/\/www.qualitester.com\/sv\/wp-json\/wp\/v2\/pages\/6794"}],"wp:attachment":[{"href":"https:\/\/www.qualitester.com\/sv\/wp-json\/wp\/v2\/media?parent=7735"}],"curies":[{"name":"wp","href":"https:\/\/api.w.org\/{rel}","templated":true}]}}