{"id":7709,"date":"2025-12-23T15:28:16","date_gmt":"2025-12-23T07:28:16","guid":{"rendered":"https:\/\/www.qualitester.com\/?page_id=7709"},"modified":"2025-12-23T15:29:24","modified_gmt":"2025-12-23T07:29:24","slug":"astm-d1424","status":"publish","type":"page","link":"https:\/\/www.qualitester.com\/sv\/standards\/astm-d1424\/","title":{"rendered":"ASTM D1424"},"content":{"rendered":"<h1 style=\"text-align: center;\" data-start=\"381\" data-end=\"855\">ASTM D1424<br \/>\nElmendorf testmetod f\u00f6r rivning<\/h1>\n<p data-start=\"542\" data-end=\"1040\">Den <strong data-start=\"456\" data-end=\"470\">ASTM D1424<\/strong> standard definierar provningsmetoden f\u00f6r att m\u00e4ta <strong data-start=\"522\" data-end=\"550\">rivh\u00e5llfasthet hos tyger<\/strong> med hj\u00e4lp av <strong data-start=\"561\" data-end=\"589\">Apparat av Elmendorf-typ<\/strong>. Detta test \u00e4r viktigt inom branscher som f\u00f6rpackning, medicinteknik och textil, d\u00e4r <strong data-start=\"677\" data-end=\"696\">rivh\u00e5llfasthet<\/strong> av material har en direkt inverkan p\u00e5 deras prestanda. De <strong data-start=\"753\" data-end=\"776\">Elmendorfs t\u00e5rtest<\/strong> anv\u00e4nds vanligen f\u00f6r att utv\u00e4rdera <strong data-start=\"809\" data-end=\"826\">plastfilmer<\/strong>, <strong data-start=\"828\" data-end=\"845\">tunn pl\u00e5t<\/strong>, och olika tyger. I den h\u00e4r artikeln g\u00e5r vi igenom testmetoden, dess anv\u00e4ndningsomr\u00e5den och hur den kan anv\u00e4ndas f\u00f6r att bed\u00f6ma <strong data-start=\"969\" data-end=\"993\">tygets rivh\u00e5llfasthet<\/strong>.<\/p>\n<h2 data-start=\"1095\" data-end=\"1451\">Elmendorfs t\u00e5rtest: Vad \u00e4r det?<\/h2>\n<p data-start=\"5293\" data-end=\"5594\">Den <strong data-start=\"1049\" data-end=\"1072\">Elmendorfs t\u00e5rtest<\/strong>, som beskrivs i <strong data-start=\"1086\" data-end=\"1100\">ASTM D1424<\/strong>, best\u00e4mmer <strong data-start=\"1117\" data-end=\"1148\">motst\u00e5nd mot rivningsf\u00f6r\u00f6kning<\/strong> av tygmaterial. I detta test har en <strong data-start=\"1186\" data-end=\"1205\">enstaka avrivning<\/strong> initieras fr\u00e5n ett snitt i tyget och den kraft som kr\u00e4vs f\u00f6r att sprida denna reva m\u00e4ts. Den <strong data-start=\"1307\" data-end=\"1335\">Apparat av Elmendorf-typ<\/strong> anv\u00e4nder en fallande pendel f\u00f6r att generera rivkraften, och motst\u00e5ndet mot denna rivning kvantifieras baserat p\u00e5 det avst\u00e5nd som pendeln f\u00e4rdas. Den h\u00e4r metoden \u00e4r avg\u00f6rande f\u00f6r att fastst\u00e4lla materialets h\u00e5llbarhet och rivh\u00e5llfasthet, vilket \u00e4r viktigt f\u00f6r att s\u00e4kerst\u00e4lla integriteten hos f\u00f6rpackningsmaterial och textilier i tuffa milj\u00f6er.<\/p>\n<hr \/>\n<h2 data-start=\"5293\" data-end=\"5594\">ASTM D1424 Testmetod: \u00d6versikt \u00f6ver proceduren<\/h2>\n<p data-start=\"1718\" data-end=\"1776\">Den <strong data-start=\"1722\" data-end=\"1748\">ASTM D1424 testmetod<\/strong> omfattar flera viktiga steg:<\/p>\n<ol data-start=\"1777\" data-end=\"2231\">\n<li data-start=\"1777\" data-end=\"1897\">\n<p data-start=\"1780\" data-end=\"1897\"><strong data-start=\"1780\" data-end=\"1804\">F\u00f6rberedelse av prover<\/strong>: A <strong data-start=\"1808\" data-end=\"1816\">slits<\/strong> g\u00f6rs i mitten av tygprovet och det h\u00e5lls mellan tv\u00e5 kl\u00e4mmor.<\/p>\n<\/li>\n<li data-start=\"1898\" data-end=\"2069\">\n<p data-start=\"1901\" data-end=\"2069\"><strong data-start=\"1901\" data-end=\"1920\">Initiering av t\u00e5rar<\/strong>: Provkroppen uts\u00e4tts f\u00f6r en kraft av en <strong data-start=\"1964\" data-end=\"1984\">fallande pendel<\/strong>, vilket g\u00f6r att materialet rivs s\u00f6nder. Kraften och avst\u00e5ndet till rivningen registreras.<\/p>\n<\/li>\n<li data-start=\"2070\" data-end=\"2231\">\n<p data-start=\"2073\" data-end=\"2231\"><strong data-start=\"2073\" data-end=\"2088\">M\u00e4tning<\/strong>: Den <strong data-start=\"2094\" data-end=\"2119\">motst\u00e5ndskraft mot rivning<\/strong> registreras p\u00e5 en skala, och den kraft som kr\u00e4vs f\u00f6r att sprida t\u00e5rarna ber\u00e4knas utifr\u00e5n pendelns utslag.<\/p>\n<\/li>\n<\/ol>\n<p data-start=\"2233\" data-end=\"2392\">Testet utf\u00f6rs under specifika f\u00f6rh\u00e5llanden och resultaten analyseras f\u00f6r att fastst\u00e4lla <strong data-start=\"2324\" data-end=\"2341\">rivh\u00e5llfasthet<\/strong> och <strong data-start=\"2346\" data-end=\"2377\">motst\u00e5nd mot rivningsf\u00f6r\u00f6kning<\/strong> av tyget.<\/p>\n<hr \/>\n<h2 data-start=\"2399\" data-end=\"2450\">Nyckelfaktorer som p\u00e5verkar Elmendorfs t\u00e5rtest<\/h2>\n<p data-start=\"2452\" data-end=\"2518\">Flera faktorer p\u00e5verkar resultatet av <strong data-start=\"2494\" data-end=\"2517\">Elmendorfs t\u00e5rtest<\/strong>:<\/p>\n<ul data-start=\"2519\" data-end=\"3092\">\n<li data-start=\"2519\" data-end=\"2678\">\n<p data-start=\"2521\" data-end=\"2678\"><strong data-start=\"2521\" data-end=\"2538\">Materialtyp<\/strong>: Olika material, t.ex. <strong data-start=\"2569\" data-end=\"2586\">v\u00e4vda tyger<\/strong>, <strong data-start=\"2588\" data-end=\"2607\">belagda plaster<\/strong>, eller <strong data-start=\"2612\" data-end=\"2630\">Noppade tyger<\/strong>, uppvisar varierande niv\u00e5er av <strong data-start=\"2658\" data-end=\"2677\">rivh\u00e5llfasthet<\/strong>.<\/p>\n<\/li>\n<li data-start=\"2679\" data-end=\"2847\">\n<p data-start=\"2681\" data-end=\"2847\"><strong data-start=\"2681\" data-end=\"2703\">Orientering av tyg<\/strong>: Orienteringen av tygfibrerna, s\u00e5som <strong data-start=\"2755\" data-end=\"2763\">varp<\/strong> och <strong data-start=\"2768\" data-end=\"2776\">v\u00e4ft<\/strong> spelar en viktig roll n\u00e4r det g\u00e4ller att best\u00e4mma <strong data-start=\"2829\" data-end=\"2846\">rivh\u00e5llfasthet<\/strong>.<\/p>\n<\/li>\n<li data-start=\"2848\" data-end=\"2941\">\n<p data-start=\"2850\" data-end=\"2941\"><strong data-start=\"2850\" data-end=\"2863\">Tjocklek<\/strong>: Tjockare material kan kr\u00e4va h\u00f6gre kraft f\u00f6r att initiera och sprida en reva.<\/p>\n<\/li>\n<li data-start=\"2942\" data-end=\"3092\">\n<p data-start=\"2944\" data-end=\"3092\"><strong data-start=\"2944\" data-end=\"2972\">Milj\u00f6f\u00f6rh\u00e5llanden<\/strong>: Luftfuktighet och temperatur kan f\u00f6r\u00e4ndra rivh\u00e5llfastheten, vilket \u00e4r anledningen till att <strong data-start=\"3043\" data-end=\"3076\">prover m\u00e5ste konditioneras<\/strong> f\u00f6re testning.<\/p>\n<\/li>\n<\/ul>\n<hr \/>\n<h2 data-start=\"3099\" data-end=\"3152\">Till\u00e4mpningar av ASTM D1424: Elmendorf Tear Test<\/h2>\n<p data-start=\"3154\" data-end=\"3279\">Den <strong data-start=\"3158\" data-end=\"3172\">ASTM D1424<\/strong> test anv\u00e4nds ofta inom olika branscher f\u00f6r applikationer d\u00e4r <strong data-start=\"3242\" data-end=\"3266\">tygets rivh\u00e5llfasthet<\/strong> \u00e4r avg\u00f6rande:<\/p>\n<ol data-start=\"3280\" data-end=\"3880\">\n<li data-start=\"3280\" data-end=\"3503\">\n<p data-start=\"3283\" data-end=\"3503\"><strong data-start=\"3283\" data-end=\"3296\">F\u00f6rpackning<\/strong>: <strong data-start=\"3298\" data-end=\"3315\">Plastfilmer<\/strong> och <strong data-start=\"3320\" data-end=\"3337\">tunn pl\u00e5t<\/strong> som anv\u00e4nds i f\u00f6rpackningsmaterial m\u00e5ste t\u00e5la att rivas s\u00f6nder under transport och hantering. De <strong data-start=\"3432\" data-end=\"3455\">Elmendorfs t\u00e5rtest<\/strong> hj\u00e4lper tillverkare att bed\u00f6ma materialets h\u00e5llbarhet.<\/p>\n<\/li>\n<li data-start=\"3504\" data-end=\"3656\">\n<p data-start=\"3507\" data-end=\"3656\"><strong data-start=\"3507\" data-end=\"3526\">Medicintekniska produkter<\/strong>: Skydds\u00f6verdrag, sterila f\u00f6rpackningar och medicinska textilier genomg\u00e5r tester f\u00f6r att s\u00e4kerst\u00e4lla att de \u00e4r motst\u00e5ndskraftiga mot rivning under stress.<\/p>\n<\/li>\n<li data-start=\"3657\" data-end=\"3880\">\n<p data-start=\"3660\" data-end=\"3880\"><strong data-start=\"3660\" data-end=\"3684\">Textilier och v\u00e4vnader<\/strong>: <strong data-start=\"3686\" data-end=\"3711\">Textiltillverkare<\/strong> anv\u00e4nder Elmendorfs rivtest f\u00f6r att utv\u00e4rdera styrkan och kvaliteten p\u00e5 tyger och s\u00e4kerst\u00e4lla att de \u00e4r h\u00e5llbara f\u00f6r vardagsbruk eller specialtill\u00e4mpningar som tyger till krockkuddar.<\/p>\n<\/li>\n<\/ol>\n<hr \/>\n<h2 data-start=\"3887\" data-end=\"3934\">Betydelsen av motst\u00e5ndskraft mot t\u00e5rspridning<\/h2>\n<p data-start=\"3936\" data-end=\"4269\"><strong data-start=\"3936\" data-end=\"3967\">Motst\u00e5nd mot s\u00f6nderrivning<\/strong> \u00e4r en kritisk egenskap hos material som plastfilmer och textilier. Den m\u00e4ter hur mycket kraft som kr\u00e4vs f\u00f6r att forts\u00e4tta en reva n\u00e4r den v\u00e4l har b\u00f6rjat. Material med h\u00f6g t\u00e5lighet \u00e4r mer h\u00e5llbara och mindre ben\u00e4gna att rivas s\u00f6nder under tryck, vilket \u00e4r avg\u00f6rande f\u00f6r att s\u00e4kerst\u00e4lla produkttillf\u00f6rlitligheten.<\/p>\n<ul data-start=\"4271\" data-end=\"4598\">\n<li data-start=\"4271\" data-end=\"4426\">\n<p data-start=\"4273\" data-end=\"4426\"><strong data-start=\"4273\" data-end=\"4297\">H\u00f6g rivh\u00e5llfasthet<\/strong>: Material som anv\u00e4nds i f\u00f6rpackningar eller medicintekniska produkter m\u00e5ste uppvisa <strong data-start=\"4359\" data-end=\"4395\">h\u00f6g motst\u00e5ndskraft mot s\u00f6nderrivning<\/strong> f\u00f6r att f\u00f6rhindra fel under anv\u00e4ndning.<\/p>\n<\/li>\n<li data-start=\"4427\" data-end=\"4598\">\n<p data-start=\"4429\" data-end=\"4598\"><strong data-start=\"4429\" data-end=\"4452\">L\u00e5g rivh\u00e5llfasthet<\/strong>: \u00c5 andra sidan kan material med l\u00e5g rivh\u00e5llfasthet g\u00e5 s\u00f6nder i f\u00f6rtid, vilket kan leda till produktskador eller kontaminering i kritiska applikationer.<\/p>\n<\/li>\n<\/ul>\n<hr \/>\n<h2 data-start=\"4605\" data-end=\"4667\">Hur Elmendorfs t\u00e5rtest hj\u00e4lper till vid produktutveckling<\/h2>\n<p data-start=\"4669\" data-end=\"4849\">Tillverkare kan anv\u00e4nda <strong data-start=\"4695\" data-end=\"4718\">Elmendorfs t\u00e5rtest<\/strong> till <strong data-start=\"4722\" data-end=\"4753\">optimera materialval<\/strong> f\u00f6r olika produkter. Genom att f\u00f6rst\u00e5 rivstyrkan hos olika material kan f\u00f6retagen:<\/p>\n<ul data-start=\"4850\" data-end=\"5156\">\n<li data-start=\"4850\" data-end=\"4933\">\n<p data-start=\"4852\" data-end=\"4933\"><strong data-start=\"4852\" data-end=\"4881\">V\u00e4lj r\u00e4tt material<\/strong> f\u00f6r specifika applikationer baserat p\u00e5 rivh\u00e5llfasthet.<\/p>\n<\/li>\n<li data-start=\"4934\" data-end=\"5048\">\n<p data-start=\"4936\" data-end=\"5048\"><strong data-start=\"4936\" data-end=\"4966\">F\u00f6rb\u00e4ttra produktens h\u00e5llbarhet<\/strong> genom att s\u00e4kerst\u00e4lla att det utvalda materialet har tillr\u00e4cklig <strong data-start=\"5016\" data-end=\"5047\">motst\u00e5nd mot rivningsf\u00f6r\u00f6kning<\/strong>.<\/p>\n<\/li>\n<li data-start=\"5049\" data-end=\"5156\">\n<p data-start=\"5051\" data-end=\"5156\"><strong data-start=\"5051\" data-end=\"5072\">S\u00e4kerst\u00e4lla efterlevnad<\/strong> med industristandarder, till exempel <strong data-start=\"5106\" data-end=\"5120\">ASTM D1424<\/strong>, f\u00f6r materialstyrka och kvalitet.<\/p>\n<\/li>\n<\/ul>\n<hr \/>\n<h2 data-start=\"5163\" data-end=\"5179\">Slutsats<\/h2>\n<p data-start=\"5181\" data-end=\"5688\">Den <strong data-start=\"5185\" data-end=\"5199\">ASTM D1424<\/strong> testmetod, med anv\u00e4ndning av <strong data-start=\"5223\" data-end=\"5251\">Apparat av Elmendorf-typ<\/strong>, \u00e4r ett v\u00e4rdefullt verktyg f\u00f6r att bed\u00f6ma <strong data-start=\"5290\" data-end=\"5307\">rivh\u00e5llfasthet<\/strong> av tyger och tunna filmer. Det hj\u00e4lper tillverkare att utv\u00e4rdera hur v\u00e4l deras material kommer att fungera under p\u00e5frestning, vilket s\u00e4kerst\u00e4ller att de \u00e4r l\u00e4mpliga f\u00f6r olika till\u00e4mpningar, t.ex. <strong data-start=\"5479\" data-end=\"5492\">f\u00f6rpackning<\/strong>, <strong data-start=\"5494\" data-end=\"5513\">Medicintekniska produkter<\/strong>, och <strong data-start=\"5519\" data-end=\"5531\">textilier<\/strong>. Genom att m\u00e4ta <strong data-start=\"5546\" data-end=\"5577\">motst\u00e5nd mot rivningsf\u00f6r\u00f6kning<\/strong>, Elmendorfs rivprov ger viktiga data f\u00f6r att f\u00f6rb\u00e4ttra materialkonstruktionen och s\u00e4kerst\u00e4lla produkternas livsl\u00e4ngd.<\/p>\n<hr \/>\n<h2 data-start=\"5695\" data-end=\"5737\">Rekommenderad utrustning f\u00f6r ASTM D1424<\/h2>\n<p style=\"font-size: 16px; font-style: normal; font-weight: 400;\"><a href=\"https:\/\/www.qualitester.com\/sv\/?s=Tear+tester\" target=\"_blank\" rel=\"noopener\"><img fetchpriority=\"high\" decoding=\"async\" class=\"size-medium wp-image-7710 alignright\" src=\"https:\/\/www.qualitester.com\/wp-content\/uploads\/2025\/12\/ASTM-D1424-Elmendorf-Tearing-Test-Method-300x300.webp\" alt=\"ASTM D1424 Elmendorf testmetod f\u00f6r rivning\" width=\"300\" height=\"300\" srcset=\"https:\/\/www.qualitester.com\/wp-content\/uploads\/2025\/12\/ASTM-D1424-Elmendorf-Tearing-Test-Method-300x300.webp 300w, https:\/\/www.qualitester.com\/wp-content\/uploads\/2025\/12\/ASTM-D1424-Elmendorf-Tearing-Test-Method-150x150.webp 150w, https:\/\/www.qualitester.com\/wp-content\/uploads\/2025\/12\/ASTM-D1424-Elmendorf-Tearing-Test-Method-12x12.webp 12w, https:\/\/www.qualitester.com\/wp-content\/uploads\/2025\/12\/ASTM-D1424-Elmendorf-Tearing-Test-Method-100x100.webp 100w, https:\/\/www.qualitester.com\/wp-content\/uploads\/2025\/12\/ASTM-D1424-Elmendorf-Tearing-Test-Method.webp 600w\" sizes=\"(max-width: 300px) 100vw, 300px\" \/><\/a><\/p>\n<p>&nbsp;<\/p>\n<p><span style=\"font-size: 16px;\">F\u00f6r exakt och tillf\u00f6rlitlig <\/span><strong style=\"font-size: 16px;\" data-start=\"5765\" data-end=\"5781\">t\u00e5rtestning<\/strong><span style=\"font-size: 16px;\">, <\/span><strong style=\"font-size: 16px;\" data-start=\"5783\" data-end=\"5803\">Cellinstrument<\/strong><span style=\"font-size: 16px;\"> erbjuder h\u00f6g kvalitet <\/span><a href=\"https:\/\/www.qualitester.com\/sv\/?s=Tear+tester\" target=\"_blank\" rel=\"noopener\"><strong style=\"font-size: 16px;\" data-start=\"5824\" data-end=\"5843\">Rivande testare<\/strong><\/a><span style=\"font-size: 16px;\"> utformad f\u00f6r att uppfylla <\/span><strong style=\"font-size: 16px;\" data-start=\"5868\" data-end=\"5882\">ASTM D1424<\/strong><span style=\"font-size: 16px;\"> standarder. V\u00e5r utrustning ger exakta m\u00e4tningar av <\/span><strong style=\"font-size: 16px;\" data-start=\"5941\" data-end=\"5965\">tygets rivh\u00e5llfasthet<\/strong><span style=\"font-size: 16px;\">, och hj\u00e4lper industrier att uppr\u00e4tth\u00e5lla h\u00f6gkvalitativa kontrollstandarder. Kontakta oss idag f\u00f6r att f\u00e5 veta mer om hur v\u00e5ra <\/span><strong style=\"font-size: 16px;\" data-start=\"6072\" data-end=\"6091\">Rivande testare<\/strong><span style=\"font-size: 16px;\"> kan st\u00f6dja dina behov av materialprovning.<\/span><\/p>\n<hr \/>\n<h2 data-start=\"5739\" data-end=\"6132\">VANLIGA FR\u00c5GOR<\/h2>\n<p data-start=\"0\" data-end=\"56\">Q1: Vad \u00e4r <strong data-start=\"20\" data-end=\"34\">ASTM D1424<\/strong> testmetod som anv\u00e4nds f\u00f6r?<\/p>\n<p data-start=\"58\" data-end=\"507\"><strong data-start=\"58\" data-end=\"68\">Svar<\/strong>: Den <strong data-start=\"74\" data-end=\"88\">ASTM D1424<\/strong> testmetod anv\u00e4nds f\u00f6r att m\u00e4ta <strong data-start=\"124\" data-end=\"141\">rivh\u00e5llfasthet<\/strong> av tyger och tunnpl\u00e5t med hj\u00e4lp av en <strong data-start=\"179\" data-end=\"216\">fallande pendel (typ Elmendorf)<\/strong> apparat. Detta test fastst\u00e4ller den kraft som kr\u00e4vs f\u00f6r att sprida en reva i ett material och utv\u00e4rderar dess <strong data-start=\"321\" data-end=\"352\">motst\u00e5nd mot rivningsf\u00f6r\u00f6kning<\/strong>. Det anv\u00e4nds ofta inom branscher som f\u00f6rpackningar, textilier och medicintekniska produkter f\u00f6r att s\u00e4kerst\u00e4lla att materialen \u00e4r h\u00e5llbara och motst\u00e5ndskraftiga mot rivning under stress.<\/p>\n<hr data-start=\"509\" data-end=\"512\" \/>\n<p data-start=\"514\" data-end=\"583\">Q2: Vilka material kan testas med hj\u00e4lp av <strong data-start=\"561\" data-end=\"575\">ASTM D1424<\/strong> metod?<\/p>\n<p data-start=\"585\" data-end=\"997\"><strong data-start=\"585\" data-end=\"595\">Svar<\/strong>: Den <strong data-start=\"601\" data-end=\"615\">ASTM D1424<\/strong> testmetoden \u00e4r l\u00e4mplig f\u00f6r testning av ett brett spektrum av material, inklusive <strong data-start=\"689\" data-end=\"706\">v\u00e4vda tyger<\/strong>, <strong data-start=\"708\" data-end=\"727\">skiktade tyger<\/strong>, <strong data-start=\"729\" data-end=\"741\">filtar<\/strong>, <strong data-start=\"743\" data-end=\"761\">Noppade tyger<\/strong>, <strong data-start=\"763\" data-end=\"779\">luggv\u00e4vnader<\/strong>, och <strong data-start=\"785\" data-end=\"803\">tyger f\u00f6r krockkuddar<\/strong>. Det g\u00e4ller f\u00f6r material med en tjocklek p\u00e5 <strong data-start=\"849\" data-end=\"865\">1 mm eller mindre<\/strong>. Testet anv\u00e4nds ofta f\u00f6r att utv\u00e4rdera <strong data-start=\"905\" data-end=\"922\">plastfilmer<\/strong> och <strong data-start=\"927\" data-end=\"944\">tunn pl\u00e5t<\/strong> som anv\u00e4nds i f\u00f6rpackningar och medicinska applikationer.<\/p>\n<hr data-start=\"999\" data-end=\"1002\" \/>\n<p data-start=\"1004\" data-end=\"1091\">F3: Hur \u00e4r <strong data-start=\"1019\" data-end=\"1050\">motst\u00e5nd mot rivningsf\u00f6r\u00f6kning<\/strong> uppm\u00e4tt i <strong data-start=\"1067\" data-end=\"1090\">Elmendorfs t\u00e5rtest<\/strong>?<\/p>\n<p data-start=\"1093\" data-end=\"1498\"><strong data-start=\"1093\" data-end=\"1103\">Svar<\/strong>: I den <strong data-start=\"1112\" data-end=\"1135\">Elmendorfs t\u00e5rtest<\/strong>, a <strong data-start=\"1139\" data-end=\"1158\">enstaka avrivning<\/strong> initieras fr\u00e5n ett snitt i materialet och den kraft som kr\u00e4vs f\u00f6r att sprida revan m\u00e4ts. Motst\u00e5ndet mot rivningen kvantifieras med hj\u00e4lp av ett <strong data-start=\"1307\" data-end=\"1337\">apparat f\u00f6r fallande pendel<\/strong>, och data registreras p\u00e5 ett lasttidsdiagram. Den <strong data-start=\"1390\" data-end=\"1421\">motst\u00e5nd mot rivningsf\u00f6r\u00f6kning<\/strong> best\u00e4ms utifr\u00e5n den registrerade kraften och den str\u00e4cka som pendeln f\u00e4rdas.<\/p>\n<hr data-start=\"1500\" data-end=\"1503\" \/>\n<p data-start=\"1505\" data-end=\"1572\">Q4: Vad \u00e4r betydelsen av <strong data-start=\"1541\" data-end=\"1558\">rivh\u00e5llfasthet<\/strong> i material?<\/p>\n<p data-start=\"1574\" data-end=\"2026\"><strong data-start=\"1574\" data-end=\"1584\">Svar<\/strong>: <strong data-start=\"1586\" data-end=\"1603\">Rivh\u00e5llfasthet<\/strong> \u00e4r en kritisk egenskap som m\u00e4ter hur motst\u00e5ndskraftigt ett material \u00e4r mot rivning n\u00e4r en rivning v\u00e4l har b\u00f6rjat. Material med h\u00f6gre rivh\u00e5llfasthet \u00e4r mindre ben\u00e4gna att g\u00e5 s\u00f6nder under p\u00e5frestning, vilket g\u00f6r dem l\u00e4mpliga f\u00f6r kr\u00e4vande applikationer som <strong data-start=\"1832\" data-end=\"1845\">f\u00f6rpackning<\/strong> och <strong data-start=\"1850\" data-end=\"1869\">Medicintekniska produkter<\/strong>. Test av rivh\u00e5llfasthet s\u00e4kerst\u00e4ller att materialen kan motst\u00e5 fysiska p\u00e5frestningar och f\u00f6rhindra fel under anv\u00e4ndning, vilket bidrar till produktens tillf\u00f6rlitlighet och s\u00e4kerhet.<\/p>\n<hr data-start=\"2028\" data-end=\"2031\" \/>\n<p data-start=\"2033\" data-end=\"2130\">Q5: Varf\u00f6r \u00e4r det viktigt att utf\u00f6ra <strong data-start=\"2072\" data-end=\"2086\">t\u00e5rtest<\/strong> p\u00e5 <strong data-start=\"2090\" data-end=\"2107\">plastfilmer<\/strong> och <strong data-start=\"2112\" data-end=\"2129\">tunn pl\u00e5t<\/strong>?<\/p>\n<p data-start=\"2132\" data-end=\"2625\"><strong data-start=\"2132\" data-end=\"2142\">Svar<\/strong>: <strong data-start=\"2144\" data-end=\"2158\">T\u00e5rtest<\/strong> p\u00e5 <strong data-start=\"2162\" data-end=\"2179\">plastfilmer<\/strong> och <strong data-start=\"2184\" data-end=\"2201\">tunn pl\u00e5t<\/strong> \u00e4r n\u00f6dv\u00e4ndiga f\u00f6r att utv\u00e4rdera <strong data-start=\"2235\" data-end=\"2254\">rivh\u00e5llfasthet<\/strong> och <strong data-start=\"2259\" data-end=\"2290\">motst\u00e5nd mot rivningsf\u00f6r\u00f6kning<\/strong> av material som anv\u00e4nds i applikationer som t.ex. <strong data-start=\"2333\" data-end=\"2346\">f\u00f6rpackning<\/strong> och <strong data-start=\"2351\" data-end=\"2376\">skydd f\u00f6r medicintekniska produkter<\/strong>. Dessa material m\u00e5ste t\u00e5la mekanisk p\u00e5frestning under hantering, transport och anv\u00e4ndning. Genom att utf\u00f6ra rivtester som <strong data-start=\"2499\" data-end=\"2513\">ASTM D1424<\/strong>, kan tillverkarna s\u00e4kerst\u00e4lla att deras produkter bibeh\u00e5ller sin integritet och funktionalitet under verkliga f\u00f6rh\u00e5llanden.<\/p>\n<hr data-start=\"2627\" data-end=\"2630\" \/>\n<p data-start=\"2632\" data-end=\"2716\">Q6: Hur fungerar <strong data-start=\"2653\" data-end=\"2676\">Elmendorfs t\u00e5rtest<\/strong> skiljer sig fr\u00e5n andra testmetoder f\u00f6r t\u00e5rar?<\/p>\n<p data-start=\"2718\" data-end=\"3203\"><strong data-start=\"2718\" data-end=\"2728\">Svar<\/strong>: Den <strong data-start=\"2734\" data-end=\"2757\">Elmendorfs t\u00e5rtest<\/strong> (enligt definitionen i <strong data-start=\"2773\" data-end=\"2787\">ASTM D1424<\/strong>) anv\u00e4nder en <strong data-start=\"2796\" data-end=\"2826\">apparat f\u00f6r fallande pendel<\/strong> f\u00f6r att m\u00e4ta <strong data-start=\"2838\" data-end=\"2869\">motst\u00e5nd mot rivningsf\u00f6r\u00f6kning<\/strong>, vilket skiljer sig fr\u00e5n andra rivprovningsmetoder som kan anv\u00e4nda en separation med fast hastighet eller konstant sp\u00e4nning. Den <strong data-start=\"2999\" data-end=\"3017\">Elmendorf-testet<\/strong> ger specifika data om hur en avrivning fortskrider i materialet, vilket \u00e4r anv\u00e4ndbart f\u00f6r att f\u00f6rst\u00e5 <strong data-start=\"3121\" data-end=\"3138\">rivh\u00e5llfasthet<\/strong> i olika materialtyper, s\u00e4rskilt filmer och tunna skivor.<\/p>\n<hr data-start=\"3205\" data-end=\"3208\" \/>\n<p data-start=\"3210\" data-end=\"3280\">Q7: Hur kan <strong data-start=\"3226\" data-end=\"3246\">Cellinstrument<\/strong> hj\u00e4lp med <strong data-start=\"3257\" data-end=\"3271\">ASTM D1424<\/strong> testning?<\/p>\n<p data-start=\"3282\" data-end=\"3760\"><strong data-start=\"3282\" data-end=\"3292\">Svar<\/strong>: <strong data-start=\"3294\" data-end=\"3314\">Cellinstrument<\/strong> tillhandah\u00e5ller specialiserade <strong data-start=\"3336\" data-end=\"3355\">Rivande testare<\/strong> som \u00e4r utformade f\u00f6r att uppfylla <strong data-start=\"3389\" data-end=\"3403\">ASTM D1424<\/strong> standarder. V\u00e5ra <strong data-start=\"3419\" data-end=\"3438\">Rivande testare<\/strong> \u00e4r utrustade med avancerade funktioner f\u00f6r att exakt m\u00e4ta <strong data-start=\"3497\" data-end=\"3514\">rivh\u00e5llfasthet<\/strong> och <strong data-start=\"3519\" data-end=\"3550\">motst\u00e5nd mot rivningsf\u00f6r\u00f6kning<\/strong> i olika material, bland annat <strong data-start=\"3583\" data-end=\"3600\">plastfilmer<\/strong> och <strong data-start=\"3605\" data-end=\"3622\">tunn pl\u00e5t<\/strong>. Med v\u00e5r utrustning kan industrier s\u00e4kerst\u00e4lla att deras material uppfyller de kvalitets- och h\u00e5llbarhetsstandarder som kr\u00e4vs f\u00f6r olika till\u00e4mpningar.<\/p>","protected":false},"excerpt":{"rendered":"<p>ASTM D1424 Elmendorf Tearing Test Method Standarden ASTM D1424 definierar testmetoden f\u00f6r att m\u00e4ta rivstyrkan hos tyger med hj\u00e4lp av en apparat av Elmendorf-typ. Detta test \u00e4r viktigt i branscher som f\u00f6rpackning, medicinsk och textil, d\u00e4r materialets rivmotst\u00e5nd direkt p\u00e5verkar deras prestanda. Elmendorfs rivtest anv\u00e4nds ofta f\u00f6r att utv\u00e4rdera ...<\/p>\n<p class=\"read-more\"> <a class=\"\" href=\"https:\/\/www.qualitester.com\/sv\/standards\/astm-d1424\/\"> <span class=\"screen-reader-text\">ASTM D1424<\/span> L\u00e4s mer \"<\/a><\/p>","protected":false},"author":7,"featured_media":0,"parent":4948,"menu_order":0,"comment_status":"closed","ping_status":"closed","template":"","meta":{"site-sidebar-layout":"default","site-content-layout":"default","ast-global-header-display":"","ast-main-header-display":"","ast-hfb-above-header-display":"","ast-hfb-below-header-display":"","ast-hfb-mobile-header-display":"","site-post-title":"","ast-breadcrumbs-content":"","ast-featured-img":"","footer-sml-layout":"","theme-transparent-header-meta":"default","adv-header-id-meta":"","stick-header-meta":"","header-above-stick-meta":"","header-main-stick-meta":"","header-below-stick-meta":"","footnotes":""},"class_list":["post-7709","page","type-page","status-publish","hentry"],"_links":{"self":[{"href":"https:\/\/www.qualitester.com\/sv\/wp-json\/wp\/v2\/pages\/7709","targetHints":{"allow":["GET"]}}],"collection":[{"href":"https:\/\/www.qualitester.com\/sv\/wp-json\/wp\/v2\/pages"}],"about":[{"href":"https:\/\/www.qualitester.com\/sv\/wp-json\/wp\/v2\/types\/page"}],"author":[{"embeddable":true,"href":"https:\/\/www.qualitester.com\/sv\/wp-json\/wp\/v2\/users\/7"}],"replies":[{"embeddable":true,"href":"https:\/\/www.qualitester.com\/sv\/wp-json\/wp\/v2\/comments?post=7709"}],"version-history":[{"count":0,"href":"https:\/\/www.qualitester.com\/sv\/wp-json\/wp\/v2\/pages\/7709\/revisions"}],"up":[{"embeddable":true,"href":"https:\/\/www.qualitester.com\/sv\/wp-json\/wp\/v2\/pages\/4948"}],"wp:attachment":[{"href":"https:\/\/www.qualitester.com\/sv\/wp-json\/wp\/v2\/media?parent=7709"}],"curies":[{"name":"wp","href":"https:\/\/api.w.org\/{rel}","templated":true}]}}