{"id":7567,"date":"2025-11-13T09:51:57","date_gmt":"2025-11-13T01:51:57","guid":{"rendered":"https:\/\/www.qualitester.com\/?page_id=7567"},"modified":"2025-11-13T10:08:10","modified_gmt":"2025-11-13T02:08:10","slug":"iso-7864","status":"publish","type":"page","link":"https:\/\/www.qualitester.com\/sv\/standards\/iso-7864\/","title":{"rendered":"ISO 7864"},"content":{"rendered":"<h1 style=\"text-align: center;\">ISO 7864<br \/>\n<small>Testning av sterila hypodermiska n\u00e5lar<br \/>\nPenetrations- och dragkraft samt n\u00e5lens bindningsstyrka<\/small><\/h1>\n<p data-start=\"437\" data-end=\"871\"><strong data-start=\"456\" data-end=\"468\">ISO 7864<\/strong> definierar <em data-start=\"481\" data-end=\"558\">krav och testmetoder f\u00f6r sterila injektionsn\u00e5lar f\u00f6r eng\u00e5ngsbruk<\/em>. Denna internationella standard s\u00e4kerst\u00e4ller att medicinska n\u00e5lar som anv\u00e4nds f\u00f6r injektion eller v\u00e4tskeuttag uppfyller str\u00e4nga krav p\u00e5 s\u00e4kerhet, sk\u00e4rpa och prestanda.<\/p>\n<p data-start=\"873\" data-end=\"1157\">Vid <a href=\"https:\/\/www.qualitester.com\/sv\/\" target=\"_blank\" rel=\"noopener\"><strong data-start=\"876\" data-end=\"906\">Cell Instruments Co., Ltd.<\/strong><\/a>, erbjuder vi avancerade l\u00f6sningar f\u00f6r att testa mekaniska egenskaper och funktionalitet hos medicinska n\u00e5lar och sprutor i enlighet med ISO 7864. V\u00e5ra instrument anv\u00e4nds ofta f\u00f6r kvalitetskontroll, forskning och efterlevnadstestning av medicintekniska produkter.<\/p>\n<hr data-start=\"1159\" data-end=\"1162\" \/>\n<h2 data-start=\"1164\" data-end=\"1211\">F\u00f6rst\u00e5 ISO 7864 och dess betydelse<\/h2>\n<p data-start=\"1212\" data-end=\"1513\"><strong data-start=\"1212\" data-end=\"1224\">ISO 7864<\/strong> fastst\u00e4ller enhetliga specifikationer f\u00f6r att s\u00e4kerst\u00e4lla <em data-start=\"1274\" data-end=\"1321\">sterilitet, integritet och mekanisk h\u00e5llfasthet<\/em> av hypodermiska n\u00e5lar. Dessa standarder \u00e4r avg\u00f6rande f\u00f6r att uppr\u00e4tth\u00e5lla patients\u00e4kerheten genom att minimera sm\u00e4rta vid instick, f\u00f6rhindra brott och s\u00e4kerst\u00e4lla korrekt bindning mellan n\u00e5len och navet.<\/p>\n<p data-start=\"1515\" data-end=\"1794\">Standarden beskriver detaljerade procedurer f\u00f6r olika <strong data-start=\"1569\" data-end=\"1598\">testning av hypodermiska n\u00e5lar<\/strong> parametrar, till exempel <em data-start=\"1619\" data-end=\"1671\">n\u00e5lsk\u00e4rpa, penetrerbarhet, bindningsstyrka,<\/em> och <em data-start=\"1676\" data-end=\"1699\">dimensionell noggrannhet.<\/em> Vart och ett av dessa tester hj\u00e4lper till att utv\u00e4rdera hur effektivt en n\u00e5l kan fungera under klinisk anv\u00e4ndning.<\/p>\n<hr data-start=\"1796\" data-end=\"1799\" \/>\n<h2 data-start=\"1801\" data-end=\"1835\">Viktiga testmetoder enligt ISO 7864<\/h2>\n<h3 data-start=\"1837\" data-end=\"1905\">Bilaga D - Testning av hypodermiska n\u00e5lars sk\u00e4rpa och genomtr\u00e4ngningsf\u00f6rm\u00e5ga<\/h3>\n<p data-start=\"1906\" data-end=\"2148\">En av de viktigaste prestationsfaktorerna i <strong data-start=\"1955\" data-end=\"1984\">testning av hypodermiska n\u00e5lar<\/strong> \u00e4r dess sk\u00e4rpa. <strong data-start=\"2003\" data-end=\"2042\">Test av sk\u00e4rpa p\u00e5 injektionsn\u00e5lar<\/strong> utv\u00e4rderar <em data-start=\"2057\" data-end=\"2091\">penetrationskraft och dragkraft<\/em> under n\u00e5lins\u00e4ttning i ett standardiserat substrat.<\/p>\n<p data-start=\"2150\" data-end=\"2376\">Enligt ISO 7864 bilaga D ska <strong data-start=\"2185\" data-end=\"2217\">Test av n\u00e5lgenomtr\u00e4nglighet<\/strong> utf\u00f6rs genom att n\u00e5len f\u00f6rs in i ett substrat (ofta latex eller polyuretanfilm) med en konstant hastighet av <strong data-start=\"2330\" data-end=\"2344\">100 mm\/min<\/strong>. Tv\u00e5 parametrar m\u00e4ts:<\/p>\n<ul>\n<li data-start=\"2379\" data-end=\"2461\"><strong data-start=\"2379\" data-end=\"2405\">H\u00f6gsta penetrationskraft<\/strong> - den maximala kraft som kr\u00e4vs f\u00f6r att genomborra substratet.<\/li>\n<li data-start=\"2464\" data-end=\"2559\"><strong data-start=\"2464\" data-end=\"2478\">Dragkraft<\/strong> - det genomsnittliga friktionsmotst\u00e5ndet n\u00e4r n\u00e5len r\u00f6r sig genom substratet.<\/li>\n<\/ul>\n<p data-start=\"2561\" data-end=\"2705\">Dessa v\u00e4rden ritas in i en kraftf\u00f6rskjutningskurva, som representerar b\u00e5de den initiala punkteringen och de friktionskrafter som verkar p\u00e5 n\u00e5len.<\/p>\n<p data-start=\"2707\" data-end=\"2943\">F\u00f6r att utf\u00f6ra detta test korrekt, <strong data-start=\"2740\" data-end=\"2794\">Cell Instruments\u2019 <a href=\"https:\/\/www.qualitester.com\/sv\/produkt-2\/iso-7864-needle-penetration-force-measurement-instrument\/\" target=\"_blank\" rel=\"noopener\">NPD-01 N\u00e5lpenetrations- och dragkraftstestare<\/a><\/strong>\u00a0erbjuder h\u00f6gprecisionsm\u00e4tning av penetrations- och dragkrafter, vilket g\u00f6r det m\u00f6jligt f\u00f6r anv\u00e4ndare att bed\u00f6ma n\u00e5lens prestanda i enlighet med ISO 7864 Annex D.<\/p>\n<h3 data-start=\"2950\" data-end=\"2985\">Bilaga E - H\u00e5llfasthetsprov f\u00f6r n\u00e5lbindning<\/h3>\n<p data-start=\"2986\" data-end=\"3264\">En annan kritisk del av <strong data-start=\"3011\" data-end=\"3031\">iso 7864 provning<\/strong> utv\u00e4rderar den mekaniska f\u00f6rbindelsen mellan <em data-start=\"3084\" data-end=\"3097\">n\u00e5lr\u00f6r<\/em> och <em data-start=\"3102\" data-end=\"3114\">N\u00e5lnav<\/em>. Den <strong data-start=\"3120\" data-end=\"3152\">test av n\u00e5lens bindningsstyrka<\/strong> (Bilaga E) s\u00e4kerst\u00e4ller att n\u00e5len kan motst\u00e5 de dragkrafter som uppst\u00e5r under anv\u00e4ndning utan att lossna.<\/p>\n<p data-start=\"3266\" data-end=\"3537\">I detta test monteras n\u00e5len vertikalt p\u00e5 en dragprovningsmaskin. Lastcellen st\u00e4lls in p\u00e5 noll och provet dras med en hastighet av <strong data-start=\"3412\" data-end=\"3425\">50 mm\/min<\/strong> tills navet lossnar eller n\u00e5len g\u00e5r s\u00f6nder. N\u00e5len <strong data-start=\"3476\" data-end=\"3502\">maximal kraft registrerad<\/strong> representerar bindningsstyrkan.<\/p>\n<p data-start=\"3539\" data-end=\"3831\">F\u00f6r tillf\u00f6rlitliga och repeterbara resultat, <strong data-start=\"3576\" data-end=\"3635\">Cell Instruments\u2019 NBS-01 h\u00e5llfasthetsprovare f\u00f6r n\u00e5lbindning<\/strong> ger noggrann kraftm\u00e4tning och h\u00f6g provtagningsprecision. Detta instrument \u00e4r speciellt utformat f\u00f6r att utv\u00e4rdera bindningsstyrka enligt ISO 7864 och relaterade standarder som ISO 9626.<\/p>\n<hr data-start=\"3833\" data-end=\"3836\" \/>\n<h2 data-start=\"3838\" data-end=\"3897\">Sprutfunktionalitet och testning av injektionssprutor<\/h2>\n<p data-start=\"3898\" data-end=\"4189\">\u00c4ven om ISO 7864 fokuserar p\u00e5 n\u00e5lar anv\u00e4nds den ofta tillsammans med <a href=\"https:\/\/www.qualitester.com\/sv\/standards\/iso-7886-1\/\" target=\"_blank\" rel=\"noopener\"><strong data-start=\"3960\" data-end=\"3972\">ISO 7886-1<\/strong><\/a>, som omfattar <em data-start=\"3987\" data-end=\"4023\">hypodermiska sprutor f\u00f6r eng\u00e5ngsbruk<\/em>. <strong data-start=\"4025\" data-end=\"4058\">Test av sprutans funktionalitet<\/strong> unders\u00f6ker anv\u00e4ndarv\u00e4nligheten, kolvkraften och l\u00e4ckageskyddet - och s\u00e4kerst\u00e4ller att hela insprutningssystemet fungerar tillf\u00f6rlitligt.<\/p>\n<p data-start=\"4191\" data-end=\"4379\">I kombination med <strong data-start=\"4210\" data-end=\"4240\">testning av hypodermiska sprutor<\/strong>, ISO 7864-provning ger en fullst\u00e4ndig utv\u00e4rdering av <em data-start=\"4293\" data-end=\"4318\">n\u00e5l-sprutanhet<\/em>, vilket bekr\u00e4ftar att b\u00e5da komponenterna fungerar s\u00f6ml\u00f6st tillsammans.<\/p>\n<hr data-start=\"5026\" data-end=\"5029\" \/>\n<h2 data-start=\"5031\" data-end=\"5085\">Varf\u00f6r v\u00e4lja Cell Instruments f\u00f6r ISO 7864-testning<\/h2>\n<p><img fetchpriority=\"high\" decoding=\"async\" class=\"size-medium wp-image-7570 alignleft\" src=\"https:\/\/www.qualitester.com\/wp-content\/uploads\/2025\/11\/ISO-7864-Sterile-Hypodermic-Needle-Penetration-and-Drag-Force-Needle-Bonding-Strength-300x300.webp\" alt=\"ISO 7864 Steril hypodermisk n\u00e5ls penetrations- och dragkraft samt n\u00e5lens bindningsstyrka\" width=\"300\" height=\"300\" srcset=\"https:\/\/www.qualitester.com\/wp-content\/uploads\/2025\/11\/ISO-7864-Sterile-Hypodermic-Needle-Penetration-and-Drag-Force-Needle-Bonding-Strength-300x300.webp 300w, https:\/\/www.qualitester.com\/wp-content\/uploads\/2025\/11\/ISO-7864-Sterile-Hypodermic-Needle-Penetration-and-Drag-Force-Needle-Bonding-Strength-150x150.webp 150w, https:\/\/www.qualitester.com\/wp-content\/uploads\/2025\/11\/ISO-7864-Sterile-Hypodermic-Needle-Penetration-and-Drag-Force-Needle-Bonding-Strength-12x12.webp 12w, https:\/\/www.qualitester.com\/wp-content\/uploads\/2025\/11\/ISO-7864-Sterile-Hypodermic-Needle-Penetration-and-Drag-Force-Needle-Bonding-Strength-100x100.webp 100w, https:\/\/www.qualitester.com\/wp-content\/uploads\/2025\/11\/ISO-7864-Sterile-Hypodermic-Needle-Penetration-and-Drag-Force-Needle-Bonding-Strength.webp 600w\" sizes=\"(max-width: 300px) 100vw, 300px\" \/><\/p>\n<p data-start=\"5086\" data-end=\"5276\">Med m\u00e5ng\u00e5rig expertis inom testning av material och medicintekniska produkter, <strong data-start=\"5150\" data-end=\"5170\">Cellinstrument<\/strong> tillhandah\u00e5ller avancerade, automatiserade l\u00f6sningar som uppfyller internationella standarder som ISO 7864 och ISO 9626.<\/p>\n<p data-start=\"5278\" data-end=\"5375\">V\u00e5r <strong data-start=\"2740\" data-end=\"2794\">NPD-01 N\u00e5lpenetrations- och dragkraftstestare<\/strong>\u00a0och <strong data-start=\"5323\" data-end=\"5364\">NBS-01 Styrkeprovare f\u00f6r n\u00e5lbindning<\/strong> leverera:<\/p>\n<ul>\n<li data-start=\"5378\" data-end=\"5427\">Lastceller med h\u00f6g noggrannhet f\u00f6r kraftm\u00e4tning.<\/li>\n<li data-start=\"5430\" data-end=\"5480\">Programmerbara testhastigheter och penetrationsdjup.<\/li>\n<li data-start=\"5483\" data-end=\"5523\">Automatiserad dataregistrering och analys.<\/li>\n<li data-start=\"5526\" data-end=\"5585\">Anv\u00e4ndarv\u00e4nliga gr\u00e4nssnitt f\u00f6r effektiva testarbetsfl\u00f6den.<\/li>\n<\/ul>\n<p data-start=\"5587\" data-end=\"5771\">Dessa system \u00e4r idealiska f\u00f6r <strong data-start=\"5615\" data-end=\"5692\">Tillverkare av injektionsn\u00e5lar, spruttillverkare, medicinska laboratorier,<\/strong> och <strong data-start=\"5697\" data-end=\"5725\">organ f\u00f6r kvalitetskontroll<\/strong> s\u00f6ker ISO-kompatibla testm\u00f6jligheter.<\/p>\n<hr data-start=\"5773\" data-end=\"5776\" \/>\n<p data-start=\"5795\" data-end=\"6108\"><a href=\"https:\/\/www.iso.org\/standard\/60481.html\" target=\"_blank\" rel=\"noopener nofollow\"><strong data-start=\"5795\" data-end=\"5807\">ISO 7864<\/strong><\/a> spelar en viktig roll f\u00f6r att s\u00e4kerst\u00e4lla <em data-start=\"5843\" data-end=\"5881\">s\u00e4kerhet, prestanda och tillf\u00f6rlitlighet<\/em> av sterila hypodermiska n\u00e5lar. Genom standardiserade <strong data-start=\"5934\" data-end=\"6021\">test av n\u00e5lars sk\u00e4rpa, bed\u00f6mning av genomtr\u00e4ngningsf\u00f6rm\u00e5ga och utv\u00e4rdering av bindningsstyrka<\/strong>, kan tillverkarna leverera produkter som uppfyller b\u00e5de myndigheternas och anv\u00e4ndarnas f\u00f6rv\u00e4ntningar.<\/p>\n<p data-start=\"6110\" data-end=\"6383\">Genom att anv\u00e4nda avancerade testinstrument som <strong data-start=\"6153\" data-end=\"6163\">NPD-01<\/strong> och <strong data-start=\"6168\" data-end=\"6178\">NBS-01<\/strong> fr\u00e5n <strong data-start=\"6184\" data-end=\"6204\">Cellinstrument<\/strong>, kan laboratorier uppn\u00e5 exakta, repeterbara resultat som \u00e4r helt i linje med kraven i ISO 7864 - vilket f\u00f6rb\u00e4ttrar b\u00e5de <em data-start=\"6315\" data-end=\"6334\">kvalitetss\u00e4kring<\/em> och <em data-start=\"6339\" data-end=\"6355\">kundf\u00f6rtroende<\/em> i varje producerad n\u00e5l.<\/p>","protected":false},"excerpt":{"rendered":"<p>ISO 7864 Steril hypodermisk n\u00e5l Testning av penetrations- och dragkraft samt n\u00e5lens bindningsstyrka ISO 7864 definierar kraven och testmetoderna f\u00f6r sterila hypodermiska n\u00e5lar f\u00f6r eng\u00e5ngsbruk. Denna internationella standard s\u00e4kerst\u00e4ller att medicinska n\u00e5lar som anv\u00e4nds f\u00f6r injektion eller v\u00e4tskeuttag uppfyller str\u00e4nga krav p\u00e5 s\u00e4kerhet, sk\u00e4rpa och prestanda. P\u00e5 Cell Instruments Co., Ltd. har vi ...<\/p>\n<p class=\"read-more\"> <a class=\"\" href=\"https:\/\/www.qualitester.com\/sv\/standards\/iso-7864\/\"> <span class=\"screen-reader-text\">ISO 7864<\/span> L\u00e4s mer \"<\/a><\/p>","protected":false},"author":4,"featured_media":0,"parent":4948,"menu_order":0,"comment_status":"closed","ping_status":"closed","template":"","meta":{"site-sidebar-layout":"default","site-content-layout":"default","ast-global-header-display":"","ast-main-header-display":"","ast-hfb-above-header-display":"","ast-hfb-below-header-display":"","ast-hfb-mobile-header-display":"","site-post-title":"disabled","ast-breadcrumbs-content":"","ast-featured-img":"disabled","footer-sml-layout":"","theme-transparent-header-meta":"default","adv-header-id-meta":"","stick-header-meta":"","header-above-stick-meta":"","header-main-stick-meta":"","header-below-stick-meta":"","footnotes":""},"class_list":["post-7567","page","type-page","status-publish","hentry"],"_links":{"self":[{"href":"https:\/\/www.qualitester.com\/sv\/wp-json\/wp\/v2\/pages\/7567","targetHints":{"allow":["GET"]}}],"collection":[{"href":"https:\/\/www.qualitester.com\/sv\/wp-json\/wp\/v2\/pages"}],"about":[{"href":"https:\/\/www.qualitester.com\/sv\/wp-json\/wp\/v2\/types\/page"}],"author":[{"embeddable":true,"href":"https:\/\/www.qualitester.com\/sv\/wp-json\/wp\/v2\/users\/4"}],"replies":[{"embeddable":true,"href":"https:\/\/www.qualitester.com\/sv\/wp-json\/wp\/v2\/comments?post=7567"}],"version-history":[{"count":0,"href":"https:\/\/www.qualitester.com\/sv\/wp-json\/wp\/v2\/pages\/7567\/revisions"}],"up":[{"embeddable":true,"href":"https:\/\/www.qualitester.com\/sv\/wp-json\/wp\/v2\/pages\/4948"}],"wp:attachment":[{"href":"https:\/\/www.qualitester.com\/sv\/wp-json\/wp\/v2\/media?parent=7567"}],"curies":[{"name":"wp","href":"https:\/\/api.w.org\/{rel}","templated":true}]}}