{"id":7562,"date":"2025-11-07T10:48:52","date_gmt":"2025-11-07T02:48:52","guid":{"rendered":"https:\/\/www.qualitester.com\/?page_id=7562"},"modified":"2025-11-07T10:48:52","modified_gmt":"2025-11-07T02:48:52","slug":"trapezoidal-tear-strength-testing","status":"publish","type":"page","link":"https:\/\/www.qualitester.com\/sv\/applications\/trapezoidal-tear-strength-testing\/","title":{"rendered":"Provning av h\u00e5llfasthet vid trapesformad rivning"},"content":{"rendered":"<h1 style=\"text-align: center;\" data-start=\"445\" data-end=\"463\">Provning av h\u00e5llfasthet vid trapesformad rivning<br \/>\nASTM D4533<\/h1>\n<p data-start=\"465\" data-end=\"950\">Den <strong data-start=\"469\" data-end=\"503\">h\u00e5llfasthetsprov f\u00f6r trapesformad rivning<\/strong> \u00e4r en grundl\u00e4ggande metod f\u00f6r att utv\u00e4rdera rivh\u00e5llfastheten hos v\u00e4vda och ov\u00e4vda material, s\u00e4rskilt geotextilier och industrityger. Det hj\u00e4lper tillverkare, forskare och kvalitetsinspekt\u00f6rer att best\u00e4mma ett materials h\u00e5llbarhet n\u00e4r det uts\u00e4tts f\u00f6r rivkrafter. Detta test, som \u00e4r standardiserat i <a href=\"https:\/\/www.qualitester.com\/sv\/standards\/astm-d4533\/\" target=\"_blank\" rel=\"noopener\"><strong data-start=\"801\" data-end=\"815\">ASTM D4533<\/strong><\/a>, m\u00e4ter <em data-start=\"830\" data-end=\"873\">Trapesformad rivh\u00e5llfasthet hos geotextilier<\/em> och ger en v\u00e4rdefull inblick i produktens prestanda under praktisk anv\u00e4ndning.<\/p>\n<p data-start=\"952\" data-end=\"1268\">I branscher som <strong data-start=\"971\" data-end=\"1024\">f\u00f6rpackningar, textilier och geoteknik<\/strong>, Genom att f\u00f6rst\u00e5 rivh\u00e5llfastheten s\u00e4kerst\u00e4ller man att materialen fungerar tillf\u00f6rlitligt under mekanisk belastning. F\u00f6retag som t.ex. <strong data-start=\"1139\" data-end=\"1159\">Cellinstrument<\/strong> tillhandah\u00e5lla avancerad <strong data-start=\"1177\" data-end=\"1204\">dragprovningssystem<\/strong> som utf\u00f6r detta test p\u00e5 ett korrekt s\u00e4tt f\u00f6r en m\u00e4ngd olika material.<\/p>\n<hr data-start=\"1270\" data-end=\"1273\" \/>\n<h2 data-start=\"1275\" data-end=\"1324\">Vad \u00e4r styrketestet f\u00f6r trapesformade t\u00e5rar?<\/h2>\n<p data-start=\"1326\" data-end=\"1638\">Det trapetsformade rivh\u00e5llfasthetstestet best\u00e4mmer <strong data-start=\"1376\" data-end=\"1414\">kraft som kr\u00e4vs f\u00f6r att sprida en reva<\/strong> i ett provmaterial format som en trapetsoid. Den unika geometrin g\u00f6r det m\u00f6jligt f\u00f6r t\u00e5rarna att utvecklas p\u00e5 ett kontrollerat s\u00e4tt, vilket ger konsekventa resultat som indikerar <strong data-start=\"1576\" data-end=\"1635\">dragh\u00e5llfasthet f\u00f6r tyg eller geotextilmaterial<\/strong>.<\/p>\n<p data-start=\"1640\" data-end=\"1925\">Den h\u00e4r metoden \u00e4r s\u00e4rskilt anv\u00e4ndbar eftersom den simulerar verkliga f\u00f6rh\u00e5llanden d\u00e4r sm\u00e5 punkteringar eller sk\u00e4rs\u00e5r kan expandera under sp\u00e4nning. Testresultaten \u00e5terspeglar hur v\u00e4l ett material motst\u00e5r en s\u00e5dan utbredning, vilket g\u00f6r det till ett viktigt m\u00e5tt f\u00f6r <strong data-start=\"1878\" data-end=\"1922\">tygintegritet och produkttillf\u00f6rlitlighet<\/strong>.<\/p>\n<hr data-start=\"1927\" data-end=\"1930\" \/>\n<h2 data-start=\"1932\" data-end=\"1980\">ASTM D4533 - Standardmetod f\u00f6r test av trapesformad rivstyrka<\/h2>\n<p data-start=\"1982\" data-end=\"2247\">Den <strong data-start=\"1986\" data-end=\"2009\">ASTM D4533 standard<\/strong> ger den officiella v\u00e4gledningen f\u00f6r att utf\u00f6ra testet f\u00f6r trapezoid rivh\u00e5llfasthet. Proceduren g\u00e4ller f\u00f6r de flesta <strong data-start=\"2120\" data-end=\"2164\">v\u00e4vda, icke-v\u00e4vda och skiktade geotextilier<\/strong>, inklusive stickade tyger och filt som anv\u00e4nds inom bygg- och anl\u00e4ggningsindustrin.<\/p>\n<p data-start=\"2249\" data-end=\"2285\"><strong data-start=\"2249\" data-end=\"2283\">Viktiga steg i testet \u00e4r bland annat:<\/strong><\/p>\n<ul>\n<li data-start=\"2288\" data-end=\"2368\">Kapning av provkroppen till trapetsform med en liten slits i mitten.<\/li>\n<li data-start=\"2371\" data-end=\"2441\">Kl\u00e4m fast de tv\u00e5 icke-parallella sidorna i en <strong data-start=\"2411\" data-end=\"2438\">dragprovningsmaskin<\/strong>.<\/li>\n<li data-start=\"2444\" data-end=\"2529\">Applicerar en kontinuerlig dragkraft med konstant hastighet (typiskt 300 \u00b1 10 mm\/min).<\/li>\n<li data-start=\"2532\" data-end=\"2605\">Registrering av den maximala rivkraften fr\u00e5n <strong data-start=\"2577\" data-end=\"2602\">kraft-extensionskurva<\/strong>.<\/li>\n<\/ul>\n<p data-start=\"2607\" data-end=\"2806\">Den <strong data-start=\"2611\" data-end=\"2628\">maximal kraft<\/strong> erh\u00e5llna representerar den <em data-start=\"2653\" data-end=\"2681\">trapezoid rivh\u00e5llfasthet<\/em>. F\u00f6r att f\u00e5 tillf\u00f6rlitliga data testas varje prov i b\u00e5de <strong data-start=\"2736\" data-end=\"2764\">maskinriktning (varp)<\/strong> och <strong data-start=\"2769\" data-end=\"2803\">riktning tv\u00e4rs \u00f6ver maskinen (inslag)<\/strong>.<\/p>\n<hr data-start=\"2808\" data-end=\"2811\" \/>\n<h3 data-start=\"2813\" data-end=\"2891\">Betydelse och till\u00e4mpningar av trapezoid rivh\u00e5llfasthet i geotextilier<\/h3>\n<p data-start=\"2893\" data-end=\"3220\">F\u00f6rst\u00e5else f\u00f6r <strong data-start=\"2911\" data-end=\"2956\">Trapesformad rivh\u00e5llfasthet hos geotextilier<\/strong> \u00e4r avg\u00f6rande f\u00f6r att kunna f\u00f6ruts\u00e4ga deras prestanda i verkliga till\u00e4mpningar. I <strong data-start=\"3030\" data-end=\"3076\">bygg- och milj\u00f6teknik<\/strong>, geotextilier fungerar som f\u00f6rst\u00e4rknings-, separations- eller filtreringsskikt. De m\u00e5ste t\u00e5la mekanisk p\u00e5frestning under installation och service.<\/p>\n<p data-start=\"3222\" data-end=\"3508\">F\u00f6r <strong data-start=\"3226\" data-end=\"3243\">v\u00e4vda tyger<\/strong>, beror rivh\u00e5llfastheten i f\u00f6rsta hand p\u00e5 garnets styrka och riktning. I kontrast till detta, <strong data-start=\"3331\" data-end=\"3353\">Icke-v\u00e4vda material<\/strong> f\u00f6rlitar sig p\u00e5 fiberbindning och slumpm\u00e4ssig orientering. Genom att j\u00e4mf\u00f6ra resultaten i olika riktningar kan ingenj\u00f6rerna optimera strukturen f\u00f6r maximal h\u00e5llbarhet.<\/p>\n<p data-start=\"3510\" data-end=\"3680\">Detta test hj\u00e4lper ocks\u00e5 <strong data-start=\"3533\" data-end=\"3562\">personal f\u00f6r kvalitetskontroll<\/strong> att identifiera svaga punkter i materialet, s\u00e4kerst\u00e4lla efterlevnad av <strong data-start=\"3632\" data-end=\"3654\">branschstandarder<\/strong> f\u00f6re anv\u00e4ndning i stor skala.<\/p>\n<hr data-start=\"3682\" data-end=\"3685\" \/>\n<h3 data-start=\"3687\" data-end=\"3750\">Provningsmetod f\u00f6r rivh\u00e5llfasthet f\u00f6r tyger och andra material<\/h3>\n<p data-start=\"3752\" data-end=\"4045\">Den <strong data-start=\"3756\" data-end=\"3785\">provningsmetod f\u00f6r rivh\u00e5llfasthet<\/strong> f\u00f6r tyger g\u00e4ller inte bara geotextilier utan \u00e4ven produkter som anv\u00e4nds i <strong data-start=\"3859\" data-end=\"3914\">f\u00f6rpackningar, medicinska textilier och tekniska kl\u00e4der<\/strong>. M\u00e4tning <strong data-start=\"3926\" data-end=\"3951\">dragh\u00e5llfasthet vid rivning<\/strong> hj\u00e4lper tillverkare att utv\u00e4rdera produkts\u00e4kerhet, livsl\u00e4ngd och \u00f6vergripande mekanisk prestanda.<\/p>\n<hr data-start=\"4230\" data-end=\"4233\" \/>\n<h3 data-start=\"4235\" data-end=\"4296\">Rekommenderad utrustning - Cell Instruments dragprovare<\/h3>\n<p><a href=\"https:\/\/www.qualitester.com\/sv\/produkt-2\/tensile-tester-tst-01\/\"><img fetchpriority=\"high\" decoding=\"async\" class=\"alignleft wp-image-7563 size-medium\" src=\"https:\/\/www.qualitester.com\/wp-content\/uploads\/2025\/11\/Trapezoidal-Tear-Strength-Test-\u2013-ASTM-D4533-for-Geotextile-300x300.webp\" alt=\"Test av trapesformad rivh\u00e5llfasthet - ASTM D4533 f\u00f6r geotextil\" width=\"300\" height=\"300\" srcset=\"https:\/\/www.qualitester.com\/wp-content\/uploads\/2025\/11\/Trapezoidal-Tear-Strength-Test-\u2013-ASTM-D4533-for-Geotextile-300x300.webp 300w, https:\/\/www.qualitester.com\/wp-content\/uploads\/2025\/11\/Trapezoidal-Tear-Strength-Test-\u2013-ASTM-D4533-for-Geotextile-150x150.webp 150w, https:\/\/www.qualitester.com\/wp-content\/uploads\/2025\/11\/Trapezoidal-Tear-Strength-Test-\u2013-ASTM-D4533-for-Geotextile-12x12.webp 12w, https:\/\/www.qualitester.com\/wp-content\/uploads\/2025\/11\/Trapezoidal-Tear-Strength-Test-\u2013-ASTM-D4533-for-Geotextile-100x100.webp 100w, https:\/\/www.qualitester.com\/wp-content\/uploads\/2025\/11\/Trapezoidal-Tear-Strength-Test-\u2013-ASTM-D4533-for-Geotextile.webp 600w\" sizes=\"(max-width: 300px) 100vw, 300px\" \/><\/a><\/p>\n<p data-start=\"4298\" data-end=\"4623\">F\u00f6r att utf\u00f6ra ett exakt trapetstest beh\u00f6ver laboratorierna en <strong data-start=\"4371\" data-end=\"4407\">tillf\u00f6rlitlig dragprovningsmaskin<\/strong> med m\u00f6jlighet till laststyrning med konstant hastighet och noggrann datainsamling. <strong data-start=\"4477\" data-end=\"4497\">Cellinstrument<\/strong> erbjuder avancerade <a href=\"https:\/\/www.qualitester.com\/sv\/produkt-2\/tensile-tester-tst-01\/\" target=\"_blank\" rel=\"noopener\"><strong data-start=\"4514\" data-end=\"4533\">dragprovare<\/strong><\/a> utformad speciellt f\u00f6r <strong data-start=\"4560\" data-end=\"4620\">geotextilier, textilier, f\u00f6rpackningsmaterial och plast<\/strong>.<\/p>\n<p data-start=\"4625\" data-end=\"4648\">Viktiga egenskaper inkluderar:<\/p>\n<ul>\n<li data-start=\"4651\" data-end=\"4720\"><strong data-start=\"4651\" data-end=\"4679\">Lastceller med h\u00f6g noggrannhet<\/strong> f\u00f6r exakt m\u00e4tning av rivkraften.<\/li>\n<li data-start=\"4723\" data-end=\"4787\"><strong data-start=\"4723\" data-end=\"4758\">Programmerbar kontroll av testhastighet<\/strong> f\u00f6r \u00f6verensst\u00e4mmelse med ASTM D4533.<\/li>\n<li data-start=\"4790\" data-end=\"4861\"><strong data-start=\"4790\" data-end=\"4825\">Anpassningsbara grepp och fixturer<\/strong> f\u00f6r v\u00e4vda och ov\u00e4vda provkroppar.<\/li>\n<li data-start=\"4864\" data-end=\"4942\"><strong data-start=\"4864\" data-end=\"4890\">Anv\u00e4ndarv\u00e4nlig programvara<\/strong> f\u00f6r automatisk dataregistrering och resultatanalys.<\/li>\n<\/ul>\n<p data-start=\"4944\" data-end=\"5084\">Dessa instrument f\u00f6rb\u00e4ttrar inte bara <strong data-start=\"4979\" data-end=\"5001\">testning av effektivitet<\/strong> men ocks\u00e5 hj\u00e4lpa kunderna att uppfylla <strong data-start=\"5029\" data-end=\"5081\">internationella standarder och projektkrav<\/strong>.<\/p>\n<hr data-start=\"5086\" data-end=\"5089\" \/>\n<p data-start=\"5398\" data-end=\"5631\">\n<h3 data-start=\"5638\" data-end=\"5647\">VANLIGA FR\u00c5GOR<\/h3>\n<p data-start=\"5649\" data-end=\"5820\"><strong data-start=\"5649\" data-end=\"5715\">F1: Vad \u00e4r syftet med styrkeprovet f\u00f6r trapetsformad rivning?<\/strong><br data-start=\"5715\" data-end=\"5718\" \/>Den m\u00e4ter ett materials motst\u00e5ndskraft mot rivspridning och hj\u00e4lper till att utv\u00e4rdera dess mekaniska h\u00e5llbarhet.<\/p>\n<p data-start=\"5822\" data-end=\"5963\"><strong data-start=\"5822\" data-end=\"5877\">F2: Vilka material kan testas med ASTM D4533?<\/strong><br data-start=\"5877\" data-end=\"5880\" \/>V\u00e4vda, nonwoven, stickade och skiktade geotextilier samt industriella tyger.<\/p>\n<p data-start=\"5965\" data-end=\"6114\"><strong data-start=\"5965\" data-end=\"6015\">F3: Varf\u00f6r anv\u00e4nda trapetsformen f\u00f6r testning?<\/strong><br data-start=\"6015\" data-end=\"6018\" \/>Det ger en kontrollerad spridning av t\u00e5rarna och konsekventa resultat j\u00e4mf\u00f6rt med oregelbundna t\u00e5rtester.<\/p>\n<p data-start=\"6116\" data-end=\"6309\"><strong data-start=\"6116\" data-end=\"6168\">Q4: Vilken utrustning rekommenderas f\u00f6r detta test?<\/strong><br data-start=\"6168\" data-end=\"6171\" \/>A <strong data-start=\"6173\" data-end=\"6191\">dragprovare<\/strong> med konstant r\u00f6relsehastighet, till exempel de modeller som tillhandah\u00e5lls av <strong data-start=\"6250\" data-end=\"6270\">Cellinstrument<\/strong>, \u00e4r idealisk f\u00f6r <a href=\"https:\/\/www.astm.org\/d4533_d4533m-15.html\" target=\"_blank\" rel=\"noopener nofollow\">ASTM D4533<\/a> \u00f6verensst\u00e4mmelse.<\/p>","protected":false},"excerpt":{"rendered":"<p>Trapezoidal Tear Strength Testing ASTM D4533 The trapezoidal tear strength test is a fundamental method for evaluating the tearing resistance of woven and nonwoven materials, especially geotextiles and industrial fabrics. It helps manufacturers, researchers, and quality inspectors determine a material\u2019s durability when subjected to tearing forces. This test, standardized in ASTM D4533, measures the trapezoid &hellip;<\/p>\n<p class=\"read-more\"> <a class=\"\" href=\"https:\/\/www.qualitester.com\/sv\/applications\/trapezoidal-tear-strength-testing\/\"> <span class=\"screen-reader-text\">Provning av h\u00e5llfasthet vid trapesformad rivning<\/span> L\u00e4s mer \"<\/a><\/p>","protected":false},"author":4,"featured_media":7563,"parent":6794,"menu_order":0,"comment_status":"closed","ping_status":"closed","template":"","meta":{"site-sidebar-layout":"default","site-content-layout":"default","ast-global-header-display":"","ast-main-header-display":"","ast-hfb-above-header-display":"","ast-hfb-below-header-display":"","ast-hfb-mobile-header-display":"","site-post-title":"disabled","ast-breadcrumbs-content":"","ast-featured-img":"disabled","footer-sml-layout":"","theme-transparent-header-meta":"default","adv-header-id-meta":"","stick-header-meta":"","header-above-stick-meta":"","header-main-stick-meta":"","header-below-stick-meta":"","footnotes":""},"class_list":["post-7562","page","type-page","status-publish","has-post-thumbnail","hentry"],"_links":{"self":[{"href":"https:\/\/www.qualitester.com\/sv\/wp-json\/wp\/v2\/pages\/7562","targetHints":{"allow":["GET"]}}],"collection":[{"href":"https:\/\/www.qualitester.com\/sv\/wp-json\/wp\/v2\/pages"}],"about":[{"href":"https:\/\/www.qualitester.com\/sv\/wp-json\/wp\/v2\/types\/page"}],"author":[{"embeddable":true,"href":"https:\/\/www.qualitester.com\/sv\/wp-json\/wp\/v2\/users\/4"}],"replies":[{"embeddable":true,"href":"https:\/\/www.qualitester.com\/sv\/wp-json\/wp\/v2\/comments?post=7562"}],"version-history":[{"count":0,"href":"https:\/\/www.qualitester.com\/sv\/wp-json\/wp\/v2\/pages\/7562\/revisions"}],"up":[{"embeddable":true,"href":"https:\/\/www.qualitester.com\/sv\/wp-json\/wp\/v2\/pages\/6794"}],"wp:featuredmedia":[{"embeddable":true,"href":"https:\/\/www.qualitester.com\/sv\/wp-json\/wp\/v2\/media\/7563"}],"wp:attachment":[{"href":"https:\/\/www.qualitester.com\/sv\/wp-json\/wp\/v2\/media?parent=7562"}],"curies":[{"name":"wp","href":"https:\/\/api.w.org\/{rel}","templated":true}]}}