{"id":7527,"date":"2025-11-04T15:57:24","date_gmt":"2025-11-04T07:57:24","guid":{"rendered":"https:\/\/www.qualitester.com\/?page_id=7527"},"modified":"2025-12-17T13:56:42","modified_gmt":"2025-12-17T05:56:42","slug":"geomembrane-puncture-testing","status":"publish","type":"page","link":"https:\/\/www.qualitester.com\/sv\/applications\/geomembrane-puncture-testing\/","title":{"rendered":"Punkteringsprovning av geomembran"},"content":{"rendered":"<h1 style=\"text-align: center;\" data-start=\"466\" data-end=\"902\">Punkteringsprovning av geomembran<br \/>\n<small>ASTM D4883<\/small><\/h1>\n<p data-start=\"466\" data-end=\"902\">Geomembran spelar en avg\u00f6rande roll i milj\u00f6skyddande applikationer som deponier, reservoarer och gruvdammar. Att s\u00e4kerst\u00e4lla deras h\u00e5llbarhet och punkteringsbest\u00e4ndighet \u00e4r avg\u00f6rande f\u00f6r att f\u00f6rhindra l\u00e4ckage och systemfel. De <strong data-start=\"691\" data-end=\"720\">punkteringstest f\u00f6r geomembran<\/strong> \u00e4r en standardiserad metod som anv\u00e4nds f\u00f6r att utv\u00e4rdera dessa materials f\u00f6rm\u00e5ga att motst\u00e5 mekanisk p\u00e5frestning och penetration, vilket ger en viktig indikator p\u00e5 prestanda och kvalitet.<\/p>\n<hr data-start=\"904\" data-end=\"907\" \/>\n<h2 data-start=\"909\" data-end=\"956\">Betydelsen av punkteringstestet f\u00f6r geomembran<\/h2>\n<p data-start=\"958\" data-end=\"1476\">Geomembranens punkteringsh\u00e5llfasthet har en direkt inverkan p\u00e5 deras skyddsfunktion i tuffa milj\u00f6er. Vassa stenar, byggrester eller installationssp\u00e4nningar kan \u00e4ventyra ett linersystems integritet om materialet saknar tillr\u00e4cklig punkteringsstyrka. D\u00e4rf\u00f6r b\u00f6r man utf\u00f6ra en <strong data-start=\"1245\" data-end=\"1274\">punkteringstest f\u00f6r geomembran<\/strong> hj\u00e4lper tillverkare, ingenj\u00f6rer och kvalitetskontrollspecialister att s\u00e4kerst\u00e4lla att materialet uppfyller projektspecifika h\u00e5llbarhetskrav och \u00f6verensst\u00e4mmer med internationella standarder som t.ex. <strong data-start=\"1461\" data-end=\"1475\">ASTM D4833<\/strong>.<\/p>\n<p data-start=\"1478\" data-end=\"1718\">Detta test hj\u00e4lper ocks\u00e5 till att j\u00e4mf\u00f6ra material, optimera produktionsformuleringar och f\u00f6rb\u00e4ttra konstruktionens tillf\u00f6rlitlighet. Det \u00e4r s\u00e4rskilt viktigt i <strong data-start=\"1627\" data-end=\"1669\">kvalitetss\u00e4kringsprogram f\u00f6r geomembran<\/strong> f\u00f6r geotekniska och civilingenj\u00f6rsprojekt.<\/p>\n<hr data-start=\"1720\" data-end=\"1723\" \/>\n<h2 data-start=\"1725\" data-end=\"1782\">Index Geomembranets punkteringsmotst\u00e5nd (<a href=\"https:\/\/www.packqc.com\/standard\/astm-d4833\/\" rel=\"nofollow noopener\" target=\"_blank\">ASTM D4833<\/a>)<\/h2>\n<p data-start=\"1784\" data-end=\"2128\">Den <strong data-start=\"1788\" data-end=\"1832\">index punkteringsmotst\u00e5nd f\u00f6r geomembran<\/strong> definierad i <strong data-start=\"1844\" data-end=\"1865\">ASTM D4833\/D4833M<\/strong> ger ett standardiserat s\u00e4tt att best\u00e4mma materialets motst\u00e5ndskraft mot lokal penetration. I denna metod kl\u00e4ms ett provstycke fast mellan cirkul\u00e4ra plattor och uts\u00e4tts f\u00f6r en punkterande kraft av en solid st\u00e5lst\u00e5ng med hj\u00e4lp av en <strong data-start=\"2100\" data-end=\"2127\">dragprovningsmaskin<\/strong>.<\/p>\n<p data-start=\"2130\" data-end=\"2370\"><span style=\"text-decoration: underline;\"><em>Den<\/em> <strong data-start=\"2134\" data-end=\"2175\">maximal kraft registrerad f\u00f6re brott<\/strong> representerar geomembranets v\u00e4rde f\u00f6r punkteringsmotst\u00e5nd.<\/span> Detta v\u00e4rde fungerar som ett j\u00e4mf\u00f6relseindex som g\u00f6r det m\u00f6jligt f\u00f6r anv\u00e4ndare att bed\u00f6ma materialprestanda under konsekventa och reproducerbara f\u00f6rh\u00e5llanden.<\/p>\n<p data-start=\"2372\" data-end=\"2406\">Viktiga aspekter av ASTM D4833 inkluderar:<\/p>\n<ul>\n<li data-start=\"2409\" data-end=\"2477\">Provkroppen sp\u00e4nns fast <em data-start=\"2433\" data-end=\"2450\">utan sp\u00e4nning<\/em> mellan cirkul\u00e4ra plattor.<\/li>\n<li data-start=\"2480\" data-end=\"2571\">Punkteringskraften appliceras med en konstant hastighet av <strong data-start=\"2533\" data-end=\"2568\">300 \u00b1 10 mm\/min (12 \u00b1 \u00bd in\/min)<\/strong>.<\/li>\n<li data-start=\"2574\" data-end=\"2666\">Den <strong data-start=\"2578\" data-end=\"2601\">punkteringsbest\u00e4ndighet<\/strong> best\u00e4ms utifr\u00e5n <strong data-start=\"2625\" data-end=\"2639\">maximal kraft<\/strong> registreras under testningen.<\/li>\n<li data-start=\"2669\" data-end=\"2771\">F\u00f6r kompositmaterial \u00e4r <strong data-start=\"2698\" data-end=\"2721\">f\u00f6rsta brottpunkten<\/strong> rapporteras, \u00e4ven om en andra h\u00f6gre topp intr\u00e4ffar.<\/li>\n<\/ul>\n<p data-start=\"2773\" data-end=\"2885\">Denna standardiserade testmetod s\u00e4kerst\u00e4ller korrekt och enhetlig datarapportering mellan laboratorier och tillverkare.<\/p>\n<hr data-start=\"2887\" data-end=\"2890\" \/>\n<h2 data-start=\"2892\" data-end=\"2965\">Test av punkteringsmotst\u00e5nd hos geomembran: F\u00f6rfarande och tolkning<\/h2>\n<p data-start=\"2967\" data-end=\"3237\">Utf\u00f6ra en <strong data-start=\"2980\" data-end=\"3023\">provning av punkteringsmotst\u00e5nd hos geomembran<\/strong> kr\u00e4ver precision och konsekvens. En korrekt kalibrerad drag- eller tryckprovningsmaskin, som t.ex. <strong data-start=\"3134\" data-end=\"3169\">Cell Instruments dragprovare<\/strong>, s\u00e4kerst\u00e4ller att testbelastningen appliceras mjukt och med r\u00e4tt hastighet.<\/p>\n<p data-start=\"3239\" data-end=\"3267\">Testf\u00f6rfarandet omfattar:<\/p>\n<ol>\n<li data-start=\"3271\" data-end=\"3371\">Val av l\u00e4mpligt belastningsomr\u00e5de s\u00e5 att brott uppst\u00e5r mellan 10% och 90% av fullskalig belastning.<\/li>\n<li data-start=\"3375\" data-end=\"3446\">F\u00e4st geomembranprovet centralt mellan kl\u00e4mplattorna.<\/li>\n<li data-start=\"3450\" data-end=\"3508\">Applicera punkteringsstaven tills fullst\u00e4ndig bristning uppst\u00e5r.<\/li>\n<li data-start=\"3512\" data-end=\"3579\">Inspelning av <strong data-start=\"3526\" data-end=\"3543\">maximal kraft<\/strong> som v\u00e4rde f\u00f6r punkteringsmotst\u00e5nd.<\/li>\n<\/ol>\n<p data-start=\"3581\" data-end=\"3807\">Resultaten anv\u00e4nds f\u00f6r att utv\u00e4rdera <strong data-start=\"3614\" data-end=\"3647\">geomembranets punkteringsh\u00e5llfasthet<\/strong> och f\u00f6r att j\u00e4mf\u00f6ra material eller tillverkningspartier. Ett h\u00f6gre punkteringsmotst\u00e5nd indikerar \u00f6verl\u00e4gsen h\u00e5llbarhet och l\u00e4mplighet f\u00f6r kr\u00e4vande f\u00e4ltapplikationer.<\/p>\n<hr data-start=\"3809\" data-end=\"3812\" \/>\n<h2 data-start=\"3814\" data-end=\"3879\">Test av geomembrans punkteringsh\u00e5llfasthet: Till\u00e4mpningar och f\u00f6rdelar<\/h2>\n<p data-start=\"3881\" data-end=\"4046\">Den <strong data-start=\"3885\" data-end=\"3923\">test av geomembrans punkteringsh\u00e5llfasthet<\/strong> \u00e4r oumb\u00e4rlig vid konstruktion och val av geomembran f\u00f6r inneslutningssystem. Den ger viktiga insikter i:<\/p>\n<ul>\n<li data-start=\"4049\" data-end=\"4121\"><strong data-start=\"4049\" data-end=\"4071\">Materialets seghet<\/strong> och f\u00f6rm\u00e5ga att motst\u00e5 penetration med vassa f\u00f6rem\u00e5l.<\/li>\n<li data-start=\"4124\" data-end=\"4202\"><strong data-start=\"4124\" data-end=\"4150\">J\u00e4mf\u00f6relse av prestanda<\/strong> mellan olika typer av geomembran (HDPE, LLDPE, PVC, etc.).<\/li>\n<li data-start=\"4205\" data-end=\"4281\"><strong data-start=\"4205\" data-end=\"4224\">Kvalitetskontroll<\/strong> f\u00f6r tillverkare att s\u00e4kerst\u00e4lla en konsekvent produktion.<\/li>\n<li data-start=\"4284\" data-end=\"4358\"><strong data-start=\"4284\" data-end=\"4312\">S\u00e4kerst\u00e4llande av projekts\u00e4kerhet<\/strong>, vilket minimerar risken f\u00f6r l\u00e4ckage eller fel.<\/li>\n<\/ul>\n<p data-start=\"4360\" data-end=\"4525\">Genom att integrera detta test under materialkvalificering och produktionsstadier kan organisationer avsev\u00e4rt f\u00f6rb\u00e4ttra l\u00e5ngsiktig prestanda och milj\u00f6s\u00e4kerhet.<\/p>\n<hr data-start=\"4527\" data-end=\"4530\" \/>\n<h2 data-start=\"4532\" data-end=\"4598\">Rekommenderad testutrustning: Cell Instruments dragprovare<\/h2>\n<p><a href=\"https:\/\/www.qualitester.com\/sv\/produkt-2\/tensile-tester-tst-01\/\"><img fetchpriority=\"high\" decoding=\"async\" class=\"size-medium wp-image-7531 alignleft\" src=\"https:\/\/www.qualitester.com\/wp-content\/uploads\/2025\/11\/Geomembrane-Puncture-Testing-ASTM-D4833-Index-Puncture-300x300.webp\" alt=\"Punkteringstest f\u00f6r geomembran - ASTM D4833 Index punktering\" width=\"300\" height=\"300\" srcset=\"https:\/\/www.qualitester.com\/wp-content\/uploads\/2025\/11\/Geomembrane-Puncture-Testing-ASTM-D4833-Index-Puncture-300x300.webp 300w, https:\/\/www.qualitester.com\/wp-content\/uploads\/2025\/11\/Geomembrane-Puncture-Testing-ASTM-D4833-Index-Puncture-150x150.webp 150w, https:\/\/www.qualitester.com\/wp-content\/uploads\/2025\/11\/Geomembrane-Puncture-Testing-ASTM-D4833-Index-Puncture-12x12.webp 12w, https:\/\/www.qualitester.com\/wp-content\/uploads\/2025\/11\/Geomembrane-Puncture-Testing-ASTM-D4833-Index-Puncture-100x100.webp 100w, https:\/\/www.qualitester.com\/wp-content\/uploads\/2025\/11\/Geomembrane-Puncture-Testing-ASTM-D4833-Index-Puncture.webp 600w\" sizes=\"(max-width: 300px) 100vw, 300px\" \/><\/a>F\u00f6r tillf\u00f6rlitlig och exakt provning av punktering av geomembran, <strong data-start=\"4655\" data-end=\"4691\">Cell Instruments\u2019 <a href=\"https:\/\/www.qualitester.com\/sv\/produkt-2\/tensile-tester-tst-01\/\">Dragprovare<\/a><\/strong> erbjuder avancerad lastkontroll, stabil testhastighet och h\u00f6guppl\u00f6st datainsamling. Dess design st\u00f6der olika geosyntetiska provningsfixturer, inklusive ringkl\u00e4mmor och punkteringsstavar som anges i <strong data-start=\"4891\" data-end=\"4905\">ASTM D4833<\/strong>.<\/p>\n<p data-start=\"4908\" data-end=\"4931\">Viktiga f\u00f6rdelar \u00e4r bland annat:<\/p>\n<ul>\n<li data-start=\"4934\" data-end=\"4984\">H\u00f6g noggrannhet och repeterbarhet hos testresultaten.<\/li>\n<li data-start=\"4987\" data-end=\"5040\">Anv\u00e4ndarv\u00e4nlig programvara f\u00f6r dataanalys i realtid.<\/li>\n<li data-start=\"5043\" data-end=\"5105\">Kompatibilitet med flera olika teststandarder och provtyper.<\/li>\n<\/ul>\n<p data-start=\"5107\" data-end=\"5308\">Genom att anv\u00e4nda Cell Instruments utrustning kan laboratorier och kvalitetskontrollavdelningar uppn\u00e5 konsekvent, kompatibel och effektiv utv\u00e4rdering av punkteringsmotst\u00e5nd f\u00f6r geomembraner och relaterade produkter.<\/p>\n<hr data-start=\"5310\" data-end=\"5313\" \/>\n<h2 data-start=\"6072\" data-end=\"6389\">Vanliga fr\u00e5gor<\/h2>\n<p data-start=\"6072\" data-end=\"6389\"><strong data-start=\"6072\" data-end=\"6132\">1. Vad \u00e4r syftet med punkteringstestet f\u00f6r geomembran?<\/strong><br data-start=\"6132\" data-end=\"6135\" \/>Punkteringstestet f\u00f6r geomembran fastst\u00e4ller materialets motst\u00e5ndskraft mot punktering och penetration under kontrollerade laboratorief\u00f6rh\u00e5llanden. Det ger ett indexv\u00e4rde som hj\u00e4lper till att bed\u00f6ma materialets seghet, kvalitet och l\u00e4mplighet f\u00f6r f\u00e4ltapplikationer.<\/p>\n<p data-start=\"6391\" data-end=\"6710\"><strong data-start=\"6391\" data-end=\"6465\">2. Vilken standard anv\u00e4nds f\u00f6r provning av geomembrans punkteringsh\u00e5llfasthet?<\/strong><br data-start=\"6465\" data-end=\"6468\" \/>Den mest allm\u00e4nt erk\u00e4nda standarden \u00e4r <strong data-start=\"6507\" data-end=\"6611\"><a href=\"https:\/\/www.astm.org\/d4833_d4833m-07r20.html\" target=\"_blank\" rel=\"noopener nofollow\">ASTM D4833<\/a> - Standardprovningsmetod f\u00f6r indexerat punkteringsmotst\u00e5nd hos geomembraner och relaterade produkter<\/strong>, som definierar procedur, hastighet och testkonfiguration f\u00f6r konsekventa och j\u00e4mf\u00f6rbara resultat.<\/p>\n<p data-start=\"6712\" data-end=\"7053\"><strong data-start=\"6712\" data-end=\"6791\">3. Vilken utrustning kr\u00e4vs f\u00f6r att utf\u00f6ra punkteringstestet f\u00f6r geomembran?<\/strong><br data-start=\"6791\" data-end=\"6794\" \/>A <strong data-start=\"6796\" data-end=\"6823\">dragprovningsmaskin<\/strong> utrustad med en ringkl\u00e4mfixtur och punktionsstav anv\u00e4nds. Instrument som <strong data-start=\"6906\" data-end=\"6941\">Cell Instruments dragprovare<\/strong> \u00e4r idealiska eftersom de ger exakt kraftkontroll och noggrann dataregistrering i enlighet med ASTM D4833.<\/p>\n<p data-start=\"7055\" data-end=\"7367\"><strong data-start=\"7055\" data-end=\"7126\">4. Vilka faktorer p\u00e5verkar punkteringsmotst\u00e5ndet hos ett geomembran?<\/strong><br data-start=\"7126\" data-end=\"7129\" \/>Punkteringsbest\u00e4ndigheten beror p\u00e5 flera faktorer, bland annat materialtyp (HDPE, PVC etc.), tjocklek, formulering, temperatur och tillverkningsprocess. Tjockare och mer elastiska material har i allm\u00e4nhet h\u00f6gre motst\u00e5ndskraft mot punktering.<\/p>\n<p data-start=\"7369\" data-end=\"7687\"><strong data-start=\"7369\" data-end=\"7443\">5. Hur ofta ska punkteringsmotst\u00e5ndet hos geomembran testas?<\/strong><br data-start=\"7443\" data-end=\"7446\" \/>Vi rekommenderar att du testar <strong data-start=\"7472\" data-end=\"7497\">varje produktionssats<\/strong> och genomf\u00f6ra verifieringstester under <strong data-start=\"7536\" data-end=\"7596\">materialkvalificering, installation och kvalitetsrevisioner<\/strong>. Regelbundna tester s\u00e4kerst\u00e4ller att geomembranens prestanda \u00e4r konsekventa och tillf\u00f6rlitliga p\u00e5 l\u00e5ng sikt.<\/p>","protected":false},"excerpt":{"rendered":"<p>Punkteringstest f\u00f6r geomembran ASTM D4883 Geomembran spelar en avg\u00f6rande roll i milj\u00f6skyddstill\u00e4mpningar som deponier, reservoarer och gruvdammar. Att s\u00e4kerst\u00e4lla deras h\u00e5llbarhet och punkteringsbest\u00e4ndighet \u00e4r avg\u00f6rande f\u00f6r att f\u00f6rhindra l\u00e4ckage och systemfel. Geomembranets punkteringstest \u00e4r en standardiserad metod som anv\u00e4nds f\u00f6r att utv\u00e4rdera dessa materials f\u00f6rm\u00e5ga att motst\u00e5 mekanisk p\u00e5frestning ...<\/p>\n<p class=\"read-more\"> <a class=\"\" href=\"https:\/\/www.qualitester.com\/sv\/applications\/geomembrane-puncture-testing\/\"> <span class=\"screen-reader-text\">Punkteringsprovning av geomembran<\/span> L\u00e4s mer \"<\/a><\/p>","protected":false},"author":4,"featured_media":7531,"parent":6794,"menu_order":0,"comment_status":"closed","ping_status":"closed","template":"","meta":{"site-sidebar-layout":"default","site-content-layout":"default","ast-global-header-display":"","ast-main-header-display":"","ast-hfb-above-header-display":"","ast-hfb-below-header-display":"","ast-hfb-mobile-header-display":"","site-post-title":"disabled","ast-breadcrumbs-content":"","ast-featured-img":"disabled","footer-sml-layout":"","theme-transparent-header-meta":"default","adv-header-id-meta":"","stick-header-meta":"","header-above-stick-meta":"","header-main-stick-meta":"","header-below-stick-meta":"","footnotes":""},"class_list":["post-7527","page","type-page","status-publish","has-post-thumbnail","hentry"],"_links":{"self":[{"href":"https:\/\/www.qualitester.com\/sv\/wp-json\/wp\/v2\/pages\/7527","targetHints":{"allow":["GET"]}}],"collection":[{"href":"https:\/\/www.qualitester.com\/sv\/wp-json\/wp\/v2\/pages"}],"about":[{"href":"https:\/\/www.qualitester.com\/sv\/wp-json\/wp\/v2\/types\/page"}],"author":[{"embeddable":true,"href":"https:\/\/www.qualitester.com\/sv\/wp-json\/wp\/v2\/users\/4"}],"replies":[{"embeddable":true,"href":"https:\/\/www.qualitester.com\/sv\/wp-json\/wp\/v2\/comments?post=7527"}],"version-history":[{"count":0,"href":"https:\/\/www.qualitester.com\/sv\/wp-json\/wp\/v2\/pages\/7527\/revisions"}],"up":[{"embeddable":true,"href":"https:\/\/www.qualitester.com\/sv\/wp-json\/wp\/v2\/pages\/6794"}],"wp:featuredmedia":[{"embeddable":true,"href":"https:\/\/www.qualitester.com\/sv\/wp-json\/wp\/v2\/media\/7531"}],"wp:attachment":[{"href":"https:\/\/www.qualitester.com\/sv\/wp-json\/wp\/v2\/media?parent=7527"}],"curies":[{"name":"wp","href":"https:\/\/api.w.org\/{rel}","templated":true}]}}