{"id":7464,"date":"2025-09-17T09:01:57","date_gmt":"2025-09-17T01:01:57","guid":{"rendered":"https:\/\/www.qualitester.com\/?page_id=7464"},"modified":"2025-09-17T09:02:08","modified_gmt":"2025-09-17T01:02:08","slug":"hardness-tester-pharmaceutical","status":"publish","type":"page","link":"https:\/\/www.qualitester.com\/sv\/applications\/hardness-tester-pharmaceutical\/","title":{"rendered":"H\u00e5rdhetsprovare f\u00f6r l\u00e4kemedel f\u00f6r avancerad kvalitetskontroll av l\u00e4kemedel"},"content":{"rendered":"<p data-start=\"369\" data-end=\"808\"><a href=\"https:\/\/www.qualitester.com\/sv\/?s=CHT-01\"><img fetchpriority=\"high\" decoding=\"async\" class=\"alignleft wp-image-7468 size-medium\" src=\"https:\/\/www.qualitester.com\/wp-content\/uploads\/2025\/09\/CHT-01-Capsule-and-Softgel-Hardness-Tester-2_\u526f\u672c-300x300.webp\" alt=\"h\u00e5rdhetsprovare l\u00e4kemedel\" width=\"300\" height=\"300\" srcset=\"https:\/\/www.qualitester.com\/wp-content\/uploads\/2025\/09\/CHT-01-Capsule-and-Softgel-Hardness-Tester-2_\u526f\u672c-300x300.webp 300w, https:\/\/www.qualitester.com\/wp-content\/uploads\/2025\/09\/CHT-01-Capsule-and-Softgel-Hardness-Tester-2_\u526f\u672c-150x150.webp 150w, https:\/\/www.qualitester.com\/wp-content\/uploads\/2025\/09\/CHT-01-Capsule-and-Softgel-Hardness-Tester-2_\u526f\u672c-12x12.webp 12w, https:\/\/www.qualitester.com\/wp-content\/uploads\/2025\/09\/CHT-01-Capsule-and-Softgel-Hardness-Tester-2_\u526f\u672c-100x100.webp 100w, https:\/\/www.qualitester.com\/wp-content\/uploads\/2025\/09\/CHT-01-Capsule-and-Softgel-Hardness-Tester-2_\u526f\u672c.webp 600w\" sizes=\"(max-width: 300px) 100vw, 300px\" \/><\/a>Inom l\u00e4kemedels- och nutraceutikaindustrin, <strong data-start=\"421\" data-end=\"456\">produktkvalitet och enhetlighet<\/strong> \u00e4r inte f\u00f6rhandlingsbara. A <strong data-start=\"479\" data-end=\"513\">h\u00e5rdhetsprovare l\u00e4kemedel<\/strong> \u00e4r ett viktigt instrument f\u00f6r att s\u00e4kerst\u00e4lla att tabletter, kapslar och softgels uppfyller specifikationerna f\u00f6r mekanisk h\u00e5llfasthet. Korrekt h\u00e5rdhetstestning garanterar att doseringsformerna f\u00f6rblir intakta under f\u00f6rpackning, transport och lagring, samtidigt som de s\u00e4kerst\u00e4ller korrekt uppl\u00f6sning f\u00f6r effektivt patientupptag.<\/p>\n<p data-start=\"810\" data-end=\"979\">H\u00e5rdhetsprovning spelar en avg\u00f6rande roll i <strong data-start=\"851\" data-end=\"876\">efterlevnad av regelverk<\/strong> och kvalitetss\u00e4kring, vilket direkt p\u00e5verkar produkttillf\u00f6rlitligheten, patients\u00e4kerheten och varum\u00e4rkets anseende.<\/p>\n<hr \/>\n<h2 data-start=\"810\" data-end=\"979\">Betydelsen av h\u00e5rdhetstestning inom l\u00e4kemedelsindustrin<\/h2>\n<p data-start=\"1037\" data-end=\"1360\">Den mekaniska h\u00e5llfastheten hos farmaceutiska produkter \u00e4r en <strong data-start=\"1093\" data-end=\"1129\">kritisk kvalitetsattribut (CQA)<\/strong>. Kapslar och tabletter som \u00e4r f\u00f6r mjuka kan g\u00e5 s\u00f6nder under hanteringen och orsaka produktf\u00f6rlust eller kontaminering. Omv\u00e4nt kan produkter som \u00e4r f\u00f6r h\u00e5rda f\u00f6rdr\u00f6ja uppl\u00f6sningen, vilket minskar biotillg\u00e4ngligheten och p\u00e5verkar den terapeutiska effekten.<\/p>\n<p data-start=\"1362\" data-end=\"1632\">Farmakop\u00e9standarder som t.ex. <strong data-start=\"1393\" data-end=\"1429\">USP  Tablettens brytkraft<\/strong> och <strong data-start=\"1434\" data-end=\"1480\">EP 2.9.8 Motst\u00e5nd mot krossning av tabletter<\/strong> betona n\u00f6dv\u00e4ndigheten av h\u00e5rdhetstestning f\u00f6r kapslar och softgels. Genomf\u00f6randet av en <strong data-start=\"1567\" data-end=\"1601\">h\u00e5rdhetsprovare l\u00e4kemedel<\/strong> hj\u00e4lper tillverkare att uppn\u00e5:<\/p>\n<ul data-start=\"1634\" data-end=\"1944\">\n<li data-start=\"1634\" data-end=\"1732\">\n<p data-start=\"1636\" data-end=\"1732\"><strong data-start=\"1636\" data-end=\"1666\">Konsistens fr\u00e5n batch till batch<\/strong> - S\u00e4kerst\u00e4ller enhetlig mekanisk h\u00e5llfasthet f\u00f6r varje produktionsparti.<\/p>\n<\/li>\n<li data-start=\"1733\" data-end=\"1798\">\n<p data-start=\"1735\" data-end=\"1798\"><strong data-start=\"1735\" data-end=\"1760\">Regulatorisk efterlevnad<\/strong> - Uppfyller USP-, EP- och GMP-standarder.<\/p>\n<\/li>\n<li data-start=\"1799\" data-end=\"1873\">\n<p data-start=\"1801\" data-end=\"1873\"><strong data-start=\"1801\" data-end=\"1830\">Minskning av produktionsrisker<\/strong> - Uppt\u00e4cker defekter f\u00f6re marknadsintroduktion.<\/p>\n<\/li>\n<li data-start=\"1874\" data-end=\"1944\">\n<p data-start=\"1876\" data-end=\"1944\"><strong data-start=\"1876\" data-end=\"1905\">Konsumenternas f\u00f6rtroende och s\u00e4kerhet<\/strong> - Garanterar tillf\u00f6rlitlig l\u00e4kemedelstillf\u00f6rsel.<\/p>\n<\/li>\n<\/ul>\n<p data-start=\"1946\" data-end=\"2047\">Genom att anv\u00e4nda tillf\u00f6rlitlig h\u00e5rdhetsprovning kan tillverkarna minimera antalet \u00e5terkallelser och f\u00f6rb\u00e4ttra produkts\u00e4kerheten.<\/p>\n<hr \/>\n<h2 data-start=\"1946\" data-end=\"2047\">H\u00e5rdhetsprovare f\u00f6r softgel och gelatinkapslar<\/h2>\n<p data-start=\"2106\" data-end=\"2340\">Softgelkapslar och gelatinkapslar har unika egenskaper som kr\u00e4ver specialiserade testl\u00f6sningar. <strong data-start=\"2216\" data-end=\"2243\">H\u00e5rdhetstest f\u00f6r softgel<\/strong> och <strong data-start=\"2248\" data-end=\"2274\">Testare f\u00f6r gelatinkapslar<\/strong> tillhandah\u00e5lla avancerade funktioner f\u00f6r att ta h\u00e4nsyn till dessa skillnader:<\/p>\n<ul data-start=\"2342\" data-end=\"2679\">\n<li data-start=\"2342\" data-end=\"2535\">\n<p data-start=\"2344\" data-end=\"2535\"><strong data-start=\"2344\" data-end=\"2371\">H\u00e5rdhetstest f\u00f6r softgel<\/strong> - Med justerbart tryck och exakta greppsystem f\u00f6r att f\u00f6rhindra att skalet deformeras, vilket ger exakt kraftm\u00e4tning f\u00f6r oljefyllda eller \u00f6mt\u00e5liga softgels.<\/p>\n<\/li>\n<li data-start=\"2536\" data-end=\"2679\">\n<p data-start=\"2538\" data-end=\"2679\"><strong data-start=\"2538\" data-end=\"2564\">Testare f\u00f6r gelatinkapslar<\/strong> - Den \u00e4r utformad f\u00f6r styva gelatinskal och utv\u00e4rderar v\u00e4ggstyrkan samtidigt som korrekta uppl\u00f6sningsegenskaper bibeh\u00e5lls.<\/p>\n<\/li>\n<\/ul>\n<p data-start=\"2681\" data-end=\"2848\">Dessa instrument st\u00f6der efterlevnaden av <strong data-start=\"2723\" data-end=\"2730\">GMP<\/strong>, <strong data-start=\"2732\" data-end=\"2743\">ICH Q6A<\/strong>och farmakop\u00e9ns riktlinjer och utg\u00f6r en v\u00e4sentlig del av alla kvalitetskontrollprogram f\u00f6r l\u00e4kemedel.<\/p>\n<hr \/>\n<h2 data-start=\"2681\" data-end=\"2848\">Automatiserad h\u00e5rdhetsprovning f\u00f6r \u00f6kad effektivitet<\/h2>\n<p data-start=\"2898\" data-end=\"3048\">Med \u00f6kande produktionskrav blir automatisering av h\u00e5rdhetsprovning alltmer standard. Automatiserad <strong data-start=\"2997\" data-end=\"3031\">h\u00e5rdhetsprovare l\u00e4kemedel<\/strong> system erbjuder:<\/p>\n<ul data-start=\"3050\" data-end=\"3382\">\n<li data-start=\"3050\" data-end=\"3125\">\n<p data-start=\"3052\" data-end=\"3125\"><strong data-start=\"3052\" data-end=\"3073\">Digital precision<\/strong> - Exakta m\u00e4tningar med minimalt m\u00e4nskligt fel.<\/p>\n<\/li>\n<li data-start=\"3126\" data-end=\"3211\">\n<p data-start=\"3128\" data-end=\"3211\"><strong data-start=\"3128\" data-end=\"3147\">H\u00f6g genomstr\u00f6mning<\/strong> - Testar flera prover snabbt f\u00f6r att st\u00f6dja produktionslinjer.<\/p>\n<\/li>\n<li data-start=\"3212\" data-end=\"3293\">\n<p data-start=\"3214\" data-end=\"3293\"><strong data-start=\"3214\" data-end=\"3234\">Integration av data<\/strong> - S\u00e4ker lagring, sp\u00e5rbarhet och revisionsklara register.<\/p>\n<\/li>\n<li data-start=\"3294\" data-end=\"3382\">\n<p data-start=\"3296\" data-end=\"3382\"><strong data-start=\"3296\" data-end=\"3311\">M\u00e5ngsidighet<\/strong> - Kompatibel med olika kapselstorlekar, -former och -formuleringar.<\/p>\n<\/li>\n<\/ul>\n<p data-start=\"3384\" data-end=\"3540\">Automatisering f\u00f6rb\u00e4ttrar inte bara effektiviteten, utan \u00f6kar ocks\u00e5 efterlevnaden av regelverk och st\u00f6der <strong data-start=\"3476\" data-end=\"3498\">FDA 21 CFR del 11<\/strong> Krav p\u00e5 elektronisk registerh\u00e5llning.<\/p>\n<hr \/>\n<h2 data-start=\"3384\" data-end=\"3540\">Standarder och regelefterlevnad<\/h2>\n<p data-start=\"3584\" data-end=\"3680\">H\u00e5rdhetsprovning \u00e4r en <strong data-start=\"3606\" data-end=\"3638\">obligatorisk kvalitetsbed\u00f6mning<\/strong> enligt flera internationella standarder:<\/p>\n<ul data-start=\"3682\" data-end=\"3983\">\n<li data-start=\"3682\" data-end=\"3786\">\n<p data-start=\"3684\" data-end=\"3786\"><strong data-start=\"3684\" data-end=\"3720\">USP  Tablettens brytkraft<\/strong> - Ger standardprocedurer f\u00f6r m\u00e4tning av brotth\u00e5llfasthet.<\/p>\n<\/li>\n<li data-start=\"3787\" data-end=\"3879\">\n<p data-start=\"3789\" data-end=\"3879\"><strong data-start=\"3789\" data-end=\"3835\">EP 2.9.8 Motst\u00e5nd mot krossning av tabletter<\/strong> - S\u00e4kerst\u00e4ller j\u00e4mn mekanisk h\u00e5llfasthet.<\/p>\n<\/li>\n<li data-start=\"3880\" data-end=\"3983\">\n<p data-start=\"3882\" data-end=\"3983\"><strong data-start=\"3882\" data-end=\"3893\">ICH Q6A<\/strong> - Betonar h\u00e5rdhet som en kritisk kvalitetsegenskap vid utveckling av specifikationer.<\/p>\n<\/li>\n<\/ul>\n<p data-start=\"3985\" data-end=\"4148\">Genom att f\u00f6lja dessa standarder kan l\u00e4kemedelstillverkarna uppfylla b\u00e5de nationella och internationella myndighetskrav, vilket s\u00e4kerst\u00e4ller att de accepteras av marknaden.<\/p>\n<hr \/>\n<h2 data-start=\"3985\" data-end=\"4148\">Varf\u00f6r v\u00e4lja Cell Instruments h\u00e5rdhetsm\u00e4tare<\/h2>\n<p data-start=\"4201\" data-end=\"4391\">Cell Instruments erbjuder ett omfattande sortiment av <strong data-start=\"4250\" data-end=\"4327\">Kapselh\u00e5rdhetsm\u00e4tare, softgelh\u00e5rdhetsm\u00e4tare och automatiserade system<\/strong> utformad f\u00f6r farmaceutiska till\u00e4mpningar. F\u00f6rdelarna inkluderar:<\/p>\n<ul data-start=\"4393\" data-end=\"4852\">\n<li data-start=\"4393\" data-end=\"4472\">\n<p data-start=\"4395\" data-end=\"4472\"><strong data-start=\"4395\" data-end=\"4421\">Sensorer med h\u00f6g precision<\/strong> - Exakta och repeterbara h\u00e5rdhetsm\u00e4tningar.<\/p>\n<\/li>\n<li data-start=\"4473\" data-end=\"4572\">\n<p data-start=\"4475\" data-end=\"4572\"><strong data-start=\"4475\" data-end=\"4502\">Anv\u00e4ndarv\u00e4nligt gr\u00e4nssnitt<\/strong> - F\u00f6renklar arbetet i laboratorier och produktionsmilj\u00f6er.<\/p>\n<\/li>\n<li data-start=\"4573\" data-end=\"4664\">\n<p data-start=\"4575\" data-end=\"4664\"><strong data-start=\"4575\" data-end=\"4596\">Datakonnektivitet<\/strong> - St\u00f6djer LIMS- och ERP-integration f\u00f6r s\u00e4ker dokumenthantering.<\/p>\n<\/li>\n<li data-start=\"4665\" data-end=\"4757\">\n<p data-start=\"4667\" data-end=\"4757\"><strong data-start=\"4667\" data-end=\"4691\">Anpassningsbara alternativ<\/strong> - Anpassningsbar f\u00f6r specifika kapseltyper eller softgelformuleringar.<\/p>\n<\/li>\n<li data-start=\"4758\" data-end=\"4852\">\n<p data-start=\"4760\" data-end=\"4852\"><strong data-start=\"4760\" data-end=\"4790\">Tillf\u00f6rlitlig teknisk support<\/strong> - Hj\u00e4lp med utbildning, underh\u00e5ll och kundanpassning.<\/p>\n<\/li>\n<\/ul>\n<p data-start=\"4854\" data-end=\"4983\">Genom att anv\u00e4nda Cell Instruments l\u00f6sningar s\u00e4kerst\u00e4ller l\u00e4kemedelsf\u00f6retagen att de uppr\u00e4tth\u00e5ller effektivitet, efterlevnad och produktkvalitet.<\/p>\n<hr \/>\n<h2 data-start=\"4854\" data-end=\"4983\">Till\u00e4mpningar inom l\u00e4kemedelsindustrin<\/h2>\n<p data-start=\"5035\" data-end=\"5097\">Den <strong data-start=\"5039\" data-end=\"5073\">h\u00e5rdhetsprovare l\u00e4kemedel<\/strong> anv\u00e4nds i stor utstr\u00e4ckning i:<\/p>\n<ul data-start=\"5099\" data-end=\"5454\">\n<li data-start=\"5099\" data-end=\"5186\">\n<p data-start=\"5101\" data-end=\"5186\"><strong data-start=\"5101\" data-end=\"5133\">L\u00e4kemedelstillverkning<\/strong> - Kvalitetskontroll av tabletter, kapslar och softgels.<\/p>\n<\/li>\n<li data-start=\"5187\" data-end=\"5277\">\n<p data-start=\"5189\" data-end=\"5277\"><strong data-start=\"5189\" data-end=\"5230\">Nutraceutiska produkter och kosttillskott<\/strong> - Konsistenss\u00e4kring av softgel och kapslar.<\/p>\n<\/li>\n<li data-start=\"5278\" data-end=\"5362\">\n<p data-start=\"5280\" data-end=\"5362\"><strong data-start=\"5280\" data-end=\"5321\">Laboratorier f\u00f6r forskning och utveckling<\/strong> - St\u00f6d f\u00f6r optimering av formuleringar.<\/p>\n<\/li>\n<li data-start=\"5363\" data-end=\"5454\">\n<p data-start=\"5365\" data-end=\"5454\"><strong data-start=\"5365\" data-end=\"5396\">Avdelningar f\u00f6r kvalitetskontroll<\/strong> - Skydd av produktintegritet f\u00f6re marknadsintroduktion.<\/p>\n<\/li>\n<\/ul>\n<p data-start=\"5456\" data-end=\"5592\">Tillf\u00f6rlitlig h\u00e5rdhetsprovning f\u00f6rb\u00e4ttrar beslutsfattandet, minskar avfallet och s\u00e4kerst\u00e4ller konsumenternas s\u00e4kerhet i produktions- och FoU-milj\u00f6er.<\/p>\n<hr \/>\n<h2 data-start=\"5456\" data-end=\"5592\">Slutsats<\/h2>\n<p data-start=\"5611\" data-end=\"5858\">A <strong data-start=\"5613\" data-end=\"5647\">h\u00e5rdhetsprovare l\u00e4kemedel<\/strong> \u00e4r oumb\u00e4rliga f\u00f6r att uppr\u00e4tth\u00e5lla l\u00e4kemedelskvalitet, s\u00e4kerhet och efterlevnad. Oavsett om du testar tabletter, gelatinkapslar eller softgels ger dessa instrument exakta, repeterbara och regulatoriskt kompatibla resultat.<\/p>\n<p data-start=\"5860\" data-end=\"6012\">Med l\u00f6sningar som <strong data-start=\"5884\" data-end=\"5911\">H\u00e5rdhetstest f\u00f6r softgel<\/strong> och <a href=\"https:\/\/www.qualitester.com\/sv\/?s=CHT-01\"><strong data-start=\"5916\" data-end=\"5942\">Testare f\u00f6r gelatinkapslar<\/strong><\/a>Cell Instruments ger l\u00e4kemedelstillverkare m\u00f6jlighet att uppn\u00e5:<\/p>\n<ul data-start=\"6014\" data-end=\"6155\">\n<li data-start=\"6014\" data-end=\"6044\">\n<p data-start=\"6016\" data-end=\"6044\">Konsekvent produktkvalitet<\/p>\n<\/li>\n<li data-start=\"6045\" data-end=\"6072\">\n<p data-start=\"6047\" data-end=\"6072\">F\u00f6rb\u00e4ttrad patients\u00e4kerhet<\/p>\n<\/li>\n<li data-start=\"6073\" data-end=\"6119\">\n<p data-start=\"6075\" data-end=\"6119\">\u00d6verensst\u00e4mmelse med USP-, EP- och GMP-standarder<\/p>\n<\/li>\n<li data-start=\"6120\" data-end=\"6155\">\n<p data-start=\"6122\" data-end=\"6155\">F\u00f6rb\u00e4ttrad operativ effektivitet<\/p>\n<\/li>\n<\/ul>\n<p data-start=\"6157\" data-end=\"6349\">Att investera i en h\u00e5rdhetsprovare av h\u00f6g kvalitet \u00e4r ett strategiskt val f\u00f6r f\u00f6retag som vill uppr\u00e4tth\u00e5lla <strong data-start=\"6256\" data-end=\"6276\">varum\u00e4rkets anseende<\/strong> och leverera <strong data-start=\"6289\" data-end=\"6332\">s\u00e4kra och effektiva l\u00e4kemedelsprodukter<\/strong> till marknaden.<\/p>","protected":false},"excerpt":{"rendered":"<p>In the pharmaceutical and nutraceutical industries, product quality and consistency are non-negotiable. A hardness tester pharmaceutical is a key instrument for ensuring that tablets, capsules, and softgels meet mechanical strength specifications. Proper hardness testing guarantees that dosage forms remain intact during packaging, transport, and storage, while also ensuring proper dissolution for effective patient absorption. Hardness &hellip;<\/p>\n<p class=\"read-more\"> <a class=\"\" href=\"https:\/\/www.qualitester.com\/sv\/applications\/hardness-tester-pharmaceutical\/\"> <span class=\"screen-reader-text\">H\u00e5rdhetsprovare f\u00f6r l\u00e4kemedel f\u00f6r avancerad kvalitetskontroll av l\u00e4kemedel<\/span> L\u00e4s mer \"<\/a><\/p>","protected":false},"author":3,"featured_media":0,"parent":6794,"menu_order":0,"comment_status":"closed","ping_status":"closed","template":"","meta":{"site-sidebar-layout":"default","site-content-layout":"default","ast-global-header-display":"","ast-main-header-display":"","ast-hfb-above-header-display":"","ast-hfb-below-header-display":"","ast-hfb-mobile-header-display":"","site-post-title":"","ast-breadcrumbs-content":"","ast-featured-img":"","footer-sml-layout":"","theme-transparent-header-meta":"default","adv-header-id-meta":"","stick-header-meta":"","header-above-stick-meta":"","header-main-stick-meta":"","header-below-stick-meta":"","footnotes":""},"class_list":["post-7464","page","type-page","status-publish","hentry"],"_links":{"self":[{"href":"https:\/\/www.qualitester.com\/sv\/wp-json\/wp\/v2\/pages\/7464","targetHints":{"allow":["GET"]}}],"collection":[{"href":"https:\/\/www.qualitester.com\/sv\/wp-json\/wp\/v2\/pages"}],"about":[{"href":"https:\/\/www.qualitester.com\/sv\/wp-json\/wp\/v2\/types\/page"}],"author":[{"embeddable":true,"href":"https:\/\/www.qualitester.com\/sv\/wp-json\/wp\/v2\/users\/3"}],"replies":[{"embeddable":true,"href":"https:\/\/www.qualitester.com\/sv\/wp-json\/wp\/v2\/comments?post=7464"}],"version-history":[{"count":0,"href":"https:\/\/www.qualitester.com\/sv\/wp-json\/wp\/v2\/pages\/7464\/revisions"}],"up":[{"embeddable":true,"href":"https:\/\/www.qualitester.com\/sv\/wp-json\/wp\/v2\/pages\/6794"}],"wp:attachment":[{"href":"https:\/\/www.qualitester.com\/sv\/wp-json\/wp\/v2\/media?parent=7464"}],"curies":[{"name":"wp","href":"https:\/\/api.w.org\/{rel}","templated":true}]}}